{"id":9199,"date":"2025-08-07T02:52:14","date_gmt":"2025-08-07T02:52:14","guid":{"rendered":"https:\/\/lirolight.com\/?post_type=product&#038;p=9199"},"modified":"2026-01-13T01:34:00","modified_gmt":"2026-01-13T01:34:00","slug":"liro-lite-7x50w-dmx-retro-flash-lights-mini-version-cob-rgb-audio-disco-stage-dj-strobe-led-light","status":"publish","type":"product","link":"https:\/\/lirolight.com\/fr\/produit\/liro-lite-7x50w-dmx-retro-flash-lights-mini-version-cob-rgb-audio-disco-stage-dj-strobe-led-light\/","title":{"rendered":"LiRO-LITE 7X50W DMX Retro Flash Lights Mini Version COB RGB Audio Disco Stage DJ Strobe LED Light"},"content":{"rendered":"<h2 class=\"wp-block-heading\"><strong><mark style=\"background-color:#000000\" class=\"has-inline-color has-white-color\">LR-MINI P1 RGB<\/mark><\/strong><\/h2>\n\n\n\n<hr class=\"wp-block-separator has-alpha-channel-opacity\"\/>\n\n\n\n<h2 class=\"wp-block-heading\">Photos :<\/h2>\n\n\n\n<figure class=\"wp-block-image aligncenter size-full is-resized\"><img fetchpriority=\"high\" decoding=\"async\" width=\"720\" height=\"720\" src=\"https:\/\/lirolight.com\/wp-content\/uploads\/2025\/08\/7X60W-DMX-Retro-Flash-Lights-LED-Stage-Lighting-Effect-DMX512-Disco-Light-4.png\" alt=\"\" class=\"wp-image-9190\" style=\"width:900px;height:auto\" srcset=\"https:\/\/lirolight.com\/wp-content\/uploads\/2025\/08\/7X60W-DMX-Retro-Flash-Lights-LED-Stage-Lighting-Effect-DMX512-Disco-Light-4.png 720w, https:\/\/lirolight.com\/wp-content\/uploads\/2025\/08\/7X60W-DMX-Retro-Flash-Lights-LED-Stage-Lighting-Effect-DMX512-Disco-Light-4-300x300.png 300w, https:\/\/lirolight.com\/wp-content\/uploads\/2025\/08\/7X60W-DMX-Retro-Flash-Lights-LED-Stage-Lighting-Effect-DMX512-Disco-Light-4-150x150.png 150w, https:\/\/lirolight.com\/wp-content\/uploads\/2025\/08\/7X60W-DMX-Retro-Flash-Lights-LED-Stage-Lighting-Effect-DMX512-Disco-Light-4-12x12.png 12w, https:\/\/lirolight.com\/wp-content\/uploads\/2025\/08\/7X60W-DMX-Retro-Flash-Lights-LED-Stage-Lighting-Effect-DMX512-Disco-Light-4-441x441.png 441w, https:\/\/lirolight.com\/wp-content\/uploads\/2025\/08\/7X60W-DMX-Retro-Flash-Lights-LED-Stage-Lighting-Effect-DMX512-Disco-Light-4-100x100.png 100w, https:\/\/lirolight.com\/wp-content\/uploads\/2025\/08\/7X60W-DMX-Retro-Flash-Lights-LED-Stage-Lighting-Effect-DMX512-Disco-Light-4-40x40.png 40w\" sizes=\"(max-width: 720px) 100vw, 720px\" \/><\/figure>\n\n\n\n<div class=\"wp-block-columns is-layout-flex wp-container-core-columns-is-layout-28f84493 wp-block-columns-is-layout-flex\">\n<div class=\"wp-block-column is-layout-flow wp-block-column-is-layout-flow\">\n<figure class=\"wp-block-image size-full\"><img decoding=\"async\" width=\"720\" height=\"720\" data-src=\"https:\/\/lirolight.com\/wp-content\/uploads\/2025\/08\/7X60W-DMX-Retro-Flash-Lights-LED-Stage-Lighting-Effect-DMX512-Disco-Light-5.png\" alt=\"\" class=\"wp-image-9191 lazyload\" data-srcset=\"https:\/\/lirolight.com\/wp-content\/uploads\/2025\/08\/7X60W-DMX-Retro-Flash-Lights-LED-Stage-Lighting-Effect-DMX512-Disco-Light-5.png 720w, https:\/\/lirolight.com\/wp-content\/uploads\/2025\/08\/7X60W-DMX-Retro-Flash-Lights-LED-Stage-Lighting-Effect-DMX512-Disco-Light-5-300x300.png 300w, https:\/\/lirolight.com\/wp-content\/uploads\/2025\/08\/7X60W-DMX-Retro-Flash-Lights-LED-Stage-Lighting-Effect-DMX512-Disco-Light-5-150x150.png 150w, https:\/\/lirolight.com\/wp-content\/uploads\/2025\/08\/7X60W-DMX-Retro-Flash-Lights-LED-Stage-Lighting-Effect-DMX512-Disco-Light-5-12x12.png 12w, https:\/\/lirolight.com\/wp-content\/uploads\/2025\/08\/7X60W-DMX-Retro-Flash-Lights-LED-Stage-Lighting-Effect-DMX512-Disco-Light-5-441x441.png 441w, https:\/\/lirolight.com\/wp-content\/uploads\/2025\/08\/7X60W-DMX-Retro-Flash-Lights-LED-Stage-Lighting-Effect-DMX512-Disco-Light-5-100x100.png 100w, https:\/\/lirolight.com\/wp-content\/uploads\/2025\/08\/7X60W-DMX-Retro-Flash-Lights-LED-Stage-Lighting-Effect-DMX512-Disco-Light-5-40x40.png 40w\" data-sizes=\"(max-width: 720px) 100vw, 720px\" src=\"data:image\/gif;base64,R0lGODlhAQABAAAAACH5BAEKAAEALAAAAAABAAEAAAICTAEAOw==\" style=\"--smush-placeholder-width: 720px; --smush-placeholder-aspect-ratio: 720\/720;\" \/><noscript><img decoding=\"async\" width=\"720\" height=\"720\" src=\"https:\/\/lirolight.com\/wp-content\/uploads\/2025\/08\/7X60W-DMX-Retro-Flash-Lights-LED-Stage-Lighting-Effect-DMX512-Disco-Light-5.png\" alt=\"\" class=\"wp-image-9191\" srcset=\"https:\/\/lirolight.com\/wp-content\/uploads\/2025\/08\/7X60W-DMX-Retro-Flash-Lights-LED-Stage-Lighting-Effect-DMX512-Disco-Light-5.png 720w, https:\/\/lirolight.com\/wp-content\/uploads\/2025\/08\/7X60W-DMX-Retro-Flash-Lights-LED-Stage-Lighting-Effect-DMX512-Disco-Light-5-300x300.png 300w, https:\/\/lirolight.com\/wp-content\/uploads\/2025\/08\/7X60W-DMX-Retro-Flash-Lights-LED-Stage-Lighting-Effect-DMX512-Disco-Light-5-150x150.png 150w, https:\/\/lirolight.com\/wp-content\/uploads\/2025\/08\/7X60W-DMX-Retro-Flash-Lights-LED-Stage-Lighting-Effect-DMX512-Disco-Light-5-12x12.png 12w, https:\/\/lirolight.com\/wp-content\/uploads\/2025\/08\/7X60W-DMX-Retro-Flash-Lights-LED-Stage-Lighting-Effect-DMX512-Disco-Light-5-441x441.png 441w, https:\/\/lirolight.com\/wp-content\/uploads\/2025\/08\/7X60W-DMX-Retro-Flash-Lights-LED-Stage-Lighting-Effect-DMX512-Disco-Light-5-100x100.png 100w, https:\/\/lirolight.com\/wp-content\/uploads\/2025\/08\/7X60W-DMX-Retro-Flash-Lights-LED-Stage-Lighting-Effect-DMX512-Disco-Light-5-40x40.png 40w\" sizes=\"(max-width: 720px) 100vw, 720px\" \/><\/noscript><\/figure>\n<\/div>\n\n\n\n<div class=\"wp-block-column is-layout-flow wp-block-column-is-layout-flow\">\n<figure class=\"wp-block-image size-full\"><img decoding=\"async\" width=\"720\" height=\"720\" data-src=\"https:\/\/lirolight.com\/wp-content\/uploads\/2025\/08\/7X60W-DMX-Retro-Flash-Lights-LED-Stage-Lighting-Effect-DMX512-Disco-Light-3.png\" alt=\"\" class=\"wp-image-9189 lazyload\" data-srcset=\"https:\/\/lirolight.com\/wp-content\/uploads\/2025\/08\/7X60W-DMX-Retro-Flash-Lights-LED-Stage-Lighting-Effect-DMX512-Disco-Light-3.png 720w, https:\/\/lirolight.com\/wp-content\/uploads\/2025\/08\/7X60W-DMX-Retro-Flash-Lights-LED-Stage-Lighting-Effect-DMX512-Disco-Light-3-300x300.png 300w, https:\/\/lirolight.com\/wp-content\/uploads\/2025\/08\/7X60W-DMX-Retro-Flash-Lights-LED-Stage-Lighting-Effect-DMX512-Disco-Light-3-150x150.png 150w, https:\/\/lirolight.com\/wp-content\/uploads\/2025\/08\/7X60W-DMX-Retro-Flash-Lights-LED-Stage-Lighting-Effect-DMX512-Disco-Light-3-12x12.png 12w, https:\/\/lirolight.com\/wp-content\/uploads\/2025\/08\/7X60W-DMX-Retro-Flash-Lights-LED-Stage-Lighting-Effect-DMX512-Disco-Light-3-441x441.png 441w, https:\/\/lirolight.com\/wp-content\/uploads\/2025\/08\/7X60W-DMX-Retro-Flash-Lights-LED-Stage-Lighting-Effect-DMX512-Disco-Light-3-100x100.png 100w, https:\/\/lirolight.com\/wp-content\/uploads\/2025\/08\/7X60W-DMX-Retro-Flash-Lights-LED-Stage-Lighting-Effect-DMX512-Disco-Light-3-40x40.png 40w\" data-sizes=\"(max-width: 720px) 100vw, 720px\" src=\"data:image\/gif;base64,R0lGODlhAQABAAAAACH5BAEKAAEALAAAAAABAAEAAAICTAEAOw==\" style=\"--smush-placeholder-width: 720px; --smush-placeholder-aspect-ratio: 720\/720;\" \/><noscript><img decoding=\"async\" width=\"720\" height=\"720\" src=\"https:\/\/lirolight.com\/wp-content\/uploads\/2025\/08\/7X60W-DMX-Retro-Flash-Lights-LED-Stage-Lighting-Effect-DMX512-Disco-Light-3.png\" alt=\"\" class=\"wp-image-9189\" srcset=\"https:\/\/lirolight.com\/wp-content\/uploads\/2025\/08\/7X60W-DMX-Retro-Flash-Lights-LED-Stage-Lighting-Effect-DMX512-Disco-Light-3.png 720w, https:\/\/lirolight.com\/wp-content\/uploads\/2025\/08\/7X60W-DMX-Retro-Flash-Lights-LED-Stage-Lighting-Effect-DMX512-Disco-Light-3-300x300.png 300w, https:\/\/lirolight.com\/wp-content\/uploads\/2025\/08\/7X60W-DMX-Retro-Flash-Lights-LED-Stage-Lighting-Effect-DMX512-Disco-Light-3-150x150.png 150w, https:\/\/lirolight.com\/wp-content\/uploads\/2025\/08\/7X60W-DMX-Retro-Flash-Lights-LED-Stage-Lighting-Effect-DMX512-Disco-Light-3-12x12.png 12w, https:\/\/lirolight.com\/wp-content\/uploads\/2025\/08\/7X60W-DMX-Retro-Flash-Lights-LED-Stage-Lighting-Effect-DMX512-Disco-Light-3-441x441.png 441w, https:\/\/lirolight.com\/wp-content\/uploads\/2025\/08\/7X60W-DMX-Retro-Flash-Lights-LED-Stage-Lighting-Effect-DMX512-Disco-Light-3-100x100.png 100w, https:\/\/lirolight.com\/wp-content\/uploads\/2025\/08\/7X60W-DMX-Retro-Flash-Lights-LED-Stage-Lighting-Effect-DMX512-Disco-Light-3-40x40.png 40w\" sizes=\"(max-width: 720px) 100vw, 720px\" \/><\/noscript><\/figure>\n<\/div>\n<\/div>\n\n\n\n<h2 class=\"wp-block-heading\">Sp\u00e9cification :<\/h2>\n\n\n\n<p>Introduction des param\u00e8tres du produit :<br>Puissance d'entr\u00e9e : AC90V-240V<br>Fr\u00e9quence d'alimentation : 50\/60Hz<br>Puissance : 350W<br>M\u00e9thode de dissipation de la chaleur : conduction de la chaleur par le m\u00e9tal<br>Temp\u00e9rature ambiante maximale de fonctionnement : 45\u00b0C<br>Nombre de perles de lampe : 7 ampoules 50W haute luminosit\u00e9 + 63 ampoules LED trois-en-un<br>Type de perle de lampe : Perle de lampe RVB trois-en-un + perle de lampe int\u00e9gr\u00e9e<br>Strobe : 1-25 fois\/seconde<br>Nombre de canaux de contr\u00f4le DMX : 8CH+32CH<br>Connecteur DMX : XLR 3 broches<br>Mode de fonctionnement : DMX\/Auto\/Contr\u00f4le vocal<br>Mode d'affichage : Tube num\u00e9rique LED<\/p>\n\n\n\n<h2 class=\"wp-block-heading\"><strong>Param\u00e8tre :<\/strong><\/h2>\n\n\n\n<figure class=\"wp-block-table\"><table class=\"has-fixed-layout\"><tbody><tr><td>Puissance<\/td><td>350W<\/td><\/tr><tr><td>M\u00e9thode de dissipation de la chaleur<\/td><td>conduction thermique du m\u00e9tal<\/td><\/tr><tr><td>Temp\u00e9rature ambiante maximale de fonctionnement<\/td><td>45\u00b0C<\/td><\/tr><tr><td>Nombre de perles lumineuses<\/td><td>7 perles de lampe 50W haute luminosit\u00e9 + 63 perles de lampe LED trois-en-un<\/td><\/tr><tr><td>type de perle lumineuse<\/td><td>Perle lumineuse RVB trois en un + perle lumineuse int\u00e9gr\u00e9e<\/td><\/tr><tr><td>Strobe<\/td><td>1-25 fois\/seconde<\/td><\/tr><tr><td>Nombre de canaux de contr\u00f4le DMX<\/td><td>8CH+32CH<\/td><\/tr><tr><td>Connecteur DMX<\/td><td>3Pin XLR<br><\/td><\/tr><\/tbody><\/table><\/figure>\n\n\n\n<hr class=\"wp-block-separator has-alpha-channel-opacity\"\/>\n\n\n\n<h2 class=\"wp-block-heading\">Heure du spectacle :<\/h2>\n\n\n\n<figure class=\"wp-block-image alignwide size-large\"><img loading=\"lazy\" decoding=\"async\" width=\"1024\" height=\"576\" data-src=\"https:\/\/lirolight.com\/wp-content\/uploads\/2025\/08\/7X60W-DMX-Retro-Flash-Lights-LED-Stage-Lighting-Effect-DMX512-Disco-Light-11-1024x576.jpg\" alt=\"\" class=\"wp-image-9205 lazyload\" data-srcset=\"https:\/\/lirolight.com\/wp-content\/uploads\/2025\/08\/7X60W-DMX-Retro-Flash-Lights-LED-Stage-Lighting-Effect-DMX512-Disco-Light-11-1024x576.jpg 1024w, https:\/\/lirolight.com\/wp-content\/uploads\/2025\/08\/7X60W-DMX-Retro-Flash-Lights-LED-Stage-Lighting-Effect-DMX512-Disco-Light-11-300x169.jpg 300w, https:\/\/lirolight.com\/wp-content\/uploads\/2025\/08\/7X60W-DMX-Retro-Flash-Lights-LED-Stage-Lighting-Effect-DMX512-Disco-Light-11-768x432.jpg 768w, https:\/\/lirolight.com\/wp-content\/uploads\/2025\/08\/7X60W-DMX-Retro-Flash-Lights-LED-Stage-Lighting-Effect-DMX512-Disco-Light-11-1536x864.jpg 1536w, https:\/\/lirolight.com\/wp-content\/uploads\/2025\/08\/7X60W-DMX-Retro-Flash-Lights-LED-Stage-Lighting-Effect-DMX512-Disco-Light-11-2048x1152.jpg 2048w, https:\/\/lirolight.com\/wp-content\/uploads\/2025\/08\/7X60W-DMX-Retro-Flash-Lights-LED-Stage-Lighting-Effect-DMX512-Disco-Light-11-18x10.jpg 18w, https:\/\/lirolight.com\/wp-content\/uploads\/2025\/08\/7X60W-DMX-Retro-Flash-Lights-LED-Stage-Lighting-Effect-DMX512-Disco-Light-11-990x557.jpg 990w, https:\/\/lirolight.com\/wp-content\/uploads\/2025\/08\/7X60W-DMX-Retro-Flash-Lights-LED-Stage-Lighting-Effect-DMX512-Disco-Light-11-441x248.jpg 441w, https:\/\/lirolight.com\/wp-content\/uploads\/2025\/08\/7X60W-DMX-Retro-Flash-Lights-LED-Stage-Lighting-Effect-DMX512-Disco-Light-11-800x450.jpg 800w, https:\/\/lirolight.com\/wp-content\/uploads\/2025\/08\/7X60W-DMX-Retro-Flash-Lights-LED-Stage-Lighting-Effect-DMX512-Disco-Light-11-150x84.jpg 150w, https:\/\/lirolight.com\/wp-content\/uploads\/2025\/08\/7X60W-DMX-Retro-Flash-Lights-LED-Stage-Lighting-Effect-DMX512-Disco-Light-11-60x34.jpg 60w\" data-sizes=\"(max-width: 1024px) 100vw, 1024px\" src=\"data:image\/gif;base64,R0lGODlhAQABAAAAACH5BAEKAAEALAAAAAABAAEAAAICTAEAOw==\" style=\"--smush-placeholder-width: 1024px; --smush-placeholder-aspect-ratio: 1024\/576;\" \/><noscript><img loading=\"lazy\" decoding=\"async\" width=\"1024\" height=\"576\" src=\"https:\/\/lirolight.com\/wp-content\/uploads\/2025\/08\/7X60W-DMX-Retro-Flash-Lights-LED-Stage-Lighting-Effect-DMX512-Disco-Light-11-1024x576.jpg\" alt=\"\" class=\"wp-image-9205\" srcset=\"https:\/\/lirolight.com\/wp-content\/uploads\/2025\/08\/7X60W-DMX-Retro-Flash-Lights-LED-Stage-Lighting-Effect-DMX512-Disco-Light-11-1024x576.jpg 1024w, https:\/\/lirolight.com\/wp-content\/uploads\/2025\/08\/7X60W-DMX-Retro-Flash-Lights-LED-Stage-Lighting-Effect-DMX512-Disco-Light-11-300x169.jpg 300w, https:\/\/lirolight.com\/wp-content\/uploads\/2025\/08\/7X60W-DMX-Retro-Flash-Lights-LED-Stage-Lighting-Effect-DMX512-Disco-Light-11-768x432.jpg 768w, https:\/\/lirolight.com\/wp-content\/uploads\/2025\/08\/7X60W-DMX-Retro-Flash-Lights-LED-Stage-Lighting-Effect-DMX512-Disco-Light-11-1536x864.jpg 1536w, https:\/\/lirolight.com\/wp-content\/uploads\/2025\/08\/7X60W-DMX-Retro-Flash-Lights-LED-Stage-Lighting-Effect-DMX512-Disco-Light-11-2048x1152.jpg 2048w, https:\/\/lirolight.com\/wp-content\/uploads\/2025\/08\/7X60W-DMX-Retro-Flash-Lights-LED-Stage-Lighting-Effect-DMX512-Disco-Light-11-18x10.jpg 18w, https:\/\/lirolight.com\/wp-content\/uploads\/2025\/08\/7X60W-DMX-Retro-Flash-Lights-LED-Stage-Lighting-Effect-DMX512-Disco-Light-11-990x557.jpg 990w, https:\/\/lirolight.com\/wp-content\/uploads\/2025\/08\/7X60W-DMX-Retro-Flash-Lights-LED-Stage-Lighting-Effect-DMX512-Disco-Light-11-441x248.jpg 441w, https:\/\/lirolight.com\/wp-content\/uploads\/2025\/08\/7X60W-DMX-Retro-Flash-Lights-LED-Stage-Lighting-Effect-DMX512-Disco-Light-11-800x450.jpg 800w, https:\/\/lirolight.com\/wp-content\/uploads\/2025\/08\/7X60W-DMX-Retro-Flash-Lights-LED-Stage-Lighting-Effect-DMX512-Disco-Light-11-150x84.jpg 150w, https:\/\/lirolight.com\/wp-content\/uploads\/2025\/08\/7X60W-DMX-Retro-Flash-Lights-LED-Stage-Lighting-Effect-DMX512-Disco-Light-11-60x34.jpg 60w\" sizes=\"(max-width: 1024px) 100vw, 1024px\" \/><\/noscript><\/figure>\n\n\n\n<figure class=\"wp-block-image alignwide size-full\"><img loading=\"lazy\" decoding=\"async\" width=\"2560\" height=\"1440\" data-src=\"https:\/\/lirolight.com\/wp-content\/uploads\/2025\/08\/7X60W-DMX-Retro-Flash-Lights-LED-Stage-Lighting-Effect-DMX512-Disco-Light-12-scaled.jpg\" alt=\"\" class=\"wp-image-9206 lazyload\" data-srcset=\"https:\/\/lirolight.com\/wp-content\/uploads\/2025\/08\/7X60W-DMX-Retro-Flash-Lights-LED-Stage-Lighting-Effect-DMX512-Disco-Light-12-scaled.jpg 2560w, https:\/\/lirolight.com\/wp-content\/uploads\/2025\/08\/7X60W-DMX-Retro-Flash-Lights-LED-Stage-Lighting-Effect-DMX512-Disco-Light-12-300x169.jpg 300w, https:\/\/lirolight.com\/wp-content\/uploads\/2025\/08\/7X60W-DMX-Retro-Flash-Lights-LED-Stage-Lighting-Effect-DMX512-Disco-Light-12-1024x576.jpg 1024w, https:\/\/lirolight.com\/wp-content\/uploads\/2025\/08\/7X60W-DMX-Retro-Flash-Lights-LED-Stage-Lighting-Effect-DMX512-Disco-Light-12-768x432.jpg 768w, https:\/\/lirolight.com\/wp-content\/uploads\/2025\/08\/7X60W-DMX-Retro-Flash-Lights-LED-Stage-Lighting-Effect-DMX512-Disco-Light-12-1536x864.jpg 1536w, https:\/\/lirolight.com\/wp-content\/uploads\/2025\/08\/7X60W-DMX-Retro-Flash-Lights-LED-Stage-Lighting-Effect-DMX512-Disco-Light-12-2048x1152.jpg 2048w, https:\/\/lirolight.com\/wp-content\/uploads\/2025\/08\/7X60W-DMX-Retro-Flash-Lights-LED-Stage-Lighting-Effect-DMX512-Disco-Light-12-18x10.jpg 18w, https:\/\/lirolight.com\/wp-content\/uploads\/2025\/08\/7X60W-DMX-Retro-Flash-Lights-LED-Stage-Lighting-Effect-DMX512-Disco-Light-12-990x557.jpg 990w, https:\/\/lirolight.com\/wp-content\/uploads\/2025\/08\/7X60W-DMX-Retro-Flash-Lights-LED-Stage-Lighting-Effect-DMX512-Disco-Light-12-441x248.jpg 441w, https:\/\/lirolight.com\/wp-content\/uploads\/2025\/08\/7X60W-DMX-Retro-Flash-Lights-LED-Stage-Lighting-Effect-DMX512-Disco-Light-12-800x450.jpg 800w, https:\/\/lirolight.com\/wp-content\/uploads\/2025\/08\/7X60W-DMX-Retro-Flash-Lights-LED-Stage-Lighting-Effect-DMX512-Disco-Light-12-150x84.jpg 150w, https:\/\/lirolight.com\/wp-content\/uploads\/2025\/08\/7X60W-DMX-Retro-Flash-Lights-LED-Stage-Lighting-Effect-DMX512-Disco-Light-12-60x34.jpg 60w\" data-sizes=\"(max-width: 2560px) 100vw, 2560px\" src=\"data:image\/gif;base64,R0lGODlhAQABAAAAACH5BAEKAAEALAAAAAABAAEAAAICTAEAOw==\" style=\"--smush-placeholder-width: 2560px; --smush-placeholder-aspect-ratio: 2560\/1440;\" \/><noscript><img loading=\"lazy\" decoding=\"async\" width=\"2560\" height=\"1440\" src=\"https:\/\/lirolight.com\/wp-content\/uploads\/2025\/08\/7X60W-DMX-Retro-Flash-Lights-LED-Stage-Lighting-Effect-DMX512-Disco-Light-12-scaled.jpg\" alt=\"\" class=\"wp-image-9206\" srcset=\"https:\/\/lirolight.com\/wp-content\/uploads\/2025\/08\/7X60W-DMX-Retro-Flash-Lights-LED-Stage-Lighting-Effect-DMX512-Disco-Light-12-scaled.jpg 2560w, https:\/\/lirolight.com\/wp-content\/uploads\/2025\/08\/7X60W-DMX-Retro-Flash-Lights-LED-Stage-Lighting-Effect-DMX512-Disco-Light-12-300x169.jpg 300w, https:\/\/lirolight.com\/wp-content\/uploads\/2025\/08\/7X60W-DMX-Retro-Flash-Lights-LED-Stage-Lighting-Effect-DMX512-Disco-Light-12-1024x576.jpg 1024w, https:\/\/lirolight.com\/wp-content\/uploads\/2025\/08\/7X60W-DMX-Retro-Flash-Lights-LED-Stage-Lighting-Effect-DMX512-Disco-Light-12-768x432.jpg 768w, https:\/\/lirolight.com\/wp-content\/uploads\/2025\/08\/7X60W-DMX-Retro-Flash-Lights-LED-Stage-Lighting-Effect-DMX512-Disco-Light-12-1536x864.jpg 1536w, https:\/\/lirolight.com\/wp-content\/uploads\/2025\/08\/7X60W-DMX-Retro-Flash-Lights-LED-Stage-Lighting-Effect-DMX512-Disco-Light-12-2048x1152.jpg 2048w, https:\/\/lirolight.com\/wp-content\/uploads\/2025\/08\/7X60W-DMX-Retro-Flash-Lights-LED-Stage-Lighting-Effect-DMX512-Disco-Light-12-18x10.jpg 18w, https:\/\/lirolight.com\/wp-content\/uploads\/2025\/08\/7X60W-DMX-Retro-Flash-Lights-LED-Stage-Lighting-Effect-DMX512-Disco-Light-12-990x557.jpg 990w, https:\/\/lirolight.com\/wp-content\/uploads\/2025\/08\/7X60W-DMX-Retro-Flash-Lights-LED-Stage-Lighting-Effect-DMX512-Disco-Light-12-441x248.jpg 441w, https:\/\/lirolight.com\/wp-content\/uploads\/2025\/08\/7X60W-DMX-Retro-Flash-Lights-LED-Stage-Lighting-Effect-DMX512-Disco-Light-12-800x450.jpg 800w, https:\/\/lirolight.com\/wp-content\/uploads\/2025\/08\/7X60W-DMX-Retro-Flash-Lights-LED-Stage-Lighting-Effect-DMX512-Disco-Light-12-150x84.jpg 150w, https:\/\/lirolight.com\/wp-content\/uploads\/2025\/08\/7X60W-DMX-Retro-Flash-Lights-LED-Stage-Lighting-Effect-DMX512-Disco-Light-12-60x34.jpg 60w\" sizes=\"(max-width: 2560px) 100vw, 2560px\" \/><\/noscript><\/figure>","protected":false},"excerpt":{"rendered":"<div class=\"QFw9Te BLojaf\">\n<div class=\"hlJJmd\">\n<div class=\"Bmcqed\" dir=\"ltr\">\n<div data-id=\"kvLWu\">\u00c9quip\u00e9e de sept LED COB (Chip On Board) de 50w, cette lampe d\u00e9livre une puissance impressionnante pour des couleurs vibrantes et satur\u00e9es.<br \/>La prise en charge d'un spectre complet de couleurs RVB permet d'obtenir une large gamme d'effets de couleurs dynamiques adapt\u00e9s \u00e0 diff\u00e9rents th\u00e8mes et ambiances.<\/div>\n<\/div>\n<\/div>\n<\/div>\n<blockquote><p>\u00a0<\/p><\/blockquote>\n<p>&nbsp;<\/p>","protected":false},"featured_media":9188,"comment_status":"open","ping_status":"closed","template":"","meta":[],"product_brand":[],"product_cat":[86],"product_tag":[271,270,268,269],"class_list":{"0":"post-9199","1":"product","2":"type-product","3":"status-publish","4":"has-post-thumbnail","6":"product_cat-led-retro-light","7":"product_tag-pixel-strobe-stage-lighting","8":"product_tag-retro-led-strobe-light","9":"product_tag-retro-stage-light","10":"product_tag-retro-stage-strobe-light","12":"first","13":"instock","14":"shipping-taxable","15":"product-type-simple"},"_links":{"self":[{"href":"https:\/\/lirolight.com\/fr\/wp-json\/wp\/v2\/product\/9199","targetHints":{"allow":["GET"]}}],"collection":[{"href":"https:\/\/lirolight.com\/fr\/wp-json\/wp\/v2\/product"}],"about":[{"href":"https:\/\/lirolight.com\/fr\/wp-json\/wp\/v2\/types\/product"}],"replies":[{"embeddable":true,"href":"https:\/\/lirolight.com\/fr\/wp-json\/wp\/v2\/comments?post=9199"}],"version-history":[{"count":6,"href":"https:\/\/lirolight.com\/fr\/wp-json\/wp\/v2\/product\/9199\/revisions"}],"predecessor-version":[{"id":10505,"href":"https:\/\/lirolight.com\/fr\/wp-json\/wp\/v2\/product\/9199\/revisions\/10505"}],"wp:featuredmedia":[{"embeddable":true,"href":"https:\/\/lirolight.com\/fr\/wp-json\/wp\/v2\/media\/9188"}],"wp:attachment":[{"href":"https:\/\/lirolight.com\/fr\/wp-json\/wp\/v2\/media?parent=9199"}],"wp:term":[{"taxonomy":"product_brand","embeddable":true,"href":"https:\/\/lirolight.com\/fr\/wp-json\/wp\/v2\/product_brand?post=9199"},{"taxonomy":"product_cat","embeddable":true,"href":"https:\/\/lirolight.com\/fr\/wp-json\/wp\/v2\/product_cat?post=9199"},{"taxonomy":"product_tag","embeddable":true,"href":"https:\/\/lirolight.com\/fr\/wp-json\/wp\/v2\/product_tag?post=9199"}],"curies":[{"name":"wp","href":"https:\/\/api.w.org\/{rel}","templated":true}]}}