{"id":9283,"date":"2025-08-12T06:47:22","date_gmt":"2025-08-12T06:47:22","guid":{"rendered":"https:\/\/lirolight.com\/?post_type=product&#038;p=9283"},"modified":"2026-01-12T08:26:18","modified_gmt":"2026-01-12T08:26:18","slug":"liro-lite-6x100w-cob-retro-light-led-hexaline-bar-light-led-flash-strobe-stage-light-with-rgb-auxiliary-light-backlight","status":"publish","type":"product","link":"https:\/\/lirolight.com\/fr\/produit\/liro-lite-6x100w-cob-retro-light-led-hexaline-bar-light-led-flash-strobe-stage-light-with-rgb-auxiliary-light-backlight\/","title":{"rendered":"LiRO-LITE 6x100W COB Retro Light LED Hexaline Bar Light Led Flash Strobe Stage Light with RGB Auxiliary Light Backlight"},"content":{"rendered":"<h2 class=\"wp-block-heading\"><strong><mark style=\"background-color:#000000\" class=\"has-inline-color has-white-color\">LR-P2 RGB<\/mark><\/strong><\/h2>\n\n\n\n<hr class=\"wp-block-separator has-alpha-channel-opacity\"\/>\n\n\n\n<h2 class=\"wp-block-heading\">Photos :<\/h2>\n\n\n\n<figure class=\"wp-block-image aligncenter size-full\"><img fetchpriority=\"high\" decoding=\"async\" width=\"960\" height=\"960\" src=\"https:\/\/lirolight.com\/wp-content\/uploads\/2025\/08\/LiRO-LITE-6x100W-COB-Retro-Light-LED-Hexaline-Bar-Light-Led-Strobe-Stage-Light-with-RGB-Auxiliary-Light-Backlight-5.png\" alt=\"\" class=\"wp-image-9291\" srcset=\"https:\/\/lirolight.com\/wp-content\/uploads\/2025\/08\/LiRO-LITE-6x100W-COB-Retro-Light-LED-Hexaline-Bar-Light-Led-Strobe-Stage-Light-with-RGB-Auxiliary-Light-Backlight-5.png 960w, https:\/\/lirolight.com\/wp-content\/uploads\/2025\/08\/LiRO-LITE-6x100W-COB-Retro-Light-LED-Hexaline-Bar-Light-Led-Strobe-Stage-Light-with-RGB-Auxiliary-Light-Backlight-5-300x300.png 300w, https:\/\/lirolight.com\/wp-content\/uploads\/2025\/08\/LiRO-LITE-6x100W-COB-Retro-Light-LED-Hexaline-Bar-Light-Led-Strobe-Stage-Light-with-RGB-Auxiliary-Light-Backlight-5-150x150.png 150w, https:\/\/lirolight.com\/wp-content\/uploads\/2025\/08\/LiRO-LITE-6x100W-COB-Retro-Light-LED-Hexaline-Bar-Light-Led-Strobe-Stage-Light-with-RGB-Auxiliary-Light-Backlight-5-768x768.png 768w, https:\/\/lirolight.com\/wp-content\/uploads\/2025\/08\/LiRO-LITE-6x100W-COB-Retro-Light-LED-Hexaline-Bar-Light-Led-Strobe-Stage-Light-with-RGB-Auxiliary-Light-Backlight-5-12x12.png 12w, https:\/\/lirolight.com\/wp-content\/uploads\/2025\/08\/LiRO-LITE-6x100W-COB-Retro-Light-LED-Hexaline-Bar-Light-Led-Strobe-Stage-Light-with-RGB-Auxiliary-Light-Backlight-5-441x441.png 441w, https:\/\/lirolight.com\/wp-content\/uploads\/2025\/08\/LiRO-LITE-6x100W-COB-Retro-Light-LED-Hexaline-Bar-Light-Led-Strobe-Stage-Light-with-RGB-Auxiliary-Light-Backlight-5-100x100.png 100w, https:\/\/lirolight.com\/wp-content\/uploads\/2025\/08\/LiRO-LITE-6x100W-COB-Retro-Light-LED-Hexaline-Bar-Light-Led-Strobe-Stage-Light-with-RGB-Auxiliary-Light-Backlight-5-800x800.png 800w, https:\/\/lirolight.com\/wp-content\/uploads\/2025\/08\/LiRO-LITE-6x100W-COB-Retro-Light-LED-Hexaline-Bar-Light-Led-Strobe-Stage-Light-with-RGB-Auxiliary-Light-Backlight-5-40x40.png 40w\" sizes=\"(max-width: 960px) 100vw, 960px\" \/><\/figure>\n\n\n\n<figure class=\"wp-block-image aligncenter size-full\"><img decoding=\"async\" width=\"2429\" height=\"1822\" data-src=\"https:\/\/lirolight.com\/wp-content\/uploads\/2025\/08\/LiRO-LITE-6x100W-COB-Retro-Light-LED-Hexaline-Bar-Light-Led-Strobe-Stage-Light-with-RGB-Auxiliary-Light-Backlight-7.jpg\" alt=\"\" class=\"wp-image-9293 lazyload\" data-srcset=\"https:\/\/lirolight.com\/wp-content\/uploads\/2025\/08\/LiRO-LITE-6x100W-COB-Retro-Light-LED-Hexaline-Bar-Light-Led-Strobe-Stage-Light-with-RGB-Auxiliary-Light-Backlight-7.jpg 2429w, https:\/\/lirolight.com\/wp-content\/uploads\/2025\/08\/LiRO-LITE-6x100W-COB-Retro-Light-LED-Hexaline-Bar-Light-Led-Strobe-Stage-Light-with-RGB-Auxiliary-Light-Backlight-7-300x225.jpg 300w, https:\/\/lirolight.com\/wp-content\/uploads\/2025\/08\/LiRO-LITE-6x100W-COB-Retro-Light-LED-Hexaline-Bar-Light-Led-Strobe-Stage-Light-with-RGB-Auxiliary-Light-Backlight-7-1024x768.jpg 1024w, https:\/\/lirolight.com\/wp-content\/uploads\/2025\/08\/LiRO-LITE-6x100W-COB-Retro-Light-LED-Hexaline-Bar-Light-Led-Strobe-Stage-Light-with-RGB-Auxiliary-Light-Backlight-7-768x576.jpg 768w, https:\/\/lirolight.com\/wp-content\/uploads\/2025\/08\/LiRO-LITE-6x100W-COB-Retro-Light-LED-Hexaline-Bar-Light-Led-Strobe-Stage-Light-with-RGB-Auxiliary-Light-Backlight-7-1536x1152.jpg 1536w, https:\/\/lirolight.com\/wp-content\/uploads\/2025\/08\/LiRO-LITE-6x100W-COB-Retro-Light-LED-Hexaline-Bar-Light-Led-Strobe-Stage-Light-with-RGB-Auxiliary-Light-Backlight-7-2048x1536.jpg 2048w, https:\/\/lirolight.com\/wp-content\/uploads\/2025\/08\/LiRO-LITE-6x100W-COB-Retro-Light-LED-Hexaline-Bar-Light-Led-Strobe-Stage-Light-with-RGB-Auxiliary-Light-Backlight-7-16x12.jpg 16w, https:\/\/lirolight.com\/wp-content\/uploads\/2025\/08\/LiRO-LITE-6x100W-COB-Retro-Light-LED-Hexaline-Bar-Light-Led-Strobe-Stage-Light-with-RGB-Auxiliary-Light-Backlight-7-990x743.jpg 990w, https:\/\/lirolight.com\/wp-content\/uploads\/2025\/08\/LiRO-LITE-6x100W-COB-Retro-Light-LED-Hexaline-Bar-Light-Led-Strobe-Stage-Light-with-RGB-Auxiliary-Light-Backlight-7-441x331.jpg 441w, https:\/\/lirolight.com\/wp-content\/uploads\/2025\/08\/LiRO-LITE-6x100W-COB-Retro-Light-LED-Hexaline-Bar-Light-Led-Strobe-Stage-Light-with-RGB-Auxiliary-Light-Backlight-7-800x600.jpg 800w, https:\/\/lirolight.com\/wp-content\/uploads\/2025\/08\/LiRO-LITE-6x100W-COB-Retro-Light-LED-Hexaline-Bar-Light-Led-Strobe-Stage-Light-with-RGB-Auxiliary-Light-Backlight-7-150x113.jpg 150w, https:\/\/lirolight.com\/wp-content\/uploads\/2025\/08\/LiRO-LITE-6x100W-COB-Retro-Light-LED-Hexaline-Bar-Light-Led-Strobe-Stage-Light-with-RGB-Auxiliary-Light-Backlight-7-53x40.jpg 53w\" data-sizes=\"(max-width: 2429px) 100vw, 2429px\" src=\"data:image\/gif;base64,R0lGODlhAQABAAAAACH5BAEKAAEALAAAAAABAAEAAAICTAEAOw==\" style=\"--smush-placeholder-width: 2429px; --smush-placeholder-aspect-ratio: 2429\/1822;\" \/><noscript><img decoding=\"async\" width=\"2429\" height=\"1822\" src=\"https:\/\/lirolight.com\/wp-content\/uploads\/2025\/08\/LiRO-LITE-6x100W-COB-Retro-Light-LED-Hexaline-Bar-Light-Led-Strobe-Stage-Light-with-RGB-Auxiliary-Light-Backlight-7.jpg\" alt=\"\" class=\"wp-image-9293\" srcset=\"https:\/\/lirolight.com\/wp-content\/uploads\/2025\/08\/LiRO-LITE-6x100W-COB-Retro-Light-LED-Hexaline-Bar-Light-Led-Strobe-Stage-Light-with-RGB-Auxiliary-Light-Backlight-7.jpg 2429w, https:\/\/lirolight.com\/wp-content\/uploads\/2025\/08\/LiRO-LITE-6x100W-COB-Retro-Light-LED-Hexaline-Bar-Light-Led-Strobe-Stage-Light-with-RGB-Auxiliary-Light-Backlight-7-300x225.jpg 300w, https:\/\/lirolight.com\/wp-content\/uploads\/2025\/08\/LiRO-LITE-6x100W-COB-Retro-Light-LED-Hexaline-Bar-Light-Led-Strobe-Stage-Light-with-RGB-Auxiliary-Light-Backlight-7-1024x768.jpg 1024w, https:\/\/lirolight.com\/wp-content\/uploads\/2025\/08\/LiRO-LITE-6x100W-COB-Retro-Light-LED-Hexaline-Bar-Light-Led-Strobe-Stage-Light-with-RGB-Auxiliary-Light-Backlight-7-768x576.jpg 768w, https:\/\/lirolight.com\/wp-content\/uploads\/2025\/08\/LiRO-LITE-6x100W-COB-Retro-Light-LED-Hexaline-Bar-Light-Led-Strobe-Stage-Light-with-RGB-Auxiliary-Light-Backlight-7-1536x1152.jpg 1536w, https:\/\/lirolight.com\/wp-content\/uploads\/2025\/08\/LiRO-LITE-6x100W-COB-Retro-Light-LED-Hexaline-Bar-Light-Led-Strobe-Stage-Light-with-RGB-Auxiliary-Light-Backlight-7-2048x1536.jpg 2048w, https:\/\/lirolight.com\/wp-content\/uploads\/2025\/08\/LiRO-LITE-6x100W-COB-Retro-Light-LED-Hexaline-Bar-Light-Led-Strobe-Stage-Light-with-RGB-Auxiliary-Light-Backlight-7-16x12.jpg 16w, https:\/\/lirolight.com\/wp-content\/uploads\/2025\/08\/LiRO-LITE-6x100W-COB-Retro-Light-LED-Hexaline-Bar-Light-Led-Strobe-Stage-Light-with-RGB-Auxiliary-Light-Backlight-7-990x743.jpg 990w, https:\/\/lirolight.com\/wp-content\/uploads\/2025\/08\/LiRO-LITE-6x100W-COB-Retro-Light-LED-Hexaline-Bar-Light-Led-Strobe-Stage-Light-with-RGB-Auxiliary-Light-Backlight-7-441x331.jpg 441w, https:\/\/lirolight.com\/wp-content\/uploads\/2025\/08\/LiRO-LITE-6x100W-COB-Retro-Light-LED-Hexaline-Bar-Light-Led-Strobe-Stage-Light-with-RGB-Auxiliary-Light-Backlight-7-800x600.jpg 800w, https:\/\/lirolight.com\/wp-content\/uploads\/2025\/08\/LiRO-LITE-6x100W-COB-Retro-Light-LED-Hexaline-Bar-Light-Led-Strobe-Stage-Light-with-RGB-Auxiliary-Light-Backlight-7-150x113.jpg 150w, https:\/\/lirolight.com\/wp-content\/uploads\/2025\/08\/LiRO-LITE-6x100W-COB-Retro-Light-LED-Hexaline-Bar-Light-Led-Strobe-Stage-Light-with-RGB-Auxiliary-Light-Backlight-7-53x40.jpg 53w\" sizes=\"(max-width: 2429px) 100vw, 2429px\" \/><\/noscript><\/figure>\n\n\n\n<h2 class=\"wp-block-heading\">Sp\u00e9cification :<\/h2>\n\n\n\n<p>Tension : AC100-240V, 50\/60HZ<br>Puissance : 600W<br>Source lumineuse : 6*100w LED lumineuses+144 LED RVB 3IN1<br>Dur\u00e9e de vie de la source lumineuse : 100 000 heures<br>Temp\u00e9rature de couleur : 3200K-5600K<br>Fonction : chaque perle de la lampe COB peut \u00eatre contr\u00f4l\u00e9e individuellement<br>Programmes int\u00e9gr\u00e9s : effets de couleur, gradation, effets stroboscopiques et effets de poursuite<br>Gradation : 0-100% r\u00e9glage lin\u00e9aire<br>Strobe : 0-20 fois\/sec<br>Canal DMX : 3\/5\/10 canaux en option<br>Mode de contr\u00f4le : DMX512, contr\u00f4le ma\u00eetre-esclave, autopropuls\u00e9, mode de contr\u00f4le vocal<br>Niveau de protection : IP20<\/p>\n\n\n\n<h2 class=\"wp-block-heading\"><strong>Param\u00e8tre :<\/strong><\/h2>\n\n\n\n<figure class=\"wp-block-table\"><table class=\"has-fixed-layout\"><tbody><tr><td>Puissance<\/td><td>600W<\/td><\/tr><tr><td>Nombre de perles lumineuses<\/td><td>6*100w LED lumineuses+144 LED RVB 3IN1<\/td><\/tr><tr><td>type de perle lumineuse<\/td><td>Perle lumineuse RVB trois en un + perle lumineuse int\u00e9gr\u00e9e<\/td><\/tr><tr><td>Strobe<\/td><td>0-20 fois\/sec<\/td><\/tr><tr><td>Nombre de canaux de contr\u00f4le DMX<\/td><td>3\/5\/10 canaux en option<\/td><\/tr><tr><td>Connecteur DMX<\/td><td>3Pin XLR<\/td><\/tr><\/tbody><\/table><\/figure>\n\n\n\n<div class=\"wp-block-columns is-layout-flex wp-container-core-columns-is-layout-28f84493 wp-block-columns-is-layout-flex\">\n<div class=\"wp-block-column is-layout-flow wp-block-column-is-layout-flow\">\n<h2 class=\"wp-block-heading\">Heure du spectacle :<\/h2>\n<\/div>\n<\/div>\n\n\n\n<figure class=\"wp-block-image aligncenter size-full\"><img decoding=\"async\" width=\"800\" height=\"600\" data-src=\"https:\/\/lirolight.com\/wp-content\/uploads\/2025\/08\/LiRO-LITE-6x100W-COB-Retro-Light-LED-Hexaline-Bar-Light-Led-Strobe-Stage-Light-with-RGB-Auxiliary-Light-Backlight-x3.png\" alt=\"\" class=\"wp-image-9285 lazyload\" data-srcset=\"https:\/\/lirolight.com\/wp-content\/uploads\/2025\/08\/LiRO-LITE-6x100W-COB-Retro-Light-LED-Hexaline-Bar-Light-Led-Strobe-Stage-Light-with-RGB-Auxiliary-Light-Backlight-x3.png 800w, https:\/\/lirolight.com\/wp-content\/uploads\/2025\/08\/LiRO-LITE-6x100W-COB-Retro-Light-LED-Hexaline-Bar-Light-Led-Strobe-Stage-Light-with-RGB-Auxiliary-Light-Backlight-x3-300x225.png 300w, https:\/\/lirolight.com\/wp-content\/uploads\/2025\/08\/LiRO-LITE-6x100W-COB-Retro-Light-LED-Hexaline-Bar-Light-Led-Strobe-Stage-Light-with-RGB-Auxiliary-Light-Backlight-x3-768x576.png 768w, https:\/\/lirolight.com\/wp-content\/uploads\/2025\/08\/LiRO-LITE-6x100W-COB-Retro-Light-LED-Hexaline-Bar-Light-Led-Strobe-Stage-Light-with-RGB-Auxiliary-Light-Backlight-x3-16x12.png 16w, https:\/\/lirolight.com\/wp-content\/uploads\/2025\/08\/LiRO-LITE-6x100W-COB-Retro-Light-LED-Hexaline-Bar-Light-Led-Strobe-Stage-Light-with-RGB-Auxiliary-Light-Backlight-x3-441x331.png 441w, https:\/\/lirolight.com\/wp-content\/uploads\/2025\/08\/LiRO-LITE-6x100W-COB-Retro-Light-LED-Hexaline-Bar-Light-Led-Strobe-Stage-Light-with-RGB-Auxiliary-Light-Backlight-x3-150x113.png 150w, https:\/\/lirolight.com\/wp-content\/uploads\/2025\/08\/LiRO-LITE-6x100W-COB-Retro-Light-LED-Hexaline-Bar-Light-Led-Strobe-Stage-Light-with-RGB-Auxiliary-Light-Backlight-x3-53x40.png 53w\" data-sizes=\"(max-width: 800px) 100vw, 800px\" src=\"data:image\/gif;base64,R0lGODlhAQABAAAAACH5BAEKAAEALAAAAAABAAEAAAICTAEAOw==\" style=\"--smush-placeholder-width: 800px; --smush-placeholder-aspect-ratio: 800\/600;\" \/><noscript><img decoding=\"async\" width=\"800\" height=\"600\" src=\"https:\/\/lirolight.com\/wp-content\/uploads\/2025\/08\/LiRO-LITE-6x100W-COB-Retro-Light-LED-Hexaline-Bar-Light-Led-Strobe-Stage-Light-with-RGB-Auxiliary-Light-Backlight-x3.png\" alt=\"\" class=\"wp-image-9285\" srcset=\"https:\/\/lirolight.com\/wp-content\/uploads\/2025\/08\/LiRO-LITE-6x100W-COB-Retro-Light-LED-Hexaline-Bar-Light-Led-Strobe-Stage-Light-with-RGB-Auxiliary-Light-Backlight-x3.png 800w, https:\/\/lirolight.com\/wp-content\/uploads\/2025\/08\/LiRO-LITE-6x100W-COB-Retro-Light-LED-Hexaline-Bar-Light-Led-Strobe-Stage-Light-with-RGB-Auxiliary-Light-Backlight-x3-300x225.png 300w, https:\/\/lirolight.com\/wp-content\/uploads\/2025\/08\/LiRO-LITE-6x100W-COB-Retro-Light-LED-Hexaline-Bar-Light-Led-Strobe-Stage-Light-with-RGB-Auxiliary-Light-Backlight-x3-768x576.png 768w, https:\/\/lirolight.com\/wp-content\/uploads\/2025\/08\/LiRO-LITE-6x100W-COB-Retro-Light-LED-Hexaline-Bar-Light-Led-Strobe-Stage-Light-with-RGB-Auxiliary-Light-Backlight-x3-16x12.png 16w, https:\/\/lirolight.com\/wp-content\/uploads\/2025\/08\/LiRO-LITE-6x100W-COB-Retro-Light-LED-Hexaline-Bar-Light-Led-Strobe-Stage-Light-with-RGB-Auxiliary-Light-Backlight-x3-441x331.png 441w, https:\/\/lirolight.com\/wp-content\/uploads\/2025\/08\/LiRO-LITE-6x100W-COB-Retro-Light-LED-Hexaline-Bar-Light-Led-Strobe-Stage-Light-with-RGB-Auxiliary-Light-Backlight-x3-150x113.png 150w, https:\/\/lirolight.com\/wp-content\/uploads\/2025\/08\/LiRO-LITE-6x100W-COB-Retro-Light-LED-Hexaline-Bar-Light-Led-Strobe-Stage-Light-with-RGB-Auxiliary-Light-Backlight-x3-53x40.png 53w\" sizes=\"(max-width: 800px) 100vw, 800px\" \/><\/noscript><\/figure>","protected":false},"excerpt":{"rendered":"<div class=\"QFw9Te BLojaf\">\n<div class=\"hlJJmd\">\n<div class=\"Bmcqed\" dir=\"ltr\">\n<div data-id=\"kvLWu\">La barre hexagonale 6x100W COB Retro Light est un puissant appareil d'\u00e9clairage de sc\u00e8ne de 600W, dot\u00e9 de six LED brillantes de 100W et de 144 LED auxiliaires RVB 3-en-1 pour un r\u00e9tro\u00e9clairage polyvalent. Avec une dur\u00e9e de vie de 100 000 heures et une temp\u00e9rature de couleur r\u00e9glable (3200K-5600K), il offre des effets d'\u00e9clairage flexibles. Chaque LED COB est contr\u00f4lable individuellement et prend en charge des programmes int\u00e9gr\u00e9s tels que les effets de couleur, la gradation lin\u00e9aire 0-100%, le stroboscope 0-20Hz et les effets de poursuite. Il offre plusieurs modes de contr\u00f4le : DMX512 (3\/5\/10 canaux en option), ma\u00eetre-esclave, auto-propuls\u00e9 et commande vocale. Con\u00e7u pour une utilisation en int\u00e9rieur (IP20), il fonctionne sur AC100-240V, 50\/60Hz, id\u00e9al pour les performances sc\u00e9niques dynamiques.<\/div>\n<\/div>\n<\/div>\n<\/div>\n<blockquote><p>\u00a0<\/p><\/blockquote>\n<p>&nbsp;<\/p>","protected":false},"featured_media":9291,"comment_status":"open","ping_status":"closed","template":"","meta":[],"product_brand":[],"product_cat":[86],"product_tag":[297,301,298,269,300],"class_list":{"0":"post-9283","1":"product","2":"type-product","3":"status-publish","4":"has-post-thumbnail","6":"product_cat-led-retro-light","7":"product_tag-6x100w-cob-retro-light","8":"product_tag-led-flash-strobe-lighting","9":"product_tag-led-hexaline-bar-light","10":"product_tag-retro-stage-strobe-light","11":"product_tag-rgb-auxiliary-light-backlight","13":"first","14":"instock","15":"shipping-taxable","16":"product-type-simple"},"_links":{"self":[{"href":"https:\/\/lirolight.com\/fr\/wp-json\/wp\/v2\/product\/9283","targetHints":{"allow":["GET"]}}],"collection":[{"href":"https:\/\/lirolight.com\/fr\/wp-json\/wp\/v2\/product"}],"about":[{"href":"https:\/\/lirolight.com\/fr\/wp-json\/wp\/v2\/types\/product"}],"replies":[{"embeddable":true,"href":"https:\/\/lirolight.com\/fr\/wp-json\/wp\/v2\/comments?post=9283"}],"version-history":[{"count":5,"href":"https:\/\/lirolight.com\/fr\/wp-json\/wp\/v2\/product\/9283\/revisions"}],"predecessor-version":[{"id":10461,"href":"https:\/\/lirolight.com\/fr\/wp-json\/wp\/v2\/product\/9283\/revisions\/10461"}],"wp:featuredmedia":[{"embeddable":true,"href":"https:\/\/lirolight.com\/fr\/wp-json\/wp\/v2\/media\/9291"}],"wp:attachment":[{"href":"https:\/\/lirolight.com\/fr\/wp-json\/wp\/v2\/media?parent=9283"}],"wp:term":[{"taxonomy":"product_brand","embeddable":true,"href":"https:\/\/lirolight.com\/fr\/wp-json\/wp\/v2\/product_brand?post=9283"},{"taxonomy":"product_cat","embeddable":true,"href":"https:\/\/lirolight.com\/fr\/wp-json\/wp\/v2\/product_cat?post=9283"},{"taxonomy":"product_tag","embeddable":true,"href":"https:\/\/lirolight.com\/fr\/wp-json\/wp\/v2\/product_tag?post=9283"}],"curies":[{"name":"wp","href":"https:\/\/api.w.org\/{rel}","templated":true}]}}