{"id":9889,"date":"2025-11-21T07:57:28","date_gmt":"2025-11-21T07:57:28","guid":{"rendered":"https:\/\/lirolight.com\/?post_type=product&#038;p=9889"},"modified":"2026-01-12T07:59:46","modified_gmt":"2026-01-12T07:59:46","slug":"liro-lite-ip66-tornado-tb5-led-rgbl-wash-pixel-moving-head-stage-lights","status":"publish","type":"product","link":"https:\/\/lirolight.com\/fr\/produit\/liro-lite-ip66-tornado-tb5-led-rgbl-wash-pixel-moving-head-stage-lights\/","title":{"rendered":"LiRO-LITE IP66 TORNADO TB5 LED RGBL Wash Pixel Moving Head Stage Lights"},"content":{"rendered":"<h2 class=\"wp-block-heading\"><strong><mark><mark style=\"background-color:#000000\" class=\"has-inline-color has-white-color\">LR-IP TORNADO TB5<\/mark><\/mark><\/strong><\/h2>\n\n\n\n<p>La Tornado TB5 est dot\u00e9e d'une puissante source lumineuse de 5 LED RGBL 4IN1 de 120 W, compl\u00e9t\u00e9e par 120 LED RGB de 0,5 W dans l'anneau ext\u00e9rieur, ce qui lui conf\u00e8re des performances \u00e9lev\u00e9es et une grande polyvalence. L'angle du faisceau est de 3\u00b0 \u00e0 30\u00b0 et l'angle du spot est de 4\u00b0 \u00e0 35\u00b0. La fonction de focalisation lin\u00e9aire rapide permet de produire un effet de faisceau net et satur\u00e9, garantissant que vos effets visuels sont pr\u00e9sent\u00e9s avec suffisamment de vitalit\u00e9. Avec des effets de m\u00e9lange de couleurs exceptionnels, des effets macro de couleurs exceptionnels et une structure de mise au point lin\u00e9aire.<\/p>\n\n\n\n<hr class=\"wp-block-separator has-alpha-channel-opacity\"\/>\n\n\n\n<h2 class=\"wp-block-heading\">Photos :<\/h2>\n\n\n\n<figure class=\"wp-block-image size-large\"><img fetchpriority=\"high\" decoding=\"async\" width=\"1024\" height=\"495\" src=\"https:\/\/lirolight.com\/wp-content\/uploads\/2025\/11\/\u767d\u5f692-scaled-e1768204470705-1024x495.png\" alt=\"\" class=\"wp-image-9905\" srcset=\"https:\/\/lirolight.com\/wp-content\/uploads\/2025\/11\/\u767d\u5f692-scaled-e1768204470705-1024x495.png 1024w, https:\/\/lirolight.com\/wp-content\/uploads\/2025\/11\/\u767d\u5f692-scaled-e1768204470705-300x145.png 300w, https:\/\/lirolight.com\/wp-content\/uploads\/2025\/11\/\u767d\u5f692-scaled-e1768204470705-768x371.png 768w, https:\/\/lirolight.com\/wp-content\/uploads\/2025\/11\/\u767d\u5f692-scaled-e1768204470705-1536x742.png 1536w, https:\/\/lirolight.com\/wp-content\/uploads\/2025\/11\/\u767d\u5f692-scaled-e1768204470705-2048x990.png 2048w, https:\/\/lirolight.com\/wp-content\/uploads\/2025\/11\/\u767d\u5f692-scaled-e1768204470705-18x9.png 18w, https:\/\/lirolight.com\/wp-content\/uploads\/2025\/11\/\u767d\u5f692-scaled-e1768204470705-990x478.png 990w, https:\/\/lirolight.com\/wp-content\/uploads\/2025\/11\/\u767d\u5f692-scaled-e1768204470705-441x213.png 441w, https:\/\/lirolight.com\/wp-content\/uploads\/2025\/11\/\u767d\u5f692-scaled-e1768204470705-800x387.png 800w, https:\/\/lirolight.com\/wp-content\/uploads\/2025\/11\/\u767d\u5f692-scaled-e1768204470705-150x72.png 150w, https:\/\/lirolight.com\/wp-content\/uploads\/2025\/11\/\u767d\u5f692-scaled-e1768204470705-60x29.png 60w\" sizes=\"(max-width: 1024px) 100vw, 1024px\" \/><\/figure>\n\n\n\n<div class=\"wp-block-columns is-layout-flex wp-container-core-columns-is-layout-28f84493 wp-block-columns-is-layout-flex\">\n<div class=\"wp-block-column is-layout-flow wp-block-column-is-layout-flow\">\n<figure class=\"wp-block-image size-large\"><img decoding=\"async\" width=\"1024\" height=\"1024\" data-src=\"https:\/\/lirolight.com\/wp-content\/uploads\/2025\/11\/\u767d\u7eff-1024x1024.png\" alt=\"\" class=\"wp-image-9898 lazyload\" data-srcset=\"https:\/\/lirolight.com\/wp-content\/uploads\/2025\/11\/\u767d\u7eff-1024x1024.png 1024w, https:\/\/lirolight.com\/wp-content\/uploads\/2025\/11\/\u767d\u7eff-300x300.png 300w, https:\/\/lirolight.com\/wp-content\/uploads\/2025\/11\/\u767d\u7eff-150x150.png 150w, https:\/\/lirolight.com\/wp-content\/uploads\/2025\/11\/\u767d\u7eff-768x768.png 768w, https:\/\/lirolight.com\/wp-content\/uploads\/2025\/11\/\u767d\u7eff-1536x1536.png 1536w, https:\/\/lirolight.com\/wp-content\/uploads\/2025\/11\/\u767d\u7eff-2048x2048.png 2048w, https:\/\/lirolight.com\/wp-content\/uploads\/2025\/11\/\u767d\u7eff-12x12.png 12w, https:\/\/lirolight.com\/wp-content\/uploads\/2025\/11\/\u767d\u7eff-990x990.png 990w, https:\/\/lirolight.com\/wp-content\/uploads\/2025\/11\/\u767d\u7eff-441x441.png 441w, https:\/\/lirolight.com\/wp-content\/uploads\/2025\/11\/\u767d\u7eff-100x100.png 100w, https:\/\/lirolight.com\/wp-content\/uploads\/2025\/11\/\u767d\u7eff-800x800.png 800w, https:\/\/lirolight.com\/wp-content\/uploads\/2025\/11\/\u767d\u7eff-40x40.png 40w\" data-sizes=\"(max-width: 1024px) 100vw, 1024px\" src=\"data:image\/gif;base64,R0lGODlhAQABAAAAACH5BAEKAAEALAAAAAABAAEAAAICTAEAOw==\" style=\"--smush-placeholder-width: 1024px; --smush-placeholder-aspect-ratio: 1024\/1024;\" \/><noscript><img decoding=\"async\" width=\"1024\" height=\"1024\" src=\"https:\/\/lirolight.com\/wp-content\/uploads\/2025\/11\/\u767d\u7eff-1024x1024.png\" alt=\"\" class=\"wp-image-9898\" srcset=\"https:\/\/lirolight.com\/wp-content\/uploads\/2025\/11\/\u767d\u7eff-1024x1024.png 1024w, https:\/\/lirolight.com\/wp-content\/uploads\/2025\/11\/\u767d\u7eff-300x300.png 300w, https:\/\/lirolight.com\/wp-content\/uploads\/2025\/11\/\u767d\u7eff-150x150.png 150w, https:\/\/lirolight.com\/wp-content\/uploads\/2025\/11\/\u767d\u7eff-768x768.png 768w, https:\/\/lirolight.com\/wp-content\/uploads\/2025\/11\/\u767d\u7eff-1536x1536.png 1536w, https:\/\/lirolight.com\/wp-content\/uploads\/2025\/11\/\u767d\u7eff-2048x2048.png 2048w, https:\/\/lirolight.com\/wp-content\/uploads\/2025\/11\/\u767d\u7eff-12x12.png 12w, https:\/\/lirolight.com\/wp-content\/uploads\/2025\/11\/\u767d\u7eff-990x990.png 990w, https:\/\/lirolight.com\/wp-content\/uploads\/2025\/11\/\u767d\u7eff-441x441.png 441w, https:\/\/lirolight.com\/wp-content\/uploads\/2025\/11\/\u767d\u7eff-100x100.png 100w, https:\/\/lirolight.com\/wp-content\/uploads\/2025\/11\/\u767d\u7eff-800x800.png 800w, https:\/\/lirolight.com\/wp-content\/uploads\/2025\/11\/\u767d\u7eff-40x40.png 40w\" sizes=\"(max-width: 1024px) 100vw, 1024px\" \/><\/noscript><\/figure>\n<\/div>\n\n\n\n<div class=\"wp-block-column is-layout-flow wp-block-column-is-layout-flow\">\n<figure class=\"wp-block-image size-large\"><img decoding=\"async\" width=\"1024\" height=\"1024\" data-src=\"https:\/\/lirolight.com\/wp-content\/uploads\/2025\/11\/\u767d\u7ea2-1024x1024.png\" alt=\"\" class=\"wp-image-9904 lazyload\" data-srcset=\"https:\/\/lirolight.com\/wp-content\/uploads\/2025\/11\/\u767d\u7ea2-1024x1024.png 1024w, https:\/\/lirolight.com\/wp-content\/uploads\/2025\/11\/\u767d\u7ea2-300x300.png 300w, https:\/\/lirolight.com\/wp-content\/uploads\/2025\/11\/\u767d\u7ea2-150x150.png 150w, https:\/\/lirolight.com\/wp-content\/uploads\/2025\/11\/\u767d\u7ea2-768x768.png 768w, https:\/\/lirolight.com\/wp-content\/uploads\/2025\/11\/\u767d\u7ea2-1536x1536.png 1536w, https:\/\/lirolight.com\/wp-content\/uploads\/2025\/11\/\u767d\u7ea2-2048x2048.png 2048w, https:\/\/lirolight.com\/wp-content\/uploads\/2025\/11\/\u767d\u7ea2-12x12.png 12w, https:\/\/lirolight.com\/wp-content\/uploads\/2025\/11\/\u767d\u7ea2-990x990.png 990w, https:\/\/lirolight.com\/wp-content\/uploads\/2025\/11\/\u767d\u7ea2-441x441.png 441w, https:\/\/lirolight.com\/wp-content\/uploads\/2025\/11\/\u767d\u7ea2-100x100.png 100w, https:\/\/lirolight.com\/wp-content\/uploads\/2025\/11\/\u767d\u7ea2-800x800.png 800w, https:\/\/lirolight.com\/wp-content\/uploads\/2025\/11\/\u767d\u7ea2-40x40.png 40w\" data-sizes=\"(max-width: 1024px) 100vw, 1024px\" src=\"data:image\/gif;base64,R0lGODlhAQABAAAAACH5BAEKAAEALAAAAAABAAEAAAICTAEAOw==\" style=\"--smush-placeholder-width: 1024px; --smush-placeholder-aspect-ratio: 1024\/1024;\" \/><noscript><img decoding=\"async\" width=\"1024\" height=\"1024\" src=\"https:\/\/lirolight.com\/wp-content\/uploads\/2025\/11\/\u767d\u7ea2-1024x1024.png\" alt=\"\" class=\"wp-image-9904\" srcset=\"https:\/\/lirolight.com\/wp-content\/uploads\/2025\/11\/\u767d\u7ea2-1024x1024.png 1024w, https:\/\/lirolight.com\/wp-content\/uploads\/2025\/11\/\u767d\u7ea2-300x300.png 300w, https:\/\/lirolight.com\/wp-content\/uploads\/2025\/11\/\u767d\u7ea2-150x150.png 150w, https:\/\/lirolight.com\/wp-content\/uploads\/2025\/11\/\u767d\u7ea2-768x768.png 768w, https:\/\/lirolight.com\/wp-content\/uploads\/2025\/11\/\u767d\u7ea2-1536x1536.png 1536w, https:\/\/lirolight.com\/wp-content\/uploads\/2025\/11\/\u767d\u7ea2-2048x2048.png 2048w, https:\/\/lirolight.com\/wp-content\/uploads\/2025\/11\/\u767d\u7ea2-12x12.png 12w, https:\/\/lirolight.com\/wp-content\/uploads\/2025\/11\/\u767d\u7ea2-990x990.png 990w, https:\/\/lirolight.com\/wp-content\/uploads\/2025\/11\/\u767d\u7ea2-441x441.png 441w, https:\/\/lirolight.com\/wp-content\/uploads\/2025\/11\/\u767d\u7ea2-100x100.png 100w, https:\/\/lirolight.com\/wp-content\/uploads\/2025\/11\/\u767d\u7ea2-800x800.png 800w, https:\/\/lirolight.com\/wp-content\/uploads\/2025\/11\/\u767d\u7ea2-40x40.png 40w\" sizes=\"(max-width: 1024px) 100vw, 1024px\" \/><\/noscript><\/figure>\n<\/div>\n<\/div>\n\n\n\n<figure class=\"wp-block-image alignwide size-large\"><img loading=\"lazy\" decoding=\"async\" width=\"819\" height=\"1024\" data-src=\"https:\/\/lirolight.com\/wp-content\/uploads\/2025\/11\/iptb5\u7ec6\u8282LOGO-819x1024.jpg\" alt=\"\" class=\"wp-image-9890 lazyload\" data-srcset=\"https:\/\/lirolight.com\/wp-content\/uploads\/2025\/11\/iptb5\u7ec6\u8282LOGO-819x1024.jpg 819w, https:\/\/lirolight.com\/wp-content\/uploads\/2025\/11\/iptb5\u7ec6\u8282LOGO-240x300.jpg 240w, https:\/\/lirolight.com\/wp-content\/uploads\/2025\/11\/iptb5\u7ec6\u8282LOGO-768x960.jpg 768w, https:\/\/lirolight.com\/wp-content\/uploads\/2025\/11\/iptb5\u7ec6\u8282LOGO-1229x1536.jpg 1229w, https:\/\/lirolight.com\/wp-content\/uploads\/2025\/11\/iptb5\u7ec6\u8282LOGO-1638x2048.jpg 1638w, https:\/\/lirolight.com\/wp-content\/uploads\/2025\/11\/iptb5\u7ec6\u8282LOGO-10x12.jpg 10w, https:\/\/lirolight.com\/wp-content\/uploads\/2025\/11\/iptb5\u7ec6\u8282LOGO-990x1238.jpg 990w, https:\/\/lirolight.com\/wp-content\/uploads\/2025\/11\/iptb5\u7ec6\u8282LOGO-441x551.jpg 441w, https:\/\/lirolight.com\/wp-content\/uploads\/2025\/11\/iptb5\u7ec6\u8282LOGO-300x375.jpg 300w, https:\/\/lirolight.com\/wp-content\/uploads\/2025\/11\/iptb5\u7ec6\u8282LOGO-800x1000.jpg 800w, https:\/\/lirolight.com\/wp-content\/uploads\/2025\/11\/iptb5\u7ec6\u8282LOGO-150x188.jpg 150w, https:\/\/lirolight.com\/wp-content\/uploads\/2025\/11\/iptb5\u7ec6\u8282LOGO-32x40.jpg 32w, https:\/\/lirolight.com\/wp-content\/uploads\/2025\/11\/iptb5\u7ec6\u8282LOGO-scaled.jpg 2048w\" data-sizes=\"(max-width: 819px) 100vw, 819px\" src=\"data:image\/gif;base64,R0lGODlhAQABAAAAACH5BAEKAAEALAAAAAABAAEAAAICTAEAOw==\" style=\"--smush-placeholder-width: 819px; --smush-placeholder-aspect-ratio: 819\/1024;\" \/><noscript><img loading=\"lazy\" decoding=\"async\" width=\"819\" height=\"1024\" src=\"https:\/\/lirolight.com\/wp-content\/uploads\/2025\/11\/iptb5\u7ec6\u8282LOGO-819x1024.jpg\" alt=\"\" class=\"wp-image-9890\" srcset=\"https:\/\/lirolight.com\/wp-content\/uploads\/2025\/11\/iptb5\u7ec6\u8282LOGO-819x1024.jpg 819w, https:\/\/lirolight.com\/wp-content\/uploads\/2025\/11\/iptb5\u7ec6\u8282LOGO-240x300.jpg 240w, https:\/\/lirolight.com\/wp-content\/uploads\/2025\/11\/iptb5\u7ec6\u8282LOGO-768x960.jpg 768w, https:\/\/lirolight.com\/wp-content\/uploads\/2025\/11\/iptb5\u7ec6\u8282LOGO-1229x1536.jpg 1229w, https:\/\/lirolight.com\/wp-content\/uploads\/2025\/11\/iptb5\u7ec6\u8282LOGO-1638x2048.jpg 1638w, https:\/\/lirolight.com\/wp-content\/uploads\/2025\/11\/iptb5\u7ec6\u8282LOGO-10x12.jpg 10w, https:\/\/lirolight.com\/wp-content\/uploads\/2025\/11\/iptb5\u7ec6\u8282LOGO-990x1238.jpg 990w, https:\/\/lirolight.com\/wp-content\/uploads\/2025\/11\/iptb5\u7ec6\u8282LOGO-441x551.jpg 441w, https:\/\/lirolight.com\/wp-content\/uploads\/2025\/11\/iptb5\u7ec6\u8282LOGO-300x375.jpg 300w, https:\/\/lirolight.com\/wp-content\/uploads\/2025\/11\/iptb5\u7ec6\u8282LOGO-800x1000.jpg 800w, https:\/\/lirolight.com\/wp-content\/uploads\/2025\/11\/iptb5\u7ec6\u8282LOGO-150x188.jpg 150w, https:\/\/lirolight.com\/wp-content\/uploads\/2025\/11\/iptb5\u7ec6\u8282LOGO-32x40.jpg 32w, https:\/\/lirolight.com\/wp-content\/uploads\/2025\/11\/iptb5\u7ec6\u8282LOGO-scaled.jpg 2048w\" sizes=\"(max-width: 819px) 100vw, 819px\" \/><\/noscript><\/figure>\n\n\n\n<h2 class=\"wp-block-heading\">Sp\u00e9cification :<\/h2>\n\n\n\n<ul class=\"wp-block-list\">\n<li>Plage de tension d'entr\u00e9e : 100-240V~ 50\/60Hz<\/li>\n\n\n\n<li>Consommation \u00e9lectrique : 935W<\/li>\n\n\n\n<li>Source de lumi\u00e8re :<\/li>\n\n\n\n<li>Eclairage principal : 5 x 120W RGBL LEDs<\/li>\n\n\n\n<li>Cercle ext\u00e9rieur : 120 LED RVB de 0,5 W<\/li>\n\n\n\n<li>Rendement lumineux total de l'appareil : 13 000 lumens<\/li>\n\n\n\n<li>Dur\u00e9e de vie : 20 000 heures<\/li>\n\n\n\n<li>Angles du faisceau : 3\u00b0-30\u00b0<\/li>\n\n\n\n<li>Angles de champ:4\u00b0-35\u00b0<\/li>\n\n\n\n<li>Mouvement panoramique : 59\u00b0<\/li>\n\n\n\n<li>Mouvement d'inclinaison : 221<\/li>\n\n\n\n<li>Commande et programme : panneau de commande tactile \u00e0 4 boutons<\/li>\n\n\n\n<li>Affichage : \u00c9cran LCD<\/li>\n\n\n\n<li>Protocoles : DMX512\/Ma\u00eetre-Esclave\/Auto Run\/RDM\/Manuel<\/li>\n\n\n\n<li>Canaux de contr\u00f4le : 21CH\/41CH \/71CH\/75CH\/85CH\/170CH<\/li>\n\n\n\n<li>Variateur : r\u00e9glage de 0 \u00e0 100%<\/li>\n\n\n\n<li>Taille de l'appareil : 1002<em>196<\/em>334mm<\/li>\n\n\n\n<li>Poids net : 26,6 kg<\/li>\n\n\n\n<li>Indice de protection : IP33<\/li>\n\n\n\n<li>Peut \u00eatre \u00e9piss\u00e9<\/li>\n\n\n\n<li>Connecteur True1<\/li>\n\n\n\n<li><strong>Indice de protection IP : IP66<\/strong><\/li>\n<\/ul>\n\n\n\n<h2 class=\"wp-block-heading\"><strong>Param\u00e8tres :<\/strong><\/h2>\n\n\n\n<figure class=\"wp-block-table\"><table class=\"has-fixed-layout\"><tbody><tr><td>Tension large<\/td><td>AC100-240V, 50\/60Hz<\/td><\/tr><tr><td>Dur\u00e9e de vie<\/td><td>50 000 heures<\/td><\/tr><tr><td>Puissance<\/td><td>935W<\/td><\/tr><tr><td>Source LED<\/td><td>5 x 120W RGBL LEDs + 120 x 0.5W RGB LEDs Cercle ext\u00e9rieur<\/td><\/tr><tr><td>Gradation<\/td><td>4 courbes de gradation avec gradation 0~100%<\/td><\/tr><tr><td>Canaux de contr\u00f4le :<\/td><td>21CH\/41CH \/71CH\/75CH\/85CH\/170CH<\/td><\/tr><tr><td>Affichage<\/td><td>\u00c9cran LCD<\/td><\/tr><tr><td>Mode de connexion<\/td><td>DMX\/RDM\/Ma\u00eetre-esclave\/ Auto\/Artnet<\/td><\/tr><tr><td>PowerCon In\/Out<\/td><td>Connecteur True1<\/td><\/tr><tr><td>Indice de protection IP<\/td><td>IP66<\/td><\/tr><tr><td>Poids net<\/td><td>26.4KG<\/td><\/tr><\/tbody><\/table><\/figure>\n\n\n\n<h2 class=\"wp-block-heading has-medium-font-size\">Heure du spectacle :<\/h2>\n\n\n\n<figure class=\"wp-block-image size-large\"><img loading=\"lazy\" decoding=\"async\" width=\"1024\" height=\"632\" data-src=\"https:\/\/lirolight.com\/wp-content\/uploads\/2025\/11\/7-1024x632.jpg\" alt=\"\" class=\"wp-image-9897 lazyload\" data-srcset=\"https:\/\/lirolight.com\/wp-content\/uploads\/2025\/11\/7-1024x632.jpg 1024w, https:\/\/lirolight.com\/wp-content\/uploads\/2025\/11\/7-300x185.jpg 300w, https:\/\/lirolight.com\/wp-content\/uploads\/2025\/11\/7-768x474.jpg 768w, https:\/\/lirolight.com\/wp-content\/uploads\/2025\/11\/7-18x12.jpg 18w, https:\/\/lirolight.com\/wp-content\/uploads\/2025\/11\/7-990x611.jpg 990w, https:\/\/lirolight.com\/wp-content\/uploads\/2025\/11\/7-441x272.jpg 441w, https:\/\/lirolight.com\/wp-content\/uploads\/2025\/11\/7-800x494.jpg 800w, https:\/\/lirolight.com\/wp-content\/uploads\/2025\/11\/7-150x93.jpg 150w, https:\/\/lirolight.com\/wp-content\/uploads\/2025\/11\/7-60x37.jpg 60w, https:\/\/lirolight.com\/wp-content\/uploads\/2025\/11\/7.jpg 1149w\" data-sizes=\"(max-width: 1024px) 100vw, 1024px\" src=\"data:image\/gif;base64,R0lGODlhAQABAAAAACH5BAEKAAEALAAAAAABAAEAAAICTAEAOw==\" style=\"--smush-placeholder-width: 1024px; --smush-placeholder-aspect-ratio: 1024\/632;\" \/><noscript><img loading=\"lazy\" decoding=\"async\" width=\"1024\" height=\"632\" src=\"https:\/\/lirolight.com\/wp-content\/uploads\/2025\/11\/7-1024x632.jpg\" alt=\"\" class=\"wp-image-9897\" srcset=\"https:\/\/lirolight.com\/wp-content\/uploads\/2025\/11\/7-1024x632.jpg 1024w, https:\/\/lirolight.com\/wp-content\/uploads\/2025\/11\/7-300x185.jpg 300w, https:\/\/lirolight.com\/wp-content\/uploads\/2025\/11\/7-768x474.jpg 768w, https:\/\/lirolight.com\/wp-content\/uploads\/2025\/11\/7-18x12.jpg 18w, https:\/\/lirolight.com\/wp-content\/uploads\/2025\/11\/7-990x611.jpg 990w, https:\/\/lirolight.com\/wp-content\/uploads\/2025\/11\/7-441x272.jpg 441w, https:\/\/lirolight.com\/wp-content\/uploads\/2025\/11\/7-800x494.jpg 800w, https:\/\/lirolight.com\/wp-content\/uploads\/2025\/11\/7-150x93.jpg 150w, https:\/\/lirolight.com\/wp-content\/uploads\/2025\/11\/7-60x37.jpg 60w, https:\/\/lirolight.com\/wp-content\/uploads\/2025\/11\/7.jpg 1149w\" sizes=\"(max-width: 1024px) 100vw, 1024px\" \/><\/noscript><\/figure>\n\n\n\n<figure class=\"wp-block-image size-large\"><img loading=\"lazy\" decoding=\"async\" width=\"1024\" height=\"586\" data-src=\"https:\/\/lirolight.com\/wp-content\/uploads\/2025\/11\/3-1024x586.jpg\" alt=\"\" class=\"wp-image-9895 lazyload\" data-srcset=\"https:\/\/lirolight.com\/wp-content\/uploads\/2025\/11\/3-1024x586.jpg 1024w, https:\/\/lirolight.com\/wp-content\/uploads\/2025\/11\/3-300x172.jpg 300w, https:\/\/lirolight.com\/wp-content\/uploads\/2025\/11\/3-768x439.jpg 768w, https:\/\/lirolight.com\/wp-content\/uploads\/2025\/11\/3-18x10.jpg 18w, https:\/\/lirolight.com\/wp-content\/uploads\/2025\/11\/3-990x566.jpg 990w, https:\/\/lirolight.com\/wp-content\/uploads\/2025\/11\/3-441x252.jpg 441w, https:\/\/lirolight.com\/wp-content\/uploads\/2025\/11\/3-800x458.jpg 800w, https:\/\/lirolight.com\/wp-content\/uploads\/2025\/11\/3-150x86.jpg 150w, https:\/\/lirolight.com\/wp-content\/uploads\/2025\/11\/3-60x34.jpg 60w, https:\/\/lirolight.com\/wp-content\/uploads\/2025\/11\/3.jpg 1180w\" data-sizes=\"(max-width: 1024px) 100vw, 1024px\" src=\"data:image\/gif;base64,R0lGODlhAQABAAAAACH5BAEKAAEALAAAAAABAAEAAAICTAEAOw==\" style=\"--smush-placeholder-width: 1024px; --smush-placeholder-aspect-ratio: 1024\/586;\" \/><noscript><img loading=\"lazy\" decoding=\"async\" width=\"1024\" height=\"586\" src=\"https:\/\/lirolight.com\/wp-content\/uploads\/2025\/11\/3-1024x586.jpg\" alt=\"\" class=\"wp-image-9895\" srcset=\"https:\/\/lirolight.com\/wp-content\/uploads\/2025\/11\/3-1024x586.jpg 1024w, https:\/\/lirolight.com\/wp-content\/uploads\/2025\/11\/3-300x172.jpg 300w, https:\/\/lirolight.com\/wp-content\/uploads\/2025\/11\/3-768x439.jpg 768w, https:\/\/lirolight.com\/wp-content\/uploads\/2025\/11\/3-18x10.jpg 18w, https:\/\/lirolight.com\/wp-content\/uploads\/2025\/11\/3-990x566.jpg 990w, https:\/\/lirolight.com\/wp-content\/uploads\/2025\/11\/3-441x252.jpg 441w, https:\/\/lirolight.com\/wp-content\/uploads\/2025\/11\/3-800x458.jpg 800w, https:\/\/lirolight.com\/wp-content\/uploads\/2025\/11\/3-150x86.jpg 150w, https:\/\/lirolight.com\/wp-content\/uploads\/2025\/11\/3-60x34.jpg 60w, https:\/\/lirolight.com\/wp-content\/uploads\/2025\/11\/3.jpg 1180w\" sizes=\"(max-width: 1024px) 100vw, 1024px\" \/><\/noscript><\/figure>\n\n\n\n<figure class=\"wp-block-image size-large\"><img loading=\"lazy\" decoding=\"async\" width=\"1024\" height=\"537\" data-src=\"https:\/\/lirolight.com\/wp-content\/uploads\/2025\/11\/6-1024x537.jpg\" alt=\"\" class=\"wp-image-9896 lazyload\" data-srcset=\"https:\/\/lirolight.com\/wp-content\/uploads\/2025\/11\/6-1024x537.jpg 1024w, https:\/\/lirolight.com\/wp-content\/uploads\/2025\/11\/6-300x157.jpg 300w, https:\/\/lirolight.com\/wp-content\/uploads\/2025\/11\/6-768x403.jpg 768w, https:\/\/lirolight.com\/wp-content\/uploads\/2025\/11\/6-18x9.jpg 18w, https:\/\/lirolight.com\/wp-content\/uploads\/2025\/11\/6-990x519.jpg 990w, https:\/\/lirolight.com\/wp-content\/uploads\/2025\/11\/6-441x231.jpg 441w, https:\/\/lirolight.com\/wp-content\/uploads\/2025\/11\/6-800x420.jpg 800w, https:\/\/lirolight.com\/wp-content\/uploads\/2025\/11\/6-150x79.jpg 150w, https:\/\/lirolight.com\/wp-content\/uploads\/2025\/11\/6-60x31.jpg 60w, https:\/\/lirolight.com\/wp-content\/uploads\/2025\/11\/6.jpg 1289w\" data-sizes=\"(max-width: 1024px) 100vw, 1024px\" src=\"data:image\/gif;base64,R0lGODlhAQABAAAAACH5BAEKAAEALAAAAAABAAEAAAICTAEAOw==\" style=\"--smush-placeholder-width: 1024px; --smush-placeholder-aspect-ratio: 1024\/537;\" \/><noscript><img loading=\"lazy\" decoding=\"async\" width=\"1024\" height=\"537\" src=\"https:\/\/lirolight.com\/wp-content\/uploads\/2025\/11\/6-1024x537.jpg\" alt=\"\" class=\"wp-image-9896\" srcset=\"https:\/\/lirolight.com\/wp-content\/uploads\/2025\/11\/6-1024x537.jpg 1024w, https:\/\/lirolight.com\/wp-content\/uploads\/2025\/11\/6-300x157.jpg 300w, https:\/\/lirolight.com\/wp-content\/uploads\/2025\/11\/6-768x403.jpg 768w, https:\/\/lirolight.com\/wp-content\/uploads\/2025\/11\/6-18x9.jpg 18w, https:\/\/lirolight.com\/wp-content\/uploads\/2025\/11\/6-990x519.jpg 990w, https:\/\/lirolight.com\/wp-content\/uploads\/2025\/11\/6-441x231.jpg 441w, https:\/\/lirolight.com\/wp-content\/uploads\/2025\/11\/6-800x420.jpg 800w, https:\/\/lirolight.com\/wp-content\/uploads\/2025\/11\/6-150x79.jpg 150w, https:\/\/lirolight.com\/wp-content\/uploads\/2025\/11\/6-60x31.jpg 60w, https:\/\/lirolight.com\/wp-content\/uploads\/2025\/11\/6.jpg 1289w\" sizes=\"(max-width: 1024px) 100vw, 1024px\" \/><\/noscript><\/figure>\n\n\n\n<figure class=\"wp-block-image size-large\"><img loading=\"lazy\" decoding=\"async\" width=\"1024\" height=\"537\" data-src=\"https:\/\/lirolight.com\/wp-content\/uploads\/2025\/11\/2-1024x537.jpg\" alt=\"\" class=\"wp-image-9894 lazyload\" data-srcset=\"https:\/\/lirolight.com\/wp-content\/uploads\/2025\/11\/2-1024x537.jpg 1024w, https:\/\/lirolight.com\/wp-content\/uploads\/2025\/11\/2-300x157.jpg 300w, https:\/\/lirolight.com\/wp-content\/uploads\/2025\/11\/2-768x403.jpg 768w, https:\/\/lirolight.com\/wp-content\/uploads\/2025\/11\/2-18x9.jpg 18w, https:\/\/lirolight.com\/wp-content\/uploads\/2025\/11\/2-990x519.jpg 990w, https:\/\/lirolight.com\/wp-content\/uploads\/2025\/11\/2-441x231.jpg 441w, https:\/\/lirolight.com\/wp-content\/uploads\/2025\/11\/2-800x420.jpg 800w, https:\/\/lirolight.com\/wp-content\/uploads\/2025\/11\/2-150x79.jpg 150w, https:\/\/lirolight.com\/wp-content\/uploads\/2025\/11\/2-60x31.jpg 60w, https:\/\/lirolight.com\/wp-content\/uploads\/2025\/11\/2.jpg 1289w\" data-sizes=\"(max-width: 1024px) 100vw, 1024px\" src=\"data:image\/gif;base64,R0lGODlhAQABAAAAACH5BAEKAAEALAAAAAABAAEAAAICTAEAOw==\" style=\"--smush-placeholder-width: 1024px; --smush-placeholder-aspect-ratio: 1024\/537;\" \/><noscript><img loading=\"lazy\" decoding=\"async\" width=\"1024\" height=\"537\" src=\"https:\/\/lirolight.com\/wp-content\/uploads\/2025\/11\/2-1024x537.jpg\" alt=\"\" class=\"wp-image-9894\" srcset=\"https:\/\/lirolight.com\/wp-content\/uploads\/2025\/11\/2-1024x537.jpg 1024w, https:\/\/lirolight.com\/wp-content\/uploads\/2025\/11\/2-300x157.jpg 300w, https:\/\/lirolight.com\/wp-content\/uploads\/2025\/11\/2-768x403.jpg 768w, https:\/\/lirolight.com\/wp-content\/uploads\/2025\/11\/2-18x9.jpg 18w, https:\/\/lirolight.com\/wp-content\/uploads\/2025\/11\/2-990x519.jpg 990w, https:\/\/lirolight.com\/wp-content\/uploads\/2025\/11\/2-441x231.jpg 441w, https:\/\/lirolight.com\/wp-content\/uploads\/2025\/11\/2-800x420.jpg 800w, https:\/\/lirolight.com\/wp-content\/uploads\/2025\/11\/2-150x79.jpg 150w, https:\/\/lirolight.com\/wp-content\/uploads\/2025\/11\/2-60x31.jpg 60w, https:\/\/lirolight.com\/wp-content\/uploads\/2025\/11\/2.jpg 1289w\" sizes=\"(max-width: 1024px) 100vw, 1024px\" \/><\/noscript><\/figure>\n\n\n\n<h2 class=\"wp-block-heading\">Lien vid\u00e9o :<\/h2>\n\n\n\n<p><a href=\"https:\/\/www.instagram.com\/p\/DRMWA_XEivw\" target=\"_blank\" rel=\"noopener\">https:\/\/www.instagram.com\/p\/DRMWA_XEivw<\/a><\/p>\n\n\n\n<p><a href=\"https:\/\/www.instagram.com\/p\/DRRbT30EnPT\" target=\"_blank\" rel=\"noopener\">https:\/\/www.instagram.com\/p\/DRRbT30EnPT<\/a><\/p>\n\n\n\n<p>Contr\u00f4le Artnet :<\/p>\n\n\n\n<p><a href=\"https:\/\/www.instagram.com\/p\/DRa8DeIEvNk\" target=\"_blank\" rel=\"noopener\">https:\/\/www.instagram.com\/p\/DRa8DeIEvNk<\/a><\/p>","protected":false},"excerpt":{"rendered":"<p>Le Tornado TB5 est dot\u00e9 d'une puissante LED RGBL de 5*120W comme source lumineuse principale, compl\u00e9t\u00e9e par des LED RGB de 120*0,5W dans l'anneau ext\u00e9rieur, combinant haute performance et polyvalence. L'angle du faisceau est de 3\u00b0 \u00e0 30\u00b0 et l'angle du spot est de 4\u00b0 \u00e0 35\u00b0. La fonction de focalisation lin\u00e9aire rapide permet de produire un effet de faisceau net et satur\u00e9, garantissant que vos effets visuels sont pr\u00e9sent\u00e9s avec suffisamment de vitalit\u00e9. Avec des effets de m\u00e9lange de couleurs exceptionnels, des effets macro de couleurs exceptionnels et une structure de mise au point lin\u00e9aire.<\/p>","protected":false},"featured_media":9893,"comment_status":"open","ping_status":"closed","template":"","meta":[],"product_brand":[],"product_cat":[53,51],"product_tag":[493,194,107,115,160,73,195,492],"class_list":{"0":"post-9889","1":"product","2":"type-product","3":"status-publish","4":"has-post-thumbnail","6":"product_cat-ip-wash","7":"product_cat-waterproof-series","8":"product_tag-ip-tornado-tb5","9":"product_tag-led-bar-light","10":"product_tag-movinghead","11":"product_tag-movingheadlights","12":"product_tag-stagelights","13":"product_tag-wash","14":"product_tag-wash-moving-head","15":"product_tag-waterproof-wash-moving-head-light","17":"first","18":"instock","19":"shipping-taxable","20":"product-type-simple"},"_links":{"self":[{"href":"https:\/\/lirolight.com\/fr\/wp-json\/wp\/v2\/product\/9889","targetHints":{"allow":["GET"]}}],"collection":[{"href":"https:\/\/lirolight.com\/fr\/wp-json\/wp\/v2\/product"}],"about":[{"href":"https:\/\/lirolight.com\/fr\/wp-json\/wp\/v2\/types\/product"}],"replies":[{"embeddable":true,"href":"https:\/\/lirolight.com\/fr\/wp-json\/wp\/v2\/comments?post=9889"}],"version-history":[{"count":5,"href":"https:\/\/lirolight.com\/fr\/wp-json\/wp\/v2\/product\/9889\/revisions"}],"predecessor-version":[{"id":10454,"href":"https:\/\/lirolight.com\/fr\/wp-json\/wp\/v2\/product\/9889\/revisions\/10454"}],"wp:featuredmedia":[{"embeddable":true,"href":"https:\/\/lirolight.com\/fr\/wp-json\/wp\/v2\/media\/9893"}],"wp:attachment":[{"href":"https:\/\/lirolight.com\/fr\/wp-json\/wp\/v2\/media?parent=9889"}],"wp:term":[{"taxonomy":"product_brand","embeddable":true,"href":"https:\/\/lirolight.com\/fr\/wp-json\/wp\/v2\/product_brand?post=9889"},{"taxonomy":"product_cat","embeddable":true,"href":"https:\/\/lirolight.com\/fr\/wp-json\/wp\/v2\/product_cat?post=9889"},{"taxonomy":"product_tag","embeddable":true,"href":"https:\/\/lirolight.com\/fr\/wp-json\/wp\/v2\/product_tag?post=9889"}],"curies":[{"name":"wp","href":"https:\/\/api.w.org\/{rel}","templated":true}]}}