{"id":9915,"date":"2025-11-21T08:54:33","date_gmt":"2025-11-21T08:54:33","guid":{"rendered":"https:\/\/lirolight.com\/?post_type=product&#038;p=9915"},"modified":"2026-01-12T07:49:38","modified_gmt":"2026-01-12T07:49:38","slug":"liro-lite-ip65-new-waterproof-laser-beam-300w-moving-head-lights","status":"publish","type":"product","link":"https:\/\/lirolight.com\/fr\/produit\/liro-lite-ip65-new-waterproof-laser-beam-300w-moving-head-lights\/","title":{"rendered":"LiRO-LITE IP65 New Waterproof Laser Beam 300w Moving Head Lights"},"content":{"rendered":"<h2 class=\"wp-block-heading\"><strong><mark style=\"background-color:#000000\" class=\"has-inline-color has-white-color\">LR-IP BEAM300<\/mark> <\/strong>                  <\/h2>\n\n\n\n<hr class=\"wp-block-separator has-alpha-channel-opacity\"\/>\n\n\n\n<h2 class=\"wp-block-heading\">Photos :<\/h2>\n\n\n\n<div class=\"wp-block-columns is-layout-flex wp-container-core-columns-is-layout-28f84493 wp-block-columns-is-layout-flex\">\n<div class=\"wp-block-column is-layout-flow wp-block-column-is-layout-flow\">\n<figure class=\"wp-block-image size-large\"><img fetchpriority=\"high\" decoding=\"async\" width=\"1024\" height=\"1024\" src=\"https:\/\/lirolight.com\/wp-content\/uploads\/2025\/11\/4-1024x1024.png\" alt=\"\" class=\"wp-image-9919\" srcset=\"https:\/\/lirolight.com\/wp-content\/uploads\/2025\/11\/4-1024x1024.png 1024w, https:\/\/lirolight.com\/wp-content\/uploads\/2025\/11\/4-300x300.png 300w, https:\/\/lirolight.com\/wp-content\/uploads\/2025\/11\/4-150x150.png 150w, https:\/\/lirolight.com\/wp-content\/uploads\/2025\/11\/4-768x768.png 768w, https:\/\/lirolight.com\/wp-content\/uploads\/2025\/11\/4-1536x1536.png 1536w, https:\/\/lirolight.com\/wp-content\/uploads\/2025\/11\/4-2048x2048.png 2048w, https:\/\/lirolight.com\/wp-content\/uploads\/2025\/11\/4-12x12.png 12w, https:\/\/lirolight.com\/wp-content\/uploads\/2025\/11\/4-990x990.png 990w, https:\/\/lirolight.com\/wp-content\/uploads\/2025\/11\/4-441x441.png 441w, https:\/\/lirolight.com\/wp-content\/uploads\/2025\/11\/4-100x100.png 100w, https:\/\/lirolight.com\/wp-content\/uploads\/2025\/11\/4-800x800.png 800w, https:\/\/lirolight.com\/wp-content\/uploads\/2025\/11\/4-40x40.png 40w\" sizes=\"(max-width: 1024px) 100vw, 1024px\" \/><\/figure>\n\n\n\n<figure class=\"wp-block-image size-large\"><img decoding=\"async\" width=\"1024\" height=\"1024\" data-src=\"https:\/\/lirolight.com\/wp-content\/uploads\/2025\/11\/6-1024x1024.png\" alt=\"\" class=\"wp-image-9921 lazyload\" data-srcset=\"https:\/\/lirolight.com\/wp-content\/uploads\/2025\/11\/6-1024x1024.png 1024w, https:\/\/lirolight.com\/wp-content\/uploads\/2025\/11\/6-300x300.png 300w, https:\/\/lirolight.com\/wp-content\/uploads\/2025\/11\/6-150x150.png 150w, https:\/\/lirolight.com\/wp-content\/uploads\/2025\/11\/6-768x768.png 768w, https:\/\/lirolight.com\/wp-content\/uploads\/2025\/11\/6-1536x1536.png 1536w, https:\/\/lirolight.com\/wp-content\/uploads\/2025\/11\/6-2048x2048.png 2048w, https:\/\/lirolight.com\/wp-content\/uploads\/2025\/11\/6-12x12.png 12w, https:\/\/lirolight.com\/wp-content\/uploads\/2025\/11\/6-990x990.png 990w, https:\/\/lirolight.com\/wp-content\/uploads\/2025\/11\/6-441x441.png 441w, https:\/\/lirolight.com\/wp-content\/uploads\/2025\/11\/6-100x100.png 100w, https:\/\/lirolight.com\/wp-content\/uploads\/2025\/11\/6-800x800.png 800w, https:\/\/lirolight.com\/wp-content\/uploads\/2025\/11\/6-40x40.png 40w\" data-sizes=\"(max-width: 1024px) 100vw, 1024px\" src=\"data:image\/gif;base64,R0lGODlhAQABAAAAACH5BAEKAAEALAAAAAABAAEAAAICTAEAOw==\" style=\"--smush-placeholder-width: 1024px; --smush-placeholder-aspect-ratio: 1024\/1024;\" \/><noscript><img decoding=\"async\" width=\"1024\" height=\"1024\" src=\"https:\/\/lirolight.com\/wp-content\/uploads\/2025\/11\/6-1024x1024.png\" alt=\"\" class=\"wp-image-9921\" srcset=\"https:\/\/lirolight.com\/wp-content\/uploads\/2025\/11\/6-1024x1024.png 1024w, https:\/\/lirolight.com\/wp-content\/uploads\/2025\/11\/6-300x300.png 300w, https:\/\/lirolight.com\/wp-content\/uploads\/2025\/11\/6-150x150.png 150w, https:\/\/lirolight.com\/wp-content\/uploads\/2025\/11\/6-768x768.png 768w, https:\/\/lirolight.com\/wp-content\/uploads\/2025\/11\/6-1536x1536.png 1536w, https:\/\/lirolight.com\/wp-content\/uploads\/2025\/11\/6-2048x2048.png 2048w, https:\/\/lirolight.com\/wp-content\/uploads\/2025\/11\/6-12x12.png 12w, https:\/\/lirolight.com\/wp-content\/uploads\/2025\/11\/6-990x990.png 990w, https:\/\/lirolight.com\/wp-content\/uploads\/2025\/11\/6-441x441.png 441w, https:\/\/lirolight.com\/wp-content\/uploads\/2025\/11\/6-100x100.png 100w, https:\/\/lirolight.com\/wp-content\/uploads\/2025\/11\/6-800x800.png 800w, https:\/\/lirolight.com\/wp-content\/uploads\/2025\/11\/6-40x40.png 40w\" sizes=\"(max-width: 1024px) 100vw, 1024px\" \/><\/noscript><\/figure>\n<\/div>\n\n\n\n<div class=\"wp-block-column is-layout-flow wp-block-column-is-layout-flow\">\n<figure class=\"wp-block-image size-large\"><img decoding=\"async\" width=\"1024\" height=\"1024\" data-src=\"https:\/\/lirolight.com\/wp-content\/uploads\/2025\/11\/3-1024x1024.png\" alt=\"\" class=\"wp-image-9918 lazyload\" data-srcset=\"https:\/\/lirolight.com\/wp-content\/uploads\/2025\/11\/3-1024x1024.png 1024w, https:\/\/lirolight.com\/wp-content\/uploads\/2025\/11\/3-300x300.png 300w, https:\/\/lirolight.com\/wp-content\/uploads\/2025\/11\/3-150x150.png 150w, https:\/\/lirolight.com\/wp-content\/uploads\/2025\/11\/3-768x768.png 768w, https:\/\/lirolight.com\/wp-content\/uploads\/2025\/11\/3-1536x1536.png 1536w, https:\/\/lirolight.com\/wp-content\/uploads\/2025\/11\/3-2048x2048.png 2048w, https:\/\/lirolight.com\/wp-content\/uploads\/2025\/11\/3-12x12.png 12w, https:\/\/lirolight.com\/wp-content\/uploads\/2025\/11\/3-990x990.png 990w, https:\/\/lirolight.com\/wp-content\/uploads\/2025\/11\/3-441x441.png 441w, https:\/\/lirolight.com\/wp-content\/uploads\/2025\/11\/3-100x100.png 100w, https:\/\/lirolight.com\/wp-content\/uploads\/2025\/11\/3-800x800.png 800w, https:\/\/lirolight.com\/wp-content\/uploads\/2025\/11\/3-40x40.png 40w\" data-sizes=\"(max-width: 1024px) 100vw, 1024px\" src=\"data:image\/gif;base64,R0lGODlhAQABAAAAACH5BAEKAAEALAAAAAABAAEAAAICTAEAOw==\" style=\"--smush-placeholder-width: 1024px; --smush-placeholder-aspect-ratio: 1024\/1024;\" \/><noscript><img decoding=\"async\" width=\"1024\" height=\"1024\" src=\"https:\/\/lirolight.com\/wp-content\/uploads\/2025\/11\/3-1024x1024.png\" alt=\"\" class=\"wp-image-9918\" srcset=\"https:\/\/lirolight.com\/wp-content\/uploads\/2025\/11\/3-1024x1024.png 1024w, https:\/\/lirolight.com\/wp-content\/uploads\/2025\/11\/3-300x300.png 300w, https:\/\/lirolight.com\/wp-content\/uploads\/2025\/11\/3-150x150.png 150w, https:\/\/lirolight.com\/wp-content\/uploads\/2025\/11\/3-768x768.png 768w, https:\/\/lirolight.com\/wp-content\/uploads\/2025\/11\/3-1536x1536.png 1536w, https:\/\/lirolight.com\/wp-content\/uploads\/2025\/11\/3-2048x2048.png 2048w, https:\/\/lirolight.com\/wp-content\/uploads\/2025\/11\/3-12x12.png 12w, https:\/\/lirolight.com\/wp-content\/uploads\/2025\/11\/3-990x990.png 990w, https:\/\/lirolight.com\/wp-content\/uploads\/2025\/11\/3-441x441.png 441w, https:\/\/lirolight.com\/wp-content\/uploads\/2025\/11\/3-100x100.png 100w, https:\/\/lirolight.com\/wp-content\/uploads\/2025\/11\/3-800x800.png 800w, https:\/\/lirolight.com\/wp-content\/uploads\/2025\/11\/3-40x40.png 40w\" sizes=\"(max-width: 1024px) 100vw, 1024px\" \/><\/noscript><\/figure>\n\n\n\n<figure class=\"wp-block-image size-large\"><img loading=\"lazy\" decoding=\"async\" width=\"1024\" height=\"1024\" data-src=\"https:\/\/lirolight.com\/wp-content\/uploads\/2025\/11\/2-1024x1024.png\" alt=\"\" class=\"wp-image-9917 lazyload\" data-srcset=\"https:\/\/lirolight.com\/wp-content\/uploads\/2025\/11\/2-1024x1024.png 1024w, https:\/\/lirolight.com\/wp-content\/uploads\/2025\/11\/2-300x300.png 300w, https:\/\/lirolight.com\/wp-content\/uploads\/2025\/11\/2-150x150.png 150w, https:\/\/lirolight.com\/wp-content\/uploads\/2025\/11\/2-768x768.png 768w, https:\/\/lirolight.com\/wp-content\/uploads\/2025\/11\/2-1536x1536.png 1536w, https:\/\/lirolight.com\/wp-content\/uploads\/2025\/11\/2-2048x2048.png 2048w, https:\/\/lirolight.com\/wp-content\/uploads\/2025\/11\/2-12x12.png 12w, https:\/\/lirolight.com\/wp-content\/uploads\/2025\/11\/2-990x990.png 990w, https:\/\/lirolight.com\/wp-content\/uploads\/2025\/11\/2-441x441.png 441w, https:\/\/lirolight.com\/wp-content\/uploads\/2025\/11\/2-100x100.png 100w, https:\/\/lirolight.com\/wp-content\/uploads\/2025\/11\/2-800x800.png 800w, https:\/\/lirolight.com\/wp-content\/uploads\/2025\/11\/2-40x40.png 40w\" data-sizes=\"(max-width: 1024px) 100vw, 1024px\" src=\"data:image\/gif;base64,R0lGODlhAQABAAAAACH5BAEKAAEALAAAAAABAAEAAAICTAEAOw==\" style=\"--smush-placeholder-width: 1024px; --smush-placeholder-aspect-ratio: 1024\/1024;\" \/><noscript><img loading=\"lazy\" decoding=\"async\" width=\"1024\" height=\"1024\" src=\"https:\/\/lirolight.com\/wp-content\/uploads\/2025\/11\/2-1024x1024.png\" alt=\"\" class=\"wp-image-9917\" srcset=\"https:\/\/lirolight.com\/wp-content\/uploads\/2025\/11\/2-1024x1024.png 1024w, https:\/\/lirolight.com\/wp-content\/uploads\/2025\/11\/2-300x300.png 300w, https:\/\/lirolight.com\/wp-content\/uploads\/2025\/11\/2-150x150.png 150w, https:\/\/lirolight.com\/wp-content\/uploads\/2025\/11\/2-768x768.png 768w, https:\/\/lirolight.com\/wp-content\/uploads\/2025\/11\/2-1536x1536.png 1536w, https:\/\/lirolight.com\/wp-content\/uploads\/2025\/11\/2-2048x2048.png 2048w, https:\/\/lirolight.com\/wp-content\/uploads\/2025\/11\/2-12x12.png 12w, https:\/\/lirolight.com\/wp-content\/uploads\/2025\/11\/2-990x990.png 990w, https:\/\/lirolight.com\/wp-content\/uploads\/2025\/11\/2-441x441.png 441w, https:\/\/lirolight.com\/wp-content\/uploads\/2025\/11\/2-100x100.png 100w, https:\/\/lirolight.com\/wp-content\/uploads\/2025\/11\/2-800x800.png 800w, https:\/\/lirolight.com\/wp-content\/uploads\/2025\/11\/2-40x40.png 40w\" sizes=\"(max-width: 1024px) 100vw, 1024px\" \/><\/noscript><\/figure>\n<\/div>\n<\/div>\n\n\n\n<div class=\"wp-block-columns is-layout-flex wp-container-core-columns-is-layout-28f84493 wp-block-columns-is-layout-flex\">\n<div class=\"wp-block-column is-layout-flow wp-block-column-is-layout-flow\"><\/div>\n\n\n\n<div class=\"wp-block-column is-layout-flow wp-block-column-is-layout-flow\"><\/div>\n<\/div>\n\n\n\n<h2 class=\"wp-block-heading\">Sp\u00e9cification :<\/h2>\n\n\n\n<ul class=\"wp-block-list\">\n<li>Caract\u00e9ristiques : Derni\u00e8re carte m\u00e8re de troisi\u00e8me g\u00e9n\u00e9ration, prend en charge RDM et les affichages sont programmables. <\/li>\n\n\n\n<li>Puissance : 380W<\/li>\n\n\n\n<li>Temp\u00e9rature de couleur : 13000k<\/li>\n\n\n\n<li>Source de lumi\u00e8re : Module laser 300W<\/li>\n\n\n\n<li>Objectif optique : 180 mm<\/li>\n\n\n\n<li>CMJ : CMJ lin\u00e9aire <\/li>\n\n\n\n<li>Dur\u00e9e de vie de la source lumineuse : 15 000 heures<\/li>\n\n\n\n<li>Canaux : 19\/21 canaux DMX512 standard international<\/li>\n\n\n\n<li>Tension d'alimentation : AC 110V~240V\/50~60Hz<\/li>\n\n\n\n<li>Couleurs : 17 couleurs + effet arc-en-ciel + effet de brouillard ind\u00e9pendant<\/li>\n\n\n\n<li>Motifs : 29 motifs fixes + 1 lumi\u00e8re blanche<\/li>\n\n\n\n<li>Mise au point : Mise au point \u00e9lectronique lin\u00e9aire haute d\u00e9finition<\/li>\n\n\n\n<li>Prismes : 1 prisme octogonal, 1 miroir<\/li>\n\n\n\n<li>Angle du faisceau : 0,8 degr\u00e9s, faisceau net et puissant<\/li>\n\n\n\n<li>Modes de contr\u00f4le : DMX512 sc\u00e8ne\/ma\u00eetre\/esclave\/automatique<\/li>\n\n\n\n<li>Indice de protection : IP65<\/li>\n\n\n\n<li>Longue distance du faisceau laser et p\u00e9n\u00e9tration extr\u00eamement forte<\/li>\n\n\n\n<li>Aspect : Aluminium moul\u00e9 sous pression + alliage de magn\u00e9sium + plastique<\/li>\n\n\n\n<li>Dimensions de la lampe : 360x<em>292<\/em>x623mm<\/li>\n\n\n\n<li>Poids net : 23KG <\/li>\n\n\n\n<li>20 m\u00e8tres : \u00c9clairement 170 000 lux<\/li>\n\n\n\n<li>10 m\u00e8tres : \u00c9clairement 680 000 lux<\/li>\n<\/ul>\n\n\n\n<h2 class=\"wp-block-heading\"><strong>Param\u00e8tres :<\/strong><\/h2>\n\n\n\n<figure class=\"wp-block-table\"><table class=\"has-fixed-layout\"><tbody><tr><td>Tension large<\/td><td>AC100-240V, 50\/60Hz<\/td><\/tr><tr><td>Dur\u00e9e de vie<\/td><td>50 000 heures<\/td><\/tr><tr><td>Puissance<\/td><td>380W<\/td><\/tr><tr><td>Source LED<\/td><td>Module laser 300W<\/td><\/tr><tr><td>Lentille optique<\/td><td>180 mm<\/td><\/tr><tr><td>CMJ<\/td><td>CMJ lin\u00e9aire <\/td><\/tr><tr><td>Couleurs<\/td><td>17 couleurs + effet arc-en-ciel + effet de brouillard ind\u00e9pendant<\/td><\/tr><tr><td>Mod\u00e8les<\/td><td>29 motifs fixes + 1 lumi\u00e8re blanche<\/td><\/tr><tr><td>Prismes<\/td><td>8prisme+prisme lin\u00e9aire<\/td><\/tr><tr><td>Canaux de contr\u00f4le :<\/td><td>19\/21CH<\/td><\/tr><tr><td>Affichage<\/td><td>\u00c9cran LCD<\/td><\/tr><tr><td>Mode de connexion<\/td><td>DMX\/RDM\/Ma\u00eetre-esclave\/ Auto\/Artnet<\/td><\/tr><tr><td>PowerCon In\/Out<\/td><td>Connecteur True1<\/td><\/tr><tr><td>Indice de protection IP<\/td><td>IP66<\/td><\/tr><tr><td>Poids net<\/td><td>23KG<\/td><\/tr><\/tbody><\/table><\/figure>\n\n\n\n<h2 class=\"wp-block-heading\">Heure du spectacle :<\/h2>\n\n\n\n<div class=\"wp-block-columns is-layout-flex wp-container-core-columns-is-layout-28f84493 wp-block-columns-is-layout-flex\">\n<div class=\"wp-block-column is-layout-flow wp-block-column-is-layout-flow\">\n<figure class=\"wp-block-image size-large\"><img loading=\"lazy\" decoding=\"async\" width=\"602\" height=\"1024\" data-src=\"https:\/\/lirolight.com\/wp-content\/uploads\/2025\/11\/\u6548\u679c1-602x1024.jpg\" alt=\"\" class=\"wp-image-9923 lazyload\" data-srcset=\"https:\/\/lirolight.com\/wp-content\/uploads\/2025\/11\/\u6548\u679c1-602x1024.jpg 602w, https:\/\/lirolight.com\/wp-content\/uploads\/2025\/11\/\u6548\u679c1-176x300.jpg 176w, https:\/\/lirolight.com\/wp-content\/uploads\/2025\/11\/\u6548\u679c1-768x1307.jpg 768w, https:\/\/lirolight.com\/wp-content\/uploads\/2025\/11\/\u6548\u679c1-903x1536.jpg 903w, https:\/\/lirolight.com\/wp-content\/uploads\/2025\/11\/\u6548\u679c1-7x12.jpg 7w, https:\/\/lirolight.com\/wp-content\/uploads\/2025\/11\/\u6548\u679c1-990x1685.jpg 990w, https:\/\/lirolight.com\/wp-content\/uploads\/2025\/11\/\u6548\u679c1-441x750.jpg 441w, https:\/\/lirolight.com\/wp-content\/uploads\/2025\/11\/\u6548\u679c1-300x511.jpg 300w, https:\/\/lirolight.com\/wp-content\/uploads\/2025\/11\/\u6548\u679c1-800x1361.jpg 800w, https:\/\/lirolight.com\/wp-content\/uploads\/2025\/11\/\u6548\u679c1-150x255.jpg 150w, https:\/\/lirolight.com\/wp-content\/uploads\/2025\/11\/\u6548\u679c1-294x500.jpg 294w, https:\/\/lirolight.com\/wp-content\/uploads\/2025\/11\/\u6548\u679c1-24x40.jpg 24w, https:\/\/lirolight.com\/wp-content\/uploads\/2025\/11\/\u6548\u679c1.jpg 1170w\" data-sizes=\"(max-width: 602px) 100vw, 602px\" src=\"data:image\/gif;base64,R0lGODlhAQABAAAAACH5BAEKAAEALAAAAAABAAEAAAICTAEAOw==\" style=\"--smush-placeholder-width: 602px; --smush-placeholder-aspect-ratio: 602\/1024;\" \/><noscript><img loading=\"lazy\" decoding=\"async\" width=\"602\" height=\"1024\" src=\"https:\/\/lirolight.com\/wp-content\/uploads\/2025\/11\/\u6548\u679c1-602x1024.jpg\" alt=\"\" class=\"wp-image-9923\" srcset=\"https:\/\/lirolight.com\/wp-content\/uploads\/2025\/11\/\u6548\u679c1-602x1024.jpg 602w, https:\/\/lirolight.com\/wp-content\/uploads\/2025\/11\/\u6548\u679c1-176x300.jpg 176w, https:\/\/lirolight.com\/wp-content\/uploads\/2025\/11\/\u6548\u679c1-768x1307.jpg 768w, https:\/\/lirolight.com\/wp-content\/uploads\/2025\/11\/\u6548\u679c1-903x1536.jpg 903w, https:\/\/lirolight.com\/wp-content\/uploads\/2025\/11\/\u6548\u679c1-7x12.jpg 7w, https:\/\/lirolight.com\/wp-content\/uploads\/2025\/11\/\u6548\u679c1-990x1685.jpg 990w, https:\/\/lirolight.com\/wp-content\/uploads\/2025\/11\/\u6548\u679c1-441x750.jpg 441w, https:\/\/lirolight.com\/wp-content\/uploads\/2025\/11\/\u6548\u679c1-300x511.jpg 300w, https:\/\/lirolight.com\/wp-content\/uploads\/2025\/11\/\u6548\u679c1-800x1361.jpg 800w, https:\/\/lirolight.com\/wp-content\/uploads\/2025\/11\/\u6548\u679c1-150x255.jpg 150w, https:\/\/lirolight.com\/wp-content\/uploads\/2025\/11\/\u6548\u679c1-294x500.jpg 294w, https:\/\/lirolight.com\/wp-content\/uploads\/2025\/11\/\u6548\u679c1-24x40.jpg 24w, https:\/\/lirolight.com\/wp-content\/uploads\/2025\/11\/\u6548\u679c1.jpg 1170w\" sizes=\"(max-width: 602px) 100vw, 602px\" \/><\/noscript><\/figure>\n<\/div>\n\n\n\n<div class=\"wp-block-column is-layout-flow wp-block-column-is-layout-flow\">\n<figure class=\"wp-block-image size-large\"><img loading=\"lazy\" decoding=\"async\" width=\"594\" height=\"1024\" data-src=\"https:\/\/lirolight.com\/wp-content\/uploads\/2025\/11\/\u6548\u679c2-594x1024.jpg\" alt=\"\" class=\"wp-image-9924 lazyload\" data-srcset=\"https:\/\/lirolight.com\/wp-content\/uploads\/2025\/11\/\u6548\u679c2-594x1024.jpg 594w, https:\/\/lirolight.com\/wp-content\/uploads\/2025\/11\/\u6548\u679c2-174x300.jpg 174w, https:\/\/lirolight.com\/wp-content\/uploads\/2025\/11\/\u6548\u679c2-768x1324.jpg 768w, https:\/\/lirolight.com\/wp-content\/uploads\/2025\/11\/\u6548\u679c2-891x1536.jpg 891w, https:\/\/lirolight.com\/wp-content\/uploads\/2025\/11\/\u6548\u679c2-7x12.jpg 7w, https:\/\/lirolight.com\/wp-content\/uploads\/2025\/11\/\u6548\u679c2-990x1707.jpg 990w, https:\/\/lirolight.com\/wp-content\/uploads\/2025\/11\/\u6548\u679c2-441x760.jpg 441w, https:\/\/lirolight.com\/wp-content\/uploads\/2025\/11\/\u6548\u679c2-300x517.jpg 300w, https:\/\/lirolight.com\/wp-content\/uploads\/2025\/11\/\u6548\u679c2-800x1379.jpg 800w, https:\/\/lirolight.com\/wp-content\/uploads\/2025\/11\/\u6548\u679c2-150x259.jpg 150w, https:\/\/lirolight.com\/wp-content\/uploads\/2025\/11\/\u6548\u679c2-23x40.jpg 23w, https:\/\/lirolight.com\/wp-content\/uploads\/2025\/11\/\u6548\u679c2.jpg 1170w\" data-sizes=\"(max-width: 594px) 100vw, 594px\" src=\"data:image\/gif;base64,R0lGODlhAQABAAAAACH5BAEKAAEALAAAAAABAAEAAAICTAEAOw==\" style=\"--smush-placeholder-width: 594px; --smush-placeholder-aspect-ratio: 594\/1024;\" \/><noscript><img loading=\"lazy\" decoding=\"async\" width=\"594\" height=\"1024\" src=\"https:\/\/lirolight.com\/wp-content\/uploads\/2025\/11\/\u6548\u679c2-594x1024.jpg\" alt=\"\" class=\"wp-image-9924\" srcset=\"https:\/\/lirolight.com\/wp-content\/uploads\/2025\/11\/\u6548\u679c2-594x1024.jpg 594w, https:\/\/lirolight.com\/wp-content\/uploads\/2025\/11\/\u6548\u679c2-174x300.jpg 174w, https:\/\/lirolight.com\/wp-content\/uploads\/2025\/11\/\u6548\u679c2-768x1324.jpg 768w, https:\/\/lirolight.com\/wp-content\/uploads\/2025\/11\/\u6548\u679c2-891x1536.jpg 891w, https:\/\/lirolight.com\/wp-content\/uploads\/2025\/11\/\u6548\u679c2-7x12.jpg 7w, https:\/\/lirolight.com\/wp-content\/uploads\/2025\/11\/\u6548\u679c2-990x1707.jpg 990w, https:\/\/lirolight.com\/wp-content\/uploads\/2025\/11\/\u6548\u679c2-441x760.jpg 441w, https:\/\/lirolight.com\/wp-content\/uploads\/2025\/11\/\u6548\u679c2-300x517.jpg 300w, https:\/\/lirolight.com\/wp-content\/uploads\/2025\/11\/\u6548\u679c2-800x1379.jpg 800w, https:\/\/lirolight.com\/wp-content\/uploads\/2025\/11\/\u6548\u679c2-150x259.jpg 150w, https:\/\/lirolight.com\/wp-content\/uploads\/2025\/11\/\u6548\u679c2-23x40.jpg 23w, https:\/\/lirolight.com\/wp-content\/uploads\/2025\/11\/\u6548\u679c2.jpg 1170w\" sizes=\"(max-width: 594px) 100vw, 594px\" \/><\/noscript><\/figure>\n<\/div>\n<\/div>\n\n\n\n<p class=\"has-medium-font-size\"><strong>Lien vid\u00e9o :<\/strong><\/p>\n\n\n\n<p><a href=\"https:\/\/www.instagram.com\/p\/DRJv4r7EikG\" target=\"_blank\" rel=\"noopener\">https:\/\/www.instagram.com\/p\/DRJv4r7EikG<\/a><\/p>","protected":false},"excerpt":{"rendered":"<p>LR-IP BEAM300 Pictures: Specification: Parameters: Wide Voltage AC100-240V,50\/60Hz Lifespan 50,000 Hours Power 380W LED Source 300W Laser Module Optical Lens 180mm CMY Linear CMY Colors 17 colors + rainbow effect + independent fog effect Patterns 29 fixed patterns + 1 white light Prisms 8prism+linear prism Control Channels: 19\/21CH Display LCD display Connection mode DMX\/RDM\/Master-slave\/ Auto\/Artnet [&hellip;]<\/p>","protected":false},"featured_media":9919,"comment_status":"open","ping_status":"closed","template":"","meta":[],"product_brand":[],"product_cat":[64,51],"product_tag":[494,497,496,194,107,115,160,495],"class_list":{"0":"post-9915","1":"product","2":"type-product","3":"status-publish","4":"has-post-thumbnail","6":"product_cat-ip-beam-bsw","7":"product_cat-waterproof-series","8":"product_tag-beam-lights","9":"product_tag-beam-moving-head-light","10":"product_tag-laser-light","11":"product_tag-led-bar-light","12":"product_tag-movinghead","13":"product_tag-movingheadlights","14":"product_tag-stagelights","15":"product_tag-waterproof-laser-beam","17":"first","18":"instock","19":"shipping-taxable","20":"product-type-simple"},"_links":{"self":[{"href":"https:\/\/lirolight.com\/fr\/wp-json\/wp\/v2\/product\/9915","targetHints":{"allow":["GET"]}}],"collection":[{"href":"https:\/\/lirolight.com\/fr\/wp-json\/wp\/v2\/product"}],"about":[{"href":"https:\/\/lirolight.com\/fr\/wp-json\/wp\/v2\/types\/product"}],"replies":[{"embeddable":true,"href":"https:\/\/lirolight.com\/fr\/wp-json\/wp\/v2\/comments?post=9915"}],"version-history":[{"count":4,"href":"https:\/\/lirolight.com\/fr\/wp-json\/wp\/v2\/product\/9915\/revisions"}],"predecessor-version":[{"id":10451,"href":"https:\/\/lirolight.com\/fr\/wp-json\/wp\/v2\/product\/9915\/revisions\/10451"}],"wp:featuredmedia":[{"embeddable":true,"href":"https:\/\/lirolight.com\/fr\/wp-json\/wp\/v2\/media\/9919"}],"wp:attachment":[{"href":"https:\/\/lirolight.com\/fr\/wp-json\/wp\/v2\/media?parent=9915"}],"wp:term":[{"taxonomy":"product_brand","embeddable":true,"href":"https:\/\/lirolight.com\/fr\/wp-json\/wp\/v2\/product_brand?post=9915"},{"taxonomy":"product_cat","embeddable":true,"href":"https:\/\/lirolight.com\/fr\/wp-json\/wp\/v2\/product_cat?post=9915"},{"taxonomy":"product_tag","embeddable":true,"href":"https:\/\/lirolight.com\/fr\/wp-json\/wp\/v2\/product_tag?post=9915"}],"curies":[{"name":"wp","href":"https:\/\/api.w.org\/{rel}","templated":true}]}}