{"id":7301,"date":"2025-06-10T09:28:36","date_gmt":"2025-06-10T09:28:36","guid":{"rendered":"https:\/\/lirolight.com\/?post_type=product&#038;p=7301"},"modified":"2026-01-22T07:01:12","modified_gmt":"2026-01-22T07:01:12","slug":"ip66-outdoor-1940w-rgbw-rgb-led-strips-waterproof-wash-zoom-moving-head-light-for-stage-event","status":"publish","type":"product","link":"https:\/\/lirolight.com\/nl\/product\/ip66-outdoor-1940w-rgbw-rgb-led-strips-waterproof-wash-zoom-moving-head-light-for-stage-event\/","title":{"rendered":"LiRO-LITE IP66 Outdoor 19 * 40W RGBW + RGB Led-strips Waterdichte Wash Zoom Moving Head Light voor podium evenement"},"content":{"rendered":"<h2 class=\"wp-block-heading has-text-align-left\"><strong><mark style=\"background-color:#000000\" class=\"has-inline-color has-white-color\">LR-IP WASH B-OOG K15 <\/mark><\/strong><\/h2>\n\n\n\n<hr class=\"wp-block-separator has-alpha-channel-opacity\"\/>\n\n\n\n<h2 class=\"wp-block-heading\">Foto's:<\/h2>\n\n\n\n<div class=\"wp-block-columns is-layout-flex wp-container-core-columns-is-layout-28f84493 wp-block-columns-is-layout-flex\">\n<div class=\"wp-block-column is-layout-flow wp-block-column-is-layout-flow\">\n<figure class=\"wp-block-image size-large\"><img fetchpriority=\"high\" decoding=\"async\" width=\"1024\" height=\"1024\" src=\"https:\/\/lirolight.com\/wp-content\/uploads\/2025\/06\/\u767d4-1-1024x1024.png\" alt=\"\" class=\"wp-image-7292\" srcset=\"https:\/\/lirolight.com\/wp-content\/uploads\/2025\/06\/\u767d4-1-1024x1024.png 1024w, https:\/\/lirolight.com\/wp-content\/uploads\/2025\/06\/\u767d4-1-300x300.png 300w, https:\/\/lirolight.com\/wp-content\/uploads\/2025\/06\/\u767d4-1-150x150.png 150w, https:\/\/lirolight.com\/wp-content\/uploads\/2025\/06\/\u767d4-1-768x768.png 768w, https:\/\/lirolight.com\/wp-content\/uploads\/2025\/06\/\u767d4-1-1536x1536.png 1536w, https:\/\/lirolight.com\/wp-content\/uploads\/2025\/06\/\u767d4-1-12x12.png 12w, https:\/\/lirolight.com\/wp-content\/uploads\/2025\/06\/\u767d4-1-990x990.png 990w, https:\/\/lirolight.com\/wp-content\/uploads\/2025\/06\/\u767d4-1-441x441.png 441w, https:\/\/lirolight.com\/wp-content\/uploads\/2025\/06\/\u767d4-1-100x100.png 100w, https:\/\/lirolight.com\/wp-content\/uploads\/2025\/06\/\u767d4-1-800x800.png 800w, https:\/\/lirolight.com\/wp-content\/uploads\/2025\/06\/\u767d4-1-500x500.png 500w, https:\/\/lirolight.com\/wp-content\/uploads\/2025\/06\/\u767d4-1-40x40.png 40w, https:\/\/lirolight.com\/wp-content\/uploads\/2025\/06\/\u767d4-1.png 2000w\" sizes=\"(max-width: 1024px) 100vw, 1024px\" \/><\/figure>\n<\/div>\n\n\n\n<div class=\"wp-block-column is-layout-flow wp-block-column-is-layout-flow\">\n<figure class=\"wp-block-image size-large\"><img decoding=\"async\" width=\"1024\" height=\"1024\" data-src=\"https:\/\/lirolight.com\/wp-content\/uploads\/2025\/06\/\u767d2-2-1024x1024.png\" alt=\"\" class=\"wp-image-7293 lazyload\" data-srcset=\"https:\/\/lirolight.com\/wp-content\/uploads\/2025\/06\/\u767d2-2-1024x1024.png 1024w, https:\/\/lirolight.com\/wp-content\/uploads\/2025\/06\/\u767d2-2-300x300.png 300w, https:\/\/lirolight.com\/wp-content\/uploads\/2025\/06\/\u767d2-2-150x150.png 150w, https:\/\/lirolight.com\/wp-content\/uploads\/2025\/06\/\u767d2-2-768x768.png 768w, https:\/\/lirolight.com\/wp-content\/uploads\/2025\/06\/\u767d2-2-1536x1536.png 1536w, https:\/\/lirolight.com\/wp-content\/uploads\/2025\/06\/\u767d2-2-12x12.png 12w, https:\/\/lirolight.com\/wp-content\/uploads\/2025\/06\/\u767d2-2-990x990.png 990w, https:\/\/lirolight.com\/wp-content\/uploads\/2025\/06\/\u767d2-2-441x441.png 441w, https:\/\/lirolight.com\/wp-content\/uploads\/2025\/06\/\u767d2-2-100x100.png 100w, https:\/\/lirolight.com\/wp-content\/uploads\/2025\/06\/\u767d2-2-800x800.png 800w, https:\/\/lirolight.com\/wp-content\/uploads\/2025\/06\/\u767d2-2-500x500.png 500w, https:\/\/lirolight.com\/wp-content\/uploads\/2025\/06\/\u767d2-2-40x40.png 40w, https:\/\/lirolight.com\/wp-content\/uploads\/2025\/06\/\u767d2-2.png 2000w\" data-sizes=\"(max-width: 1024px) 100vw, 1024px\" src=\"data:image\/gif;base64,R0lGODlhAQABAAAAACH5BAEKAAEALAAAAAABAAEAAAICTAEAOw==\" style=\"--smush-placeholder-width: 1024px; --smush-placeholder-aspect-ratio: 1024\/1024;\" \/><noscript><img decoding=\"async\" width=\"1024\" height=\"1024\" src=\"https:\/\/lirolight.com\/wp-content\/uploads\/2025\/06\/\u767d2-2-1024x1024.png\" alt=\"\" class=\"wp-image-7293\" srcset=\"https:\/\/lirolight.com\/wp-content\/uploads\/2025\/06\/\u767d2-2-1024x1024.png 1024w, https:\/\/lirolight.com\/wp-content\/uploads\/2025\/06\/\u767d2-2-300x300.png 300w, https:\/\/lirolight.com\/wp-content\/uploads\/2025\/06\/\u767d2-2-150x150.png 150w, https:\/\/lirolight.com\/wp-content\/uploads\/2025\/06\/\u767d2-2-768x768.png 768w, https:\/\/lirolight.com\/wp-content\/uploads\/2025\/06\/\u767d2-2-1536x1536.png 1536w, https:\/\/lirolight.com\/wp-content\/uploads\/2025\/06\/\u767d2-2-12x12.png 12w, https:\/\/lirolight.com\/wp-content\/uploads\/2025\/06\/\u767d2-2-990x990.png 990w, https:\/\/lirolight.com\/wp-content\/uploads\/2025\/06\/\u767d2-2-441x441.png 441w, https:\/\/lirolight.com\/wp-content\/uploads\/2025\/06\/\u767d2-2-100x100.png 100w, https:\/\/lirolight.com\/wp-content\/uploads\/2025\/06\/\u767d2-2-800x800.png 800w, https:\/\/lirolight.com\/wp-content\/uploads\/2025\/06\/\u767d2-2-500x500.png 500w, https:\/\/lirolight.com\/wp-content\/uploads\/2025\/06\/\u767d2-2-40x40.png 40w, https:\/\/lirolight.com\/wp-content\/uploads\/2025\/06\/\u767d2-2.png 2000w\" sizes=\"(max-width: 1024px) 100vw, 1024px\" \/><\/noscript><\/figure>\n<\/div>\n<\/div>\n\n\n\n<div class=\"wp-block-columns is-layout-flex wp-container-core-columns-is-layout-28f84493 wp-block-columns-is-layout-flex\">\n<div class=\"wp-block-column is-layout-flow wp-block-column-is-layout-flow\">\n<figure class=\"wp-block-image size-large\"><img decoding=\"async\" width=\"1024\" height=\"1024\" data-src=\"https:\/\/lirolight.com\/wp-content\/uploads\/2025\/06\/\u767d6-1024x1024.png\" alt=\"\" class=\"wp-image-7287 lazyload\" data-srcset=\"https:\/\/lirolight.com\/wp-content\/uploads\/2025\/06\/\u767d6-1024x1024.png 1024w, https:\/\/lirolight.com\/wp-content\/uploads\/2025\/06\/\u767d6-300x300.png 300w, https:\/\/lirolight.com\/wp-content\/uploads\/2025\/06\/\u767d6-150x150.png 150w, https:\/\/lirolight.com\/wp-content\/uploads\/2025\/06\/\u767d6-768x768.png 768w, https:\/\/lirolight.com\/wp-content\/uploads\/2025\/06\/\u767d6-1536x1536.png 1536w, https:\/\/lirolight.com\/wp-content\/uploads\/2025\/06\/\u767d6-12x12.png 12w, https:\/\/lirolight.com\/wp-content\/uploads\/2025\/06\/\u767d6-990x990.png 990w, https:\/\/lirolight.com\/wp-content\/uploads\/2025\/06\/\u767d6-441x441.png 441w, https:\/\/lirolight.com\/wp-content\/uploads\/2025\/06\/\u767d6-100x100.png 100w, https:\/\/lirolight.com\/wp-content\/uploads\/2025\/06\/\u767d6-800x800.png 800w, https:\/\/lirolight.com\/wp-content\/uploads\/2025\/06\/\u767d6-40x40.png 40w, https:\/\/lirolight.com\/wp-content\/uploads\/2025\/06\/\u767d6.png 2000w\" data-sizes=\"(max-width: 1024px) 100vw, 1024px\" src=\"data:image\/gif;base64,R0lGODlhAQABAAAAACH5BAEKAAEALAAAAAABAAEAAAICTAEAOw==\" style=\"--smush-placeholder-width: 1024px; --smush-placeholder-aspect-ratio: 1024\/1024;\" \/><noscript><img decoding=\"async\" width=\"1024\" height=\"1024\" src=\"https:\/\/lirolight.com\/wp-content\/uploads\/2025\/06\/\u767d6-1024x1024.png\" alt=\"\" class=\"wp-image-7287\" srcset=\"https:\/\/lirolight.com\/wp-content\/uploads\/2025\/06\/\u767d6-1024x1024.png 1024w, https:\/\/lirolight.com\/wp-content\/uploads\/2025\/06\/\u767d6-300x300.png 300w, https:\/\/lirolight.com\/wp-content\/uploads\/2025\/06\/\u767d6-150x150.png 150w, https:\/\/lirolight.com\/wp-content\/uploads\/2025\/06\/\u767d6-768x768.png 768w, https:\/\/lirolight.com\/wp-content\/uploads\/2025\/06\/\u767d6-1536x1536.png 1536w, https:\/\/lirolight.com\/wp-content\/uploads\/2025\/06\/\u767d6-12x12.png 12w, https:\/\/lirolight.com\/wp-content\/uploads\/2025\/06\/\u767d6-990x990.png 990w, https:\/\/lirolight.com\/wp-content\/uploads\/2025\/06\/\u767d6-441x441.png 441w, https:\/\/lirolight.com\/wp-content\/uploads\/2025\/06\/\u767d6-100x100.png 100w, https:\/\/lirolight.com\/wp-content\/uploads\/2025\/06\/\u767d6-800x800.png 800w, https:\/\/lirolight.com\/wp-content\/uploads\/2025\/06\/\u767d6-40x40.png 40w, https:\/\/lirolight.com\/wp-content\/uploads\/2025\/06\/\u767d6.png 2000w\" sizes=\"(max-width: 1024px) 100vw, 1024px\" \/><\/noscript><\/figure>\n<\/div>\n\n\n\n<div class=\"wp-block-column is-layout-flow wp-block-column-is-layout-flow\">\n<figure class=\"wp-block-image size-large\"><img loading=\"lazy\" decoding=\"async\" width=\"1024\" height=\"1024\" data-src=\"https:\/\/lirolight.com\/wp-content\/uploads\/2025\/06\/\u767d24-1024x1024.png\" alt=\"\" class=\"wp-image-7290 lazyload\" data-srcset=\"https:\/\/lirolight.com\/wp-content\/uploads\/2025\/06\/\u767d24-1024x1024.png 1024w, https:\/\/lirolight.com\/wp-content\/uploads\/2025\/06\/\u767d24-300x300.png 300w, https:\/\/lirolight.com\/wp-content\/uploads\/2025\/06\/\u767d24-150x150.png 150w, https:\/\/lirolight.com\/wp-content\/uploads\/2025\/06\/\u767d24-768x768.png 768w, https:\/\/lirolight.com\/wp-content\/uploads\/2025\/06\/\u767d24-1536x1536.png 1536w, https:\/\/lirolight.com\/wp-content\/uploads\/2025\/06\/\u767d24-12x12.png 12w, https:\/\/lirolight.com\/wp-content\/uploads\/2025\/06\/\u767d24-990x990.png 990w, https:\/\/lirolight.com\/wp-content\/uploads\/2025\/06\/\u767d24-441x441.png 441w, https:\/\/lirolight.com\/wp-content\/uploads\/2025\/06\/\u767d24-100x100.png 100w, https:\/\/lirolight.com\/wp-content\/uploads\/2025\/06\/\u767d24-800x800.png 800w, https:\/\/lirolight.com\/wp-content\/uploads\/2025\/06\/\u767d24-40x40.png 40w, https:\/\/lirolight.com\/wp-content\/uploads\/2025\/06\/\u767d24.png 2000w\" data-sizes=\"(max-width: 1024px) 100vw, 1024px\" src=\"data:image\/gif;base64,R0lGODlhAQABAAAAACH5BAEKAAEALAAAAAABAAEAAAICTAEAOw==\" style=\"--smush-placeholder-width: 1024px; --smush-placeholder-aspect-ratio: 1024\/1024;\" \/><noscript><img loading=\"lazy\" decoding=\"async\" width=\"1024\" height=\"1024\" src=\"https:\/\/lirolight.com\/wp-content\/uploads\/2025\/06\/\u767d24-1024x1024.png\" alt=\"\" class=\"wp-image-7290\" srcset=\"https:\/\/lirolight.com\/wp-content\/uploads\/2025\/06\/\u767d24-1024x1024.png 1024w, https:\/\/lirolight.com\/wp-content\/uploads\/2025\/06\/\u767d24-300x300.png 300w, https:\/\/lirolight.com\/wp-content\/uploads\/2025\/06\/\u767d24-150x150.png 150w, https:\/\/lirolight.com\/wp-content\/uploads\/2025\/06\/\u767d24-768x768.png 768w, https:\/\/lirolight.com\/wp-content\/uploads\/2025\/06\/\u767d24-1536x1536.png 1536w, https:\/\/lirolight.com\/wp-content\/uploads\/2025\/06\/\u767d24-12x12.png 12w, https:\/\/lirolight.com\/wp-content\/uploads\/2025\/06\/\u767d24-990x990.png 990w, https:\/\/lirolight.com\/wp-content\/uploads\/2025\/06\/\u767d24-441x441.png 441w, https:\/\/lirolight.com\/wp-content\/uploads\/2025\/06\/\u767d24-100x100.png 100w, https:\/\/lirolight.com\/wp-content\/uploads\/2025\/06\/\u767d24-800x800.png 800w, https:\/\/lirolight.com\/wp-content\/uploads\/2025\/06\/\u767d24-40x40.png 40w, https:\/\/lirolight.com\/wp-content\/uploads\/2025\/06\/\u767d24.png 2000w\" sizes=\"(max-width: 1024px) 100vw, 1024px\" \/><\/noscript><\/figure>\n<\/div>\n\n\n\n<div class=\"wp-block-column is-layout-flow wp-block-column-is-layout-flow\">\n<figure class=\"wp-block-image size-large\"><img loading=\"lazy\" decoding=\"async\" width=\"1024\" height=\"1024\" data-src=\"https:\/\/lirolight.com\/wp-content\/uploads\/2025\/06\/\u767d22-1-1024x1024.png\" alt=\"\" class=\"wp-image-7294 lazyload\" data-srcset=\"https:\/\/lirolight.com\/wp-content\/uploads\/2025\/06\/\u767d22-1-1024x1024.png 1024w, https:\/\/lirolight.com\/wp-content\/uploads\/2025\/06\/\u767d22-1-300x300.png 300w, https:\/\/lirolight.com\/wp-content\/uploads\/2025\/06\/\u767d22-1-150x150.png 150w, https:\/\/lirolight.com\/wp-content\/uploads\/2025\/06\/\u767d22-1-768x768.png 768w, https:\/\/lirolight.com\/wp-content\/uploads\/2025\/06\/\u767d22-1-1536x1536.png 1536w, https:\/\/lirolight.com\/wp-content\/uploads\/2025\/06\/\u767d22-1-12x12.png 12w, https:\/\/lirolight.com\/wp-content\/uploads\/2025\/06\/\u767d22-1-990x990.png 990w, https:\/\/lirolight.com\/wp-content\/uploads\/2025\/06\/\u767d22-1-441x441.png 441w, https:\/\/lirolight.com\/wp-content\/uploads\/2025\/06\/\u767d22-1-100x100.png 100w, https:\/\/lirolight.com\/wp-content\/uploads\/2025\/06\/\u767d22-1-800x800.png 800w, https:\/\/lirolight.com\/wp-content\/uploads\/2025\/06\/\u767d22-1-500x500.png 500w, https:\/\/lirolight.com\/wp-content\/uploads\/2025\/06\/\u767d22-1-40x40.png 40w, https:\/\/lirolight.com\/wp-content\/uploads\/2025\/06\/\u767d22-1.png 2000w\" data-sizes=\"(max-width: 1024px) 100vw, 1024px\" src=\"data:image\/gif;base64,R0lGODlhAQABAAAAACH5BAEKAAEALAAAAAABAAEAAAICTAEAOw==\" style=\"--smush-placeholder-width: 1024px; --smush-placeholder-aspect-ratio: 1024\/1024;\" \/><noscript><img loading=\"lazy\" decoding=\"async\" width=\"1024\" height=\"1024\" src=\"https:\/\/lirolight.com\/wp-content\/uploads\/2025\/06\/\u767d22-1-1024x1024.png\" alt=\"\" class=\"wp-image-7294\" srcset=\"https:\/\/lirolight.com\/wp-content\/uploads\/2025\/06\/\u767d22-1-1024x1024.png 1024w, https:\/\/lirolight.com\/wp-content\/uploads\/2025\/06\/\u767d22-1-300x300.png 300w, https:\/\/lirolight.com\/wp-content\/uploads\/2025\/06\/\u767d22-1-150x150.png 150w, https:\/\/lirolight.com\/wp-content\/uploads\/2025\/06\/\u767d22-1-768x768.png 768w, https:\/\/lirolight.com\/wp-content\/uploads\/2025\/06\/\u767d22-1-1536x1536.png 1536w, https:\/\/lirolight.com\/wp-content\/uploads\/2025\/06\/\u767d22-1-12x12.png 12w, https:\/\/lirolight.com\/wp-content\/uploads\/2025\/06\/\u767d22-1-990x990.png 990w, https:\/\/lirolight.com\/wp-content\/uploads\/2025\/06\/\u767d22-1-441x441.png 441w, https:\/\/lirolight.com\/wp-content\/uploads\/2025\/06\/\u767d22-1-100x100.png 100w, https:\/\/lirolight.com\/wp-content\/uploads\/2025\/06\/\u767d22-1-800x800.png 800w, https:\/\/lirolight.com\/wp-content\/uploads\/2025\/06\/\u767d22-1-500x500.png 500w, https:\/\/lirolight.com\/wp-content\/uploads\/2025\/06\/\u767d22-1-40x40.png 40w, https:\/\/lirolight.com\/wp-content\/uploads\/2025\/06\/\u767d22-1.png 2000w\" sizes=\"(max-width: 1024px) 100vw, 1024px\" \/><\/noscript><\/figure>\n<\/div>\n<\/div>\n\n\n\n<h2 class=\"wp-block-heading\"><font style=\"vertical-align: inherit;\"><font style=\"vertical-align: inherit;\">Specificatie\uff1a<\/font><\/font><\/h2>\n\n\n\n<p>Spanning: AC90-240v 50-60HZ<br>Nominaal vermogen: 760W<br>Lichtbron: 19X40W (4-in-1 RGBW) LED-lampparels met hoge helderheid<br>Stralingshoek: 5-55\u00b0<br>Stroboscoop: 1-25 keer\/seconde met meerdere stroboscopische effecten<br>Dimmen: 0-100% lineair dimmen.<br>Kanaal: Ingebouwd 7 kanaalstanden 21\/35\/78\/92\/97\/30\/42\/106CH<br>Besturing: DMX512, zelfrijdend, spraakbesturing, RDM.<br>Horizontale scan: 540 graden + 16-bits fijnafstemming,<br>Verticale scan: 250 graden + 16-bits fijnafstemming<br>Weergave: Chinees en Engels scherm<br>Verpakkingsgrootte doos (\u00e9\u00e9n in \u00e9\u00e9n): 65<em>37<\/em>53 cm<br>Nettogewicht: 19,8kg<br>Brutogewicht: 23,4kg&nbsp;<\/p>\n\n\n\n<h2 class=\"wp-block-heading\">Kenmerken:<\/h2>\n\n\n\n<ol class=\"wp-block-list\">\n<li>Elke lamp kan afzonderlijk worden bediend.<\/li>\n\n\n\n<li>Het unieke honingraatontwerp van de lens kan traploos worden gedraaid voor verschillende dromerige effecten.<\/li>\n\n\n\n<li>Het scherm kan automatisch 180\u00b0 draaien om het aan te passen aan verschillende installatiehoeken.<\/li>\n\n\n\n<li>Het integreert meerdere effecten zoals focussen, stralen, verven en patronen.<\/li>\n\n\n\n<li>Geheugenfunctie voor scanpositie, die automatisch kan worden gereset.<\/li>\n\n\n\n<li>Met ventilatorkoeling en automatische temperatuurdetectie stopt het systeem automatisch met werken om de lamp te beschermen wanneer het detecteert dat de temperatuur te hoog is.<\/li>\n<\/ol>\n\n\n\n<h2 class=\"wp-block-heading\">Showtijd:<\/h2>\n\n\n\n<figure class=\"wp-block-image size-large\"><img loading=\"lazy\" decoding=\"async\" width=\"1024\" height=\"893\" data-src=\"https:\/\/lirolight.com\/wp-content\/uploads\/2025\/06\/\u5fae\u4fe1\u56fe\u7247_2025021914365011-1024x893.png\" alt=\"\" class=\"wp-image-7295 lazyload\" data-srcset=\"https:\/\/lirolight.com\/wp-content\/uploads\/2025\/06\/\u5fae\u4fe1\u56fe\u7247_2025021914365011-1024x893.png 1024w, https:\/\/lirolight.com\/wp-content\/uploads\/2025\/06\/\u5fae\u4fe1\u56fe\u7247_2025021914365011-300x262.png 300w, https:\/\/lirolight.com\/wp-content\/uploads\/2025\/06\/\u5fae\u4fe1\u56fe\u7247_2025021914365011-768x669.png 768w, https:\/\/lirolight.com\/wp-content\/uploads\/2025\/06\/\u5fae\u4fe1\u56fe\u7247_2025021914365011-1536x1339.png 1536w, https:\/\/lirolight.com\/wp-content\/uploads\/2025\/06\/\u5fae\u4fe1\u56fe\u7247_2025021914365011-2048x1785.png 2048w, https:\/\/lirolight.com\/wp-content\/uploads\/2025\/06\/\u5fae\u4fe1\u56fe\u7247_2025021914365011-14x12.png 14w, https:\/\/lirolight.com\/wp-content\/uploads\/2025\/06\/\u5fae\u4fe1\u56fe\u7247_2025021914365011-990x863.png 990w, https:\/\/lirolight.com\/wp-content\/uploads\/2025\/06\/\u5fae\u4fe1\u56fe\u7247_2025021914365011-441x384.png 441w, https:\/\/lirolight.com\/wp-content\/uploads\/2025\/06\/\u5fae\u4fe1\u56fe\u7247_2025021914365011-800x697.png 800w, https:\/\/lirolight.com\/wp-content\/uploads\/2025\/06\/\u5fae\u4fe1\u56fe\u7247_2025021914365011-150x131.png 150w, https:\/\/lirolight.com\/wp-content\/uploads\/2025\/06\/\u5fae\u4fe1\u56fe\u7247_2025021914365011-500x436.png 500w, https:\/\/lirolight.com\/wp-content\/uploads\/2025\/06\/\u5fae\u4fe1\u56fe\u7247_2025021914365011-46x40.png 46w\" data-sizes=\"(max-width: 1024px) 100vw, 1024px\" src=\"data:image\/gif;base64,R0lGODlhAQABAAAAACH5BAEKAAEALAAAAAABAAEAAAICTAEAOw==\" style=\"--smush-placeholder-width: 1024px; --smush-placeholder-aspect-ratio: 1024\/893;\" \/><noscript><img loading=\"lazy\" decoding=\"async\" width=\"1024\" height=\"893\" src=\"https:\/\/lirolight.com\/wp-content\/uploads\/2025\/06\/\u5fae\u4fe1\u56fe\u7247_2025021914365011-1024x893.png\" alt=\"\" class=\"wp-image-7295\" srcset=\"https:\/\/lirolight.com\/wp-content\/uploads\/2025\/06\/\u5fae\u4fe1\u56fe\u7247_2025021914365011-1024x893.png 1024w, https:\/\/lirolight.com\/wp-content\/uploads\/2025\/06\/\u5fae\u4fe1\u56fe\u7247_2025021914365011-300x262.png 300w, https:\/\/lirolight.com\/wp-content\/uploads\/2025\/06\/\u5fae\u4fe1\u56fe\u7247_2025021914365011-768x669.png 768w, https:\/\/lirolight.com\/wp-content\/uploads\/2025\/06\/\u5fae\u4fe1\u56fe\u7247_2025021914365011-1536x1339.png 1536w, https:\/\/lirolight.com\/wp-content\/uploads\/2025\/06\/\u5fae\u4fe1\u56fe\u7247_2025021914365011-2048x1785.png 2048w, https:\/\/lirolight.com\/wp-content\/uploads\/2025\/06\/\u5fae\u4fe1\u56fe\u7247_2025021914365011-14x12.png 14w, https:\/\/lirolight.com\/wp-content\/uploads\/2025\/06\/\u5fae\u4fe1\u56fe\u7247_2025021914365011-990x863.png 990w, https:\/\/lirolight.com\/wp-content\/uploads\/2025\/06\/\u5fae\u4fe1\u56fe\u7247_2025021914365011-441x384.png 441w, https:\/\/lirolight.com\/wp-content\/uploads\/2025\/06\/\u5fae\u4fe1\u56fe\u7247_2025021914365011-800x697.png 800w, https:\/\/lirolight.com\/wp-content\/uploads\/2025\/06\/\u5fae\u4fe1\u56fe\u7247_2025021914365011-150x131.png 150w, https:\/\/lirolight.com\/wp-content\/uploads\/2025\/06\/\u5fae\u4fe1\u56fe\u7247_2025021914365011-500x436.png 500w, https:\/\/lirolight.com\/wp-content\/uploads\/2025\/06\/\u5fae\u4fe1\u56fe\u7247_2025021914365011-46x40.png 46w\" sizes=\"(max-width: 1024px) 100vw, 1024px\" \/><\/noscript><\/figure>\n\n\n\n<h2 class=\"wp-block-heading\">Videolink:<\/h2>\n\n\n\n<p><a href=\"https:\/\/www.instagram.com\/p\/DOIpd7lkg4_\" target=\"_blank\" rel=\"noopener\">https:\/\/www.instagram.com\/p\/DOIpd7lkg4_<\/a><\/p>","protected":false},"excerpt":{"rendered":"<p>De B-EYE 1940 IP is een krachtige Led wash moving head light voor buiten met 19*40W RGBW LED's, met een zoomhoek van 4-45\u00b0. Het kleurtemperatuurbereik is 2500K-10000K, en het heeft dynamische effecten zoals \"vortex\" en \"caleidoscoop\". Ontwerp met magnesiumlegering voor betere warmteafvoer<\/p>\n<p>&nbsp;<\/p>","protected":false},"featured_media":7293,"comment_status":"open","ping_status":"closed","template":"","meta":[],"product_brand":[],"product_cat":[51,53],"product_tag":[],"class_list":{"0":"post-7301","1":"product","2":"type-product","3":"status-publish","4":"has-post-thumbnail","6":"product_cat-waterproof-series","7":"product_cat-ip-wash","9":"first","10":"instock","11":"shipping-taxable","12":"product-type-simple"},"_links":{"self":[{"href":"https:\/\/lirolight.com\/nl\/wp-json\/wp\/v2\/product\/7301","targetHints":{"allow":["GET"]}}],"collection":[{"href":"https:\/\/lirolight.com\/nl\/wp-json\/wp\/v2\/product"}],"about":[{"href":"https:\/\/lirolight.com\/nl\/wp-json\/wp\/v2\/types\/product"}],"replies":[{"embeddable":true,"href":"https:\/\/lirolight.com\/nl\/wp-json\/wp\/v2\/comments?post=7301"}],"version-history":[{"count":7,"href":"https:\/\/lirolight.com\/nl\/wp-json\/wp\/v2\/product\/7301\/revisions"}],"predecessor-version":[{"id":10647,"href":"https:\/\/lirolight.com\/nl\/wp-json\/wp\/v2\/product\/7301\/revisions\/10647"}],"wp:featuredmedia":[{"embeddable":true,"href":"https:\/\/lirolight.com\/nl\/wp-json\/wp\/v2\/media\/7293"}],"wp:attachment":[{"href":"https:\/\/lirolight.com\/nl\/wp-json\/wp\/v2\/media?parent=7301"}],"wp:term":[{"taxonomy":"product_brand","embeddable":true,"href":"https:\/\/lirolight.com\/nl\/wp-json\/wp\/v2\/product_brand?post=7301"},{"taxonomy":"product_cat","embeddable":true,"href":"https:\/\/lirolight.com\/nl\/wp-json\/wp\/v2\/product_cat?post=7301"},{"taxonomy":"product_tag","embeddable":true,"href":"https:\/\/lirolight.com\/nl\/wp-json\/wp\/v2\/product_tag?post=7301"}],"curies":[{"name":"wp","href":"https:\/\/api.w.org\/{rel}","templated":true}]}}