{"id":8206,"date":"2025-07-10T05:39:52","date_gmt":"2025-07-10T05:39:52","guid":{"rendered":"https:\/\/lirolight.com\/?post_type=product&#038;p=8206"},"modified":"2026-01-14T03:26:44","modified_gmt":"2026-01-14T03:26:44","slug":"ip65-led-waterproof-par-light-18x18w-rgbwa-uv-6in1-outdoor-led-par-can-light","status":"publish","type":"product","link":"https:\/\/lirolight.com\/nl\/product\/ip65-led-waterproof-par-light-18x18w-rgbwa-uv-6in1-outdoor-led-par-can-light\/","title":{"rendered":"LiRO-LITE IP65 Geleid Waterdicht Par Licht 18x18w Rgbwa uv 6in1 Buiten Geleid Par Kan Licht"},"content":{"rendered":"<h2 class=\"wp-block-heading\"><strong><mark style=\"background-color:#000000\" class=\"has-inline-color has-white-color\">LR-W1818P<\/mark><\/strong><\/h2>\n\n\n\n<hr class=\"wp-block-separator has-alpha-channel-opacity\"\/>\n\n\n\n<h2 class=\"wp-block-heading\">Foto's:<\/h2>\n\n\n\n<div class=\"wp-block-columns is-layout-flex wp-container-core-columns-is-layout-28f84493 wp-block-columns-is-layout-flex\">\n<div class=\"wp-block-column is-layout-flow wp-block-column-is-layout-flow\">\n<figure class=\"wp-block-image size-large\"><img fetchpriority=\"high\" decoding=\"async\" width=\"1024\" height=\"1024\" src=\"https:\/\/lirolight.com\/wp-content\/uploads\/2025\/07\/DM_16057_\u526f\u672c-1024x1024.png\" alt=\"\" class=\"wp-image-8257\" srcset=\"https:\/\/lirolight.com\/wp-content\/uploads\/2025\/07\/DM_16057_\u526f\u672c-1024x1024.png 1024w, https:\/\/lirolight.com\/wp-content\/uploads\/2025\/07\/DM_16057_\u526f\u672c-300x300.png 300w, https:\/\/lirolight.com\/wp-content\/uploads\/2025\/07\/DM_16057_\u526f\u672c-150x150.png 150w, https:\/\/lirolight.com\/wp-content\/uploads\/2025\/07\/DM_16057_\u526f\u672c-768x768.png 768w, https:\/\/lirolight.com\/wp-content\/uploads\/2025\/07\/DM_16057_\u526f\u672c-1536x1536.png 1536w, https:\/\/lirolight.com\/wp-content\/uploads\/2025\/07\/DM_16057_\u526f\u672c-12x12.png 12w, https:\/\/lirolight.com\/wp-content\/uploads\/2025\/07\/DM_16057_\u526f\u672c-990x990.png 990w, https:\/\/lirolight.com\/wp-content\/uploads\/2025\/07\/DM_16057_\u526f\u672c-441x441.png 441w, https:\/\/lirolight.com\/wp-content\/uploads\/2025\/07\/DM_16057_\u526f\u672c-100x100.png 100w, https:\/\/lirolight.com\/wp-content\/uploads\/2025\/07\/DM_16057_\u526f\u672c-800x800.png 800w, https:\/\/lirolight.com\/wp-content\/uploads\/2025\/07\/DM_16057_\u526f\u672c-500x500.png 500w, https:\/\/lirolight.com\/wp-content\/uploads\/2025\/07\/DM_16057_\u526f\u672c-40x40.png 40w, https:\/\/lirolight.com\/wp-content\/uploads\/2025\/07\/DM_16057_\u526f\u672c.png 2000w\" sizes=\"(max-width: 1024px) 100vw, 1024px\" \/><\/figure>\n<\/div>\n\n\n\n<div class=\"wp-block-column is-layout-flow wp-block-column-is-layout-flow\">\n<figure class=\"wp-block-image size-full is-resized\"><img decoding=\"async\" width=\"2000\" height=\"2000\" data-src=\"https:\/\/lirolight.com\/wp-content\/uploads\/2025\/07\/DM_16056_\u526f\u672c.png\" alt=\"\" class=\"wp-image-8256 lazyload\" style=\"--smush-placeholder-width: 2000px; --smush-placeholder-aspect-ratio: 2000\/2000;width:900px;height:auto\" data-srcset=\"https:\/\/lirolight.com\/wp-content\/uploads\/2025\/07\/DM_16056_\u526f\u672c.png 2000w, https:\/\/lirolight.com\/wp-content\/uploads\/2025\/07\/DM_16056_\u526f\u672c-300x300.png 300w, https:\/\/lirolight.com\/wp-content\/uploads\/2025\/07\/DM_16056_\u526f\u672c-1024x1024.png 1024w, https:\/\/lirolight.com\/wp-content\/uploads\/2025\/07\/DM_16056_\u526f\u672c-150x150.png 150w, https:\/\/lirolight.com\/wp-content\/uploads\/2025\/07\/DM_16056_\u526f\u672c-768x768.png 768w, https:\/\/lirolight.com\/wp-content\/uploads\/2025\/07\/DM_16056_\u526f\u672c-1536x1536.png 1536w, https:\/\/lirolight.com\/wp-content\/uploads\/2025\/07\/DM_16056_\u526f\u672c-12x12.png 12w, https:\/\/lirolight.com\/wp-content\/uploads\/2025\/07\/DM_16056_\u526f\u672c-990x990.png 990w, https:\/\/lirolight.com\/wp-content\/uploads\/2025\/07\/DM_16056_\u526f\u672c-441x441.png 441w, https:\/\/lirolight.com\/wp-content\/uploads\/2025\/07\/DM_16056_\u526f\u672c-100x100.png 100w, https:\/\/lirolight.com\/wp-content\/uploads\/2025\/07\/DM_16056_\u526f\u672c-800x800.png 800w, https:\/\/lirolight.com\/wp-content\/uploads\/2025\/07\/DM_16056_\u526f\u672c-500x500.png 500w, https:\/\/lirolight.com\/wp-content\/uploads\/2025\/07\/DM_16056_\u526f\u672c-40x40.png 40w\" data-sizes=\"(max-width: 2000px) 100vw, 2000px\" src=\"data:image\/gif;base64,R0lGODlhAQABAAAAACH5BAEKAAEALAAAAAABAAEAAAICTAEAOw==\" \/><noscript><img decoding=\"async\" width=\"2000\" height=\"2000\" src=\"https:\/\/lirolight.com\/wp-content\/uploads\/2025\/07\/DM_16056_\u526f\u672c.png\" alt=\"\" class=\"wp-image-8256\" style=\"width:900px;height:auto\" srcset=\"https:\/\/lirolight.com\/wp-content\/uploads\/2025\/07\/DM_16056_\u526f\u672c.png 2000w, https:\/\/lirolight.com\/wp-content\/uploads\/2025\/07\/DM_16056_\u526f\u672c-300x300.png 300w, https:\/\/lirolight.com\/wp-content\/uploads\/2025\/07\/DM_16056_\u526f\u672c-1024x1024.png 1024w, https:\/\/lirolight.com\/wp-content\/uploads\/2025\/07\/DM_16056_\u526f\u672c-150x150.png 150w, https:\/\/lirolight.com\/wp-content\/uploads\/2025\/07\/DM_16056_\u526f\u672c-768x768.png 768w, https:\/\/lirolight.com\/wp-content\/uploads\/2025\/07\/DM_16056_\u526f\u672c-1536x1536.png 1536w, https:\/\/lirolight.com\/wp-content\/uploads\/2025\/07\/DM_16056_\u526f\u672c-12x12.png 12w, https:\/\/lirolight.com\/wp-content\/uploads\/2025\/07\/DM_16056_\u526f\u672c-990x990.png 990w, https:\/\/lirolight.com\/wp-content\/uploads\/2025\/07\/DM_16056_\u526f\u672c-441x441.png 441w, https:\/\/lirolight.com\/wp-content\/uploads\/2025\/07\/DM_16056_\u526f\u672c-100x100.png 100w, https:\/\/lirolight.com\/wp-content\/uploads\/2025\/07\/DM_16056_\u526f\u672c-800x800.png 800w, https:\/\/lirolight.com\/wp-content\/uploads\/2025\/07\/DM_16056_\u526f\u672c-500x500.png 500w, https:\/\/lirolight.com\/wp-content\/uploads\/2025\/07\/DM_16056_\u526f\u672c-40x40.png 40w\" sizes=\"(max-width: 2000px) 100vw, 2000px\" \/><\/noscript><\/figure>\n<\/div>\n\n\n\n<div class=\"wp-block-column is-layout-flow wp-block-column-is-layout-flow\">\n<figure class=\"wp-block-image size-large\"><img decoding=\"async\" width=\"1024\" height=\"1024\" data-src=\"https:\/\/lirolight.com\/wp-content\/uploads\/2025\/07\/DM_16062_\u526f\u672c-1024x1024.png\" alt=\"\" class=\"wp-image-8258 lazyload\" data-srcset=\"https:\/\/lirolight.com\/wp-content\/uploads\/2025\/07\/DM_16062_\u526f\u672c-1024x1024.png 1024w, https:\/\/lirolight.com\/wp-content\/uploads\/2025\/07\/DM_16062_\u526f\u672c-300x300.png 300w, https:\/\/lirolight.com\/wp-content\/uploads\/2025\/07\/DM_16062_\u526f\u672c-150x150.png 150w, https:\/\/lirolight.com\/wp-content\/uploads\/2025\/07\/DM_16062_\u526f\u672c-768x768.png 768w, https:\/\/lirolight.com\/wp-content\/uploads\/2025\/07\/DM_16062_\u526f\u672c-1536x1536.png 1536w, https:\/\/lirolight.com\/wp-content\/uploads\/2025\/07\/DM_16062_\u526f\u672c-12x12.png 12w, https:\/\/lirolight.com\/wp-content\/uploads\/2025\/07\/DM_16062_\u526f\u672c-990x990.png 990w, https:\/\/lirolight.com\/wp-content\/uploads\/2025\/07\/DM_16062_\u526f\u672c-441x441.png 441w, https:\/\/lirolight.com\/wp-content\/uploads\/2025\/07\/DM_16062_\u526f\u672c-100x100.png 100w, https:\/\/lirolight.com\/wp-content\/uploads\/2025\/07\/DM_16062_\u526f\u672c-800x800.png 800w, https:\/\/lirolight.com\/wp-content\/uploads\/2025\/07\/DM_16062_\u526f\u672c-500x500.png 500w, https:\/\/lirolight.com\/wp-content\/uploads\/2025\/07\/DM_16062_\u526f\u672c-40x40.png 40w, https:\/\/lirolight.com\/wp-content\/uploads\/2025\/07\/DM_16062_\u526f\u672c.png 2000w\" data-sizes=\"(max-width: 1024px) 100vw, 1024px\" src=\"data:image\/gif;base64,R0lGODlhAQABAAAAACH5BAEKAAEALAAAAAABAAEAAAICTAEAOw==\" style=\"--smush-placeholder-width: 1024px; --smush-placeholder-aspect-ratio: 1024\/1024;\" \/><noscript><img decoding=\"async\" width=\"1024\" height=\"1024\" src=\"https:\/\/lirolight.com\/wp-content\/uploads\/2025\/07\/DM_16062_\u526f\u672c-1024x1024.png\" alt=\"\" class=\"wp-image-8258\" srcset=\"https:\/\/lirolight.com\/wp-content\/uploads\/2025\/07\/DM_16062_\u526f\u672c-1024x1024.png 1024w, https:\/\/lirolight.com\/wp-content\/uploads\/2025\/07\/DM_16062_\u526f\u672c-300x300.png 300w, https:\/\/lirolight.com\/wp-content\/uploads\/2025\/07\/DM_16062_\u526f\u672c-150x150.png 150w, https:\/\/lirolight.com\/wp-content\/uploads\/2025\/07\/DM_16062_\u526f\u672c-768x768.png 768w, https:\/\/lirolight.com\/wp-content\/uploads\/2025\/07\/DM_16062_\u526f\u672c-1536x1536.png 1536w, https:\/\/lirolight.com\/wp-content\/uploads\/2025\/07\/DM_16062_\u526f\u672c-12x12.png 12w, https:\/\/lirolight.com\/wp-content\/uploads\/2025\/07\/DM_16062_\u526f\u672c-990x990.png 990w, https:\/\/lirolight.com\/wp-content\/uploads\/2025\/07\/DM_16062_\u526f\u672c-441x441.png 441w, https:\/\/lirolight.com\/wp-content\/uploads\/2025\/07\/DM_16062_\u526f\u672c-100x100.png 100w, https:\/\/lirolight.com\/wp-content\/uploads\/2025\/07\/DM_16062_\u526f\u672c-800x800.png 800w, https:\/\/lirolight.com\/wp-content\/uploads\/2025\/07\/DM_16062_\u526f\u672c-500x500.png 500w, https:\/\/lirolight.com\/wp-content\/uploads\/2025\/07\/DM_16062_\u526f\u672c-40x40.png 40w, https:\/\/lirolight.com\/wp-content\/uploads\/2025\/07\/DM_16062_\u526f\u672c.png 2000w\" sizes=\"(max-width: 1024px) 100vw, 1024px\" \/><\/noscript><\/figure>\n<\/div>\n<\/div>\n\n\n\n<h2 class=\"wp-block-heading\"><font style=\"vertical-align: inherit;\"><font style=\"vertical-align: inherit;\">Specificatie\uff1a<\/font><\/font><\/h2>\n\n\n\n<p>Ingangsspanning: AC90-240V\/50-60 Hz<br>Nominaal vermogen: 400 (W)<br>De lichtbron: 18pcs LED 18W RGBWA UV 6in1 (kan worden aangepast)<br>Stroom: 600-700mA<br>Levensduur: 100 duizend uur<br>Projectieafstand : 10m-30m<br>Besturing: DMX512 master-slave regeling, zelfrijdend, geluidsregeling, geleidelijke, saltusstappen<br>Kanaal: 4\/8 kanalen (digitale weergave)<br>Behuizing: gegoten aluminium<br>Afmetingen: L33<em>24<\/em>34cm<br>Gewicht: 5 kg<br>Kleur: zwart<br>Armatuuraansluiting: Gegevens in\/uit stroom in\/uit<br>Koelsysteem: Koelventilator<br>Certificering: CE, ROHS<br>Waterdicht : IP65<br>Werkomgeving: -20\u00b0C~+40\u00b0C<\/p>\n\n\n\n<h2 class=\"wp-block-heading\">Parameter: <\/h2>\n\n\n\n<figure class=\"wp-block-table\"><table class=\"has-fixed-layout\"><tbody><tr><td>Breed Voltage<\/td><td>AC100-240V, 50\/60Hz<\/td><\/tr><tr><td>Lichtbron<\/td><td>18pcs LED 18W RGBWA UV 6in1 (kan worden aangepast)<\/td><\/tr><tr><td>Dimmer<\/td><td>0-100% lineair<\/td><\/tr><tr><td>Besturingsmodus<\/td><td>DMX512 master-slave regeling, zelfrijdend, geluidsregeling, geleidelijke, saltusstappen<\/td><\/tr><\/tbody><\/table><\/figure>\n\n\n\n<h2 class=\"wp-block-heading\">Kenmerken:<\/h2>\n\n\n\n<p>Waterdichte IP65-classificatie: Deze lamp heeft een IP65-classificatie, waardoor hij zeer goed bestand is tegen het binnendringen van water en stof. Dit maakt de lamp geschikt voor gebruik in buitenomgevingen of vochtige binnenruimtes, zodat hij zorgeloos kan werken in verschillende omgevingen.<br>18x18W RGBWAP LED's: De armatuur bevat 18 LED's van 18 watt, die elk RGB-kleuren (rood, groen, blauw) kunnen uitstralen, evenals wit (W), amber (A) en paars (P) licht, in totaal zes kleuren (RGBWAP). Dit maakt een ongelooflijk breed scala aan kleurmenging en -menging mogelijk, waardoor levendige en dynamische verlichtingseffecten kunnen worden gecre\u00eberd.<br>6in1 LED-technologie: De \"6in1\" aanduiding verwijst naar de integratie van zes verschillende kleuren LED's in de armatuur. Door deze kleuren te mengen kan het licht een bijna onbeperkt palet aan tinten produceren, wat de algehele visuele impact van podiumoptredens verbetert.<br>Toneelverlichting: De belangrijkste functie van podiumverlichting is het verlichten van achtergronden of muren, waardoor een brede en gelijkmatige lichtwaas ontstaat. Door de intensiteit en kleur van het licht aan te passen, kan het de diepte en textuur van het podium versterken, wat een boeiende visuele ervaring cre\u00ebert voor het publiek.<br>LED Effici\u00ebntie: Door het gebruik van LED-technologie biedt deze lamp een hoge energie-effici\u00ebntie, een lange levensduur en een laag stroomverbruik. Dit verlaagt niet alleen de bedrijfskosten, maar draagt ook bij aan een duurzamere en milieuvriendelijkere verlichtingsoplossing.<\/p>\n\n\n\n<h2 class=\"wp-block-heading\">Showtijd:<\/h2>\n\n\n\n<figure class=\"wp-block-image size-full is-resized\"><img loading=\"lazy\" decoding=\"async\" width=\"720\" height=\"720\" data-src=\"https:\/\/lirolight.com\/wp-content\/uploads\/2025\/07\/x2-1818.png\" alt=\"\" class=\"wp-image-8259 lazyload\" style=\"--smush-placeholder-width: 720px; --smush-placeholder-aspect-ratio: 720\/720;width:900px;height:auto\" data-srcset=\"https:\/\/lirolight.com\/wp-content\/uploads\/2025\/07\/x2-1818.png 720w, https:\/\/lirolight.com\/wp-content\/uploads\/2025\/07\/x2-1818-300x300.png 300w, https:\/\/lirolight.com\/wp-content\/uploads\/2025\/07\/x2-1818-150x150.png 150w, https:\/\/lirolight.com\/wp-content\/uploads\/2025\/07\/x2-1818-12x12.png 12w, https:\/\/lirolight.com\/wp-content\/uploads\/2025\/07\/x2-1818-441x441.png 441w, https:\/\/lirolight.com\/wp-content\/uploads\/2025\/07\/x2-1818-100x100.png 100w, https:\/\/lirolight.com\/wp-content\/uploads\/2025\/07\/x2-1818-500x500.png 500w, https:\/\/lirolight.com\/wp-content\/uploads\/2025\/07\/x2-1818-40x40.png 40w\" data-sizes=\"(max-width: 720px) 100vw, 720px\" src=\"data:image\/gif;base64,R0lGODlhAQABAAAAACH5BAEKAAEALAAAAAABAAEAAAICTAEAOw==\" \/><noscript><img loading=\"lazy\" decoding=\"async\" width=\"720\" height=\"720\" src=\"https:\/\/lirolight.com\/wp-content\/uploads\/2025\/07\/x2-1818.png\" alt=\"\" class=\"wp-image-8259\" style=\"width:900px;height:auto\" srcset=\"https:\/\/lirolight.com\/wp-content\/uploads\/2025\/07\/x2-1818.png 720w, https:\/\/lirolight.com\/wp-content\/uploads\/2025\/07\/x2-1818-300x300.png 300w, https:\/\/lirolight.com\/wp-content\/uploads\/2025\/07\/x2-1818-150x150.png 150w, https:\/\/lirolight.com\/wp-content\/uploads\/2025\/07\/x2-1818-12x12.png 12w, https:\/\/lirolight.com\/wp-content\/uploads\/2025\/07\/x2-1818-441x441.png 441w, https:\/\/lirolight.com\/wp-content\/uploads\/2025\/07\/x2-1818-100x100.png 100w, https:\/\/lirolight.com\/wp-content\/uploads\/2025\/07\/x2-1818-500x500.png 500w, https:\/\/lirolight.com\/wp-content\/uploads\/2025\/07\/x2-1818-40x40.png 40w\" sizes=\"(max-width: 720px) 100vw, 720px\" \/><\/noscript><\/figure>\n\n\n\n<div class=\"wp-block-columns is-layout-flex wp-container-core-columns-is-layout-28f84493 wp-block-columns-is-layout-flex\">\n<div class=\"wp-block-column is-layout-flow wp-block-column-is-layout-flow\">\n<figure class=\"wp-block-image size-full\"><img loading=\"lazy\" decoding=\"async\" width=\"552\" height=\"652\" data-src=\"https:\/\/lirolight.com\/wp-content\/uploads\/2025\/07\/x4-1818.png\" alt=\"\" class=\"wp-image-8262 lazyload\" data-srcset=\"https:\/\/lirolight.com\/wp-content\/uploads\/2025\/07\/x4-1818.png 552w, https:\/\/lirolight.com\/wp-content\/uploads\/2025\/07\/x4-1818-254x300.png 254w, https:\/\/lirolight.com\/wp-content\/uploads\/2025\/07\/x4-1818-10x12.png 10w, https:\/\/lirolight.com\/wp-content\/uploads\/2025\/07\/x4-1818-441x521.png 441w, https:\/\/lirolight.com\/wp-content\/uploads\/2025\/07\/x4-1818-300x354.png 300w, https:\/\/lirolight.com\/wp-content\/uploads\/2025\/07\/x4-1818-150x177.png 150w, https:\/\/lirolight.com\/wp-content\/uploads\/2025\/07\/x4-1818-423x500.png 423w, https:\/\/lirolight.com\/wp-content\/uploads\/2025\/07\/x4-1818-34x40.png 34w\" data-sizes=\"(max-width: 552px) 100vw, 552px\" src=\"data:image\/gif;base64,R0lGODlhAQABAAAAACH5BAEKAAEALAAAAAABAAEAAAICTAEAOw==\" style=\"--smush-placeholder-width: 552px; --smush-placeholder-aspect-ratio: 552\/652;\" \/><noscript><img loading=\"lazy\" decoding=\"async\" width=\"552\" height=\"652\" src=\"https:\/\/lirolight.com\/wp-content\/uploads\/2025\/07\/x4-1818.png\" alt=\"\" class=\"wp-image-8262\" srcset=\"https:\/\/lirolight.com\/wp-content\/uploads\/2025\/07\/x4-1818.png 552w, https:\/\/lirolight.com\/wp-content\/uploads\/2025\/07\/x4-1818-254x300.png 254w, https:\/\/lirolight.com\/wp-content\/uploads\/2025\/07\/x4-1818-10x12.png 10w, https:\/\/lirolight.com\/wp-content\/uploads\/2025\/07\/x4-1818-441x521.png 441w, https:\/\/lirolight.com\/wp-content\/uploads\/2025\/07\/x4-1818-300x354.png 300w, https:\/\/lirolight.com\/wp-content\/uploads\/2025\/07\/x4-1818-150x177.png 150w, https:\/\/lirolight.com\/wp-content\/uploads\/2025\/07\/x4-1818-423x500.png 423w, https:\/\/lirolight.com\/wp-content\/uploads\/2025\/07\/x4-1818-34x40.png 34w\" sizes=\"(max-width: 552px) 100vw, 552px\" \/><\/noscript><\/figure>\n<\/div>\n\n\n\n<div class=\"wp-block-column is-layout-flow wp-block-column-is-layout-flow\"><\/div>\n\n\n\n<div class=\"wp-block-column is-layout-flow wp-block-column-is-layout-flow\">\n<figure class=\"wp-block-image size-full\"><img loading=\"lazy\" decoding=\"async\" width=\"552\" height=\"640\" data-src=\"https:\/\/lirolight.com\/wp-content\/uploads\/2025\/07\/x5-1818.png\" alt=\"\" class=\"wp-image-8263 lazyload\" data-srcset=\"https:\/\/lirolight.com\/wp-content\/uploads\/2025\/07\/x5-1818.png 552w, https:\/\/lirolight.com\/wp-content\/uploads\/2025\/07\/x5-1818-259x300.png 259w, https:\/\/lirolight.com\/wp-content\/uploads\/2025\/07\/x5-1818-10x12.png 10w, https:\/\/lirolight.com\/wp-content\/uploads\/2025\/07\/x5-1818-441x511.png 441w, https:\/\/lirolight.com\/wp-content\/uploads\/2025\/07\/x5-1818-300x348.png 300w, https:\/\/lirolight.com\/wp-content\/uploads\/2025\/07\/x5-1818-150x174.png 150w, https:\/\/lirolight.com\/wp-content\/uploads\/2025\/07\/x5-1818-431x500.png 431w, https:\/\/lirolight.com\/wp-content\/uploads\/2025\/07\/x5-1818-35x40.png 35w\" data-sizes=\"(max-width: 552px) 100vw, 552px\" src=\"data:image\/gif;base64,R0lGODlhAQABAAAAACH5BAEKAAEALAAAAAABAAEAAAICTAEAOw==\" style=\"--smush-placeholder-width: 552px; --smush-placeholder-aspect-ratio: 552\/640;\" \/><noscript><img loading=\"lazy\" decoding=\"async\" width=\"552\" height=\"640\" src=\"https:\/\/lirolight.com\/wp-content\/uploads\/2025\/07\/x5-1818.png\" alt=\"\" class=\"wp-image-8263\" srcset=\"https:\/\/lirolight.com\/wp-content\/uploads\/2025\/07\/x5-1818.png 552w, https:\/\/lirolight.com\/wp-content\/uploads\/2025\/07\/x5-1818-259x300.png 259w, https:\/\/lirolight.com\/wp-content\/uploads\/2025\/07\/x5-1818-10x12.png 10w, https:\/\/lirolight.com\/wp-content\/uploads\/2025\/07\/x5-1818-441x511.png 441w, https:\/\/lirolight.com\/wp-content\/uploads\/2025\/07\/x5-1818-300x348.png 300w, https:\/\/lirolight.com\/wp-content\/uploads\/2025\/07\/x5-1818-150x174.png 150w, https:\/\/lirolight.com\/wp-content\/uploads\/2025\/07\/x5-1818-431x500.png 431w, https:\/\/lirolight.com\/wp-content\/uploads\/2025\/07\/x5-1818-35x40.png 35w\" sizes=\"(max-width: 552px) 100vw, 552px\" \/><\/noscript><\/figure>\n<\/div>\n<\/div>","protected":false},"excerpt":{"rendered":"<div class=\"QFw9Te BLojaf\">\n<div class=\"hlJJmd\">\n<div class=\"Bmcqed\" dir=\"ltr\">\n<div data-id=\"kvLWu\">\n<div data-slate-node=\"element\">De armatuur bevat 18 LED's van 18 watt, die elk RGB-kleuren (rood, groen, blauw) kunnen uitstralen, evenals wit (W), amber (A) en paars (P) licht, in totaal zes kleuren (RGBWAP). Dit maakt een ongelooflijk breed scala aan kleurmenging en -menging mogelijk, waardoor levendige en dynamische verlichtingseffecten kunnen worden gecre\u00eberd.<\/div>\n<\/div>\n<\/div>\n<\/div>\n<div class=\"cEWAef\">\u00a0<\/div>\n<div class=\"fXYY1b D5aOJc\">\u00a0<\/div>\n<div id=\"ow6\">\u00a0<\/div>\n<\/div>\n<div class=\"DVHrxd\">\u00a0<\/div>\n<div class=\"UdTY9 BwTYAc leDWne\" aria-hidden=\"true\" data-location=\"1\">\u00a0<\/div>\n<p>&nbsp;<\/p>\n<blockquote><p>\u00a0<\/p><\/blockquote>\n<p>&nbsp;<\/p>","protected":false},"featured_media":8256,"comment_status":"open","ping_status":"closed","template":"","meta":[],"product_brand":[],"product_cat":[58],"product_tag":[135,134,136],"class_list":{"0":"post-8206","1":"product","2":"type-product","3":"status-publish","4":"has-post-thumbnail","6":"product_cat-led-par-light","7":"product_tag-dj-par-light","8":"product_tag-led-par-light","9":"product_tag-pan-can","11":"first","12":"instock","13":"shipping-taxable","14":"product-type-simple"},"_links":{"self":[{"href":"https:\/\/lirolight.com\/nl\/wp-json\/wp\/v2\/product\/8206","targetHints":{"allow":["GET"]}}],"collection":[{"href":"https:\/\/lirolight.com\/nl\/wp-json\/wp\/v2\/product"}],"about":[{"href":"https:\/\/lirolight.com\/nl\/wp-json\/wp\/v2\/types\/product"}],"replies":[{"embeddable":true,"href":"https:\/\/lirolight.com\/nl\/wp-json\/wp\/v2\/comments?post=8206"}],"version-history":[{"count":4,"href":"https:\/\/lirolight.com\/nl\/wp-json\/wp\/v2\/product\/8206\/revisions"}],"predecessor-version":[{"id":10598,"href":"https:\/\/lirolight.com\/nl\/wp-json\/wp\/v2\/product\/8206\/revisions\/10598"}],"wp:featuredmedia":[{"embeddable":true,"href":"https:\/\/lirolight.com\/nl\/wp-json\/wp\/v2\/media\/8256"}],"wp:attachment":[{"href":"https:\/\/lirolight.com\/nl\/wp-json\/wp\/v2\/media?parent=8206"}],"wp:term":[{"taxonomy":"product_brand","embeddable":true,"href":"https:\/\/lirolight.com\/nl\/wp-json\/wp\/v2\/product_brand?post=8206"},{"taxonomy":"product_cat","embeddable":true,"href":"https:\/\/lirolight.com\/nl\/wp-json\/wp\/v2\/product_cat?post=8206"},{"taxonomy":"product_tag","embeddable":true,"href":"https:\/\/lirolight.com\/nl\/wp-json\/wp\/v2\/product_tag?post=8206"}],"curies":[{"name":"wp","href":"https:\/\/api.w.org\/{rel}","templated":true}]}}