{"id":9283,"date":"2025-08-12T06:47:22","date_gmt":"2025-08-12T06:47:22","guid":{"rendered":"https:\/\/lirolight.com\/?post_type=product&#038;p=9283"},"modified":"2026-01-12T08:26:18","modified_gmt":"2026-01-12T08:26:18","slug":"liro-lite-6x100w-cob-retro-light-led-hexaline-bar-light-led-flash-strobe-stage-light-with-rgb-auxiliary-light-backlight","status":"publish","type":"product","link":"https:\/\/lirolight.com\/nl\/product\/liro-lite-6x100w-cob-retro-light-led-hexaline-bar-light-led-flash-strobe-stage-light-with-rgb-auxiliary-light-backlight\/","title":{"rendered":"LiRO-LITE 6x100W COB Retro licht LED Hexaline Bar licht geleid Flash stroboscoop podium licht met RGB hulplicht achtergrondverlichting"},"content":{"rendered":"<h2 class=\"wp-block-heading\"><strong><mark style=\"background-color:#000000\" class=\"has-inline-color has-white-color\">LR-P2 RGB<\/mark><\/strong><\/h2>\n\n\n\n<hr class=\"wp-block-separator has-alpha-channel-opacity\"\/>\n\n\n\n<h2 class=\"wp-block-heading\">Foto's:<\/h2>\n\n\n\n<figure class=\"wp-block-image aligncenter size-full\"><img fetchpriority=\"high\" decoding=\"async\" width=\"960\" height=\"960\" src=\"https:\/\/lirolight.com\/wp-content\/uploads\/2025\/08\/LiRO-LITE-6x100W-COB-Retro-Light-LED-Hexaline-Bar-Light-Led-Strobe-Stage-Light-with-RGB-Auxiliary-Light-Backlight-5.png\" alt=\"\" class=\"wp-image-9291\" srcset=\"https:\/\/lirolight.com\/wp-content\/uploads\/2025\/08\/LiRO-LITE-6x100W-COB-Retro-Light-LED-Hexaline-Bar-Light-Led-Strobe-Stage-Light-with-RGB-Auxiliary-Light-Backlight-5.png 960w, https:\/\/lirolight.com\/wp-content\/uploads\/2025\/08\/LiRO-LITE-6x100W-COB-Retro-Light-LED-Hexaline-Bar-Light-Led-Strobe-Stage-Light-with-RGB-Auxiliary-Light-Backlight-5-300x300.png 300w, https:\/\/lirolight.com\/wp-content\/uploads\/2025\/08\/LiRO-LITE-6x100W-COB-Retro-Light-LED-Hexaline-Bar-Light-Led-Strobe-Stage-Light-with-RGB-Auxiliary-Light-Backlight-5-150x150.png 150w, https:\/\/lirolight.com\/wp-content\/uploads\/2025\/08\/LiRO-LITE-6x100W-COB-Retro-Light-LED-Hexaline-Bar-Light-Led-Strobe-Stage-Light-with-RGB-Auxiliary-Light-Backlight-5-768x768.png 768w, https:\/\/lirolight.com\/wp-content\/uploads\/2025\/08\/LiRO-LITE-6x100W-COB-Retro-Light-LED-Hexaline-Bar-Light-Led-Strobe-Stage-Light-with-RGB-Auxiliary-Light-Backlight-5-12x12.png 12w, https:\/\/lirolight.com\/wp-content\/uploads\/2025\/08\/LiRO-LITE-6x100W-COB-Retro-Light-LED-Hexaline-Bar-Light-Led-Strobe-Stage-Light-with-RGB-Auxiliary-Light-Backlight-5-441x441.png 441w, https:\/\/lirolight.com\/wp-content\/uploads\/2025\/08\/LiRO-LITE-6x100W-COB-Retro-Light-LED-Hexaline-Bar-Light-Led-Strobe-Stage-Light-with-RGB-Auxiliary-Light-Backlight-5-100x100.png 100w, https:\/\/lirolight.com\/wp-content\/uploads\/2025\/08\/LiRO-LITE-6x100W-COB-Retro-Light-LED-Hexaline-Bar-Light-Led-Strobe-Stage-Light-with-RGB-Auxiliary-Light-Backlight-5-800x800.png 800w, https:\/\/lirolight.com\/wp-content\/uploads\/2025\/08\/LiRO-LITE-6x100W-COB-Retro-Light-LED-Hexaline-Bar-Light-Led-Strobe-Stage-Light-with-RGB-Auxiliary-Light-Backlight-5-40x40.png 40w\" sizes=\"(max-width: 960px) 100vw, 960px\" \/><\/figure>\n\n\n\n<figure class=\"wp-block-image aligncenter size-full\"><img decoding=\"async\" width=\"2429\" height=\"1822\" data-src=\"https:\/\/lirolight.com\/wp-content\/uploads\/2025\/08\/LiRO-LITE-6x100W-COB-Retro-Light-LED-Hexaline-Bar-Light-Led-Strobe-Stage-Light-with-RGB-Auxiliary-Light-Backlight-7.jpg\" alt=\"\" class=\"wp-image-9293 lazyload\" data-srcset=\"https:\/\/lirolight.com\/wp-content\/uploads\/2025\/08\/LiRO-LITE-6x100W-COB-Retro-Light-LED-Hexaline-Bar-Light-Led-Strobe-Stage-Light-with-RGB-Auxiliary-Light-Backlight-7.jpg 2429w, https:\/\/lirolight.com\/wp-content\/uploads\/2025\/08\/LiRO-LITE-6x100W-COB-Retro-Light-LED-Hexaline-Bar-Light-Led-Strobe-Stage-Light-with-RGB-Auxiliary-Light-Backlight-7-300x225.jpg 300w, https:\/\/lirolight.com\/wp-content\/uploads\/2025\/08\/LiRO-LITE-6x100W-COB-Retro-Light-LED-Hexaline-Bar-Light-Led-Strobe-Stage-Light-with-RGB-Auxiliary-Light-Backlight-7-1024x768.jpg 1024w, https:\/\/lirolight.com\/wp-content\/uploads\/2025\/08\/LiRO-LITE-6x100W-COB-Retro-Light-LED-Hexaline-Bar-Light-Led-Strobe-Stage-Light-with-RGB-Auxiliary-Light-Backlight-7-768x576.jpg 768w, https:\/\/lirolight.com\/wp-content\/uploads\/2025\/08\/LiRO-LITE-6x100W-COB-Retro-Light-LED-Hexaline-Bar-Light-Led-Strobe-Stage-Light-with-RGB-Auxiliary-Light-Backlight-7-1536x1152.jpg 1536w, https:\/\/lirolight.com\/wp-content\/uploads\/2025\/08\/LiRO-LITE-6x100W-COB-Retro-Light-LED-Hexaline-Bar-Light-Led-Strobe-Stage-Light-with-RGB-Auxiliary-Light-Backlight-7-2048x1536.jpg 2048w, https:\/\/lirolight.com\/wp-content\/uploads\/2025\/08\/LiRO-LITE-6x100W-COB-Retro-Light-LED-Hexaline-Bar-Light-Led-Strobe-Stage-Light-with-RGB-Auxiliary-Light-Backlight-7-16x12.jpg 16w, https:\/\/lirolight.com\/wp-content\/uploads\/2025\/08\/LiRO-LITE-6x100W-COB-Retro-Light-LED-Hexaline-Bar-Light-Led-Strobe-Stage-Light-with-RGB-Auxiliary-Light-Backlight-7-990x743.jpg 990w, https:\/\/lirolight.com\/wp-content\/uploads\/2025\/08\/LiRO-LITE-6x100W-COB-Retro-Light-LED-Hexaline-Bar-Light-Led-Strobe-Stage-Light-with-RGB-Auxiliary-Light-Backlight-7-441x331.jpg 441w, https:\/\/lirolight.com\/wp-content\/uploads\/2025\/08\/LiRO-LITE-6x100W-COB-Retro-Light-LED-Hexaline-Bar-Light-Led-Strobe-Stage-Light-with-RGB-Auxiliary-Light-Backlight-7-800x600.jpg 800w, https:\/\/lirolight.com\/wp-content\/uploads\/2025\/08\/LiRO-LITE-6x100W-COB-Retro-Light-LED-Hexaline-Bar-Light-Led-Strobe-Stage-Light-with-RGB-Auxiliary-Light-Backlight-7-150x113.jpg 150w, https:\/\/lirolight.com\/wp-content\/uploads\/2025\/08\/LiRO-LITE-6x100W-COB-Retro-Light-LED-Hexaline-Bar-Light-Led-Strobe-Stage-Light-with-RGB-Auxiliary-Light-Backlight-7-53x40.jpg 53w\" data-sizes=\"(max-width: 2429px) 100vw, 2429px\" src=\"data:image\/gif;base64,R0lGODlhAQABAAAAACH5BAEKAAEALAAAAAABAAEAAAICTAEAOw==\" style=\"--smush-placeholder-width: 2429px; --smush-placeholder-aspect-ratio: 2429\/1822;\" \/><noscript><img decoding=\"async\" width=\"2429\" height=\"1822\" src=\"https:\/\/lirolight.com\/wp-content\/uploads\/2025\/08\/LiRO-LITE-6x100W-COB-Retro-Light-LED-Hexaline-Bar-Light-Led-Strobe-Stage-Light-with-RGB-Auxiliary-Light-Backlight-7.jpg\" alt=\"\" class=\"wp-image-9293\" srcset=\"https:\/\/lirolight.com\/wp-content\/uploads\/2025\/08\/LiRO-LITE-6x100W-COB-Retro-Light-LED-Hexaline-Bar-Light-Led-Strobe-Stage-Light-with-RGB-Auxiliary-Light-Backlight-7.jpg 2429w, https:\/\/lirolight.com\/wp-content\/uploads\/2025\/08\/LiRO-LITE-6x100W-COB-Retro-Light-LED-Hexaline-Bar-Light-Led-Strobe-Stage-Light-with-RGB-Auxiliary-Light-Backlight-7-300x225.jpg 300w, https:\/\/lirolight.com\/wp-content\/uploads\/2025\/08\/LiRO-LITE-6x100W-COB-Retro-Light-LED-Hexaline-Bar-Light-Led-Strobe-Stage-Light-with-RGB-Auxiliary-Light-Backlight-7-1024x768.jpg 1024w, https:\/\/lirolight.com\/wp-content\/uploads\/2025\/08\/LiRO-LITE-6x100W-COB-Retro-Light-LED-Hexaline-Bar-Light-Led-Strobe-Stage-Light-with-RGB-Auxiliary-Light-Backlight-7-768x576.jpg 768w, https:\/\/lirolight.com\/wp-content\/uploads\/2025\/08\/LiRO-LITE-6x100W-COB-Retro-Light-LED-Hexaline-Bar-Light-Led-Strobe-Stage-Light-with-RGB-Auxiliary-Light-Backlight-7-1536x1152.jpg 1536w, https:\/\/lirolight.com\/wp-content\/uploads\/2025\/08\/LiRO-LITE-6x100W-COB-Retro-Light-LED-Hexaline-Bar-Light-Led-Strobe-Stage-Light-with-RGB-Auxiliary-Light-Backlight-7-2048x1536.jpg 2048w, https:\/\/lirolight.com\/wp-content\/uploads\/2025\/08\/LiRO-LITE-6x100W-COB-Retro-Light-LED-Hexaline-Bar-Light-Led-Strobe-Stage-Light-with-RGB-Auxiliary-Light-Backlight-7-16x12.jpg 16w, https:\/\/lirolight.com\/wp-content\/uploads\/2025\/08\/LiRO-LITE-6x100W-COB-Retro-Light-LED-Hexaline-Bar-Light-Led-Strobe-Stage-Light-with-RGB-Auxiliary-Light-Backlight-7-990x743.jpg 990w, https:\/\/lirolight.com\/wp-content\/uploads\/2025\/08\/LiRO-LITE-6x100W-COB-Retro-Light-LED-Hexaline-Bar-Light-Led-Strobe-Stage-Light-with-RGB-Auxiliary-Light-Backlight-7-441x331.jpg 441w, https:\/\/lirolight.com\/wp-content\/uploads\/2025\/08\/LiRO-LITE-6x100W-COB-Retro-Light-LED-Hexaline-Bar-Light-Led-Strobe-Stage-Light-with-RGB-Auxiliary-Light-Backlight-7-800x600.jpg 800w, https:\/\/lirolight.com\/wp-content\/uploads\/2025\/08\/LiRO-LITE-6x100W-COB-Retro-Light-LED-Hexaline-Bar-Light-Led-Strobe-Stage-Light-with-RGB-Auxiliary-Light-Backlight-7-150x113.jpg 150w, https:\/\/lirolight.com\/wp-content\/uploads\/2025\/08\/LiRO-LITE-6x100W-COB-Retro-Light-LED-Hexaline-Bar-Light-Led-Strobe-Stage-Light-with-RGB-Auxiliary-Light-Backlight-7-53x40.jpg 53w\" sizes=\"(max-width: 2429px) 100vw, 2429px\" \/><\/noscript><\/figure>\n\n\n\n<h2 class=\"wp-block-heading\">Specificatie:<\/h2>\n\n\n\n<p>Spanning: AC100-240V, 50\/60HZ<br>Vermogen: 600W<br>Lichtbron: 6*100w heldere LED's+144 RGB 3IN1 LED's<br>Levensduur lichtbron: 100.000 uur<br>Kleurtemperatuur: 3200K-5600K<br>Functie: elke COB-lamp kan afzonderlijk worden bediend<br>Ingebouwde programma's: kleureffecten, dimmen, stroboscopische en achtervolgingseffecten<br>Dimmen: 0-100% lineaire aanpassing<br>Stroboscoop: 0-20 keer\/sec<br>DMX-kanaal: 3\/5\/10 kanalen optioneel<br>Besturingsmodus: DMX512, master-slave regeling, zelfrijdend, spraakbesturingsmodus<br>Beschermingsniveau: IP20<\/p>\n\n\n\n<h2 class=\"wp-block-heading\"><strong>Parameter:<\/strong><\/h2>\n\n\n\n<figure class=\"wp-block-table\"><table class=\"has-fixed-layout\"><tbody><tr><td>Stroom<\/td><td>600W<\/td><\/tr><tr><td>Aantal lichtbolletjes<\/td><td>6*100w heldere LED's+144 RGB 3IN1 LED's<\/td><\/tr><tr><td>lichtkraaltype<\/td><td>RGB drie-in-\u00e9\u00e9n lichtkraal + ge\u00efntegreerde lichtkraal<\/td><\/tr><tr><td>Stroboscoop<\/td><td>0-20 keer\/sec<\/td><\/tr><tr><td>Aantal DMX-besturingskanalen<\/td><td>3\/5\/10 kanalen optioneel<\/td><\/tr><tr><td>DMX-aansluiting<\/td><td>3-pins XLR<\/td><\/tr><\/tbody><\/table><\/figure>\n\n\n\n<div class=\"wp-block-columns is-layout-flex wp-container-core-columns-is-layout-28f84493 wp-block-columns-is-layout-flex\">\n<div class=\"wp-block-column is-layout-flow wp-block-column-is-layout-flow\">\n<h2 class=\"wp-block-heading\">Showtijd:<\/h2>\n<\/div>\n<\/div>\n\n\n\n<figure class=\"wp-block-image aligncenter size-full\"><img decoding=\"async\" width=\"800\" height=\"600\" data-src=\"https:\/\/lirolight.com\/wp-content\/uploads\/2025\/08\/LiRO-LITE-6x100W-COB-Retro-Light-LED-Hexaline-Bar-Light-Led-Strobe-Stage-Light-with-RGB-Auxiliary-Light-Backlight-x3.png\" alt=\"\" class=\"wp-image-9285 lazyload\" data-srcset=\"https:\/\/lirolight.com\/wp-content\/uploads\/2025\/08\/LiRO-LITE-6x100W-COB-Retro-Light-LED-Hexaline-Bar-Light-Led-Strobe-Stage-Light-with-RGB-Auxiliary-Light-Backlight-x3.png 800w, https:\/\/lirolight.com\/wp-content\/uploads\/2025\/08\/LiRO-LITE-6x100W-COB-Retro-Light-LED-Hexaline-Bar-Light-Led-Strobe-Stage-Light-with-RGB-Auxiliary-Light-Backlight-x3-300x225.png 300w, https:\/\/lirolight.com\/wp-content\/uploads\/2025\/08\/LiRO-LITE-6x100W-COB-Retro-Light-LED-Hexaline-Bar-Light-Led-Strobe-Stage-Light-with-RGB-Auxiliary-Light-Backlight-x3-768x576.png 768w, https:\/\/lirolight.com\/wp-content\/uploads\/2025\/08\/LiRO-LITE-6x100W-COB-Retro-Light-LED-Hexaline-Bar-Light-Led-Strobe-Stage-Light-with-RGB-Auxiliary-Light-Backlight-x3-16x12.png 16w, https:\/\/lirolight.com\/wp-content\/uploads\/2025\/08\/LiRO-LITE-6x100W-COB-Retro-Light-LED-Hexaline-Bar-Light-Led-Strobe-Stage-Light-with-RGB-Auxiliary-Light-Backlight-x3-441x331.png 441w, https:\/\/lirolight.com\/wp-content\/uploads\/2025\/08\/LiRO-LITE-6x100W-COB-Retro-Light-LED-Hexaline-Bar-Light-Led-Strobe-Stage-Light-with-RGB-Auxiliary-Light-Backlight-x3-150x113.png 150w, https:\/\/lirolight.com\/wp-content\/uploads\/2025\/08\/LiRO-LITE-6x100W-COB-Retro-Light-LED-Hexaline-Bar-Light-Led-Strobe-Stage-Light-with-RGB-Auxiliary-Light-Backlight-x3-53x40.png 53w\" data-sizes=\"(max-width: 800px) 100vw, 800px\" src=\"data:image\/gif;base64,R0lGODlhAQABAAAAACH5BAEKAAEALAAAAAABAAEAAAICTAEAOw==\" style=\"--smush-placeholder-width: 800px; --smush-placeholder-aspect-ratio: 800\/600;\" \/><noscript><img decoding=\"async\" width=\"800\" height=\"600\" src=\"https:\/\/lirolight.com\/wp-content\/uploads\/2025\/08\/LiRO-LITE-6x100W-COB-Retro-Light-LED-Hexaline-Bar-Light-Led-Strobe-Stage-Light-with-RGB-Auxiliary-Light-Backlight-x3.png\" alt=\"\" class=\"wp-image-9285\" srcset=\"https:\/\/lirolight.com\/wp-content\/uploads\/2025\/08\/LiRO-LITE-6x100W-COB-Retro-Light-LED-Hexaline-Bar-Light-Led-Strobe-Stage-Light-with-RGB-Auxiliary-Light-Backlight-x3.png 800w, https:\/\/lirolight.com\/wp-content\/uploads\/2025\/08\/LiRO-LITE-6x100W-COB-Retro-Light-LED-Hexaline-Bar-Light-Led-Strobe-Stage-Light-with-RGB-Auxiliary-Light-Backlight-x3-300x225.png 300w, https:\/\/lirolight.com\/wp-content\/uploads\/2025\/08\/LiRO-LITE-6x100W-COB-Retro-Light-LED-Hexaline-Bar-Light-Led-Strobe-Stage-Light-with-RGB-Auxiliary-Light-Backlight-x3-768x576.png 768w, https:\/\/lirolight.com\/wp-content\/uploads\/2025\/08\/LiRO-LITE-6x100W-COB-Retro-Light-LED-Hexaline-Bar-Light-Led-Strobe-Stage-Light-with-RGB-Auxiliary-Light-Backlight-x3-16x12.png 16w, https:\/\/lirolight.com\/wp-content\/uploads\/2025\/08\/LiRO-LITE-6x100W-COB-Retro-Light-LED-Hexaline-Bar-Light-Led-Strobe-Stage-Light-with-RGB-Auxiliary-Light-Backlight-x3-441x331.png 441w, https:\/\/lirolight.com\/wp-content\/uploads\/2025\/08\/LiRO-LITE-6x100W-COB-Retro-Light-LED-Hexaline-Bar-Light-Led-Strobe-Stage-Light-with-RGB-Auxiliary-Light-Backlight-x3-150x113.png 150w, https:\/\/lirolight.com\/wp-content\/uploads\/2025\/08\/LiRO-LITE-6x100W-COB-Retro-Light-LED-Hexaline-Bar-Light-Led-Strobe-Stage-Light-with-RGB-Auxiliary-Light-Backlight-x3-53x40.png 53w\" sizes=\"(max-width: 800px) 100vw, 800px\" \/><\/noscript><\/figure>","protected":false},"excerpt":{"rendered":"<div class=\"QFw9Te BLojaf\">\n<div class=\"hlJJmd\">\n<div class=\"Bmcqed\" dir=\"ltr\">\n<div data-id=\"kvLWu\">De 6x100W COB Retro Light Hexaline Bar is een krachtige 600W podiumverlichtingsarmatuur met zes heldere 100W LED's en 144 RGB 3-in-1 hulp-LED's voor veelzijdige achtergrondverlichting. Met een LED-levensduur van 100.000 uur en instelbare kleurtemperatuur (3200K-5600K) biedt het flexibele lichteffecten. Elke COB LED is afzonderlijk regelbaar en ondersteunt ingebouwde programma's zoals kleureffecten, 0-100% lineair dimmen, 0-20Hz stroboscoop en achtervolgingseffecten. Er zijn meerdere besturingsmodi: DMX512 (3\/5\/10 kanalen optioneel), master-slave, zelfsturend en stembesturing. Hij is ontworpen voor gebruik binnenshuis (IP20) en werkt op AC100-240V, 50\/60Hz, ideaal voor dynamische podiumoptredens.<\/div>\n<\/div>\n<\/div>\n<\/div>\n<blockquote><p>\u00a0<\/p><\/blockquote>\n<p>&nbsp;<\/p>","protected":false},"featured_media":9291,"comment_status":"open","ping_status":"closed","template":"","meta":[],"product_brand":[],"product_cat":[86],"product_tag":[297,301,298,269,300],"class_list":{"0":"post-9283","1":"product","2":"type-product","3":"status-publish","4":"has-post-thumbnail","6":"product_cat-led-retro-light","7":"product_tag-6x100w-cob-retro-light","8":"product_tag-led-flash-strobe-lighting","9":"product_tag-led-hexaline-bar-light","10":"product_tag-retro-stage-strobe-light","11":"product_tag-rgb-auxiliary-light-backlight","13":"first","14":"instock","15":"shipping-taxable","16":"product-type-simple"},"_links":{"self":[{"href":"https:\/\/lirolight.com\/nl\/wp-json\/wp\/v2\/product\/9283","targetHints":{"allow":["GET"]}}],"collection":[{"href":"https:\/\/lirolight.com\/nl\/wp-json\/wp\/v2\/product"}],"about":[{"href":"https:\/\/lirolight.com\/nl\/wp-json\/wp\/v2\/types\/product"}],"replies":[{"embeddable":true,"href":"https:\/\/lirolight.com\/nl\/wp-json\/wp\/v2\/comments?post=9283"}],"version-history":[{"count":5,"href":"https:\/\/lirolight.com\/nl\/wp-json\/wp\/v2\/product\/9283\/revisions"}],"predecessor-version":[{"id":10461,"href":"https:\/\/lirolight.com\/nl\/wp-json\/wp\/v2\/product\/9283\/revisions\/10461"}],"wp:featuredmedia":[{"embeddable":true,"href":"https:\/\/lirolight.com\/nl\/wp-json\/wp\/v2\/media\/9291"}],"wp:attachment":[{"href":"https:\/\/lirolight.com\/nl\/wp-json\/wp\/v2\/media?parent=9283"}],"wp:term":[{"taxonomy":"product_brand","embeddable":true,"href":"https:\/\/lirolight.com\/nl\/wp-json\/wp\/v2\/product_brand?post=9283"},{"taxonomy":"product_cat","embeddable":true,"href":"https:\/\/lirolight.com\/nl\/wp-json\/wp\/v2\/product_cat?post=9283"},{"taxonomy":"product_tag","embeddable":true,"href":"https:\/\/lirolight.com\/nl\/wp-json\/wp\/v2\/product_tag?post=9283"}],"curies":[{"name":"wp","href":"https:\/\/api.w.org\/{rel}","templated":true}]}}