{"id":8341,"date":"2025-07-17T03:35:38","date_gmt":"2025-07-17T03:35:38","guid":{"rendered":"https:\/\/lirolight.com\/?page_id=8341"},"modified":"2025-07-17T03:59:47","modified_gmt":"2025-07-17T03:59:47","slug":"privacy-policy-2","status":"publish","type":"page","link":"https:\/\/lirolight.com\/pt\/privacy-policy-2\/","title":{"rendered":"Pol\u00edtica de privacidade"},"content":{"rendered":"<p>\u00daltima atualiza\u00e7\u00e3o: 17 de julho de 2025<\/p>\n\n\n\n<p>Esta Pol\u00edtica de Privacidade descreve nossas pol\u00edticas e procedimentos sobre a coleta, o uso e a divulga\u00e7\u00e3o de suas informa\u00e7\u00f5es quando voc\u00ea usa o Servi\u00e7o e informa sobre seus direitos de privacidade e como a lei o protege.<\/p>\n\n\n\n<p>Usamos seus dados pessoais para fornecer e aprimorar o Servi\u00e7o. Ao usar o Servi\u00e7o, voc\u00ea concorda com a coleta e o uso de informa\u00e7\u00f5es de acordo com esta Pol\u00edtica de Privacidade.<\/p>\n\n\n\n<h2 class=\"wp-block-heading\">Interpreta\u00e7\u00e3o e defini\u00e7\u00f5es<\/h2>\n\n\n\n<h3 class=\"wp-block-heading\">Interpreta\u00e7\u00e3o<\/h3>\n\n\n\n<p>As palavras cuja letra inicial est\u00e1 em mai\u00fascula t\u00eam significados definidos nas seguintes condi\u00e7\u00f5es. As defini\u00e7\u00f5es a seguir ter\u00e3o o mesmo significado, independentemente de aparecerem no singular ou no plural.<\/p>\n\n\n\n<h3 class=\"wp-block-heading\">Defini\u00e7\u00f5es<\/h3>\n\n\n\n<p>Para os fins desta Pol\u00edtica de Privacidade:<\/p>\n\n\n\n<ul class=\"wp-block-list\">\n<li><p><strong>Conta<\/strong> significa uma conta exclusiva criada para que Voc\u00ea acesse nosso Servi\u00e7o ou partes dele.<\/p><\/li>\n\n\n\n<li><p><strong>Afiliada<\/strong> significa uma entidade que controla, \u00e9 controlada por ou est\u00e1 sob controle comum com uma parte, sendo que \"controle\" significa a propriedade de 50% ou mais das a\u00e7\u00f5es, participa\u00e7\u00e3o acion\u00e1ria ou outros t\u00edtulos com direito a voto para elei\u00e7\u00e3o de diretores ou outra autoridade administrativa.<\/p><\/li>\n\n\n\n<li><p><strong>Empresa<\/strong> (referida como \"a Empresa\", \"N\u00f3s\", \"Nos\" ou \"Nosso\" neste Contrato) refere-se \u00e0 GUANGZHOU LIRO LIGHTING CO.,LTD, Xinsheng Technology Park, No. 166 Yingbin Avenue, Huadu District, Guangzhou,510800,CHINA.<\/p><\/li>\n\n\n\n<li><p><strong>Cookies<\/strong> s\u00e3o pequenos arquivos que s\u00e3o colocados em seu computador, dispositivo m\u00f3vel ou qualquer outro dispositivo por um site, contendo os detalhes de seu hist\u00f3rico de navega\u00e7\u00e3o nesse site, entre outros usos.<\/p><\/li>\n\n\n\n<li><p><strong>Pa\u00eds<\/strong> refere-se a:  China<\/p><\/li>\n\n\n\n<li><p><strong>Dispositivo<\/strong> significa qualquer dispositivo que possa acessar o Servi\u00e7o, como um computador, um celular ou um tablet digital.<\/p><\/li>\n\n\n\n<li><p><strong>Dados pessoais<\/strong> \u00e9 qualquer informa\u00e7\u00e3o relacionada a um indiv\u00edduo identificado ou identific\u00e1vel.<\/p><\/li>\n\n\n\n<li><p><strong>Servi\u00e7o<\/strong> refere-se ao Site.<\/p><\/li>\n\n\n\n<li><p><strong>Provedor de servi\u00e7os<\/strong> significa qualquer pessoa f\u00edsica ou jur\u00eddica que processa os dados em nome da Empresa. Refere-se a empresas terceirizadas ou indiv\u00edduos empregados pela Empresa para facilitar o Servi\u00e7o, para fornecer o Servi\u00e7o em nome da Empresa, para realizar servi\u00e7os relacionados ao Servi\u00e7o ou para auxiliar a Empresa a analisar como o Servi\u00e7o \u00e9 usado.<\/p><\/li>\n\n\n\n<li><p><strong>Servi\u00e7o de m\u00eddia social de terceiros<\/strong> refere-se a qualquer site ou site de rede social por meio do qual um Usu\u00e1rio pode fazer login ou criar uma conta para usar o Servi\u00e7o.<\/p><\/li>\n\n\n\n<li><p><strong>Dados de uso<\/strong> refere-se a dados coletados automaticamente, gerados pelo uso do Servi\u00e7o ou da pr\u00f3pria infraestrutura do Servi\u00e7o (por exemplo, a dura\u00e7\u00e3o de uma visita \u00e0 p\u00e1gina).<\/p><\/li>\n\n\n\n<li><p><strong>Site<\/strong> refere-se ao lirolight, acess\u00edvel a partir de <a href=\"https:\/\/lirolight.com\/pt\/\" target=\"_blank\" rel=\"external nofollow noopener\">https:\/\/lirolight.com\/<\/a><\/p><\/li>\n\n\n\n<li><p><strong>Voc\u00ea<\/strong> significa o indiv\u00edduo que est\u00e1 acessando ou usando o Servi\u00e7o, ou a empresa ou outra entidade legal em nome da qual esse indiv\u00edduo est\u00e1 acessando ou usando o Servi\u00e7o, conforme aplic\u00e1vel.<\/p><\/li>\n<\/ul>\n\n\n\n<h2 class=\"wp-block-heading\">Coleta e uso de seus dados pessoais<\/h2>\n\n\n\n<h3 class=\"wp-block-heading\">Tipos de dados coletados<\/h3>\n\n\n\n<h4 class=\"wp-block-heading\">Dados pessoais<\/h4>\n\n\n\n<p>Ao usar nosso Servi\u00e7o, podemos solicitar que voc\u00ea nos forne\u00e7a determinadas informa\u00e7\u00f5es de identifica\u00e7\u00e3o pessoal que podem ser usadas para contat\u00e1-lo ou identific\u00e1-lo. As informa\u00e7\u00f5es de identifica\u00e7\u00e3o pessoal podem incluir, mas n\u00e3o est\u00e3o limitadas a:<\/p>\n\n\n\n<ul class=\"wp-block-list\">\n<li><p>Endere\u00e7o de e-mail<\/p><\/li>\n\n\n\n<li><p>Nome e sobrenome<\/p><\/li>\n\n\n\n<li><p>N\u00famero de telefone<\/p><\/li>\n\n\n\n<li><p>Endere\u00e7o, estado, prov\u00edncia, CEP\/c\u00f3digo postal, cidade<\/p><\/li>\n\n\n\n<li><p>Dados de uso<\/p><\/li>\n<\/ul>\n\n\n\n<h4 class=\"wp-block-heading\">Dados de uso<\/h4>\n\n\n\n<p>Os Dados de Uso s\u00e3o coletados automaticamente ao usar o Servi\u00e7o.<\/p>\n\n\n\n<p>Os Dados de Uso podem incluir informa\u00e7\u00f5es como o endere\u00e7o de Protocolo de Internet do seu Dispositivo (por exemplo, endere\u00e7o IP), tipo de navegador, vers\u00e3o do navegador, as p\u00e1ginas do nosso Servi\u00e7o que voc\u00ea visita, a hora e a data da sua visita, o tempo gasto nessas p\u00e1ginas, identificadores exclusivos de dispositivos e outros dados de diagn\u00f3stico.<\/p>\n\n\n\n<p>Quando voc\u00ea acessa o Servi\u00e7o por ou por meio de um dispositivo m\u00f3vel, podemos coletar determinadas informa\u00e7\u00f5es automaticamente, incluindo, entre outras, o tipo de dispositivo m\u00f3vel que voc\u00ea usa, a ID exclusiva do seu dispositivo m\u00f3vel, o endere\u00e7o IP do seu dispositivo m\u00f3vel, o sistema operacional do seu dispositivo m\u00f3vel, o tipo de navegador de Internet m\u00f3vel que voc\u00ea usa, identificadores exclusivos de dispositivos e outros dados de diagn\u00f3stico.<\/p>\n\n\n\n<p>Tamb\u00e9m podemos coletar informa\u00e7\u00f5es que seu navegador envia sempre que voc\u00ea visita nosso Servi\u00e7o ou quando voc\u00ea acessa o Servi\u00e7o por meio de um dispositivo m\u00f3vel.<\/p>\n\n\n\n<h4 class=\"wp-block-heading\">Informa\u00e7\u00f5es de servi\u00e7os de m\u00eddia social de terceiros<\/h4>\n\n\n\n<p>A Empresa permite que Voc\u00ea crie uma conta e fa\u00e7a login para usar o Servi\u00e7o por meio dos seguintes Servi\u00e7os de M\u00eddia Social de Terceiros:<\/p>\n\n\n\n<ul class=\"wp-block-list\">\n<li>Google<\/li>\n\n\n\n<li>Facebook<\/li>\n\n\n\n<li>Instagram<\/li>\n\n\n\n<li>Twitter<\/li>\n\n\n\n<li>LinkedIn<\/li>\n<\/ul>\n\n\n\n<p>Se voc\u00ea decidir se registrar por meio de um Servi\u00e7o de m\u00eddia social de terceiros ou nos conceder acesso a ele, poderemos coletar dados pessoais que j\u00e1 estejam associados \u00e0 sua conta do Servi\u00e7o de m\u00eddia social de terceiros, como seu nome, seu endere\u00e7o de e-mail, suas atividades ou sua lista de contatos associada a essa conta.<\/p>\n\n\n\n<p>Voc\u00ea tamb\u00e9m poder\u00e1 ter a op\u00e7\u00e3o de compartilhar informa\u00e7\u00f5es adicionais com a Empresa por meio da conta do seu servi\u00e7o de m\u00eddia social de terceiros. Se optar por fornecer tais informa\u00e7\u00f5es e Dados Pessoais, durante o registro ou de outra forma, estar\u00e1 dando permiss\u00e3o \u00e0 Empresa para us\u00e1-los, compartilh\u00e1-los e armazen\u00e1-los de maneira consistente com esta Pol\u00edtica de Privacidade.<\/p>\n\n\n\n<h4 class=\"wp-block-heading\">Tecnologias de rastreamento e cookies<\/h4>\n\n\n\n<p>Usamos cookies e tecnologias de rastreamento semelhantes para rastrear a atividade em nosso Servi\u00e7o e armazenar determinadas informa\u00e7\u00f5es. As tecnologias de rastreamento usadas s\u00e3o beacons, tags e scripts para coletar e rastrear informa\u00e7\u00f5es e para melhorar e analisar nosso Servi\u00e7o. As tecnologias que usamos podem incluir:<\/p>\n\n\n\n<ul class=\"wp-block-list\">\n<li><strong>Cookies ou cookies de navegador.<\/strong> Um cookie \u00e9 um pequeno arquivo colocado em seu dispositivo. Voc\u00ea pode instruir seu navegador a recusar todos os cookies ou a indicar quando um cookie est\u00e1 sendo enviado. Entretanto, se voc\u00ea n\u00e3o aceitar cookies, talvez n\u00e3o consiga usar algumas partes do nosso Servi\u00e7o. A menos que voc\u00ea tenha ajustado a configura\u00e7\u00e3o do seu navegador para recusar cookies, nosso Servi\u00e7o poder\u00e1 usar cookies.<\/li>\n\n\n\n<li><strong>Web Beacons.<\/strong> Certas se\u00e7\u00f5es do nosso Servi\u00e7o e nossos e-mails podem conter pequenos arquivos eletr\u00f4nicos conhecidos como web beacons (tamb\u00e9m chamados de clear gifs, pixel tags e single-pixel gifs) que permitem \u00e0 Empresa, por exemplo, contar os usu\u00e1rios que visitaram essas p\u00e1ginas ou abriram um e-mail e para outras estat\u00edsticas relacionadas ao site (por exemplo, registrar a popularidade de uma determinada se\u00e7\u00e3o e verificar a integridade do sistema e do servidor).<\/li>\n<\/ul>\n\n\n\n<p>Os cookies podem ser cookies \"persistentes\" ou de \"sess\u00e3o\". Os cookies persistentes permanecem no seu computador pessoal ou dispositivo m\u00f3vel quando voc\u00ea fica off-line, enquanto os cookies de sess\u00e3o s\u00e3o exclu\u00eddos assim que voc\u00ea fecha o navegador da Web. Saiba mais sobre cookies no site <a href=\"https:\/\/www.freeprivacypolicy.com\/blog\/sample-privacy-policy-template\/#Use_Of_Cookies_And_Tracking\" target=\"_blank\" rel=\"noopener\">Site gratuito sobre Pol\u00edtica de Privacidade<\/a> artigo.<\/p>\n\n\n\n<p>Usamos cookies de sess\u00e3o e persistentes para as finalidades definidas abaixo:<\/p>\n\n\n\n<ul class=\"wp-block-list\">\n<li><p><strong>Cookies necess\u00e1rios\/essenciais<\/strong>Tipo: Cookies de sess\u00e3oAdministrado por: N\u00f3s<\/p><br><p>Objetivo: esses cookies s\u00e3o essenciais para fornecer a voc\u00ea os servi\u00e7os dispon\u00edveis no site e permitir que voc\u00ea use alguns de seus recursos. Eles ajudam a autenticar usu\u00e1rios e a evitar o uso fraudulento de contas de usu\u00e1rio. Sem esses cookies, os servi\u00e7os que voc\u00ea solicitou n\u00e3o podem ser fornecidos, e n\u00f3s s\u00f3 usamos esses cookies para fornecer esses servi\u00e7os a voc\u00ea.<\/p><br><\/li>\n\n\n\n<li><p><strong>Pol\u00edtica de cookies \/ Aviso de aceita\u00e7\u00e3o de cookies<\/strong>Tipo: Cookies persistentesAdministrados por: N\u00f3sFinalidade: Esses cookies identificam se os usu\u00e1rios aceitaram o uso de cookies no site.<\/p><br><\/li>\n\n\n\n<li><p><strong>Cookies de funcionalidade<\/strong>Tipo: Persistent CookiesAdministrado por: N\u00f3s<\/p><br><p>Objetivo: esses cookies nos permitem lembrar as escolhas que voc\u00ea faz ao usar o site, como lembrar seus detalhes de login ou prefer\u00eancia de idioma. A finalidade desses cookies \u00e9 proporcionar a Voc\u00ea uma experi\u00eancia mais pessoal e evitar que Voc\u00ea tenha que reinserir suas prefer\u00eancias sempre que usar o Site.<\/p><br><\/li>\n<\/ul>\n\n\n\n<p>Para obter mais informa\u00e7\u00f5es sobre os cookies que usamos e suas op\u00e7\u00f5es em rela\u00e7\u00e3o a eles, visite nossa Pol\u00edtica de Cookies ou a se\u00e7\u00e3o Cookies de nossa Pol\u00edtica de Privacidade.<\/p>\n\n\n\n<h3 class=\"wp-block-heading\">Uso de seus dados pessoais<\/h3>\n\n\n\n<p>A Empresa pode usar os Dados Pessoais para as seguintes finalidades:<\/p>\n\n\n\n<ul class=\"wp-block-list\">\n<li><p><strong>Para fornecer e manter nosso Servi\u00e7o<\/strong>inclusive para monitorar o uso do nosso Servi\u00e7o.<\/p><\/li>\n\n\n\n<li><p><strong>Para gerenciar sua conta:<\/strong> para gerenciar o seu registro como usu\u00e1rio do Servi\u00e7o. Os Dados Pessoais que voc\u00ea fornece podem lhe dar acesso a diferentes funcionalidades do Servi\u00e7o que est\u00e3o dispon\u00edveis para voc\u00ea como um usu\u00e1rio registrado.<\/p><\/li>\n\n\n\n<li><p><strong>Para a execu\u00e7\u00e3o de um contrato:<\/strong> o desenvolvimento, a conformidade e o cumprimento do contrato de compra dos produtos, itens ou servi\u00e7os que Voc\u00ea adquiriu ou de qualquer outro contrato conosco por meio do Servi\u00e7o.<\/p><\/li>\n\n\n\n<li><p><strong>Para contat\u00e1-lo:<\/strong> Para contat\u00e1-lo por e-mail, telefonemas, SMS ou outras formas equivalentes de comunica\u00e7\u00e3o eletr\u00f4nica, como notifica\u00e7\u00f5es push de um aplicativo m\u00f3vel sobre atualiza\u00e7\u00f5es ou comunica\u00e7\u00f5es informativas relacionadas \u00e0s funcionalidades, produtos ou servi\u00e7os contratados, incluindo as atualiza\u00e7\u00f5es de seguran\u00e7a, quando necess\u00e1rio ou razo\u00e1vel para sua implementa\u00e7\u00e3o.<\/p><\/li>\n\n\n\n<li><p><strong>Para fornecer a Voc\u00ea<\/strong> com not\u00edcias, ofertas especiais e informa\u00e7\u00f5es gerais sobre outros produtos, servi\u00e7os e eventos que oferecemos que sejam semelhantes aos que voc\u00ea j\u00e1 comprou ou solicitou, a menos que voc\u00ea tenha optado por n\u00e3o receber essas informa\u00e7\u00f5es.<\/p><\/li>\n\n\n\n<li><p><strong>Para gerenciar suas solicita\u00e7\u00f5es:<\/strong> Para atender e gerenciar suas solicita\u00e7\u00f5es para n\u00f3s.<\/p><\/li>\n\n\n\n<li><p><strong>Para transfer\u00eancias comerciais:<\/strong> Poderemos usar suas informa\u00e7\u00f5es para avaliar ou conduzir uma fus\u00e3o, aliena\u00e7\u00e3o, reestrutura\u00e7\u00e3o, reorganiza\u00e7\u00e3o, dissolu\u00e7\u00e3o ou outra venda ou transfer\u00eancia de alguns ou de todos os nossos ativos, seja como uma empresa em funcionamento ou como parte de um processo de fal\u00eancia, liquida\u00e7\u00e3o ou similar, no qual os Dados Pessoais mantidos por n\u00f3s sobre os usu\u00e1rios de nossos Servi\u00e7os estejam entre os ativos transferidos.<\/p><\/li>\n\n\n\n<li><p><strong>Para outros fins<\/strong>: Podemos usar suas informa\u00e7\u00f5es para outros fins, como an\u00e1lise de dados, identifica\u00e7\u00e3o de tend\u00eancias de uso, determina\u00e7\u00e3o da efic\u00e1cia de nossas campanhas promocionais e para avaliar e melhorar nosso Servi\u00e7o, produtos, servi\u00e7os, marketing e sua experi\u00eancia.<\/p><br><\/li>\n<\/ul>\n\n\n\n<p>Podemos compartilhar suas informa\u00e7\u00f5es pessoais nas seguintes situa\u00e7\u00f5es:<\/p>\n\n\n\n<ul class=\"wp-block-list\">\n<li><strong>Com os provedores de servi\u00e7os:<\/strong> Podemos compartilhar suas informa\u00e7\u00f5es pessoais com os provedores de servi\u00e7os para monitorar e analisar o uso do nosso Servi\u00e7o, para entrar em contato com voc\u00ea.<\/li>\n\n\n\n<li><strong>Para transfer\u00eancias comerciais:<\/strong> Podemos compartilhar ou transferir suas informa\u00e7\u00f5es pessoais em conex\u00e3o com, ou durante as negocia\u00e7\u00f5es de, qualquer fus\u00e3o, venda de ativos da Empresa, financiamento ou aquisi\u00e7\u00e3o de todo ou parte de nossos neg\u00f3cios para outra empresa.<\/li>\n\n\n\n<li><strong>Com afiliados:<\/strong> Podemos compartilhar suas informa\u00e7\u00f5es com nossas afiliadas e, nesse caso, exigiremos que essas afiliadas respeitem esta Pol\u00edtica de Privacidade. As afiliadas incluem nossa empresa controladora e quaisquer outras subsidi\u00e1rias, parceiros de joint venture ou outras empresas que controlamos ou que est\u00e3o sob controle comum conosco.<\/li>\n\n\n\n<li><strong>Com parceiros comerciais:<\/strong> Podemos compartilhar suas informa\u00e7\u00f5es com nossos parceiros comerciais para lhe oferecer determinados produtos, servi\u00e7os ou promo\u00e7\u00f5es.<\/li>\n\n\n\n<li><strong>Com outros usu\u00e1rios:<\/strong> Quando voc\u00ea compartilha informa\u00e7\u00f5es pessoais ou interage de outra forma nas \u00e1reas p\u00fablicas com outros usu\u00e1rios, essas informa\u00e7\u00f5es podem ser visualizadas por todos os usu\u00e1rios e podem ser distribu\u00eddas publicamente no exterior. Se voc\u00ea interagir com outros usu\u00e1rios ou se registrar por meio de um Servi\u00e7o de M\u00eddia Social de Terceiros, seus contatos no Servi\u00e7o de M\u00eddia Social de Terceiros poder\u00e3o ver seu nome, perfil, fotos e descri\u00e7\u00e3o de sua atividade. Da mesma forma, outros usu\u00e1rios poder\u00e3o visualizar descri\u00e7\u00f5es de sua atividade, comunicar-se com voc\u00ea e visualizar seu perfil.<\/li>\n\n\n\n<li><strong>Com seu consentimento<\/strong>: Podemos divulgar suas informa\u00e7\u00f5es pessoais para qualquer outra finalidade com seu consentimento.<\/li>\n<\/ul>\n\n\n\n<h3 class=\"wp-block-heading\">Reten\u00e7\u00e3o de seus dados pessoais<\/h3>\n\n\n\n<p>A Empresa reter\u00e1 seus Dados Pessoais somente pelo tempo necess\u00e1rio para os fins estabelecidos nesta Pol\u00edtica de Privacidade. Reteremos e usaremos seus Dados Pessoais na medida necess\u00e1ria para cumprir nossas obriga\u00e7\u00f5es legais (por exemplo, se formos obrigados a reter seus dados para cumprir as leis aplic\u00e1veis), resolver disputas e fazer cumprir nossos acordos e pol\u00edticas legais.<\/p>\n\n\n\n<p>A Empresa tamb\u00e9m reter\u00e1 os Dados de Uso para fins de an\u00e1lise interna. Os Dados de Uso geralmente s\u00e3o retidos por um per\u00edodo mais curto, exceto quando esses dados s\u00e3o usados para refor\u00e7ar a seguran\u00e7a ou melhorar a funcionalidade do Nosso Servi\u00e7o, ou quando somos legalmente obrigados a reter esses dados por per\u00edodos mais longos.<\/p>\n\n\n\n<h3 class=\"wp-block-heading\">Transfer\u00eancia de seus dados pessoais<\/h3>\n\n\n\n<p>Suas informa\u00e7\u00f5es, inclusive Dados Pessoais, s\u00e3o processadas nos escrit\u00f3rios operacionais da Empresa e em quaisquer outros locais onde as partes envolvidas no processamento estejam localizadas. Isso significa que essas informa\u00e7\u00f5es podem ser transferidas para - e mantidas em - computadores localizados fora de seu estado, prov\u00edncia, pa\u00eds ou outra jurisdi\u00e7\u00e3o governamental, onde as leis de prote\u00e7\u00e3o de dados podem ser diferentes daquelas de sua jurisdi\u00e7\u00e3o.<\/p>\n\n\n\n<p>Seu consentimento com esta Pol\u00edtica de Privacidade, seguido do envio de tais informa\u00e7\u00f5es, representa sua concord\u00e2ncia com essa transfer\u00eancia.<\/p>\n\n\n\n<p>A Empresa tomar\u00e1 todas as medidas razoavelmente necess\u00e1rias para garantir que seus dados sejam tratados com seguran\u00e7a e de acordo com esta Pol\u00edtica de Privacidade, e nenhuma transfer\u00eancia de seus dados pessoais ocorrer\u00e1 para uma organiza\u00e7\u00e3o ou um pa\u00eds, a menos que haja controles adequados em vigor, incluindo a seguran\u00e7a de seus dados e outras informa\u00e7\u00f5es pessoais.<\/p>\n\n\n\n<h3 class=\"wp-block-heading\">Excluir seus dados pessoais<\/h3>\n\n\n\n<p>Voc\u00ea tem o direito de excluir ou solicitar que N\u00f3s ajudemos a excluir os Dados Pessoais que coletamos sobre voc\u00ea.<\/p>\n\n\n\n<p>Nosso Servi\u00e7o pode permitir que voc\u00ea exclua determinadas informa\u00e7\u00f5es sobre voc\u00ea de dentro do Servi\u00e7o.<\/p>\n\n\n\n<p>Voc\u00ea pode atualizar, alterar ou excluir suas informa\u00e7\u00f5es a qualquer momento entrando em sua conta, se tiver uma, e visitando a se\u00e7\u00e3o de configura\u00e7\u00f5es da conta que permite gerenciar suas informa\u00e7\u00f5es pessoais. Voc\u00ea tamb\u00e9m pode entrar em contato conosco para solicitar acesso, corrigir ou excluir qualquer informa\u00e7\u00e3o pessoal que tenha fornecido a n\u00f3s.<\/p>\n\n\n\n<p>Observe, no entanto, que talvez precisemos reter determinadas informa\u00e7\u00f5es quando tivermos uma obriga\u00e7\u00e3o legal ou base legal para faz\u00ea-lo.<\/p>\n\n\n\n<h3 class=\"wp-block-heading\">Divulga\u00e7\u00e3o de seus dados pessoais<\/h3>\n\n\n\n<h4 class=\"wp-block-heading\">Transa\u00e7\u00f5es comerciais<\/h4>\n\n\n\n<p>Se a Empresa estiver envolvida em uma fus\u00e3o, aquisi\u00e7\u00e3o ou venda de ativos, seus dados pessoais poder\u00e3o ser transferidos. Avisaremos antes que Seus Dados Pessoais sejam transferidos e se tornem sujeitos a uma Pol\u00edtica de Privacidade diferente.<\/p>\n\n\n\n<h4 class=\"wp-block-heading\">Aplica\u00e7\u00e3o da lei<\/h4>\n\n\n\n<p>Em determinadas circunst\u00e2ncias, a Empresa poder\u00e1 ser solicitada a divulgar seus Dados Pessoais se for obrigada a faz\u00ea-lo por lei ou em resposta a solicita\u00e7\u00f5es v\u00e1lidas de autoridades p\u00fablicas (por exemplo, um tribunal ou uma ag\u00eancia governamental).<\/p>\n\n\n\n<h4 class=\"wp-block-heading\">Outros requisitos legais<\/h4>\n\n\n\n<p>A Empresa pode divulgar seus Dados Pessoais na cren\u00e7a de boa f\u00e9 de que tal a\u00e7\u00e3o \u00e9 necess\u00e1ria para:<\/p>\n\n\n\n<ul class=\"wp-block-list\">\n<li>Cumprir com uma obriga\u00e7\u00e3o legal<\/li>\n\n\n\n<li>Proteger e defender os direitos ou a propriedade da Empresa<\/li>\n\n\n\n<li>Prevenir ou investigar poss\u00edveis irregularidades em rela\u00e7\u00e3o ao Servi\u00e7o<\/li>\n\n\n\n<li>Proteger a seguran\u00e7a pessoal dos Usu\u00e1rios do Servi\u00e7o ou do p\u00fablico<\/li>\n\n\n\n<li>Proteger-se contra responsabilidade legal<\/li>\n<\/ul>\n\n\n\n<h3 class=\"wp-block-heading\">Seguran\u00e7a de seus dados pessoais<\/h3>\n\n\n\n<p>A seguran\u00e7a dos seus Dados Pessoais \u00e9 importante para n\u00f3s, mas lembre-se de que nenhum m\u00e9todo de transmiss\u00e3o pela Internet ou m\u00e9todo de armazenamento eletr\u00f4nico \u00e9 100% seguro. Embora nos esforcemos para usar meios comercialmente aceit\u00e1veis para proteger seus Dados Pessoais, n\u00e3o podemos garantir sua seguran\u00e7a absoluta.<\/p>\n\n\n\n<h2 class=\"wp-block-heading\">Privacidade das crian\u00e7as<\/h2>\n\n\n\n<p>Nosso Servi\u00e7o n\u00e3o se destina a menores de 13 anos de idade. N\u00e3o coletamos intencionalmente informa\u00e7\u00f5es de identifica\u00e7\u00e3o pessoal de menores de 13 anos. Se voc\u00ea for pai ou respons\u00e1vel e estiver ciente de que seu filho nos forneceu dados pessoais, entre em contato conosco. Se tomarmos conhecimento de que coletamos dados pessoais de menores de 13 anos sem a verifica\u00e7\u00e3o do consentimento dos pais, tomaremos medidas para remover essas informa\u00e7\u00f5es de nossos servidores.<\/p>\n\n\n\n<p>Se precisarmos confiar no consentimento como base legal para o processamento de suas informa\u00e7\u00f5es e seu pa\u00eds exigir o consentimento de um dos pais, poderemos exigir o consentimento de seus pais antes de coletarmos e usarmos essas informa\u00e7\u00f5es.<\/p>\n\n\n\n<h2 class=\"wp-block-heading\">Links para outros sites<\/h2>\n\n\n\n<p>Nosso Servi\u00e7o pode conter links para outros sites que n\u00e3o s\u00e3o operados por n\u00f3s. Se voc\u00ea clicar em um link de terceiros, ser\u00e1 direcionado ao site desses terceiros. Recomendamos enfaticamente que voc\u00ea analise a Pol\u00edtica de Privacidade de cada site que visitar.<\/p>\n\n\n\n<p>N\u00e3o temos controle e n\u00e3o assumimos nenhuma responsabilidade pelo conte\u00fado, pol\u00edticas de privacidade ou pr\u00e1ticas de sites ou servi\u00e7os de terceiros.<\/p>\n\n\n\n<h2 class=\"wp-block-heading\">Altera\u00e7\u00f5es a esta Pol\u00edtica de Privacidade<\/h2>\n\n\n\n<p>Poderemos atualizar nossa Pol\u00edtica de Privacidade periodicamente. N\u00f3s o notificaremos sobre quaisquer altera\u00e7\u00f5es publicando a nova Pol\u00edtica de Privacidade nesta p\u00e1gina.<\/p>\n\n\n\n<p>N\u00f3s o informaremos por e-mail e\/ou por meio de um aviso destacado em Nosso Servi\u00e7o, antes que a altera\u00e7\u00e3o entre em vigor, e atualizaremos a data da \"\u00daltima atualiza\u00e7\u00e3o\" na parte superior desta Pol\u00edtica de Privacidade.<\/p>\n\n\n\n<p>Recomenda-se que voc\u00ea revise esta Pol\u00edtica de Privacidade periodicamente para verificar se houve alguma altera\u00e7\u00e3o. As altera\u00e7\u00f5es a esta Pol\u00edtica de Privacidade entrar\u00e3o em vigor quando forem publicadas nesta p\u00e1gina.<\/p>\n\n\n\n<h2 class=\"wp-block-heading\">Entre em contato conosco<\/h2>\n\n\n\n<p>Se tiver alguma d\u00favida sobre esta Pol\u00edtica de Privacidade, entre em contato conosco:<\/p>\n\n\n\n<ul class=\"wp-block-list\">\n<li><p>Por e-mail: Cherry@lirolighting.com<\/p><\/li>\n\n\n\n<li><p>Acessando esta p\u00e1gina em nosso site: <a href=\"https:\/\/lirolight.com\/pt\/contact-us\/\" target=\"_blank\" rel=\"external nofollow noopener\">https:\/\/lirolight.com\/contact-us\/<\/a><\/p><\/li>\n\n\n\n<li><p>Por telefone: +86 152 2001 0810<\/p><br><\/li>\n<\/ul>","protected":false},"excerpt":{"rendered":"<p>Last updated: July 17, 2025 This Privacy Policy describes Our policies and procedures on the collection, use and disclosure of Your information when You use the Service and tells You about Your privacy rights and how the law protects You. We use Your Personal data to provide and improve the Service. By using the Service, [&hellip;]<\/p>","protected":false},"author":1,"featured_media":0,"parent":0,"menu_order":0,"comment_status":"closed","ping_status":"closed","template":"","meta":{"footnotes":""},"class_list":["post-8341","page","type-page","status-publish","hentry"],"_links":{"self":[{"href":"https:\/\/lirolight.com\/pt\/wp-json\/wp\/v2\/pages\/8341","targetHints":{"allow":["GET"]}}],"collection":[{"href":"https:\/\/lirolight.com\/pt\/wp-json\/wp\/v2\/pages"}],"about":[{"href":"https:\/\/lirolight.com\/pt\/wp-json\/wp\/v2\/types\/page"}],"author":[{"embeddable":true,"href":"https:\/\/lirolight.com\/pt\/wp-json\/wp\/v2\/users\/1"}],"replies":[{"embeddable":true,"href":"https:\/\/lirolight.com\/pt\/wp-json\/wp\/v2\/comments?post=8341"}],"version-history":[{"count":3,"href":"https:\/\/lirolight.com\/pt\/wp-json\/wp\/v2\/pages\/8341\/revisions"}],"predecessor-version":[{"id":8353,"href":"https:\/\/lirolight.com\/pt\/wp-json\/wp\/v2\/pages\/8341\/revisions\/8353"}],"wp:attachment":[{"href":"https:\/\/lirolight.com\/pt\/wp-json\/wp\/v2\/media?parent=8341"}],"curies":[{"name":"wp","href":"https:\/\/api.w.org\/{rel}","templated":true}]}}