{"id":10117,"date":"2025-12-08T05:49:46","date_gmt":"2025-12-08T05:49:46","guid":{"rendered":"https:\/\/lirolight.com\/?post_type=product&#038;p=10117"},"modified":"2026-01-12T06:28:48","modified_gmt":"2026-01-12T06:28:48","slug":"liro-lite-rgb-3w-animation-laser-cube-for-bluetooth-app-controlled-rgb-laser-stage-lighting","status":"publish","type":"product","link":"https:\/\/lirolight.com\/pt\/produto\/liro-lite-rgb-3w-animation-laser-cube-for-bluetooth-app-controlled-rgb-laser-stage-lighting\/","title":{"rendered":"LIRO-LITE RGB 3W Animation Laser Cube para ilumina\u00e7\u00e3o de palco a laser RGB controlada por aplicativo Bluetooth"},"content":{"rendered":"<h2 class=\"wp-block-heading\"><strong><mark style=\"background-color:#000000\" class=\"has-inline-color has-white-color\">LASER LR-3W RGB<\/mark><\/strong><\/h2>\n\n\n\n<hr class=\"wp-block-separator has-alpha-channel-opacity\"\/>\n\n\n\n<div class=\"wp-block-columns is-layout-flex wp-container-core-columns-is-layout-28f84493 wp-block-columns-is-layout-flex\">\n<div class=\"wp-block-column is-layout-flow wp-block-column-is-layout-flow\">\n<div class=\"wp-block-columns is-layout-flex wp-container-core-columns-is-layout-28f84493 wp-block-columns-is-layout-flex\">\n<div class=\"wp-block-column is-layout-flow wp-block-column-is-layout-flow\">\n<figure class=\"wp-block-image size-full\"><img fetchpriority=\"high\" decoding=\"async\" width=\"514\" height=\"516\" src=\"https:\/\/lirolight.com\/wp-content\/uploads\/2025\/12\/\u56fe\u72472.png\" alt=\"\" class=\"wp-image-10118\" srcset=\"https:\/\/lirolight.com\/wp-content\/uploads\/2025\/12\/\u56fe\u72472.png 514w, https:\/\/lirolight.com\/wp-content\/uploads\/2025\/12\/\u56fe\u72472-300x301.png 300w, https:\/\/lirolight.com\/wp-content\/uploads\/2025\/12\/\u56fe\u72472-150x151.png 150w, https:\/\/lirolight.com\/wp-content\/uploads\/2025\/12\/\u56fe\u72472-12x12.png 12w, https:\/\/lirolight.com\/wp-content\/uploads\/2025\/12\/\u56fe\u72472-441x443.png 441w, https:\/\/lirolight.com\/wp-content\/uploads\/2025\/12\/\u56fe\u72472-100x100.png 100w, https:\/\/lirolight.com\/wp-content\/uploads\/2025\/12\/\u56fe\u72472-498x500.png 498w, https:\/\/lirolight.com\/wp-content\/uploads\/2025\/12\/\u56fe\u72472-40x40.png 40w\" sizes=\"(max-width: 514px) 100vw, 514px\" \/><\/figure>\n<\/div>\n\n\n\n<div class=\"wp-block-column is-layout-flow wp-block-column-is-layout-flow\">\n<blockquote class=\"wp-block-quote is-layout-flow wp-block-quote-is-layout-flow\">\n<p>3w RGB<\/p>\n\n\n\n<p>Controle de APP<\/p>\n\n\n\n<p>Luz verde\/800MW<\/p>\n\n\n\n<p>Luz vermelha 1000MW<\/p>\n\n\n\n<p>Luz azul 1200MW<\/p>\n\n\n\n<p>15KPPS<\/p>\n\n\n\n<p>25\u00b0<\/p>\n<\/blockquote>\n<\/div>\n<\/div>\n<\/div>\n<\/div>\n\n\n\n<h2 class=\"wp-block-heading\">Hor\u00e1rio do show:<\/h2>\n\n\n\n<figure class=\"wp-block-image size-full is-resized\"><img decoding=\"async\" width=\"1794\" height=\"1080\" data-src=\"https:\/\/lirolight.com\/wp-content\/uploads\/2025\/07\/10w.jpg\" alt=\"\" class=\"wp-image-8245 lazyload\" style=\"--smush-placeholder-width: 1794px; --smush-placeholder-aspect-ratio: 1794\/1080;width:900px;height:auto\" data-srcset=\"https:\/\/lirolight.com\/wp-content\/uploads\/2025\/07\/10w.jpg 1794w, https:\/\/lirolight.com\/wp-content\/uploads\/2025\/07\/10w-300x181.jpg 300w, https:\/\/lirolight.com\/wp-content\/uploads\/2025\/07\/10w-1024x616.jpg 1024w, https:\/\/lirolight.com\/wp-content\/uploads\/2025\/07\/10w-768x462.jpg 768w, https:\/\/lirolight.com\/wp-content\/uploads\/2025\/07\/10w-1536x925.jpg 1536w, https:\/\/lirolight.com\/wp-content\/uploads\/2025\/07\/10w-18x12.jpg 18w, https:\/\/lirolight.com\/wp-content\/uploads\/2025\/07\/10w-990x596.jpg 990w, https:\/\/lirolight.com\/wp-content\/uploads\/2025\/07\/10w-441x265.jpg 441w, https:\/\/lirolight.com\/wp-content\/uploads\/2025\/07\/10w-800x482.jpg 800w, https:\/\/lirolight.com\/wp-content\/uploads\/2025\/07\/10w-150x90.jpg 150w, https:\/\/lirolight.com\/wp-content\/uploads\/2025\/07\/10w-500x301.jpg 500w, https:\/\/lirolight.com\/wp-content\/uploads\/2025\/07\/10w-60x36.jpg 60w\" data-sizes=\"(max-width: 1794px) 100vw, 1794px\" src=\"data:image\/gif;base64,R0lGODlhAQABAAAAACH5BAEKAAEALAAAAAABAAEAAAICTAEAOw==\" \/><noscript><img decoding=\"async\" width=\"1794\" height=\"1080\" src=\"https:\/\/lirolight.com\/wp-content\/uploads\/2025\/07\/10w.jpg\" alt=\"\" class=\"wp-image-8245\" style=\"width:900px;height:auto\" srcset=\"https:\/\/lirolight.com\/wp-content\/uploads\/2025\/07\/10w.jpg 1794w, https:\/\/lirolight.com\/wp-content\/uploads\/2025\/07\/10w-300x181.jpg 300w, https:\/\/lirolight.com\/wp-content\/uploads\/2025\/07\/10w-1024x616.jpg 1024w, https:\/\/lirolight.com\/wp-content\/uploads\/2025\/07\/10w-768x462.jpg 768w, https:\/\/lirolight.com\/wp-content\/uploads\/2025\/07\/10w-1536x925.jpg 1536w, https:\/\/lirolight.com\/wp-content\/uploads\/2025\/07\/10w-18x12.jpg 18w, https:\/\/lirolight.com\/wp-content\/uploads\/2025\/07\/10w-990x596.jpg 990w, https:\/\/lirolight.com\/wp-content\/uploads\/2025\/07\/10w-441x265.jpg 441w, https:\/\/lirolight.com\/wp-content\/uploads\/2025\/07\/10w-800x482.jpg 800w, https:\/\/lirolight.com\/wp-content\/uploads\/2025\/07\/10w-150x90.jpg 150w, https:\/\/lirolight.com\/wp-content\/uploads\/2025\/07\/10w-500x301.jpg 500w, https:\/\/lirolight.com\/wp-content\/uploads\/2025\/07\/10w-60x36.jpg 60w\" sizes=\"(max-width: 1794px) 100vw, 1794px\" \/><\/noscript><\/figure>\n\n\n\n<figure class=\"wp-block-image size-full is-resized\"><img decoding=\"async\" width=\"1794\" height=\"1080\" data-src=\"https:\/\/lirolight.com\/wp-content\/uploads\/2025\/07\/10w1.jpg\" alt=\"\" class=\"wp-image-8246 lazyload\" style=\"--smush-placeholder-width: 1794px; --smush-placeholder-aspect-ratio: 1794\/1080;width:900px;height:auto\" data-srcset=\"https:\/\/lirolight.com\/wp-content\/uploads\/2025\/07\/10w1.jpg 1794w, https:\/\/lirolight.com\/wp-content\/uploads\/2025\/07\/10w1-300x181.jpg 300w, https:\/\/lirolight.com\/wp-content\/uploads\/2025\/07\/10w1-1024x616.jpg 1024w, https:\/\/lirolight.com\/wp-content\/uploads\/2025\/07\/10w1-768x462.jpg 768w, https:\/\/lirolight.com\/wp-content\/uploads\/2025\/07\/10w1-1536x925.jpg 1536w, https:\/\/lirolight.com\/wp-content\/uploads\/2025\/07\/10w1-18x12.jpg 18w, https:\/\/lirolight.com\/wp-content\/uploads\/2025\/07\/10w1-990x596.jpg 990w, https:\/\/lirolight.com\/wp-content\/uploads\/2025\/07\/10w1-441x265.jpg 441w, https:\/\/lirolight.com\/wp-content\/uploads\/2025\/07\/10w1-800x482.jpg 800w, https:\/\/lirolight.com\/wp-content\/uploads\/2025\/07\/10w1-150x90.jpg 150w, https:\/\/lirolight.com\/wp-content\/uploads\/2025\/07\/10w1-500x301.jpg 500w, https:\/\/lirolight.com\/wp-content\/uploads\/2025\/07\/10w1-60x36.jpg 60w\" data-sizes=\"(max-width: 1794px) 100vw, 1794px\" src=\"data:image\/gif;base64,R0lGODlhAQABAAAAACH5BAEKAAEALAAAAAABAAEAAAICTAEAOw==\" \/><noscript><img decoding=\"async\" width=\"1794\" height=\"1080\" src=\"https:\/\/lirolight.com\/wp-content\/uploads\/2025\/07\/10w1.jpg\" alt=\"\" class=\"wp-image-8246\" style=\"width:900px;height:auto\" srcset=\"https:\/\/lirolight.com\/wp-content\/uploads\/2025\/07\/10w1.jpg 1794w, https:\/\/lirolight.com\/wp-content\/uploads\/2025\/07\/10w1-300x181.jpg 300w, https:\/\/lirolight.com\/wp-content\/uploads\/2025\/07\/10w1-1024x616.jpg 1024w, https:\/\/lirolight.com\/wp-content\/uploads\/2025\/07\/10w1-768x462.jpg 768w, https:\/\/lirolight.com\/wp-content\/uploads\/2025\/07\/10w1-1536x925.jpg 1536w, https:\/\/lirolight.com\/wp-content\/uploads\/2025\/07\/10w1-18x12.jpg 18w, https:\/\/lirolight.com\/wp-content\/uploads\/2025\/07\/10w1-990x596.jpg 990w, https:\/\/lirolight.com\/wp-content\/uploads\/2025\/07\/10w1-441x265.jpg 441w, https:\/\/lirolight.com\/wp-content\/uploads\/2025\/07\/10w1-800x482.jpg 800w, https:\/\/lirolight.com\/wp-content\/uploads\/2025\/07\/10w1-150x90.jpg 150w, https:\/\/lirolight.com\/wp-content\/uploads\/2025\/07\/10w1-500x301.jpg 500w, https:\/\/lirolight.com\/wp-content\/uploads\/2025\/07\/10w1-60x36.jpg 60w\" sizes=\"(max-width: 1794px) 100vw, 1794px\" \/><\/noscript><\/figure>\n\n\n\n<h2 class=\"wp-block-heading\"><strong>Precau\u00e7\u00f5es<\/strong>:<\/h2>\n\n\n\n<ol class=\"wp-block-list\">\n<li><strong>Uso seguro<\/strong>: Como equipamento profissional, os dispositivos a laser devem ser usados de acordo com as normas de seguran\u00e7a. Evite contato direto com os olhos ou apontar para materiais inflam\u00e1veis para garantir a seguran\u00e7a durante o uso.<\/li>\n\n\n\n<li><strong>Manuten\u00e7\u00e3o e cuidados<\/strong>: Limpe regularmente a lente e o exterior para evitar que a poeira e a sujeira afetem a qualidade da luz. Al\u00e9m disso, inspecione os cabos de conex\u00e3o e os plugues de alimenta\u00e7\u00e3o quanto a danos.<\/li>\n\n\n\n<li><strong>Suporte t\u00e9cnico<\/strong>: Escolha marcas e comerciantes com servi\u00e7o p\u00f3s-venda e suporte t\u00e9cnico confi\u00e1veis. Assist\u00eancia e orienta\u00e7\u00e3o imediatas podem ser obtidas em caso de problemas durante o uso.<\/li>\n<\/ol>","protected":false},"excerpt":{"rendered":"<div class=\"QFw9Te BLojaf\">\n<div class=\"hlJJmd\">\n<div class=\"Bmcqed\" dir=\"ltr\">\u00a0<\/div>\n<\/div>\n<\/div>\n<div class=\"DVHrxd\">\u00a0<\/div>\n<div class=\"UdTY9 BwTYAc leDWne\" aria-hidden=\"true\" data-location=\"1\">\u00a0<\/div>\n<p>&nbsp;<\/p>\n<blockquote><p>\u00a0<\/p><\/blockquote>\n<p>&nbsp;<\/p>","protected":false},"featured_media":10118,"comment_status":"open","ping_status":"closed","template":"","meta":[],"product_brand":[],"product_cat":[56],"product_tag":[527,526,133,129,528,131,130],"class_list":{"0":"post-10117","1":"product","2":"type-product","3":"status-publish","4":"has-post-thumbnail","6":"product_cat-stage-laser-light","7":"product_tag-3w-laser-light","8":"product_tag-5w-rgb-animation-laser-light","9":"product_tag-dj-laser-light","10":"product_tag-laser-ligt","11":"product_tag-rgb-3w-animation-laser","12":"product_tag-rgb-laser-light","13":"product_tag-stage-laser-light","15":"first","16":"instock","17":"shipping-taxable","18":"product-type-simple"},"_links":{"self":[{"href":"https:\/\/lirolight.com\/pt\/wp-json\/wp\/v2\/product\/10117","targetHints":{"allow":["GET"]}}],"collection":[{"href":"https:\/\/lirolight.com\/pt\/wp-json\/wp\/v2\/product"}],"about":[{"href":"https:\/\/lirolight.com\/pt\/wp-json\/wp\/v2\/types\/product"}],"replies":[{"embeddable":true,"href":"https:\/\/lirolight.com\/pt\/wp-json\/wp\/v2\/comments?post=10117"}],"version-history":[{"count":2,"href":"https:\/\/lirolight.com\/pt\/wp-json\/wp\/v2\/product\/10117\/revisions"}],"predecessor-version":[{"id":10424,"href":"https:\/\/lirolight.com\/pt\/wp-json\/wp\/v2\/product\/10117\/revisions\/10424"}],"wp:featuredmedia":[{"embeddable":true,"href":"https:\/\/lirolight.com\/pt\/wp-json\/wp\/v2\/media\/10118"}],"wp:attachment":[{"href":"https:\/\/lirolight.com\/pt\/wp-json\/wp\/v2\/media?parent=10117"}],"wp:term":[{"taxonomy":"product_brand","embeddable":true,"href":"https:\/\/lirolight.com\/pt\/wp-json\/wp\/v2\/product_brand?post=10117"},{"taxonomy":"product_cat","embeddable":true,"href":"https:\/\/lirolight.com\/pt\/wp-json\/wp\/v2\/product_cat?post=10117"},{"taxonomy":"product_tag","embeddable":true,"href":"https:\/\/lirolight.com\/pt\/wp-json\/wp\/v2\/product_tag?post=10117"}],"curies":[{"name":"wp","href":"https:\/\/api.w.org\/{rel}","templated":true}]}}