{"id":10876,"date":"2026-03-31T02:15:11","date_gmt":"2026-03-31T02:15:11","guid":{"rendered":"https:\/\/lirolight.com\/?post_type=product&#038;p=10876"},"modified":"2026-03-31T02:44:22","modified_gmt":"2026-03-31T02:44:22","slug":"liro-lite-nled-bsw330-cmy-beam-spot-wash-3in1-300w-led-moving-head-light-with-cmy-cto-dj-disco-stage-effect-light","status":"publish","type":"product","link":"https:\/\/lirolight.com\/pt\/produto\/liro-lite-nled-bsw330-cmy-beam-spot-wash-3in1-300w-led-moving-head-light-with-cmy-cto-dj-disco-stage-effect-light\/","title":{"rendered":"LiRO-LITE NLED BSW330 CMY Beam Spot Wash 3in1 300w LED Moving Head Light with CMY CTO DJ Disco Stage Effect Light"},"content":{"rendered":"<h2 class=\"wp-block-heading\"><strong><mark style=\"background-color:#000000\" class=\"has-inline-color has-white-color\">LR-NLED BSW330 CMY<\/mark><\/strong><\/h2>\n\n\n\n<hr class=\"wp-block-separator has-alpha-channel-opacity\"\/>\n\n\n\n<h2 class=\"wp-block-heading\"><strong>Fotos<\/strong>:<\/h2>\n\n\n\n<div class=\"wp-block-columns is-layout-flex wp-container-core-columns-is-layout-28f84493 wp-block-columns-is-layout-flex\">\n<div class=\"wp-block-column is-layout-flow wp-block-column-is-layout-flow\">\n<figure class=\"wp-block-image size-large\"><img fetchpriority=\"high\" decoding=\"async\" width=\"1024\" height=\"1024\" src=\"https:\/\/lirolight.com\/wp-content\/uploads\/2026\/03\/7-2-1024x1024.jpg\" alt=\"\" class=\"wp-image-10891\" srcset=\"https:\/\/lirolight.com\/wp-content\/uploads\/2026\/03\/7-2-1024x1024.jpg 1024w, https:\/\/lirolight.com\/wp-content\/uploads\/2026\/03\/7-2-300x300.jpg 300w, https:\/\/lirolight.com\/wp-content\/uploads\/2026\/03\/7-2-150x150.jpg 150w, https:\/\/lirolight.com\/wp-content\/uploads\/2026\/03\/7-2-768x768.jpg 768w, https:\/\/lirolight.com\/wp-content\/uploads\/2026\/03\/7-2-1536x1536.jpg 1536w, https:\/\/lirolight.com\/wp-content\/uploads\/2026\/03\/7-2-2048x2048.jpg 2048w, https:\/\/lirolight.com\/wp-content\/uploads\/2026\/03\/7-2-12x12.jpg 12w, https:\/\/lirolight.com\/wp-content\/uploads\/2026\/03\/7-2-990x990.jpg 990w, https:\/\/lirolight.com\/wp-content\/uploads\/2026\/03\/7-2-441x441.jpg 441w, https:\/\/lirolight.com\/wp-content\/uploads\/2026\/03\/7-2-100x100.jpg 100w, https:\/\/lirolight.com\/wp-content\/uploads\/2026\/03\/7-2-800x800.jpg 800w, https:\/\/lirolight.com\/wp-content\/uploads\/2026\/03\/7-2-40x40.jpg 40w\" sizes=\"(max-width: 1024px) 100vw, 1024px\" \/><\/figure>\n<\/div>\n\n\n\n<div class=\"wp-block-column is-layout-flow wp-block-column-is-layout-flow\">\n<figure class=\"wp-block-image size-large\"><img decoding=\"async\" width=\"1024\" height=\"1024\" data-src=\"https:\/\/lirolight.com\/wp-content\/uploads\/2026\/03\/2-3-1024x1024.jpg\" alt=\"\" class=\"wp-image-10886 lazyload\" data-srcset=\"https:\/\/lirolight.com\/wp-content\/uploads\/2026\/03\/2-3-1024x1024.jpg 1024w, https:\/\/lirolight.com\/wp-content\/uploads\/2026\/03\/2-3-300x300.jpg 300w, https:\/\/lirolight.com\/wp-content\/uploads\/2026\/03\/2-3-150x150.jpg 150w, https:\/\/lirolight.com\/wp-content\/uploads\/2026\/03\/2-3-768x768.jpg 768w, https:\/\/lirolight.com\/wp-content\/uploads\/2026\/03\/2-3-1536x1536.jpg 1536w, https:\/\/lirolight.com\/wp-content\/uploads\/2026\/03\/2-3-2048x2048.jpg 2048w, https:\/\/lirolight.com\/wp-content\/uploads\/2026\/03\/2-3-12x12.jpg 12w, https:\/\/lirolight.com\/wp-content\/uploads\/2026\/03\/2-3-990x990.jpg 990w, https:\/\/lirolight.com\/wp-content\/uploads\/2026\/03\/2-3-441x441.jpg 441w, https:\/\/lirolight.com\/wp-content\/uploads\/2026\/03\/2-3-100x100.jpg 100w, https:\/\/lirolight.com\/wp-content\/uploads\/2026\/03\/2-3-800x800.jpg 800w, https:\/\/lirolight.com\/wp-content\/uploads\/2026\/03\/2-3-40x40.jpg 40w\" data-sizes=\"(max-width: 1024px) 100vw, 1024px\" src=\"data:image\/gif;base64,R0lGODlhAQABAAAAACH5BAEKAAEALAAAAAABAAEAAAICTAEAOw==\" style=\"--smush-placeholder-width: 1024px; --smush-placeholder-aspect-ratio: 1024\/1024;\" \/><noscript><img decoding=\"async\" width=\"1024\" height=\"1024\" src=\"https:\/\/lirolight.com\/wp-content\/uploads\/2026\/03\/2-3-1024x1024.jpg\" alt=\"\" class=\"wp-image-10886\" srcset=\"https:\/\/lirolight.com\/wp-content\/uploads\/2026\/03\/2-3-1024x1024.jpg 1024w, https:\/\/lirolight.com\/wp-content\/uploads\/2026\/03\/2-3-300x300.jpg 300w, https:\/\/lirolight.com\/wp-content\/uploads\/2026\/03\/2-3-150x150.jpg 150w, https:\/\/lirolight.com\/wp-content\/uploads\/2026\/03\/2-3-768x768.jpg 768w, https:\/\/lirolight.com\/wp-content\/uploads\/2026\/03\/2-3-1536x1536.jpg 1536w, https:\/\/lirolight.com\/wp-content\/uploads\/2026\/03\/2-3-2048x2048.jpg 2048w, https:\/\/lirolight.com\/wp-content\/uploads\/2026\/03\/2-3-12x12.jpg 12w, https:\/\/lirolight.com\/wp-content\/uploads\/2026\/03\/2-3-990x990.jpg 990w, https:\/\/lirolight.com\/wp-content\/uploads\/2026\/03\/2-3-441x441.jpg 441w, https:\/\/lirolight.com\/wp-content\/uploads\/2026\/03\/2-3-100x100.jpg 100w, https:\/\/lirolight.com\/wp-content\/uploads\/2026\/03\/2-3-800x800.jpg 800w, https:\/\/lirolight.com\/wp-content\/uploads\/2026\/03\/2-3-40x40.jpg 40w\" sizes=\"(max-width: 1024px) 100vw, 1024px\" \/><\/noscript><\/figure>\n<\/div>\n<\/div>\n\n\n\n<div class=\"wp-block-columns is-layout-flex wp-container-core-columns-is-layout-28f84493 wp-block-columns-is-layout-flex\">\n<div class=\"wp-block-column is-layout-flow wp-block-column-is-layout-flow\">\n<figure class=\"wp-block-image size-large\"><img decoding=\"async\" width=\"1024\" height=\"1024\" data-src=\"https:\/\/lirolight.com\/wp-content\/uploads\/2026\/03\/12-1-1024x1024.jpg\" alt=\"\" class=\"wp-image-10897 lazyload\" data-srcset=\"https:\/\/lirolight.com\/wp-content\/uploads\/2026\/03\/12-1-1024x1024.jpg 1024w, https:\/\/lirolight.com\/wp-content\/uploads\/2026\/03\/12-1-300x300.jpg 300w, https:\/\/lirolight.com\/wp-content\/uploads\/2026\/03\/12-1-150x150.jpg 150w, https:\/\/lirolight.com\/wp-content\/uploads\/2026\/03\/12-1-768x768.jpg 768w, https:\/\/lirolight.com\/wp-content\/uploads\/2026\/03\/12-1-1536x1536.jpg 1536w, https:\/\/lirolight.com\/wp-content\/uploads\/2026\/03\/12-1-2048x2048.jpg 2048w, https:\/\/lirolight.com\/wp-content\/uploads\/2026\/03\/12-1-12x12.jpg 12w, https:\/\/lirolight.com\/wp-content\/uploads\/2026\/03\/12-1-990x990.jpg 990w, https:\/\/lirolight.com\/wp-content\/uploads\/2026\/03\/12-1-441x441.jpg 441w, https:\/\/lirolight.com\/wp-content\/uploads\/2026\/03\/12-1-100x100.jpg 100w, https:\/\/lirolight.com\/wp-content\/uploads\/2026\/03\/12-1-800x800.jpg 800w, https:\/\/lirolight.com\/wp-content\/uploads\/2026\/03\/12-1-500x500.jpg 500w, https:\/\/lirolight.com\/wp-content\/uploads\/2026\/03\/12-1-40x40.jpg 40w\" data-sizes=\"(max-width: 1024px) 100vw, 1024px\" src=\"data:image\/gif;base64,R0lGODlhAQABAAAAACH5BAEKAAEALAAAAAABAAEAAAICTAEAOw==\" style=\"--smush-placeholder-width: 1024px; --smush-placeholder-aspect-ratio: 1024\/1024;\" \/><noscript><img decoding=\"async\" width=\"1024\" height=\"1024\" src=\"https:\/\/lirolight.com\/wp-content\/uploads\/2026\/03\/12-1-1024x1024.jpg\" alt=\"\" class=\"wp-image-10897\" srcset=\"https:\/\/lirolight.com\/wp-content\/uploads\/2026\/03\/12-1-1024x1024.jpg 1024w, https:\/\/lirolight.com\/wp-content\/uploads\/2026\/03\/12-1-300x300.jpg 300w, https:\/\/lirolight.com\/wp-content\/uploads\/2026\/03\/12-1-150x150.jpg 150w, https:\/\/lirolight.com\/wp-content\/uploads\/2026\/03\/12-1-768x768.jpg 768w, https:\/\/lirolight.com\/wp-content\/uploads\/2026\/03\/12-1-1536x1536.jpg 1536w, https:\/\/lirolight.com\/wp-content\/uploads\/2026\/03\/12-1-2048x2048.jpg 2048w, https:\/\/lirolight.com\/wp-content\/uploads\/2026\/03\/12-1-12x12.jpg 12w, https:\/\/lirolight.com\/wp-content\/uploads\/2026\/03\/12-1-990x990.jpg 990w, https:\/\/lirolight.com\/wp-content\/uploads\/2026\/03\/12-1-441x441.jpg 441w, https:\/\/lirolight.com\/wp-content\/uploads\/2026\/03\/12-1-100x100.jpg 100w, https:\/\/lirolight.com\/wp-content\/uploads\/2026\/03\/12-1-800x800.jpg 800w, https:\/\/lirolight.com\/wp-content\/uploads\/2026\/03\/12-1-500x500.jpg 500w, https:\/\/lirolight.com\/wp-content\/uploads\/2026\/03\/12-1-40x40.jpg 40w\" sizes=\"(max-width: 1024px) 100vw, 1024px\" \/><\/noscript><\/figure>\n<\/div>\n\n\n\n<div class=\"wp-block-column is-layout-flow wp-block-column-is-layout-flow\">\n<figure class=\"wp-block-image size-large\"><img loading=\"lazy\" decoding=\"async\" width=\"1024\" height=\"1024\" data-src=\"https:\/\/lirolight.com\/wp-content\/uploads\/2026\/03\/11-2-1024x1024.jpg\" alt=\"\" class=\"wp-image-10898 lazyload\" data-srcset=\"https:\/\/lirolight.com\/wp-content\/uploads\/2026\/03\/11-2-1024x1024.jpg 1024w, https:\/\/lirolight.com\/wp-content\/uploads\/2026\/03\/11-2-300x300.jpg 300w, https:\/\/lirolight.com\/wp-content\/uploads\/2026\/03\/11-2-150x150.jpg 150w, https:\/\/lirolight.com\/wp-content\/uploads\/2026\/03\/11-2-768x768.jpg 768w, https:\/\/lirolight.com\/wp-content\/uploads\/2026\/03\/11-2-1536x1536.jpg 1536w, https:\/\/lirolight.com\/wp-content\/uploads\/2026\/03\/11-2-2048x2048.jpg 2048w, https:\/\/lirolight.com\/wp-content\/uploads\/2026\/03\/11-2-12x12.jpg 12w, https:\/\/lirolight.com\/wp-content\/uploads\/2026\/03\/11-2-990x990.jpg 990w, https:\/\/lirolight.com\/wp-content\/uploads\/2026\/03\/11-2-441x441.jpg 441w, https:\/\/lirolight.com\/wp-content\/uploads\/2026\/03\/11-2-100x100.jpg 100w, https:\/\/lirolight.com\/wp-content\/uploads\/2026\/03\/11-2-800x800.jpg 800w, https:\/\/lirolight.com\/wp-content\/uploads\/2026\/03\/11-2-500x500.jpg 500w, https:\/\/lirolight.com\/wp-content\/uploads\/2026\/03\/11-2-40x40.jpg 40w\" data-sizes=\"(max-width: 1024px) 100vw, 1024px\" src=\"data:image\/gif;base64,R0lGODlhAQABAAAAACH5BAEKAAEALAAAAAABAAEAAAICTAEAOw==\" style=\"--smush-placeholder-width: 1024px; --smush-placeholder-aspect-ratio: 1024\/1024;\" \/><noscript><img loading=\"lazy\" decoding=\"async\" width=\"1024\" height=\"1024\" src=\"https:\/\/lirolight.com\/wp-content\/uploads\/2026\/03\/11-2-1024x1024.jpg\" alt=\"\" class=\"wp-image-10898\" srcset=\"https:\/\/lirolight.com\/wp-content\/uploads\/2026\/03\/11-2-1024x1024.jpg 1024w, https:\/\/lirolight.com\/wp-content\/uploads\/2026\/03\/11-2-300x300.jpg 300w, https:\/\/lirolight.com\/wp-content\/uploads\/2026\/03\/11-2-150x150.jpg 150w, https:\/\/lirolight.com\/wp-content\/uploads\/2026\/03\/11-2-768x768.jpg 768w, https:\/\/lirolight.com\/wp-content\/uploads\/2026\/03\/11-2-1536x1536.jpg 1536w, https:\/\/lirolight.com\/wp-content\/uploads\/2026\/03\/11-2-2048x2048.jpg 2048w, https:\/\/lirolight.com\/wp-content\/uploads\/2026\/03\/11-2-12x12.jpg 12w, https:\/\/lirolight.com\/wp-content\/uploads\/2026\/03\/11-2-990x990.jpg 990w, https:\/\/lirolight.com\/wp-content\/uploads\/2026\/03\/11-2-441x441.jpg 441w, https:\/\/lirolight.com\/wp-content\/uploads\/2026\/03\/11-2-100x100.jpg 100w, https:\/\/lirolight.com\/wp-content\/uploads\/2026\/03\/11-2-800x800.jpg 800w, https:\/\/lirolight.com\/wp-content\/uploads\/2026\/03\/11-2-500x500.jpg 500w, https:\/\/lirolight.com\/wp-content\/uploads\/2026\/03\/11-2-40x40.jpg 40w\" sizes=\"(max-width: 1024px) 100vw, 1024px\" \/><\/noscript><\/figure>\n<\/div>\n<\/div>\n\n\n\n<div class=\"wp-block-columns is-layout-flex wp-container-core-columns-is-layout-28f84493 wp-block-columns-is-layout-flex\">\n<div class=\"wp-block-column is-layout-flow wp-block-column-is-layout-flow\">\n<figure class=\"wp-block-image aligncenter size-full\"><img loading=\"lazy\" decoding=\"async\" width=\"660\" height=\"820\" data-src=\"https:\/\/lirolight.com\/wp-content\/uploads\/2026\/01\/details.jpg\" alt=\"\" class=\"wp-image-10865 lazyload\" data-srcset=\"https:\/\/lirolight.com\/wp-content\/uploads\/2026\/01\/details.jpg 660w, https:\/\/lirolight.com\/wp-content\/uploads\/2026\/01\/details-241x300.jpg 241w, https:\/\/lirolight.com\/wp-content\/uploads\/2026\/01\/details-10x12.jpg 10w, https:\/\/lirolight.com\/wp-content\/uploads\/2026\/01\/details-441x548.jpg 441w, https:\/\/lirolight.com\/wp-content\/uploads\/2026\/01\/details-300x373.jpg 300w, https:\/\/lirolight.com\/wp-content\/uploads\/2026\/01\/details-150x186.jpg 150w, https:\/\/lirolight.com\/wp-content\/uploads\/2026\/01\/details-32x40.jpg 32w\" data-sizes=\"(max-width: 660px) 100vw, 660px\" src=\"data:image\/gif;base64,R0lGODlhAQABAAAAACH5BAEKAAEALAAAAAABAAEAAAICTAEAOw==\" style=\"--smush-placeholder-width: 660px; --smush-placeholder-aspect-ratio: 660\/820;\" \/><noscript><img loading=\"lazy\" decoding=\"async\" width=\"660\" height=\"820\" src=\"https:\/\/lirolight.com\/wp-content\/uploads\/2026\/01\/details.jpg\" alt=\"\" class=\"wp-image-10865\" srcset=\"https:\/\/lirolight.com\/wp-content\/uploads\/2026\/01\/details.jpg 660w, https:\/\/lirolight.com\/wp-content\/uploads\/2026\/01\/details-241x300.jpg 241w, https:\/\/lirolight.com\/wp-content\/uploads\/2026\/01\/details-10x12.jpg 10w, https:\/\/lirolight.com\/wp-content\/uploads\/2026\/01\/details-441x548.jpg 441w, https:\/\/lirolight.com\/wp-content\/uploads\/2026\/01\/details-300x373.jpg 300w, https:\/\/lirolight.com\/wp-content\/uploads\/2026\/01\/details-150x186.jpg 150w, https:\/\/lirolight.com\/wp-content\/uploads\/2026\/01\/details-32x40.jpg 32w\" sizes=\"(max-width: 660px) 100vw, 660px\" \/><\/noscript><\/figure>\n<\/div>\n<\/div>\n\n\n\n<h2 class=\"wp-block-heading\">Tamanho:<\/h2>\n\n\n\n<figure class=\"wp-block-image aligncenter size-large\"><img loading=\"lazy\" decoding=\"async\" width=\"1024\" height=\"1024\" data-src=\"https:\/\/lirolight.com\/wp-content\/uploads\/2026\/03\/size_\u526f\u672c-1024x1024.jpg\" alt=\"\" class=\"wp-image-10884 lazyload\" data-srcset=\"https:\/\/lirolight.com\/wp-content\/uploads\/2026\/03\/size_\u526f\u672c-1024x1024.jpg 1024w, https:\/\/lirolight.com\/wp-content\/uploads\/2026\/03\/size_\u526f\u672c-300x300.jpg 300w, https:\/\/lirolight.com\/wp-content\/uploads\/2026\/03\/size_\u526f\u672c-150x150.jpg 150w, https:\/\/lirolight.com\/wp-content\/uploads\/2026\/03\/size_\u526f\u672c-768x768.jpg 768w, https:\/\/lirolight.com\/wp-content\/uploads\/2026\/03\/size_\u526f\u672c-1536x1536.jpg 1536w, https:\/\/lirolight.com\/wp-content\/uploads\/2026\/03\/size_\u526f\u672c-2048x2048.jpg 2048w, https:\/\/lirolight.com\/wp-content\/uploads\/2026\/03\/size_\u526f\u672c-12x12.jpg 12w, https:\/\/lirolight.com\/wp-content\/uploads\/2026\/03\/size_\u526f\u672c-990x990.jpg 990w, https:\/\/lirolight.com\/wp-content\/uploads\/2026\/03\/size_\u526f\u672c-441x441.jpg 441w, https:\/\/lirolight.com\/wp-content\/uploads\/2026\/03\/size_\u526f\u672c-100x100.jpg 100w, https:\/\/lirolight.com\/wp-content\/uploads\/2026\/03\/size_\u526f\u672c-800x800.jpg 800w, https:\/\/lirolight.com\/wp-content\/uploads\/2026\/03\/size_\u526f\u672c-40x40.jpg 40w\" data-sizes=\"(max-width: 1024px) 100vw, 1024px\" src=\"data:image\/gif;base64,R0lGODlhAQABAAAAACH5BAEKAAEALAAAAAABAAEAAAICTAEAOw==\" style=\"--smush-placeholder-width: 1024px; --smush-placeholder-aspect-ratio: 1024\/1024;\" \/><noscript><img loading=\"lazy\" decoding=\"async\" width=\"1024\" height=\"1024\" src=\"https:\/\/lirolight.com\/wp-content\/uploads\/2026\/03\/size_\u526f\u672c-1024x1024.jpg\" alt=\"\" class=\"wp-image-10884\" srcset=\"https:\/\/lirolight.com\/wp-content\/uploads\/2026\/03\/size_\u526f\u672c-1024x1024.jpg 1024w, https:\/\/lirolight.com\/wp-content\/uploads\/2026\/03\/size_\u526f\u672c-300x300.jpg 300w, https:\/\/lirolight.com\/wp-content\/uploads\/2026\/03\/size_\u526f\u672c-150x150.jpg 150w, https:\/\/lirolight.com\/wp-content\/uploads\/2026\/03\/size_\u526f\u672c-768x768.jpg 768w, https:\/\/lirolight.com\/wp-content\/uploads\/2026\/03\/size_\u526f\u672c-1536x1536.jpg 1536w, https:\/\/lirolight.com\/wp-content\/uploads\/2026\/03\/size_\u526f\u672c-2048x2048.jpg 2048w, https:\/\/lirolight.com\/wp-content\/uploads\/2026\/03\/size_\u526f\u672c-12x12.jpg 12w, https:\/\/lirolight.com\/wp-content\/uploads\/2026\/03\/size_\u526f\u672c-990x990.jpg 990w, https:\/\/lirolight.com\/wp-content\/uploads\/2026\/03\/size_\u526f\u672c-441x441.jpg 441w, https:\/\/lirolight.com\/wp-content\/uploads\/2026\/03\/size_\u526f\u672c-100x100.jpg 100w, https:\/\/lirolight.com\/wp-content\/uploads\/2026\/03\/size_\u526f\u672c-800x800.jpg 800w, https:\/\/lirolight.com\/wp-content\/uploads\/2026\/03\/size_\u526f\u672c-40x40.jpg 40w\" sizes=\"(max-width: 1024px) 100vw, 1024px\" \/><\/noscript><\/figure>\n\n\n\n<h2 class=\"wp-block-heading\"><font style=\"vertical-align: inherit;\"><font style=\"vertical-align: inherit;\">Especifica\u00e7\u00e3o\uff1a<\/font><\/font><\/h2>\n\n\n\n<p>Input voltage: AC110v \u2013 240v \/ 50-60HZ<br>Light source : 330W LED module<br>Vida \u00fatil da fonte de luz: 50000 horas<br>Pot\u00eancia total: 350 W<br>Channel mode: 23CH (Same channels with Claypaky)<br>Panor\u00e2mica: 540 graus (varredura de precis\u00e3o de 16 bits) corre\u00e7\u00e3o eletr\u00f4nica de erros<br>Inclina\u00e7\u00e3o: 270 graus (varredura de precis\u00e3o de 16 bits) corre\u00e7\u00e3o eletr\u00f4nica de erros<br>Dimeriza\u00e7\u00e3o: ajuste linear 0-100%<br>Sistema de congelamento: 1 efeito de congelamento independente, ponto de luz suave e natural<br>Zoom angle: 2.8-37 degrees<br>Estrobosc\u00f3pio: 0-30 vezes\/segundo. O efeito estrobosc\u00f3pico de velocidade ajust\u00e1vel \u00e9 ajust\u00e1vel.<br>Color: 6 colors + white light+CMY+CTO<br>Fixed gobo: 5 fixed gobo + white light<br>Gobo girat\u00f3rio: 7 gobos de vidro + luz branca, cada gobo de vidro pode ser invertido de forma independente<br>Prism : standard 4 prisms, can be independently reversed<br>Tela: Tela LCD de 1,8 polegadas, sistema operacional bil\u00edngue em chin\u00eas e ingl\u00eas, pode ser invertida em 180\u00b0<br>Dispositivo \u00f3ptico: lente \u00f3ptica combinada<br>Modo de controle: DMX512\/Master-Slave\/Auto Run\/RDM\/Manual<br>M\u00e9todo de resfriamento: O ventilador de fluxo axial \u00e9 usado para melhorar o resfriamento<br>Material de apar\u00eancia: pl\u00e1stico resistente a altas temperaturas<br>Working environment: -20 degrees \u2013 40 degrees<br>Linha de sinal: entrada XLR de tr\u00eas n\u00facleos da linha de sinal, sa\u00edda XLR de tr\u00eas n\u00facleos da linha de sinal<br>Linha de alimenta\u00e7\u00e3o: entrada e sa\u00edda do plugue de avia\u00e7\u00e3o<br>N\u00edvel de prote\u00e7\u00e3o: IP20<\/p>\n\n\n\n<h2 class=\"wp-block-heading\">Par\u00e2metro:<\/h2>\n\n\n\n<figure class=\"wp-block-table\"><table class=\"has-fixed-layout\"><tbody><tr><td>Fonte de luz<\/td><td><strong>330W LED module<\/strong><\/td><\/tr><tr><td>Tens\u00e3o de entrada (V)<\/td><td>AC 100-240V, 50\/60Hz<\/td><\/tr><tr><td>Classifica\u00e7\u00e3o IP<\/td><td>IP20<\/td><\/tr><tr><td>Roda de cores<\/td><td><strong>6 colors + white light<\/strong><\/td><\/tr><tr><td>Roda de gobo fixa<\/td><td><strong>5 fixed gobo + white light<\/strong><\/td><\/tr><tr><td>Roda Gobo de Rota\u00e7\u00e3o<\/td><td><strong>7 gobo de vidro + luz branca, cada gobo de vidro pode ser invertido de forma independente<\/strong><\/td><\/tr><tr><td>Prisma<\/td><td><strong>standard 4 prisms, can be independently reversed<\/strong><\/td><\/tr><tr><td>Modo de controle<\/td><td>DMX512\/Mestre-Escravo\/Execu\u00e7\u00e3o Autom\u00e1tica\/RDM\/Manual<\/td><\/tr><tr><td>Garantia<\/td><td>2 anos<\/td><\/tr><tr><td>Servi\u00e7o OEM e ODM<\/td><td>24 horas on-lineSe tiver alguma ideia sobre o produto, entre em contato conosco a qualquer momento.<\/td><\/tr><tr><td>Capacidade do projeto<\/td><td>Temos mais de 500 anos de experi\u00eancia em engenharia de projetos no exterior e qualquer projeto razo\u00e1vel \u00e9 bem-vindo.<\/td><\/tr><tr><td>Pacote<\/td><td>Caixa de papel\u00e3o e estojo de transporte est\u00e3o dispon\u00edveis<\/td><\/tr><\/tbody><\/table><\/figure>\n\n\n\n<h2 class=\"wp-block-heading\">Link do v\u00eddeo:<\/h2>\n\n\n\n<p><\/p>","protected":false},"excerpt":{"rendered":"<p>&nbsp;<\/p>\n<p>The LIRO-LITE\u00a0<strong>LED BSW 330W CMY+CTO Beam Spot Wash 3-in-1 Wash Zoom Moving Head Light<\/strong>\u00a0is our newly launched high-efficiency integrated moving head light. Its core advantage lies in its integration of three functions: high-penetration narrow-angle beam (Beam), precise focusing imaging (Spot), and wide-angle uniform color wash (Wash). Combined with a professional-grade CMY linear stepless color mixing and a 2700K-6500K CTO linear color temperature adjustment system, it achieves pure and natural color transitions and precise color temperature coordination. Furthermore, this light is equipped with a 330W high-efficiency LED module, making it widely suitable for various scenarios such as large concerts, theater performances, TV studios, and exhibitions.<\/p>\n<blockquote><p>\u00a0<\/p><\/blockquote>\n<p>&nbsp;<\/p>","protected":false},"featured_media":10891,"comment_status":"open","ping_status":"closed","template":"","meta":[],"product_brand":[],"product_cat":[61],"product_tag":[113,158,159,107,115,596,157,160],"class_list":{"0":"post-10876","1":"product","2":"type-product","3":"status-publish","4":"has-post-thumbnail","6":"product_cat-beam-bsw-moving-head-light","7":"product_tag-beamspotwash","8":"product_tag-bsw3in1","9":"product_tag-ledmovingheadlights","10":"product_tag-movinghead","11":"product_tag-movingheadlights","12":"product_tag-nled-bsw-330-cmy","13":"product_tag-spotmovingheadlight","14":"product_tag-stagelights","16":"first","17":"instock","18":"shipping-taxable","19":"product-type-simple"},"_links":{"self":[{"href":"https:\/\/lirolight.com\/pt\/wp-json\/wp\/v2\/product\/10876","targetHints":{"allow":["GET"]}}],"collection":[{"href":"https:\/\/lirolight.com\/pt\/wp-json\/wp\/v2\/product"}],"about":[{"href":"https:\/\/lirolight.com\/pt\/wp-json\/wp\/v2\/types\/product"}],"replies":[{"embeddable":true,"href":"https:\/\/lirolight.com\/pt\/wp-json\/wp\/v2\/comments?post=10876"}],"version-history":[{"count":2,"href":"https:\/\/lirolight.com\/pt\/wp-json\/wp\/v2\/product\/10876\/revisions"}],"predecessor-version":[{"id":10900,"href":"https:\/\/lirolight.com\/pt\/wp-json\/wp\/v2\/product\/10876\/revisions\/10900"}],"wp:featuredmedia":[{"embeddable":true,"href":"https:\/\/lirolight.com\/pt\/wp-json\/wp\/v2\/media\/10891"}],"wp:attachment":[{"href":"https:\/\/lirolight.com\/pt\/wp-json\/wp\/v2\/media?parent=10876"}],"wp:term":[{"taxonomy":"product_brand","embeddable":true,"href":"https:\/\/lirolight.com\/pt\/wp-json\/wp\/v2\/product_brand?post=10876"},{"taxonomy":"product_cat","embeddable":true,"href":"https:\/\/lirolight.com\/pt\/wp-json\/wp\/v2\/product_cat?post=10876"},{"taxonomy":"product_tag","embeddable":true,"href":"https:\/\/lirolight.com\/pt\/wp-json\/wp\/v2\/product_tag?post=10876"}],"curies":[{"name":"wp","href":"https:\/\/api.w.org\/{rel}","templated":true}]}}