{"id":7355,"date":"2025-06-11T06:52:58","date_gmt":"2025-06-11T06:52:58","guid":{"rendered":"https:\/\/lirolight.com\/?post_type=product&#038;p=7355"},"modified":"2026-01-13T07:04:15","modified_gmt":"2026-01-13T07:04:15","slug":"ip66-rgbw-pixel-jolt-strobe-bar-led-stage-lights-waterproof-wall-washer","status":"publish","type":"product","link":"https:\/\/lirolight.com\/pt\/produto\/ip66-rgbw-pixel-jolt-strobe-bar-led-stage-lights-waterproof-wall-washer\/","title":{"rendered":"LiRO-LITE IP66 RGBW Pixel Jolt Strobe Bar LED Stage Lights Waterproof Wall Washer (luzes de palco LED \u00e0 prova d'\u00e1gua)"},"content":{"rendered":"<h2 class=\"wp-block-heading\"><mark style=\"background-color:#000000\" class=\"has-inline-color has-white-color\">LR-IP JOLT BAR 600<\/mark><\/h2>\n\n\n\n<hr class=\"wp-block-separator has-alpha-channel-opacity\"\/>\n\n\n\n<h2 class=\"wp-block-heading\">Fotos:<\/h2>\n\n\n\n<figure class=\"wp-block-image size-large\"><img fetchpriority=\"high\" decoding=\"async\" width=\"1024\" height=\"1024\" src=\"https:\/\/lirolight.com\/wp-content\/uploads\/2025\/06\/S1830-13-1024x1024.jpg\" alt=\"\" class=\"wp-image-7357\" srcset=\"https:\/\/lirolight.com\/wp-content\/uploads\/2025\/06\/S1830-13-1024x1024.jpg 1024w, https:\/\/lirolight.com\/wp-content\/uploads\/2025\/06\/S1830-13-300x300.jpg 300w, https:\/\/lirolight.com\/wp-content\/uploads\/2025\/06\/S1830-13-150x150.jpg 150w, https:\/\/lirolight.com\/wp-content\/uploads\/2025\/06\/S1830-13-768x768.jpg 768w, https:\/\/lirolight.com\/wp-content\/uploads\/2025\/06\/S1830-13-1536x1536.jpg 1536w, https:\/\/lirolight.com\/wp-content\/uploads\/2025\/06\/S1830-13-12x12.jpg 12w, https:\/\/lirolight.com\/wp-content\/uploads\/2025\/06\/S1830-13-990x990.jpg 990w, https:\/\/lirolight.com\/wp-content\/uploads\/2025\/06\/S1830-13-441x441.jpg 441w, https:\/\/lirolight.com\/wp-content\/uploads\/2025\/06\/S1830-13-100x100.jpg 100w, https:\/\/lirolight.com\/wp-content\/uploads\/2025\/06\/S1830-13-800x800.jpg 800w, https:\/\/lirolight.com\/wp-content\/uploads\/2025\/06\/S1830-13-500x500.jpg 500w, https:\/\/lirolight.com\/wp-content\/uploads\/2025\/06\/S1830-13-40x40.jpg 40w, https:\/\/lirolight.com\/wp-content\/uploads\/2025\/06\/S1830-13.jpg 2000w\" sizes=\"(max-width: 1024px) 100vw, 1024px\" \/><\/figure>\n\n\n\n<figure class=\"wp-block-image size-full is-resized\"><img decoding=\"async\" width=\"600\" height=\"600\" data-src=\"https:\/\/lirolight.com\/wp-content\/uploads\/2025\/06\/\u5fae\u4fe1\u56fe\u7247_20250611154810.jpg\" alt=\"\" class=\"wp-image-7381 lazyload\" style=\"--smush-placeholder-width: 600px; --smush-placeholder-aspect-ratio: 600\/600;width:852px;height:auto\" data-srcset=\"https:\/\/lirolight.com\/wp-content\/uploads\/2025\/06\/\u5fae\u4fe1\u56fe\u7247_20250611154810.jpg 600w, https:\/\/lirolight.com\/wp-content\/uploads\/2025\/06\/\u5fae\u4fe1\u56fe\u7247_20250611154810-300x300.jpg 300w, https:\/\/lirolight.com\/wp-content\/uploads\/2025\/06\/\u5fae\u4fe1\u56fe\u7247_20250611154810-150x150.jpg 150w, https:\/\/lirolight.com\/wp-content\/uploads\/2025\/06\/\u5fae\u4fe1\u56fe\u7247_20250611154810-12x12.jpg 12w, https:\/\/lirolight.com\/wp-content\/uploads\/2025\/06\/\u5fae\u4fe1\u56fe\u7247_20250611154810-441x441.jpg 441w, https:\/\/lirolight.com\/wp-content\/uploads\/2025\/06\/\u5fae\u4fe1\u56fe\u7247_20250611154810-100x100.jpg 100w, https:\/\/lirolight.com\/wp-content\/uploads\/2025\/06\/\u5fae\u4fe1\u56fe\u7247_20250611154810-500x500.jpg 500w, https:\/\/lirolight.com\/wp-content\/uploads\/2025\/06\/\u5fae\u4fe1\u56fe\u7247_20250611154810-40x40.jpg 40w\" data-sizes=\"(max-width: 600px) 100vw, 600px\" src=\"data:image\/gif;base64,R0lGODlhAQABAAAAACH5BAEKAAEALAAAAAABAAEAAAICTAEAOw==\" \/><noscript><img decoding=\"async\" width=\"600\" height=\"600\" src=\"https:\/\/lirolight.com\/wp-content\/uploads\/2025\/06\/\u5fae\u4fe1\u56fe\u7247_20250611154810.jpg\" alt=\"\" class=\"wp-image-7381\" style=\"width:852px;height:auto\" srcset=\"https:\/\/lirolight.com\/wp-content\/uploads\/2025\/06\/\u5fae\u4fe1\u56fe\u7247_20250611154810.jpg 600w, https:\/\/lirolight.com\/wp-content\/uploads\/2025\/06\/\u5fae\u4fe1\u56fe\u7247_20250611154810-300x300.jpg 300w, https:\/\/lirolight.com\/wp-content\/uploads\/2025\/06\/\u5fae\u4fe1\u56fe\u7247_20250611154810-150x150.jpg 150w, https:\/\/lirolight.com\/wp-content\/uploads\/2025\/06\/\u5fae\u4fe1\u56fe\u7247_20250611154810-12x12.jpg 12w, https:\/\/lirolight.com\/wp-content\/uploads\/2025\/06\/\u5fae\u4fe1\u56fe\u7247_20250611154810-441x441.jpg 441w, https:\/\/lirolight.com\/wp-content\/uploads\/2025\/06\/\u5fae\u4fe1\u56fe\u7247_20250611154810-100x100.jpg 100w, https:\/\/lirolight.com\/wp-content\/uploads\/2025\/06\/\u5fae\u4fe1\u56fe\u7247_20250611154810-500x500.jpg 500w, https:\/\/lirolight.com\/wp-content\/uploads\/2025\/06\/\u5fae\u4fe1\u56fe\u7247_20250611154810-40x40.jpg 40w\" sizes=\"(max-width: 600px) 100vw, 600px\" \/><\/noscript><\/figure>\n\n\n\n<div class=\"wp-block-columns is-layout-flex wp-container-core-columns-is-layout-28f84493 wp-block-columns-is-layout-flex\">\n<div class=\"wp-block-column is-layout-flow wp-block-column-is-layout-flow\">\n<figure class=\"wp-block-image size-large\"><img decoding=\"async\" width=\"1024\" height=\"683\" data-src=\"https:\/\/lirolight.com\/wp-content\/uploads\/2025\/06\/03-1024x683.jpg\" alt=\"\" class=\"wp-image-7359 lazyload\" data-srcset=\"https:\/\/lirolight.com\/wp-content\/uploads\/2025\/06\/03-1024x683.jpg 1024w, https:\/\/lirolight.com\/wp-content\/uploads\/2025\/06\/03-300x200.jpg 300w, https:\/\/lirolight.com\/wp-content\/uploads\/2025\/06\/03-768x512.jpg 768w, https:\/\/lirolight.com\/wp-content\/uploads\/2025\/06\/03-18x12.jpg 18w, https:\/\/lirolight.com\/wp-content\/uploads\/2025\/06\/03-990x660.jpg 990w, https:\/\/lirolight.com\/wp-content\/uploads\/2025\/06\/03-441x294.jpg 441w, https:\/\/lirolight.com\/wp-content\/uploads\/2025\/06\/03-800x533.jpg 800w, https:\/\/lirolight.com\/wp-content\/uploads\/2025\/06\/03-150x100.jpg 150w, https:\/\/lirolight.com\/wp-content\/uploads\/2025\/06\/03-500x333.jpg 500w, https:\/\/lirolight.com\/wp-content\/uploads\/2025\/06\/03-60x40.jpg 60w, https:\/\/lirolight.com\/wp-content\/uploads\/2025\/06\/03.jpg 1440w\" data-sizes=\"(max-width: 1024px) 100vw, 1024px\" src=\"data:image\/gif;base64,R0lGODlhAQABAAAAACH5BAEKAAEALAAAAAABAAEAAAICTAEAOw==\" style=\"--smush-placeholder-width: 1024px; --smush-placeholder-aspect-ratio: 1024\/683;\" \/><noscript><img decoding=\"async\" width=\"1024\" height=\"683\" src=\"https:\/\/lirolight.com\/wp-content\/uploads\/2025\/06\/03-1024x683.jpg\" alt=\"\" class=\"wp-image-7359\" srcset=\"https:\/\/lirolight.com\/wp-content\/uploads\/2025\/06\/03-1024x683.jpg 1024w, https:\/\/lirolight.com\/wp-content\/uploads\/2025\/06\/03-300x200.jpg 300w, https:\/\/lirolight.com\/wp-content\/uploads\/2025\/06\/03-768x512.jpg 768w, https:\/\/lirolight.com\/wp-content\/uploads\/2025\/06\/03-18x12.jpg 18w, https:\/\/lirolight.com\/wp-content\/uploads\/2025\/06\/03-990x660.jpg 990w, https:\/\/lirolight.com\/wp-content\/uploads\/2025\/06\/03-441x294.jpg 441w, https:\/\/lirolight.com\/wp-content\/uploads\/2025\/06\/03-800x533.jpg 800w, https:\/\/lirolight.com\/wp-content\/uploads\/2025\/06\/03-150x100.jpg 150w, https:\/\/lirolight.com\/wp-content\/uploads\/2025\/06\/03-500x333.jpg 500w, https:\/\/lirolight.com\/wp-content\/uploads\/2025\/06\/03-60x40.jpg 60w, https:\/\/lirolight.com\/wp-content\/uploads\/2025\/06\/03.jpg 1440w\" sizes=\"(max-width: 1024px) 100vw, 1024px\" \/><\/noscript><\/figure>\n<\/div>\n\n\n\n<div class=\"wp-block-column is-layout-flow wp-block-column-is-layout-flow\">\n<figure class=\"wp-block-image size-large\"><img loading=\"lazy\" decoding=\"async\" width=\"1024\" height=\"683\" data-src=\"https:\/\/lirolight.com\/wp-content\/uploads\/2025\/06\/02-1-1024x683.jpg\" alt=\"\" class=\"wp-image-7360 lazyload\" data-srcset=\"https:\/\/lirolight.com\/wp-content\/uploads\/2025\/06\/02-1-1024x683.jpg 1024w, https:\/\/lirolight.com\/wp-content\/uploads\/2025\/06\/02-1-300x200.jpg 300w, https:\/\/lirolight.com\/wp-content\/uploads\/2025\/06\/02-1-768x512.jpg 768w, https:\/\/lirolight.com\/wp-content\/uploads\/2025\/06\/02-1-18x12.jpg 18w, https:\/\/lirolight.com\/wp-content\/uploads\/2025\/06\/02-1-990x660.jpg 990w, https:\/\/lirolight.com\/wp-content\/uploads\/2025\/06\/02-1-441x294.jpg 441w, https:\/\/lirolight.com\/wp-content\/uploads\/2025\/06\/02-1-800x533.jpg 800w, https:\/\/lirolight.com\/wp-content\/uploads\/2025\/06\/02-1-150x100.jpg 150w, https:\/\/lirolight.com\/wp-content\/uploads\/2025\/06\/02-1-500x333.jpg 500w, https:\/\/lirolight.com\/wp-content\/uploads\/2025\/06\/02-1-60x40.jpg 60w, https:\/\/lirolight.com\/wp-content\/uploads\/2025\/06\/02-1.jpg 1440w\" data-sizes=\"(max-width: 1024px) 100vw, 1024px\" src=\"data:image\/gif;base64,R0lGODlhAQABAAAAACH5BAEKAAEALAAAAAABAAEAAAICTAEAOw==\" style=\"--smush-placeholder-width: 1024px; --smush-placeholder-aspect-ratio: 1024\/683;\" \/><noscript><img loading=\"lazy\" decoding=\"async\" width=\"1024\" height=\"683\" src=\"https:\/\/lirolight.com\/wp-content\/uploads\/2025\/06\/02-1-1024x683.jpg\" alt=\"\" class=\"wp-image-7360\" srcset=\"https:\/\/lirolight.com\/wp-content\/uploads\/2025\/06\/02-1-1024x683.jpg 1024w, https:\/\/lirolight.com\/wp-content\/uploads\/2025\/06\/02-1-300x200.jpg 300w, https:\/\/lirolight.com\/wp-content\/uploads\/2025\/06\/02-1-768x512.jpg 768w, https:\/\/lirolight.com\/wp-content\/uploads\/2025\/06\/02-1-18x12.jpg 18w, https:\/\/lirolight.com\/wp-content\/uploads\/2025\/06\/02-1-990x660.jpg 990w, https:\/\/lirolight.com\/wp-content\/uploads\/2025\/06\/02-1-441x294.jpg 441w, https:\/\/lirolight.com\/wp-content\/uploads\/2025\/06\/02-1-800x533.jpg 800w, https:\/\/lirolight.com\/wp-content\/uploads\/2025\/06\/02-1-150x100.jpg 150w, https:\/\/lirolight.com\/wp-content\/uploads\/2025\/06\/02-1-500x333.jpg 500w, https:\/\/lirolight.com\/wp-content\/uploads\/2025\/06\/02-1-60x40.jpg 60w, https:\/\/lirolight.com\/wp-content\/uploads\/2025\/06\/02-1.jpg 1440w\" sizes=\"(max-width: 1024px) 100vw, 1024px\" \/><\/noscript><\/figure>\n<\/div>\n<\/div>\n\n\n\n<div class=\"wp-block-columns is-layout-flex wp-container-core-columns-is-layout-28f84493 wp-block-columns-is-layout-flex\">\n<div class=\"wp-block-column is-layout-flow wp-block-column-is-layout-flow\">\n<figure class=\"wp-block-image size-large\"><img loading=\"lazy\" decoding=\"async\" width=\"1024\" height=\"683\" data-src=\"https:\/\/lirolight.com\/wp-content\/uploads\/2025\/06\/01-1-1024x683.jpg\" alt=\"\" class=\"wp-image-7361 lazyload\" data-srcset=\"https:\/\/lirolight.com\/wp-content\/uploads\/2025\/06\/01-1-1024x683.jpg 1024w, https:\/\/lirolight.com\/wp-content\/uploads\/2025\/06\/01-1-300x200.jpg 300w, https:\/\/lirolight.com\/wp-content\/uploads\/2025\/06\/01-1-768x512.jpg 768w, https:\/\/lirolight.com\/wp-content\/uploads\/2025\/06\/01-1-18x12.jpg 18w, https:\/\/lirolight.com\/wp-content\/uploads\/2025\/06\/01-1-990x660.jpg 990w, https:\/\/lirolight.com\/wp-content\/uploads\/2025\/06\/01-1-441x294.jpg 441w, https:\/\/lirolight.com\/wp-content\/uploads\/2025\/06\/01-1-800x533.jpg 800w, https:\/\/lirolight.com\/wp-content\/uploads\/2025\/06\/01-1-150x100.jpg 150w, https:\/\/lirolight.com\/wp-content\/uploads\/2025\/06\/01-1-500x333.jpg 500w, https:\/\/lirolight.com\/wp-content\/uploads\/2025\/06\/01-1-60x40.jpg 60w, https:\/\/lirolight.com\/wp-content\/uploads\/2025\/06\/01-1.jpg 1440w\" data-sizes=\"(max-width: 1024px) 100vw, 1024px\" src=\"data:image\/gif;base64,R0lGODlhAQABAAAAACH5BAEKAAEALAAAAAABAAEAAAICTAEAOw==\" style=\"--smush-placeholder-width: 1024px; --smush-placeholder-aspect-ratio: 1024\/683;\" \/><noscript><img loading=\"lazy\" decoding=\"async\" width=\"1024\" height=\"683\" src=\"https:\/\/lirolight.com\/wp-content\/uploads\/2025\/06\/01-1-1024x683.jpg\" alt=\"\" class=\"wp-image-7361\" srcset=\"https:\/\/lirolight.com\/wp-content\/uploads\/2025\/06\/01-1-1024x683.jpg 1024w, https:\/\/lirolight.com\/wp-content\/uploads\/2025\/06\/01-1-300x200.jpg 300w, https:\/\/lirolight.com\/wp-content\/uploads\/2025\/06\/01-1-768x512.jpg 768w, https:\/\/lirolight.com\/wp-content\/uploads\/2025\/06\/01-1-18x12.jpg 18w, https:\/\/lirolight.com\/wp-content\/uploads\/2025\/06\/01-1-990x660.jpg 990w, https:\/\/lirolight.com\/wp-content\/uploads\/2025\/06\/01-1-441x294.jpg 441w, https:\/\/lirolight.com\/wp-content\/uploads\/2025\/06\/01-1-800x533.jpg 800w, https:\/\/lirolight.com\/wp-content\/uploads\/2025\/06\/01-1-150x100.jpg 150w, https:\/\/lirolight.com\/wp-content\/uploads\/2025\/06\/01-1-500x333.jpg 500w, https:\/\/lirolight.com\/wp-content\/uploads\/2025\/06\/01-1-60x40.jpg 60w, https:\/\/lirolight.com\/wp-content\/uploads\/2025\/06\/01-1.jpg 1440w\" sizes=\"(max-width: 1024px) 100vw, 1024px\" \/><\/noscript><\/figure>\n<\/div>\n\n\n\n<div class=\"wp-block-column is-layout-flow wp-block-column-is-layout-flow\">\n<figure class=\"wp-block-image size-large\"><img loading=\"lazy\" decoding=\"async\" width=\"1024\" height=\"683\" data-src=\"https:\/\/lirolight.com\/wp-content\/uploads\/2025\/06\/04-1024x683.jpg\" alt=\"\" class=\"wp-image-7362 lazyload\" data-srcset=\"https:\/\/lirolight.com\/wp-content\/uploads\/2025\/06\/04-1024x683.jpg 1024w, https:\/\/lirolight.com\/wp-content\/uploads\/2025\/06\/04-300x200.jpg 300w, https:\/\/lirolight.com\/wp-content\/uploads\/2025\/06\/04-768x512.jpg 768w, https:\/\/lirolight.com\/wp-content\/uploads\/2025\/06\/04-18x12.jpg 18w, https:\/\/lirolight.com\/wp-content\/uploads\/2025\/06\/04-990x660.jpg 990w, https:\/\/lirolight.com\/wp-content\/uploads\/2025\/06\/04-441x294.jpg 441w, https:\/\/lirolight.com\/wp-content\/uploads\/2025\/06\/04-800x533.jpg 800w, https:\/\/lirolight.com\/wp-content\/uploads\/2025\/06\/04-150x100.jpg 150w, https:\/\/lirolight.com\/wp-content\/uploads\/2025\/06\/04-500x333.jpg 500w, https:\/\/lirolight.com\/wp-content\/uploads\/2025\/06\/04-60x40.jpg 60w, https:\/\/lirolight.com\/wp-content\/uploads\/2025\/06\/04.jpg 1440w\" data-sizes=\"(max-width: 1024px) 100vw, 1024px\" src=\"data:image\/gif;base64,R0lGODlhAQABAAAAACH5BAEKAAEALAAAAAABAAEAAAICTAEAOw==\" style=\"--smush-placeholder-width: 1024px; --smush-placeholder-aspect-ratio: 1024\/683;\" \/><noscript><img loading=\"lazy\" decoding=\"async\" width=\"1024\" height=\"683\" src=\"https:\/\/lirolight.com\/wp-content\/uploads\/2025\/06\/04-1024x683.jpg\" alt=\"\" class=\"wp-image-7362\" srcset=\"https:\/\/lirolight.com\/wp-content\/uploads\/2025\/06\/04-1024x683.jpg 1024w, https:\/\/lirolight.com\/wp-content\/uploads\/2025\/06\/04-300x200.jpg 300w, https:\/\/lirolight.com\/wp-content\/uploads\/2025\/06\/04-768x512.jpg 768w, https:\/\/lirolight.com\/wp-content\/uploads\/2025\/06\/04-18x12.jpg 18w, https:\/\/lirolight.com\/wp-content\/uploads\/2025\/06\/04-990x660.jpg 990w, https:\/\/lirolight.com\/wp-content\/uploads\/2025\/06\/04-441x294.jpg 441w, https:\/\/lirolight.com\/wp-content\/uploads\/2025\/06\/04-800x533.jpg 800w, https:\/\/lirolight.com\/wp-content\/uploads\/2025\/06\/04-150x100.jpg 150w, https:\/\/lirolight.com\/wp-content\/uploads\/2025\/06\/04-500x333.jpg 500w, https:\/\/lirolight.com\/wp-content\/uploads\/2025\/06\/04-60x40.jpg 60w, https:\/\/lirolight.com\/wp-content\/uploads\/2025\/06\/04.jpg 1440w\" sizes=\"(max-width: 1024px) 100vw, 1024px\" \/><\/noscript><\/figure>\n<\/div>\n<\/div>\n\n\n\n<h2 class=\"wp-block-heading\">Especifica\u00e7\u00e3o:<\/h2>\n\n\n\n<ul class=\"wp-block-list\">\n<li><strong>Fonte de luz:<\/strong><\/li>\n\n\n\n<li>Luz colorida: 448 x 0,5W RGB LED<\/li>\n\n\n\n<li>Luz branca: 112 x 3W CW LED<\/li>\n\n\n\n<li><strong>\u00c2ngulo do feixe:<\/strong><\/li>\n\n\n\n<li>\u00c2ngulo do feixe de luz colorida: 101\u00b0.&nbsp;<\/li>\n\n\n\n<li>\u00c2ngulo do feixe de luz branca: 116\u00b0.&nbsp;<\/li>\n\n\n\n<li>Sistema \u00f3ptico: sistema \u00f3ptico de orienta\u00e7\u00e3o de luz de alta exposi\u00e7\u00e3o<\/li>\n\n\n\n<li><strong>Controle e programa<\/strong><\/li>\n\n\n\n<li>4 bot\u00f5es de toque<\/li>\n\n\n\n<li>Painel de controle: Tela de exibi\u00e7\u00e3o OLED<\/li>\n\n\n\n<li>Modo de controle: DMX512, RDM<\/li>\n\n\n\n<li>Modo de canal DMX: 4<\/li>\n\n\n\n<li>Canais de controle: 9\/18\/112\/127<\/li>\n\n\n\n<li>Atualiza\u00e7\u00e3o de software: atualiza\u00e7\u00e3o de software por meio de uma conex\u00e3o DMX<\/li>\n\n\n\n<li><strong>El\u00e9trica e de interface<\/strong><\/li>\n\n\n\n<li>Tens\u00e3o de entrada: 110-240V~50\/60Hz<\/li>\n\n\n\n<li>Pot\u00eancia: Pot\u00eancia total da l\u00e2mpada: 600 W (constante em 500W, com explos\u00e3o em 700W)<\/li>\n\n\n\n<li>Tomada de energia: entrada\/sa\u00edda do conector de energia \u00e0 prova d'\u00e1gua<\/li>\n\n\n\n<li>Entrada\/sa\u00edda de sinal: Soquete XLR \u00e0 prova d'\u00e1gua de 3 pinos (5 pinos)<\/li>\n\n\n\n<li><strong>Especifica\u00e7\u00f5es da l\u00e2mpada<\/strong><\/li>\n\n\n\n<li>Dimension:100.2*14.2*9cm<\/li>\n\n\n\n<li>Peso l\u00edquido: 8 kg<\/li>\n\n\n\n<li><strong>Ambiente de trabalho<\/strong><\/li>\n\n\n\n<li>temperatura operacional: -10\u00b0C a 40\u00b0C<\/li>\n\n\n\n<li>Temperatura m\u00e1xima da superf\u00edcie: 65\u00b0C<\/li>\n\n\n\n<li>N\u00edvel de IP: IP66<\/li>\n\n\n\n<li><strong>Instalar<\/strong><\/li>\n\n\n\n<li>Pode ser instalado na horizontal ou na vertical<\/li>\n\n\n\n<li>Orif\u00edcio de conex\u00e3o do cabo de seguran\u00e7a<\/li>\n\n\n\n<li>Pode ser emendado \u00e0 esquerda, \u00e0 direita, para cima e para baixo<\/li>\n\n\n\n<li><strong>Configura\u00e7\u00e3o de f\u00e1brica<\/strong><\/li>\n\n\n\n<li>Manual do usu\u00e1rio<\/li>\n\n\n\n<li>Cabo de alimenta\u00e7\u00e3o\/cabo DMX<\/li>\n\n\n\n<li>\u00d4mega<\/li>\n\n\n\n<li>Corda de seguran\u00e7a<\/li>\n\n\n\n<li><strong>Acess\u00f3rios opcionais<\/strong><\/li>\n\n\n\n<li>Pe\u00e7as de emenda superior e inferior<\/li>\n\n\n\n<li><strong>Filtro de difus\u00e3o\uff08Opcional, entre em contato conosco se necess\u00e1rio\uff09<\/strong><\/li>\n\n\n\n<li>Estrutura de p\u00e9<\/li>\n<\/ul>\n\n\n\n<h2 class=\"wp-block-heading\">Par\u00e2metros:<\/h2>\n\n\n\n<figure class=\"wp-block-table\"><table class=\"has-fixed-layout\"><tbody><tr><td>Tens\u00e3o ampla<\/td><td>AC100-240V, 50\/60Hz<\/td><\/tr><tr><td>Tempo de vida<\/td><td>50.000 horas<\/td><\/tr><tr><td>Pot\u00eancia<\/td><td>Pot\u00eancia total da l\u00e2mpada: 600 W (constante em 500W, com explos\u00e3o em 700W)<\/td><\/tr><tr><td>Fonte de LED<\/td><td>448 x 0,5W LED RGB + 112 x 3W LED CW<\/td><\/tr><tr><td>\u00c2ngulo do feixe de luz colorido<\/td><td>101\u00b0<\/td><\/tr><tr><td>\u00c2ngulo do feixe de luz branca<\/td><td>116 \u00b0<\/td><\/tr><tr><td>Conector DMX<\/td><td>Soquete XLR \u00e0 prova d'\u00e1gua de 3 pinos (5 pinos)<\/td><\/tr><tr><td>Modo de conex\u00e3o<\/td><td>DMX, RDM, mestre\/escravo, som ativo, autom\u00e1tico<\/td><\/tr><tr><td>Tomada de energia<\/td><td>entrada\/sa\u00edda do conector de alimenta\u00e7\u00e3o \u00e0 prova d'\u00e1gua<\/td><\/tr><tr><td>Classifica\u00e7\u00e3o IP<\/td><td>IP66<\/td><\/tr><\/tbody><\/table><\/figure>\n\n\n\n<h2 class=\"wp-block-heading\">Hor\u00e1rio do show.<\/h2>\n\n\n\n<figure class=\"wp-block-image size-large\"><img loading=\"lazy\" decoding=\"async\" width=\"1024\" height=\"1024\" data-src=\"https:\/\/lirolight.com\/wp-content\/uploads\/2025\/06\/X0-1024x1024.jpg\" alt=\"\" class=\"wp-image-7363 lazyload\" data-srcset=\"https:\/\/lirolight.com\/wp-content\/uploads\/2025\/06\/X0-1024x1024.jpg 1024w, https:\/\/lirolight.com\/wp-content\/uploads\/2025\/06\/X0-300x300.jpg 300w, https:\/\/lirolight.com\/wp-content\/uploads\/2025\/06\/X0-150x150.jpg 150w, https:\/\/lirolight.com\/wp-content\/uploads\/2025\/06\/X0-768x768.jpg 768w, https:\/\/lirolight.com\/wp-content\/uploads\/2025\/06\/X0-1536x1536.jpg 1536w, https:\/\/lirolight.com\/wp-content\/uploads\/2025\/06\/X0-12x12.jpg 12w, https:\/\/lirolight.com\/wp-content\/uploads\/2025\/06\/X0-990x990.jpg 990w, https:\/\/lirolight.com\/wp-content\/uploads\/2025\/06\/X0-441x441.jpg 441w, https:\/\/lirolight.com\/wp-content\/uploads\/2025\/06\/X0-100x100.jpg 100w, https:\/\/lirolight.com\/wp-content\/uploads\/2025\/06\/X0-800x800.jpg 800w, https:\/\/lirolight.com\/wp-content\/uploads\/2025\/06\/X0-500x500.jpg 500w, https:\/\/lirolight.com\/wp-content\/uploads\/2025\/06\/X0-40x40.jpg 40w, https:\/\/lirolight.com\/wp-content\/uploads\/2025\/06\/X0.jpg 2000w\" data-sizes=\"(max-width: 1024px) 100vw, 1024px\" src=\"data:image\/gif;base64,R0lGODlhAQABAAAAACH5BAEKAAEALAAAAAABAAEAAAICTAEAOw==\" style=\"--smush-placeholder-width: 1024px; --smush-placeholder-aspect-ratio: 1024\/1024;\" \/><noscript><img loading=\"lazy\" decoding=\"async\" width=\"1024\" height=\"1024\" src=\"https:\/\/lirolight.com\/wp-content\/uploads\/2025\/06\/X0-1024x1024.jpg\" alt=\"\" class=\"wp-image-7363\" srcset=\"https:\/\/lirolight.com\/wp-content\/uploads\/2025\/06\/X0-1024x1024.jpg 1024w, https:\/\/lirolight.com\/wp-content\/uploads\/2025\/06\/X0-300x300.jpg 300w, https:\/\/lirolight.com\/wp-content\/uploads\/2025\/06\/X0-150x150.jpg 150w, https:\/\/lirolight.com\/wp-content\/uploads\/2025\/06\/X0-768x768.jpg 768w, https:\/\/lirolight.com\/wp-content\/uploads\/2025\/06\/X0-1536x1536.jpg 1536w, https:\/\/lirolight.com\/wp-content\/uploads\/2025\/06\/X0-12x12.jpg 12w, https:\/\/lirolight.com\/wp-content\/uploads\/2025\/06\/X0-990x990.jpg 990w, https:\/\/lirolight.com\/wp-content\/uploads\/2025\/06\/X0-441x441.jpg 441w, https:\/\/lirolight.com\/wp-content\/uploads\/2025\/06\/X0-100x100.jpg 100w, https:\/\/lirolight.com\/wp-content\/uploads\/2025\/06\/X0-800x800.jpg 800w, https:\/\/lirolight.com\/wp-content\/uploads\/2025\/06\/X0-500x500.jpg 500w, https:\/\/lirolight.com\/wp-content\/uploads\/2025\/06\/X0-40x40.jpg 40w, https:\/\/lirolight.com\/wp-content\/uploads\/2025\/06\/X0.jpg 2000w\" sizes=\"(max-width: 1024px) 100vw, 1024px\" \/><\/noscript><\/figure>\n\n\n\n<h2 class=\"wp-block-heading\"><strong>Link do v\u00eddeo:<\/strong><\/h2>\n\n\n\n<p><a href=\"https:\/\/www.instagram.com\/p\/DSV9esMAd8w\" target=\"_blank\" rel=\"noopener\">https:\/\/www.instagram.com\/p\/DSV9esMAd8w<\/a><\/p>\n\n\n\n<p>Como fazer a emenda?<\/p>\n\n\n\n<p><a href=\"https:\/\/www.instagram.com\/p\/DSYj_3ggV2y\" target=\"_blank\" rel=\"noopener\">https:\/\/www.instagram.com\/p\/DSYj_3ggV2y<\/a><\/p>\n\n\n\n<p>Como fazer com que ele fique em p\u00e9?<\/p>\n\n\n\n<p><a href=\"https:\/\/www.instagram.com\/p\/DS3eSejkpzo\" target=\"_blank\" rel=\"noopener\">https:\/\/www.instagram.com\/p\/DS3eSejkpzo<\/a><\/p>","protected":false},"excerpt":{"rendered":"<p>A Jolt Bar IP \u00e9 uma luz estrobosc\u00f3pica \u00e0 prova d'\u00e1gua de alta pot\u00eancia para ambientes externos, projetada para efeitos de ilumina\u00e7\u00e3o din\u00e2micos. Essa lumin\u00e1ria \u00e9 constru\u00edda com pinos de emenda integrados que permitem a conex\u00e3o e a extens\u00e3o perfeitas de v\u00e1rias unidades. Sua constru\u00e7\u00e3o robusta \u00e9 adequada para ambientes externos, fornecendo uma solu\u00e7\u00e3o resistente \u00e0s intemp\u00e9ries para criar exibi\u00e7\u00f5es de luzes intermitentes que chamam a aten\u00e7\u00e3o. O Jolt Bar IP \u00e9 perfeito para eventos, festas e locais que exigem efeitos de ilumina\u00e7\u00e3o intensos e sincronizados.<\/p>","protected":false},"featured_media":7357,"comment_status":"open","ping_status":"closed","template":"","meta":[],"product_brand":[],"product_cat":[66],"product_tag":[78],"class_list":{"0":"post-7355","1":"product","2":"type-product","3":"status-publish","4":"has-post-thumbnail","6":"product_cat-ip-strobe-bar","7":"product_tag-strobe","9":"first","10":"instock","11":"shipping-taxable","12":"product-type-simple"},"_links":{"self":[{"href":"https:\/\/lirolight.com\/pt\/wp-json\/wp\/v2\/product\/7355","targetHints":{"allow":["GET"]}}],"collection":[{"href":"https:\/\/lirolight.com\/pt\/wp-json\/wp\/v2\/product"}],"about":[{"href":"https:\/\/lirolight.com\/pt\/wp-json\/wp\/v2\/types\/product"}],"replies":[{"embeddable":true,"href":"https:\/\/lirolight.com\/pt\/wp-json\/wp\/v2\/comments?post=7355"}],"version-history":[{"count":4,"href":"https:\/\/lirolight.com\/pt\/wp-json\/wp\/v2\/product\/7355\/revisions"}],"predecessor-version":[{"id":10550,"href":"https:\/\/lirolight.com\/pt\/wp-json\/wp\/v2\/product\/7355\/revisions\/10550"}],"wp:featuredmedia":[{"embeddable":true,"href":"https:\/\/lirolight.com\/pt\/wp-json\/wp\/v2\/media\/7357"}],"wp:attachment":[{"href":"https:\/\/lirolight.com\/pt\/wp-json\/wp\/v2\/media?parent=7355"}],"wp:term":[{"taxonomy":"product_brand","embeddable":true,"href":"https:\/\/lirolight.com\/pt\/wp-json\/wp\/v2\/product_brand?post=7355"},{"taxonomy":"product_cat","embeddable":true,"href":"https:\/\/lirolight.com\/pt\/wp-json\/wp\/v2\/product_cat?post=7355"},{"taxonomy":"product_tag","embeddable":true,"href":"https:\/\/lirolight.com\/pt\/wp-json\/wp\/v2\/product_tag?post=7355"}],"curies":[{"name":"wp","href":"https:\/\/api.w.org\/{rel}","templated":true}]}}