{"id":7447,"date":"2025-06-12T10:17:20","date_gmt":"2025-06-12T10:17:20","guid":{"rendered":"https:\/\/lirolight.com\/?post_type=product&#038;p=7447"},"modified":"2026-01-07T02:28:04","modified_gmt":"2026-01-07T02:28:04","slug":"professional-zoom-wash-beam-pixel-dj-disco-lighting-ip66-1830w-led-moving-head-bar-stage-lights","status":"publish","type":"product","link":"https:\/\/lirolight.com\/pt\/produto\/professional-zoom-wash-beam-pixel-dj-disco-lighting-ip66-1830w-led-moving-head-bar-stage-lights\/","title":{"rendered":"LiRO-LITE Professional Zoom Wash Beam Pixel DJ Disco Lighting IP66 18*30W LED Moving Head Bar Stage Lights"},"content":{"rendered":"<p class=\"has-large-font-size\"><strong><mark style=\"background-color:#000000\" class=\"has-inline-color has-white-color\">LR-IP BARRA DE PIXELS DE LED 1830<\/mark><\/strong><\/p>\n\n\n\n<hr class=\"wp-block-separator has-alpha-channel-opacity\"\/>\n\n\n\n<h2 class=\"wp-block-heading has-medium-font-size\">Fotos do produto:<\/h2>\n\n\n\n<figure class=\"wp-block-image size-large\"><img fetchpriority=\"high\" decoding=\"async\" width=\"1024\" height=\"683\" src=\"https:\/\/lirolight.com\/wp-content\/uploads\/2025\/06\/15-1024x683.jpg\" alt=\"\" class=\"wp-image-7448\" srcset=\"https:\/\/lirolight.com\/wp-content\/uploads\/2025\/06\/15-1024x683.jpg 1024w, https:\/\/lirolight.com\/wp-content\/uploads\/2025\/06\/15-300x200.jpg 300w, https:\/\/lirolight.com\/wp-content\/uploads\/2025\/06\/15-768x512.jpg 768w, https:\/\/lirolight.com\/wp-content\/uploads\/2025\/06\/15-1536x1025.jpg 1536w, https:\/\/lirolight.com\/wp-content\/uploads\/2025\/06\/15-18x12.jpg 18w, https:\/\/lirolight.com\/wp-content\/uploads\/2025\/06\/15-990x660.jpg 990w, https:\/\/lirolight.com\/wp-content\/uploads\/2025\/06\/15-441x294.jpg 441w, https:\/\/lirolight.com\/wp-content\/uploads\/2025\/06\/15-800x534.jpg 800w, https:\/\/lirolight.com\/wp-content\/uploads\/2025\/06\/15-150x100.jpg 150w, https:\/\/lirolight.com\/wp-content\/uploads\/2025\/06\/15-500x333.jpg 500w, https:\/\/lirolight.com\/wp-content\/uploads\/2025\/06\/15-60x40.jpg 60w, https:\/\/lirolight.com\/wp-content\/uploads\/2025\/06\/15.jpg 2048w\" sizes=\"(max-width: 1024px) 100vw, 1024px\" \/><\/figure>\n\n\n\n<figure class=\"wp-block-image size-full is-resized\"><img decoding=\"async\" width=\"2048\" height=\"1366\" data-src=\"https:\/\/lirolight.com\/wp-content\/uploads\/2025\/06\/13.jpg\" alt=\"\" class=\"wp-image-7449 lazyload\" style=\"--smush-placeholder-width: 2048px; --smush-placeholder-aspect-ratio: 2048\/1366;width:852px;height:auto\" data-srcset=\"https:\/\/lirolight.com\/wp-content\/uploads\/2025\/06\/13.jpg 2048w, https:\/\/lirolight.com\/wp-content\/uploads\/2025\/06\/13-300x200.jpg 300w, https:\/\/lirolight.com\/wp-content\/uploads\/2025\/06\/13-1024x683.jpg 1024w, https:\/\/lirolight.com\/wp-content\/uploads\/2025\/06\/13-768x512.jpg 768w, https:\/\/lirolight.com\/wp-content\/uploads\/2025\/06\/13-1536x1025.jpg 1536w, https:\/\/lirolight.com\/wp-content\/uploads\/2025\/06\/13-18x12.jpg 18w, https:\/\/lirolight.com\/wp-content\/uploads\/2025\/06\/13-990x660.jpg 990w, https:\/\/lirolight.com\/wp-content\/uploads\/2025\/06\/13-441x294.jpg 441w, https:\/\/lirolight.com\/wp-content\/uploads\/2025\/06\/13-800x534.jpg 800w, https:\/\/lirolight.com\/wp-content\/uploads\/2025\/06\/13-150x100.jpg 150w, https:\/\/lirolight.com\/wp-content\/uploads\/2025\/06\/13-500x333.jpg 500w, https:\/\/lirolight.com\/wp-content\/uploads\/2025\/06\/13-60x40.jpg 60w\" data-sizes=\"(max-width: 2048px) 100vw, 2048px\" src=\"data:image\/gif;base64,R0lGODlhAQABAAAAACH5BAEKAAEALAAAAAABAAEAAAICTAEAOw==\" \/><noscript><img decoding=\"async\" width=\"2048\" height=\"1366\" src=\"https:\/\/lirolight.com\/wp-content\/uploads\/2025\/06\/13.jpg\" alt=\"\" class=\"wp-image-7449\" style=\"width:852px;height:auto\" srcset=\"https:\/\/lirolight.com\/wp-content\/uploads\/2025\/06\/13.jpg 2048w, https:\/\/lirolight.com\/wp-content\/uploads\/2025\/06\/13-300x200.jpg 300w, https:\/\/lirolight.com\/wp-content\/uploads\/2025\/06\/13-1024x683.jpg 1024w, https:\/\/lirolight.com\/wp-content\/uploads\/2025\/06\/13-768x512.jpg 768w, https:\/\/lirolight.com\/wp-content\/uploads\/2025\/06\/13-1536x1025.jpg 1536w, https:\/\/lirolight.com\/wp-content\/uploads\/2025\/06\/13-18x12.jpg 18w, https:\/\/lirolight.com\/wp-content\/uploads\/2025\/06\/13-990x660.jpg 990w, https:\/\/lirolight.com\/wp-content\/uploads\/2025\/06\/13-441x294.jpg 441w, https:\/\/lirolight.com\/wp-content\/uploads\/2025\/06\/13-800x534.jpg 800w, https:\/\/lirolight.com\/wp-content\/uploads\/2025\/06\/13-150x100.jpg 150w, https:\/\/lirolight.com\/wp-content\/uploads\/2025\/06\/13-500x333.jpg 500w, https:\/\/lirolight.com\/wp-content\/uploads\/2025\/06\/13-60x40.jpg 60w\" sizes=\"(max-width: 2048px) 100vw, 2048px\" \/><\/noscript><\/figure>\n\n\n\n<figure class=\"wp-block-image size-large is-resized\"><img decoding=\"async\" width=\"1024\" height=\"1024\" data-src=\"https:\/\/lirolight.com\/wp-content\/uploads\/2025\/06\/4-1-1024x1024.jpg\" alt=\"\" class=\"wp-image-7457 lazyload\" style=\"--smush-placeholder-width: 1024px; --smush-placeholder-aspect-ratio: 1024\/1024;width:857px;height:auto\" data-srcset=\"https:\/\/lirolight.com\/wp-content\/uploads\/2025\/06\/4-1-1024x1024.jpg 1024w, https:\/\/lirolight.com\/wp-content\/uploads\/2025\/06\/4-1-300x300.jpg 300w, https:\/\/lirolight.com\/wp-content\/uploads\/2025\/06\/4-1-150x150.jpg 150w, https:\/\/lirolight.com\/wp-content\/uploads\/2025\/06\/4-1-768x768.jpg 768w, https:\/\/lirolight.com\/wp-content\/uploads\/2025\/06\/4-1-12x12.jpg 12w, https:\/\/lirolight.com\/wp-content\/uploads\/2025\/06\/4-1-990x990.jpg 990w, https:\/\/lirolight.com\/wp-content\/uploads\/2025\/06\/4-1-441x441.jpg 441w, https:\/\/lirolight.com\/wp-content\/uploads\/2025\/06\/4-1-100x100.jpg 100w, https:\/\/lirolight.com\/wp-content\/uploads\/2025\/06\/4-1-800x800.jpg 800w, https:\/\/lirolight.com\/wp-content\/uploads\/2025\/06\/4-1-500x500.jpg 500w, https:\/\/lirolight.com\/wp-content\/uploads\/2025\/06\/4-1-40x40.jpg 40w, https:\/\/lirolight.com\/wp-content\/uploads\/2025\/06\/4-1.jpg 1500w\" data-sizes=\"(max-width: 1024px) 100vw, 1024px\" src=\"data:image\/gif;base64,R0lGODlhAQABAAAAACH5BAEKAAEALAAAAAABAAEAAAICTAEAOw==\" \/><noscript><img decoding=\"async\" width=\"1024\" height=\"1024\" src=\"https:\/\/lirolight.com\/wp-content\/uploads\/2025\/06\/4-1-1024x1024.jpg\" alt=\"\" class=\"wp-image-7457\" style=\"width:857px;height:auto\" srcset=\"https:\/\/lirolight.com\/wp-content\/uploads\/2025\/06\/4-1-1024x1024.jpg 1024w, https:\/\/lirolight.com\/wp-content\/uploads\/2025\/06\/4-1-300x300.jpg 300w, https:\/\/lirolight.com\/wp-content\/uploads\/2025\/06\/4-1-150x150.jpg 150w, https:\/\/lirolight.com\/wp-content\/uploads\/2025\/06\/4-1-768x768.jpg 768w, https:\/\/lirolight.com\/wp-content\/uploads\/2025\/06\/4-1-12x12.jpg 12w, https:\/\/lirolight.com\/wp-content\/uploads\/2025\/06\/4-1-990x990.jpg 990w, https:\/\/lirolight.com\/wp-content\/uploads\/2025\/06\/4-1-441x441.jpg 441w, https:\/\/lirolight.com\/wp-content\/uploads\/2025\/06\/4-1-100x100.jpg 100w, https:\/\/lirolight.com\/wp-content\/uploads\/2025\/06\/4-1-800x800.jpg 800w, https:\/\/lirolight.com\/wp-content\/uploads\/2025\/06\/4-1-500x500.jpg 500w, https:\/\/lirolight.com\/wp-content\/uploads\/2025\/06\/4-1-40x40.jpg 40w, https:\/\/lirolight.com\/wp-content\/uploads\/2025\/06\/4-1.jpg 1500w\" sizes=\"(max-width: 1024px) 100vw, 1024px\" \/><\/noscript><\/figure>\n\n\n\n<div class=\"wp-block-columns is-layout-flex wp-container-core-columns-is-layout-28f84493 wp-block-columns-is-layout-flex\">\n<div class=\"wp-block-column is-layout-flow wp-block-column-is-layout-flow\">\n<figure class=\"wp-block-image size-large\"><img loading=\"lazy\" decoding=\"async\" width=\"1024\" height=\"1024\" data-src=\"https:\/\/lirolight.com\/wp-content\/uploads\/2025\/06\/Ip1830\u7ec6\u8282\u56fe-1024x1024.jpg\" alt=\"\" class=\"wp-image-7458 lazyload\" data-srcset=\"https:\/\/lirolight.com\/wp-content\/uploads\/2025\/06\/Ip1830\u7ec6\u8282\u56fe-1024x1024.jpg 1024w, https:\/\/lirolight.com\/wp-content\/uploads\/2025\/06\/Ip1830\u7ec6\u8282\u56fe-300x300.jpg 300w, https:\/\/lirolight.com\/wp-content\/uploads\/2025\/06\/Ip1830\u7ec6\u8282\u56fe-150x150.jpg 150w, https:\/\/lirolight.com\/wp-content\/uploads\/2025\/06\/Ip1830\u7ec6\u8282\u56fe-768x768.jpg 768w, https:\/\/lirolight.com\/wp-content\/uploads\/2025\/06\/Ip1830\u7ec6\u8282\u56fe-12x12.jpg 12w, https:\/\/lirolight.com\/wp-content\/uploads\/2025\/06\/Ip1830\u7ec6\u8282\u56fe-990x990.jpg 990w, https:\/\/lirolight.com\/wp-content\/uploads\/2025\/06\/Ip1830\u7ec6\u8282\u56fe-441x441.jpg 441w, https:\/\/lirolight.com\/wp-content\/uploads\/2025\/06\/Ip1830\u7ec6\u8282\u56fe-100x100.jpg 100w, https:\/\/lirolight.com\/wp-content\/uploads\/2025\/06\/Ip1830\u7ec6\u8282\u56fe-800x800.jpg 800w, https:\/\/lirolight.com\/wp-content\/uploads\/2025\/06\/Ip1830\u7ec6\u8282\u56fe-500x500.jpg 500w, https:\/\/lirolight.com\/wp-content\/uploads\/2025\/06\/Ip1830\u7ec6\u8282\u56fe-40x40.jpg 40w, https:\/\/lirolight.com\/wp-content\/uploads\/2025\/06\/Ip1830\u7ec6\u8282\u56fe.jpg 1500w\" data-sizes=\"(max-width: 1024px) 100vw, 1024px\" src=\"data:image\/gif;base64,R0lGODlhAQABAAAAACH5BAEKAAEALAAAAAABAAEAAAICTAEAOw==\" style=\"--smush-placeholder-width: 1024px; --smush-placeholder-aspect-ratio: 1024\/1024;\" \/><noscript><img loading=\"lazy\" decoding=\"async\" width=\"1024\" height=\"1024\" src=\"https:\/\/lirolight.com\/wp-content\/uploads\/2025\/06\/Ip1830\u7ec6\u8282\u56fe-1024x1024.jpg\" alt=\"\" class=\"wp-image-7458\" srcset=\"https:\/\/lirolight.com\/wp-content\/uploads\/2025\/06\/Ip1830\u7ec6\u8282\u56fe-1024x1024.jpg 1024w, https:\/\/lirolight.com\/wp-content\/uploads\/2025\/06\/Ip1830\u7ec6\u8282\u56fe-300x300.jpg 300w, https:\/\/lirolight.com\/wp-content\/uploads\/2025\/06\/Ip1830\u7ec6\u8282\u56fe-150x150.jpg 150w, https:\/\/lirolight.com\/wp-content\/uploads\/2025\/06\/Ip1830\u7ec6\u8282\u56fe-768x768.jpg 768w, https:\/\/lirolight.com\/wp-content\/uploads\/2025\/06\/Ip1830\u7ec6\u8282\u56fe-12x12.jpg 12w, https:\/\/lirolight.com\/wp-content\/uploads\/2025\/06\/Ip1830\u7ec6\u8282\u56fe-990x990.jpg 990w, https:\/\/lirolight.com\/wp-content\/uploads\/2025\/06\/Ip1830\u7ec6\u8282\u56fe-441x441.jpg 441w, https:\/\/lirolight.com\/wp-content\/uploads\/2025\/06\/Ip1830\u7ec6\u8282\u56fe-100x100.jpg 100w, https:\/\/lirolight.com\/wp-content\/uploads\/2025\/06\/Ip1830\u7ec6\u8282\u56fe-800x800.jpg 800w, https:\/\/lirolight.com\/wp-content\/uploads\/2025\/06\/Ip1830\u7ec6\u8282\u56fe-500x500.jpg 500w, https:\/\/lirolight.com\/wp-content\/uploads\/2025\/06\/Ip1830\u7ec6\u8282\u56fe-40x40.jpg 40w, https:\/\/lirolight.com\/wp-content\/uploads\/2025\/06\/Ip1830\u7ec6\u8282\u56fe.jpg 1500w\" sizes=\"(max-width: 1024px) 100vw, 1024px\" \/><\/noscript><\/figure>\n<\/div>\n<\/div>\n\n\n\n<h2 class=\"wp-block-heading has-medium-font-size\">Especifica\u00e7\u00e3o:<\/h2>\n\n\n\n<ul class=\"wp-block-list\">\n<li>Fonte de luz: LED RGBW de 18x30W<\/li>\n\n\n\n<li>\u00c2ngulo do feixe: 6\u00b0\/10\u00b0\/ 20\u00b0\/40\u00b0&nbsp;<\/li>\n\n\n\n<li>Sistema \u00f3ptico: Sistema \u00f3ptico exclusivo de lente quadrada<\/li>\n\n\n\n<li>Controle e programa\u00e7\u00e3o<\/li>\n\n\n\n<li>4 teclas de toque<\/li>\n\n\n\n<li>Painel de controle: Tela OLED<\/li>\n\n\n\n<li>Protocolo de controle: DMX512, RDM<\/li>\n\n\n\n<li>Modo de canal DMX: 5<\/li>\n\n\n\n<li>Canal de controle: 4\/6\/9\/72\/74<\/li>\n\n\n\n<li>Atualiza\u00e7\u00e3o de software: Atualize o software via conex\u00e3o DMX<\/li>\n\n\n\n<li>El\u00e9trica e interface<\/li>\n\n\n\n<li>Faixa de tens\u00e3o de entrada: AC100-240V a 50\/60Hz<\/li>\n\n\n\n<li>Tomada de energia: Entrada\/sa\u00edda do conector de alimenta\u00e7\u00e3o \u00e0 prova d'\u00e1gua<\/li>\n\n\n\n<li>Entrada\/sa\u00edda de sinal: soquete de canh\u00e3o \u00e0 prova d'\u00e1gua de tr\u00eas\/cinco n\u00facleos<\/li>\n\n\n\n<li>\u00cdndice de prote\u00e7\u00e3o: IP66<\/li>\n\n\n\n<li>Instalar<\/li>\n\n\n\n<li>Pode ser instalado na horizontal ou na vertical<\/li>\n\n\n\n<li>Orif\u00edcio de conex\u00e3o da corda de seguran\u00e7a<\/li>\n\n\n\n<li>Pode ser costurado \u00e0 esquerda e \u00e0 direita<\/li>\n\n\n\n<li>Acess\u00f3rios opcionais<\/li>\n\n\n\n<li>Pe\u00e7as de emenda superior e inferior<\/li>\n\n\n\n<li><strong>Filtro de difus\u00e3o\uff08Opcional, entre em contato conosco se necess\u00e1rio\uff09<\/strong><\/li>\n\n\n\n<li>Estrutura de p\u00e9<\/li>\n<\/ul>\n\n\n\n<h2 class=\"wp-block-heading has-medium-font-size\">Par\u00e2metros:<\/h2>\n\n\n\n<figure class=\"wp-block-table\"><table class=\"has-fixed-layout\"><tbody><tr><td>Tens\u00e3o ampla<\/td><td>AC100-240V, 50\/60Hz<\/td><\/tr><tr><td>Tempo de vida<\/td><td>50.000 horas<\/td><\/tr><tr><td>Pot\u00eancia<\/td><td>600W<\/td><\/tr><tr><td>Fonte de LED<\/td><td>LED RGBW de 18x30W<\/td><\/tr><tr><td>\u00c2ngulo do feixe<\/td><td>6 \u00b0\/10 \u00b0\/ 20 \u00b0\/40 \u00b0&nbsp;<\/td><\/tr><tr><td>Conector DMX<\/td><td>soquete de canh\u00e3o \u00e0 prova d'\u00e1gua de tr\u00eas\/cinco n\u00facleos<\/td><\/tr><tr><td>Modo de conex\u00e3o<\/td><td>DMX, RDM, mestre\/escravo, som ativo, autom\u00e1tico<\/td><\/tr><tr><td>Tomada de energia<\/td><td>Entrada\/sa\u00edda do conector de alimenta\u00e7\u00e3o \u00e0 prova d'\u00e1gua<\/td><\/tr><tr><td>Classifica\u00e7\u00e3o IP<\/td><td>IP66<\/td><\/tr><\/tbody><\/table><\/figure>\n\n\n\n<p class=\"has-medium-font-size\"><strong>Hor\u00e1rio do show.<\/strong><\/p>\n\n\n\n<figure class=\"wp-block-image size-large\"><img loading=\"lazy\" decoding=\"async\" width=\"1024\" height=\"768\" data-src=\"https:\/\/lirolight.com\/wp-content\/uploads\/2025\/06\/722a208ebd526eb46c19c17e0014a2f-1024x768.jpg\" alt=\"\" class=\"wp-image-7452 lazyload\" data-srcset=\"https:\/\/lirolight.com\/wp-content\/uploads\/2025\/06\/722a208ebd526eb46c19c17e0014a2f-1024x768.jpg 1024w, https:\/\/lirolight.com\/wp-content\/uploads\/2025\/06\/722a208ebd526eb46c19c17e0014a2f-300x225.jpg 300w, https:\/\/lirolight.com\/wp-content\/uploads\/2025\/06\/722a208ebd526eb46c19c17e0014a2f-768x576.jpg 768w, https:\/\/lirolight.com\/wp-content\/uploads\/2025\/06\/722a208ebd526eb46c19c17e0014a2f-1536x1152.jpg 1536w, https:\/\/lirolight.com\/wp-content\/uploads\/2025\/06\/722a208ebd526eb46c19c17e0014a2f-2048x1536.jpg 2048w, https:\/\/lirolight.com\/wp-content\/uploads\/2025\/06\/722a208ebd526eb46c19c17e0014a2f-16x12.jpg 16w, https:\/\/lirolight.com\/wp-content\/uploads\/2025\/06\/722a208ebd526eb46c19c17e0014a2f-990x743.jpg 990w, https:\/\/lirolight.com\/wp-content\/uploads\/2025\/06\/722a208ebd526eb46c19c17e0014a2f-441x331.jpg 441w, https:\/\/lirolight.com\/wp-content\/uploads\/2025\/06\/722a208ebd526eb46c19c17e0014a2f-800x600.jpg 800w, https:\/\/lirolight.com\/wp-content\/uploads\/2025\/06\/722a208ebd526eb46c19c17e0014a2f-150x113.jpg 150w, https:\/\/lirolight.com\/wp-content\/uploads\/2025\/06\/722a208ebd526eb46c19c17e0014a2f-500x375.jpg 500w, https:\/\/lirolight.com\/wp-content\/uploads\/2025\/06\/722a208ebd526eb46c19c17e0014a2f-53x40.jpg 53w\" data-sizes=\"(max-width: 1024px) 100vw, 1024px\" src=\"data:image\/gif;base64,R0lGODlhAQABAAAAACH5BAEKAAEALAAAAAABAAEAAAICTAEAOw==\" style=\"--smush-placeholder-width: 1024px; --smush-placeholder-aspect-ratio: 1024\/768;\" \/><noscript><img loading=\"lazy\" decoding=\"async\" width=\"1024\" height=\"768\" src=\"https:\/\/lirolight.com\/wp-content\/uploads\/2025\/06\/722a208ebd526eb46c19c17e0014a2f-1024x768.jpg\" alt=\"\" class=\"wp-image-7452\" srcset=\"https:\/\/lirolight.com\/wp-content\/uploads\/2025\/06\/722a208ebd526eb46c19c17e0014a2f-1024x768.jpg 1024w, https:\/\/lirolight.com\/wp-content\/uploads\/2025\/06\/722a208ebd526eb46c19c17e0014a2f-300x225.jpg 300w, https:\/\/lirolight.com\/wp-content\/uploads\/2025\/06\/722a208ebd526eb46c19c17e0014a2f-768x576.jpg 768w, https:\/\/lirolight.com\/wp-content\/uploads\/2025\/06\/722a208ebd526eb46c19c17e0014a2f-1536x1152.jpg 1536w, https:\/\/lirolight.com\/wp-content\/uploads\/2025\/06\/722a208ebd526eb46c19c17e0014a2f-2048x1536.jpg 2048w, https:\/\/lirolight.com\/wp-content\/uploads\/2025\/06\/722a208ebd526eb46c19c17e0014a2f-16x12.jpg 16w, https:\/\/lirolight.com\/wp-content\/uploads\/2025\/06\/722a208ebd526eb46c19c17e0014a2f-990x743.jpg 990w, https:\/\/lirolight.com\/wp-content\/uploads\/2025\/06\/722a208ebd526eb46c19c17e0014a2f-441x331.jpg 441w, https:\/\/lirolight.com\/wp-content\/uploads\/2025\/06\/722a208ebd526eb46c19c17e0014a2f-800x600.jpg 800w, https:\/\/lirolight.com\/wp-content\/uploads\/2025\/06\/722a208ebd526eb46c19c17e0014a2f-150x113.jpg 150w, https:\/\/lirolight.com\/wp-content\/uploads\/2025\/06\/722a208ebd526eb46c19c17e0014a2f-500x375.jpg 500w, https:\/\/lirolight.com\/wp-content\/uploads\/2025\/06\/722a208ebd526eb46c19c17e0014a2f-53x40.jpg 53w\" sizes=\"(max-width: 1024px) 100vw, 1024px\" \/><\/noscript><\/figure>\n\n\n\n<figure class=\"wp-block-image size-large\"><img loading=\"lazy\" decoding=\"async\" width=\"1024\" height=\"768\" data-src=\"https:\/\/lirolight.com\/wp-content\/uploads\/2025\/06\/04d2a39f7ef97cc770b6a39a72eaccf-1024x768.jpg\" alt=\"\" class=\"wp-image-7453 lazyload\" data-srcset=\"https:\/\/lirolight.com\/wp-content\/uploads\/2025\/06\/04d2a39f7ef97cc770b6a39a72eaccf-1024x768.jpg 1024w, https:\/\/lirolight.com\/wp-content\/uploads\/2025\/06\/04d2a39f7ef97cc770b6a39a72eaccf-300x225.jpg 300w, https:\/\/lirolight.com\/wp-content\/uploads\/2025\/06\/04d2a39f7ef97cc770b6a39a72eaccf-768x576.jpg 768w, https:\/\/lirolight.com\/wp-content\/uploads\/2025\/06\/04d2a39f7ef97cc770b6a39a72eaccf-1536x1152.jpg 1536w, https:\/\/lirolight.com\/wp-content\/uploads\/2025\/06\/04d2a39f7ef97cc770b6a39a72eaccf-2048x1536.jpg 2048w, https:\/\/lirolight.com\/wp-content\/uploads\/2025\/06\/04d2a39f7ef97cc770b6a39a72eaccf-16x12.jpg 16w, https:\/\/lirolight.com\/wp-content\/uploads\/2025\/06\/04d2a39f7ef97cc770b6a39a72eaccf-990x743.jpg 990w, https:\/\/lirolight.com\/wp-content\/uploads\/2025\/06\/04d2a39f7ef97cc770b6a39a72eaccf-441x331.jpg 441w, https:\/\/lirolight.com\/wp-content\/uploads\/2025\/06\/04d2a39f7ef97cc770b6a39a72eaccf-800x600.jpg 800w, https:\/\/lirolight.com\/wp-content\/uploads\/2025\/06\/04d2a39f7ef97cc770b6a39a72eaccf-150x113.jpg 150w, https:\/\/lirolight.com\/wp-content\/uploads\/2025\/06\/04d2a39f7ef97cc770b6a39a72eaccf-500x375.jpg 500w, https:\/\/lirolight.com\/wp-content\/uploads\/2025\/06\/04d2a39f7ef97cc770b6a39a72eaccf-53x40.jpg 53w\" data-sizes=\"(max-width: 1024px) 100vw, 1024px\" src=\"data:image\/gif;base64,R0lGODlhAQABAAAAACH5BAEKAAEALAAAAAABAAEAAAICTAEAOw==\" style=\"--smush-placeholder-width: 1024px; --smush-placeholder-aspect-ratio: 1024\/768;\" \/><noscript><img loading=\"lazy\" decoding=\"async\" width=\"1024\" height=\"768\" src=\"https:\/\/lirolight.com\/wp-content\/uploads\/2025\/06\/04d2a39f7ef97cc770b6a39a72eaccf-1024x768.jpg\" alt=\"\" class=\"wp-image-7453\" srcset=\"https:\/\/lirolight.com\/wp-content\/uploads\/2025\/06\/04d2a39f7ef97cc770b6a39a72eaccf-1024x768.jpg 1024w, https:\/\/lirolight.com\/wp-content\/uploads\/2025\/06\/04d2a39f7ef97cc770b6a39a72eaccf-300x225.jpg 300w, https:\/\/lirolight.com\/wp-content\/uploads\/2025\/06\/04d2a39f7ef97cc770b6a39a72eaccf-768x576.jpg 768w, https:\/\/lirolight.com\/wp-content\/uploads\/2025\/06\/04d2a39f7ef97cc770b6a39a72eaccf-1536x1152.jpg 1536w, https:\/\/lirolight.com\/wp-content\/uploads\/2025\/06\/04d2a39f7ef97cc770b6a39a72eaccf-2048x1536.jpg 2048w, https:\/\/lirolight.com\/wp-content\/uploads\/2025\/06\/04d2a39f7ef97cc770b6a39a72eaccf-16x12.jpg 16w, https:\/\/lirolight.com\/wp-content\/uploads\/2025\/06\/04d2a39f7ef97cc770b6a39a72eaccf-990x743.jpg 990w, https:\/\/lirolight.com\/wp-content\/uploads\/2025\/06\/04d2a39f7ef97cc770b6a39a72eaccf-441x331.jpg 441w, https:\/\/lirolight.com\/wp-content\/uploads\/2025\/06\/04d2a39f7ef97cc770b6a39a72eaccf-800x600.jpg 800w, https:\/\/lirolight.com\/wp-content\/uploads\/2025\/06\/04d2a39f7ef97cc770b6a39a72eaccf-150x113.jpg 150w, https:\/\/lirolight.com\/wp-content\/uploads\/2025\/06\/04d2a39f7ef97cc770b6a39a72eaccf-500x375.jpg 500w, https:\/\/lirolight.com\/wp-content\/uploads\/2025\/06\/04d2a39f7ef97cc770b6a39a72eaccf-53x40.jpg 53w\" sizes=\"(max-width: 1024px) 100vw, 1024px\" \/><\/noscript><\/figure>\n\n\n\n<figure class=\"wp-block-image size-large\"><img loading=\"lazy\" decoding=\"async\" width=\"1024\" height=\"768\" data-src=\"https:\/\/lirolight.com\/wp-content\/uploads\/2025\/06\/99e6d560d77b98b01f7ebcbf0119d43-1024x768.jpg\" alt=\"\" class=\"wp-image-7454 lazyload\" data-srcset=\"https:\/\/lirolight.com\/wp-content\/uploads\/2025\/06\/99e6d560d77b98b01f7ebcbf0119d43-1024x768.jpg 1024w, https:\/\/lirolight.com\/wp-content\/uploads\/2025\/06\/99e6d560d77b98b01f7ebcbf0119d43-300x225.jpg 300w, https:\/\/lirolight.com\/wp-content\/uploads\/2025\/06\/99e6d560d77b98b01f7ebcbf0119d43-768x576.jpg 768w, https:\/\/lirolight.com\/wp-content\/uploads\/2025\/06\/99e6d560d77b98b01f7ebcbf0119d43-1536x1152.jpg 1536w, https:\/\/lirolight.com\/wp-content\/uploads\/2025\/06\/99e6d560d77b98b01f7ebcbf0119d43-2048x1536.jpg 2048w, https:\/\/lirolight.com\/wp-content\/uploads\/2025\/06\/99e6d560d77b98b01f7ebcbf0119d43-16x12.jpg 16w, https:\/\/lirolight.com\/wp-content\/uploads\/2025\/06\/99e6d560d77b98b01f7ebcbf0119d43-990x743.jpg 990w, https:\/\/lirolight.com\/wp-content\/uploads\/2025\/06\/99e6d560d77b98b01f7ebcbf0119d43-441x331.jpg 441w, https:\/\/lirolight.com\/wp-content\/uploads\/2025\/06\/99e6d560d77b98b01f7ebcbf0119d43-800x600.jpg 800w, https:\/\/lirolight.com\/wp-content\/uploads\/2025\/06\/99e6d560d77b98b01f7ebcbf0119d43-150x113.jpg 150w, https:\/\/lirolight.com\/wp-content\/uploads\/2025\/06\/99e6d560d77b98b01f7ebcbf0119d43-500x375.jpg 500w, https:\/\/lirolight.com\/wp-content\/uploads\/2025\/06\/99e6d560d77b98b01f7ebcbf0119d43-53x40.jpg 53w\" data-sizes=\"(max-width: 1024px) 100vw, 1024px\" src=\"data:image\/gif;base64,R0lGODlhAQABAAAAACH5BAEKAAEALAAAAAABAAEAAAICTAEAOw==\" style=\"--smush-placeholder-width: 1024px; --smush-placeholder-aspect-ratio: 1024\/768;\" \/><noscript><img loading=\"lazy\" decoding=\"async\" width=\"1024\" height=\"768\" src=\"https:\/\/lirolight.com\/wp-content\/uploads\/2025\/06\/99e6d560d77b98b01f7ebcbf0119d43-1024x768.jpg\" alt=\"\" class=\"wp-image-7454\" srcset=\"https:\/\/lirolight.com\/wp-content\/uploads\/2025\/06\/99e6d560d77b98b01f7ebcbf0119d43-1024x768.jpg 1024w, https:\/\/lirolight.com\/wp-content\/uploads\/2025\/06\/99e6d560d77b98b01f7ebcbf0119d43-300x225.jpg 300w, https:\/\/lirolight.com\/wp-content\/uploads\/2025\/06\/99e6d560d77b98b01f7ebcbf0119d43-768x576.jpg 768w, https:\/\/lirolight.com\/wp-content\/uploads\/2025\/06\/99e6d560d77b98b01f7ebcbf0119d43-1536x1152.jpg 1536w, https:\/\/lirolight.com\/wp-content\/uploads\/2025\/06\/99e6d560d77b98b01f7ebcbf0119d43-2048x1536.jpg 2048w, https:\/\/lirolight.com\/wp-content\/uploads\/2025\/06\/99e6d560d77b98b01f7ebcbf0119d43-16x12.jpg 16w, https:\/\/lirolight.com\/wp-content\/uploads\/2025\/06\/99e6d560d77b98b01f7ebcbf0119d43-990x743.jpg 990w, https:\/\/lirolight.com\/wp-content\/uploads\/2025\/06\/99e6d560d77b98b01f7ebcbf0119d43-441x331.jpg 441w, https:\/\/lirolight.com\/wp-content\/uploads\/2025\/06\/99e6d560d77b98b01f7ebcbf0119d43-800x600.jpg 800w, https:\/\/lirolight.com\/wp-content\/uploads\/2025\/06\/99e6d560d77b98b01f7ebcbf0119d43-150x113.jpg 150w, https:\/\/lirolight.com\/wp-content\/uploads\/2025\/06\/99e6d560d77b98b01f7ebcbf0119d43-500x375.jpg 500w, https:\/\/lirolight.com\/wp-content\/uploads\/2025\/06\/99e6d560d77b98b01f7ebcbf0119d43-53x40.jpg 53w\" sizes=\"(max-width: 1024px) 100vw, 1024px\" \/><\/noscript><\/figure>\n\n\n\n<p>Link do v\u00eddeo:<\/p>\n\n\n\n<p><a href=\"https:\/\/www.instagram.com\/p\/DS6EvGCkreF\" target=\"_blank\" rel=\"noopener\">https:\/\/www.instagram.com\/p\/DS6EvGCkreF<\/a><\/p>\n\n\n\n<p>Como fazer a emenda?<\/p>\n\n\n\n<p><a href=\"https:\/\/www.instagram.com\/p\/DS09A5AEvoJ\" target=\"_blank\" rel=\"noopener\">https:\/\/www.instagram.com\/p\/DS09A5AEvoJ<\/a><\/p>\n\n\n\n<p>Como fazer com que ele fique em p\u00e9?<\/p>\n\n\n\n<p><a href=\"https:\/\/www.instagram.com\/p\/DS3eSejkpzo\" target=\"_blank\" rel=\"noopener\">https:\/\/www.instagram.com\/p\/DS3eSejkpzo<\/a><\/p>","protected":false},"excerpt":{"rendered":"<p>A barra de pixel IP 1830 \u00e9 uma luz de barra de lavador de parede \u00e0 prova d'\u00e1gua de alta pot\u00eancia para uso externo robusto, com pinos de emenda embutidos para emenda e alinhamento r\u00e1pidos. Com v\u00e1rias op\u00e7\u00f5es de \u00e2ngulo de feixe dispon\u00edveis, ela oferece versatilidade no projeto de ilumina\u00e7\u00e3o, permitindo que os usu\u00e1rios personalizem a ilumina\u00e7\u00e3o para atender a v\u00e1rias necessidades arquitet\u00f4nicas e de paisagismo.<\/p>","protected":false},"featured_media":7459,"comment_status":"open","ping_status":"closed","template":"","meta":[],"product_brand":[],"product_cat":[66],"product_tag":[78],"class_list":{"0":"post-7447","1":"product","2":"type-product","3":"status-publish","4":"has-post-thumbnail","6":"product_cat-ip-strobe-bar","7":"product_tag-strobe","9":"first","10":"instock","11":"shipping-taxable","12":"product-type-simple"},"_links":{"self":[{"href":"https:\/\/lirolight.com\/pt\/wp-json\/wp\/v2\/product\/7447","targetHints":{"allow":["GET"]}}],"collection":[{"href":"https:\/\/lirolight.com\/pt\/wp-json\/wp\/v2\/product"}],"about":[{"href":"https:\/\/lirolight.com\/pt\/wp-json\/wp\/v2\/types\/product"}],"replies":[{"embeddable":true,"href":"https:\/\/lirolight.com\/pt\/wp-json\/wp\/v2\/comments?post=7447"}],"version-history":[{"count":3,"href":"https:\/\/lirolight.com\/pt\/wp-json\/wp\/v2\/product\/7447\/revisions"}],"predecessor-version":[{"id":10345,"href":"https:\/\/lirolight.com\/pt\/wp-json\/wp\/v2\/product\/7447\/revisions\/10345"}],"wp:featuredmedia":[{"embeddable":true,"href":"https:\/\/lirolight.com\/pt\/wp-json\/wp\/v2\/media\/7459"}],"wp:attachment":[{"href":"https:\/\/lirolight.com\/pt\/wp-json\/wp\/v2\/media?parent=7447"}],"wp:term":[{"taxonomy":"product_brand","embeddable":true,"href":"https:\/\/lirolight.com\/pt\/wp-json\/wp\/v2\/product_brand?post=7447"},{"taxonomy":"product_cat","embeddable":true,"href":"https:\/\/lirolight.com\/pt\/wp-json\/wp\/v2\/product_cat?post=7447"},{"taxonomy":"product_tag","embeddable":true,"href":"https:\/\/lirolight.com\/pt\/wp-json\/wp\/v2\/product_tag?post=7447"}],"curies":[{"name":"wp","href":"https:\/\/api.w.org\/{rel}","templated":true}]}}