{"id":7467,"date":"2025-06-12T10:55:47","date_gmt":"2025-06-12T10:55:47","guid":{"rendered":"https:\/\/lirolight.com\/?post_type=product&#038;p=7467"},"modified":"2026-01-14T02:11:31","modified_gmt":"2026-01-14T02:11:31","slug":"outdoor-waterproof-curtain-light-72pcs4w-disco-bar-club-ip66-led-wall-washer-rgbw-4in1-stage-background-light-bar","status":"publish","type":"product","link":"https:\/\/lirolight.com\/pt\/produto\/outdoor-waterproof-curtain-light-72pcs4w-disco-bar-club-ip66-led-wall-washer-rgbw-4in1-stage-background-light-bar\/","title":{"rendered":"LiRO-LITE Outdoor Waterproof Curtain Light 72PCS*4W Disco Bar Club IP66 LED Wall Washer RGBW 4in1 Stage Background Light Bar"},"content":{"rendered":"<h2 class=\"wp-block-heading\">BARRA DE CORTINA DE IP<\/h2>\n\n\n\n<hr class=\"wp-block-separator has-alpha-channel-opacity\"\/>\n\n\n\n<h2 class=\"wp-block-heading\">Fotos:<\/h2>\n\n\n\n<figure class=\"wp-block-image size-large\"><img fetchpriority=\"high\" decoding=\"async\" width=\"1024\" height=\"1024\" src=\"https:\/\/lirolight.com\/wp-content\/uploads\/2025\/06\/7-2-1024x1024.jpg\" alt=\"\" class=\"wp-image-7468\" srcset=\"https:\/\/lirolight.com\/wp-content\/uploads\/2025\/06\/7-2-1024x1024.jpg 1024w, https:\/\/lirolight.com\/wp-content\/uploads\/2025\/06\/7-2-300x300.jpg 300w, https:\/\/lirolight.com\/wp-content\/uploads\/2025\/06\/7-2-150x150.jpg 150w, https:\/\/lirolight.com\/wp-content\/uploads\/2025\/06\/7-2-768x768.jpg 768w, https:\/\/lirolight.com\/wp-content\/uploads\/2025\/06\/7-2-12x12.jpg 12w, https:\/\/lirolight.com\/wp-content\/uploads\/2025\/06\/7-2-990x990.jpg 990w, https:\/\/lirolight.com\/wp-content\/uploads\/2025\/06\/7-2-441x441.jpg 441w, https:\/\/lirolight.com\/wp-content\/uploads\/2025\/06\/7-2-100x100.jpg 100w, https:\/\/lirolight.com\/wp-content\/uploads\/2025\/06\/7-2-800x800.jpg 800w, https:\/\/lirolight.com\/wp-content\/uploads\/2025\/06\/7-2-500x500.jpg 500w, https:\/\/lirolight.com\/wp-content\/uploads\/2025\/06\/7-2-40x40.jpg 40w, https:\/\/lirolight.com\/wp-content\/uploads\/2025\/06\/7-2.jpg 1500w\" sizes=\"(max-width: 1024px) 100vw, 1024px\" \/><\/figure>\n\n\n\n<figure class=\"wp-block-image size-full is-resized\"><img decoding=\"async\" width=\"1500\" height=\"1500\" data-src=\"https:\/\/lirolight.com\/wp-content\/uploads\/2025\/06\/6-1.jpg\" alt=\"\" class=\"wp-image-7469 lazyload\" style=\"--smush-placeholder-width: 1500px; --smush-placeholder-aspect-ratio: 1500\/1500;width:852px;height:auto\" data-srcset=\"https:\/\/lirolight.com\/wp-content\/uploads\/2025\/06\/6-1.jpg 1500w, https:\/\/lirolight.com\/wp-content\/uploads\/2025\/06\/6-1-300x300.jpg 300w, https:\/\/lirolight.com\/wp-content\/uploads\/2025\/06\/6-1-1024x1024.jpg 1024w, https:\/\/lirolight.com\/wp-content\/uploads\/2025\/06\/6-1-150x150.jpg 150w, https:\/\/lirolight.com\/wp-content\/uploads\/2025\/06\/6-1-768x768.jpg 768w, https:\/\/lirolight.com\/wp-content\/uploads\/2025\/06\/6-1-12x12.jpg 12w, https:\/\/lirolight.com\/wp-content\/uploads\/2025\/06\/6-1-990x990.jpg 990w, https:\/\/lirolight.com\/wp-content\/uploads\/2025\/06\/6-1-441x441.jpg 441w, https:\/\/lirolight.com\/wp-content\/uploads\/2025\/06\/6-1-100x100.jpg 100w, https:\/\/lirolight.com\/wp-content\/uploads\/2025\/06\/6-1-800x800.jpg 800w, https:\/\/lirolight.com\/wp-content\/uploads\/2025\/06\/6-1-500x500.jpg 500w, https:\/\/lirolight.com\/wp-content\/uploads\/2025\/06\/6-1-40x40.jpg 40w\" data-sizes=\"(max-width: 1500px) 100vw, 1500px\" src=\"data:image\/gif;base64,R0lGODlhAQABAAAAACH5BAEKAAEALAAAAAABAAEAAAICTAEAOw==\" \/><noscript><img decoding=\"async\" width=\"1500\" height=\"1500\" src=\"https:\/\/lirolight.com\/wp-content\/uploads\/2025\/06\/6-1.jpg\" alt=\"\" class=\"wp-image-7469\" style=\"width:852px;height:auto\" srcset=\"https:\/\/lirolight.com\/wp-content\/uploads\/2025\/06\/6-1.jpg 1500w, https:\/\/lirolight.com\/wp-content\/uploads\/2025\/06\/6-1-300x300.jpg 300w, https:\/\/lirolight.com\/wp-content\/uploads\/2025\/06\/6-1-1024x1024.jpg 1024w, https:\/\/lirolight.com\/wp-content\/uploads\/2025\/06\/6-1-150x150.jpg 150w, https:\/\/lirolight.com\/wp-content\/uploads\/2025\/06\/6-1-768x768.jpg 768w, https:\/\/lirolight.com\/wp-content\/uploads\/2025\/06\/6-1-12x12.jpg 12w, https:\/\/lirolight.com\/wp-content\/uploads\/2025\/06\/6-1-990x990.jpg 990w, https:\/\/lirolight.com\/wp-content\/uploads\/2025\/06\/6-1-441x441.jpg 441w, https:\/\/lirolight.com\/wp-content\/uploads\/2025\/06\/6-1-100x100.jpg 100w, https:\/\/lirolight.com\/wp-content\/uploads\/2025\/06\/6-1-800x800.jpg 800w, https:\/\/lirolight.com\/wp-content\/uploads\/2025\/06\/6-1-500x500.jpg 500w, https:\/\/lirolight.com\/wp-content\/uploads\/2025\/06\/6-1-40x40.jpg 40w\" sizes=\"(max-width: 1500px) 100vw, 1500px\" \/><\/noscript><\/figure>\n\n\n\n<figure class=\"wp-block-image size-large is-resized\"><img decoding=\"async\" width=\"1024\" height=\"1024\" data-src=\"https:\/\/lirolight.com\/wp-content\/uploads\/2025\/06\/5-1-1024x1024.jpg\" alt=\"\" class=\"wp-image-7470 lazyload\" style=\"--smush-placeholder-width: 1024px; --smush-placeholder-aspect-ratio: 1024\/1024;width:857px;height:auto\" data-srcset=\"https:\/\/lirolight.com\/wp-content\/uploads\/2025\/06\/5-1-1024x1024.jpg 1024w, https:\/\/lirolight.com\/wp-content\/uploads\/2025\/06\/5-1-300x300.jpg 300w, https:\/\/lirolight.com\/wp-content\/uploads\/2025\/06\/5-1-150x150.jpg 150w, https:\/\/lirolight.com\/wp-content\/uploads\/2025\/06\/5-1-768x768.jpg 768w, https:\/\/lirolight.com\/wp-content\/uploads\/2025\/06\/5-1-12x12.jpg 12w, https:\/\/lirolight.com\/wp-content\/uploads\/2025\/06\/5-1-990x990.jpg 990w, https:\/\/lirolight.com\/wp-content\/uploads\/2025\/06\/5-1-441x441.jpg 441w, https:\/\/lirolight.com\/wp-content\/uploads\/2025\/06\/5-1-100x100.jpg 100w, https:\/\/lirolight.com\/wp-content\/uploads\/2025\/06\/5-1-800x800.jpg 800w, https:\/\/lirolight.com\/wp-content\/uploads\/2025\/06\/5-1-500x500.jpg 500w, https:\/\/lirolight.com\/wp-content\/uploads\/2025\/06\/5-1-40x40.jpg 40w, https:\/\/lirolight.com\/wp-content\/uploads\/2025\/06\/5-1.jpg 1500w\" data-sizes=\"(max-width: 1024px) 100vw, 1024px\" src=\"data:image\/gif;base64,R0lGODlhAQABAAAAACH5BAEKAAEALAAAAAABAAEAAAICTAEAOw==\" \/><noscript><img decoding=\"async\" width=\"1024\" height=\"1024\" src=\"https:\/\/lirolight.com\/wp-content\/uploads\/2025\/06\/5-1-1024x1024.jpg\" alt=\"\" class=\"wp-image-7470\" style=\"width:857px;height:auto\" srcset=\"https:\/\/lirolight.com\/wp-content\/uploads\/2025\/06\/5-1-1024x1024.jpg 1024w, https:\/\/lirolight.com\/wp-content\/uploads\/2025\/06\/5-1-300x300.jpg 300w, https:\/\/lirolight.com\/wp-content\/uploads\/2025\/06\/5-1-150x150.jpg 150w, https:\/\/lirolight.com\/wp-content\/uploads\/2025\/06\/5-1-768x768.jpg 768w, https:\/\/lirolight.com\/wp-content\/uploads\/2025\/06\/5-1-12x12.jpg 12w, https:\/\/lirolight.com\/wp-content\/uploads\/2025\/06\/5-1-990x990.jpg 990w, https:\/\/lirolight.com\/wp-content\/uploads\/2025\/06\/5-1-441x441.jpg 441w, https:\/\/lirolight.com\/wp-content\/uploads\/2025\/06\/5-1-100x100.jpg 100w, https:\/\/lirolight.com\/wp-content\/uploads\/2025\/06\/5-1-800x800.jpg 800w, https:\/\/lirolight.com\/wp-content\/uploads\/2025\/06\/5-1-500x500.jpg 500w, https:\/\/lirolight.com\/wp-content\/uploads\/2025\/06\/5-1-40x40.jpg 40w, https:\/\/lirolight.com\/wp-content\/uploads\/2025\/06\/5-1.jpg 1500w\" sizes=\"(max-width: 1024px) 100vw, 1024px\" \/><\/noscript><\/figure>\n\n\n\n<div class=\"wp-block-columns is-layout-flex wp-container-core-columns-is-layout-28f84493 wp-block-columns-is-layout-flex\">\n<div class=\"wp-block-column is-layout-flow wp-block-column-is-layout-flow\">\n<figure class=\"wp-block-image size-large\"><img loading=\"lazy\" decoding=\"async\" width=\"1024\" height=\"1024\" data-src=\"https:\/\/lirolight.com\/wp-content\/uploads\/2025\/06\/C23-1024x1024.jpg\" alt=\"\" class=\"wp-image-7471 lazyload\" data-srcset=\"https:\/\/lirolight.com\/wp-content\/uploads\/2025\/06\/C23-1024x1024.jpg 1024w, https:\/\/lirolight.com\/wp-content\/uploads\/2025\/06\/C23-300x300.jpg 300w, https:\/\/lirolight.com\/wp-content\/uploads\/2025\/06\/C23-150x150.jpg 150w, https:\/\/lirolight.com\/wp-content\/uploads\/2025\/06\/C23-768x768.jpg 768w, https:\/\/lirolight.com\/wp-content\/uploads\/2025\/06\/C23-1536x1536.jpg 1536w, https:\/\/lirolight.com\/wp-content\/uploads\/2025\/06\/C23-12x12.jpg 12w, https:\/\/lirolight.com\/wp-content\/uploads\/2025\/06\/C23-990x990.jpg 990w, https:\/\/lirolight.com\/wp-content\/uploads\/2025\/06\/C23-441x441.jpg 441w, https:\/\/lirolight.com\/wp-content\/uploads\/2025\/06\/C23-100x100.jpg 100w, https:\/\/lirolight.com\/wp-content\/uploads\/2025\/06\/C23-800x800.jpg 800w, https:\/\/lirolight.com\/wp-content\/uploads\/2025\/06\/C23-500x500.jpg 500w, https:\/\/lirolight.com\/wp-content\/uploads\/2025\/06\/C23-40x40.jpg 40w, https:\/\/lirolight.com\/wp-content\/uploads\/2025\/06\/C23.jpg 2000w\" data-sizes=\"(max-width: 1024px) 100vw, 1024px\" src=\"data:image\/gif;base64,R0lGODlhAQABAAAAACH5BAEKAAEALAAAAAABAAEAAAICTAEAOw==\" style=\"--smush-placeholder-width: 1024px; --smush-placeholder-aspect-ratio: 1024\/1024;\" \/><noscript><img loading=\"lazy\" decoding=\"async\" width=\"1024\" height=\"1024\" src=\"https:\/\/lirolight.com\/wp-content\/uploads\/2025\/06\/C23-1024x1024.jpg\" alt=\"\" class=\"wp-image-7471\" srcset=\"https:\/\/lirolight.com\/wp-content\/uploads\/2025\/06\/C23-1024x1024.jpg 1024w, https:\/\/lirolight.com\/wp-content\/uploads\/2025\/06\/C23-300x300.jpg 300w, https:\/\/lirolight.com\/wp-content\/uploads\/2025\/06\/C23-150x150.jpg 150w, https:\/\/lirolight.com\/wp-content\/uploads\/2025\/06\/C23-768x768.jpg 768w, https:\/\/lirolight.com\/wp-content\/uploads\/2025\/06\/C23-1536x1536.jpg 1536w, https:\/\/lirolight.com\/wp-content\/uploads\/2025\/06\/C23-12x12.jpg 12w, https:\/\/lirolight.com\/wp-content\/uploads\/2025\/06\/C23-990x990.jpg 990w, https:\/\/lirolight.com\/wp-content\/uploads\/2025\/06\/C23-441x441.jpg 441w, https:\/\/lirolight.com\/wp-content\/uploads\/2025\/06\/C23-100x100.jpg 100w, https:\/\/lirolight.com\/wp-content\/uploads\/2025\/06\/C23-800x800.jpg 800w, https:\/\/lirolight.com\/wp-content\/uploads\/2025\/06\/C23-500x500.jpg 500w, https:\/\/lirolight.com\/wp-content\/uploads\/2025\/06\/C23-40x40.jpg 40w, https:\/\/lirolight.com\/wp-content\/uploads\/2025\/06\/C23.jpg 2000w\" sizes=\"(max-width: 1024px) 100vw, 1024px\" \/><\/noscript><\/figure>\n<\/div>\n<\/div>\n\n\n\n<h2 class=\"wp-block-heading\">Especifica\u00e7\u00e3o:<\/h2>\n\n\n\n<ul class=\"wp-block-list\">\n<li><strong>Fonte de luz<\/strong><\/li>\n\n\n\n<li>LED RGBW de 72x4W<\/li>\n\n\n\n<li>\u00c2ngulo do feixe: 3\u00b0.&nbsp;<\/li>\n\n\n\n<li>Sistema \u00f3ptico: sistema \u00f3ptico de lente de \u00e2ngulo pequeno de alta transpar\u00eancia<\/li>\n\n\n\n<li><strong>Controle e programa<\/strong><\/li>\n\n\n\n<li>4 bot\u00f5es de toque<\/li>\n\n\n\n<li>Painel de controle: Tela de exibi\u00e7\u00e3o OLED<\/li>\n\n\n\n<li>Modo de controle: DMX512, RDM<\/li>\n\n\n\n<li>Modo de canal DMX: 4<\/li>\n\n\n\n<li>Canais de controle: 9\/41\/144\/153<\/li>\n\n\n\n<li>Atualiza\u00e7\u00e3o de software: atualiza\u00e7\u00e3o de software por meio de uma conex\u00e3o DMX<\/li>\n\n\n\n<li><strong>El\u00e9trica e de interface<\/strong><\/li>\n\n\n\n<li>Tens\u00e3o de entrada: 110-240V~50\/60Hz<\/li>\n\n\n\n<li>Pot\u00eancia: 400 W<\/li>\n\n\n\n<li>Tomada de energia: entrada\/sa\u00edda do conector de energia \u00e0 prova d'\u00e1gua<\/li>\n\n\n\n<li>Interface de sinal: Entrada\/sa\u00edda de soquete \u00e0 prova d'\u00e1gua XLR de 3 pinos (5 pinos)<\/li>\n\n\n\n<li>Dimention:100.2*14.2*9cm<\/li>\n\n\n\n<li>Peso l\u00edquido: 8 kg<\/li>\n\n\n\n<li>\u00cdndice de prote\u00e7\u00e3o: IP66<\/li>\n\n\n\n<li><strong>Instalar<\/strong><\/li>\n\n\n\n<li>Pode ser instalado na horizontal ou na vertical<\/li>\n\n\n\n<li>Orif\u00edcio de conex\u00e3o da corda de seguran\u00e7a<\/li>\n\n\n\n<li>Pode ser costurado \u00e0 esquerda e \u00e0 direita<\/li>\n\n\n\n<li><strong>Acess\u00f3rios opcionais<\/strong><\/li>\n\n\n\n<li>Pe\u00e7as de emenda superior e inferior<\/li>\n\n\n\n<li><strong>Filtro de difus\u00e3o\uff08Opcional, entre em contato conosco se necess\u00e1rio\uff09<\/strong><\/li>\n\n\n\n<li>Estrutura de p\u00e9<\/li>\n<\/ul>\n\n\n\n<h2 class=\"wp-block-heading\">Par\u00e2metros:<\/h2>\n\n\n\n<figure class=\"wp-block-table\"><table class=\"has-fixed-layout\"><tbody><tr><td>Tens\u00e3o ampla<\/td><td>AC100-240V, 50\/60Hz<\/td><\/tr><tr><td>Tempo de vida<\/td><td>50.000 horas<\/td><\/tr><tr><td>Fonte de LED<\/td><td>LED RGBW de 72x4W<\/td><\/tr><tr><td>\u00c2ngulo do feixe<\/td><td>3\u00b0<\/td><\/tr><tr><td>Canais DMX<\/td><td>9\/41\/144\/153<\/td><\/tr><tr><td>Conector DMX<\/td><td>Soquete XLR \u00e0 prova d'\u00e1gua de 3 pinos (5 pinos)<\/td><\/tr><tr><td>Modo de conex\u00e3o<\/td><td>DMX, RDM, mestre\/escravo, som ativo, autom\u00e1tico<\/td><\/tr><tr><td>Tomada de energia<\/td><td>entrada\/sa\u00edda do conector de alimenta\u00e7\u00e3o \u00e0 prova d'\u00e1gua<\/td><\/tr><tr><td>Classifica\u00e7\u00e3o IP<\/td><td>IP66<\/td><\/tr><\/tbody><\/table><\/figure>\n\n\n\n<h2 class=\"wp-block-heading\">Hor\u00e1rio do show.<\/h2>\n\n\n\n<figure class=\"wp-block-image size-large\"><img loading=\"lazy\" decoding=\"async\" width=\"1024\" height=\"683\" data-src=\"https:\/\/lirolight.com\/wp-content\/uploads\/2025\/06\/111-1024x683.jpg\" alt=\"\" class=\"wp-image-7472 lazyload\" data-srcset=\"https:\/\/lirolight.com\/wp-content\/uploads\/2025\/06\/111-1024x683.jpg 1024w, https:\/\/lirolight.com\/wp-content\/uploads\/2025\/06\/111-300x200.jpg 300w, https:\/\/lirolight.com\/wp-content\/uploads\/2025\/06\/111-768x512.jpg 768w, https:\/\/lirolight.com\/wp-content\/uploads\/2025\/06\/111-1536x1024.jpg 1536w, https:\/\/lirolight.com\/wp-content\/uploads\/2025\/06\/111-18x12.jpg 18w, https:\/\/lirolight.com\/wp-content\/uploads\/2025\/06\/111-990x660.jpg 990w, https:\/\/lirolight.com\/wp-content\/uploads\/2025\/06\/111-441x294.jpg 441w, https:\/\/lirolight.com\/wp-content\/uploads\/2025\/06\/111-800x533.jpg 800w, https:\/\/lirolight.com\/wp-content\/uploads\/2025\/06\/111-150x100.jpg 150w, https:\/\/lirolight.com\/wp-content\/uploads\/2025\/06\/111-500x333.jpg 500w, https:\/\/lirolight.com\/wp-content\/uploads\/2025\/06\/111-60x40.jpg 60w, https:\/\/lirolight.com\/wp-content\/uploads\/2025\/06\/111.jpg 2048w\" data-sizes=\"(max-width: 1024px) 100vw, 1024px\" src=\"data:image\/gif;base64,R0lGODlhAQABAAAAACH5BAEKAAEALAAAAAABAAEAAAICTAEAOw==\" style=\"--smush-placeholder-width: 1024px; --smush-placeholder-aspect-ratio: 1024\/683;\" \/><noscript><img loading=\"lazy\" decoding=\"async\" width=\"1024\" height=\"683\" src=\"https:\/\/lirolight.com\/wp-content\/uploads\/2025\/06\/111-1024x683.jpg\" alt=\"\" class=\"wp-image-7472\" srcset=\"https:\/\/lirolight.com\/wp-content\/uploads\/2025\/06\/111-1024x683.jpg 1024w, https:\/\/lirolight.com\/wp-content\/uploads\/2025\/06\/111-300x200.jpg 300w, https:\/\/lirolight.com\/wp-content\/uploads\/2025\/06\/111-768x512.jpg 768w, https:\/\/lirolight.com\/wp-content\/uploads\/2025\/06\/111-1536x1024.jpg 1536w, https:\/\/lirolight.com\/wp-content\/uploads\/2025\/06\/111-18x12.jpg 18w, https:\/\/lirolight.com\/wp-content\/uploads\/2025\/06\/111-990x660.jpg 990w, https:\/\/lirolight.com\/wp-content\/uploads\/2025\/06\/111-441x294.jpg 441w, https:\/\/lirolight.com\/wp-content\/uploads\/2025\/06\/111-800x533.jpg 800w, https:\/\/lirolight.com\/wp-content\/uploads\/2025\/06\/111-150x100.jpg 150w, https:\/\/lirolight.com\/wp-content\/uploads\/2025\/06\/111-500x333.jpg 500w, https:\/\/lirolight.com\/wp-content\/uploads\/2025\/06\/111-60x40.jpg 60w, https:\/\/lirolight.com\/wp-content\/uploads\/2025\/06\/111.jpg 2048w\" sizes=\"(max-width: 1024px) 100vw, 1024px\" \/><\/noscript><\/figure>\n\n\n\n<figure class=\"wp-block-image size-large\"><img loading=\"lazy\" decoding=\"async\" width=\"1024\" height=\"683\" data-src=\"https:\/\/lirolight.com\/wp-content\/uploads\/2025\/06\/114-1024x683.jpg\" alt=\"\" class=\"wp-image-7473 lazyload\" data-srcset=\"https:\/\/lirolight.com\/wp-content\/uploads\/2025\/06\/114-1024x683.jpg 1024w, https:\/\/lirolight.com\/wp-content\/uploads\/2025\/06\/114-300x200.jpg 300w, https:\/\/lirolight.com\/wp-content\/uploads\/2025\/06\/114-768x512.jpg 768w, https:\/\/lirolight.com\/wp-content\/uploads\/2025\/06\/114-1536x1024.jpg 1536w, https:\/\/lirolight.com\/wp-content\/uploads\/2025\/06\/114-18x12.jpg 18w, https:\/\/lirolight.com\/wp-content\/uploads\/2025\/06\/114-990x660.jpg 990w, https:\/\/lirolight.com\/wp-content\/uploads\/2025\/06\/114-441x294.jpg 441w, https:\/\/lirolight.com\/wp-content\/uploads\/2025\/06\/114-800x533.jpg 800w, https:\/\/lirolight.com\/wp-content\/uploads\/2025\/06\/114-150x100.jpg 150w, https:\/\/lirolight.com\/wp-content\/uploads\/2025\/06\/114-500x333.jpg 500w, https:\/\/lirolight.com\/wp-content\/uploads\/2025\/06\/114-60x40.jpg 60w, https:\/\/lirolight.com\/wp-content\/uploads\/2025\/06\/114.jpg 2048w\" data-sizes=\"(max-width: 1024px) 100vw, 1024px\" src=\"data:image\/gif;base64,R0lGODlhAQABAAAAACH5BAEKAAEALAAAAAABAAEAAAICTAEAOw==\" style=\"--smush-placeholder-width: 1024px; --smush-placeholder-aspect-ratio: 1024\/683;\" \/><noscript><img loading=\"lazy\" decoding=\"async\" width=\"1024\" height=\"683\" src=\"https:\/\/lirolight.com\/wp-content\/uploads\/2025\/06\/114-1024x683.jpg\" alt=\"\" class=\"wp-image-7473\" srcset=\"https:\/\/lirolight.com\/wp-content\/uploads\/2025\/06\/114-1024x683.jpg 1024w, https:\/\/lirolight.com\/wp-content\/uploads\/2025\/06\/114-300x200.jpg 300w, https:\/\/lirolight.com\/wp-content\/uploads\/2025\/06\/114-768x512.jpg 768w, https:\/\/lirolight.com\/wp-content\/uploads\/2025\/06\/114-1536x1024.jpg 1536w, https:\/\/lirolight.com\/wp-content\/uploads\/2025\/06\/114-18x12.jpg 18w, https:\/\/lirolight.com\/wp-content\/uploads\/2025\/06\/114-990x660.jpg 990w, https:\/\/lirolight.com\/wp-content\/uploads\/2025\/06\/114-441x294.jpg 441w, https:\/\/lirolight.com\/wp-content\/uploads\/2025\/06\/114-800x533.jpg 800w, https:\/\/lirolight.com\/wp-content\/uploads\/2025\/06\/114-150x100.jpg 150w, https:\/\/lirolight.com\/wp-content\/uploads\/2025\/06\/114-500x333.jpg 500w, https:\/\/lirolight.com\/wp-content\/uploads\/2025\/06\/114-60x40.jpg 60w, https:\/\/lirolight.com\/wp-content\/uploads\/2025\/06\/114.jpg 2048w\" sizes=\"(max-width: 1024px) 100vw, 1024px\" \/><\/noscript><\/figure>\n\n\n\n<figure class=\"wp-block-image size-large\"><img loading=\"lazy\" decoding=\"async\" width=\"1024\" height=\"683\" data-src=\"https:\/\/lirolight.com\/wp-content\/uploads\/2025\/06\/115-1024x683.jpg\" alt=\"\" class=\"wp-image-7474 lazyload\" data-srcset=\"https:\/\/lirolight.com\/wp-content\/uploads\/2025\/06\/115-1024x683.jpg 1024w, https:\/\/lirolight.com\/wp-content\/uploads\/2025\/06\/115-300x200.jpg 300w, https:\/\/lirolight.com\/wp-content\/uploads\/2025\/06\/115-768x512.jpg 768w, https:\/\/lirolight.com\/wp-content\/uploads\/2025\/06\/115-18x12.jpg 18w, https:\/\/lirolight.com\/wp-content\/uploads\/2025\/06\/115-990x660.jpg 990w, https:\/\/lirolight.com\/wp-content\/uploads\/2025\/06\/115-441x294.jpg 441w, https:\/\/lirolight.com\/wp-content\/uploads\/2025\/06\/115-800x533.jpg 800w, https:\/\/lirolight.com\/wp-content\/uploads\/2025\/06\/115-150x100.jpg 150w, https:\/\/lirolight.com\/wp-content\/uploads\/2025\/06\/115-500x333.jpg 500w, https:\/\/lirolight.com\/wp-content\/uploads\/2025\/06\/115-60x40.jpg 60w, https:\/\/lirolight.com\/wp-content\/uploads\/2025\/06\/115.jpg 1440w\" data-sizes=\"(max-width: 1024px) 100vw, 1024px\" src=\"data:image\/gif;base64,R0lGODlhAQABAAAAACH5BAEKAAEALAAAAAABAAEAAAICTAEAOw==\" style=\"--smush-placeholder-width: 1024px; --smush-placeholder-aspect-ratio: 1024\/683;\" \/><noscript><img loading=\"lazy\" decoding=\"async\" width=\"1024\" height=\"683\" src=\"https:\/\/lirolight.com\/wp-content\/uploads\/2025\/06\/115-1024x683.jpg\" alt=\"\" class=\"wp-image-7474\" srcset=\"https:\/\/lirolight.com\/wp-content\/uploads\/2025\/06\/115-1024x683.jpg 1024w, https:\/\/lirolight.com\/wp-content\/uploads\/2025\/06\/115-300x200.jpg 300w, https:\/\/lirolight.com\/wp-content\/uploads\/2025\/06\/115-768x512.jpg 768w, https:\/\/lirolight.com\/wp-content\/uploads\/2025\/06\/115-18x12.jpg 18w, https:\/\/lirolight.com\/wp-content\/uploads\/2025\/06\/115-990x660.jpg 990w, https:\/\/lirolight.com\/wp-content\/uploads\/2025\/06\/115-441x294.jpg 441w, https:\/\/lirolight.com\/wp-content\/uploads\/2025\/06\/115-800x533.jpg 800w, https:\/\/lirolight.com\/wp-content\/uploads\/2025\/06\/115-150x100.jpg 150w, https:\/\/lirolight.com\/wp-content\/uploads\/2025\/06\/115-500x333.jpg 500w, https:\/\/lirolight.com\/wp-content\/uploads\/2025\/06\/115-60x40.jpg 60w, https:\/\/lirolight.com\/wp-content\/uploads\/2025\/06\/115.jpg 1440w\" sizes=\"(max-width: 1024px) 100vw, 1024px\" \/><\/noscript><\/figure>","protected":false},"excerpt":{"rendered":"<p>A Curtain Bar IP \u00e9 uma cortina de luz externa \u00e0 prova d'\u00e1gua de alta pot\u00eancia, com LEDs RGBW de 72x 4W com um \u00e2ngulo de feixe preciso de 3\u00b0. A junta de emenda integrada facilita a montagem e a expans\u00e3o, permitindo que os usu\u00e1rios conectem v\u00e1rias unidades para formar uma cortina de luz maior e coesa.<\/p>","protected":false},"featured_media":7468,"comment_status":"open","ping_status":"closed","template":"","meta":[],"product_brand":[],"product_cat":[66],"product_tag":[78],"class_list":{"0":"post-7467","1":"product","2":"type-product","3":"status-publish","4":"has-post-thumbnail","6":"product_cat-ip-strobe-bar","7":"product_tag-strobe","9":"first","10":"instock","11":"shipping-taxable","12":"product-type-simple"},"_links":{"self":[{"href":"https:\/\/lirolight.com\/pt\/wp-json\/wp\/v2\/product\/7467","targetHints":{"allow":["GET"]}}],"collection":[{"href":"https:\/\/lirolight.com\/pt\/wp-json\/wp\/v2\/product"}],"about":[{"href":"https:\/\/lirolight.com\/pt\/wp-json\/wp\/v2\/types\/product"}],"replies":[{"embeddable":true,"href":"https:\/\/lirolight.com\/pt\/wp-json\/wp\/v2\/comments?post=7467"}],"version-history":[{"count":3,"href":"https:\/\/lirolight.com\/pt\/wp-json\/wp\/v2\/product\/7467\/revisions"}],"predecessor-version":[{"id":10553,"href":"https:\/\/lirolight.com\/pt\/wp-json\/wp\/v2\/product\/7467\/revisions\/10553"}],"wp:featuredmedia":[{"embeddable":true,"href":"https:\/\/lirolight.com\/pt\/wp-json\/wp\/v2\/media\/7468"}],"wp:attachment":[{"href":"https:\/\/lirolight.com\/pt\/wp-json\/wp\/v2\/media?parent=7467"}],"wp:term":[{"taxonomy":"product_brand","embeddable":true,"href":"https:\/\/lirolight.com\/pt\/wp-json\/wp\/v2\/product_brand?post=7467"},{"taxonomy":"product_cat","embeddable":true,"href":"https:\/\/lirolight.com\/pt\/wp-json\/wp\/v2\/product_cat?post=7467"},{"taxonomy":"product_tag","embeddable":true,"href":"https:\/\/lirolight.com\/pt\/wp-json\/wp\/v2\/product_tag?post=7467"}],"curies":[{"name":"wp","href":"https:\/\/api.w.org\/{rel}","templated":true}]}}