{"id":7517,"date":"2025-06-13T07:17:17","date_gmt":"2025-06-13T07:17:17","guid":{"rendered":"https:\/\/lirolight.com\/?post_type=product&#038;p=7517"},"modified":"2026-01-14T02:24:10","modified_gmt":"2026-01-14T02:24:10","slug":"mini-bee-eye-740w-zoom-led-moving-head-wash-beam-stage-light-wash-light-dj-lighting-equipments-dmx512-stage-light-for-dj-disco-party","status":"publish","type":"product","link":"https:\/\/lirolight.com\/pt\/produto\/mini-bee-eye-740w-zoom-led-moving-head-wash-beam-stage-light-wash-light-dj-lighting-equipments-dmx512-stage-light-for-dj-disco-party\/","title":{"rendered":"LiRO-LITE Mini Bee Eye 7*40W Zoom LED Moving Head Wash Beam Stage Light Wash Light Dj Lighting Equipments DMX512 Stage Light for DJ Disco Party"},"content":{"rendered":"<h2 class=\"wp-block-heading\"><strong><mark style=\"background-color:#000000\" class=\"has-inline-color has-white-color\">LR-B-EYE 0740<\/mark><\/strong><\/h2>\n\n\n\n<hr class=\"wp-block-separator has-alpha-channel-opacity\"\/>\n\n\n\n<h2 class=\"wp-block-heading\">Fotos:<\/h2>\n\n\n\n<figure class=\"wp-block-image size-large\"><img fetchpriority=\"high\" decoding=\"async\" width=\"1024\" height=\"1024\" src=\"https:\/\/lirolight.com\/wp-content\/uploads\/2025\/06\/740-72-1024x1024.jpg\" alt=\"\" class=\"wp-image-7518\" srcset=\"https:\/\/lirolight.com\/wp-content\/uploads\/2025\/06\/740-72-1024x1024.jpg 1024w, https:\/\/lirolight.com\/wp-content\/uploads\/2025\/06\/740-72-300x300.jpg 300w, https:\/\/lirolight.com\/wp-content\/uploads\/2025\/06\/740-72-150x150.jpg 150w, https:\/\/lirolight.com\/wp-content\/uploads\/2025\/06\/740-72-768x768.jpg 768w, https:\/\/lirolight.com\/wp-content\/uploads\/2025\/06\/740-72-1536x1536.jpg 1536w, https:\/\/lirolight.com\/wp-content\/uploads\/2025\/06\/740-72-12x12.jpg 12w, https:\/\/lirolight.com\/wp-content\/uploads\/2025\/06\/740-72-990x990.jpg 990w, https:\/\/lirolight.com\/wp-content\/uploads\/2025\/06\/740-72-441x441.jpg 441w, https:\/\/lirolight.com\/wp-content\/uploads\/2025\/06\/740-72-100x100.jpg 100w, https:\/\/lirolight.com\/wp-content\/uploads\/2025\/06\/740-72-800x800.jpg 800w, https:\/\/lirolight.com\/wp-content\/uploads\/2025\/06\/740-72-500x500.jpg 500w, https:\/\/lirolight.com\/wp-content\/uploads\/2025\/06\/740-72-40x40.jpg 40w, https:\/\/lirolight.com\/wp-content\/uploads\/2025\/06\/740-72.jpg 2000w\" sizes=\"(max-width: 1024px) 100vw, 1024px\" \/><\/figure>\n\n\n\n<div class=\"wp-block-columns is-layout-flex wp-container-core-columns-is-layout-28f84493 wp-block-columns-is-layout-flex\">\n<div class=\"wp-block-column is-layout-flow wp-block-column-is-layout-flow\">\n<figure class=\"wp-block-image size-full\"><img decoding=\"async\" data-src=\"https:\/\/lirolight.com\/wp-content\/uploads\/2025\/06\/\u767d-\u4fa7\u6b632.png\" alt=\"\" class=\"wp-image-7519 lazyload\" src=\"data:image\/gif;base64,R0lGODlhAQABAAAAACH5BAEKAAEALAAAAAABAAEAAAICTAEAOw==\" style=\"--smush-placeholder-width: 4000px; --smush-placeholder-aspect-ratio: 4000\/4000;\" \/><noscript><img decoding=\"async\" src=\"https:\/\/lirolight.com\/wp-content\/uploads\/2025\/06\/\u767d-\u4fa7\u6b632.png\" alt=\"\" class=\"wp-image-7519\"\/><\/noscript><\/figure>\n<\/div>\n\n\n\n<div class=\"wp-block-column is-layout-flow wp-block-column-is-layout-flow\">\n<figure class=\"wp-block-image size-full\"><img decoding=\"async\" data-src=\"https:\/\/lirolight.com\/wp-content\/uploads\/2025\/06\/\u767d-\u4fa7\u6b633.png\" alt=\"\" class=\"wp-image-7520 lazyload\" src=\"data:image\/gif;base64,R0lGODlhAQABAAAAACH5BAEKAAEALAAAAAABAAEAAAICTAEAOw==\" style=\"--smush-placeholder-width: 4000px; --smush-placeholder-aspect-ratio: 4000\/4000;\" \/><noscript><img decoding=\"async\" src=\"https:\/\/lirolight.com\/wp-content\/uploads\/2025\/06\/\u767d-\u4fa7\u6b633.png\" alt=\"\" class=\"wp-image-7520\"\/><\/noscript><\/figure>\n<\/div>\n<\/div>\n\n\n\n<div class=\"wp-block-columns is-layout-flex wp-container-core-columns-is-layout-28f84493 wp-block-columns-is-layout-flex\">\n<div class=\"wp-block-column is-layout-flow wp-block-column-is-layout-flow\">\n<figure class=\"wp-block-image size-full\"><img decoding=\"async\" data-src=\"https:\/\/lirolight.com\/wp-content\/uploads\/2025\/06\/\u767d-\u80cc\u9762-1.png\" alt=\"\" class=\"wp-image-7521 lazyload\" src=\"data:image\/gif;base64,R0lGODlhAQABAAAAACH5BAEKAAEALAAAAAABAAEAAAICTAEAOw==\" style=\"--smush-placeholder-width: 4000px; --smush-placeholder-aspect-ratio: 4000\/4000;\" \/><noscript><img decoding=\"async\" src=\"https:\/\/lirolight.com\/wp-content\/uploads\/2025\/06\/\u767d-\u80cc\u9762-1.png\" alt=\"\" class=\"wp-image-7521\"\/><\/noscript><\/figure>\n<\/div>\n\n\n\n<div class=\"wp-block-column is-layout-flow wp-block-column-is-layout-flow\">\n<figure class=\"wp-block-image size-large\"><img decoding=\"async\" width=\"1024\" height=\"1024\" data-src=\"https:\/\/lirolight.com\/wp-content\/uploads\/2025\/06\/\u767d740-\u4fa7\u540e-1024x1024.png\" alt=\"\" class=\"wp-image-7522 lazyload\" data-srcset=\"https:\/\/lirolight.com\/wp-content\/uploads\/2025\/06\/\u767d740-\u4fa7\u540e-1024x1024.png 1024w, https:\/\/lirolight.com\/wp-content\/uploads\/2025\/06\/\u767d740-\u4fa7\u540e-300x300.png 300w, https:\/\/lirolight.com\/wp-content\/uploads\/2025\/06\/\u767d740-\u4fa7\u540e-150x150.png 150w, https:\/\/lirolight.com\/wp-content\/uploads\/2025\/06\/\u767d740-\u4fa7\u540e-768x768.png 768w, https:\/\/lirolight.com\/wp-content\/uploads\/2025\/06\/\u767d740-\u4fa7\u540e-1536x1536.png 1536w, https:\/\/lirolight.com\/wp-content\/uploads\/2025\/06\/\u767d740-\u4fa7\u540e-2048x2048.png 2048w, https:\/\/lirolight.com\/wp-content\/uploads\/2025\/06\/\u767d740-\u4fa7\u540e-12x12.png 12w, https:\/\/lirolight.com\/wp-content\/uploads\/2025\/06\/\u767d740-\u4fa7\u540e-990x990.png 990w, https:\/\/lirolight.com\/wp-content\/uploads\/2025\/06\/\u767d740-\u4fa7\u540e-441x441.png 441w, https:\/\/lirolight.com\/wp-content\/uploads\/2025\/06\/\u767d740-\u4fa7\u540e-100x100.png 100w, https:\/\/lirolight.com\/wp-content\/uploads\/2025\/06\/\u767d740-\u4fa7\u540e-800x800.png 800w, https:\/\/lirolight.com\/wp-content\/uploads\/2025\/06\/\u767d740-\u4fa7\u540e-500x500.png 500w, https:\/\/lirolight.com\/wp-content\/uploads\/2025\/06\/\u767d740-\u4fa7\u540e-40x40.png 40w\" data-sizes=\"(max-width: 1024px) 100vw, 1024px\" src=\"data:image\/gif;base64,R0lGODlhAQABAAAAACH5BAEKAAEALAAAAAABAAEAAAICTAEAOw==\" style=\"--smush-placeholder-width: 1024px; --smush-placeholder-aspect-ratio: 1024\/1024;\" \/><noscript><img decoding=\"async\" width=\"1024\" height=\"1024\" src=\"https:\/\/lirolight.com\/wp-content\/uploads\/2025\/06\/\u767d740-\u4fa7\u540e-1024x1024.png\" alt=\"\" class=\"wp-image-7522\" srcset=\"https:\/\/lirolight.com\/wp-content\/uploads\/2025\/06\/\u767d740-\u4fa7\u540e-1024x1024.png 1024w, https:\/\/lirolight.com\/wp-content\/uploads\/2025\/06\/\u767d740-\u4fa7\u540e-300x300.png 300w, https:\/\/lirolight.com\/wp-content\/uploads\/2025\/06\/\u767d740-\u4fa7\u540e-150x150.png 150w, https:\/\/lirolight.com\/wp-content\/uploads\/2025\/06\/\u767d740-\u4fa7\u540e-768x768.png 768w, https:\/\/lirolight.com\/wp-content\/uploads\/2025\/06\/\u767d740-\u4fa7\u540e-1536x1536.png 1536w, https:\/\/lirolight.com\/wp-content\/uploads\/2025\/06\/\u767d740-\u4fa7\u540e-2048x2048.png 2048w, https:\/\/lirolight.com\/wp-content\/uploads\/2025\/06\/\u767d740-\u4fa7\u540e-12x12.png 12w, https:\/\/lirolight.com\/wp-content\/uploads\/2025\/06\/\u767d740-\u4fa7\u540e-990x990.png 990w, https:\/\/lirolight.com\/wp-content\/uploads\/2025\/06\/\u767d740-\u4fa7\u540e-441x441.png 441w, https:\/\/lirolight.com\/wp-content\/uploads\/2025\/06\/\u767d740-\u4fa7\u540e-100x100.png 100w, https:\/\/lirolight.com\/wp-content\/uploads\/2025\/06\/\u767d740-\u4fa7\u540e-800x800.png 800w, https:\/\/lirolight.com\/wp-content\/uploads\/2025\/06\/\u767d740-\u4fa7\u540e-500x500.png 500w, https:\/\/lirolight.com\/wp-content\/uploads\/2025\/06\/\u767d740-\u4fa7\u540e-40x40.png 40w\" sizes=\"(max-width: 1024px) 100vw, 1024px\" \/><\/noscript><\/figure>\n<\/div>\n<\/div>\n\n\n\n<h2 class=\"wp-block-heading\">Especifica\u00e7\u00e3o:<\/h2>\n\n\n\n<ul class=\"wp-block-list\">\n<li>7*40W RGBW 4 em 1 LEDs<\/li>\n\n\n\n<li>\u00c2ngulo de zoom: 4-60\u00b0<\/li>\n\n\n\n<li>Panor\u00e2mica\/inclina\u00e7\u00e3o: 540\/270\u00b0<\/li>\n\n\n\n<li>Modo de controle: DMX512, mestre\/escravo, modo autom\u00e1tico<\/li>\n\n\n\n<li>Peso l\u00edquido: 12 kg<\/li>\n\n\n\n<li>Tens\u00e3o: AC110-240V 50\/60 Hz<\/li>\n\n\n\n<li>Consumo de energia: 350W<\/li>\n\n\n\n<li>Conex\u00e3o de energia: Entrada e sa\u00edda de energia<\/li>\n\n\n\n<li>Soquete de sinal: Entrada\/sa\u00edda DMX XLR de 3\/5 pinos<\/li>\n<\/ul>\n\n\n\n<h2 class=\"wp-block-heading\">Par\u00e2metros:<\/h2>\n\n\n\n<figure class=\"wp-block-table\"><table class=\"has-fixed-layout\"><tbody><tr><td>Tens\u00e3o ampla<\/td><td>AC100-240V, 50\/60Hz<\/td><\/tr><tr><td>Fonte<\/td><td>LED 7*40W LEDs RGBW de brilho<\/td><\/tr><tr><td>LED<\/td><td>Controle individual de LED<\/td><\/tr><tr><td>Efeito<\/td><td>Lente de rota\u00e7\u00e3o, com efeitos de \"v\u00f3rtice\" e \"caleidosc\u00f3pio<\/td><\/tr><tr><td>Temperatura de cor<\/td><td>2500K-8000K<\/td><\/tr><tr><td>Dimmer<\/td><td>4 Curvas de escurecimento do revestimento<\/td><\/tr><tr><td>Sistema de resfriamento<\/td><td>Ventilador com velocidade autom\u00e1tica de temperatura, ventiladores silenciosos<\/td><\/tr><tr><td>Canal<\/td><td>21\/35\/42\/49\/63<\/td><\/tr><tr><td>\u00c2ngulo de zoom de lavagem<\/td><td>4-60 graus<\/td><\/tr><tr><td>Sistema de mistura de cores<\/td><td>Sistema de mistura linear RGBW+CMY<\/td><\/tr><\/tbody><\/table><\/figure>\n\n\n\n<h2 class=\"wp-block-heading\">Hor\u00e1rio do show.<\/h2>\n\n\n\n<div class=\"wp-block-columns is-layout-flex wp-container-core-columns-is-layout-28f84493 wp-block-columns-is-layout-flex\">\n<div class=\"wp-block-column is-layout-flow wp-block-column-is-layout-flow\">\n<figure class=\"wp-block-image size-full is-resized\"><img decoding=\"async\" width=\"350\" height=\"350\" data-src=\"https:\/\/lirolight.com\/wp-content\/uploads\/2025\/06\/5-1.png\" alt=\"\" class=\"wp-image-7524 lazyload\" style=\"--smush-placeholder-width: 350px; --smush-placeholder-aspect-ratio: 350\/350;width:434px;height:auto\" data-srcset=\"https:\/\/lirolight.com\/wp-content\/uploads\/2025\/06\/5-1.png 350w, https:\/\/lirolight.com\/wp-content\/uploads\/2025\/06\/5-1-300x300.png 300w, https:\/\/lirolight.com\/wp-content\/uploads\/2025\/06\/5-1-150x150.png 150w, https:\/\/lirolight.com\/wp-content\/uploads\/2025\/06\/5-1-12x12.png 12w, https:\/\/lirolight.com\/wp-content\/uploads\/2025\/06\/5-1-100x100.png 100w, https:\/\/lirolight.com\/wp-content\/uploads\/2025\/06\/5-1-40x40.png 40w\" data-sizes=\"(max-width: 350px) 100vw, 350px\" src=\"data:image\/gif;base64,R0lGODlhAQABAAAAACH5BAEKAAEALAAAAAABAAEAAAICTAEAOw==\" \/><noscript><img decoding=\"async\" width=\"350\" height=\"350\" src=\"https:\/\/lirolight.com\/wp-content\/uploads\/2025\/06\/5-1.png\" alt=\"\" class=\"wp-image-7524\" style=\"width:434px;height:auto\" srcset=\"https:\/\/lirolight.com\/wp-content\/uploads\/2025\/06\/5-1.png 350w, https:\/\/lirolight.com\/wp-content\/uploads\/2025\/06\/5-1-300x300.png 300w, https:\/\/lirolight.com\/wp-content\/uploads\/2025\/06\/5-1-150x150.png 150w, https:\/\/lirolight.com\/wp-content\/uploads\/2025\/06\/5-1-12x12.png 12w, https:\/\/lirolight.com\/wp-content\/uploads\/2025\/06\/5-1-100x100.png 100w, https:\/\/lirolight.com\/wp-content\/uploads\/2025\/06\/5-1-40x40.png 40w\" sizes=\"(max-width: 350px) 100vw, 350px\" \/><\/noscript><\/figure>\n<\/div>\n\n\n\n<div class=\"wp-block-column is-layout-flow wp-block-column-is-layout-flow\">\n<figure class=\"wp-block-image size-full is-resized\"><img loading=\"lazy\" decoding=\"async\" width=\"350\" height=\"350\" data-src=\"https:\/\/lirolight.com\/wp-content\/uploads\/2025\/06\/7.png\" alt=\"\" class=\"wp-image-7525 lazyload\" style=\"--smush-placeholder-width: 350px; --smush-placeholder-aspect-ratio: 350\/350;width:434px;height:auto\" data-srcset=\"https:\/\/lirolight.com\/wp-content\/uploads\/2025\/06\/7.png 350w, https:\/\/lirolight.com\/wp-content\/uploads\/2025\/06\/7-300x300.png 300w, https:\/\/lirolight.com\/wp-content\/uploads\/2025\/06\/7-150x150.png 150w, https:\/\/lirolight.com\/wp-content\/uploads\/2025\/06\/7-12x12.png 12w, https:\/\/lirolight.com\/wp-content\/uploads\/2025\/06\/7-100x100.png 100w, https:\/\/lirolight.com\/wp-content\/uploads\/2025\/06\/7-40x40.png 40w\" data-sizes=\"(max-width: 350px) 100vw, 350px\" src=\"data:image\/gif;base64,R0lGODlhAQABAAAAACH5BAEKAAEALAAAAAABAAEAAAICTAEAOw==\" \/><noscript><img loading=\"lazy\" decoding=\"async\" width=\"350\" height=\"350\" src=\"https:\/\/lirolight.com\/wp-content\/uploads\/2025\/06\/7.png\" alt=\"\" class=\"wp-image-7525\" style=\"width:434px;height:auto\" srcset=\"https:\/\/lirolight.com\/wp-content\/uploads\/2025\/06\/7.png 350w, https:\/\/lirolight.com\/wp-content\/uploads\/2025\/06\/7-300x300.png 300w, https:\/\/lirolight.com\/wp-content\/uploads\/2025\/06\/7-150x150.png 150w, https:\/\/lirolight.com\/wp-content\/uploads\/2025\/06\/7-12x12.png 12w, https:\/\/lirolight.com\/wp-content\/uploads\/2025\/06\/7-100x100.png 100w, https:\/\/lirolight.com\/wp-content\/uploads\/2025\/06\/7-40x40.png 40w\" sizes=\"(max-width: 350px) 100vw, 350px\" \/><\/noscript><\/figure>\n<\/div>\n<\/div>\n\n\n\n<figure class=\"wp-block-image size-large\"><img loading=\"lazy\" decoding=\"async\" width=\"1024\" height=\"576\" data-src=\"https:\/\/lirolight.com\/wp-content\/uploads\/2025\/06\/12-1-1024x576.jpg\" alt=\"\" class=\"wp-image-7526 lazyload\" data-srcset=\"https:\/\/lirolight.com\/wp-content\/uploads\/2025\/06\/12-1-1024x576.jpg 1024w, https:\/\/lirolight.com\/wp-content\/uploads\/2025\/06\/12-1-300x169.jpg 300w, https:\/\/lirolight.com\/wp-content\/uploads\/2025\/06\/12-1-768x432.jpg 768w, https:\/\/lirolight.com\/wp-content\/uploads\/2025\/06\/12-1-1536x864.jpg 1536w, https:\/\/lirolight.com\/wp-content\/uploads\/2025\/06\/12-1-2048x1152.jpg 2048w, https:\/\/lirolight.com\/wp-content\/uploads\/2025\/06\/12-1-18x10.jpg 18w, https:\/\/lirolight.com\/wp-content\/uploads\/2025\/06\/12-1-990x557.jpg 990w, https:\/\/lirolight.com\/wp-content\/uploads\/2025\/06\/12-1-441x248.jpg 441w, https:\/\/lirolight.com\/wp-content\/uploads\/2025\/06\/12-1-800x450.jpg 800w, https:\/\/lirolight.com\/wp-content\/uploads\/2025\/06\/12-1-150x84.jpg 150w, https:\/\/lirolight.com\/wp-content\/uploads\/2025\/06\/12-1-500x281.jpg 500w, https:\/\/lirolight.com\/wp-content\/uploads\/2025\/06\/12-1-60x34.jpg 60w\" data-sizes=\"(max-width: 1024px) 100vw, 1024px\" src=\"data:image\/gif;base64,R0lGODlhAQABAAAAACH5BAEKAAEALAAAAAABAAEAAAICTAEAOw==\" style=\"--smush-placeholder-width: 1024px; --smush-placeholder-aspect-ratio: 1024\/576;\" \/><noscript><img loading=\"lazy\" decoding=\"async\" width=\"1024\" height=\"576\" src=\"https:\/\/lirolight.com\/wp-content\/uploads\/2025\/06\/12-1-1024x576.jpg\" alt=\"\" class=\"wp-image-7526\" srcset=\"https:\/\/lirolight.com\/wp-content\/uploads\/2025\/06\/12-1-1024x576.jpg 1024w, https:\/\/lirolight.com\/wp-content\/uploads\/2025\/06\/12-1-300x169.jpg 300w, https:\/\/lirolight.com\/wp-content\/uploads\/2025\/06\/12-1-768x432.jpg 768w, https:\/\/lirolight.com\/wp-content\/uploads\/2025\/06\/12-1-1536x864.jpg 1536w, https:\/\/lirolight.com\/wp-content\/uploads\/2025\/06\/12-1-2048x1152.jpg 2048w, https:\/\/lirolight.com\/wp-content\/uploads\/2025\/06\/12-1-18x10.jpg 18w, https:\/\/lirolight.com\/wp-content\/uploads\/2025\/06\/12-1-990x557.jpg 990w, https:\/\/lirolight.com\/wp-content\/uploads\/2025\/06\/12-1-441x248.jpg 441w, https:\/\/lirolight.com\/wp-content\/uploads\/2025\/06\/12-1-800x450.jpg 800w, https:\/\/lirolight.com\/wp-content\/uploads\/2025\/06\/12-1-150x84.jpg 150w, https:\/\/lirolight.com\/wp-content\/uploads\/2025\/06\/12-1-500x281.jpg 500w, https:\/\/lirolight.com\/wp-content\/uploads\/2025\/06\/12-1-60x34.jpg 60w\" sizes=\"(max-width: 1024px) 100vw, 1024px\" \/><\/noscript><\/figure>\n\n\n\n<figure class=\"wp-block-image size-large is-resized\"><img loading=\"lazy\" decoding=\"async\" width=\"1024\" height=\"576\" data-src=\"https:\/\/lirolight.com\/wp-content\/uploads\/2025\/06\/740-10-1024x576.jpg\" alt=\"\" class=\"wp-image-7527 lazyload\" style=\"--smush-placeholder-width: 1024px; --smush-placeholder-aspect-ratio: 1024\/576;width:900px;height:auto\" data-srcset=\"https:\/\/lirolight.com\/wp-content\/uploads\/2025\/06\/740-10-1024x576.jpg 1024w, https:\/\/lirolight.com\/wp-content\/uploads\/2025\/06\/740-10-300x169.jpg 300w, https:\/\/lirolight.com\/wp-content\/uploads\/2025\/06\/740-10-768x432.jpg 768w, https:\/\/lirolight.com\/wp-content\/uploads\/2025\/06\/740-10-1536x864.jpg 1536w, https:\/\/lirolight.com\/wp-content\/uploads\/2025\/06\/740-10-2048x1152.jpg 2048w, https:\/\/lirolight.com\/wp-content\/uploads\/2025\/06\/740-10-18x10.jpg 18w, https:\/\/lirolight.com\/wp-content\/uploads\/2025\/06\/740-10-990x557.jpg 990w, https:\/\/lirolight.com\/wp-content\/uploads\/2025\/06\/740-10-441x248.jpg 441w, https:\/\/lirolight.com\/wp-content\/uploads\/2025\/06\/740-10-800x450.jpg 800w, https:\/\/lirolight.com\/wp-content\/uploads\/2025\/06\/740-10-150x84.jpg 150w, https:\/\/lirolight.com\/wp-content\/uploads\/2025\/06\/740-10-500x281.jpg 500w, https:\/\/lirolight.com\/wp-content\/uploads\/2025\/06\/740-10-60x34.jpg 60w\" data-sizes=\"(max-width: 1024px) 100vw, 1024px\" src=\"data:image\/gif;base64,R0lGODlhAQABAAAAACH5BAEKAAEALAAAAAABAAEAAAICTAEAOw==\" \/><noscript><img loading=\"lazy\" decoding=\"async\" width=\"1024\" height=\"576\" src=\"https:\/\/lirolight.com\/wp-content\/uploads\/2025\/06\/740-10-1024x576.jpg\" alt=\"\" class=\"wp-image-7527\" style=\"width:900px;height:auto\" srcset=\"https:\/\/lirolight.com\/wp-content\/uploads\/2025\/06\/740-10-1024x576.jpg 1024w, https:\/\/lirolight.com\/wp-content\/uploads\/2025\/06\/740-10-300x169.jpg 300w, https:\/\/lirolight.com\/wp-content\/uploads\/2025\/06\/740-10-768x432.jpg 768w, https:\/\/lirolight.com\/wp-content\/uploads\/2025\/06\/740-10-1536x864.jpg 1536w, https:\/\/lirolight.com\/wp-content\/uploads\/2025\/06\/740-10-2048x1152.jpg 2048w, https:\/\/lirolight.com\/wp-content\/uploads\/2025\/06\/740-10-18x10.jpg 18w, https:\/\/lirolight.com\/wp-content\/uploads\/2025\/06\/740-10-990x557.jpg 990w, https:\/\/lirolight.com\/wp-content\/uploads\/2025\/06\/740-10-441x248.jpg 441w, https:\/\/lirolight.com\/wp-content\/uploads\/2025\/06\/740-10-800x450.jpg 800w, https:\/\/lirolight.com\/wp-content\/uploads\/2025\/06\/740-10-150x84.jpg 150w, https:\/\/lirolight.com\/wp-content\/uploads\/2025\/06\/740-10-500x281.jpg 500w, https:\/\/lirolight.com\/wp-content\/uploads\/2025\/06\/740-10-60x34.jpg 60w\" sizes=\"(max-width: 1024px) 100vw, 1024px\" \/><\/noscript><\/figure>\n\n\n\n<h2 class=\"wp-block-heading\">Link do v\u00eddeo:<\/h2>\n\n\n\n<p><a href=\"https:\/\/www.instagram.com\/reel\/CvbHgMAv2Ie\" target=\"_blank\" rel=\"noopener\">https:\/\/www.instagram.com\/reel\/CvbHgMAv2Ie<\/a><\/p>","protected":false},"excerpt":{"rendered":"<p>O B-EYE K15 1940 \u00e9 uma poderosa luz de cabe\u00e7a m\u00f3vel de lavagem de LED com 19*40W RGBW LEDs, cada LED pode ser controlado individualmente, oferecendo um \u00e2ngulo de zoom de 4 a 60\u00b0. Sua faixa de temperatura de cor \u00e9 de 2500K a 8000K, sem diferen\u00e7a de cor, e tem efeitos din\u00e2micos como \"v\u00f3rtice\" e \"caleidosc\u00f3pio\".\u00a0<\/p>","protected":false},"featured_media":7519,"comment_status":"open","ping_status":"closed","template":"","meta":[],"product_brand":[],"product_cat":[54],"product_tag":[73],"class_list":{"0":"post-7517","1":"product","2":"type-product","3":"status-publish","4":"has-post-thumbnail","6":"product_cat-wash-moving-head-light","7":"product_tag-wash","9":"first","10":"instock","11":"shipping-taxable","12":"product-type-simple"},"_links":{"self":[{"href":"https:\/\/lirolight.com\/pt\/wp-json\/wp\/v2\/product\/7517","targetHints":{"allow":["GET"]}}],"collection":[{"href":"https:\/\/lirolight.com\/pt\/wp-json\/wp\/v2\/product"}],"about":[{"href":"https:\/\/lirolight.com\/pt\/wp-json\/wp\/v2\/types\/product"}],"replies":[{"embeddable":true,"href":"https:\/\/lirolight.com\/pt\/wp-json\/wp\/v2\/comments?post=7517"}],"version-history":[{"count":4,"href":"https:\/\/lirolight.com\/pt\/wp-json\/wp\/v2\/product\/7517\/revisions"}],"predecessor-version":[{"id":10559,"href":"https:\/\/lirolight.com\/pt\/wp-json\/wp\/v2\/product\/7517\/revisions\/10559"}],"wp:featuredmedia":[{"embeddable":true,"href":"https:\/\/lirolight.com\/pt\/wp-json\/wp\/v2\/media\/7519"}],"wp:attachment":[{"href":"https:\/\/lirolight.com\/pt\/wp-json\/wp\/v2\/media?parent=7517"}],"wp:term":[{"taxonomy":"product_brand","embeddable":true,"href":"https:\/\/lirolight.com\/pt\/wp-json\/wp\/v2\/product_brand?post=7517"},{"taxonomy":"product_cat","embeddable":true,"href":"https:\/\/lirolight.com\/pt\/wp-json\/wp\/v2\/product_cat?post=7517"},{"taxonomy":"product_tag","embeddable":true,"href":"https:\/\/lirolight.com\/pt\/wp-json\/wp\/v2\/product_tag?post=7517"}],"curies":[{"name":"wp","href":"https:\/\/api.w.org\/{rel}","templated":true}]}}