{"id":7643,"date":"2025-06-17T08:55:41","date_gmt":"2025-06-17T08:55:41","guid":{"rendered":"https:\/\/lirolight.com\/?post_type=product&#038;p=7643"},"modified":"2026-01-14T02:39:57","modified_gmt":"2026-01-14T02:39:57","slug":"professional-380w-20r-sharpy-dmx-beam-380-watt-moving-head-light-outdoor-beam-moving-head-stage-light","status":"publish","type":"product","link":"https:\/\/lirolight.com\/pt\/produto\/professional-380w-20r-sharpy-dmx-beam-380-watt-moving-head-light-outdoor-beam-moving-head-stage-light\/","title":{"rendered":"LiRO-LITE Professional 380W 20r Sharpy DMX Beam 380 Watt Moving Head Light Luz de palco com feixe de luz exterior para cabe\u00e7a m\u00f3vel"},"content":{"rendered":"<h2 class=\"wp-block-heading\"><strong><mark style=\"background-color:#000000\" class=\"has-inline-color has-white-color\">LR-IP BEAM380 PRO<\/mark><\/strong><\/h2>\n\n\n\n<hr class=\"wp-block-separator has-alpha-channel-opacity\"\/>\n\n\n\n<h2 class=\"wp-block-heading\">Fotos:<\/h2>\n\n\n\n<div class=\"wp-block-columns is-layout-flex wp-container-core-columns-is-layout-28f84493 wp-block-columns-is-layout-flex\">\n<div class=\"wp-block-column is-layout-flow wp-block-column-is-layout-flow\">\n<div class=\"wp-block-columns is-layout-flex wp-container-core-columns-is-layout-28f84493 wp-block-columns-is-layout-flex\">\n<div class=\"wp-block-column is-layout-flow wp-block-column-is-layout-flow\" style=\"flex-basis:66.66%\">\n<figure class=\"wp-block-image size-large\"><img fetchpriority=\"high\" decoding=\"async\" width=\"1024\" height=\"1024\" src=\"https:\/\/lirolight.com\/wp-content\/uploads\/2025\/06\/DM_15979_\u526f\u672c-1-1024x1024.png\" alt=\"\" class=\"wp-image-7645\" srcset=\"https:\/\/lirolight.com\/wp-content\/uploads\/2025\/06\/DM_15979_\u526f\u672c-1-1024x1024.png 1024w, https:\/\/lirolight.com\/wp-content\/uploads\/2025\/06\/DM_15979_\u526f\u672c-1-300x300.png 300w, https:\/\/lirolight.com\/wp-content\/uploads\/2025\/06\/DM_15979_\u526f\u672c-1-150x150.png 150w, https:\/\/lirolight.com\/wp-content\/uploads\/2025\/06\/DM_15979_\u526f\u672c-1-768x768.png 768w, https:\/\/lirolight.com\/wp-content\/uploads\/2025\/06\/DM_15979_\u526f\u672c-1-12x12.png 12w, https:\/\/lirolight.com\/wp-content\/uploads\/2025\/06\/DM_15979_\u526f\u672c-1-990x990.png 990w, https:\/\/lirolight.com\/wp-content\/uploads\/2025\/06\/DM_15979_\u526f\u672c-1-441x441.png 441w, https:\/\/lirolight.com\/wp-content\/uploads\/2025\/06\/DM_15979_\u526f\u672c-1-100x100.png 100w, https:\/\/lirolight.com\/wp-content\/uploads\/2025\/06\/DM_15979_\u526f\u672c-1-800x800.png 800w, https:\/\/lirolight.com\/wp-content\/uploads\/2025\/06\/DM_15979_\u526f\u672c-1-500x500.png 500w, https:\/\/lirolight.com\/wp-content\/uploads\/2025\/06\/DM_15979_\u526f\u672c-1-40x40.png 40w, https:\/\/lirolight.com\/wp-content\/uploads\/2025\/06\/DM_15979_\u526f\u672c-1.png 1072w\" sizes=\"(max-width: 1024px) 100vw, 1024px\" \/><\/figure>\n<\/div>\n\n\n\n<div class=\"wp-block-column is-layout-flow wp-block-column-is-layout-flow\" style=\"flex-basis:33.33%\">\n<p>O feixe de luz de 380 W \u00e0 prova d'\u00e1gua apresenta um di\u00e2metro de lente de 200 mm, emitindo um feixe potente e focado com uma l\u00e2mpada Philips MSD380 para uma luminosidade excepcional. Ideal para eventos e instala\u00e7\u00f5es ao ar livre, ela foi projetada para resistir a condi\u00e7\u00f5es clim\u00e1ticas adversas.<\/p>\n\n\n\n<figure class=\"wp-block-image size-large\"><img decoding=\"async\" width=\"1024\" height=\"768\" data-src=\"https:\/\/lirolight.com\/wp-content\/uploads\/2025\/06\/photobank-2-1024x768.jpg\" alt=\"\" class=\"wp-image-7651 lazyload\" data-srcset=\"https:\/\/lirolight.com\/wp-content\/uploads\/2025\/06\/photobank-2-1024x768.jpg 1024w, https:\/\/lirolight.com\/wp-content\/uploads\/2025\/06\/photobank-2-300x225.jpg 300w, https:\/\/lirolight.com\/wp-content\/uploads\/2025\/06\/photobank-2-768x576.jpg 768w, https:\/\/lirolight.com\/wp-content\/uploads\/2025\/06\/photobank-2-16x12.jpg 16w, https:\/\/lirolight.com\/wp-content\/uploads\/2025\/06\/photobank-2-990x743.jpg 990w, https:\/\/lirolight.com\/wp-content\/uploads\/2025\/06\/photobank-2-441x331.jpg 441w, https:\/\/lirolight.com\/wp-content\/uploads\/2025\/06\/photobank-2-800x600.jpg 800w, https:\/\/lirolight.com\/wp-content\/uploads\/2025\/06\/photobank-2-150x113.jpg 150w, https:\/\/lirolight.com\/wp-content\/uploads\/2025\/06\/photobank-2-500x375.jpg 500w, https:\/\/lirolight.com\/wp-content\/uploads\/2025\/06\/photobank-2-53x40.jpg 53w, https:\/\/lirolight.com\/wp-content\/uploads\/2025\/06\/photobank-2.jpg 1333w\" data-sizes=\"(max-width: 1024px) 100vw, 1024px\" src=\"data:image\/gif;base64,R0lGODlhAQABAAAAACH5BAEKAAEALAAAAAABAAEAAAICTAEAOw==\" style=\"--smush-placeholder-width: 1024px; --smush-placeholder-aspect-ratio: 1024\/768;\" \/><noscript><img decoding=\"async\" width=\"1024\" height=\"768\" src=\"https:\/\/lirolight.com\/wp-content\/uploads\/2025\/06\/photobank-2-1024x768.jpg\" alt=\"\" class=\"wp-image-7651\" srcset=\"https:\/\/lirolight.com\/wp-content\/uploads\/2025\/06\/photobank-2-1024x768.jpg 1024w, https:\/\/lirolight.com\/wp-content\/uploads\/2025\/06\/photobank-2-300x225.jpg 300w, https:\/\/lirolight.com\/wp-content\/uploads\/2025\/06\/photobank-2-768x576.jpg 768w, https:\/\/lirolight.com\/wp-content\/uploads\/2025\/06\/photobank-2-16x12.jpg 16w, https:\/\/lirolight.com\/wp-content\/uploads\/2025\/06\/photobank-2-990x743.jpg 990w, https:\/\/lirolight.com\/wp-content\/uploads\/2025\/06\/photobank-2-441x331.jpg 441w, https:\/\/lirolight.com\/wp-content\/uploads\/2025\/06\/photobank-2-800x600.jpg 800w, https:\/\/lirolight.com\/wp-content\/uploads\/2025\/06\/photobank-2-150x113.jpg 150w, https:\/\/lirolight.com\/wp-content\/uploads\/2025\/06\/photobank-2-500x375.jpg 500w, https:\/\/lirolight.com\/wp-content\/uploads\/2025\/06\/photobank-2-53x40.jpg 53w, https:\/\/lirolight.com\/wp-content\/uploads\/2025\/06\/photobank-2.jpg 1333w\" sizes=\"(max-width: 1024px) 100vw, 1024px\" \/><\/noscript><\/figure>\n<\/div>\n<\/div>\n<\/div>\n<\/div>\n\n\n\n<div class=\"wp-block-columns is-layout-flex wp-container-core-columns-is-layout-28f84493 wp-block-columns-is-layout-flex\">\n<div class=\"wp-block-column is-layout-flow wp-block-column-is-layout-flow\">\n<figure class=\"wp-block-image size-large\"><img decoding=\"async\" width=\"1024\" height=\"1024\" data-src=\"https:\/\/lirolight.com\/wp-content\/uploads\/2025\/06\/DM_15973_\u526f\u672c-1024x1024.png\" alt=\"\" class=\"wp-image-7649 lazyload\" data-srcset=\"https:\/\/lirolight.com\/wp-content\/uploads\/2025\/06\/DM_15973_\u526f\u672c-1024x1024.png 1024w, https:\/\/lirolight.com\/wp-content\/uploads\/2025\/06\/DM_15973_\u526f\u672c-300x300.png 300w, https:\/\/lirolight.com\/wp-content\/uploads\/2025\/06\/DM_15973_\u526f\u672c-150x150.png 150w, https:\/\/lirolight.com\/wp-content\/uploads\/2025\/06\/DM_15973_\u526f\u672c-768x768.png 768w, https:\/\/lirolight.com\/wp-content\/uploads\/2025\/06\/DM_15973_\u526f\u672c-1536x1536.png 1536w, https:\/\/lirolight.com\/wp-content\/uploads\/2025\/06\/DM_15973_\u526f\u672c-12x12.png 12w, https:\/\/lirolight.com\/wp-content\/uploads\/2025\/06\/DM_15973_\u526f\u672c-990x990.png 990w, https:\/\/lirolight.com\/wp-content\/uploads\/2025\/06\/DM_15973_\u526f\u672c-441x441.png 441w, https:\/\/lirolight.com\/wp-content\/uploads\/2025\/06\/DM_15973_\u526f\u672c-100x100.png 100w, https:\/\/lirolight.com\/wp-content\/uploads\/2025\/06\/DM_15973_\u526f\u672c-800x800.png 800w, https:\/\/lirolight.com\/wp-content\/uploads\/2025\/06\/DM_15973_\u526f\u672c-500x500.png 500w, https:\/\/lirolight.com\/wp-content\/uploads\/2025\/06\/DM_15973_\u526f\u672c-40x40.png 40w, https:\/\/lirolight.com\/wp-content\/uploads\/2025\/06\/DM_15973_\u526f\u672c.png 2000w\" data-sizes=\"(max-width: 1024px) 100vw, 1024px\" src=\"data:image\/gif;base64,R0lGODlhAQABAAAAACH5BAEKAAEALAAAAAABAAEAAAICTAEAOw==\" style=\"--smush-placeholder-width: 1024px; --smush-placeholder-aspect-ratio: 1024\/1024;\" \/><noscript><img decoding=\"async\" width=\"1024\" height=\"1024\" src=\"https:\/\/lirolight.com\/wp-content\/uploads\/2025\/06\/DM_15973_\u526f\u672c-1024x1024.png\" alt=\"\" class=\"wp-image-7649\" srcset=\"https:\/\/lirolight.com\/wp-content\/uploads\/2025\/06\/DM_15973_\u526f\u672c-1024x1024.png 1024w, https:\/\/lirolight.com\/wp-content\/uploads\/2025\/06\/DM_15973_\u526f\u672c-300x300.png 300w, https:\/\/lirolight.com\/wp-content\/uploads\/2025\/06\/DM_15973_\u526f\u672c-150x150.png 150w, https:\/\/lirolight.com\/wp-content\/uploads\/2025\/06\/DM_15973_\u526f\u672c-768x768.png 768w, https:\/\/lirolight.com\/wp-content\/uploads\/2025\/06\/DM_15973_\u526f\u672c-1536x1536.png 1536w, https:\/\/lirolight.com\/wp-content\/uploads\/2025\/06\/DM_15973_\u526f\u672c-12x12.png 12w, https:\/\/lirolight.com\/wp-content\/uploads\/2025\/06\/DM_15973_\u526f\u672c-990x990.png 990w, https:\/\/lirolight.com\/wp-content\/uploads\/2025\/06\/DM_15973_\u526f\u672c-441x441.png 441w, https:\/\/lirolight.com\/wp-content\/uploads\/2025\/06\/DM_15973_\u526f\u672c-100x100.png 100w, https:\/\/lirolight.com\/wp-content\/uploads\/2025\/06\/DM_15973_\u526f\u672c-800x800.png 800w, https:\/\/lirolight.com\/wp-content\/uploads\/2025\/06\/DM_15973_\u526f\u672c-500x500.png 500w, https:\/\/lirolight.com\/wp-content\/uploads\/2025\/06\/DM_15973_\u526f\u672c-40x40.png 40w, https:\/\/lirolight.com\/wp-content\/uploads\/2025\/06\/DM_15973_\u526f\u672c.png 2000w\" sizes=\"(max-width: 1024px) 100vw, 1024px\" \/><\/noscript><\/figure>\n<\/div>\n\n\n\n<div class=\"wp-block-column is-layout-flow wp-block-column-is-layout-flow\">\n<figure class=\"wp-block-image size-large\"><img loading=\"lazy\" decoding=\"async\" width=\"1024\" height=\"1024\" data-src=\"https:\/\/lirolight.com\/wp-content\/uploads\/2025\/06\/DM_15978_\u526f\u672c-1024x1024.png\" alt=\"\" class=\"wp-image-7650 lazyload\" data-srcset=\"https:\/\/lirolight.com\/wp-content\/uploads\/2025\/06\/DM_15978_\u526f\u672c-1024x1024.png 1024w, https:\/\/lirolight.com\/wp-content\/uploads\/2025\/06\/DM_15978_\u526f\u672c-300x300.png 300w, https:\/\/lirolight.com\/wp-content\/uploads\/2025\/06\/DM_15978_\u526f\u672c-150x150.png 150w, https:\/\/lirolight.com\/wp-content\/uploads\/2025\/06\/DM_15978_\u526f\u672c-768x768.png 768w, https:\/\/lirolight.com\/wp-content\/uploads\/2025\/06\/DM_15978_\u526f\u672c-12x12.png 12w, https:\/\/lirolight.com\/wp-content\/uploads\/2025\/06\/DM_15978_\u526f\u672c-990x990.png 990w, https:\/\/lirolight.com\/wp-content\/uploads\/2025\/06\/DM_15978_\u526f\u672c-441x441.png 441w, https:\/\/lirolight.com\/wp-content\/uploads\/2025\/06\/DM_15978_\u526f\u672c-100x100.png 100w, https:\/\/lirolight.com\/wp-content\/uploads\/2025\/06\/DM_15978_\u526f\u672c-800x800.png 800w, https:\/\/lirolight.com\/wp-content\/uploads\/2025\/06\/DM_15978_\u526f\u672c-500x500.png 500w, https:\/\/lirolight.com\/wp-content\/uploads\/2025\/06\/DM_15978_\u526f\u672c-40x40.png 40w, https:\/\/lirolight.com\/wp-content\/uploads\/2025\/06\/DM_15978_\u526f\u672c.png 1072w\" data-sizes=\"(max-width: 1024px) 100vw, 1024px\" src=\"data:image\/gif;base64,R0lGODlhAQABAAAAACH5BAEKAAEALAAAAAABAAEAAAICTAEAOw==\" style=\"--smush-placeholder-width: 1024px; --smush-placeholder-aspect-ratio: 1024\/1024;\" \/><noscript><img loading=\"lazy\" decoding=\"async\" width=\"1024\" height=\"1024\" src=\"https:\/\/lirolight.com\/wp-content\/uploads\/2025\/06\/DM_15978_\u526f\u672c-1024x1024.png\" alt=\"\" class=\"wp-image-7650\" srcset=\"https:\/\/lirolight.com\/wp-content\/uploads\/2025\/06\/DM_15978_\u526f\u672c-1024x1024.png 1024w, https:\/\/lirolight.com\/wp-content\/uploads\/2025\/06\/DM_15978_\u526f\u672c-300x300.png 300w, https:\/\/lirolight.com\/wp-content\/uploads\/2025\/06\/DM_15978_\u526f\u672c-150x150.png 150w, https:\/\/lirolight.com\/wp-content\/uploads\/2025\/06\/DM_15978_\u526f\u672c-768x768.png 768w, https:\/\/lirolight.com\/wp-content\/uploads\/2025\/06\/DM_15978_\u526f\u672c-12x12.png 12w, https:\/\/lirolight.com\/wp-content\/uploads\/2025\/06\/DM_15978_\u526f\u672c-990x990.png 990w, https:\/\/lirolight.com\/wp-content\/uploads\/2025\/06\/DM_15978_\u526f\u672c-441x441.png 441w, https:\/\/lirolight.com\/wp-content\/uploads\/2025\/06\/DM_15978_\u526f\u672c-100x100.png 100w, https:\/\/lirolight.com\/wp-content\/uploads\/2025\/06\/DM_15978_\u526f\u672c-800x800.png 800w, https:\/\/lirolight.com\/wp-content\/uploads\/2025\/06\/DM_15978_\u526f\u672c-500x500.png 500w, https:\/\/lirolight.com\/wp-content\/uploads\/2025\/06\/DM_15978_\u526f\u672c-40x40.png 40w, https:\/\/lirolight.com\/wp-content\/uploads\/2025\/06\/DM_15978_\u526f\u672c.png 1072w\" sizes=\"(max-width: 1024px) 100vw, 1024px\" \/><\/noscript><\/figure>\n<\/div>\n<\/div>\n\n\n\n<h2 class=\"wp-block-heading\"><font style=\"vertical-align: inherit;\"><font style=\"vertical-align: inherit;\">Especifica\u00e7\u00e3o\uff1a<\/font><\/font><\/h2>\n\n\n\n<p>Tens\u00e3o ampla: AC100V-240V 50-60Hz<br>Pot\u00eancia de acionamento de tens\u00e3o ampla: 600W<br>Fonte da l\u00e2mpada: L\u00e2mpada original 420W\/ 380W<br>Di\u00e2metro da lente: 200 mm<br>Classifica\u00e7\u00e3o \u00e0 prova d'\u00e1gua: IP65<br>Temperatura de cor; 8000K<br>Sistema de cores: 14+ coloridas+brancas, efeito arco-\u00edris + fun\u00e7\u00e3o de atomiza\u00e7\u00e3o<br>Sistema de Gobo: 17 Gobo fixo +1 branco<br>Sistema de foco: foco eletr\u00f4nico<br>Atomiza\u00e7\u00e3o; com a fun\u00e7\u00e3o de atomiza\u00e7\u00e3o, \u00e9 poss\u00edvel obter um efeito de luz suave<br>Estrobosc\u00f3pico; efeito estrobosc\u00f3pico independente de motor duplo, 0,5 a 20 vezes\/SEC, velocidade ajust\u00e1vel<br>Motor: Motor trif\u00e1sico de panor\u00e2mica\/inclina\u00e7\u00e3o, de modo que a estabilidade da velocidade r\u00e1pida e lenta da l\u00e2mpada \u00e9 alta, o \u00e2ngulo de posicionamento \u00e9 preciso!<br>Curva de escurecimento: 0%-100% escurecimento linear, suave e sem cintila\u00e7\u00e3o<br>\u00c2ngulo do feixe: 2-5\u00b0<br>Canais: 17 canais<br>Modo de controle 1: DMX 512, autoandamento, autoandamento da m\u00e1quina mestre e escrava, fun\u00e7\u00e3o RDM, voc\u00ea pode usar o controle grande<br>C\u00f3digo de endere\u00e7o do conjunto remoto de controle do sistema.<br>Sistema de prisma: 16 prismas e (8+16+24) prismas (os prismas podem ser configurados de acordo com os requisitos do cliente).<br>Tela: Tela LCD, adequada para diferentes posi\u00e7\u00f5es de instala\u00e7\u00e3o, pode ser girada em 180\u00b0<br>Pan e Tilt: uso de motor trif\u00e1sico de alta precis\u00e3o, posicionamento preciso, opera\u00e7\u00e3o suave, posicionamento de corre\u00e7\u00e3o autom\u00e1tica<br>Panor\u00e2mica: Rota\u00e7\u00e3o de 540\u00b0, resolu\u00e7\u00e3o de 8\/16Bit, com Pan fine<br>Inclina\u00e7\u00e3o: rota\u00e7\u00e3o de 270\u00b0, resolu\u00e7\u00e3o de 8\/16 bits, com inclina\u00e7\u00e3o fina<br>Sistema de dissipa\u00e7\u00e3o de calor: Usando o m\u00e9todo f\u00edsico de calor do ventilador, usando o m\u00e9todo do sistema de convec\u00e7\u00e3o de ar para usar o software para analisar e<br>Calcule o fluxo de calor da l\u00e2mpada, resolva rapidamente o calor interno do corpo, estenda o tempo de decaimento da luz da fonte de luz, garanta<br>a vida \u00fatil da l\u00e2mpada e projetar um sistema de dissipa\u00e7\u00e3o de calor de baixo ru\u00eddo com excelente desempenho do acionamento do ventilador e ru\u00eddo extremamente baixo.<br>Modo de instala\u00e7\u00e3o: vertical\/cabe\u00e7a para baixo<br>Tamanho do corpo leve: 359<em>403<\/em>703 mm<br>Tamanho da embalagem cartonada: 54<em>57.5<\/em>73<br>Peso l\u00edquido: 28 kg<br>Peso bruto 30KG<\/p>\n\n\n\n<h2 class=\"wp-block-heading\">Par\u00e2metro: <\/h2>\n\n\n\n<figure class=\"wp-block-table\"><table class=\"has-fixed-layout\"><tbody><tr><td>Nome do produto<\/td><td>Luz de cabe\u00e7a m\u00f3vel com feixe \u00e0 prova d'\u00e1gua<\/td><\/tr><tr><td>Pot\u00eancia<\/td><td><strong>L\u00e2mpada original 420W\/ 380W<\/strong><\/td><\/tr><tr><td>Tens\u00e3o de entrada (V)<\/td><td>AC 100-240V, 50\/60Hz<\/td><\/tr><tr><td>Classifica\u00e7\u00e3o IP<\/td><td>IP65<\/td><\/tr><tr><td>roda de cores<\/td><td>14 cores +colorido+ luz branca<\/td><\/tr><tr><td>roda de padr\u00e3o<\/td><td>17 + 1 padr\u00e3o fixo branco<\/td><\/tr><tr><td>Prisma<\/td><td>8 prisma, rota\u00e7\u00e3o, fun\u00e7\u00e3o macro<\/td><\/tr><tr><td>Modo de controle<\/td><td>Controle de voz, programa integrado, mestre-escravo, controle de sinal DMX512<\/td><\/tr><tr><td>Aplicativo<\/td><td>Espet\u00e1culos, palco, projeto de turismo cultural<\/td><\/tr><tr><td>Garantia<\/td><td>2 anos<\/td><\/tr><tr><td>Servi\u00e7o OEM e ODM<\/td><td>24 horas on-lineSe tiver alguma ideia sobre o produto, entre em contato conosco a qualquer momento.<\/td><\/tr><tr><td>Capacidade do projeto<\/td><td>Temos mais de 500 anos de experi\u00eancia em engenharia de projetos no exterior e qualquer projeto razo\u00e1vel \u00e9 bem-vindo.<\/td><\/tr><tr><td>Pacote<\/td><td>Caixa de papel\u00e3o e estojo de transporte est\u00e3o dispon\u00edveis<\/td><\/tr><tr><td>Tamanho da embalagem<\/td><td>49*41*77cm<\/td><\/tr><tr><td>GW<\/td><td>28KG<\/td><\/tr><\/tbody><\/table><\/figure>\n\n\n\n<h2 class=\"wp-block-heading\">Hor\u00e1rio do show:<\/h2>\n\n\n\n<figure class=\"wp-block-image size-large\"><img loading=\"lazy\" decoding=\"async\" width=\"1024\" height=\"576\" data-src=\"https:\/\/lirolight.com\/wp-content\/uploads\/2025\/06\/X2-1-1024x576.jpg\" alt=\"\" class=\"wp-image-7646 lazyload\" data-srcset=\"https:\/\/lirolight.com\/wp-content\/uploads\/2025\/06\/X2-1-1024x576.jpg 1024w, https:\/\/lirolight.com\/wp-content\/uploads\/2025\/06\/X2-1-300x169.jpg 300w, https:\/\/lirolight.com\/wp-content\/uploads\/2025\/06\/X2-1-768x432.jpg 768w, https:\/\/lirolight.com\/wp-content\/uploads\/2025\/06\/X2-1-1536x864.jpg 1536w, https:\/\/lirolight.com\/wp-content\/uploads\/2025\/06\/X2-1-2048x1152.jpg 2048w, https:\/\/lirolight.com\/wp-content\/uploads\/2025\/06\/X2-1-18x10.jpg 18w, https:\/\/lirolight.com\/wp-content\/uploads\/2025\/06\/X2-1-990x557.jpg 990w, https:\/\/lirolight.com\/wp-content\/uploads\/2025\/06\/X2-1-441x248.jpg 441w, https:\/\/lirolight.com\/wp-content\/uploads\/2025\/06\/X2-1-800x450.jpg 800w, https:\/\/lirolight.com\/wp-content\/uploads\/2025\/06\/X2-1-150x84.jpg 150w, https:\/\/lirolight.com\/wp-content\/uploads\/2025\/06\/X2-1-500x281.jpg 500w, https:\/\/lirolight.com\/wp-content\/uploads\/2025\/06\/X2-1-60x34.jpg 60w\" data-sizes=\"(max-width: 1024px) 100vw, 1024px\" src=\"data:image\/gif;base64,R0lGODlhAQABAAAAACH5BAEKAAEALAAAAAABAAEAAAICTAEAOw==\" style=\"--smush-placeholder-width: 1024px; --smush-placeholder-aspect-ratio: 1024\/576;\" \/><noscript><img loading=\"lazy\" decoding=\"async\" width=\"1024\" height=\"576\" src=\"https:\/\/lirolight.com\/wp-content\/uploads\/2025\/06\/X2-1-1024x576.jpg\" alt=\"\" class=\"wp-image-7646\" srcset=\"https:\/\/lirolight.com\/wp-content\/uploads\/2025\/06\/X2-1-1024x576.jpg 1024w, https:\/\/lirolight.com\/wp-content\/uploads\/2025\/06\/X2-1-300x169.jpg 300w, https:\/\/lirolight.com\/wp-content\/uploads\/2025\/06\/X2-1-768x432.jpg 768w, https:\/\/lirolight.com\/wp-content\/uploads\/2025\/06\/X2-1-1536x864.jpg 1536w, https:\/\/lirolight.com\/wp-content\/uploads\/2025\/06\/X2-1-2048x1152.jpg 2048w, https:\/\/lirolight.com\/wp-content\/uploads\/2025\/06\/X2-1-18x10.jpg 18w, https:\/\/lirolight.com\/wp-content\/uploads\/2025\/06\/X2-1-990x557.jpg 990w, https:\/\/lirolight.com\/wp-content\/uploads\/2025\/06\/X2-1-441x248.jpg 441w, https:\/\/lirolight.com\/wp-content\/uploads\/2025\/06\/X2-1-800x450.jpg 800w, https:\/\/lirolight.com\/wp-content\/uploads\/2025\/06\/X2-1-150x84.jpg 150w, https:\/\/lirolight.com\/wp-content\/uploads\/2025\/06\/X2-1-500x281.jpg 500w, https:\/\/lirolight.com\/wp-content\/uploads\/2025\/06\/X2-1-60x34.jpg 60w\" sizes=\"(max-width: 1024px) 100vw, 1024px\" \/><\/noscript><\/figure>\n\n\n\n<figure class=\"wp-block-image size-large\"><img loading=\"lazy\" decoding=\"async\" width=\"1024\" height=\"539\" data-src=\"https:\/\/lirolight.com\/wp-content\/uploads\/2025\/06\/11-1-1024x539.jpg\" alt=\"\" class=\"wp-image-7647 lazyload\" data-srcset=\"https:\/\/lirolight.com\/wp-content\/uploads\/2025\/06\/11-1-1024x539.jpg 1024w, https:\/\/lirolight.com\/wp-content\/uploads\/2025\/06\/11-1-300x158.jpg 300w, https:\/\/lirolight.com\/wp-content\/uploads\/2025\/06\/11-1-768x404.jpg 768w, https:\/\/lirolight.com\/wp-content\/uploads\/2025\/06\/11-1-18x9.jpg 18w, https:\/\/lirolight.com\/wp-content\/uploads\/2025\/06\/11-1-990x521.jpg 990w, https:\/\/lirolight.com\/wp-content\/uploads\/2025\/06\/11-1-441x232.jpg 441w, https:\/\/lirolight.com\/wp-content\/uploads\/2025\/06\/11-1-800x421.jpg 800w, https:\/\/lirolight.com\/wp-content\/uploads\/2025\/06\/11-1-150x79.jpg 150w, https:\/\/lirolight.com\/wp-content\/uploads\/2025\/06\/11-1-500x263.jpg 500w, https:\/\/lirolight.com\/wp-content\/uploads\/2025\/06\/11-1-60x32.jpg 60w, https:\/\/lirolight.com\/wp-content\/uploads\/2025\/06\/11-1.jpg 1278w\" data-sizes=\"(max-width: 1024px) 100vw, 1024px\" src=\"data:image\/gif;base64,R0lGODlhAQABAAAAACH5BAEKAAEALAAAAAABAAEAAAICTAEAOw==\" style=\"--smush-placeholder-width: 1024px; --smush-placeholder-aspect-ratio: 1024\/539;\" \/><noscript><img loading=\"lazy\" decoding=\"async\" width=\"1024\" height=\"539\" src=\"https:\/\/lirolight.com\/wp-content\/uploads\/2025\/06\/11-1-1024x539.jpg\" alt=\"\" class=\"wp-image-7647\" srcset=\"https:\/\/lirolight.com\/wp-content\/uploads\/2025\/06\/11-1-1024x539.jpg 1024w, https:\/\/lirolight.com\/wp-content\/uploads\/2025\/06\/11-1-300x158.jpg 300w, https:\/\/lirolight.com\/wp-content\/uploads\/2025\/06\/11-1-768x404.jpg 768w, https:\/\/lirolight.com\/wp-content\/uploads\/2025\/06\/11-1-18x9.jpg 18w, https:\/\/lirolight.com\/wp-content\/uploads\/2025\/06\/11-1-990x521.jpg 990w, https:\/\/lirolight.com\/wp-content\/uploads\/2025\/06\/11-1-441x232.jpg 441w, https:\/\/lirolight.com\/wp-content\/uploads\/2025\/06\/11-1-800x421.jpg 800w, https:\/\/lirolight.com\/wp-content\/uploads\/2025\/06\/11-1-150x79.jpg 150w, https:\/\/lirolight.com\/wp-content\/uploads\/2025\/06\/11-1-500x263.jpg 500w, https:\/\/lirolight.com\/wp-content\/uploads\/2025\/06\/11-1-60x32.jpg 60w, https:\/\/lirolight.com\/wp-content\/uploads\/2025\/06\/11-1.jpg 1278w\" sizes=\"(max-width: 1024px) 100vw, 1024px\" \/><\/noscript><\/figure>\n\n\n\n<figure class=\"wp-block-image size-large\"><img loading=\"lazy\" decoding=\"async\" width=\"1024\" height=\"768\" data-src=\"https:\/\/lirolight.com\/wp-content\/uploads\/2025\/06\/444-3-1024x768.png\" alt=\"\" class=\"wp-image-7648 lazyload\" data-srcset=\"https:\/\/lirolight.com\/wp-content\/uploads\/2025\/06\/444-3-1024x768.png 1024w, https:\/\/lirolight.com\/wp-content\/uploads\/2025\/06\/444-3-300x225.png 300w, https:\/\/lirolight.com\/wp-content\/uploads\/2025\/06\/444-3-768x576.png 768w, https:\/\/lirolight.com\/wp-content\/uploads\/2025\/06\/444-3-1536x1152.png 1536w, https:\/\/lirolight.com\/wp-content\/uploads\/2025\/06\/444-3-16x12.png 16w, https:\/\/lirolight.com\/wp-content\/uploads\/2025\/06\/444-3-990x743.png 990w, https:\/\/lirolight.com\/wp-content\/uploads\/2025\/06\/444-3-441x331.png 441w, https:\/\/lirolight.com\/wp-content\/uploads\/2025\/06\/444-3-800x600.png 800w, https:\/\/lirolight.com\/wp-content\/uploads\/2025\/06\/444-3-150x113.png 150w, https:\/\/lirolight.com\/wp-content\/uploads\/2025\/06\/444-3-500x375.png 500w, https:\/\/lirolight.com\/wp-content\/uploads\/2025\/06\/444-3-53x40.png 53w, https:\/\/lirolight.com\/wp-content\/uploads\/2025\/06\/444-3.png 2048w\" data-sizes=\"(max-width: 1024px) 100vw, 1024px\" src=\"data:image\/gif;base64,R0lGODlhAQABAAAAACH5BAEKAAEALAAAAAABAAEAAAICTAEAOw==\" style=\"--smush-placeholder-width: 1024px; --smush-placeholder-aspect-ratio: 1024\/768;\" \/><noscript><img loading=\"lazy\" decoding=\"async\" width=\"1024\" height=\"768\" src=\"https:\/\/lirolight.com\/wp-content\/uploads\/2025\/06\/444-3-1024x768.png\" alt=\"\" class=\"wp-image-7648\" srcset=\"https:\/\/lirolight.com\/wp-content\/uploads\/2025\/06\/444-3-1024x768.png 1024w, https:\/\/lirolight.com\/wp-content\/uploads\/2025\/06\/444-3-300x225.png 300w, https:\/\/lirolight.com\/wp-content\/uploads\/2025\/06\/444-3-768x576.png 768w, https:\/\/lirolight.com\/wp-content\/uploads\/2025\/06\/444-3-1536x1152.png 1536w, https:\/\/lirolight.com\/wp-content\/uploads\/2025\/06\/444-3-16x12.png 16w, https:\/\/lirolight.com\/wp-content\/uploads\/2025\/06\/444-3-990x743.png 990w, https:\/\/lirolight.com\/wp-content\/uploads\/2025\/06\/444-3-441x331.png 441w, https:\/\/lirolight.com\/wp-content\/uploads\/2025\/06\/444-3-800x600.png 800w, https:\/\/lirolight.com\/wp-content\/uploads\/2025\/06\/444-3-150x113.png 150w, https:\/\/lirolight.com\/wp-content\/uploads\/2025\/06\/444-3-500x375.png 500w, https:\/\/lirolight.com\/wp-content\/uploads\/2025\/06\/444-3-53x40.png 53w, https:\/\/lirolight.com\/wp-content\/uploads\/2025\/06\/444-3.png 2048w\" sizes=\"(max-width: 1024px) 100vw, 1024px\" \/><\/noscript><\/figure>\n\n\n\n<p><\/p>","protected":false},"excerpt":{"rendered":"<p>O feixe de luz de 380 W \u00e0 prova d'\u00e1gua apresenta um di\u00e2metro de lente de 200 mm, emitindo um feixe potente e focado com uma l\u00e2mpada Philips MSD380 para uma luminosidade excepcional. Ideal para eventos e instala\u00e7\u00f5es ao ar livre, ela foi projetada para resistir a condi\u00e7\u00f5es clim\u00e1ticas adversas.<\/p>\n<p>&nbsp;<\/p>\n<blockquote><p>\u00a0<\/p><\/blockquote>\n<p>&nbsp;<\/p>","protected":false},"featured_media":7644,"comment_status":"open","ping_status":"closed","template":"","meta":[],"product_brand":[],"product_cat":[51,64],"product_tag":[74],"class_list":{"0":"post-7643","1":"product","2":"type-product","3":"status-publish","4":"has-post-thumbnail","6":"product_cat-waterproof-series","7":"product_cat-ip-beam-bsw","8":"product_tag-beam","10":"first","11":"instock","12":"shipping-taxable","13":"product-type-simple"},"_links":{"self":[{"href":"https:\/\/lirolight.com\/pt\/wp-json\/wp\/v2\/product\/7643","targetHints":{"allow":["GET"]}}],"collection":[{"href":"https:\/\/lirolight.com\/pt\/wp-json\/wp\/v2\/product"}],"about":[{"href":"https:\/\/lirolight.com\/pt\/wp-json\/wp\/v2\/types\/product"}],"replies":[{"embeddable":true,"href":"https:\/\/lirolight.com\/pt\/wp-json\/wp\/v2\/comments?post=7643"}],"version-history":[{"count":4,"href":"https:\/\/lirolight.com\/pt\/wp-json\/wp\/v2\/product\/7643\/revisions"}],"predecessor-version":[{"id":10570,"href":"https:\/\/lirolight.com\/pt\/wp-json\/wp\/v2\/product\/7643\/revisions\/10570"}],"wp:featuredmedia":[{"embeddable":true,"href":"https:\/\/lirolight.com\/pt\/wp-json\/wp\/v2\/media\/7644"}],"wp:attachment":[{"href":"https:\/\/lirolight.com\/pt\/wp-json\/wp\/v2\/media?parent=7643"}],"wp:term":[{"taxonomy":"product_brand","embeddable":true,"href":"https:\/\/lirolight.com\/pt\/wp-json\/wp\/v2\/product_brand?post=7643"},{"taxonomy":"product_cat","embeddable":true,"href":"https:\/\/lirolight.com\/pt\/wp-json\/wp\/v2\/product_cat?post=7643"},{"taxonomy":"product_tag","embeddable":true,"href":"https:\/\/lirolight.com\/pt\/wp-json\/wp\/v2\/product_tag?post=7643"}],"curies":[{"name":"wp","href":"https:\/\/api.w.org\/{rel}","templated":true}]}}