{"id":7654,"date":"2025-06-17T09:34:17","date_gmt":"2025-06-17T09:34:17","guid":{"rendered":"https:\/\/lirolight.com\/?post_type=product&#038;p=7654"},"modified":"2026-03-22T17:12:43","modified_gmt":"2026-03-22T17:12:43","slug":"ip66-outdoor-2eyes-cob-audience-lights-led-dmx512-control-audience-stage-lights","status":"publish","type":"product","link":"https:\/\/lirolight.com\/pt\/produto\/ip66-outdoor-2eyes-cob-audience-lights-led-dmx512-control-audience-stage-lights\/","title":{"rendered":"LiRO-LITE IP66 Outdoor 2eyes Cob Audience Lights LED DMX512 Control Audience Stage Lights"},"content":{"rendered":"<h2 class=\"wp-block-heading\"><strong><mark style=\"background-color:#000000\" class=\"has-inline-color has-white-color\">LR-IP 2E BLINDER FC<\/mark><\/strong><\/h2>\n\n\n\n<hr class=\"wp-block-separator has-alpha-channel-opacity\"\/>\n\n\n\n<div class=\"wp-block-columns is-layout-flex wp-container-core-columns-is-layout-28f84493 wp-block-columns-is-layout-flex\">\n<div class=\"wp-block-column is-layout-flow wp-block-column-is-layout-flow\">\n<figure class=\"wp-block-image size-large\"><img fetchpriority=\"high\" decoding=\"async\" width=\"1024\" height=\"1024\" src=\"https:\/\/lirolight.com\/wp-content\/uploads\/2025\/06\/21-1-1024x1024.png\" alt=\"\" class=\"wp-image-7662\" srcset=\"https:\/\/lirolight.com\/wp-content\/uploads\/2025\/06\/21-1-1024x1024.png 1024w, https:\/\/lirolight.com\/wp-content\/uploads\/2025\/06\/21-1-300x300.png 300w, https:\/\/lirolight.com\/wp-content\/uploads\/2025\/06\/21-1-150x150.png 150w, https:\/\/lirolight.com\/wp-content\/uploads\/2025\/06\/21-1-768x768.png 768w, https:\/\/lirolight.com\/wp-content\/uploads\/2025\/06\/21-1-1536x1536.png 1536w, https:\/\/lirolight.com\/wp-content\/uploads\/2025\/06\/21-1-12x12.png 12w, https:\/\/lirolight.com\/wp-content\/uploads\/2025\/06\/21-1-990x990.png 990w, https:\/\/lirolight.com\/wp-content\/uploads\/2025\/06\/21-1-441x441.png 441w, https:\/\/lirolight.com\/wp-content\/uploads\/2025\/06\/21-1-100x100.png 100w, https:\/\/lirolight.com\/wp-content\/uploads\/2025\/06\/21-1-800x800.png 800w, https:\/\/lirolight.com\/wp-content\/uploads\/2025\/06\/21-1-500x500.png 500w, https:\/\/lirolight.com\/wp-content\/uploads\/2025\/06\/21-1-40x40.png 40w, https:\/\/lirolight.com\/wp-content\/uploads\/2025\/06\/21-1.png 2000w\" sizes=\"(max-width: 1024px) 100vw, 1024px\" \/><\/figure>\n<\/div>\n<\/div>\n\n\n\n<div class=\"wp-block-columns is-layout-flex wp-container-core-columns-is-layout-28f84493 wp-block-columns-is-layout-flex\">\n<div class=\"wp-block-column is-layout-flow wp-block-column-is-layout-flow\">\n<figure class=\"wp-block-image size-large\"><img decoding=\"async\" width=\"1024\" height=\"1024\" data-src=\"https:\/\/lirolight.com\/wp-content\/uploads\/2025\/06\/6-2-1024x1024.png\" alt=\"\" class=\"wp-image-7663 lazyload\" data-srcset=\"https:\/\/lirolight.com\/wp-content\/uploads\/2025\/06\/6-2-1024x1024.png 1024w, https:\/\/lirolight.com\/wp-content\/uploads\/2025\/06\/6-2-300x300.png 300w, https:\/\/lirolight.com\/wp-content\/uploads\/2025\/06\/6-2-150x150.png 150w, https:\/\/lirolight.com\/wp-content\/uploads\/2025\/06\/6-2-768x768.png 768w, https:\/\/lirolight.com\/wp-content\/uploads\/2025\/06\/6-2-1536x1536.png 1536w, https:\/\/lirolight.com\/wp-content\/uploads\/2025\/06\/6-2-2048x2048.png 2048w, https:\/\/lirolight.com\/wp-content\/uploads\/2025\/06\/6-2-12x12.png 12w, https:\/\/lirolight.com\/wp-content\/uploads\/2025\/06\/6-2-990x990.png 990w, https:\/\/lirolight.com\/wp-content\/uploads\/2025\/06\/6-2-441x441.png 441w, https:\/\/lirolight.com\/wp-content\/uploads\/2025\/06\/6-2-100x100.png 100w, https:\/\/lirolight.com\/wp-content\/uploads\/2025\/06\/6-2-800x800.png 800w, https:\/\/lirolight.com\/wp-content\/uploads\/2025\/06\/6-2-500x500.png 500w, https:\/\/lirolight.com\/wp-content\/uploads\/2025\/06\/6-2-40x40.png 40w\" data-sizes=\"(max-width: 1024px) 100vw, 1024px\" src=\"data:image\/gif;base64,R0lGODlhAQABAAAAACH5BAEKAAEALAAAAAABAAEAAAICTAEAOw==\" style=\"--smush-placeholder-width: 1024px; --smush-placeholder-aspect-ratio: 1024\/1024;\" \/><noscript><img decoding=\"async\" width=\"1024\" height=\"1024\" src=\"https:\/\/lirolight.com\/wp-content\/uploads\/2025\/06\/6-2-1024x1024.png\" alt=\"\" class=\"wp-image-7663\" srcset=\"https:\/\/lirolight.com\/wp-content\/uploads\/2025\/06\/6-2-1024x1024.png 1024w, https:\/\/lirolight.com\/wp-content\/uploads\/2025\/06\/6-2-300x300.png 300w, https:\/\/lirolight.com\/wp-content\/uploads\/2025\/06\/6-2-150x150.png 150w, https:\/\/lirolight.com\/wp-content\/uploads\/2025\/06\/6-2-768x768.png 768w, https:\/\/lirolight.com\/wp-content\/uploads\/2025\/06\/6-2-1536x1536.png 1536w, https:\/\/lirolight.com\/wp-content\/uploads\/2025\/06\/6-2-2048x2048.png 2048w, https:\/\/lirolight.com\/wp-content\/uploads\/2025\/06\/6-2-12x12.png 12w, https:\/\/lirolight.com\/wp-content\/uploads\/2025\/06\/6-2-990x990.png 990w, https:\/\/lirolight.com\/wp-content\/uploads\/2025\/06\/6-2-441x441.png 441w, https:\/\/lirolight.com\/wp-content\/uploads\/2025\/06\/6-2-100x100.png 100w, https:\/\/lirolight.com\/wp-content\/uploads\/2025\/06\/6-2-800x800.png 800w, https:\/\/lirolight.com\/wp-content\/uploads\/2025\/06\/6-2-500x500.png 500w, https:\/\/lirolight.com\/wp-content\/uploads\/2025\/06\/6-2-40x40.png 40w\" sizes=\"(max-width: 1024px) 100vw, 1024px\" \/><\/noscript><\/figure>\n<\/div>\n\n\n\n<div class=\"wp-block-column is-layout-flow wp-block-column-is-layout-flow\">\n<figure class=\"wp-block-image size-large\"><img decoding=\"async\" width=\"1024\" height=\"1024\" data-src=\"https:\/\/lirolight.com\/wp-content\/uploads\/2025\/06\/4-1-1024x1024.png\" alt=\"\" class=\"wp-image-7660 lazyload\" data-srcset=\"https:\/\/lirolight.com\/wp-content\/uploads\/2025\/06\/4-1-1024x1024.png 1024w, https:\/\/lirolight.com\/wp-content\/uploads\/2025\/06\/4-1-300x300.png 300w, https:\/\/lirolight.com\/wp-content\/uploads\/2025\/06\/4-1-150x150.png 150w, https:\/\/lirolight.com\/wp-content\/uploads\/2025\/06\/4-1-768x768.png 768w, https:\/\/lirolight.com\/wp-content\/uploads\/2025\/06\/4-1-1536x1536.png 1536w, https:\/\/lirolight.com\/wp-content\/uploads\/2025\/06\/4-1-2048x2048.png 2048w, https:\/\/lirolight.com\/wp-content\/uploads\/2025\/06\/4-1-12x12.png 12w, https:\/\/lirolight.com\/wp-content\/uploads\/2025\/06\/4-1-990x990.png 990w, https:\/\/lirolight.com\/wp-content\/uploads\/2025\/06\/4-1-441x441.png 441w, https:\/\/lirolight.com\/wp-content\/uploads\/2025\/06\/4-1-100x100.png 100w, https:\/\/lirolight.com\/wp-content\/uploads\/2025\/06\/4-1-800x800.png 800w, https:\/\/lirolight.com\/wp-content\/uploads\/2025\/06\/4-1-500x500.png 500w, https:\/\/lirolight.com\/wp-content\/uploads\/2025\/06\/4-1-40x40.png 40w\" data-sizes=\"(max-width: 1024px) 100vw, 1024px\" src=\"data:image\/gif;base64,R0lGODlhAQABAAAAACH5BAEKAAEALAAAAAABAAEAAAICTAEAOw==\" style=\"--smush-placeholder-width: 1024px; --smush-placeholder-aspect-ratio: 1024\/1024;\" \/><noscript><img decoding=\"async\" width=\"1024\" height=\"1024\" src=\"https:\/\/lirolight.com\/wp-content\/uploads\/2025\/06\/4-1-1024x1024.png\" alt=\"\" class=\"wp-image-7660\" srcset=\"https:\/\/lirolight.com\/wp-content\/uploads\/2025\/06\/4-1-1024x1024.png 1024w, https:\/\/lirolight.com\/wp-content\/uploads\/2025\/06\/4-1-300x300.png 300w, https:\/\/lirolight.com\/wp-content\/uploads\/2025\/06\/4-1-150x150.png 150w, https:\/\/lirolight.com\/wp-content\/uploads\/2025\/06\/4-1-768x768.png 768w, https:\/\/lirolight.com\/wp-content\/uploads\/2025\/06\/4-1-1536x1536.png 1536w, https:\/\/lirolight.com\/wp-content\/uploads\/2025\/06\/4-1-2048x2048.png 2048w, https:\/\/lirolight.com\/wp-content\/uploads\/2025\/06\/4-1-12x12.png 12w, https:\/\/lirolight.com\/wp-content\/uploads\/2025\/06\/4-1-990x990.png 990w, https:\/\/lirolight.com\/wp-content\/uploads\/2025\/06\/4-1-441x441.png 441w, https:\/\/lirolight.com\/wp-content\/uploads\/2025\/06\/4-1-100x100.png 100w, https:\/\/lirolight.com\/wp-content\/uploads\/2025\/06\/4-1-800x800.png 800w, https:\/\/lirolight.com\/wp-content\/uploads\/2025\/06\/4-1-500x500.png 500w, https:\/\/lirolight.com\/wp-content\/uploads\/2025\/06\/4-1-40x40.png 40w\" sizes=\"(max-width: 1024px) 100vw, 1024px\" \/><\/noscript><\/figure>\n<\/div>\n<\/div>\n\n\n\n<h2 class=\"wp-block-heading\"><font style=\"vertical-align: inherit;\"><font style=\"vertical-align: inherit;\">Especifica\u00e7\u00e3o\uff1a<\/font><\/font><\/h2>\n\n\n\n<p>Pot\u00eancia e watts<br>Tens\u00e3o de entrada: AC 110V-240V 50\/60Hz<br>Pot\u00eancia: 600 W<br>Fonte de luz: 2X300W LED RGBA WW (1800K-10000K) \/2X400W CW+WW<br>\u00c2ngulo do feixe: 65\u00b0.<br>\u00c2ngulo do ponto: 97\u00b0<br>Vida \u00fatil da fonte de luz: 20000 H<br>Cor<br>O sistema de mistura uniforme de cores pode ajustar o efeito da luz de tungst\u00eanio<br>\u00cdndice de reprodu\u00e7\u00e3o de cores: 95<br>Controle e programa\u00e7\u00e3o<br>Canais de controle:<br>1CH DWE<br>2CH DWE<br>4CH DWE<br>9CH DWE+<br>6CH STROBE<br>6CH RGB<br>10CH RGB B\u00c1SICO<br>14CH RGB B\u00c1SICO<br>13 CANAIS PADR\u00c3O RGB<br>22 CANAIS PADR\u00c3O RGB<br>24 CANAIS PADR\u00c3O RGB<br>33CH PADR\u00c3O RGB<br>10CH DIRETO<br>12CH DIRETO<br>17CH DIRETO<br>28CH DIRETO<br>41CH DIRETO<br>Protocolo: Protocolo DMX512 padr\u00e3o, protocolo RDM<br>Conex\u00e3o de dados: Entrada\/sa\u00edda XLR de tr\u00eas n\u00facleos \u00e0 prova d'\u00e1gua<br>Tela: Painel de opera\u00e7\u00e3o com tela OLED<br>Efeitos<br>8 programas integrados para escolher<br>Estrobosc\u00f3pio eletr\u00f4nico r\u00e1pido de 1 a 20 Hz<br>Modo Dimmer: 5 tipos<br>Software<br>Atualiza\u00e7\u00e3o de software por meio de sinal DMX para uma atualiza\u00e7\u00e3o conveniente e r\u00e1pida<br>Ventilador silencioso \u00e0 prova d'\u00e1gua, regulagem inteligente de velocidade<br>Prote\u00e7\u00e3o inteligente da temperatura para garantir a vida \u00fatil do LED<br>Estrutura de corpo leve e dissipa\u00e7\u00e3o de calor<br>Estrutura de fundi\u00e7\u00e3o sob press\u00e3o em liga de alum\u00ednio<br>Dissipa\u00e7\u00e3o de calor do ventilador<br>Outros<br>N\u00edvel de prote\u00e7\u00e3o: IP66<br>Ambiente de trabalho: -40\u2103 ~ 45\u2103<br>Ambiente de inicializa\u00e7\u00e3o: -20\u2103 ~ 45\u2103<br>Dimens\u00f5es e peso<br>Dimens\u00f5es: 502 \u00d7 288 \u00d7 195 mm<br>Peso l\u00edquido: 9 kg<\/p>\n\n\n\n<h2 class=\"wp-block-heading\">Par\u00e2metro: <\/h2>\n\n\n\n<figure class=\"wp-block-table\"><table class=\"has-fixed-layout\"><tbody><tr><td>Tens\u00e3o de entrada: <\/td><td>AC 110V-240V 50\/60Hz<\/td><\/tr><tr><td>Fonte de luz: <\/td><td>2X300W LED RGBA WW (1800K-10000K) \/2X400W CW+WW<\/td><\/tr><tr><td>\u00c2ngulo do feixe: <\/td><td>65\u00b0<\/td><\/tr><tr><td>\u00c2ngulo do ponto: <\/td><td>97\u00b0<\/td><\/tr><tr><td>Exibi\u00e7\u00e3o: <\/td><td>Painel de opera\u00e7\u00e3o com tela OLED<\/td><\/tr><tr><td>N\u00edvel de prote\u00e7\u00e3o: <\/td><td>IP66<\/td><\/tr><\/tbody><\/table><\/figure>\n\n\n\n<h2 class=\"wp-block-heading\">Hor\u00e1rio do show:<\/h2>\n\n\n\n<figure class=\"wp-block-image size-large\"><img loading=\"lazy\" decoding=\"async\" width=\"1024\" height=\"576\" data-src=\"https:\/\/lirolight.com\/wp-content\/uploads\/2025\/06\/2-3-1024x576.jpg\" alt=\"\" class=\"wp-image-7655 lazyload\" data-srcset=\"https:\/\/lirolight.com\/wp-content\/uploads\/2025\/06\/2-3-1024x576.jpg 1024w, https:\/\/lirolight.com\/wp-content\/uploads\/2025\/06\/2-3-300x169.jpg 300w, https:\/\/lirolight.com\/wp-content\/uploads\/2025\/06\/2-3-768x432.jpg 768w, https:\/\/lirolight.com\/wp-content\/uploads\/2025\/06\/2-3-1536x864.jpg 1536w, https:\/\/lirolight.com\/wp-content\/uploads\/2025\/06\/2-3-2048x1152.jpg 2048w, https:\/\/lirolight.com\/wp-content\/uploads\/2025\/06\/2-3-18x10.jpg 18w, https:\/\/lirolight.com\/wp-content\/uploads\/2025\/06\/2-3-990x557.jpg 990w, https:\/\/lirolight.com\/wp-content\/uploads\/2025\/06\/2-3-441x248.jpg 441w, https:\/\/lirolight.com\/wp-content\/uploads\/2025\/06\/2-3-800x450.jpg 800w, https:\/\/lirolight.com\/wp-content\/uploads\/2025\/06\/2-3-150x84.jpg 150w, https:\/\/lirolight.com\/wp-content\/uploads\/2025\/06\/2-3-500x281.jpg 500w, https:\/\/lirolight.com\/wp-content\/uploads\/2025\/06\/2-3-60x34.jpg 60w\" data-sizes=\"(max-width: 1024px) 100vw, 1024px\" src=\"data:image\/gif;base64,R0lGODlhAQABAAAAACH5BAEKAAEALAAAAAABAAEAAAICTAEAOw==\" style=\"--smush-placeholder-width: 1024px; --smush-placeholder-aspect-ratio: 1024\/576;\" \/><noscript><img loading=\"lazy\" decoding=\"async\" width=\"1024\" height=\"576\" src=\"https:\/\/lirolight.com\/wp-content\/uploads\/2025\/06\/2-3-1024x576.jpg\" alt=\"\" class=\"wp-image-7655\" srcset=\"https:\/\/lirolight.com\/wp-content\/uploads\/2025\/06\/2-3-1024x576.jpg 1024w, https:\/\/lirolight.com\/wp-content\/uploads\/2025\/06\/2-3-300x169.jpg 300w, https:\/\/lirolight.com\/wp-content\/uploads\/2025\/06\/2-3-768x432.jpg 768w, https:\/\/lirolight.com\/wp-content\/uploads\/2025\/06\/2-3-1536x864.jpg 1536w, https:\/\/lirolight.com\/wp-content\/uploads\/2025\/06\/2-3-2048x1152.jpg 2048w, https:\/\/lirolight.com\/wp-content\/uploads\/2025\/06\/2-3-18x10.jpg 18w, https:\/\/lirolight.com\/wp-content\/uploads\/2025\/06\/2-3-990x557.jpg 990w, https:\/\/lirolight.com\/wp-content\/uploads\/2025\/06\/2-3-441x248.jpg 441w, https:\/\/lirolight.com\/wp-content\/uploads\/2025\/06\/2-3-800x450.jpg 800w, https:\/\/lirolight.com\/wp-content\/uploads\/2025\/06\/2-3-150x84.jpg 150w, https:\/\/lirolight.com\/wp-content\/uploads\/2025\/06\/2-3-500x281.jpg 500w, https:\/\/lirolight.com\/wp-content\/uploads\/2025\/06\/2-3-60x34.jpg 60w\" sizes=\"(max-width: 1024px) 100vw, 1024px\" \/><\/noscript><\/figure>\n\n\n\n<figure class=\"wp-block-image size-large\"><img loading=\"lazy\" decoding=\"async\" width=\"1024\" height=\"576\" data-src=\"https:\/\/lirolight.com\/wp-content\/uploads\/2025\/06\/1d958f7080b4b153e8006aed7f556d3-1024x576.jpg\" alt=\"\" class=\"wp-image-7656 lazyload\" data-srcset=\"https:\/\/lirolight.com\/wp-content\/uploads\/2025\/06\/1d958f7080b4b153e8006aed7f556d3-1024x576.jpg 1024w, https:\/\/lirolight.com\/wp-content\/uploads\/2025\/06\/1d958f7080b4b153e8006aed7f556d3-300x169.jpg 300w, https:\/\/lirolight.com\/wp-content\/uploads\/2025\/06\/1d958f7080b4b153e8006aed7f556d3-768x432.jpg 768w, https:\/\/lirolight.com\/wp-content\/uploads\/2025\/06\/1d958f7080b4b153e8006aed7f556d3-1536x864.jpg 1536w, https:\/\/lirolight.com\/wp-content\/uploads\/2025\/06\/1d958f7080b4b153e8006aed7f556d3-2048x1152.jpg 2048w, https:\/\/lirolight.com\/wp-content\/uploads\/2025\/06\/1d958f7080b4b153e8006aed7f556d3-18x10.jpg 18w, https:\/\/lirolight.com\/wp-content\/uploads\/2025\/06\/1d958f7080b4b153e8006aed7f556d3-990x557.jpg 990w, https:\/\/lirolight.com\/wp-content\/uploads\/2025\/06\/1d958f7080b4b153e8006aed7f556d3-441x248.jpg 441w, https:\/\/lirolight.com\/wp-content\/uploads\/2025\/06\/1d958f7080b4b153e8006aed7f556d3-800x450.jpg 800w, https:\/\/lirolight.com\/wp-content\/uploads\/2025\/06\/1d958f7080b4b153e8006aed7f556d3-150x84.jpg 150w, https:\/\/lirolight.com\/wp-content\/uploads\/2025\/06\/1d958f7080b4b153e8006aed7f556d3-500x281.jpg 500w, https:\/\/lirolight.com\/wp-content\/uploads\/2025\/06\/1d958f7080b4b153e8006aed7f556d3-60x34.jpg 60w\" data-sizes=\"(max-width: 1024px) 100vw, 1024px\" src=\"data:image\/gif;base64,R0lGODlhAQABAAAAACH5BAEKAAEALAAAAAABAAEAAAICTAEAOw==\" style=\"--smush-placeholder-width: 1024px; --smush-placeholder-aspect-ratio: 1024\/576;\" \/><noscript><img loading=\"lazy\" decoding=\"async\" width=\"1024\" height=\"576\" src=\"https:\/\/lirolight.com\/wp-content\/uploads\/2025\/06\/1d958f7080b4b153e8006aed7f556d3-1024x576.jpg\" alt=\"\" class=\"wp-image-7656\" srcset=\"https:\/\/lirolight.com\/wp-content\/uploads\/2025\/06\/1d958f7080b4b153e8006aed7f556d3-1024x576.jpg 1024w, https:\/\/lirolight.com\/wp-content\/uploads\/2025\/06\/1d958f7080b4b153e8006aed7f556d3-300x169.jpg 300w, https:\/\/lirolight.com\/wp-content\/uploads\/2025\/06\/1d958f7080b4b153e8006aed7f556d3-768x432.jpg 768w, https:\/\/lirolight.com\/wp-content\/uploads\/2025\/06\/1d958f7080b4b153e8006aed7f556d3-1536x864.jpg 1536w, https:\/\/lirolight.com\/wp-content\/uploads\/2025\/06\/1d958f7080b4b153e8006aed7f556d3-2048x1152.jpg 2048w, https:\/\/lirolight.com\/wp-content\/uploads\/2025\/06\/1d958f7080b4b153e8006aed7f556d3-18x10.jpg 18w, https:\/\/lirolight.com\/wp-content\/uploads\/2025\/06\/1d958f7080b4b153e8006aed7f556d3-990x557.jpg 990w, https:\/\/lirolight.com\/wp-content\/uploads\/2025\/06\/1d958f7080b4b153e8006aed7f556d3-441x248.jpg 441w, https:\/\/lirolight.com\/wp-content\/uploads\/2025\/06\/1d958f7080b4b153e8006aed7f556d3-800x450.jpg 800w, https:\/\/lirolight.com\/wp-content\/uploads\/2025\/06\/1d958f7080b4b153e8006aed7f556d3-150x84.jpg 150w, https:\/\/lirolight.com\/wp-content\/uploads\/2025\/06\/1d958f7080b4b153e8006aed7f556d3-500x281.jpg 500w, https:\/\/lirolight.com\/wp-content\/uploads\/2025\/06\/1d958f7080b4b153e8006aed7f556d3-60x34.jpg 60w\" sizes=\"(max-width: 1024px) 100vw, 1024px\" \/><\/noscript><\/figure>\n\n\n\n<figure class=\"wp-block-image size-large\"><img loading=\"lazy\" decoding=\"async\" width=\"1024\" height=\"576\" data-src=\"https:\/\/lirolight.com\/wp-content\/uploads\/2025\/06\/837725093cd61caf9011cc3cd13159d-1024x576.jpg\" alt=\"\" class=\"wp-image-7657 lazyload\" data-srcset=\"https:\/\/lirolight.com\/wp-content\/uploads\/2025\/06\/837725093cd61caf9011cc3cd13159d-1024x576.jpg 1024w, https:\/\/lirolight.com\/wp-content\/uploads\/2025\/06\/837725093cd61caf9011cc3cd13159d-300x169.jpg 300w, https:\/\/lirolight.com\/wp-content\/uploads\/2025\/06\/837725093cd61caf9011cc3cd13159d-768x432.jpg 768w, https:\/\/lirolight.com\/wp-content\/uploads\/2025\/06\/837725093cd61caf9011cc3cd13159d-1536x864.jpg 1536w, https:\/\/lirolight.com\/wp-content\/uploads\/2025\/06\/837725093cd61caf9011cc3cd13159d-2048x1152.jpg 2048w, https:\/\/lirolight.com\/wp-content\/uploads\/2025\/06\/837725093cd61caf9011cc3cd13159d-18x10.jpg 18w, https:\/\/lirolight.com\/wp-content\/uploads\/2025\/06\/837725093cd61caf9011cc3cd13159d-990x557.jpg 990w, https:\/\/lirolight.com\/wp-content\/uploads\/2025\/06\/837725093cd61caf9011cc3cd13159d-441x248.jpg 441w, https:\/\/lirolight.com\/wp-content\/uploads\/2025\/06\/837725093cd61caf9011cc3cd13159d-800x450.jpg 800w, https:\/\/lirolight.com\/wp-content\/uploads\/2025\/06\/837725093cd61caf9011cc3cd13159d-150x84.jpg 150w, https:\/\/lirolight.com\/wp-content\/uploads\/2025\/06\/837725093cd61caf9011cc3cd13159d-500x281.jpg 500w, https:\/\/lirolight.com\/wp-content\/uploads\/2025\/06\/837725093cd61caf9011cc3cd13159d-60x34.jpg 60w\" data-sizes=\"(max-width: 1024px) 100vw, 1024px\" src=\"data:image\/gif;base64,R0lGODlhAQABAAAAACH5BAEKAAEALAAAAAABAAEAAAICTAEAOw==\" style=\"--smush-placeholder-width: 1024px; --smush-placeholder-aspect-ratio: 1024\/576;\" \/><noscript><img loading=\"lazy\" decoding=\"async\" width=\"1024\" height=\"576\" src=\"https:\/\/lirolight.com\/wp-content\/uploads\/2025\/06\/837725093cd61caf9011cc3cd13159d-1024x576.jpg\" alt=\"\" class=\"wp-image-7657\" srcset=\"https:\/\/lirolight.com\/wp-content\/uploads\/2025\/06\/837725093cd61caf9011cc3cd13159d-1024x576.jpg 1024w, https:\/\/lirolight.com\/wp-content\/uploads\/2025\/06\/837725093cd61caf9011cc3cd13159d-300x169.jpg 300w, https:\/\/lirolight.com\/wp-content\/uploads\/2025\/06\/837725093cd61caf9011cc3cd13159d-768x432.jpg 768w, https:\/\/lirolight.com\/wp-content\/uploads\/2025\/06\/837725093cd61caf9011cc3cd13159d-1536x864.jpg 1536w, https:\/\/lirolight.com\/wp-content\/uploads\/2025\/06\/837725093cd61caf9011cc3cd13159d-2048x1152.jpg 2048w, https:\/\/lirolight.com\/wp-content\/uploads\/2025\/06\/837725093cd61caf9011cc3cd13159d-18x10.jpg 18w, https:\/\/lirolight.com\/wp-content\/uploads\/2025\/06\/837725093cd61caf9011cc3cd13159d-990x557.jpg 990w, https:\/\/lirolight.com\/wp-content\/uploads\/2025\/06\/837725093cd61caf9011cc3cd13159d-441x248.jpg 441w, https:\/\/lirolight.com\/wp-content\/uploads\/2025\/06\/837725093cd61caf9011cc3cd13159d-800x450.jpg 800w, https:\/\/lirolight.com\/wp-content\/uploads\/2025\/06\/837725093cd61caf9011cc3cd13159d-150x84.jpg 150w, https:\/\/lirolight.com\/wp-content\/uploads\/2025\/06\/837725093cd61caf9011cc3cd13159d-500x281.jpg 500w, https:\/\/lirolight.com\/wp-content\/uploads\/2025\/06\/837725093cd61caf9011cc3cd13159d-60x34.jpg 60w\" sizes=\"(max-width: 1024px) 100vw, 1024px\" \/><\/noscript><\/figure>\n\n\n\n<figure class=\"wp-block-image aligncenter size-large\"><img loading=\"lazy\" decoding=\"async\" width=\"768\" height=\"1024\" data-src=\"https:\/\/lirolight.com\/wp-content\/uploads\/2025\/06\/1-3-768x1024.jpg\" alt=\"\" class=\"wp-image-10347 lazyload\" data-srcset=\"https:\/\/lirolight.com\/wp-content\/uploads\/2025\/06\/1-3-768x1024.jpg 768w, https:\/\/lirolight.com\/wp-content\/uploads\/2025\/06\/1-3-225x300.jpg 225w, https:\/\/lirolight.com\/wp-content\/uploads\/2025\/06\/1-3-1152x1536.jpg 1152w, https:\/\/lirolight.com\/wp-content\/uploads\/2025\/06\/1-3-1536x2048.jpg 1536w, https:\/\/lirolight.com\/wp-content\/uploads\/2025\/06\/1-3-9x12.jpg 9w, https:\/\/lirolight.com\/wp-content\/uploads\/2025\/06\/1-3-990x1320.jpg 990w, https:\/\/lirolight.com\/wp-content\/uploads\/2025\/06\/1-3-441x588.jpg 441w, https:\/\/lirolight.com\/wp-content\/uploads\/2025\/06\/1-3-300x400.jpg 300w, https:\/\/lirolight.com\/wp-content\/uploads\/2025\/06\/1-3-800x1067.jpg 800w, https:\/\/lirolight.com\/wp-content\/uploads\/2025\/06\/1-3-150x200.jpg 150w, https:\/\/lirolight.com\/wp-content\/uploads\/2025\/06\/1-3-375x500.jpg 375w, https:\/\/lirolight.com\/wp-content\/uploads\/2025\/06\/1-3-30x40.jpg 30w, https:\/\/lirolight.com\/wp-content\/uploads\/2025\/06\/1-3-scaled.jpg 1920w\" data-sizes=\"(max-width: 768px) 100vw, 768px\" src=\"data:image\/gif;base64,R0lGODlhAQABAAAAACH5BAEKAAEALAAAAAABAAEAAAICTAEAOw==\" style=\"--smush-placeholder-width: 768px; --smush-placeholder-aspect-ratio: 768\/1024;\" \/><noscript><img loading=\"lazy\" decoding=\"async\" width=\"768\" height=\"1024\" src=\"https:\/\/lirolight.com\/wp-content\/uploads\/2025\/06\/1-3-768x1024.jpg\" alt=\"\" class=\"wp-image-10347\" srcset=\"https:\/\/lirolight.com\/wp-content\/uploads\/2025\/06\/1-3-768x1024.jpg 768w, https:\/\/lirolight.com\/wp-content\/uploads\/2025\/06\/1-3-225x300.jpg 225w, https:\/\/lirolight.com\/wp-content\/uploads\/2025\/06\/1-3-1152x1536.jpg 1152w, https:\/\/lirolight.com\/wp-content\/uploads\/2025\/06\/1-3-1536x2048.jpg 1536w, https:\/\/lirolight.com\/wp-content\/uploads\/2025\/06\/1-3-9x12.jpg 9w, https:\/\/lirolight.com\/wp-content\/uploads\/2025\/06\/1-3-990x1320.jpg 990w, https:\/\/lirolight.com\/wp-content\/uploads\/2025\/06\/1-3-441x588.jpg 441w, https:\/\/lirolight.com\/wp-content\/uploads\/2025\/06\/1-3-300x400.jpg 300w, https:\/\/lirolight.com\/wp-content\/uploads\/2025\/06\/1-3-800x1067.jpg 800w, https:\/\/lirolight.com\/wp-content\/uploads\/2025\/06\/1-3-150x200.jpg 150w, https:\/\/lirolight.com\/wp-content\/uploads\/2025\/06\/1-3-375x500.jpg 375w, https:\/\/lirolight.com\/wp-content\/uploads\/2025\/06\/1-3-30x40.jpg 30w, https:\/\/lirolight.com\/wp-content\/uploads\/2025\/06\/1-3-scaled.jpg 1920w\" sizes=\"(max-width: 768px) 100vw, 768px\" \/><\/noscript><\/figure>\n\n\n\n<p class=\"has-medium-font-size\"><strong>Link do v\u00eddeo:<\/strong><\/p>\n\n\n\n<p><a href=\"https:\/\/www.instagram.com\/p\/DOvRyXtkqA9\" target=\"_blank\" rel=\"noopener\">https:\/\/www.instagram.com\/p\/DOvRyXtkqA9<\/a><\/p>\n\n\n\n<p>Controle Artnet (pode ser personalizado):<\/p>\n\n\n\n<p><a href=\"https:\/\/www.instagram.com\/p\/DOx3nVVkmwZ\" target=\"_blank\" rel=\"noopener\">https:\/\/www.instagram.com\/p\/DOx3nVVkmwZ<\/a><\/p>\n\n\n\n<p>0-100% Dimmer:<\/p>\n\n\n\n<p><a href=\"https:\/\/www.instagram.com\/p\/DPn5RAOklOh\/\" target=\"_blank\" rel=\"noopener\">https:\/\/www.instagram.com\/p\/DPn5RAOklOh\/<\/a><\/p>","protected":false},"excerpt":{"rendered":"<p>&nbsp;<\/p>\n<p>&nbsp;<\/p>\n<blockquote><p>\u00a0<\/p><\/blockquote>\n<p>&nbsp;<\/p>","protected":false},"featured_media":7658,"comment_status":"open","ping_status":"closed","template":"","meta":[],"product_brand":[],"product_cat":[51,65],"product_tag":[80],"class_list":{"0":"post-7654","1":"product","2":"type-product","3":"status-publish","4":"has-post-thumbnail","6":"product_cat-waterproof-series","7":"product_cat-ip-blinder","8":"product_tag-blinder","10":"first","11":"instock","12":"shipping-taxable","13":"product-type-simple"},"_links":{"self":[{"href":"https:\/\/lirolight.com\/pt\/wp-json\/wp\/v2\/product\/7654","targetHints":{"allow":["GET"]}}],"collection":[{"href":"https:\/\/lirolight.com\/pt\/wp-json\/wp\/v2\/product"}],"about":[{"href":"https:\/\/lirolight.com\/pt\/wp-json\/wp\/v2\/types\/product"}],"replies":[{"embeddable":true,"href":"https:\/\/lirolight.com\/pt\/wp-json\/wp\/v2\/comments?post=7654"}],"version-history":[{"count":6,"href":"https:\/\/lirolight.com\/pt\/wp-json\/wp\/v2\/product\/7654\/revisions"}],"predecessor-version":[{"id":10572,"href":"https:\/\/lirolight.com\/pt\/wp-json\/wp\/v2\/product\/7654\/revisions\/10572"}],"wp:featuredmedia":[{"embeddable":true,"href":"https:\/\/lirolight.com\/pt\/wp-json\/wp\/v2\/media\/7658"}],"wp:attachment":[{"href":"https:\/\/lirolight.com\/pt\/wp-json\/wp\/v2\/media?parent=7654"}],"wp:term":[{"taxonomy":"product_brand","embeddable":true,"href":"https:\/\/lirolight.com\/pt\/wp-json\/wp\/v2\/product_brand?post=7654"},{"taxonomy":"product_cat","embeddable":true,"href":"https:\/\/lirolight.com\/pt\/wp-json\/wp\/v2\/product_cat?post=7654"},{"taxonomy":"product_tag","embeddable":true,"href":"https:\/\/lirolight.com\/pt\/wp-json\/wp\/v2\/product_tag?post=7654"}],"curies":[{"name":"wp","href":"https:\/\/api.w.org\/{rel}","templated":true}]}}