{"id":8086,"date":"2025-07-10T00:34:15","date_gmt":"2025-07-10T00:34:15","guid":{"rendered":"https:\/\/lirolight.com\/?post_type=product&#038;p=8086"},"modified":"2026-01-14T02:57:18","modified_gmt":"2026-01-14T02:57:18","slug":"ip65-led-strobe-light-waterproof-dmx-rgb-1000-rgb-led-matrix-strobe-light-atomic-led-stage-lights-background-stage-flash-decoration","status":"publish","type":"product","link":"https:\/\/lirolight.com\/pt\/produto\/ip65-led-strobe-light-waterproof-dmx-rgb-1000-rgb-led-matrix-strobe-light-atomic-led-stage-lights-background-stage-flash-decoration\/","title":{"rendered":"LiRO-LITE IP65 LED Strobe Light Waterproof DMX RGB 1000 RGB LED Matrix Strobe Light Atomic Led Stage Lights Background Stage Flash Decoration"},"content":{"rendered":"<h2 class=\"wp-block-heading\"><strong><mark style=\"background-color:#000000\" class=\"has-inline-color has-white-color\">LR-IP STROBE<\/mark><\/strong><\/h2>\n\n\n\n<hr class=\"wp-block-separator has-alpha-channel-opacity\"\/>\n\n\n\n<h2 class=\"wp-block-heading\">Fotos:<\/h2>\n\n\n\n<div class=\"wp-block-columns is-layout-flex wp-container-core-columns-is-layout-28f84493 wp-block-columns-is-layout-flex\">\n<div class=\"wp-block-column is-layout-flow wp-block-column-is-layout-flow\">\n<figure class=\"wp-block-image size-full\"><img fetchpriority=\"high\" decoding=\"async\" width=\"800\" height=\"800\" src=\"https:\/\/lirolight.com\/wp-content\/uploads\/2025\/07\/1515.png\" alt=\"\" class=\"wp-image-8087\" srcset=\"https:\/\/lirolight.com\/wp-content\/uploads\/2025\/07\/1515.png 800w, https:\/\/lirolight.com\/wp-content\/uploads\/2025\/07\/1515-300x300.png 300w, https:\/\/lirolight.com\/wp-content\/uploads\/2025\/07\/1515-150x150.png 150w, https:\/\/lirolight.com\/wp-content\/uploads\/2025\/07\/1515-768x768.png 768w, https:\/\/lirolight.com\/wp-content\/uploads\/2025\/07\/1515-12x12.png 12w, https:\/\/lirolight.com\/wp-content\/uploads\/2025\/07\/1515-441x441.png 441w, https:\/\/lirolight.com\/wp-content\/uploads\/2025\/07\/1515-100x100.png 100w, https:\/\/lirolight.com\/wp-content\/uploads\/2025\/07\/1515-500x500.png 500w, https:\/\/lirolight.com\/wp-content\/uploads\/2025\/07\/1515-40x40.png 40w\" sizes=\"(max-width: 800px) 100vw, 800px\" \/><\/figure>\n<\/div>\n\n\n\n<div class=\"wp-block-column is-layout-flow wp-block-column-is-layout-flow\">\n<figure class=\"wp-block-image size-large\"><img decoding=\"async\" width=\"1024\" height=\"1024\" data-src=\"https:\/\/lirolight.com\/wp-content\/uploads\/2025\/07\/WP-1-1024x1024.png\" alt=\"\" class=\"wp-image-8089 lazyload\" data-srcset=\"https:\/\/lirolight.com\/wp-content\/uploads\/2025\/07\/WP-1-1024x1024.png 1024w, https:\/\/lirolight.com\/wp-content\/uploads\/2025\/07\/WP-1-300x300.png 300w, https:\/\/lirolight.com\/wp-content\/uploads\/2025\/07\/WP-1-150x150.png 150w, https:\/\/lirolight.com\/wp-content\/uploads\/2025\/07\/WP-1-768x768.png 768w, https:\/\/lirolight.com\/wp-content\/uploads\/2025\/07\/WP-1-12x12.png 12w, https:\/\/lirolight.com\/wp-content\/uploads\/2025\/07\/WP-1-990x990.png 990w, https:\/\/lirolight.com\/wp-content\/uploads\/2025\/07\/WP-1-441x441.png 441w, https:\/\/lirolight.com\/wp-content\/uploads\/2025\/07\/WP-1-100x100.png 100w, https:\/\/lirolight.com\/wp-content\/uploads\/2025\/07\/WP-1-800x800.png 800w, https:\/\/lirolight.com\/wp-content\/uploads\/2025\/07\/WP-1-500x500.png 500w, https:\/\/lirolight.com\/wp-content\/uploads\/2025\/07\/WP-1-40x40.png 40w, https:\/\/lirolight.com\/wp-content\/uploads\/2025\/07\/WP-1.png 1500w\" data-sizes=\"(max-width: 1024px) 100vw, 1024px\" src=\"data:image\/gif;base64,R0lGODlhAQABAAAAACH5BAEKAAEALAAAAAABAAEAAAICTAEAOw==\" style=\"--smush-placeholder-width: 1024px; --smush-placeholder-aspect-ratio: 1024\/1024;\" \/><noscript><img decoding=\"async\" width=\"1024\" height=\"1024\" src=\"https:\/\/lirolight.com\/wp-content\/uploads\/2025\/07\/WP-1-1024x1024.png\" alt=\"\" class=\"wp-image-8089\" srcset=\"https:\/\/lirolight.com\/wp-content\/uploads\/2025\/07\/WP-1-1024x1024.png 1024w, https:\/\/lirolight.com\/wp-content\/uploads\/2025\/07\/WP-1-300x300.png 300w, https:\/\/lirolight.com\/wp-content\/uploads\/2025\/07\/WP-1-150x150.png 150w, https:\/\/lirolight.com\/wp-content\/uploads\/2025\/07\/WP-1-768x768.png 768w, https:\/\/lirolight.com\/wp-content\/uploads\/2025\/07\/WP-1-12x12.png 12w, https:\/\/lirolight.com\/wp-content\/uploads\/2025\/07\/WP-1-990x990.png 990w, https:\/\/lirolight.com\/wp-content\/uploads\/2025\/07\/WP-1-441x441.png 441w, https:\/\/lirolight.com\/wp-content\/uploads\/2025\/07\/WP-1-100x100.png 100w, https:\/\/lirolight.com\/wp-content\/uploads\/2025\/07\/WP-1-800x800.png 800w, https:\/\/lirolight.com\/wp-content\/uploads\/2025\/07\/WP-1-500x500.png 500w, https:\/\/lirolight.com\/wp-content\/uploads\/2025\/07\/WP-1-40x40.png 40w, https:\/\/lirolight.com\/wp-content\/uploads\/2025\/07\/WP-1.png 1500w\" sizes=\"(max-width: 1024px) 100vw, 1024px\" \/><\/noscript><\/figure>\n<\/div>\n\n\n\n<div class=\"wp-block-column is-layout-flow wp-block-column-is-layout-flow\">\n<figure class=\"wp-block-image size-large\"><img decoding=\"async\" width=\"1024\" height=\"768\" data-src=\"https:\/\/lirolight.com\/wp-content\/uploads\/2025\/07\/12-1024x768.jpg\" alt=\"\" class=\"wp-image-8090 lazyload\" data-srcset=\"https:\/\/lirolight.com\/wp-content\/uploads\/2025\/07\/12-1024x768.jpg 1024w, https:\/\/lirolight.com\/wp-content\/uploads\/2025\/07\/12-300x225.jpg 300w, https:\/\/lirolight.com\/wp-content\/uploads\/2025\/07\/12-768x576.jpg 768w, https:\/\/lirolight.com\/wp-content\/uploads\/2025\/07\/12-1536x1152.jpg 1536w, https:\/\/lirolight.com\/wp-content\/uploads\/2025\/07\/12-2048x1536.jpg 2048w, https:\/\/lirolight.com\/wp-content\/uploads\/2025\/07\/12-16x12.jpg 16w, https:\/\/lirolight.com\/wp-content\/uploads\/2025\/07\/12-990x743.jpg 990w, https:\/\/lirolight.com\/wp-content\/uploads\/2025\/07\/12-441x331.jpg 441w, https:\/\/lirolight.com\/wp-content\/uploads\/2025\/07\/12-800x600.jpg 800w, https:\/\/lirolight.com\/wp-content\/uploads\/2025\/07\/12-150x113.jpg 150w, https:\/\/lirolight.com\/wp-content\/uploads\/2025\/07\/12-500x375.jpg 500w, https:\/\/lirolight.com\/wp-content\/uploads\/2025\/07\/12-53x40.jpg 53w\" data-sizes=\"(max-width: 1024px) 100vw, 1024px\" src=\"data:image\/gif;base64,R0lGODlhAQABAAAAACH5BAEKAAEALAAAAAABAAEAAAICTAEAOw==\" style=\"--smush-placeholder-width: 1024px; --smush-placeholder-aspect-ratio: 1024\/768;\" \/><noscript><img decoding=\"async\" width=\"1024\" height=\"768\" src=\"https:\/\/lirolight.com\/wp-content\/uploads\/2025\/07\/12-1024x768.jpg\" alt=\"\" class=\"wp-image-8090\" srcset=\"https:\/\/lirolight.com\/wp-content\/uploads\/2025\/07\/12-1024x768.jpg 1024w, https:\/\/lirolight.com\/wp-content\/uploads\/2025\/07\/12-300x225.jpg 300w, https:\/\/lirolight.com\/wp-content\/uploads\/2025\/07\/12-768x576.jpg 768w, https:\/\/lirolight.com\/wp-content\/uploads\/2025\/07\/12-1536x1152.jpg 1536w, https:\/\/lirolight.com\/wp-content\/uploads\/2025\/07\/12-2048x1536.jpg 2048w, https:\/\/lirolight.com\/wp-content\/uploads\/2025\/07\/12-16x12.jpg 16w, https:\/\/lirolight.com\/wp-content\/uploads\/2025\/07\/12-990x743.jpg 990w, https:\/\/lirolight.com\/wp-content\/uploads\/2025\/07\/12-441x331.jpg 441w, https:\/\/lirolight.com\/wp-content\/uploads\/2025\/07\/12-800x600.jpg 800w, https:\/\/lirolight.com\/wp-content\/uploads\/2025\/07\/12-150x113.jpg 150w, https:\/\/lirolight.com\/wp-content\/uploads\/2025\/07\/12-500x375.jpg 500w, https:\/\/lirolight.com\/wp-content\/uploads\/2025\/07\/12-53x40.jpg 53w\" sizes=\"(max-width: 1024px) 100vw, 1024px\" \/><\/noscript><\/figure>\n<\/div>\n<\/div>\n\n\n\n<h2 class=\"wp-block-heading\"><font style=\"vertical-align: inherit;\"><font style=\"vertical-align: inherit;\">Especifica\u00e7\u00e3o\uff1a<\/font><\/font><\/h2>\n\n\n\n<p>Tens\u00e3o nominal: AC100V-240V 50-60Hz<br>Consumo total de energia: 500W<br>Fonte de luz LED: 1200*0,5W (RGB 3em1)<br>\u00c2ngulo do feixe: 110\u00b0<br>Sistema de controle: DMX512<br>Estrobosc\u00f3pio: 1-30HZ<br>Efeito: 5 zonas, 5 tipos de estrobosc\u00f3pio integrados, mistura de cores est\u00e1ticas, autopropuls\u00e3o por fundo fixo<br>Classifica\u00e7\u00e3o \u00e0 prova d'\u00e1gua: IP65<br>Sistema de resfriamento: silencioso e sem ventoinha, o gabinete dissipa o calor naturalmente<br>Peso l\u00edquido: 10,3 kg<\/p>\n\n\n\n<h2 class=\"wp-block-heading\">Par\u00e2metro: <\/h2>\n\n\n\n<figure class=\"wp-block-table\"><table class=\"has-fixed-layout\"><tbody><tr><td>Tens\u00e3o de entrada: <\/td><td>AC100~240V 50 \/60 HZ<\/td><\/tr><tr><td>Contas de l\u00e2mpada:<\/td><td>1200*0,5W (RGB 3em1)<\/td><\/tr><tr><td>M\u00e9todo de controle:<\/td><td>DMX512\u3001 Fun\u00e7\u00f5es de condu\u00e7\u00e3o aut\u00f4noma e mestre-escravo.<\/td><\/tr><tr><td>Canal:<\/td><td>CH07\u3001CH28<\/td><\/tr><tr><td>N\u00edvel de prote\u00e7\u00e3o: <\/td><td>IP65<\/td><\/tr><\/tbody><\/table><\/figure>\n\n\n\n<h2 class=\"wp-block-heading\">Hor\u00e1rio do show:<\/h2>\n\n\n\n<figure class=\"wp-block-image size-full is-resized\"><img loading=\"lazy\" decoding=\"async\" width=\"750\" height=\"449\" data-src=\"https:\/\/lirolight.com\/wp-content\/uploads\/2025\/07\/rwef.jpg\" alt=\"\" class=\"wp-image-8091 lazyload\" style=\"--smush-placeholder-width: 750px; --smush-placeholder-aspect-ratio: 750\/449;width:900px;height:auto\" data-srcset=\"https:\/\/lirolight.com\/wp-content\/uploads\/2025\/07\/rwef.jpg 750w, https:\/\/lirolight.com\/wp-content\/uploads\/2025\/07\/rwef-300x180.jpg 300w, https:\/\/lirolight.com\/wp-content\/uploads\/2025\/07\/rwef-18x12.jpg 18w, https:\/\/lirolight.com\/wp-content\/uploads\/2025\/07\/rwef-441x264.jpg 441w, https:\/\/lirolight.com\/wp-content\/uploads\/2025\/07\/rwef-150x90.jpg 150w, https:\/\/lirolight.com\/wp-content\/uploads\/2025\/07\/rwef-500x299.jpg 500w, https:\/\/lirolight.com\/wp-content\/uploads\/2025\/07\/rwef-60x36.jpg 60w\" data-sizes=\"(max-width: 750px) 100vw, 750px\" src=\"data:image\/gif;base64,R0lGODlhAQABAAAAACH5BAEKAAEALAAAAAABAAEAAAICTAEAOw==\" \/><noscript><img loading=\"lazy\" decoding=\"async\" width=\"750\" height=\"449\" src=\"https:\/\/lirolight.com\/wp-content\/uploads\/2025\/07\/rwef.jpg\" alt=\"\" class=\"wp-image-8091\" style=\"width:900px;height:auto\" srcset=\"https:\/\/lirolight.com\/wp-content\/uploads\/2025\/07\/rwef.jpg 750w, https:\/\/lirolight.com\/wp-content\/uploads\/2025\/07\/rwef-300x180.jpg 300w, https:\/\/lirolight.com\/wp-content\/uploads\/2025\/07\/rwef-18x12.jpg 18w, https:\/\/lirolight.com\/wp-content\/uploads\/2025\/07\/rwef-441x264.jpg 441w, https:\/\/lirolight.com\/wp-content\/uploads\/2025\/07\/rwef-150x90.jpg 150w, https:\/\/lirolight.com\/wp-content\/uploads\/2025\/07\/rwef-500x299.jpg 500w, https:\/\/lirolight.com\/wp-content\/uploads\/2025\/07\/rwef-60x36.jpg 60w\" sizes=\"(max-width: 750px) 100vw, 750px\" \/><\/noscript><\/figure>\n\n\n\n<figure class=\"wp-block-image size-large\"><img loading=\"lazy\" decoding=\"async\" width=\"1024\" height=\"768\" data-src=\"https:\/\/lirolight.com\/wp-content\/uploads\/2025\/07\/c21-1024x768.jpg\" alt=\"\" class=\"wp-image-8093 lazyload\" data-srcset=\"https:\/\/lirolight.com\/wp-content\/uploads\/2025\/07\/c21-1024x768.jpg 1024w, https:\/\/lirolight.com\/wp-content\/uploads\/2025\/07\/c21-300x225.jpg 300w, https:\/\/lirolight.com\/wp-content\/uploads\/2025\/07\/c21-768x576.jpg 768w, https:\/\/lirolight.com\/wp-content\/uploads\/2025\/07\/c21-1536x1152.jpg 1536w, https:\/\/lirolight.com\/wp-content\/uploads\/2025\/07\/c21-2048x1536.jpg 2048w, https:\/\/lirolight.com\/wp-content\/uploads\/2025\/07\/c21-16x12.jpg 16w, https:\/\/lirolight.com\/wp-content\/uploads\/2025\/07\/c21-990x743.jpg 990w, https:\/\/lirolight.com\/wp-content\/uploads\/2025\/07\/c21-441x331.jpg 441w, https:\/\/lirolight.com\/wp-content\/uploads\/2025\/07\/c21-800x600.jpg 800w, https:\/\/lirolight.com\/wp-content\/uploads\/2025\/07\/c21-150x113.jpg 150w, https:\/\/lirolight.com\/wp-content\/uploads\/2025\/07\/c21-500x375.jpg 500w, https:\/\/lirolight.com\/wp-content\/uploads\/2025\/07\/c21-53x40.jpg 53w\" data-sizes=\"(max-width: 1024px) 100vw, 1024px\" src=\"data:image\/gif;base64,R0lGODlhAQABAAAAACH5BAEKAAEALAAAAAABAAEAAAICTAEAOw==\" style=\"--smush-placeholder-width: 1024px; --smush-placeholder-aspect-ratio: 1024\/768;\" \/><noscript><img loading=\"lazy\" decoding=\"async\" width=\"1024\" height=\"768\" src=\"https:\/\/lirolight.com\/wp-content\/uploads\/2025\/07\/c21-1024x768.jpg\" alt=\"\" class=\"wp-image-8093\" srcset=\"https:\/\/lirolight.com\/wp-content\/uploads\/2025\/07\/c21-1024x768.jpg 1024w, https:\/\/lirolight.com\/wp-content\/uploads\/2025\/07\/c21-300x225.jpg 300w, https:\/\/lirolight.com\/wp-content\/uploads\/2025\/07\/c21-768x576.jpg 768w, https:\/\/lirolight.com\/wp-content\/uploads\/2025\/07\/c21-1536x1152.jpg 1536w, https:\/\/lirolight.com\/wp-content\/uploads\/2025\/07\/c21-2048x1536.jpg 2048w, https:\/\/lirolight.com\/wp-content\/uploads\/2025\/07\/c21-16x12.jpg 16w, https:\/\/lirolight.com\/wp-content\/uploads\/2025\/07\/c21-990x743.jpg 990w, https:\/\/lirolight.com\/wp-content\/uploads\/2025\/07\/c21-441x331.jpg 441w, https:\/\/lirolight.com\/wp-content\/uploads\/2025\/07\/c21-800x600.jpg 800w, https:\/\/lirolight.com\/wp-content\/uploads\/2025\/07\/c21-150x113.jpg 150w, https:\/\/lirolight.com\/wp-content\/uploads\/2025\/07\/c21-500x375.jpg 500w, https:\/\/lirolight.com\/wp-content\/uploads\/2025\/07\/c21-53x40.jpg 53w\" sizes=\"(max-width: 1024px) 100vw, 1024px\" \/><\/noscript><\/figure>\n\n\n\n<figure class=\"wp-block-image size-large\"><img loading=\"lazy\" decoding=\"async\" width=\"1024\" height=\"768\" data-src=\"https:\/\/lirolight.com\/wp-content\/uploads\/2025\/07\/c31-1024x768.jpg\" alt=\"\" class=\"wp-image-8094 lazyload\" data-srcset=\"https:\/\/lirolight.com\/wp-content\/uploads\/2025\/07\/c31-1024x768.jpg 1024w, https:\/\/lirolight.com\/wp-content\/uploads\/2025\/07\/c31-300x225.jpg 300w, https:\/\/lirolight.com\/wp-content\/uploads\/2025\/07\/c31-768x576.jpg 768w, https:\/\/lirolight.com\/wp-content\/uploads\/2025\/07\/c31-1536x1152.jpg 1536w, https:\/\/lirolight.com\/wp-content\/uploads\/2025\/07\/c31-2048x1536.jpg 2048w, https:\/\/lirolight.com\/wp-content\/uploads\/2025\/07\/c31-16x12.jpg 16w, https:\/\/lirolight.com\/wp-content\/uploads\/2025\/07\/c31-990x743.jpg 990w, https:\/\/lirolight.com\/wp-content\/uploads\/2025\/07\/c31-441x331.jpg 441w, https:\/\/lirolight.com\/wp-content\/uploads\/2025\/07\/c31-800x600.jpg 800w, https:\/\/lirolight.com\/wp-content\/uploads\/2025\/07\/c31-150x113.jpg 150w, https:\/\/lirolight.com\/wp-content\/uploads\/2025\/07\/c31-500x375.jpg 500w, https:\/\/lirolight.com\/wp-content\/uploads\/2025\/07\/c31-53x40.jpg 53w\" data-sizes=\"(max-width: 1024px) 100vw, 1024px\" src=\"data:image\/gif;base64,R0lGODlhAQABAAAAACH5BAEKAAEALAAAAAABAAEAAAICTAEAOw==\" style=\"--smush-placeholder-width: 1024px; --smush-placeholder-aspect-ratio: 1024\/768;\" \/><noscript><img loading=\"lazy\" decoding=\"async\" width=\"1024\" height=\"768\" src=\"https:\/\/lirolight.com\/wp-content\/uploads\/2025\/07\/c31-1024x768.jpg\" alt=\"\" class=\"wp-image-8094\" srcset=\"https:\/\/lirolight.com\/wp-content\/uploads\/2025\/07\/c31-1024x768.jpg 1024w, https:\/\/lirolight.com\/wp-content\/uploads\/2025\/07\/c31-300x225.jpg 300w, https:\/\/lirolight.com\/wp-content\/uploads\/2025\/07\/c31-768x576.jpg 768w, https:\/\/lirolight.com\/wp-content\/uploads\/2025\/07\/c31-1536x1152.jpg 1536w, https:\/\/lirolight.com\/wp-content\/uploads\/2025\/07\/c31-2048x1536.jpg 2048w, https:\/\/lirolight.com\/wp-content\/uploads\/2025\/07\/c31-16x12.jpg 16w, https:\/\/lirolight.com\/wp-content\/uploads\/2025\/07\/c31-990x743.jpg 990w, https:\/\/lirolight.com\/wp-content\/uploads\/2025\/07\/c31-441x331.jpg 441w, https:\/\/lirolight.com\/wp-content\/uploads\/2025\/07\/c31-800x600.jpg 800w, https:\/\/lirolight.com\/wp-content\/uploads\/2025\/07\/c31-150x113.jpg 150w, https:\/\/lirolight.com\/wp-content\/uploads\/2025\/07\/c31-500x375.jpg 500w, https:\/\/lirolight.com\/wp-content\/uploads\/2025\/07\/c31-53x40.jpg 53w\" sizes=\"(max-width: 1024px) 100vw, 1024px\" \/><\/noscript><\/figure>\n\n\n\n<p><\/p>","protected":false},"excerpt":{"rendered":"<p>LR-IP STROBE Pictures: Specification\uff1a Rated voltage: AC100V-240V 50-60HzTotal power consumption: 500WLED light source: 1200*0.5W (RGB 3in1)Beam angle: 110\u00b0Control system: DMX512Strobe: 1-30HZEffect: 5 zones, built-in 5 kinds of strobe, static color mixing, self-propelled by fixed backgroundWaterproof rating: IP65Cooling system: silent and fanless, the case naturally dissipates heatNet weight: 10.3KG Parameter: Input voltage: AC100~240V 50 \/60 HZ [&hellip;]<\/p>","protected":false},"featured_media":8087,"comment_status":"open","ping_status":"closed","template":"","meta":[],"product_brand":[],"product_cat":[51,66],"product_tag":[78],"class_list":{"0":"post-8086","1":"product","2":"type-product","3":"status-publish","4":"has-post-thumbnail","6":"product_cat-waterproof-series","7":"product_cat-ip-strobe-bar","8":"product_tag-strobe","10":"first","11":"instock","12":"shipping-taxable","13":"product-type-simple"},"_links":{"self":[{"href":"https:\/\/lirolight.com\/pt\/wp-json\/wp\/v2\/product\/8086","targetHints":{"allow":["GET"]}}],"collection":[{"href":"https:\/\/lirolight.com\/pt\/wp-json\/wp\/v2\/product"}],"about":[{"href":"https:\/\/lirolight.com\/pt\/wp-json\/wp\/v2\/types\/product"}],"replies":[{"embeddable":true,"href":"https:\/\/lirolight.com\/pt\/wp-json\/wp\/v2\/comments?post=8086"}],"version-history":[{"count":4,"href":"https:\/\/lirolight.com\/pt\/wp-json\/wp\/v2\/product\/8086\/revisions"}],"predecessor-version":[{"id":10581,"href":"https:\/\/lirolight.com\/pt\/wp-json\/wp\/v2\/product\/8086\/revisions\/10581"}],"wp:featuredmedia":[{"embeddable":true,"href":"https:\/\/lirolight.com\/pt\/wp-json\/wp\/v2\/media\/8087"}],"wp:attachment":[{"href":"https:\/\/lirolight.com\/pt\/wp-json\/wp\/v2\/media?parent=8086"}],"wp:term":[{"taxonomy":"product_brand","embeddable":true,"href":"https:\/\/lirolight.com\/pt\/wp-json\/wp\/v2\/product_brand?post=8086"},{"taxonomy":"product_cat","embeddable":true,"href":"https:\/\/lirolight.com\/pt\/wp-json\/wp\/v2\/product_cat?post=8086"},{"taxonomy":"product_tag","embeddable":true,"href":"https:\/\/lirolight.com\/pt\/wp-json\/wp\/v2\/product_tag?post=8086"}],"curies":[{"name":"wp","href":"https:\/\/api.w.org\/{rel}","templated":true}]}}