{"id":8138,"date":"2025-07-10T01:30:07","date_gmt":"2025-07-10T01:30:07","guid":{"rendered":"https:\/\/lirolight.com\/?post_type=product&#038;p=8138"},"modified":"2026-01-14T03:03:52","modified_gmt":"2026-01-14T03:03:52","slug":"4-eyes-led-rgbw-par-cob-stage-blinder-light-4x100w-cob-blinder-light-outdoor-ip65-400w-led-dmx-audience-stage-light-warm-white-par-light","status":"publish","type":"product","link":"https:\/\/lirolight.com\/pt\/produto\/4-eyes-led-rgbw-par-cob-stage-blinder-light-4x100w-cob-blinder-light-outdoor-ip65-400w-led-dmx-audience-stage-light-warm-white-par-light\/","title":{"rendered":"LiRO-LITE 4 Eyes Led RGBW Par Cob Stage Blinder Light 4X100W COB Blinder Light Outdoor IP65 400w LED DMX Audience Stage Light Warm White Par Light"},"content":{"rendered":"<h2 class=\"wp-block-heading\"><strong><mark style=\"background-color:#000000\" class=\"has-inline-color has-white-color\">LR-IP 4E BLINDER RGBW<\/mark><\/strong><\/h2>\n\n\n\n<hr class=\"wp-block-separator has-alpha-channel-opacity\"\/>\n\n\n\n<h2 class=\"wp-block-heading\">Fotos:<\/h2>\n\n\n\n<div class=\"wp-block-columns is-layout-flex wp-container-core-columns-is-layout-28f84493 wp-block-columns-is-layout-flex\">\n<div class=\"wp-block-column is-layout-flow wp-block-column-is-layout-flow\">\n<figure class=\"wp-block-image size-full\"><img fetchpriority=\"high\" decoding=\"async\" width=\"1000\" height=\"1000\" src=\"https:\/\/lirolight.com\/wp-content\/uploads\/2025\/07\/4\u773c\u9632\u6c344.png\" alt=\"\" class=\"wp-image-8140\" srcset=\"https:\/\/lirolight.com\/wp-content\/uploads\/2025\/07\/4\u773c\u9632\u6c344.png 1000w, https:\/\/lirolight.com\/wp-content\/uploads\/2025\/07\/4\u773c\u9632\u6c344-300x300.png 300w, https:\/\/lirolight.com\/wp-content\/uploads\/2025\/07\/4\u773c\u9632\u6c344-150x150.png 150w, https:\/\/lirolight.com\/wp-content\/uploads\/2025\/07\/4\u773c\u9632\u6c344-768x768.png 768w, https:\/\/lirolight.com\/wp-content\/uploads\/2025\/07\/4\u773c\u9632\u6c344-12x12.png 12w, https:\/\/lirolight.com\/wp-content\/uploads\/2025\/07\/4\u773c\u9632\u6c344-990x990.png 990w, https:\/\/lirolight.com\/wp-content\/uploads\/2025\/07\/4\u773c\u9632\u6c344-441x441.png 441w, https:\/\/lirolight.com\/wp-content\/uploads\/2025\/07\/4\u773c\u9632\u6c344-100x100.png 100w, https:\/\/lirolight.com\/wp-content\/uploads\/2025\/07\/4\u773c\u9632\u6c344-800x800.png 800w, https:\/\/lirolight.com\/wp-content\/uploads\/2025\/07\/4\u773c\u9632\u6c344-500x500.png 500w, https:\/\/lirolight.com\/wp-content\/uploads\/2025\/07\/4\u773c\u9632\u6c344-40x40.png 40w\" sizes=\"(max-width: 1000px) 100vw, 1000px\" \/><\/figure>\n<\/div>\n\n\n\n<div class=\"wp-block-column is-layout-flow wp-block-column-is-layout-flow\">\n<figure class=\"wp-block-image size-full\"><img decoding=\"async\" width=\"1000\" height=\"1000\" data-src=\"https:\/\/lirolight.com\/wp-content\/uploads\/2025\/07\/4\u773c\u9632\u6c345.png\" alt=\"\" class=\"wp-image-8141 lazyload\" data-srcset=\"https:\/\/lirolight.com\/wp-content\/uploads\/2025\/07\/4\u773c\u9632\u6c345.png 1000w, https:\/\/lirolight.com\/wp-content\/uploads\/2025\/07\/4\u773c\u9632\u6c345-300x300.png 300w, https:\/\/lirolight.com\/wp-content\/uploads\/2025\/07\/4\u773c\u9632\u6c345-150x150.png 150w, https:\/\/lirolight.com\/wp-content\/uploads\/2025\/07\/4\u773c\u9632\u6c345-768x768.png 768w, https:\/\/lirolight.com\/wp-content\/uploads\/2025\/07\/4\u773c\u9632\u6c345-12x12.png 12w, https:\/\/lirolight.com\/wp-content\/uploads\/2025\/07\/4\u773c\u9632\u6c345-990x990.png 990w, https:\/\/lirolight.com\/wp-content\/uploads\/2025\/07\/4\u773c\u9632\u6c345-441x441.png 441w, https:\/\/lirolight.com\/wp-content\/uploads\/2025\/07\/4\u773c\u9632\u6c345-100x100.png 100w, https:\/\/lirolight.com\/wp-content\/uploads\/2025\/07\/4\u773c\u9632\u6c345-800x800.png 800w, https:\/\/lirolight.com\/wp-content\/uploads\/2025\/07\/4\u773c\u9632\u6c345-500x500.png 500w, https:\/\/lirolight.com\/wp-content\/uploads\/2025\/07\/4\u773c\u9632\u6c345-40x40.png 40w\" data-sizes=\"(max-width: 1000px) 100vw, 1000px\" src=\"data:image\/gif;base64,R0lGODlhAQABAAAAACH5BAEKAAEALAAAAAABAAEAAAICTAEAOw==\" style=\"--smush-placeholder-width: 1000px; --smush-placeholder-aspect-ratio: 1000\/1000;\" \/><noscript><img decoding=\"async\" width=\"1000\" height=\"1000\" src=\"https:\/\/lirolight.com\/wp-content\/uploads\/2025\/07\/4\u773c\u9632\u6c345.png\" alt=\"\" class=\"wp-image-8141\" srcset=\"https:\/\/lirolight.com\/wp-content\/uploads\/2025\/07\/4\u773c\u9632\u6c345.png 1000w, https:\/\/lirolight.com\/wp-content\/uploads\/2025\/07\/4\u773c\u9632\u6c345-300x300.png 300w, https:\/\/lirolight.com\/wp-content\/uploads\/2025\/07\/4\u773c\u9632\u6c345-150x150.png 150w, https:\/\/lirolight.com\/wp-content\/uploads\/2025\/07\/4\u773c\u9632\u6c345-768x768.png 768w, https:\/\/lirolight.com\/wp-content\/uploads\/2025\/07\/4\u773c\u9632\u6c345-12x12.png 12w, https:\/\/lirolight.com\/wp-content\/uploads\/2025\/07\/4\u773c\u9632\u6c345-990x990.png 990w, https:\/\/lirolight.com\/wp-content\/uploads\/2025\/07\/4\u773c\u9632\u6c345-441x441.png 441w, https:\/\/lirolight.com\/wp-content\/uploads\/2025\/07\/4\u773c\u9632\u6c345-100x100.png 100w, https:\/\/lirolight.com\/wp-content\/uploads\/2025\/07\/4\u773c\u9632\u6c345-800x800.png 800w, https:\/\/lirolight.com\/wp-content\/uploads\/2025\/07\/4\u773c\u9632\u6c345-500x500.png 500w, https:\/\/lirolight.com\/wp-content\/uploads\/2025\/07\/4\u773c\u9632\u6c345-40x40.png 40w\" sizes=\"(max-width: 1000px) 100vw, 1000px\" \/><\/noscript><\/figure>\n<\/div>\n<\/div>\n\n\n\n<h2 class=\"wp-block-heading\"><font style=\"vertical-align: inherit;\"><font style=\"vertical-align: inherit;\">Especifica\u00e7\u00e3o\uff1a<\/font><\/font><\/h2>\n\n\n\n<p>Voltage:AC90-245V,50\/60Hz<br>Consumo de energia: 450W<br>Fonte de luz: 4pcs 100W RGBW 4in1 LED, opcional W\/CW<br>\u00c2ngulo do feixe: 38 graus<br>Controle de LED: control\u00e1vel individualmente<br>Canais DMX: 8\/16\/20 canais<br>Vida \u00fatil: 50.000 horas<br>Efeito estrobosc\u00f3pico: velocidade vari\u00e1vel (1-30 Hz)<br>Grau IP: IP65<br>Peso l\u00edquido: 12,65 kg<\/p>\n\n\n\n<h2 class=\"wp-block-heading\">Par\u00e2metro: <\/h2>\n\n\n\n<figure class=\"wp-block-table\"><table class=\"has-fixed-layout\"><tbody><tr><td>Tens\u00e3o de entrada: <\/td><td>AC90-245V, 50\/60Hz<\/td><\/tr><tr><td>Fonte de luz: <\/td><td>4pcs 100W RGBW 4in1 LED, opcional W\/CW<\/td><\/tr><tr><td>\u00c2ngulo do feixe: <\/td><td>38 graus<\/td><\/tr><tr><td>N\u00edvel de prote\u00e7\u00e3o: <\/td><td>IP65<\/td><\/tr><\/tbody><\/table><\/figure>\n\n\n\n<h2 class=\"wp-block-heading\">Hor\u00e1rio do show:<\/h2>\n\n\n\n<figure class=\"wp-block-image size-full\"><img decoding=\"async\" width=\"1000\" height=\"749\" data-src=\"https:\/\/lirolight.com\/wp-content\/uploads\/2025\/07\/11.jpg\" alt=\"\" class=\"wp-image-8142 lazyload\" data-srcset=\"https:\/\/lirolight.com\/wp-content\/uploads\/2025\/07\/11.jpg 1000w, https:\/\/lirolight.com\/wp-content\/uploads\/2025\/07\/11-300x225.jpg 300w, https:\/\/lirolight.com\/wp-content\/uploads\/2025\/07\/11-768x575.jpg 768w, https:\/\/lirolight.com\/wp-content\/uploads\/2025\/07\/11-16x12.jpg 16w, https:\/\/lirolight.com\/wp-content\/uploads\/2025\/07\/11-990x742.jpg 990w, https:\/\/lirolight.com\/wp-content\/uploads\/2025\/07\/11-441x330.jpg 441w, https:\/\/lirolight.com\/wp-content\/uploads\/2025\/07\/11-800x599.jpg 800w, https:\/\/lirolight.com\/wp-content\/uploads\/2025\/07\/11-150x112.jpg 150w, https:\/\/lirolight.com\/wp-content\/uploads\/2025\/07\/11-500x375.jpg 500w, https:\/\/lirolight.com\/wp-content\/uploads\/2025\/07\/11-53x40.jpg 53w\" data-sizes=\"(max-width: 1000px) 100vw, 1000px\" src=\"data:image\/gif;base64,R0lGODlhAQABAAAAACH5BAEKAAEALAAAAAABAAEAAAICTAEAOw==\" style=\"--smush-placeholder-width: 1000px; --smush-placeholder-aspect-ratio: 1000\/749;\" \/><noscript><img decoding=\"async\" width=\"1000\" height=\"749\" src=\"https:\/\/lirolight.com\/wp-content\/uploads\/2025\/07\/11.jpg\" alt=\"\" class=\"wp-image-8142\" srcset=\"https:\/\/lirolight.com\/wp-content\/uploads\/2025\/07\/11.jpg 1000w, https:\/\/lirolight.com\/wp-content\/uploads\/2025\/07\/11-300x225.jpg 300w, https:\/\/lirolight.com\/wp-content\/uploads\/2025\/07\/11-768x575.jpg 768w, https:\/\/lirolight.com\/wp-content\/uploads\/2025\/07\/11-16x12.jpg 16w, https:\/\/lirolight.com\/wp-content\/uploads\/2025\/07\/11-990x742.jpg 990w, https:\/\/lirolight.com\/wp-content\/uploads\/2025\/07\/11-441x330.jpg 441w, https:\/\/lirolight.com\/wp-content\/uploads\/2025\/07\/11-800x599.jpg 800w, https:\/\/lirolight.com\/wp-content\/uploads\/2025\/07\/11-150x112.jpg 150w, https:\/\/lirolight.com\/wp-content\/uploads\/2025\/07\/11-500x375.jpg 500w, https:\/\/lirolight.com\/wp-content\/uploads\/2025\/07\/11-53x40.jpg 53w\" sizes=\"(max-width: 1000px) 100vw, 1000px\" \/><\/noscript><\/figure>","protected":false},"excerpt":{"rendered":"<p>&nbsp;<\/p>\n<p>&nbsp;<\/p>\n<blockquote><p>\u00a0<\/p><\/blockquote>\n<p>&nbsp;<\/p>","protected":false},"featured_media":8139,"comment_status":"open","ping_status":"closed","template":"","meta":[],"product_brand":[],"product_cat":[51,65],"product_tag":[80,109,110,111,112,78],"class_list":{"0":"post-8138","1":"product","2":"type-product","3":"status-publish","4":"has-post-thumbnail","6":"product_cat-waterproof-series","7":"product_cat-ip-blinder","8":"product_tag-blinder","9":"product_tag-blinders-stage-light","10":"product_tag-led-blinder","11":"product_tag-light-blinder","12":"product_tag-stage-blinder-light","13":"product_tag-strobe","15":"first","16":"instock","17":"shipping-taxable","18":"product-type-simple"},"_links":{"self":[{"href":"https:\/\/lirolight.com\/pt\/wp-json\/wp\/v2\/product\/8138","targetHints":{"allow":["GET"]}}],"collection":[{"href":"https:\/\/lirolight.com\/pt\/wp-json\/wp\/v2\/product"}],"about":[{"href":"https:\/\/lirolight.com\/pt\/wp-json\/wp\/v2\/types\/product"}],"replies":[{"embeddable":true,"href":"https:\/\/lirolight.com\/pt\/wp-json\/wp\/v2\/comments?post=8138"}],"version-history":[{"count":4,"href":"https:\/\/lirolight.com\/pt\/wp-json\/wp\/v2\/product\/8138\/revisions"}],"predecessor-version":[{"id":10587,"href":"https:\/\/lirolight.com\/pt\/wp-json\/wp\/v2\/product\/8138\/revisions\/10587"}],"wp:featuredmedia":[{"embeddable":true,"href":"https:\/\/lirolight.com\/pt\/wp-json\/wp\/v2\/media\/8139"}],"wp:attachment":[{"href":"https:\/\/lirolight.com\/pt\/wp-json\/wp\/v2\/media?parent=8138"}],"wp:term":[{"taxonomy":"product_brand","embeddable":true,"href":"https:\/\/lirolight.com\/pt\/wp-json\/wp\/v2\/product_brand?post=8138"},{"taxonomy":"product_cat","embeddable":true,"href":"https:\/\/lirolight.com\/pt\/wp-json\/wp\/v2\/product_cat?post=8138"},{"taxonomy":"product_tag","embeddable":true,"href":"https:\/\/lirolight.com\/pt\/wp-json\/wp\/v2\/product_tag?post=8138"}],"curies":[{"name":"wp","href":"https:\/\/api.w.org\/{rel}","templated":true}]}}