{"id":8143,"date":"2025-07-10T01:43:16","date_gmt":"2025-07-10T01:43:16","guid":{"rendered":"https:\/\/lirolight.com\/?post_type=product&#038;p=8143"},"modified":"2026-01-14T03:04:45","modified_gmt":"2026-01-14T03:04:45","slug":"sky-beam-stage-lights-outdoor-ip66-waterproof-led-bsw-380w-beam-spot-wash-3in1-moving-head-light-for-project-event","status":"publish","type":"product","link":"https:\/\/lirolight.com\/pt\/produto\/sky-beam-stage-lights-outdoor-ip66-waterproof-led-bsw-380w-beam-spot-wash-3in1-moving-head-light-for-project-event\/","title":{"rendered":"LiRO-LITE Sky Beam Stage Lights Outdoor IP66 Waterproof LED BSW 380W Beam Spot Wash 3in1 Moving Head Light for Project Event"},"content":{"rendered":"<h2 class=\"wp-block-heading\"><strong><mark style=\"background-color:#000000\" class=\"has-inline-color has-white-color\">LR-IP BEAM380 3EM1<\/mark><\/strong><\/h2>\n\n\n\n<hr class=\"wp-block-separator has-alpha-channel-opacity\"\/>\n\n\n\n<h2 class=\"wp-block-heading\">Fotos:<\/h2>\n\n\n\n<div class=\"wp-block-columns is-layout-flex wp-container-core-columns-is-layout-28f84493 wp-block-columns-is-layout-flex\">\n<div class=\"wp-block-column is-layout-flow wp-block-column-is-layout-flow\">\n<div class=\"wp-block-columns is-layout-flex wp-container-core-columns-is-layout-28f84493 wp-block-columns-is-layout-flex\">\n<div class=\"wp-block-column is-layout-flow wp-block-column-is-layout-flow\">\n<figure class=\"wp-block-image aligncenter size-large is-resized\"><img fetchpriority=\"high\" decoding=\"async\" width=\"1024\" height=\"1024\" src=\"https:\/\/lirolight.com\/wp-content\/uploads\/2025\/07\/IP-BEAM380-3IN1-Moving-head-light-1-1-1024x1024.jpg\" alt=\"\" class=\"wp-image-8153\" style=\"width:505px;height:auto\" srcset=\"https:\/\/lirolight.com\/wp-content\/uploads\/2025\/07\/IP-BEAM380-3IN1-Moving-head-light-1-1-1024x1024.jpg 1024w, https:\/\/lirolight.com\/wp-content\/uploads\/2025\/07\/IP-BEAM380-3IN1-Moving-head-light-1-1-300x300.jpg 300w, https:\/\/lirolight.com\/wp-content\/uploads\/2025\/07\/IP-BEAM380-3IN1-Moving-head-light-1-1-150x150.jpg 150w, https:\/\/lirolight.com\/wp-content\/uploads\/2025\/07\/IP-BEAM380-3IN1-Moving-head-light-1-1-768x768.jpg 768w, https:\/\/lirolight.com\/wp-content\/uploads\/2025\/07\/IP-BEAM380-3IN1-Moving-head-light-1-1-1536x1536.jpg 1536w, https:\/\/lirolight.com\/wp-content\/uploads\/2025\/07\/IP-BEAM380-3IN1-Moving-head-light-1-1-12x12.jpg 12w, https:\/\/lirolight.com\/wp-content\/uploads\/2025\/07\/IP-BEAM380-3IN1-Moving-head-light-1-1-990x990.jpg 990w, https:\/\/lirolight.com\/wp-content\/uploads\/2025\/07\/IP-BEAM380-3IN1-Moving-head-light-1-1-441x441.jpg 441w, https:\/\/lirolight.com\/wp-content\/uploads\/2025\/07\/IP-BEAM380-3IN1-Moving-head-light-1-1-100x100.jpg 100w, https:\/\/lirolight.com\/wp-content\/uploads\/2025\/07\/IP-BEAM380-3IN1-Moving-head-light-1-1-800x800.jpg 800w, https:\/\/lirolight.com\/wp-content\/uploads\/2025\/07\/IP-BEAM380-3IN1-Moving-head-light-1-1-500x500.jpg 500w, https:\/\/lirolight.com\/wp-content\/uploads\/2025\/07\/IP-BEAM380-3IN1-Moving-head-light-1-1-40x40.jpg 40w, https:\/\/lirolight.com\/wp-content\/uploads\/2025\/07\/IP-BEAM380-3IN1-Moving-head-light-1-1.jpg 2000w\" sizes=\"(max-width: 1024px) 100vw, 1024px\" \/><\/figure>\n<\/div>\n<\/div>\n<\/div>\n<\/div>\n\n\n\n<div class=\"wp-block-columns is-layout-flex wp-container-core-columns-is-layout-28f84493 wp-block-columns-is-layout-flex\">\n<div class=\"wp-block-column is-layout-flow wp-block-column-is-layout-flow\">\n<figure class=\"wp-block-image size-large\"><img decoding=\"async\" width=\"1024\" height=\"1024\" data-src=\"https:\/\/lirolight.com\/wp-content\/uploads\/2025\/07\/IP-BEAM380-3IN1-Moving-head-light-3-1024x1024.jpg\" alt=\"\" class=\"wp-image-8149 lazyload\" data-srcset=\"https:\/\/lirolight.com\/wp-content\/uploads\/2025\/07\/IP-BEAM380-3IN1-Moving-head-light-3-1024x1024.jpg 1024w, https:\/\/lirolight.com\/wp-content\/uploads\/2025\/07\/IP-BEAM380-3IN1-Moving-head-light-3-300x300.jpg 300w, https:\/\/lirolight.com\/wp-content\/uploads\/2025\/07\/IP-BEAM380-3IN1-Moving-head-light-3-150x150.jpg 150w, https:\/\/lirolight.com\/wp-content\/uploads\/2025\/07\/IP-BEAM380-3IN1-Moving-head-light-3-768x768.jpg 768w, https:\/\/lirolight.com\/wp-content\/uploads\/2025\/07\/IP-BEAM380-3IN1-Moving-head-light-3-1536x1536.jpg 1536w, https:\/\/lirolight.com\/wp-content\/uploads\/2025\/07\/IP-BEAM380-3IN1-Moving-head-light-3-12x12.jpg 12w, https:\/\/lirolight.com\/wp-content\/uploads\/2025\/07\/IP-BEAM380-3IN1-Moving-head-light-3-990x990.jpg 990w, https:\/\/lirolight.com\/wp-content\/uploads\/2025\/07\/IP-BEAM380-3IN1-Moving-head-light-3-441x441.jpg 441w, https:\/\/lirolight.com\/wp-content\/uploads\/2025\/07\/IP-BEAM380-3IN1-Moving-head-light-3-100x100.jpg 100w, https:\/\/lirolight.com\/wp-content\/uploads\/2025\/07\/IP-BEAM380-3IN1-Moving-head-light-3-800x800.jpg 800w, https:\/\/lirolight.com\/wp-content\/uploads\/2025\/07\/IP-BEAM380-3IN1-Moving-head-light-3-500x500.jpg 500w, https:\/\/lirolight.com\/wp-content\/uploads\/2025\/07\/IP-BEAM380-3IN1-Moving-head-light-3-40x40.jpg 40w, https:\/\/lirolight.com\/wp-content\/uploads\/2025\/07\/IP-BEAM380-3IN1-Moving-head-light-3.jpg 2000w\" data-sizes=\"(max-width: 1024px) 100vw, 1024px\" src=\"data:image\/gif;base64,R0lGODlhAQABAAAAACH5BAEKAAEALAAAAAABAAEAAAICTAEAOw==\" style=\"--smush-placeholder-width: 1024px; --smush-placeholder-aspect-ratio: 1024\/1024;\" \/><noscript><img decoding=\"async\" width=\"1024\" height=\"1024\" src=\"https:\/\/lirolight.com\/wp-content\/uploads\/2025\/07\/IP-BEAM380-3IN1-Moving-head-light-3-1024x1024.jpg\" alt=\"\" class=\"wp-image-8149\" srcset=\"https:\/\/lirolight.com\/wp-content\/uploads\/2025\/07\/IP-BEAM380-3IN1-Moving-head-light-3-1024x1024.jpg 1024w, https:\/\/lirolight.com\/wp-content\/uploads\/2025\/07\/IP-BEAM380-3IN1-Moving-head-light-3-300x300.jpg 300w, https:\/\/lirolight.com\/wp-content\/uploads\/2025\/07\/IP-BEAM380-3IN1-Moving-head-light-3-150x150.jpg 150w, https:\/\/lirolight.com\/wp-content\/uploads\/2025\/07\/IP-BEAM380-3IN1-Moving-head-light-3-768x768.jpg 768w, https:\/\/lirolight.com\/wp-content\/uploads\/2025\/07\/IP-BEAM380-3IN1-Moving-head-light-3-1536x1536.jpg 1536w, https:\/\/lirolight.com\/wp-content\/uploads\/2025\/07\/IP-BEAM380-3IN1-Moving-head-light-3-12x12.jpg 12w, https:\/\/lirolight.com\/wp-content\/uploads\/2025\/07\/IP-BEAM380-3IN1-Moving-head-light-3-990x990.jpg 990w, https:\/\/lirolight.com\/wp-content\/uploads\/2025\/07\/IP-BEAM380-3IN1-Moving-head-light-3-441x441.jpg 441w, https:\/\/lirolight.com\/wp-content\/uploads\/2025\/07\/IP-BEAM380-3IN1-Moving-head-light-3-100x100.jpg 100w, https:\/\/lirolight.com\/wp-content\/uploads\/2025\/07\/IP-BEAM380-3IN1-Moving-head-light-3-800x800.jpg 800w, https:\/\/lirolight.com\/wp-content\/uploads\/2025\/07\/IP-BEAM380-3IN1-Moving-head-light-3-500x500.jpg 500w, https:\/\/lirolight.com\/wp-content\/uploads\/2025\/07\/IP-BEAM380-3IN1-Moving-head-light-3-40x40.jpg 40w, https:\/\/lirolight.com\/wp-content\/uploads\/2025\/07\/IP-BEAM380-3IN1-Moving-head-light-3.jpg 2000w\" sizes=\"(max-width: 1024px) 100vw, 1024px\" \/><\/noscript><\/figure>\n<\/div>\n\n\n\n<div class=\"wp-block-column is-layout-flow wp-block-column-is-layout-flow\">\n<figure class=\"wp-block-image size-full\"><img decoding=\"async\" width=\"2000\" height=\"2000\" data-src=\"https:\/\/lirolight.com\/wp-content\/uploads\/2025\/07\/IP-BEAM380-3IN1-Moving-head-light-4.jpg\" alt=\"\" class=\"wp-image-8150 lazyload\" data-srcset=\"https:\/\/lirolight.com\/wp-content\/uploads\/2025\/07\/IP-BEAM380-3IN1-Moving-head-light-4.jpg 2000w, https:\/\/lirolight.com\/wp-content\/uploads\/2025\/07\/IP-BEAM380-3IN1-Moving-head-light-4-300x300.jpg 300w, https:\/\/lirolight.com\/wp-content\/uploads\/2025\/07\/IP-BEAM380-3IN1-Moving-head-light-4-1024x1024.jpg 1024w, https:\/\/lirolight.com\/wp-content\/uploads\/2025\/07\/IP-BEAM380-3IN1-Moving-head-light-4-150x150.jpg 150w, https:\/\/lirolight.com\/wp-content\/uploads\/2025\/07\/IP-BEAM380-3IN1-Moving-head-light-4-768x768.jpg 768w, https:\/\/lirolight.com\/wp-content\/uploads\/2025\/07\/IP-BEAM380-3IN1-Moving-head-light-4-1536x1536.jpg 1536w, https:\/\/lirolight.com\/wp-content\/uploads\/2025\/07\/IP-BEAM380-3IN1-Moving-head-light-4-12x12.jpg 12w, https:\/\/lirolight.com\/wp-content\/uploads\/2025\/07\/IP-BEAM380-3IN1-Moving-head-light-4-990x990.jpg 990w, https:\/\/lirolight.com\/wp-content\/uploads\/2025\/07\/IP-BEAM380-3IN1-Moving-head-light-4-441x441.jpg 441w, https:\/\/lirolight.com\/wp-content\/uploads\/2025\/07\/IP-BEAM380-3IN1-Moving-head-light-4-100x100.jpg 100w, https:\/\/lirolight.com\/wp-content\/uploads\/2025\/07\/IP-BEAM380-3IN1-Moving-head-light-4-800x800.jpg 800w, https:\/\/lirolight.com\/wp-content\/uploads\/2025\/07\/IP-BEAM380-3IN1-Moving-head-light-4-500x500.jpg 500w, https:\/\/lirolight.com\/wp-content\/uploads\/2025\/07\/IP-BEAM380-3IN1-Moving-head-light-4-40x40.jpg 40w\" data-sizes=\"(max-width: 2000px) 100vw, 2000px\" src=\"data:image\/gif;base64,R0lGODlhAQABAAAAACH5BAEKAAEALAAAAAABAAEAAAICTAEAOw==\" style=\"--smush-placeholder-width: 2000px; --smush-placeholder-aspect-ratio: 2000\/2000;\" \/><noscript><img decoding=\"async\" width=\"2000\" height=\"2000\" src=\"https:\/\/lirolight.com\/wp-content\/uploads\/2025\/07\/IP-BEAM380-3IN1-Moving-head-light-4.jpg\" alt=\"\" class=\"wp-image-8150\" srcset=\"https:\/\/lirolight.com\/wp-content\/uploads\/2025\/07\/IP-BEAM380-3IN1-Moving-head-light-4.jpg 2000w, https:\/\/lirolight.com\/wp-content\/uploads\/2025\/07\/IP-BEAM380-3IN1-Moving-head-light-4-300x300.jpg 300w, https:\/\/lirolight.com\/wp-content\/uploads\/2025\/07\/IP-BEAM380-3IN1-Moving-head-light-4-1024x1024.jpg 1024w, https:\/\/lirolight.com\/wp-content\/uploads\/2025\/07\/IP-BEAM380-3IN1-Moving-head-light-4-150x150.jpg 150w, https:\/\/lirolight.com\/wp-content\/uploads\/2025\/07\/IP-BEAM380-3IN1-Moving-head-light-4-768x768.jpg 768w, https:\/\/lirolight.com\/wp-content\/uploads\/2025\/07\/IP-BEAM380-3IN1-Moving-head-light-4-1536x1536.jpg 1536w, https:\/\/lirolight.com\/wp-content\/uploads\/2025\/07\/IP-BEAM380-3IN1-Moving-head-light-4-12x12.jpg 12w, https:\/\/lirolight.com\/wp-content\/uploads\/2025\/07\/IP-BEAM380-3IN1-Moving-head-light-4-990x990.jpg 990w, https:\/\/lirolight.com\/wp-content\/uploads\/2025\/07\/IP-BEAM380-3IN1-Moving-head-light-4-441x441.jpg 441w, https:\/\/lirolight.com\/wp-content\/uploads\/2025\/07\/IP-BEAM380-3IN1-Moving-head-light-4-100x100.jpg 100w, https:\/\/lirolight.com\/wp-content\/uploads\/2025\/07\/IP-BEAM380-3IN1-Moving-head-light-4-800x800.jpg 800w, https:\/\/lirolight.com\/wp-content\/uploads\/2025\/07\/IP-BEAM380-3IN1-Moving-head-light-4-500x500.jpg 500w, https:\/\/lirolight.com\/wp-content\/uploads\/2025\/07\/IP-BEAM380-3IN1-Moving-head-light-4-40x40.jpg 40w\" sizes=\"(max-width: 2000px) 100vw, 2000px\" \/><\/noscript><\/figure>\n<\/div>\n<\/div>\n\n\n\n<h2 class=\"wp-block-heading\"><font style=\"vertical-align: inherit;\"><font style=\"vertical-align: inherit;\">Especifica\u00e7\u00e3o\uff1a<\/font><\/font><\/h2>\n\n\n\n<p>Tens\u00e3o ampla: AC90V-235V 50-60Hz<br>Pot\u00eancia: 650W<br>Fonte de luz: 371W\/421W<br>Temperatura de cor; 8000K<br>Cor: 11+luz branca<br>Gobo: 13 Gobo fixos + 1 luz branca<br>Foco: Foco eletr\u00f4nico<br>Estrobosc\u00f3pio: efeito estrobosc\u00f3pico independente de motor duplo, 0,5 a 20 vezes\/segundo, velocidade ajust\u00e1vel<br>Gobo girat\u00f3rio: 9+1<br>Motor: Motor trif\u00e1sico do eixo XY, de modo que a velocidade da l\u00e2mpada \u00e9 alta e o \u00e2ngulo de posicionamento \u00e9 preciso!<br>Curva de escurecimento: 0%-100% escurecimento linear, suave e sem cintila\u00e7\u00e3o<br>\u00c2ngulo do feixe: 2-40\u00b0.<br>Canais DMX: 17 \/21CH<br>Di\u00e2metro da lente: 135 mm<br>Grau de impermeabilidade: IP66<br>Modo de controle 1: DMX 512, autopropelido, autopropelido mestre-escravo, fun\u00e7\u00e3o RDM, pode usar o controlador grande para controlar o c\u00f3digo de endere\u00e7o remoto.<br>Prisma: 8 prismas (os prismas podem ser configurados de acordo com os requisitos do cliente).<br>Tela: Tela LCD, adapt\u00e1vel a diferentes posi\u00e7\u00f5es de instala\u00e7\u00e3o, pode girar 180\u00b0<br>Pan\/Tilt: adota motor trif\u00e1sico de alta precis\u00e3o, posicionamento preciso, opera\u00e7\u00e3o suave, corre\u00e7\u00e3o autom\u00e1tica de posicionamento<br>Panor\u00e2mica: Rota\u00e7\u00e3o de 540\u00b0, resolu\u00e7\u00e3o de 8\/16Bit, com ajuste fino<br>Inclina\u00e7\u00e3o: rota\u00e7\u00e3o de 270\u00b0, resolu\u00e7\u00e3o de 8\/16 bits, com ajuste fino.<br>Sistema de resfriamento: alum\u00ednio fundido, dissipa\u00e7\u00e3o de calor da l\u00e2mpada inteira.<br>M\u00e9todo de instala\u00e7\u00e3o: vertical\/invertido<br>Tamanho da l\u00e2mpada: 43x26x63cm<br>Tamanho da embalagem cartonada: 41x49x77cm<br>Peso l\u00edquido: 26 kg<br>Peso bruto 32KG<br>A l\u00e2mpada de feixe \u00e0 prova d'\u00e1gua atingiu altos padr\u00f5es em termos de \u00f3ptica, estrutura, apar\u00eancia etc., usando a tecnologia mais avan\u00e7ada, fonte de luz de alto brilho, tecnologia \u00f3ptica e design industrial rigoroso para garantir a apresenta\u00e7\u00e3o perfeita do design de ilumina\u00e7\u00e3o.<\/p>\n\n\n\n<h2 class=\"wp-block-heading\">Par\u00e2metro: <\/h2>\n\n\n\n<figure class=\"wp-block-table\"><table class=\"has-fixed-layout\"><tbody><tr><td>Nome do produto<\/td><td>Luz de cabe\u00e7a m\u00f3vel BSW \u00e0 prova d'\u00e1gua<\/td><\/tr><tr><td>Pot\u00eancia<\/td><td><strong>L\u00e2mpada original 421W\/ 371W<\/strong><\/td><\/tr><tr><td>Tens\u00e3o de entrada (V)<\/td><td>AC 100-240V, 50\/60Hz<\/td><\/tr><tr><td>Classifica\u00e7\u00e3o IP<\/td><td>IP66<\/td><\/tr><tr><td>roda de cores<\/td><td>11 cores + luz branca<\/td><\/tr><tr><td>Roda gobo fixa<\/td><td>13 Gobo fixos + 1 luz branca<\/td><\/tr><tr><td>Roda gobo de rota\u00e7\u00e3o<\/td><td>9 Gobo de rota\u00e7\u00e3o + 1 luz branca<\/td><\/tr><tr><td>Prisma<\/td><td>8 prismas (os prismas podem ser configurados de acordo com os requisitos do cliente).<\/td><\/tr><tr><td>Modo de controle<\/td><td>Controle de voz, programa integrado, mestre-escravo, controle de sinal DMX512<\/td><\/tr><tr><td>Aplicativo<\/td><td>Espet\u00e1culos, palco, projeto de turismo cultural<\/td><\/tr><tr><td>Garantia<\/td><td>2 anos<\/td><\/tr><tr><td>Servi\u00e7o OEM e ODM<\/td><td>24 horas on-lineSe tiver alguma ideia sobre o produto, entre em contato conosco a qualquer momento.<\/td><\/tr><tr><td>Capacidade do projeto<\/td><td>Temos mais de 500 anos de experi\u00eancia em engenharia de projetos no exterior e qualquer projeto razo\u00e1vel \u00e9 bem-vindo.<\/td><\/tr><tr><td>Pacote<\/td><td>Caixa de papel\u00e3o e estojo de transporte est\u00e3o dispon\u00edveis<\/td><\/tr><tr><td>GW<\/td><td>26KG<\/td><\/tr><\/tbody><\/table><\/figure>\n\n\n\n<h2 class=\"wp-block-heading\">Hor\u00e1rio do show:<\/h2>\n\n\n\n<figure class=\"wp-block-image size-full is-resized\"><img loading=\"lazy\" decoding=\"async\" width=\"606\" height=\"80\" data-src=\"https:\/\/lirolight.com\/wp-content\/uploads\/2025\/07\/image.png\" alt=\"\" class=\"wp-image-8147 lazyload\" style=\"--smush-placeholder-width: 606px; --smush-placeholder-aspect-ratio: 606\/80;width:900px;height:auto\" data-srcset=\"https:\/\/lirolight.com\/wp-content\/uploads\/2025\/07\/image.png 606w, https:\/\/lirolight.com\/wp-content\/uploads\/2025\/07\/image-300x40.png 300w, https:\/\/lirolight.com\/wp-content\/uploads\/2025\/07\/image-18x2.png 18w, https:\/\/lirolight.com\/wp-content\/uploads\/2025\/07\/image-441x58.png 441w, https:\/\/lirolight.com\/wp-content\/uploads\/2025\/07\/image-150x20.png 150w, https:\/\/lirolight.com\/wp-content\/uploads\/2025\/07\/image-500x66.png 500w, https:\/\/lirolight.com\/wp-content\/uploads\/2025\/07\/image-60x8.png 60w\" data-sizes=\"(max-width: 606px) 100vw, 606px\" src=\"data:image\/gif;base64,R0lGODlhAQABAAAAACH5BAEKAAEALAAAAAABAAEAAAICTAEAOw==\" \/><noscript><img loading=\"lazy\" decoding=\"async\" width=\"606\" height=\"80\" src=\"https:\/\/lirolight.com\/wp-content\/uploads\/2025\/07\/image.png\" alt=\"\" class=\"wp-image-8147\" style=\"width:900px;height:auto\" srcset=\"https:\/\/lirolight.com\/wp-content\/uploads\/2025\/07\/image.png 606w, https:\/\/lirolight.com\/wp-content\/uploads\/2025\/07\/image-300x40.png 300w, https:\/\/lirolight.com\/wp-content\/uploads\/2025\/07\/image-18x2.png 18w, https:\/\/lirolight.com\/wp-content\/uploads\/2025\/07\/image-441x58.png 441w, https:\/\/lirolight.com\/wp-content\/uploads\/2025\/07\/image-150x20.png 150w, https:\/\/lirolight.com\/wp-content\/uploads\/2025\/07\/image-500x66.png 500w, https:\/\/lirolight.com\/wp-content\/uploads\/2025\/07\/image-60x8.png 60w\" sizes=\"(max-width: 606px) 100vw, 606px\" \/><\/noscript><\/figure>\n\n\n\n<figure class=\"wp-block-image size-full is-resized\"><img loading=\"lazy\" decoding=\"async\" width=\"600\" height=\"160\" data-src=\"https:\/\/lirolight.com\/wp-content\/uploads\/2025\/07\/image-1.png\" alt=\"\" class=\"wp-image-8148 lazyload\" style=\"--smush-placeholder-width: 600px; --smush-placeholder-aspect-ratio: 600\/160;width:900px;height:auto\" data-srcset=\"https:\/\/lirolight.com\/wp-content\/uploads\/2025\/07\/image-1.png 600w, https:\/\/lirolight.com\/wp-content\/uploads\/2025\/07\/image-1-300x80.png 300w, https:\/\/lirolight.com\/wp-content\/uploads\/2025\/07\/image-1-18x5.png 18w, https:\/\/lirolight.com\/wp-content\/uploads\/2025\/07\/image-1-441x118.png 441w, https:\/\/lirolight.com\/wp-content\/uploads\/2025\/07\/image-1-150x40.png 150w, https:\/\/lirolight.com\/wp-content\/uploads\/2025\/07\/image-1-500x133.png 500w, https:\/\/lirolight.com\/wp-content\/uploads\/2025\/07\/image-1-60x16.png 60w\" data-sizes=\"(max-width: 600px) 100vw, 600px\" src=\"data:image\/gif;base64,R0lGODlhAQABAAAAACH5BAEKAAEALAAAAAABAAEAAAICTAEAOw==\" \/><noscript><img loading=\"lazy\" decoding=\"async\" width=\"600\" height=\"160\" src=\"https:\/\/lirolight.com\/wp-content\/uploads\/2025\/07\/image-1.png\" alt=\"\" class=\"wp-image-8148\" style=\"width:900px;height:auto\" srcset=\"https:\/\/lirolight.com\/wp-content\/uploads\/2025\/07\/image-1.png 600w, https:\/\/lirolight.com\/wp-content\/uploads\/2025\/07\/image-1-300x80.png 300w, https:\/\/lirolight.com\/wp-content\/uploads\/2025\/07\/image-1-18x5.png 18w, https:\/\/lirolight.com\/wp-content\/uploads\/2025\/07\/image-1-441x118.png 441w, https:\/\/lirolight.com\/wp-content\/uploads\/2025\/07\/image-1-150x40.png 150w, https:\/\/lirolight.com\/wp-content\/uploads\/2025\/07\/image-1-500x133.png 500w, https:\/\/lirolight.com\/wp-content\/uploads\/2025\/07\/image-1-60x16.png 60w\" sizes=\"(max-width: 600px) 100vw, 600px\" \/><\/noscript><\/figure>\n\n\n\n<h2 class=\"wp-block-heading\">Link do v\u00eddeo:<\/h2>\n\n\n\n<p><a href=\"https:\/\/www.instagram.com\/p\/C6qHu-3J0kI\" target=\"_blank\" rel=\"noopener\">https:\/\/www.instagram.com\/p\/C6qHu-3J0kI<\/a><\/p>","protected":false},"excerpt":{"rendered":"<p>A l\u00e2mpada de feixe \u00e0 prova d'\u00e1gua atingiu altos padr\u00f5es em termos de \u00f3ptica, estrutura, apar\u00eancia etc., usando a tecnologia mais avan\u00e7ada, fonte de luz de alto brilho, tecnologia \u00f3ptica e design industrial rigoroso para garantir a apresenta\u00e7\u00e3o perfeita do design de ilumina\u00e7\u00e3o.<\/p>\n<p>&nbsp;<\/p>\n<blockquote><p>\u00a0<\/p><\/blockquote>\n<p>&nbsp;<\/p>","protected":false},"featured_media":8151,"comment_status":"open","ping_status":"closed","template":"","meta":[],"product_brand":[],"product_cat":[51,64],"product_tag":[74,118,113,107,115,117],"class_list":{"0":"post-8143","1":"product","2":"type-product","3":"status-publish","4":"has-post-thumbnail","6":"product_cat-waterproof-series","7":"product_cat-ip-beam-bsw","8":"product_tag-beam","9":"product_tag-beam-spot-wash-3in1-moving-head-light","10":"product_tag-beamspotwash","11":"product_tag-movinghead","12":"product_tag-movingheadlights","13":"product_tag-sky-beam-stage-lights","15":"first","16":"instock","17":"shipping-taxable","18":"product-type-simple"},"_links":{"self":[{"href":"https:\/\/lirolight.com\/pt\/wp-json\/wp\/v2\/product\/8143","targetHints":{"allow":["GET"]}}],"collection":[{"href":"https:\/\/lirolight.com\/pt\/wp-json\/wp\/v2\/product"}],"about":[{"href":"https:\/\/lirolight.com\/pt\/wp-json\/wp\/v2\/types\/product"}],"replies":[{"embeddable":true,"href":"https:\/\/lirolight.com\/pt\/wp-json\/wp\/v2\/comments?post=8143"}],"version-history":[{"count":5,"href":"https:\/\/lirolight.com\/pt\/wp-json\/wp\/v2\/product\/8143\/revisions"}],"predecessor-version":[{"id":10588,"href":"https:\/\/lirolight.com\/pt\/wp-json\/wp\/v2\/product\/8143\/revisions\/10588"}],"wp:featuredmedia":[{"embeddable":true,"href":"https:\/\/lirolight.com\/pt\/wp-json\/wp\/v2\/media\/8151"}],"wp:attachment":[{"href":"https:\/\/lirolight.com\/pt\/wp-json\/wp\/v2\/media?parent=8143"}],"wp:term":[{"taxonomy":"product_brand","embeddable":true,"href":"https:\/\/lirolight.com\/pt\/wp-json\/wp\/v2\/product_brand?post=8143"},{"taxonomy":"product_cat","embeddable":true,"href":"https:\/\/lirolight.com\/pt\/wp-json\/wp\/v2\/product_cat?post=8143"},{"taxonomy":"product_tag","embeddable":true,"href":"https:\/\/lirolight.com\/pt\/wp-json\/wp\/v2\/product_tag?post=8143"}],"curies":[{"name":"wp","href":"https:\/\/api.w.org\/{rel}","templated":true}]}}