{"id":8206,"date":"2025-07-10T05:39:52","date_gmt":"2025-07-10T05:39:52","guid":{"rendered":"https:\/\/lirolight.com\/?post_type=product&#038;p=8206"},"modified":"2026-01-14T03:26:44","modified_gmt":"2026-01-14T03:26:44","slug":"ip65-led-waterproof-par-light-18x18w-rgbwa-uv-6in1-outdoor-led-par-can-light","status":"publish","type":"product","link":"https:\/\/lirolight.com\/pt\/produto\/ip65-led-waterproof-par-light-18x18w-rgbwa-uv-6in1-outdoor-led-par-can-light\/","title":{"rendered":"LiRO-LITE IP65 Luz de Par \u00e0 prova d'\u00e1gua 18x18w Rgbwa uv 6in1 Luz de Par para exterior"},"content":{"rendered":"<h2 class=\"wp-block-heading\"><strong><mark style=\"background-color:#000000\" class=\"has-inline-color has-white-color\">LR-W1818P<\/mark><\/strong><\/h2>\n\n\n\n<hr class=\"wp-block-separator has-alpha-channel-opacity\"\/>\n\n\n\n<h2 class=\"wp-block-heading\">Fotos:<\/h2>\n\n\n\n<div class=\"wp-block-columns is-layout-flex wp-container-core-columns-is-layout-28f84493 wp-block-columns-is-layout-flex\">\n<div class=\"wp-block-column is-layout-flow wp-block-column-is-layout-flow\">\n<figure class=\"wp-block-image size-large\"><img fetchpriority=\"high\" decoding=\"async\" width=\"1024\" height=\"1024\" src=\"https:\/\/lirolight.com\/wp-content\/uploads\/2025\/07\/DM_16057_\u526f\u672c-1024x1024.png\" alt=\"\" class=\"wp-image-8257\" srcset=\"https:\/\/lirolight.com\/wp-content\/uploads\/2025\/07\/DM_16057_\u526f\u672c-1024x1024.png 1024w, https:\/\/lirolight.com\/wp-content\/uploads\/2025\/07\/DM_16057_\u526f\u672c-300x300.png 300w, https:\/\/lirolight.com\/wp-content\/uploads\/2025\/07\/DM_16057_\u526f\u672c-150x150.png 150w, https:\/\/lirolight.com\/wp-content\/uploads\/2025\/07\/DM_16057_\u526f\u672c-768x768.png 768w, https:\/\/lirolight.com\/wp-content\/uploads\/2025\/07\/DM_16057_\u526f\u672c-1536x1536.png 1536w, https:\/\/lirolight.com\/wp-content\/uploads\/2025\/07\/DM_16057_\u526f\u672c-12x12.png 12w, https:\/\/lirolight.com\/wp-content\/uploads\/2025\/07\/DM_16057_\u526f\u672c-990x990.png 990w, https:\/\/lirolight.com\/wp-content\/uploads\/2025\/07\/DM_16057_\u526f\u672c-441x441.png 441w, https:\/\/lirolight.com\/wp-content\/uploads\/2025\/07\/DM_16057_\u526f\u672c-100x100.png 100w, https:\/\/lirolight.com\/wp-content\/uploads\/2025\/07\/DM_16057_\u526f\u672c-800x800.png 800w, https:\/\/lirolight.com\/wp-content\/uploads\/2025\/07\/DM_16057_\u526f\u672c-500x500.png 500w, https:\/\/lirolight.com\/wp-content\/uploads\/2025\/07\/DM_16057_\u526f\u672c-40x40.png 40w, https:\/\/lirolight.com\/wp-content\/uploads\/2025\/07\/DM_16057_\u526f\u672c.png 2000w\" sizes=\"(max-width: 1024px) 100vw, 1024px\" \/><\/figure>\n<\/div>\n\n\n\n<div class=\"wp-block-column is-layout-flow wp-block-column-is-layout-flow\">\n<figure class=\"wp-block-image size-full is-resized\"><img decoding=\"async\" width=\"2000\" height=\"2000\" data-src=\"https:\/\/lirolight.com\/wp-content\/uploads\/2025\/07\/DM_16056_\u526f\u672c.png\" alt=\"\" class=\"wp-image-8256 lazyload\" style=\"--smush-placeholder-width: 2000px; --smush-placeholder-aspect-ratio: 2000\/2000;width:900px;height:auto\" data-srcset=\"https:\/\/lirolight.com\/wp-content\/uploads\/2025\/07\/DM_16056_\u526f\u672c.png 2000w, https:\/\/lirolight.com\/wp-content\/uploads\/2025\/07\/DM_16056_\u526f\u672c-300x300.png 300w, https:\/\/lirolight.com\/wp-content\/uploads\/2025\/07\/DM_16056_\u526f\u672c-1024x1024.png 1024w, https:\/\/lirolight.com\/wp-content\/uploads\/2025\/07\/DM_16056_\u526f\u672c-150x150.png 150w, https:\/\/lirolight.com\/wp-content\/uploads\/2025\/07\/DM_16056_\u526f\u672c-768x768.png 768w, https:\/\/lirolight.com\/wp-content\/uploads\/2025\/07\/DM_16056_\u526f\u672c-1536x1536.png 1536w, https:\/\/lirolight.com\/wp-content\/uploads\/2025\/07\/DM_16056_\u526f\u672c-12x12.png 12w, https:\/\/lirolight.com\/wp-content\/uploads\/2025\/07\/DM_16056_\u526f\u672c-990x990.png 990w, https:\/\/lirolight.com\/wp-content\/uploads\/2025\/07\/DM_16056_\u526f\u672c-441x441.png 441w, https:\/\/lirolight.com\/wp-content\/uploads\/2025\/07\/DM_16056_\u526f\u672c-100x100.png 100w, https:\/\/lirolight.com\/wp-content\/uploads\/2025\/07\/DM_16056_\u526f\u672c-800x800.png 800w, https:\/\/lirolight.com\/wp-content\/uploads\/2025\/07\/DM_16056_\u526f\u672c-500x500.png 500w, https:\/\/lirolight.com\/wp-content\/uploads\/2025\/07\/DM_16056_\u526f\u672c-40x40.png 40w\" data-sizes=\"(max-width: 2000px) 100vw, 2000px\" src=\"data:image\/gif;base64,R0lGODlhAQABAAAAACH5BAEKAAEALAAAAAABAAEAAAICTAEAOw==\" \/><noscript><img decoding=\"async\" width=\"2000\" height=\"2000\" src=\"https:\/\/lirolight.com\/wp-content\/uploads\/2025\/07\/DM_16056_\u526f\u672c.png\" alt=\"\" class=\"wp-image-8256\" style=\"width:900px;height:auto\" srcset=\"https:\/\/lirolight.com\/wp-content\/uploads\/2025\/07\/DM_16056_\u526f\u672c.png 2000w, https:\/\/lirolight.com\/wp-content\/uploads\/2025\/07\/DM_16056_\u526f\u672c-300x300.png 300w, https:\/\/lirolight.com\/wp-content\/uploads\/2025\/07\/DM_16056_\u526f\u672c-1024x1024.png 1024w, https:\/\/lirolight.com\/wp-content\/uploads\/2025\/07\/DM_16056_\u526f\u672c-150x150.png 150w, https:\/\/lirolight.com\/wp-content\/uploads\/2025\/07\/DM_16056_\u526f\u672c-768x768.png 768w, https:\/\/lirolight.com\/wp-content\/uploads\/2025\/07\/DM_16056_\u526f\u672c-1536x1536.png 1536w, https:\/\/lirolight.com\/wp-content\/uploads\/2025\/07\/DM_16056_\u526f\u672c-12x12.png 12w, https:\/\/lirolight.com\/wp-content\/uploads\/2025\/07\/DM_16056_\u526f\u672c-990x990.png 990w, https:\/\/lirolight.com\/wp-content\/uploads\/2025\/07\/DM_16056_\u526f\u672c-441x441.png 441w, https:\/\/lirolight.com\/wp-content\/uploads\/2025\/07\/DM_16056_\u526f\u672c-100x100.png 100w, https:\/\/lirolight.com\/wp-content\/uploads\/2025\/07\/DM_16056_\u526f\u672c-800x800.png 800w, https:\/\/lirolight.com\/wp-content\/uploads\/2025\/07\/DM_16056_\u526f\u672c-500x500.png 500w, https:\/\/lirolight.com\/wp-content\/uploads\/2025\/07\/DM_16056_\u526f\u672c-40x40.png 40w\" sizes=\"(max-width: 2000px) 100vw, 2000px\" \/><\/noscript><\/figure>\n<\/div>\n\n\n\n<div class=\"wp-block-column is-layout-flow wp-block-column-is-layout-flow\">\n<figure class=\"wp-block-image size-large\"><img decoding=\"async\" width=\"1024\" height=\"1024\" data-src=\"https:\/\/lirolight.com\/wp-content\/uploads\/2025\/07\/DM_16062_\u526f\u672c-1024x1024.png\" alt=\"\" class=\"wp-image-8258 lazyload\" data-srcset=\"https:\/\/lirolight.com\/wp-content\/uploads\/2025\/07\/DM_16062_\u526f\u672c-1024x1024.png 1024w, https:\/\/lirolight.com\/wp-content\/uploads\/2025\/07\/DM_16062_\u526f\u672c-300x300.png 300w, https:\/\/lirolight.com\/wp-content\/uploads\/2025\/07\/DM_16062_\u526f\u672c-150x150.png 150w, https:\/\/lirolight.com\/wp-content\/uploads\/2025\/07\/DM_16062_\u526f\u672c-768x768.png 768w, https:\/\/lirolight.com\/wp-content\/uploads\/2025\/07\/DM_16062_\u526f\u672c-1536x1536.png 1536w, https:\/\/lirolight.com\/wp-content\/uploads\/2025\/07\/DM_16062_\u526f\u672c-12x12.png 12w, https:\/\/lirolight.com\/wp-content\/uploads\/2025\/07\/DM_16062_\u526f\u672c-990x990.png 990w, https:\/\/lirolight.com\/wp-content\/uploads\/2025\/07\/DM_16062_\u526f\u672c-441x441.png 441w, https:\/\/lirolight.com\/wp-content\/uploads\/2025\/07\/DM_16062_\u526f\u672c-100x100.png 100w, https:\/\/lirolight.com\/wp-content\/uploads\/2025\/07\/DM_16062_\u526f\u672c-800x800.png 800w, https:\/\/lirolight.com\/wp-content\/uploads\/2025\/07\/DM_16062_\u526f\u672c-500x500.png 500w, https:\/\/lirolight.com\/wp-content\/uploads\/2025\/07\/DM_16062_\u526f\u672c-40x40.png 40w, https:\/\/lirolight.com\/wp-content\/uploads\/2025\/07\/DM_16062_\u526f\u672c.png 2000w\" data-sizes=\"(max-width: 1024px) 100vw, 1024px\" src=\"data:image\/gif;base64,R0lGODlhAQABAAAAACH5BAEKAAEALAAAAAABAAEAAAICTAEAOw==\" style=\"--smush-placeholder-width: 1024px; --smush-placeholder-aspect-ratio: 1024\/1024;\" \/><noscript><img decoding=\"async\" width=\"1024\" height=\"1024\" src=\"https:\/\/lirolight.com\/wp-content\/uploads\/2025\/07\/DM_16062_\u526f\u672c-1024x1024.png\" alt=\"\" class=\"wp-image-8258\" srcset=\"https:\/\/lirolight.com\/wp-content\/uploads\/2025\/07\/DM_16062_\u526f\u672c-1024x1024.png 1024w, https:\/\/lirolight.com\/wp-content\/uploads\/2025\/07\/DM_16062_\u526f\u672c-300x300.png 300w, https:\/\/lirolight.com\/wp-content\/uploads\/2025\/07\/DM_16062_\u526f\u672c-150x150.png 150w, https:\/\/lirolight.com\/wp-content\/uploads\/2025\/07\/DM_16062_\u526f\u672c-768x768.png 768w, https:\/\/lirolight.com\/wp-content\/uploads\/2025\/07\/DM_16062_\u526f\u672c-1536x1536.png 1536w, https:\/\/lirolight.com\/wp-content\/uploads\/2025\/07\/DM_16062_\u526f\u672c-12x12.png 12w, https:\/\/lirolight.com\/wp-content\/uploads\/2025\/07\/DM_16062_\u526f\u672c-990x990.png 990w, https:\/\/lirolight.com\/wp-content\/uploads\/2025\/07\/DM_16062_\u526f\u672c-441x441.png 441w, https:\/\/lirolight.com\/wp-content\/uploads\/2025\/07\/DM_16062_\u526f\u672c-100x100.png 100w, https:\/\/lirolight.com\/wp-content\/uploads\/2025\/07\/DM_16062_\u526f\u672c-800x800.png 800w, https:\/\/lirolight.com\/wp-content\/uploads\/2025\/07\/DM_16062_\u526f\u672c-500x500.png 500w, https:\/\/lirolight.com\/wp-content\/uploads\/2025\/07\/DM_16062_\u526f\u672c-40x40.png 40w, https:\/\/lirolight.com\/wp-content\/uploads\/2025\/07\/DM_16062_\u526f\u672c.png 2000w\" sizes=\"(max-width: 1024px) 100vw, 1024px\" \/><\/noscript><\/figure>\n<\/div>\n<\/div>\n\n\n\n<h2 class=\"wp-block-heading\"><font style=\"vertical-align: inherit;\"><font style=\"vertical-align: inherit;\">Especifica\u00e7\u00e3o\uff1a<\/font><\/font><\/h2>\n\n\n\n<p>Tens\u00e3o de entrada: AC90-240V\/50-60 Hz<br>Pot\u00eancia nominal: 400 (W)<br>A fonte de luz: 18pcs LED 18W RGBWA UV 6in1 (pode ser personalizada)<br>Corrente: 600-700mA<br>Vida \u00fatil: 100 mil horas<br>Dist\u00e2ncia de proje\u00e7\u00e3o: 10m-30m<br>Controle: Controle mestre-escravo DMX512, autopropelido, controle de som, gradual, passos de saltus<br>Canais: 4\/8 canais (tela digital)<br>Carca\u00e7a: alum\u00ednio fundido sob press\u00e3o<br>Tamanho: L33<em>24<\/em>34 cm<br>Peso: 5 kg<br>Cor: preto<br>Conex\u00e3o do dispositivo: entrada\/sa\u00edda de dados entrada\/sa\u00edda de energia<br>Sistema de resfriamento: Ventilador de resfriamento<br>Certifica\u00e7\u00e3o: CE, ROHS<br>\u00c0 prova d'\u00e1gua: IP65<br>Ambiente de trabalho: -20\u00b0C~+40\u00b0C<\/p>\n\n\n\n<h2 class=\"wp-block-heading\">Par\u00e2metro: <\/h2>\n\n\n\n<figure class=\"wp-block-table\"><table class=\"has-fixed-layout\"><tbody><tr><td>Tens\u00e3o ampla<\/td><td>AC100-240V, 50\/60Hz<\/td><\/tr><tr><td>Fonte de luz<\/td><td>18pcs LED 18W RGBWA UV 6in1 (pode ser personalizado)<\/td><\/tr><tr><td>Dimmer<\/td><td>0-100% linear<\/td><\/tr><tr><td>Modo de controle<\/td><td>Controle mestre-escravo DMX512, autopropelido, controle de som, gradual, degraus de sal<\/td><\/tr><\/tbody><\/table><\/figure>\n\n\n\n<h2 class=\"wp-block-heading\">Caracter\u00edsticas:<\/h2>\n\n\n\n<p>Classifica\u00e7\u00e3o IP65 \u00e0 prova d'\u00e1gua: Essa luz \u00e9 equipada com uma classifica\u00e7\u00e3o IP65, o que garante sua alta resist\u00eancia \u00e0 entrada de \u00e1gua e poeira. Isso a torna adequada para uso em ambientes externos ou espa\u00e7os internos \u00famidos, permitindo uma opera\u00e7\u00e3o sem preocupa\u00e7\u00f5es em uma variedade de configura\u00e7\u00f5es.<br>LEDs RGBWAP de 18x18W: A lumin\u00e1ria incorpora LEDs de 18 unidades de 18 watts, cada um capaz de emitir cores RGB (vermelho, verde, azul), bem como luz branca (W), \u00e2mbar (A) e roxa (P), totalizando seis cores (RGBWAP). Isso permite uma gama incrivelmente diversificada de mistura e combina\u00e7\u00e3o de cores, possibilitando a cria\u00e7\u00e3o de efeitos de ilumina\u00e7\u00e3o vibrantes e din\u00e2micos.<br>Tecnologia LED 6in1: A designa\u00e7\u00e3o \"6in1\" refere-se \u00e0 integra\u00e7\u00e3o de seis LEDs de cores diferentes na lumin\u00e1ria. Ao combinar essas cores, a luz pode produzir uma paleta quase ilimitada de tons, aprimorando o impacto visual geral das apresenta\u00e7\u00f5es no palco.<br>Ilumina\u00e7\u00e3o de lavagem de palco: Como uma luz de lavagem de palco, sua fun\u00e7\u00e3o principal \u00e9 iluminar as paredes ou o fundo do palco, criando uma ampla e uniforme ilumina\u00e7\u00e3o. Ao ajustar a intensidade e a cor da luz, ela pode aprimorar a profundidade e a textura do palco, criando uma experi\u00eancia visual cativante para o p\u00fablico.<br>Efici\u00eancia do LED: Utilizando a tecnologia LED, essa l\u00e2mpada oferece alta efici\u00eancia energ\u00e9tica, longa vida \u00fatil e baixo consumo de energia. Isso n\u00e3o apenas reduz os custos operacionais, mas tamb\u00e9m contribui para uma solu\u00e7\u00e3o de ilumina\u00e7\u00e3o mais sustent\u00e1vel e ecologicamente correta.<\/p>\n\n\n\n<h2 class=\"wp-block-heading\">Hor\u00e1rio do show:<\/h2>\n\n\n\n<figure class=\"wp-block-image size-full is-resized\"><img loading=\"lazy\" decoding=\"async\" width=\"720\" height=\"720\" data-src=\"https:\/\/lirolight.com\/wp-content\/uploads\/2025\/07\/x2-1818.png\" alt=\"\" class=\"wp-image-8259 lazyload\" style=\"--smush-placeholder-width: 720px; --smush-placeholder-aspect-ratio: 720\/720;width:900px;height:auto\" data-srcset=\"https:\/\/lirolight.com\/wp-content\/uploads\/2025\/07\/x2-1818.png 720w, https:\/\/lirolight.com\/wp-content\/uploads\/2025\/07\/x2-1818-300x300.png 300w, https:\/\/lirolight.com\/wp-content\/uploads\/2025\/07\/x2-1818-150x150.png 150w, https:\/\/lirolight.com\/wp-content\/uploads\/2025\/07\/x2-1818-12x12.png 12w, https:\/\/lirolight.com\/wp-content\/uploads\/2025\/07\/x2-1818-441x441.png 441w, https:\/\/lirolight.com\/wp-content\/uploads\/2025\/07\/x2-1818-100x100.png 100w, https:\/\/lirolight.com\/wp-content\/uploads\/2025\/07\/x2-1818-500x500.png 500w, https:\/\/lirolight.com\/wp-content\/uploads\/2025\/07\/x2-1818-40x40.png 40w\" data-sizes=\"(max-width: 720px) 100vw, 720px\" src=\"data:image\/gif;base64,R0lGODlhAQABAAAAACH5BAEKAAEALAAAAAABAAEAAAICTAEAOw==\" \/><noscript><img loading=\"lazy\" decoding=\"async\" width=\"720\" height=\"720\" src=\"https:\/\/lirolight.com\/wp-content\/uploads\/2025\/07\/x2-1818.png\" alt=\"\" class=\"wp-image-8259\" style=\"width:900px;height:auto\" srcset=\"https:\/\/lirolight.com\/wp-content\/uploads\/2025\/07\/x2-1818.png 720w, https:\/\/lirolight.com\/wp-content\/uploads\/2025\/07\/x2-1818-300x300.png 300w, https:\/\/lirolight.com\/wp-content\/uploads\/2025\/07\/x2-1818-150x150.png 150w, https:\/\/lirolight.com\/wp-content\/uploads\/2025\/07\/x2-1818-12x12.png 12w, https:\/\/lirolight.com\/wp-content\/uploads\/2025\/07\/x2-1818-441x441.png 441w, https:\/\/lirolight.com\/wp-content\/uploads\/2025\/07\/x2-1818-100x100.png 100w, https:\/\/lirolight.com\/wp-content\/uploads\/2025\/07\/x2-1818-500x500.png 500w, https:\/\/lirolight.com\/wp-content\/uploads\/2025\/07\/x2-1818-40x40.png 40w\" sizes=\"(max-width: 720px) 100vw, 720px\" \/><\/noscript><\/figure>\n\n\n\n<div class=\"wp-block-columns is-layout-flex wp-container-core-columns-is-layout-28f84493 wp-block-columns-is-layout-flex\">\n<div class=\"wp-block-column is-layout-flow wp-block-column-is-layout-flow\">\n<figure class=\"wp-block-image size-full\"><img loading=\"lazy\" decoding=\"async\" width=\"552\" height=\"652\" data-src=\"https:\/\/lirolight.com\/wp-content\/uploads\/2025\/07\/x4-1818.png\" alt=\"\" class=\"wp-image-8262 lazyload\" data-srcset=\"https:\/\/lirolight.com\/wp-content\/uploads\/2025\/07\/x4-1818.png 552w, https:\/\/lirolight.com\/wp-content\/uploads\/2025\/07\/x4-1818-254x300.png 254w, https:\/\/lirolight.com\/wp-content\/uploads\/2025\/07\/x4-1818-10x12.png 10w, https:\/\/lirolight.com\/wp-content\/uploads\/2025\/07\/x4-1818-441x521.png 441w, https:\/\/lirolight.com\/wp-content\/uploads\/2025\/07\/x4-1818-300x354.png 300w, https:\/\/lirolight.com\/wp-content\/uploads\/2025\/07\/x4-1818-150x177.png 150w, https:\/\/lirolight.com\/wp-content\/uploads\/2025\/07\/x4-1818-423x500.png 423w, https:\/\/lirolight.com\/wp-content\/uploads\/2025\/07\/x4-1818-34x40.png 34w\" data-sizes=\"(max-width: 552px) 100vw, 552px\" src=\"data:image\/gif;base64,R0lGODlhAQABAAAAACH5BAEKAAEALAAAAAABAAEAAAICTAEAOw==\" style=\"--smush-placeholder-width: 552px; --smush-placeholder-aspect-ratio: 552\/652;\" \/><noscript><img loading=\"lazy\" decoding=\"async\" width=\"552\" height=\"652\" src=\"https:\/\/lirolight.com\/wp-content\/uploads\/2025\/07\/x4-1818.png\" alt=\"\" class=\"wp-image-8262\" srcset=\"https:\/\/lirolight.com\/wp-content\/uploads\/2025\/07\/x4-1818.png 552w, https:\/\/lirolight.com\/wp-content\/uploads\/2025\/07\/x4-1818-254x300.png 254w, https:\/\/lirolight.com\/wp-content\/uploads\/2025\/07\/x4-1818-10x12.png 10w, https:\/\/lirolight.com\/wp-content\/uploads\/2025\/07\/x4-1818-441x521.png 441w, https:\/\/lirolight.com\/wp-content\/uploads\/2025\/07\/x4-1818-300x354.png 300w, https:\/\/lirolight.com\/wp-content\/uploads\/2025\/07\/x4-1818-150x177.png 150w, https:\/\/lirolight.com\/wp-content\/uploads\/2025\/07\/x4-1818-423x500.png 423w, https:\/\/lirolight.com\/wp-content\/uploads\/2025\/07\/x4-1818-34x40.png 34w\" sizes=\"(max-width: 552px) 100vw, 552px\" \/><\/noscript><\/figure>\n<\/div>\n\n\n\n<div class=\"wp-block-column is-layout-flow wp-block-column-is-layout-flow\"><\/div>\n\n\n\n<div class=\"wp-block-column is-layout-flow wp-block-column-is-layout-flow\">\n<figure class=\"wp-block-image size-full\"><img loading=\"lazy\" decoding=\"async\" width=\"552\" height=\"640\" data-src=\"https:\/\/lirolight.com\/wp-content\/uploads\/2025\/07\/x5-1818.png\" alt=\"\" class=\"wp-image-8263 lazyload\" data-srcset=\"https:\/\/lirolight.com\/wp-content\/uploads\/2025\/07\/x5-1818.png 552w, https:\/\/lirolight.com\/wp-content\/uploads\/2025\/07\/x5-1818-259x300.png 259w, https:\/\/lirolight.com\/wp-content\/uploads\/2025\/07\/x5-1818-10x12.png 10w, https:\/\/lirolight.com\/wp-content\/uploads\/2025\/07\/x5-1818-441x511.png 441w, https:\/\/lirolight.com\/wp-content\/uploads\/2025\/07\/x5-1818-300x348.png 300w, https:\/\/lirolight.com\/wp-content\/uploads\/2025\/07\/x5-1818-150x174.png 150w, https:\/\/lirolight.com\/wp-content\/uploads\/2025\/07\/x5-1818-431x500.png 431w, https:\/\/lirolight.com\/wp-content\/uploads\/2025\/07\/x5-1818-35x40.png 35w\" data-sizes=\"(max-width: 552px) 100vw, 552px\" src=\"data:image\/gif;base64,R0lGODlhAQABAAAAACH5BAEKAAEALAAAAAABAAEAAAICTAEAOw==\" style=\"--smush-placeholder-width: 552px; --smush-placeholder-aspect-ratio: 552\/640;\" \/><noscript><img loading=\"lazy\" decoding=\"async\" width=\"552\" height=\"640\" src=\"https:\/\/lirolight.com\/wp-content\/uploads\/2025\/07\/x5-1818.png\" alt=\"\" class=\"wp-image-8263\" srcset=\"https:\/\/lirolight.com\/wp-content\/uploads\/2025\/07\/x5-1818.png 552w, https:\/\/lirolight.com\/wp-content\/uploads\/2025\/07\/x5-1818-259x300.png 259w, https:\/\/lirolight.com\/wp-content\/uploads\/2025\/07\/x5-1818-10x12.png 10w, https:\/\/lirolight.com\/wp-content\/uploads\/2025\/07\/x5-1818-441x511.png 441w, https:\/\/lirolight.com\/wp-content\/uploads\/2025\/07\/x5-1818-300x348.png 300w, https:\/\/lirolight.com\/wp-content\/uploads\/2025\/07\/x5-1818-150x174.png 150w, https:\/\/lirolight.com\/wp-content\/uploads\/2025\/07\/x5-1818-431x500.png 431w, https:\/\/lirolight.com\/wp-content\/uploads\/2025\/07\/x5-1818-35x40.png 35w\" sizes=\"(max-width: 552px) 100vw, 552px\" \/><\/noscript><\/figure>\n<\/div>\n<\/div>","protected":false},"excerpt":{"rendered":"<div class=\"QFw9Te BLojaf\">\n<div class=\"hlJJmd\">\n<div class=\"Bmcqed\" dir=\"ltr\">\n<div data-id=\"kvLWu\">\n<div data-slate-node=\"element\">A lumin\u00e1ria incorpora LEDs de 18 unidades e 18 watts, cada um capaz de emitir cores RGB (vermelho, verde, azul), bem como luz branca (W), \u00e2mbar (A) e roxa (P), totalizando seis cores (RGBWAP). Isso permite uma gama incrivelmente diversificada de mistura e combina\u00e7\u00e3o de cores, possibilitando a cria\u00e7\u00e3o de efeitos de ilumina\u00e7\u00e3o vibrantes e din\u00e2micos.<\/div>\n<\/div>\n<\/div>\n<\/div>\n<div class=\"cEWAef\">\u00a0<\/div>\n<div class=\"fXYY1b D5aOJc\">\u00a0<\/div>\n<div id=\"ow6\">\u00a0<\/div>\n<\/div>\n<div class=\"DVHrxd\">\u00a0<\/div>\n<div class=\"UdTY9 BwTYAc leDWne\" aria-hidden=\"true\" data-location=\"1\">\u00a0<\/div>\n<p>&nbsp;<\/p>\n<blockquote><p>\u00a0<\/p><\/blockquote>\n<p>&nbsp;<\/p>","protected":false},"featured_media":8256,"comment_status":"open","ping_status":"closed","template":"","meta":[],"product_brand":[],"product_cat":[58],"product_tag":[135,134,136],"class_list":{"0":"post-8206","1":"product","2":"type-product","3":"status-publish","4":"has-post-thumbnail","6":"product_cat-led-par-light","7":"product_tag-dj-par-light","8":"product_tag-led-par-light","9":"product_tag-pan-can","11":"first","12":"instock","13":"shipping-taxable","14":"product-type-simple"},"_links":{"self":[{"href":"https:\/\/lirolight.com\/pt\/wp-json\/wp\/v2\/product\/8206","targetHints":{"allow":["GET"]}}],"collection":[{"href":"https:\/\/lirolight.com\/pt\/wp-json\/wp\/v2\/product"}],"about":[{"href":"https:\/\/lirolight.com\/pt\/wp-json\/wp\/v2\/types\/product"}],"replies":[{"embeddable":true,"href":"https:\/\/lirolight.com\/pt\/wp-json\/wp\/v2\/comments?post=8206"}],"version-history":[{"count":4,"href":"https:\/\/lirolight.com\/pt\/wp-json\/wp\/v2\/product\/8206\/revisions"}],"predecessor-version":[{"id":10598,"href":"https:\/\/lirolight.com\/pt\/wp-json\/wp\/v2\/product\/8206\/revisions\/10598"}],"wp:featuredmedia":[{"embeddable":true,"href":"https:\/\/lirolight.com\/pt\/wp-json\/wp\/v2\/media\/8256"}],"wp:attachment":[{"href":"https:\/\/lirolight.com\/pt\/wp-json\/wp\/v2\/media?parent=8206"}],"wp:term":[{"taxonomy":"product_brand","embeddable":true,"href":"https:\/\/lirolight.com\/pt\/wp-json\/wp\/v2\/product_brand?post=8206"},{"taxonomy":"product_cat","embeddable":true,"href":"https:\/\/lirolight.com\/pt\/wp-json\/wp\/v2\/product_cat?post=8206"},{"taxonomy":"product_tag","embeddable":true,"href":"https:\/\/lirolight.com\/pt\/wp-json\/wp\/v2\/product_tag?post=8206"}],"curies":[{"name":"wp","href":"https:\/\/api.w.org\/{rel}","templated":true}]}}