{"id":8334,"date":"2025-07-16T06:32:34","date_gmt":"2025-07-16T06:32:34","guid":{"rendered":"https:\/\/lirolight.com\/?post_type=product&#038;p=8334"},"modified":"2026-03-06T07:03:10","modified_gmt":"2026-03-06T07:03:10","slug":"led-profile-spot-light-300w-ww-cw-dmx-led-ellipsoidal-light-high-brightness-leko-cinema-church-theater-lights","status":"publish","type":"product","link":"https:\/\/lirolight.com\/pt\/produto\/led-profile-spot-light-300w-ww-cw-dmx-led-ellipsoidal-light-high-brightness-leko-cinema-church-theater-lights\/","title":{"rendered":"LiRO-LITE Led Profile Spot Light 300w WW\/CW DMX Led Ellipsoidal Light High Brightness Leko Cinema Church Theater Lights"},"content":{"rendered":"<h2 class=\"wp-block-heading\"><strong><mark style=\"background-color:#000000\" class=\"has-inline-color has-white-color\">LR-PS300<\/mark><\/strong><\/h2>\n\n\n\n<hr class=\"wp-block-separator has-alpha-channel-opacity\"\/>\n\n\n\n<h2 class=\"wp-block-heading\">Fotos:<\/h2>\n\n\n\n<div class=\"wp-block-columns is-layout-flex wp-container-core-columns-is-layout-28f84493 wp-block-columns-is-layout-flex\">\n<div class=\"wp-block-column is-layout-flow wp-block-column-is-layout-flow\">\n<div class=\"wp-block-columns is-layout-flex wp-container-core-columns-is-layout-28f84493 wp-block-columns-is-layout-flex\">\n<div class=\"wp-block-column is-layout-flow wp-block-column-is-layout-flow\">\n<figure class=\"wp-block-image size-full\"><img fetchpriority=\"high\" decoding=\"async\" width=\"2000\" height=\"2000\" src=\"https:\/\/lirolight.com\/wp-content\/uploads\/2025\/07\/2_\u526f\u672c.png\" alt=\"\" class=\"wp-image-10809\" srcset=\"https:\/\/lirolight.com\/wp-content\/uploads\/2025\/07\/2_\u526f\u672c.png 2000w, https:\/\/lirolight.com\/wp-content\/uploads\/2025\/07\/2_\u526f\u672c-300x300.png 300w, https:\/\/lirolight.com\/wp-content\/uploads\/2025\/07\/2_\u526f\u672c-1024x1024.png 1024w, https:\/\/lirolight.com\/wp-content\/uploads\/2025\/07\/2_\u526f\u672c-150x150.png 150w, https:\/\/lirolight.com\/wp-content\/uploads\/2025\/07\/2_\u526f\u672c-768x768.png 768w, https:\/\/lirolight.com\/wp-content\/uploads\/2025\/07\/2_\u526f\u672c-1536x1536.png 1536w, https:\/\/lirolight.com\/wp-content\/uploads\/2025\/07\/2_\u526f\u672c-12x12.png 12w, https:\/\/lirolight.com\/wp-content\/uploads\/2025\/07\/2_\u526f\u672c-990x990.png 990w, https:\/\/lirolight.com\/wp-content\/uploads\/2025\/07\/2_\u526f\u672c-441x441.png 441w, https:\/\/lirolight.com\/wp-content\/uploads\/2025\/07\/2_\u526f\u672c-100x100.png 100w, https:\/\/lirolight.com\/wp-content\/uploads\/2025\/07\/2_\u526f\u672c-800x800.png 800w, https:\/\/lirolight.com\/wp-content\/uploads\/2025\/07\/2_\u526f\u672c-40x40.png 40w\" sizes=\"(max-width: 2000px) 100vw, 2000px\" \/><\/figure>\n<\/div>\n\n\n\n<div class=\"wp-block-column is-layout-flow wp-block-column-is-layout-flow\">\n<figure class=\"wp-block-image size-large\"><img decoding=\"async\" width=\"1024\" height=\"1024\" data-src=\"https:\/\/lirolight.com\/wp-content\/uploads\/2025\/07\/3_\u526f\u672c-1024x1024.png\" alt=\"\" class=\"wp-image-10808 lazyload\" data-srcset=\"https:\/\/lirolight.com\/wp-content\/uploads\/2025\/07\/3_\u526f\u672c-1024x1024.png 1024w, https:\/\/lirolight.com\/wp-content\/uploads\/2025\/07\/3_\u526f\u672c-300x300.png 300w, https:\/\/lirolight.com\/wp-content\/uploads\/2025\/07\/3_\u526f\u672c-150x150.png 150w, https:\/\/lirolight.com\/wp-content\/uploads\/2025\/07\/3_\u526f\u672c-768x768.png 768w, https:\/\/lirolight.com\/wp-content\/uploads\/2025\/07\/3_\u526f\u672c-1536x1536.png 1536w, https:\/\/lirolight.com\/wp-content\/uploads\/2025\/07\/3_\u526f\u672c-12x12.png 12w, https:\/\/lirolight.com\/wp-content\/uploads\/2025\/07\/3_\u526f\u672c-990x990.png 990w, https:\/\/lirolight.com\/wp-content\/uploads\/2025\/07\/3_\u526f\u672c-441x441.png 441w, https:\/\/lirolight.com\/wp-content\/uploads\/2025\/07\/3_\u526f\u672c-100x100.png 100w, https:\/\/lirolight.com\/wp-content\/uploads\/2025\/07\/3_\u526f\u672c-800x800.png 800w, https:\/\/lirolight.com\/wp-content\/uploads\/2025\/07\/3_\u526f\u672c-40x40.png 40w, https:\/\/lirolight.com\/wp-content\/uploads\/2025\/07\/3_\u526f\u672c.png 2000w\" data-sizes=\"(max-width: 1024px) 100vw, 1024px\" src=\"data:image\/gif;base64,R0lGODlhAQABAAAAACH5BAEKAAEALAAAAAABAAEAAAICTAEAOw==\" style=\"--smush-placeholder-width: 1024px; --smush-placeholder-aspect-ratio: 1024\/1024;\" \/><noscript><img decoding=\"async\" width=\"1024\" height=\"1024\" src=\"https:\/\/lirolight.com\/wp-content\/uploads\/2025\/07\/3_\u526f\u672c-1024x1024.png\" alt=\"\" class=\"wp-image-10808\" srcset=\"https:\/\/lirolight.com\/wp-content\/uploads\/2025\/07\/3_\u526f\u672c-1024x1024.png 1024w, https:\/\/lirolight.com\/wp-content\/uploads\/2025\/07\/3_\u526f\u672c-300x300.png 300w, https:\/\/lirolight.com\/wp-content\/uploads\/2025\/07\/3_\u526f\u672c-150x150.png 150w, https:\/\/lirolight.com\/wp-content\/uploads\/2025\/07\/3_\u526f\u672c-768x768.png 768w, https:\/\/lirolight.com\/wp-content\/uploads\/2025\/07\/3_\u526f\u672c-1536x1536.png 1536w, https:\/\/lirolight.com\/wp-content\/uploads\/2025\/07\/3_\u526f\u672c-12x12.png 12w, https:\/\/lirolight.com\/wp-content\/uploads\/2025\/07\/3_\u526f\u672c-990x990.png 990w, https:\/\/lirolight.com\/wp-content\/uploads\/2025\/07\/3_\u526f\u672c-441x441.png 441w, https:\/\/lirolight.com\/wp-content\/uploads\/2025\/07\/3_\u526f\u672c-100x100.png 100w, https:\/\/lirolight.com\/wp-content\/uploads\/2025\/07\/3_\u526f\u672c-800x800.png 800w, https:\/\/lirolight.com\/wp-content\/uploads\/2025\/07\/3_\u526f\u672c-40x40.png 40w, https:\/\/lirolight.com\/wp-content\/uploads\/2025\/07\/3_\u526f\u672c.png 2000w\" sizes=\"(max-width: 1024px) 100vw, 1024px\" \/><\/noscript><\/figure>\n<\/div>\n<\/div>\n<\/div>\n<\/div>\n\n\n\n<h2 class=\"wp-block-heading\">Especifica\u00e7\u00e3o:<\/h2>\n\n\n\n<p>Pot\u00eancia: 300W<br>Temperatura de cor: Branco quente (WW) e branco frio (CW) selecion\u00e1veis (RGBW pode ser personalizado)<br>\u00cdndice de Renderiza\u00e7\u00e3o de Cores (CRI): 90<br>Faixa de zoom eletr\u00f4nico: 15\u00b0 a 50\u00b0<br>M\u00e9todo de escurecimento: Escurecimento linear de 0~100%<br>Tens\u00e3o operacional: AC100-240V, 50\/60Hz<br>Classifica\u00e7\u00e3o IP: IP20<br>Dimens\u00f5es: 320 x 285 x 440 mm<br>Peso: 8,5 kg<\/p>\n\n\n\n<div class=\"wp-block-columns is-layout-flex wp-container-core-columns-is-layout-28f84493 wp-block-columns-is-layout-flex\">\n<div class=\"wp-block-column is-layout-flow wp-block-column-is-layout-flow\">\n<h2 class=\"wp-block-heading\">Caracter\u00edsticas:<\/h2>\n<\/div>\n<\/div>\n\n\n\n<p><strong>Fonte de LED de alto brilho<\/strong><br>Equipada com uma fonte de LED de 300 W, essa lumin\u00e1ria oferece alto brilho e um alto \u00cdndice de Renderiza\u00e7\u00e3o de Cores (CRI 90). Ela fornece luz clara e uniforme, o que a torna adequada para aplica\u00e7\u00f5es como close-ups de atores e ilumina\u00e7\u00e3o de fundo de palco.<br><strong>Sele\u00e7\u00e3o de temperatura de cor dupla<\/strong><br>Suporta os modos de temperatura de cor Branco quente (WW) e Branco frio (CW). Os usu\u00e1rios podem selecionar a temperatura apropriada com base nos requisitos da cena, atendendo a diversas necessidades de desempenho ou de filmagem.<br><strong>Fun\u00e7\u00e3o de controle DMX<\/strong><br>Apresenta o modo de controle DMX512 integrado, permitindo o ajuste f\u00e1cil da intensidade da luz, mudan\u00e7as de cor e efeitos din\u00e2micos. Isso o torna ideal para configura\u00e7\u00f5es complexas de ilumina\u00e7\u00e3o de palco.<br><strong>Zoom eletr\u00f4nico e fun\u00e7\u00e3o de foco<\/strong><br>Normalmente, oferece uma faixa de zoom eletr\u00f4nico de 15\u00b0 a 50\u00b0. Os usu\u00e1rios podem ajustar o \u00e2ngulo do feixe conforme necess\u00e1rio. Ele tamb\u00e9m suporta foco manual e autom\u00e1tico para uma opera\u00e7\u00e3o flex\u00edvel.<br><strong>Alta renderiza\u00e7\u00e3o de cores e efeito de luz suave<\/strong><br>Proporciona luz suave e uniforme com um alto \u00cdndice de Renderiza\u00e7\u00e3o de Cores (CRI). Esse recurso garante a reprodu\u00e7\u00e3o de cores reais dos objetos iluminados, tornando-o particularmente adequado para aplica\u00e7\u00f5es que exigem ilumina\u00e7\u00e3o de alta precis\u00e3o.<br><strong>Sistema de resfriamento eficiente e est\u00e1vel<\/strong><br>Equipado com uma ventoinha silenciosa Super Flower 3 e um sistema de resfriamento excepcionalmente eficiente. Isso garante uma opera\u00e7\u00e3o est\u00e1vel mesmo em alta pot\u00eancia, aumentando a vida \u00fatil da lumin\u00e1ria.<br><strong>Ampla faixa de temperatura operacional<\/strong><br>Pode operar normalmente em uma faixa de temperatura ambiente de -30\u00b0C a 50\u00b0C, oferecendo grande adaptabilidade a v\u00e1rios cen\u00e1rios de uso.<br><strong>Eficiente em termos de energia e ecologicamente correto<\/strong><br>A fonte de LED consome pouca energia e tem uma vida \u00fatil de at\u00e9 50.000 horas. Isso reduz a frequ\u00eancia de substitui\u00e7\u00e3o das lumin\u00e1rias e diminui os custos de manuten\u00e7\u00e3o.<\/p>\n\n\n\n<h2 class=\"wp-block-heading\">Hor\u00e1rio do show.<\/h2>\n\n\n\n<figure class=\"wp-block-image alignwide size-full\"><img decoding=\"async\" width=\"600\" height=\"400\" data-src=\"https:\/\/lirolight.com\/wp-content\/uploads\/2025\/07\/8-1.png\" alt=\"\" class=\"wp-image-8337 lazyload\" data-srcset=\"https:\/\/lirolight.com\/wp-content\/uploads\/2025\/07\/8-1.png 600w, https:\/\/lirolight.com\/wp-content\/uploads\/2025\/07\/8-1-300x200.png 300w, https:\/\/lirolight.com\/wp-content\/uploads\/2025\/07\/8-1-18x12.png 18w, https:\/\/lirolight.com\/wp-content\/uploads\/2025\/07\/8-1-441x294.png 441w, https:\/\/lirolight.com\/wp-content\/uploads\/2025\/07\/8-1-150x100.png 150w, https:\/\/lirolight.com\/wp-content\/uploads\/2025\/07\/8-1-500x333.png 500w, https:\/\/lirolight.com\/wp-content\/uploads\/2025\/07\/8-1-60x40.png 60w\" data-sizes=\"(max-width: 600px) 100vw, 600px\" src=\"data:image\/gif;base64,R0lGODlhAQABAAAAACH5BAEKAAEALAAAAAABAAEAAAICTAEAOw==\" style=\"--smush-placeholder-width: 600px; --smush-placeholder-aspect-ratio: 600\/400;\" \/><noscript><img decoding=\"async\" width=\"600\" height=\"400\" src=\"https:\/\/lirolight.com\/wp-content\/uploads\/2025\/07\/8-1.png\" alt=\"\" class=\"wp-image-8337\" srcset=\"https:\/\/lirolight.com\/wp-content\/uploads\/2025\/07\/8-1.png 600w, https:\/\/lirolight.com\/wp-content\/uploads\/2025\/07\/8-1-300x200.png 300w, https:\/\/lirolight.com\/wp-content\/uploads\/2025\/07\/8-1-18x12.png 18w, https:\/\/lirolight.com\/wp-content\/uploads\/2025\/07\/8-1-441x294.png 441w, https:\/\/lirolight.com\/wp-content\/uploads\/2025\/07\/8-1-150x100.png 150w, https:\/\/lirolight.com\/wp-content\/uploads\/2025\/07\/8-1-500x333.png 500w, https:\/\/lirolight.com\/wp-content\/uploads\/2025\/07\/8-1-60x40.png 60w\" sizes=\"(max-width: 600px) 100vw, 600px\" \/><\/noscript><\/figure>\n\n\n\n<figure class=\"wp-block-image alignwide size-large\"><img loading=\"lazy\" decoding=\"async\" width=\"528\" height=\"1024\" data-src=\"https:\/\/lirolight.com\/wp-content\/uploads\/2025\/07\/X3-528x1024.png\" alt=\"\" class=\"wp-image-8338 lazyload\" data-srcset=\"https:\/\/lirolight.com\/wp-content\/uploads\/2025\/07\/X3-528x1024.png 528w, https:\/\/lirolight.com\/wp-content\/uploads\/2025\/07\/X3-155x300.png 155w, https:\/\/lirolight.com\/wp-content\/uploads\/2025\/07\/X3-768x1489.png 768w, https:\/\/lirolight.com\/wp-content\/uploads\/2025\/07\/X3-6x12.png 6w, https:\/\/lirolight.com\/wp-content\/uploads\/2025\/07\/X3-441x855.png 441w, https:\/\/lirolight.com\/wp-content\/uploads\/2025\/07\/X3-300x582.png 300w, https:\/\/lirolight.com\/wp-content\/uploads\/2025\/07\/X3-150x291.png 150w, https:\/\/lirolight.com\/wp-content\/uploads\/2025\/07\/X3-258x500.png 258w, https:\/\/lirolight.com\/wp-content\/uploads\/2025\/07\/X3-21x40.png 21w, https:\/\/lirolight.com\/wp-content\/uploads\/2025\/07\/X3.png 790w\" data-sizes=\"(max-width: 528px) 100vw, 528px\" src=\"data:image\/gif;base64,R0lGODlhAQABAAAAACH5BAEKAAEALAAAAAABAAEAAAICTAEAOw==\" style=\"--smush-placeholder-width: 528px; --smush-placeholder-aspect-ratio: 528\/1024;\" \/><noscript><img loading=\"lazy\" decoding=\"async\" width=\"528\" height=\"1024\" src=\"https:\/\/lirolight.com\/wp-content\/uploads\/2025\/07\/X3-528x1024.png\" alt=\"\" class=\"wp-image-8338\" srcset=\"https:\/\/lirolight.com\/wp-content\/uploads\/2025\/07\/X3-528x1024.png 528w, https:\/\/lirolight.com\/wp-content\/uploads\/2025\/07\/X3-155x300.png 155w, https:\/\/lirolight.com\/wp-content\/uploads\/2025\/07\/X3-768x1489.png 768w, https:\/\/lirolight.com\/wp-content\/uploads\/2025\/07\/X3-6x12.png 6w, https:\/\/lirolight.com\/wp-content\/uploads\/2025\/07\/X3-441x855.png 441w, https:\/\/lirolight.com\/wp-content\/uploads\/2025\/07\/X3-300x582.png 300w, https:\/\/lirolight.com\/wp-content\/uploads\/2025\/07\/X3-150x291.png 150w, https:\/\/lirolight.com\/wp-content\/uploads\/2025\/07\/X3-258x500.png 258w, https:\/\/lirolight.com\/wp-content\/uploads\/2025\/07\/X3-21x40.png 21w, https:\/\/lirolight.com\/wp-content\/uploads\/2025\/07\/X3.png 790w\" sizes=\"(max-width: 528px) 100vw, 528px\" \/><\/noscript><\/figure>\n\n\n\n<h2 class=\"wp-block-heading\">Cen\u00e1rios aplic\u00e1veis:<\/h2>\n\n\n\n<p>Apresenta\u00e7\u00f5es em palcos: Ideal para teatro, musicais, concertos e outras necessidades de ilumina\u00e7\u00e3o de palco, proporcionando um controle preciso da luz.<br>Proje\u00e7\u00e3o de cinema: Usado para ilumina\u00e7\u00e3o auxiliar em cinemas para melhorar a qualidade da imagem projetada.<br>Ilumina\u00e7\u00e3o para igrejas: Adequado para arranjos de ilumina\u00e7\u00e3o em locais religiosos, criando uma atmosfera solene.<br>Salas de reuni\u00e3o e est\u00fadios: Usado para ilumina\u00e7\u00e3o principal de apresentadores e ilumina\u00e7\u00e3o dos olhos em est\u00fadios de transmiss\u00e3o para melhorar a qualidade da imagem.<\/p>","protected":false},"excerpt":{"rendered":"<div class=\"QFw9Te BLojaf\">\n<div class=\"hlJJmd\">\n<div class=\"Bmcqed\" dir=\"ltr\">\n<div data-id=\"kvLWu\">Essa lumin\u00e1ria \u00e9 a escolha ideal para palcos, cinemas, igrejas e outros locais devido ao seu alto brilho, alta reprodu\u00e7\u00e3o de cores, recursos de controle multifuncional e efici\u00eancia energ\u00e9tica. Seu desempenho est\u00e1vel e opera\u00e7\u00e3o flex\u00edvel oferecem aos usu\u00e1rios uma solu\u00e7\u00e3o de ilumina\u00e7\u00e3o conveniente e profissional.<\/div>\n<\/div>\n<\/div>\n<\/div>\n<p>&nbsp;<\/p>","protected":false},"featured_media":10809,"comment_status":"open","ping_status":"closed","template":"","meta":[],"product_brand":[],"product_cat":[87,59],"product_tag":[148,149,147],"class_list":{"0":"post-8334","1":"product","2":"type-product","3":"status-publish","4":"has-post-thumbnail","6":"product_cat-led-studio-light","7":"product_cat-stage-effect-light","8":"product_tag-ledprofilelight","9":"product_tag-ledstudiolight300","10":"product_tag-stagelight","12":"first","13":"instock","14":"shipping-taxable","15":"product-type-simple"},"_links":{"self":[{"href":"https:\/\/lirolight.com\/pt\/wp-json\/wp\/v2\/product\/8334","targetHints":{"allow":["GET"]}}],"collection":[{"href":"https:\/\/lirolight.com\/pt\/wp-json\/wp\/v2\/product"}],"about":[{"href":"https:\/\/lirolight.com\/pt\/wp-json\/wp\/v2\/types\/product"}],"replies":[{"embeddable":true,"href":"https:\/\/lirolight.com\/pt\/wp-json\/wp\/v2\/comments?post=8334"}],"version-history":[{"count":6,"href":"https:\/\/lirolight.com\/pt\/wp-json\/wp\/v2\/product\/8334\/revisions"}],"predecessor-version":[{"id":10810,"href":"https:\/\/lirolight.com\/pt\/wp-json\/wp\/v2\/product\/8334\/revisions\/10810"}],"wp:featuredmedia":[{"embeddable":true,"href":"https:\/\/lirolight.com\/pt\/wp-json\/wp\/v2\/media\/10809"}],"wp:attachment":[{"href":"https:\/\/lirolight.com\/pt\/wp-json\/wp\/v2\/media?parent=8334"}],"wp:term":[{"taxonomy":"product_brand","embeddable":true,"href":"https:\/\/lirolight.com\/pt\/wp-json\/wp\/v2\/product_brand?post=8334"},{"taxonomy":"product_cat","embeddable":true,"href":"https:\/\/lirolight.com\/pt\/wp-json\/wp\/v2\/product_cat?post=8334"},{"taxonomy":"product_tag","embeddable":true,"href":"https:\/\/lirolight.com\/pt\/wp-json\/wp\/v2\/product_tag?post=8334"}],"curies":[{"name":"wp","href":"https:\/\/api.w.org\/{rel}","templated":true}]}}