{"id":8566,"date":"2025-07-21T08:00:21","date_gmt":"2025-07-21T08:00:21","guid":{"rendered":"https:\/\/lirolight.com\/?post_type=product&#038;p=8566"},"modified":"2026-01-14T06:42:07","modified_gmt":"2026-01-14T06:42:07","slug":"nled-280w-beam-spot-wash-3in1-hybrid-moving-head-stage-light-for-wedding-party","status":"publish","type":"product","link":"https:\/\/lirolight.com\/pt\/produto\/nled-280w-beam-spot-wash-3in1-hybrid-moving-head-stage-light-for-wedding-party\/","title":{"rendered":"LiRO-LITE NLED 280w feixe Spot Wash 3in1 Hybrid Moving Head Stage Light para festas de casamento"},"content":{"rendered":"<h2 class=\"wp-block-heading\"><strong><mark style=\"background-color:#000000\" class=\"has-inline-color has-white-color\">LR-NLED BSW280<\/mark><\/strong><\/h2>\n\n\n\n<hr class=\"wp-block-separator has-alpha-channel-opacity\"\/>\n\n\n\n<h2 class=\"wp-block-heading\"><strong>Fotos<\/strong>:<\/h2>\n\n\n\n<div class=\"wp-block-columns is-layout-flex wp-container-core-columns-is-layout-28f84493 wp-block-columns-is-layout-flex\">\n<div class=\"wp-block-column is-layout-flow wp-block-column-is-layout-flow\">\n<figure class=\"wp-block-image size-large\"><img fetchpriority=\"high\" decoding=\"async\" width=\"1024\" height=\"1024\" src=\"https:\/\/lirolight.com\/wp-content\/uploads\/2025\/07\/\u767d4-7-1024x1024.png\" alt=\"\" class=\"wp-image-10158\" srcset=\"https:\/\/lirolight.com\/wp-content\/uploads\/2025\/07\/\u767d4-7-1024x1024.png 1024w, https:\/\/lirolight.com\/wp-content\/uploads\/2025\/07\/\u767d4-7-300x300.png 300w, https:\/\/lirolight.com\/wp-content\/uploads\/2025\/07\/\u767d4-7-150x150.png 150w, https:\/\/lirolight.com\/wp-content\/uploads\/2025\/07\/\u767d4-7-768x768.png 768w, https:\/\/lirolight.com\/wp-content\/uploads\/2025\/07\/\u767d4-7-1536x1536.png 1536w, https:\/\/lirolight.com\/wp-content\/uploads\/2025\/07\/\u767d4-7-2048x2048.png 2048w, https:\/\/lirolight.com\/wp-content\/uploads\/2025\/07\/\u767d4-7-12x12.png 12w, https:\/\/lirolight.com\/wp-content\/uploads\/2025\/07\/\u767d4-7-990x990.png 990w, https:\/\/lirolight.com\/wp-content\/uploads\/2025\/07\/\u767d4-7-441x441.png 441w, https:\/\/lirolight.com\/wp-content\/uploads\/2025\/07\/\u767d4-7-100x100.png 100w, https:\/\/lirolight.com\/wp-content\/uploads\/2025\/07\/\u767d4-7-800x800.png 800w, https:\/\/lirolight.com\/wp-content\/uploads\/2025\/07\/\u767d4-7-40x40.png 40w\" sizes=\"(max-width: 1024px) 100vw, 1024px\" \/><\/figure>\n<\/div>\n\n\n\n<div class=\"wp-block-column is-layout-flow wp-block-column-is-layout-flow\">\n<figure class=\"wp-block-image size-large\"><img decoding=\"async\" width=\"1024\" height=\"1024\" data-src=\"https:\/\/lirolight.com\/wp-content\/uploads\/2025\/07\/\u767d5-8-1024x1024.png\" alt=\"\" class=\"wp-image-10159 lazyload\" data-srcset=\"https:\/\/lirolight.com\/wp-content\/uploads\/2025\/07\/\u767d5-8-1024x1024.png 1024w, https:\/\/lirolight.com\/wp-content\/uploads\/2025\/07\/\u767d5-8-300x300.png 300w, https:\/\/lirolight.com\/wp-content\/uploads\/2025\/07\/\u767d5-8-150x150.png 150w, https:\/\/lirolight.com\/wp-content\/uploads\/2025\/07\/\u767d5-8-768x768.png 768w, https:\/\/lirolight.com\/wp-content\/uploads\/2025\/07\/\u767d5-8-1536x1536.png 1536w, https:\/\/lirolight.com\/wp-content\/uploads\/2025\/07\/\u767d5-8-2048x2048.png 2048w, https:\/\/lirolight.com\/wp-content\/uploads\/2025\/07\/\u767d5-8-12x12.png 12w, https:\/\/lirolight.com\/wp-content\/uploads\/2025\/07\/\u767d5-8-990x990.png 990w, https:\/\/lirolight.com\/wp-content\/uploads\/2025\/07\/\u767d5-8-441x441.png 441w, https:\/\/lirolight.com\/wp-content\/uploads\/2025\/07\/\u767d5-8-100x100.png 100w, https:\/\/lirolight.com\/wp-content\/uploads\/2025\/07\/\u767d5-8-800x800.png 800w, https:\/\/lirolight.com\/wp-content\/uploads\/2025\/07\/\u767d5-8-40x40.png 40w\" data-sizes=\"(max-width: 1024px) 100vw, 1024px\" src=\"data:image\/gif;base64,R0lGODlhAQABAAAAACH5BAEKAAEALAAAAAABAAEAAAICTAEAOw==\" style=\"--smush-placeholder-width: 1024px; --smush-placeholder-aspect-ratio: 1024\/1024;\" \/><noscript><img decoding=\"async\" width=\"1024\" height=\"1024\" src=\"https:\/\/lirolight.com\/wp-content\/uploads\/2025\/07\/\u767d5-8-1024x1024.png\" alt=\"\" class=\"wp-image-10159\" srcset=\"https:\/\/lirolight.com\/wp-content\/uploads\/2025\/07\/\u767d5-8-1024x1024.png 1024w, https:\/\/lirolight.com\/wp-content\/uploads\/2025\/07\/\u767d5-8-300x300.png 300w, https:\/\/lirolight.com\/wp-content\/uploads\/2025\/07\/\u767d5-8-150x150.png 150w, https:\/\/lirolight.com\/wp-content\/uploads\/2025\/07\/\u767d5-8-768x768.png 768w, https:\/\/lirolight.com\/wp-content\/uploads\/2025\/07\/\u767d5-8-1536x1536.png 1536w, https:\/\/lirolight.com\/wp-content\/uploads\/2025\/07\/\u767d5-8-2048x2048.png 2048w, https:\/\/lirolight.com\/wp-content\/uploads\/2025\/07\/\u767d5-8-12x12.png 12w, https:\/\/lirolight.com\/wp-content\/uploads\/2025\/07\/\u767d5-8-990x990.png 990w, https:\/\/lirolight.com\/wp-content\/uploads\/2025\/07\/\u767d5-8-441x441.png 441w, https:\/\/lirolight.com\/wp-content\/uploads\/2025\/07\/\u767d5-8-100x100.png 100w, https:\/\/lirolight.com\/wp-content\/uploads\/2025\/07\/\u767d5-8-800x800.png 800w, https:\/\/lirolight.com\/wp-content\/uploads\/2025\/07\/\u767d5-8-40x40.png 40w\" sizes=\"(max-width: 1024px) 100vw, 1024px\" \/><\/noscript><\/figure>\n<\/div>\n<\/div>\n\n\n\n<div class=\"wp-block-columns is-layout-flex wp-container-core-columns-is-layout-28f84493 wp-block-columns-is-layout-flex\">\n<div class=\"wp-block-column is-layout-flow wp-block-column-is-layout-flow\">\n<figure class=\"wp-block-image size-full\"><img decoding=\"async\" width=\"2500\" height=\"2500\" data-src=\"https:\/\/lirolight.com\/wp-content\/uploads\/2025\/07\/\u767d7-6.png\" alt=\"\" class=\"wp-image-10161 lazyload\" data-srcset=\"https:\/\/lirolight.com\/wp-content\/uploads\/2025\/07\/\u767d7-6.png 2500w, https:\/\/lirolight.com\/wp-content\/uploads\/2025\/07\/\u767d7-6-300x300.png 300w, https:\/\/lirolight.com\/wp-content\/uploads\/2025\/07\/\u767d7-6-1024x1024.png 1024w, https:\/\/lirolight.com\/wp-content\/uploads\/2025\/07\/\u767d7-6-150x150.png 150w, https:\/\/lirolight.com\/wp-content\/uploads\/2025\/07\/\u767d7-6-768x768.png 768w, https:\/\/lirolight.com\/wp-content\/uploads\/2025\/07\/\u767d7-6-1536x1536.png 1536w, https:\/\/lirolight.com\/wp-content\/uploads\/2025\/07\/\u767d7-6-2048x2048.png 2048w, https:\/\/lirolight.com\/wp-content\/uploads\/2025\/07\/\u767d7-6-12x12.png 12w, https:\/\/lirolight.com\/wp-content\/uploads\/2025\/07\/\u767d7-6-990x990.png 990w, https:\/\/lirolight.com\/wp-content\/uploads\/2025\/07\/\u767d7-6-441x441.png 441w, https:\/\/lirolight.com\/wp-content\/uploads\/2025\/07\/\u767d7-6-100x100.png 100w, https:\/\/lirolight.com\/wp-content\/uploads\/2025\/07\/\u767d7-6-800x800.png 800w, https:\/\/lirolight.com\/wp-content\/uploads\/2025\/07\/\u767d7-6-40x40.png 40w\" data-sizes=\"(max-width: 2500px) 100vw, 2500px\" src=\"data:image\/gif;base64,R0lGODlhAQABAAAAACH5BAEKAAEALAAAAAABAAEAAAICTAEAOw==\" style=\"--smush-placeholder-width: 2500px; --smush-placeholder-aspect-ratio: 2500\/2500;\" \/><noscript><img decoding=\"async\" width=\"2500\" height=\"2500\" src=\"https:\/\/lirolight.com\/wp-content\/uploads\/2025\/07\/\u767d7-6.png\" alt=\"\" class=\"wp-image-10161\" srcset=\"https:\/\/lirolight.com\/wp-content\/uploads\/2025\/07\/\u767d7-6.png 2500w, https:\/\/lirolight.com\/wp-content\/uploads\/2025\/07\/\u767d7-6-300x300.png 300w, https:\/\/lirolight.com\/wp-content\/uploads\/2025\/07\/\u767d7-6-1024x1024.png 1024w, https:\/\/lirolight.com\/wp-content\/uploads\/2025\/07\/\u767d7-6-150x150.png 150w, https:\/\/lirolight.com\/wp-content\/uploads\/2025\/07\/\u767d7-6-768x768.png 768w, https:\/\/lirolight.com\/wp-content\/uploads\/2025\/07\/\u767d7-6-1536x1536.png 1536w, https:\/\/lirolight.com\/wp-content\/uploads\/2025\/07\/\u767d7-6-2048x2048.png 2048w, https:\/\/lirolight.com\/wp-content\/uploads\/2025\/07\/\u767d7-6-12x12.png 12w, https:\/\/lirolight.com\/wp-content\/uploads\/2025\/07\/\u767d7-6-990x990.png 990w, https:\/\/lirolight.com\/wp-content\/uploads\/2025\/07\/\u767d7-6-441x441.png 441w, https:\/\/lirolight.com\/wp-content\/uploads\/2025\/07\/\u767d7-6-100x100.png 100w, https:\/\/lirolight.com\/wp-content\/uploads\/2025\/07\/\u767d7-6-800x800.png 800w, https:\/\/lirolight.com\/wp-content\/uploads\/2025\/07\/\u767d7-6-40x40.png 40w\" sizes=\"(max-width: 2500px) 100vw, 2500px\" \/><\/noscript><\/figure>\n\n\n\n<figure class=\"wp-block-image aligncenter size-full is-resized\"><img loading=\"lazy\" decoding=\"async\" width=\"845\" height=\"429\" data-src=\"https:\/\/lirolight.com\/wp-content\/uploads\/2025\/07\/1744366702663.png\" alt=\"\" class=\"wp-image-8580 lazyload\" style=\"--smush-placeholder-width: 845px; --smush-placeholder-aspect-ratio: 845\/429;width:900px;height:auto\" data-srcset=\"https:\/\/lirolight.com\/wp-content\/uploads\/2025\/07\/1744366702663.png 845w, https:\/\/lirolight.com\/wp-content\/uploads\/2025\/07\/1744366702663-300x152.png 300w, https:\/\/lirolight.com\/wp-content\/uploads\/2025\/07\/1744366702663-768x390.png 768w, https:\/\/lirolight.com\/wp-content\/uploads\/2025\/07\/1744366702663-18x9.png 18w, https:\/\/lirolight.com\/wp-content\/uploads\/2025\/07\/1744366702663-441x224.png 441w, https:\/\/lirolight.com\/wp-content\/uploads\/2025\/07\/1744366702663-800x406.png 800w, https:\/\/lirolight.com\/wp-content\/uploads\/2025\/07\/1744366702663-150x76.png 150w, https:\/\/lirolight.com\/wp-content\/uploads\/2025\/07\/1744366702663-500x254.png 500w, https:\/\/lirolight.com\/wp-content\/uploads\/2025\/07\/1744366702663-60x30.png 60w\" data-sizes=\"(max-width: 845px) 100vw, 845px\" src=\"data:image\/gif;base64,R0lGODlhAQABAAAAACH5BAEKAAEALAAAAAABAAEAAAICTAEAOw==\" \/><noscript><img loading=\"lazy\" decoding=\"async\" width=\"845\" height=\"429\" src=\"https:\/\/lirolight.com\/wp-content\/uploads\/2025\/07\/1744366702663.png\" alt=\"\" class=\"wp-image-8580\" style=\"width:900px;height:auto\" srcset=\"https:\/\/lirolight.com\/wp-content\/uploads\/2025\/07\/1744366702663.png 845w, https:\/\/lirolight.com\/wp-content\/uploads\/2025\/07\/1744366702663-300x152.png 300w, https:\/\/lirolight.com\/wp-content\/uploads\/2025\/07\/1744366702663-768x390.png 768w, https:\/\/lirolight.com\/wp-content\/uploads\/2025\/07\/1744366702663-18x9.png 18w, https:\/\/lirolight.com\/wp-content\/uploads\/2025\/07\/1744366702663-441x224.png 441w, https:\/\/lirolight.com\/wp-content\/uploads\/2025\/07\/1744366702663-800x406.png 800w, https:\/\/lirolight.com\/wp-content\/uploads\/2025\/07\/1744366702663-150x76.png 150w, https:\/\/lirolight.com\/wp-content\/uploads\/2025\/07\/1744366702663-500x254.png 500w, https:\/\/lirolight.com\/wp-content\/uploads\/2025\/07\/1744366702663-60x30.png 60w\" sizes=\"(max-width: 845px) 100vw, 845px\" \/><\/noscript><\/figure>\n\n\n\n<div class=\"wp-block-columns is-layout-flex wp-container-core-columns-is-layout-28f84493 wp-block-columns-is-layout-flex\">\n<div class=\"wp-block-column is-layout-flow wp-block-column-is-layout-flow\"><\/div>\n\n\n\n<div class=\"wp-block-column is-layout-flow wp-block-column-is-layout-flow\"><\/div>\n<\/div>\n<\/div>\n\n\n\n<div class=\"wp-block-column is-layout-flow wp-block-column-is-layout-flow\">\n<figure class=\"wp-block-image size-full\"><img loading=\"lazy\" decoding=\"async\" width=\"2500\" height=\"2500\" data-src=\"https:\/\/lirolight.com\/wp-content\/uploads\/2025\/07\/\u767d2-7.png\" alt=\"\" class=\"wp-image-10155 lazyload\" data-srcset=\"https:\/\/lirolight.com\/wp-content\/uploads\/2025\/07\/\u767d2-7.png 2500w, https:\/\/lirolight.com\/wp-content\/uploads\/2025\/07\/\u767d2-7-300x300.png 300w, https:\/\/lirolight.com\/wp-content\/uploads\/2025\/07\/\u767d2-7-1024x1024.png 1024w, https:\/\/lirolight.com\/wp-content\/uploads\/2025\/07\/\u767d2-7-150x150.png 150w, https:\/\/lirolight.com\/wp-content\/uploads\/2025\/07\/\u767d2-7-768x768.png 768w, https:\/\/lirolight.com\/wp-content\/uploads\/2025\/07\/\u767d2-7-1536x1536.png 1536w, https:\/\/lirolight.com\/wp-content\/uploads\/2025\/07\/\u767d2-7-2048x2048.png 2048w, https:\/\/lirolight.com\/wp-content\/uploads\/2025\/07\/\u767d2-7-12x12.png 12w, https:\/\/lirolight.com\/wp-content\/uploads\/2025\/07\/\u767d2-7-990x990.png 990w, https:\/\/lirolight.com\/wp-content\/uploads\/2025\/07\/\u767d2-7-441x441.png 441w, https:\/\/lirolight.com\/wp-content\/uploads\/2025\/07\/\u767d2-7-100x100.png 100w, https:\/\/lirolight.com\/wp-content\/uploads\/2025\/07\/\u767d2-7-800x800.png 800w, https:\/\/lirolight.com\/wp-content\/uploads\/2025\/07\/\u767d2-7-40x40.png 40w\" data-sizes=\"(max-width: 2500px) 100vw, 2500px\" src=\"data:image\/gif;base64,R0lGODlhAQABAAAAACH5BAEKAAEALAAAAAABAAEAAAICTAEAOw==\" style=\"--smush-placeholder-width: 2500px; --smush-placeholder-aspect-ratio: 2500\/2500;\" \/><noscript><img loading=\"lazy\" decoding=\"async\" width=\"2500\" height=\"2500\" src=\"https:\/\/lirolight.com\/wp-content\/uploads\/2025\/07\/\u767d2-7.png\" alt=\"\" class=\"wp-image-10155\" srcset=\"https:\/\/lirolight.com\/wp-content\/uploads\/2025\/07\/\u767d2-7.png 2500w, https:\/\/lirolight.com\/wp-content\/uploads\/2025\/07\/\u767d2-7-300x300.png 300w, https:\/\/lirolight.com\/wp-content\/uploads\/2025\/07\/\u767d2-7-1024x1024.png 1024w, https:\/\/lirolight.com\/wp-content\/uploads\/2025\/07\/\u767d2-7-150x150.png 150w, https:\/\/lirolight.com\/wp-content\/uploads\/2025\/07\/\u767d2-7-768x768.png 768w, https:\/\/lirolight.com\/wp-content\/uploads\/2025\/07\/\u767d2-7-1536x1536.png 1536w, https:\/\/lirolight.com\/wp-content\/uploads\/2025\/07\/\u767d2-7-2048x2048.png 2048w, https:\/\/lirolight.com\/wp-content\/uploads\/2025\/07\/\u767d2-7-12x12.png 12w, https:\/\/lirolight.com\/wp-content\/uploads\/2025\/07\/\u767d2-7-990x990.png 990w, https:\/\/lirolight.com\/wp-content\/uploads\/2025\/07\/\u767d2-7-441x441.png 441w, https:\/\/lirolight.com\/wp-content\/uploads\/2025\/07\/\u767d2-7-100x100.png 100w, https:\/\/lirolight.com\/wp-content\/uploads\/2025\/07\/\u767d2-7-800x800.png 800w, https:\/\/lirolight.com\/wp-content\/uploads\/2025\/07\/\u767d2-7-40x40.png 40w\" sizes=\"(max-width: 2500px) 100vw, 2500px\" \/><\/noscript><\/figure>\n\n\n\n<figure class=\"wp-block-image size-full is-resized\"><img loading=\"lazy\" decoding=\"async\" width=\"659\" height=\"329\" data-src=\"https:\/\/lirolight.com\/wp-content\/uploads\/2025\/07\/1744368250085.png\" alt=\"\" class=\"wp-image-8581 lazyload\" style=\"--smush-placeholder-width: 659px; --smush-placeholder-aspect-ratio: 659\/329;width:900px;height:auto\" data-srcset=\"https:\/\/lirolight.com\/wp-content\/uploads\/2025\/07\/1744368250085.png 659w, https:\/\/lirolight.com\/wp-content\/uploads\/2025\/07\/1744368250085-300x150.png 300w, https:\/\/lirolight.com\/wp-content\/uploads\/2025\/07\/1744368250085-18x9.png 18w, https:\/\/lirolight.com\/wp-content\/uploads\/2025\/07\/1744368250085-441x220.png 441w, https:\/\/lirolight.com\/wp-content\/uploads\/2025\/07\/1744368250085-150x75.png 150w, https:\/\/lirolight.com\/wp-content\/uploads\/2025\/07\/1744368250085-500x250.png 500w, https:\/\/lirolight.com\/wp-content\/uploads\/2025\/07\/1744368250085-60x30.png 60w\" data-sizes=\"(max-width: 659px) 100vw, 659px\" src=\"data:image\/gif;base64,R0lGODlhAQABAAAAACH5BAEKAAEALAAAAAABAAEAAAICTAEAOw==\" \/><noscript><img loading=\"lazy\" decoding=\"async\" width=\"659\" height=\"329\" src=\"https:\/\/lirolight.com\/wp-content\/uploads\/2025\/07\/1744368250085.png\" alt=\"\" class=\"wp-image-8581\" style=\"width:900px;height:auto\" srcset=\"https:\/\/lirolight.com\/wp-content\/uploads\/2025\/07\/1744368250085.png 659w, https:\/\/lirolight.com\/wp-content\/uploads\/2025\/07\/1744368250085-300x150.png 300w, https:\/\/lirolight.com\/wp-content\/uploads\/2025\/07\/1744368250085-18x9.png 18w, https:\/\/lirolight.com\/wp-content\/uploads\/2025\/07\/1744368250085-441x220.png 441w, https:\/\/lirolight.com\/wp-content\/uploads\/2025\/07\/1744368250085-150x75.png 150w, https:\/\/lirolight.com\/wp-content\/uploads\/2025\/07\/1744368250085-500x250.png 500w, https:\/\/lirolight.com\/wp-content\/uploads\/2025\/07\/1744368250085-60x30.png 60w\" sizes=\"(max-width: 659px) 100vw, 659px\" \/><\/noscript><\/figure>\n<\/div>\n<\/div>\n\n\n\n<h2 class=\"wp-block-heading\">Tamanho:<\/h2>\n\n\n\n<figure class=\"wp-block-image size-large\"><img loading=\"lazy\" decoding=\"async\" width=\"903\" height=\"1024\" data-src=\"https:\/\/lirolight.com\/wp-content\/uploads\/2025\/07\/LM280\u7ebf\u6761\u56fe_00-1-903x1024.jpg\" alt=\"\" class=\"wp-image-8584 lazyload\" data-srcset=\"https:\/\/lirolight.com\/wp-content\/uploads\/2025\/07\/LM280\u7ebf\u6761\u56fe_00-1-903x1024.jpg 903w, https:\/\/lirolight.com\/wp-content\/uploads\/2025\/07\/LM280\u7ebf\u6761\u56fe_00-1-265x300.jpg 265w, https:\/\/lirolight.com\/wp-content\/uploads\/2025\/07\/LM280\u7ebf\u6761\u56fe_00-1-768x871.jpg 768w, https:\/\/lirolight.com\/wp-content\/uploads\/2025\/07\/LM280\u7ebf\u6761\u56fe_00-1-11x12.jpg 11w, https:\/\/lirolight.com\/wp-content\/uploads\/2025\/07\/LM280\u7ebf\u6761\u56fe_00-1-990x1123.jpg 990w, https:\/\/lirolight.com\/wp-content\/uploads\/2025\/07\/LM280\u7ebf\u6761\u56fe_00-1-441x500.jpg 441w, https:\/\/lirolight.com\/wp-content\/uploads\/2025\/07\/LM280\u7ebf\u6761\u56fe_00-1-300x340.jpg 300w, https:\/\/lirolight.com\/wp-content\/uploads\/2025\/07\/LM280\u7ebf\u6761\u56fe_00-1-800x907.jpg 800w, https:\/\/lirolight.com\/wp-content\/uploads\/2025\/07\/LM280\u7ebf\u6761\u56fe_00-1-150x170.jpg 150w, https:\/\/lirolight.com\/wp-content\/uploads\/2025\/07\/LM280\u7ebf\u6761\u56fe_00-1-35x40.jpg 35w, https:\/\/lirolight.com\/wp-content\/uploads\/2025\/07\/LM280\u7ebf\u6761\u56fe_00-1.jpg 1337w\" data-sizes=\"(max-width: 903px) 100vw, 903px\" src=\"data:image\/gif;base64,R0lGODlhAQABAAAAACH5BAEKAAEALAAAAAABAAEAAAICTAEAOw==\" style=\"--smush-placeholder-width: 903px; --smush-placeholder-aspect-ratio: 903\/1024;\" \/><noscript><img loading=\"lazy\" decoding=\"async\" width=\"903\" height=\"1024\" src=\"https:\/\/lirolight.com\/wp-content\/uploads\/2025\/07\/LM280\u7ebf\u6761\u56fe_00-1-903x1024.jpg\" alt=\"\" class=\"wp-image-8584\" srcset=\"https:\/\/lirolight.com\/wp-content\/uploads\/2025\/07\/LM280\u7ebf\u6761\u56fe_00-1-903x1024.jpg 903w, https:\/\/lirolight.com\/wp-content\/uploads\/2025\/07\/LM280\u7ebf\u6761\u56fe_00-1-265x300.jpg 265w, https:\/\/lirolight.com\/wp-content\/uploads\/2025\/07\/LM280\u7ebf\u6761\u56fe_00-1-768x871.jpg 768w, https:\/\/lirolight.com\/wp-content\/uploads\/2025\/07\/LM280\u7ebf\u6761\u56fe_00-1-11x12.jpg 11w, https:\/\/lirolight.com\/wp-content\/uploads\/2025\/07\/LM280\u7ebf\u6761\u56fe_00-1-990x1123.jpg 990w, https:\/\/lirolight.com\/wp-content\/uploads\/2025\/07\/LM280\u7ebf\u6761\u56fe_00-1-441x500.jpg 441w, https:\/\/lirolight.com\/wp-content\/uploads\/2025\/07\/LM280\u7ebf\u6761\u56fe_00-1-300x340.jpg 300w, https:\/\/lirolight.com\/wp-content\/uploads\/2025\/07\/LM280\u7ebf\u6761\u56fe_00-1-800x907.jpg 800w, https:\/\/lirolight.com\/wp-content\/uploads\/2025\/07\/LM280\u7ebf\u6761\u56fe_00-1-150x170.jpg 150w, https:\/\/lirolight.com\/wp-content\/uploads\/2025\/07\/LM280\u7ebf\u6761\u56fe_00-1-35x40.jpg 35w, https:\/\/lirolight.com\/wp-content\/uploads\/2025\/07\/LM280\u7ebf\u6761\u56fe_00-1.jpg 1337w\" sizes=\"(max-width: 903px) 100vw, 903px\" \/><\/noscript><\/figure>\n\n\n\n<h2 class=\"wp-block-heading\"><font style=\"vertical-align: inherit;\"><font style=\"vertical-align: inherit;\">Especifica\u00e7\u00e3o\uff1a<\/font><\/font><\/h2>\n\n\n\n<p>Tens\u00e3o de entrada: AC110v - 240v \/ 50-60HZ<br><strong>Fonte de luz: m\u00f3dulo de LED de 280 W<\/strong><br>Vida \u00fatil da fonte de luz: 50000 horas<br>Pot\u00eancia total: 350 W<br><strong>Modo de canal: 16\/24\/30 canais<\/strong><br>Panor\u00e2mica: 540 graus (varredura de precis\u00e3o de 16 bits) corre\u00e7\u00e3o eletr\u00f4nica de erros<br>Inclina\u00e7\u00e3o: 270 graus (varredura de precis\u00e3o de 16 bits) corre\u00e7\u00e3o eletr\u00f4nica de erros<br>Dimeriza\u00e7\u00e3o: ajuste linear 0-100%<br>Sistema de congelamento: 1 efeito de congelamento independente, ponto de luz suave e natural<br><strong>\u00c2ngulo de zoom: 2,8-32 graus<\/strong><br>Estrobosc\u00f3pio: 0-30 vezes\/segundo. O efeito estrobosc\u00f3pico de velocidade ajust\u00e1vel \u00e9 ajust\u00e1vel.<br><strong>Cor: 14 cores + luz branca<br>Gobo fixo: 12 gobos fixos + luz branca<br>Gobo girat\u00f3rio: 7 gobos de vidro + luz branca, cada gobo de vidro pode ser invertido de forma independente<br>Prisma: 3 prismas padr\u00e3o, que podem ser invertidos de forma independente<\/strong><br>Tela: Tela LCD de 1,8 polegadas, sistema operacional bil\u00edngue em chin\u00eas e ingl\u00eas, pode ser invertida em 180\u00b0<br>Dispositivo \u00f3ptico: lente \u00f3ptica combinada<br>Modo de controle: DMX512\/Master-Slave\/Auto Run\/RDM\/Manual<br>M\u00e9todo de resfriamento: O ventilador de fluxo axial \u00e9 usado para melhorar o resfriamento<br>Material de apar\u00eancia: pl\u00e1stico resistente a altas temperaturas<br>Ambiente de trabalho: -20 graus - 40 graus<br>Linha de sinal: entrada XLR de tr\u00eas n\u00facleos da linha de sinal, sa\u00edda XLR de tr\u00eas n\u00facleos da linha de sinal<br>Linha de alimenta\u00e7\u00e3o: entrada e sa\u00edda do plugue de avia\u00e7\u00e3o<br>N\u00edvel de prote\u00e7\u00e3o: IP20<\/p>\n\n\n\n<h2 class=\"wp-block-heading\">Par\u00e2metro:<\/h2>\n\n\n\n<figure class=\"wp-block-table\"><table class=\"has-fixed-layout\"><tbody><tr><td>Fonte de luz<\/td><td><strong>M\u00f3dulo de LED de 280 W<\/strong><\/td><\/tr><tr><td>Tens\u00e3o de entrada (V)<\/td><td>AC 100-240V, 50\/60Hz<\/td><\/tr><tr><td>Classifica\u00e7\u00e3o IP<\/td><td>IP20<\/td><\/tr><tr><td>Roda de cores<\/td><td><strong>14 cores + luz branca<\/strong><\/td><\/tr><tr><td>Roda de gobo fixa<\/td><td><strong>12 gobos fixos + luz branca<\/strong><\/td><\/tr><tr><td>Roda Gobo de Rota\u00e7\u00e3o<\/td><td><strong>7 gobo de vidro + luz branca, cada gobo de vidro pode ser invertido de forma independente<\/strong><\/td><\/tr><tr><td>Prisma<\/td><td><strong>3 prismas padr\u00e3o, que podem ser invertidos de forma independente<\/strong><\/td><\/tr><tr><td>Modo de controle<\/td><td>DMX512\/Mestre-Escravo\/Execu\u00e7\u00e3o Autom\u00e1tica\/RDM\/Manual<\/td><\/tr><tr><td>Garantia<\/td><td>2 anos<\/td><\/tr><tr><td>Servi\u00e7o OEM e ODM<\/td><td>24 horas on-lineSe tiver alguma ideia sobre o produto, entre em contato conosco a qualquer momento.<\/td><\/tr><tr><td>Capacidade do projeto<\/td><td>Temos mais de 500 anos de experi\u00eancia em engenharia de projetos no exterior e qualquer projeto razo\u00e1vel \u00e9 bem-vindo.<\/td><\/tr><tr><td>Pacote<\/td><td>Caixa de papel\u00e3o e estojo de transporte est\u00e3o dispon\u00edveis<\/td><\/tr><tr><td>GW<\/td><td>14,3 KG<\/td><\/tr><\/tbody><\/table><\/figure>\n\n\n\n<h2 class=\"wp-block-heading\">Caracter\u00edsticas:<\/h2>\n\n\n\n<ol class=\"wp-block-list\">\n<li>M\u00f3dulo de LED potente: Equipado com um m\u00f3dulo de LED de 280 W, ele oferece ilumina\u00e7\u00e3o de alto brilho com uma longa vida \u00fatil de 50.000 horas.<\/li>\n\n\n\n<li>Compatibilidade de canais: Com modos de canal de 16\/24\/30 canais, garantindo f\u00e1cil integra\u00e7\u00e3o aos sistemas de controle.<\/li>\n\n\n\n<li>\u00c2ngulo de zoom: 2,8 a 32 graus<\/li>\n<\/ol>\n\n\n\n<h2 class=\"wp-block-heading\">Link do v\u00eddeo:<\/h2>\n\n\n\n<p><a href=\"https:\/\/www.instagram.com\/p\/DQTopCoEpAB\" target=\"_blank\" rel=\"noopener\">https:\/\/www.instagram.com\/p\/DQTopCoEpAB<\/a><\/p>\n\n\n\n<p><a href=\"https:\/\/youtu.be\/SYkg88i30eo\" target=\"_blank\" rel=\"noopener\">https:\/\/youtu.be\/SYkg88i30eo<\/a><\/p>","protected":false},"excerpt":{"rendered":"<p>O LED BEAM SPOT WASH 280w \u00e9 uma maravilha da ilumina\u00e7\u00e3o. Com seu m\u00f3dulo de LED de 280 W, ele brilha intensamente e tem dura\u00e7\u00e3o de 50.000 horas. Sua compatibilidade com os canais do ROBE facilita o controle. As amplas faixas de pan e tilt, juntamente com v\u00e1rias fun\u00e7\u00f5es como escurecimento, estrobosc\u00f3pio e op\u00e7\u00f5es de cores, oferecem infinitas possibilidades criativas. N\u00e3o importa se voc\u00ea est\u00e1 iluminando um palco de show ou uma boate, ele proporciona efeitos impressionantes. O visor de f\u00e1cil utiliza\u00e7\u00e3o e a constru\u00e7\u00e3o dur\u00e1vel fazem dele uma op\u00e7\u00e3o confi\u00e1vel para qualquer profissional de ilumina\u00e7\u00e3o, garantindo sempre performances cativantes.<\/p>\n<p>&nbsp;<\/p>\n<blockquote><p>\u00a0<\/p><\/blockquote>\n<p>&nbsp;<\/p>","protected":false},"featured_media":10163,"comment_status":"open","ping_status":"closed","template":"","meta":[],"product_brand":[],"product_cat":[61],"product_tag":[113,158,159,107,115,157,160],"class_list":{"0":"post-8566","1":"product","2":"type-product","3":"status-publish","4":"has-post-thumbnail","6":"product_cat-beam-bsw-moving-head-light","7":"product_tag-beamspotwash","8":"product_tag-bsw3in1","9":"product_tag-ledmovingheadlights","10":"product_tag-movinghead","11":"product_tag-movingheadlights","12":"product_tag-spotmovingheadlight","13":"product_tag-stagelights","15":"first","16":"instock","17":"shipping-taxable","18":"product-type-simple"},"_links":{"self":[{"href":"https:\/\/lirolight.com\/pt\/wp-json\/wp\/v2\/product\/8566","targetHints":{"allow":["GET"]}}],"collection":[{"href":"https:\/\/lirolight.com\/pt\/wp-json\/wp\/v2\/product"}],"about":[{"href":"https:\/\/lirolight.com\/pt\/wp-json\/wp\/v2\/types\/product"}],"replies":[{"embeddable":true,"href":"https:\/\/lirolight.com\/pt\/wp-json\/wp\/v2\/comments?post=8566"}],"version-history":[{"count":15,"href":"https:\/\/lirolight.com\/pt\/wp-json\/wp\/v2\/product\/8566\/revisions"}],"predecessor-version":[{"id":10619,"href":"https:\/\/lirolight.com\/pt\/wp-json\/wp\/v2\/product\/8566\/revisions\/10619"}],"wp:featuredmedia":[{"embeddable":true,"href":"https:\/\/lirolight.com\/pt\/wp-json\/wp\/v2\/media\/10163"}],"wp:attachment":[{"href":"https:\/\/lirolight.com\/pt\/wp-json\/wp\/v2\/media?parent=8566"}],"wp:term":[{"taxonomy":"product_brand","embeddable":true,"href":"https:\/\/lirolight.com\/pt\/wp-json\/wp\/v2\/product_brand?post=8566"},{"taxonomy":"product_cat","embeddable":true,"href":"https:\/\/lirolight.com\/pt\/wp-json\/wp\/v2\/product_cat?post=8566"},{"taxonomy":"product_tag","embeddable":true,"href":"https:\/\/lirolight.com\/pt\/wp-json\/wp\/v2\/product_tag?post=8566"}],"curies":[{"name":"wp","href":"https:\/\/api.w.org\/{rel}","templated":true}]}}