{"id":8609,"date":"2025-07-22T07:09:46","date_gmt":"2025-07-22T07:09:46","guid":{"rendered":"https:\/\/lirolight.com\/?post_type=product&#038;p=8609"},"modified":"2026-01-14T06:44:39","modified_gmt":"2026-01-14T06:44:39","slug":"led-cmy-cto-cutting-moving-head-light-1000w-led-bswf-framing-beam-spot-wash-stage-light","status":"publish","type":"product","link":"https:\/\/lirolight.com\/pt\/produto\/led-cmy-cto-cutting-moving-head-light-1000w-led-bswf-framing-beam-spot-wash-stage-light\/","title":{"rendered":"LiRO-LITE LED CMY CTO Cutting Moving Head Light 1000W LED BSWF Framing Beam Spot Wash Stage Light"},"content":{"rendered":"<h2 class=\"wp-block-heading\"><strong><mark style=\"background-color:#000000\" class=\"has-inline-color has-white-color\">Estrutura de LED LR-1000<\/mark><\/strong><\/h2>\n\n\n\n<hr class=\"wp-block-separator has-alpha-channel-opacity\"\/>\n\n\n\n<h2 class=\"wp-block-heading\"><strong>Fotos<\/strong>:<\/h2>\n\n\n\n<div class=\"wp-block-columns is-layout-flex wp-container-core-columns-is-layout-28f84493 wp-block-columns-is-layout-flex\">\n<div class=\"wp-block-column is-layout-flow wp-block-column-is-layout-flow\">\n<figure class=\"wp-block-image size-large\"><img fetchpriority=\"high\" decoding=\"async\" width=\"1024\" height=\"1024\" src=\"https:\/\/lirolight.com\/wp-content\/uploads\/2025\/07\/1-7-1024x1024.jpg\" alt=\"\" class=\"wp-image-8610\" srcset=\"https:\/\/lirolight.com\/wp-content\/uploads\/2025\/07\/1-7-1024x1024.jpg 1024w, https:\/\/lirolight.com\/wp-content\/uploads\/2025\/07\/1-7-300x300.jpg 300w, https:\/\/lirolight.com\/wp-content\/uploads\/2025\/07\/1-7-150x150.jpg 150w, https:\/\/lirolight.com\/wp-content\/uploads\/2025\/07\/1-7-768x768.jpg 768w, https:\/\/lirolight.com\/wp-content\/uploads\/2025\/07\/1-7-12x12.jpg 12w, https:\/\/lirolight.com\/wp-content\/uploads\/2025\/07\/1-7-990x990.jpg 990w, https:\/\/lirolight.com\/wp-content\/uploads\/2025\/07\/1-7-441x441.jpg 441w, https:\/\/lirolight.com\/wp-content\/uploads\/2025\/07\/1-7-100x100.jpg 100w, https:\/\/lirolight.com\/wp-content\/uploads\/2025\/07\/1-7-800x800.jpg 800w, https:\/\/lirolight.com\/wp-content\/uploads\/2025\/07\/1-7-40x40.jpg 40w, https:\/\/lirolight.com\/wp-content\/uploads\/2025\/07\/1-7.jpg 1500w\" sizes=\"(max-width: 1024px) 100vw, 1024px\" \/><\/figure>\n<\/div>\n\n\n\n<div class=\"wp-block-column is-layout-flow wp-block-column-is-layout-flow\">\n<figure class=\"wp-block-image size-large\"><img decoding=\"async\" width=\"1024\" height=\"1024\" data-src=\"https:\/\/lirolight.com\/wp-content\/uploads\/2025\/07\/3-6-1024x1024.jpg\" alt=\"\" class=\"wp-image-8612 lazyload\" data-srcset=\"https:\/\/lirolight.com\/wp-content\/uploads\/2025\/07\/3-6-1024x1024.jpg 1024w, https:\/\/lirolight.com\/wp-content\/uploads\/2025\/07\/3-6-300x300.jpg 300w, https:\/\/lirolight.com\/wp-content\/uploads\/2025\/07\/3-6-150x150.jpg 150w, https:\/\/lirolight.com\/wp-content\/uploads\/2025\/07\/3-6-768x768.jpg 768w, https:\/\/lirolight.com\/wp-content\/uploads\/2025\/07\/3-6-1536x1536.jpg 1536w, https:\/\/lirolight.com\/wp-content\/uploads\/2025\/07\/3-6-2048x2048.jpg 2048w, https:\/\/lirolight.com\/wp-content\/uploads\/2025\/07\/3-6-12x12.jpg 12w, https:\/\/lirolight.com\/wp-content\/uploads\/2025\/07\/3-6-990x990.jpg 990w, https:\/\/lirolight.com\/wp-content\/uploads\/2025\/07\/3-6-441x441.jpg 441w, https:\/\/lirolight.com\/wp-content\/uploads\/2025\/07\/3-6-100x100.jpg 100w, https:\/\/lirolight.com\/wp-content\/uploads\/2025\/07\/3-6-800x800.jpg 800w, https:\/\/lirolight.com\/wp-content\/uploads\/2025\/07\/3-6-40x40.jpg 40w\" data-sizes=\"(max-width: 1024px) 100vw, 1024px\" src=\"data:image\/gif;base64,R0lGODlhAQABAAAAACH5BAEKAAEALAAAAAABAAEAAAICTAEAOw==\" style=\"--smush-placeholder-width: 1024px; --smush-placeholder-aspect-ratio: 1024\/1024;\" \/><noscript><img decoding=\"async\" width=\"1024\" height=\"1024\" src=\"https:\/\/lirolight.com\/wp-content\/uploads\/2025\/07\/3-6-1024x1024.jpg\" alt=\"\" class=\"wp-image-8612\" srcset=\"https:\/\/lirolight.com\/wp-content\/uploads\/2025\/07\/3-6-1024x1024.jpg 1024w, https:\/\/lirolight.com\/wp-content\/uploads\/2025\/07\/3-6-300x300.jpg 300w, https:\/\/lirolight.com\/wp-content\/uploads\/2025\/07\/3-6-150x150.jpg 150w, https:\/\/lirolight.com\/wp-content\/uploads\/2025\/07\/3-6-768x768.jpg 768w, https:\/\/lirolight.com\/wp-content\/uploads\/2025\/07\/3-6-1536x1536.jpg 1536w, https:\/\/lirolight.com\/wp-content\/uploads\/2025\/07\/3-6-2048x2048.jpg 2048w, https:\/\/lirolight.com\/wp-content\/uploads\/2025\/07\/3-6-12x12.jpg 12w, https:\/\/lirolight.com\/wp-content\/uploads\/2025\/07\/3-6-990x990.jpg 990w, https:\/\/lirolight.com\/wp-content\/uploads\/2025\/07\/3-6-441x441.jpg 441w, https:\/\/lirolight.com\/wp-content\/uploads\/2025\/07\/3-6-100x100.jpg 100w, https:\/\/lirolight.com\/wp-content\/uploads\/2025\/07\/3-6-800x800.jpg 800w, https:\/\/lirolight.com\/wp-content\/uploads\/2025\/07\/3-6-40x40.jpg 40w\" sizes=\"(max-width: 1024px) 100vw, 1024px\" \/><\/noscript><\/figure>\n<\/div>\n<\/div>\n\n\n\n<div class=\"wp-block-columns is-layout-flex wp-container-core-columns-is-layout-28f84493 wp-block-columns-is-layout-flex\">\n<div class=\"wp-block-column is-layout-flow wp-block-column-is-layout-flow\">\n<figure class=\"wp-block-image size-large\"><img decoding=\"async\" width=\"1024\" height=\"1024\" data-src=\"https:\/\/lirolight.com\/wp-content\/uploads\/2025\/07\/2-4-1024x1024.jpg\" alt=\"\" class=\"wp-image-8611 lazyload\" data-srcset=\"https:\/\/lirolight.com\/wp-content\/uploads\/2025\/07\/2-4-1024x1024.jpg 1024w, https:\/\/lirolight.com\/wp-content\/uploads\/2025\/07\/2-4-300x300.jpg 300w, https:\/\/lirolight.com\/wp-content\/uploads\/2025\/07\/2-4-150x150.jpg 150w, https:\/\/lirolight.com\/wp-content\/uploads\/2025\/07\/2-4-768x768.jpg 768w, https:\/\/lirolight.com\/wp-content\/uploads\/2025\/07\/2-4-12x12.jpg 12w, https:\/\/lirolight.com\/wp-content\/uploads\/2025\/07\/2-4-990x990.jpg 990w, https:\/\/lirolight.com\/wp-content\/uploads\/2025\/07\/2-4-441x441.jpg 441w, https:\/\/lirolight.com\/wp-content\/uploads\/2025\/07\/2-4-100x100.jpg 100w, https:\/\/lirolight.com\/wp-content\/uploads\/2025\/07\/2-4-800x800.jpg 800w, https:\/\/lirolight.com\/wp-content\/uploads\/2025\/07\/2-4-40x40.jpg 40w, https:\/\/lirolight.com\/wp-content\/uploads\/2025\/07\/2-4.jpg 1500w\" data-sizes=\"(max-width: 1024px) 100vw, 1024px\" src=\"data:image\/gif;base64,R0lGODlhAQABAAAAACH5BAEKAAEALAAAAAABAAEAAAICTAEAOw==\" style=\"--smush-placeholder-width: 1024px; --smush-placeholder-aspect-ratio: 1024\/1024;\" \/><noscript><img decoding=\"async\" width=\"1024\" height=\"1024\" src=\"https:\/\/lirolight.com\/wp-content\/uploads\/2025\/07\/2-4-1024x1024.jpg\" alt=\"\" class=\"wp-image-8611\" srcset=\"https:\/\/lirolight.com\/wp-content\/uploads\/2025\/07\/2-4-1024x1024.jpg 1024w, https:\/\/lirolight.com\/wp-content\/uploads\/2025\/07\/2-4-300x300.jpg 300w, https:\/\/lirolight.com\/wp-content\/uploads\/2025\/07\/2-4-150x150.jpg 150w, https:\/\/lirolight.com\/wp-content\/uploads\/2025\/07\/2-4-768x768.jpg 768w, https:\/\/lirolight.com\/wp-content\/uploads\/2025\/07\/2-4-12x12.jpg 12w, https:\/\/lirolight.com\/wp-content\/uploads\/2025\/07\/2-4-990x990.jpg 990w, https:\/\/lirolight.com\/wp-content\/uploads\/2025\/07\/2-4-441x441.jpg 441w, https:\/\/lirolight.com\/wp-content\/uploads\/2025\/07\/2-4-100x100.jpg 100w, https:\/\/lirolight.com\/wp-content\/uploads\/2025\/07\/2-4-800x800.jpg 800w, https:\/\/lirolight.com\/wp-content\/uploads\/2025\/07\/2-4-40x40.jpg 40w, https:\/\/lirolight.com\/wp-content\/uploads\/2025\/07\/2-4.jpg 1500w\" sizes=\"(max-width: 1024px) 100vw, 1024px\" \/><\/noscript><\/figure>\n<\/div>\n\n\n\n<div class=\"wp-block-column is-layout-flow wp-block-column-is-layout-flow\">\n<figure class=\"wp-block-image size-large\"><img loading=\"lazy\" decoding=\"async\" width=\"1024\" height=\"1024\" data-src=\"https:\/\/lirolight.com\/wp-content\/uploads\/2025\/07\/4-3-1024x1024.jpg\" alt=\"\" class=\"wp-image-8613 lazyload\" data-srcset=\"https:\/\/lirolight.com\/wp-content\/uploads\/2025\/07\/4-3-1024x1024.jpg 1024w, https:\/\/lirolight.com\/wp-content\/uploads\/2025\/07\/4-3-300x300.jpg 300w, https:\/\/lirolight.com\/wp-content\/uploads\/2025\/07\/4-3-150x150.jpg 150w, https:\/\/lirolight.com\/wp-content\/uploads\/2025\/07\/4-3-768x768.jpg 768w, https:\/\/lirolight.com\/wp-content\/uploads\/2025\/07\/4-3-12x12.jpg 12w, https:\/\/lirolight.com\/wp-content\/uploads\/2025\/07\/4-3-990x990.jpg 990w, https:\/\/lirolight.com\/wp-content\/uploads\/2025\/07\/4-3-441x441.jpg 441w, https:\/\/lirolight.com\/wp-content\/uploads\/2025\/07\/4-3-100x100.jpg 100w, https:\/\/lirolight.com\/wp-content\/uploads\/2025\/07\/4-3-800x800.jpg 800w, https:\/\/lirolight.com\/wp-content\/uploads\/2025\/07\/4-3-40x40.jpg 40w, https:\/\/lirolight.com\/wp-content\/uploads\/2025\/07\/4-3.jpg 1500w\" data-sizes=\"(max-width: 1024px) 100vw, 1024px\" src=\"data:image\/gif;base64,R0lGODlhAQABAAAAACH5BAEKAAEALAAAAAABAAEAAAICTAEAOw==\" style=\"--smush-placeholder-width: 1024px; --smush-placeholder-aspect-ratio: 1024\/1024;\" \/><noscript><img loading=\"lazy\" decoding=\"async\" width=\"1024\" height=\"1024\" src=\"https:\/\/lirolight.com\/wp-content\/uploads\/2025\/07\/4-3-1024x1024.jpg\" alt=\"\" class=\"wp-image-8613\" srcset=\"https:\/\/lirolight.com\/wp-content\/uploads\/2025\/07\/4-3-1024x1024.jpg 1024w, https:\/\/lirolight.com\/wp-content\/uploads\/2025\/07\/4-3-300x300.jpg 300w, https:\/\/lirolight.com\/wp-content\/uploads\/2025\/07\/4-3-150x150.jpg 150w, https:\/\/lirolight.com\/wp-content\/uploads\/2025\/07\/4-3-768x768.jpg 768w, https:\/\/lirolight.com\/wp-content\/uploads\/2025\/07\/4-3-12x12.jpg 12w, https:\/\/lirolight.com\/wp-content\/uploads\/2025\/07\/4-3-990x990.jpg 990w, https:\/\/lirolight.com\/wp-content\/uploads\/2025\/07\/4-3-441x441.jpg 441w, https:\/\/lirolight.com\/wp-content\/uploads\/2025\/07\/4-3-100x100.jpg 100w, https:\/\/lirolight.com\/wp-content\/uploads\/2025\/07\/4-3-800x800.jpg 800w, https:\/\/lirolight.com\/wp-content\/uploads\/2025\/07\/4-3-40x40.jpg 40w, https:\/\/lirolight.com\/wp-content\/uploads\/2025\/07\/4-3.jpg 1500w\" sizes=\"(max-width: 1024px) 100vw, 1024px\" \/><\/noscript><\/figure>\n<\/div>\n<\/div>\n\n\n\n<figure class=\"wp-block-image size-full is-resized\"><img loading=\"lazy\" decoding=\"async\" width=\"2092\" height=\"661\" data-src=\"https:\/\/lirolight.com\/wp-content\/uploads\/2025\/07\/1744619893130.png\" alt=\"\" class=\"wp-image-8614 lazyload\" style=\"--smush-placeholder-width: 2092px; --smush-placeholder-aspect-ratio: 2092\/661;width:900px;height:auto\" data-srcset=\"https:\/\/lirolight.com\/wp-content\/uploads\/2025\/07\/1744619893130.png 2092w, https:\/\/lirolight.com\/wp-content\/uploads\/2025\/07\/1744619893130-300x95.png 300w, https:\/\/lirolight.com\/wp-content\/uploads\/2025\/07\/1744619893130-1024x324.png 1024w, https:\/\/lirolight.com\/wp-content\/uploads\/2025\/07\/1744619893130-768x243.png 768w, https:\/\/lirolight.com\/wp-content\/uploads\/2025\/07\/1744619893130-1536x485.png 1536w, https:\/\/lirolight.com\/wp-content\/uploads\/2025\/07\/1744619893130-2048x647.png 2048w, https:\/\/lirolight.com\/wp-content\/uploads\/2025\/07\/1744619893130-18x6.png 18w, https:\/\/lirolight.com\/wp-content\/uploads\/2025\/07\/1744619893130-990x313.png 990w, https:\/\/lirolight.com\/wp-content\/uploads\/2025\/07\/1744619893130-441x139.png 441w, https:\/\/lirolight.com\/wp-content\/uploads\/2025\/07\/1744619893130-800x253.png 800w, https:\/\/lirolight.com\/wp-content\/uploads\/2025\/07\/1744619893130-150x47.png 150w, https:\/\/lirolight.com\/wp-content\/uploads\/2025\/07\/1744619893130-60x19.png 60w\" data-sizes=\"(max-width: 2092px) 100vw, 2092px\" src=\"data:image\/gif;base64,R0lGODlhAQABAAAAACH5BAEKAAEALAAAAAABAAEAAAICTAEAOw==\" \/><noscript><img loading=\"lazy\" decoding=\"async\" width=\"2092\" height=\"661\" src=\"https:\/\/lirolight.com\/wp-content\/uploads\/2025\/07\/1744619893130.png\" alt=\"\" class=\"wp-image-8614\" style=\"width:900px;height:auto\" srcset=\"https:\/\/lirolight.com\/wp-content\/uploads\/2025\/07\/1744619893130.png 2092w, https:\/\/lirolight.com\/wp-content\/uploads\/2025\/07\/1744619893130-300x95.png 300w, https:\/\/lirolight.com\/wp-content\/uploads\/2025\/07\/1744619893130-1024x324.png 1024w, https:\/\/lirolight.com\/wp-content\/uploads\/2025\/07\/1744619893130-768x243.png 768w, https:\/\/lirolight.com\/wp-content\/uploads\/2025\/07\/1744619893130-1536x485.png 1536w, https:\/\/lirolight.com\/wp-content\/uploads\/2025\/07\/1744619893130-2048x647.png 2048w, https:\/\/lirolight.com\/wp-content\/uploads\/2025\/07\/1744619893130-18x6.png 18w, https:\/\/lirolight.com\/wp-content\/uploads\/2025\/07\/1744619893130-990x313.png 990w, https:\/\/lirolight.com\/wp-content\/uploads\/2025\/07\/1744619893130-441x139.png 441w, https:\/\/lirolight.com\/wp-content\/uploads\/2025\/07\/1744619893130-800x253.png 800w, https:\/\/lirolight.com\/wp-content\/uploads\/2025\/07\/1744619893130-150x47.png 150w, https:\/\/lirolight.com\/wp-content\/uploads\/2025\/07\/1744619893130-60x19.png 60w\" sizes=\"(max-width: 2092px) 100vw, 2092px\" \/><\/noscript><\/figure>\n\n\n\n<h2 class=\"wp-block-heading\"><font style=\"vertical-align: inherit;\"><font style=\"vertical-align: inherit;\">Especifica\u00e7\u00e3o\uff1a<\/font><\/font><\/h2>\n\n\n\n<p><strong>Especifica\u00e7\u00e3o da fonte de luz: M\u00f3dulo de LED de 1000W<\/strong><br>Vida \u00fatil da fonte de luz: 20.000 horas<br><strong>\u00c2ngulo de zoom: zoom linear eletr\u00f4nico de 5 a 50 graus<\/strong><br>Color rendering index: adjustable display mode, standard mode Ra &gt;70, high display mode &gt;90<br>Sistema de mistura de cores: Sistema independente de mistura de cores CMY<br>Ajuste da temperatura da cor: Corre\u00e7\u00e3o da temperatura da cor CTO (7200-3200K)<br>Temperatura de cor da fonte de luz: 7000K<br><strong>Placa de cores: 4 cores + arco-\u00edris<br>Gobo fixo: 9 gobos fixos + branco, que podem mudar a velocidade e o tremor<br>Gobo girat\u00f3rio: 6 gobos opcionais (conect\u00e1veis), jitter de velocidade vari\u00e1vel e rota\u00e7\u00e3o bidirecional<br>Bandeja de efeitos: Simula\u00e7\u00e3o super deslumbrante de chamas din\u00e2micas, \u00e1gua borbulhante e outros efeitos din\u00e2micos<\/strong><br>Prisma: 4 prismas facetados, podem ser girados de forma bidirecional independente<br>Panor\u00e2mica\/inclina\u00e7\u00e3o: 540\u00b0\/270\u00b0, retorno autom\u00e1tico e ajuste fino de precis\u00e3o de 16 bits<br><strong>Sistema de corte: 4 pe\u00e7as de corte independentes, cada pe\u00e7a pode ser fechada individualmente com luz, pode ser girada em 90\u00b0<\/strong><br>Dimeriza\u00e7\u00e3o: ajuste linear 0-100%<br>Estrobosc\u00f3pio: Estrobosc\u00f3pico eletr\u00f4nico r\u00e1pido de 0-25 Hz<br>Frost: 1 frost independente, atomiza\u00e7\u00e3o linear 0-100%, ponto de luz natural suave<br>Tens\u00e3o de entrada: AC90V-240V \/50Hz-60Hz<br>Modo de canal: 39CH<br>Protocolo de controle: Protocolo DMX512 padr\u00e3o<br>Interface de sinal: Entrada\/sa\u00edda de sinal XLR de 3 n\u00facleos + 5 n\u00facleos<br>Modo de exibi\u00e7\u00e3o: Tela LCD sens\u00edvel ao toque, pode inverter a exibi\u00e7\u00e3o em 180<br>Sono com economia de energia: Entra automaticamente no estado de suspens\u00e3o quando o sinal \u00e9 desconectado, o que \u00e9 seguro e economiza energia<br>Atualiza\u00e7\u00e3o de software: o software pode ser atualizado por meio do cabo de sinal DMX<br>Sistema de resfriamento: sistema de resfriamento eficiente, ventilador de velocidade inteligente, sensor de temperatura integrado, sistema de resfriamento autom\u00e1tico<br>Apar\u00eancia do produto: retardante de chamas, resistente a altas temperaturas, com grampos dobr\u00e1veis<br>Peso l\u00edquido: 34KG<br>Tamanho do produto: 42,6x<em>28.9<\/em>x75,1CM<br>N\u00edvel de prote\u00e7\u00e3o: IP20<\/p>\n\n\n\n<h2 class=\"wp-block-heading\">Par\u00e2metro:<\/h2>\n\n\n\n<figure class=\"wp-block-table\"><table class=\"has-fixed-layout\"><tbody><tr><td>Fonte de luz<\/td><td><strong><strong>M\u00f3dulo de LED 1000w<\/strong><\/strong><\/td><\/tr><tr><td>Tens\u00e3o de entrada (V)<\/td><td>AC 100-240V, 50\/60Hz<\/td><\/tr><tr><td>Classifica\u00e7\u00e3o IP<\/td><td>IP20<\/td><\/tr><tr><td>\u00c2ngulo de zoom<\/td><td>zoom linear eletr\u00f4nico de 5 a 50 graus<\/td><\/tr><tr><td>Roda de cores<\/td><td><strong><strong>4 cores + arco-\u00edris<\/strong><\/strong><\/td><\/tr><tr><td>Roda de gobo fixa<\/td><td><strong><strong><strong>9 gobos fixos + branco, que podem mudar a velocidade e o tremor<\/strong><\/strong><\/strong><\/td><\/tr><tr><td>Roda Gobo de Rota\u00e7\u00e3o<\/td><td><strong><strong><strong>6 gobos opcionais (conect\u00e1veis), jitter de velocidade vari\u00e1vel e rota\u00e7\u00e3o bidirecional<\/strong><\/strong><\/strong><\/td><\/tr><tr><td>Sistema de corte<\/td><td><strong>4 pe\u00e7as de corte independentes, cada pe\u00e7a pode ser fechada individualmente, a luz pode ser girada em 90\u00b0<\/strong><\/td><\/tr><tr><td>Prisma<\/td><td><strong><strong>4 prismas facetados, podem ter rota\u00e7\u00e3o bidirecional independente<\/strong><\/strong><\/td><\/tr><tr><td>Modo de controle<\/td><td>DMX512\/Mestre-Escravo\/Execu\u00e7\u00e3o Autom\u00e1tica\/RDM\/Manual<\/td><\/tr><tr><td>Garantia<\/td><td>2 anos<\/td><\/tr><tr><td>Servi\u00e7o OEM e ODM<\/td><td>24 horas on-lineSe tiver alguma ideia sobre o produto, entre em contato conosco a qualquer momento.<\/td><\/tr><tr><td>Capacidade do projeto<\/td><td>Temos mais de 500 anos de experi\u00eancia em engenharia de projetos no exterior e qualquer projeto razo\u00e1vel \u00e9 bem-vindo.<\/td><\/tr><tr><td>Pacote<\/td><td>Caixa de papel\u00e3o e estojo de transporte est\u00e3o dispon\u00edveis<\/td><\/tr><tr><td>GW<\/td><td>34KG<\/td><\/tr><\/tbody><\/table><\/figure>\n\n\n\n<h2 class=\"wp-block-heading\">Cen\u00e1rios de aplicativos:<\/h2>\n\n\n\n<p>\u00c9 adequado para teatros, apresenta\u00e7\u00f5es de palco, grandes shows, est\u00fadios de TV, ilumina\u00e7\u00e3o de grandes eventos e outros locais que exigem efeitos de ilumina\u00e7\u00e3o din\u00e2micos e vari\u00e1veis.<\/p>\n\n\n\n<h2 class=\"wp-block-heading\">Link do v\u00eddeo:<\/h2>\n\n\n\n<figure class=\"wp-block-embed is-type-video is-provider-youtube wp-block-embed-youtube wp-embed-aspect-16-9 wp-has-aspect-ratio\"><div class=\"wp-block-embed__wrapper\">\n<div class=\"video-container\"><iframe title=\"1000 LED Frame Light demo video #LIRO-LITE #ledmovingheadlight  #1000LEDFrame #stagelight\" width=\"1170\" height=\"658\" data-src=\"https:\/\/www.youtube.com\/embed\/iejNdnyK9cc?feature=oembed\" frameborder=\"0\" allow=\"accelerometer; autoplay; clipboard-write; encrypted-media; gyroscope; picture-in-picture; web-share\" referrerpolicy=\"strict-origin-when-cross-origin\" allowfullscreen src=\"data:image\/gif;base64,R0lGODlhAQABAAAAACH5BAEKAAEALAAAAAABAAEAAAICTAEAOw==\" class=\"lazyload\" data-load-mode=\"1\"><\/iframe><\/div>\n<\/div><\/figure>\n\n\n\n<p><\/p>","protected":false},"excerpt":{"rendered":"<p>O LiRO-LITE 1000W Frame usa fonte de luz de m\u00f3dulo de LED, uma luz de palco 4 em 1 vers\u00e1til que combina as funcionalidades de feixe, spot, lavagem e enquadramento. Apresenta um zoom linear eletr\u00f4nico de 5,5\u00b0 a 50\u00b0, mistura de cores CMY+CTO e rodas duplas para efeitos de cor e arco-\u00edris. Equipado com 2 rodas de gobo, um obturador de 4 l\u00e2minas com movimento independente e uma roda de efeito din\u00e2mico. O prisma de 4 facetas aumenta a versatilidade. Ideal para apresenta\u00e7\u00f5es em palco, essa luz oferece visuais impressionantes e controle preciso, garantindo que o seu show se destaque com cores vibrantes e padr\u00f5es din\u00e2micos. Eleve seu desempenho com essa solu\u00e7\u00e3o de ilumina\u00e7\u00e3o potente e flex\u00edvel.<\/p>\n<p>&nbsp;<\/p>\n<blockquote><p>\u00a0<\/p><\/blockquote>\n<p>&nbsp;<\/p>","protected":false},"featured_media":8610,"comment_status":"open","ping_status":"closed","template":"","meta":[],"product_brand":[],"product_cat":[61],"product_tag":[166,167,168,159,107,115,157,160],"class_list":{"0":"post-8609","1":"product","2":"type-product","3":"status-publish","4":"has-post-thumbnail","6":"product_cat-beam-bsw-moving-head-light","7":"product_tag-bswf4in1movingheadlight","8":"product_tag-bswfcuttinglight","9":"product_tag-bswfmovinghead","10":"product_tag-ledmovingheadlights","11":"product_tag-movinghead","12":"product_tag-movingheadlights","13":"product_tag-spotmovingheadlight","14":"product_tag-stagelights","16":"first","17":"instock","18":"shipping-taxable","19":"product-type-simple"},"_links":{"self":[{"href":"https:\/\/lirolight.com\/pt\/wp-json\/wp\/v2\/product\/8609","targetHints":{"allow":["GET"]}}],"collection":[{"href":"https:\/\/lirolight.com\/pt\/wp-json\/wp\/v2\/product"}],"about":[{"href":"https:\/\/lirolight.com\/pt\/wp-json\/wp\/v2\/types\/product"}],"replies":[{"embeddable":true,"href":"https:\/\/lirolight.com\/pt\/wp-json\/wp\/v2\/comments?post=8609"}],"version-history":[{"count":5,"href":"https:\/\/lirolight.com\/pt\/wp-json\/wp\/v2\/product\/8609\/revisions"}],"predecessor-version":[{"id":10622,"href":"https:\/\/lirolight.com\/pt\/wp-json\/wp\/v2\/product\/8609\/revisions\/10622"}],"wp:featuredmedia":[{"embeddable":true,"href":"https:\/\/lirolight.com\/pt\/wp-json\/wp\/v2\/media\/8610"}],"wp:attachment":[{"href":"https:\/\/lirolight.com\/pt\/wp-json\/wp\/v2\/media?parent=8609"}],"wp:term":[{"taxonomy":"product_brand","embeddable":true,"href":"https:\/\/lirolight.com\/pt\/wp-json\/wp\/v2\/product_brand?post=8609"},{"taxonomy":"product_cat","embeddable":true,"href":"https:\/\/lirolight.com\/pt\/wp-json\/wp\/v2\/product_cat?post=8609"},{"taxonomy":"product_tag","embeddable":true,"href":"https:\/\/lirolight.com\/pt\/wp-json\/wp\/v2\/product_tag?post=8609"}],"curies":[{"name":"wp","href":"https:\/\/api.w.org\/{rel}","templated":true}]}}