{"id":8617,"date":"2025-07-22T07:55:49","date_gmt":"2025-07-22T07:55:49","guid":{"rendered":"https:\/\/lirolight.com\/?post_type=product&#038;p=8617"},"modified":"2026-01-14T06:46:09","modified_gmt":"2026-01-14T06:46:09","slug":"liro-lite-bulb-beam-light-300w-moving-head-light-dmx512-sharpy-beam-nightclub-stage-lighting-for-wedding-concert","status":"publish","type":"product","link":"https:\/\/lirolight.com\/pt\/produto\/liro-lite-bulb-beam-light-300w-moving-head-light-dmx512-sharpy-beam-nightclub-stage-lighting-for-wedding-concert\/","title":{"rendered":"LiRO-LITE Bulb Beam Light 300W Moving Head Light DMX512 Sharpy Beam Nightclub Stage Lighting for Wedding Concert"},"content":{"rendered":"<h2 class=\"wp-block-heading\"><strong><mark style=\"background-color:#000000\" class=\"has-inline-color has-white-color\">LR-BEAM 300<\/mark><\/strong><\/h2>\n\n\n\n<hr class=\"wp-block-separator has-alpha-channel-opacity\"\/>\n\n\n\n<h2 class=\"wp-block-heading\"><strong>Fotos<\/strong>:<\/h2>\n\n\n\n<div class=\"wp-block-columns is-layout-flex wp-container-core-columns-is-layout-28f84493 wp-block-columns-is-layout-flex\">\n<div class=\"wp-block-column is-layout-flow wp-block-column-is-layout-flow\">\n<figure class=\"wp-block-image size-full\"><img fetchpriority=\"high\" decoding=\"async\" width=\"2000\" height=\"2000\" src=\"https:\/\/lirolight.com\/wp-content\/uploads\/2025\/07\/\u5fae\u4fe1\u56fe\u7247_20250723162456.jpg\" alt=\"\" class=\"wp-image-8705\" srcset=\"https:\/\/lirolight.com\/wp-content\/uploads\/2025\/07\/\u5fae\u4fe1\u56fe\u7247_20250723162456.jpg 2000w, https:\/\/lirolight.com\/wp-content\/uploads\/2025\/07\/\u5fae\u4fe1\u56fe\u7247_20250723162456-300x300.jpg 300w, https:\/\/lirolight.com\/wp-content\/uploads\/2025\/07\/\u5fae\u4fe1\u56fe\u7247_20250723162456-1024x1024.jpg 1024w, https:\/\/lirolight.com\/wp-content\/uploads\/2025\/07\/\u5fae\u4fe1\u56fe\u7247_20250723162456-150x150.jpg 150w, https:\/\/lirolight.com\/wp-content\/uploads\/2025\/07\/\u5fae\u4fe1\u56fe\u7247_20250723162456-768x768.jpg 768w, https:\/\/lirolight.com\/wp-content\/uploads\/2025\/07\/\u5fae\u4fe1\u56fe\u7247_20250723162456-1536x1536.jpg 1536w, https:\/\/lirolight.com\/wp-content\/uploads\/2025\/07\/\u5fae\u4fe1\u56fe\u7247_20250723162456-12x12.jpg 12w, https:\/\/lirolight.com\/wp-content\/uploads\/2025\/07\/\u5fae\u4fe1\u56fe\u7247_20250723162456-990x990.jpg 990w, https:\/\/lirolight.com\/wp-content\/uploads\/2025\/07\/\u5fae\u4fe1\u56fe\u7247_20250723162456-441x441.jpg 441w, https:\/\/lirolight.com\/wp-content\/uploads\/2025\/07\/\u5fae\u4fe1\u56fe\u7247_20250723162456-100x100.jpg 100w, https:\/\/lirolight.com\/wp-content\/uploads\/2025\/07\/\u5fae\u4fe1\u56fe\u7247_20250723162456-800x800.jpg 800w, https:\/\/lirolight.com\/wp-content\/uploads\/2025\/07\/\u5fae\u4fe1\u56fe\u7247_20250723162456-40x40.jpg 40w\" sizes=\"(max-width: 2000px) 100vw, 2000px\" \/><\/figure>\n<\/div>\n\n\n\n<div class=\"wp-block-column is-layout-flow wp-block-column-is-layout-flow\">\n<figure class=\"wp-block-image size-full\"><img decoding=\"async\" width=\"2000\" height=\"2000\" data-src=\"https:\/\/lirolight.com\/wp-content\/uploads\/2025\/07\/3-9.jpg\" alt=\"\" class=\"wp-image-8708 lazyload\" data-srcset=\"https:\/\/lirolight.com\/wp-content\/uploads\/2025\/07\/3-9.jpg 2000w, https:\/\/lirolight.com\/wp-content\/uploads\/2025\/07\/3-9-300x300.jpg 300w, https:\/\/lirolight.com\/wp-content\/uploads\/2025\/07\/3-9-1024x1024.jpg 1024w, https:\/\/lirolight.com\/wp-content\/uploads\/2025\/07\/3-9-150x150.jpg 150w, https:\/\/lirolight.com\/wp-content\/uploads\/2025\/07\/3-9-768x768.jpg 768w, https:\/\/lirolight.com\/wp-content\/uploads\/2025\/07\/3-9-1536x1536.jpg 1536w, https:\/\/lirolight.com\/wp-content\/uploads\/2025\/07\/3-9-12x12.jpg 12w, https:\/\/lirolight.com\/wp-content\/uploads\/2025\/07\/3-9-990x990.jpg 990w, https:\/\/lirolight.com\/wp-content\/uploads\/2025\/07\/3-9-441x441.jpg 441w, https:\/\/lirolight.com\/wp-content\/uploads\/2025\/07\/3-9-100x100.jpg 100w, https:\/\/lirolight.com\/wp-content\/uploads\/2025\/07\/3-9-800x800.jpg 800w, https:\/\/lirolight.com\/wp-content\/uploads\/2025\/07\/3-9-40x40.jpg 40w\" data-sizes=\"(max-width: 2000px) 100vw, 2000px\" src=\"data:image\/gif;base64,R0lGODlhAQABAAAAACH5BAEKAAEALAAAAAABAAEAAAICTAEAOw==\" style=\"--smush-placeholder-width: 2000px; --smush-placeholder-aspect-ratio: 2000\/2000;\" \/><noscript><img decoding=\"async\" width=\"2000\" height=\"2000\" src=\"https:\/\/lirolight.com\/wp-content\/uploads\/2025\/07\/3-9.jpg\" alt=\"\" class=\"wp-image-8708\" srcset=\"https:\/\/lirolight.com\/wp-content\/uploads\/2025\/07\/3-9.jpg 2000w, https:\/\/lirolight.com\/wp-content\/uploads\/2025\/07\/3-9-300x300.jpg 300w, https:\/\/lirolight.com\/wp-content\/uploads\/2025\/07\/3-9-1024x1024.jpg 1024w, https:\/\/lirolight.com\/wp-content\/uploads\/2025\/07\/3-9-150x150.jpg 150w, https:\/\/lirolight.com\/wp-content\/uploads\/2025\/07\/3-9-768x768.jpg 768w, https:\/\/lirolight.com\/wp-content\/uploads\/2025\/07\/3-9-1536x1536.jpg 1536w, https:\/\/lirolight.com\/wp-content\/uploads\/2025\/07\/3-9-12x12.jpg 12w, https:\/\/lirolight.com\/wp-content\/uploads\/2025\/07\/3-9-990x990.jpg 990w, https:\/\/lirolight.com\/wp-content\/uploads\/2025\/07\/3-9-441x441.jpg 441w, https:\/\/lirolight.com\/wp-content\/uploads\/2025\/07\/3-9-100x100.jpg 100w, https:\/\/lirolight.com\/wp-content\/uploads\/2025\/07\/3-9-800x800.jpg 800w, https:\/\/lirolight.com\/wp-content\/uploads\/2025\/07\/3-9-40x40.jpg 40w\" sizes=\"(max-width: 2000px) 100vw, 2000px\" \/><\/noscript><\/figure>\n<\/div>\n<\/div>\n\n\n\n<div class=\"wp-block-columns is-layout-flex wp-container-core-columns-is-layout-28f84493 wp-block-columns-is-layout-flex\">\n<div class=\"wp-block-column is-layout-flow wp-block-column-is-layout-flow\">\n<figure class=\"wp-block-image size-full\"><img decoding=\"async\" width=\"2000\" height=\"2000\" data-src=\"https:\/\/lirolight.com\/wp-content\/uploads\/2025\/07\/b300-4.jpg\" alt=\"\" class=\"wp-image-8715 lazyload\" data-srcset=\"https:\/\/lirolight.com\/wp-content\/uploads\/2025\/07\/b300-4.jpg 2000w, https:\/\/lirolight.com\/wp-content\/uploads\/2025\/07\/b300-4-300x300.jpg 300w, https:\/\/lirolight.com\/wp-content\/uploads\/2025\/07\/b300-4-1024x1024.jpg 1024w, https:\/\/lirolight.com\/wp-content\/uploads\/2025\/07\/b300-4-150x150.jpg 150w, https:\/\/lirolight.com\/wp-content\/uploads\/2025\/07\/b300-4-768x768.jpg 768w, https:\/\/lirolight.com\/wp-content\/uploads\/2025\/07\/b300-4-1536x1536.jpg 1536w, https:\/\/lirolight.com\/wp-content\/uploads\/2025\/07\/b300-4-12x12.jpg 12w, https:\/\/lirolight.com\/wp-content\/uploads\/2025\/07\/b300-4-990x990.jpg 990w, https:\/\/lirolight.com\/wp-content\/uploads\/2025\/07\/b300-4-441x441.jpg 441w, https:\/\/lirolight.com\/wp-content\/uploads\/2025\/07\/b300-4-100x100.jpg 100w, https:\/\/lirolight.com\/wp-content\/uploads\/2025\/07\/b300-4-800x800.jpg 800w, https:\/\/lirolight.com\/wp-content\/uploads\/2025\/07\/b300-4-40x40.jpg 40w\" data-sizes=\"(max-width: 2000px) 100vw, 2000px\" src=\"data:image\/gif;base64,R0lGODlhAQABAAAAACH5BAEKAAEALAAAAAABAAEAAAICTAEAOw==\" style=\"--smush-placeholder-width: 2000px; --smush-placeholder-aspect-ratio: 2000\/2000;\" \/><noscript><img decoding=\"async\" width=\"2000\" height=\"2000\" src=\"https:\/\/lirolight.com\/wp-content\/uploads\/2025\/07\/b300-4.jpg\" alt=\"\" class=\"wp-image-8715\" srcset=\"https:\/\/lirolight.com\/wp-content\/uploads\/2025\/07\/b300-4.jpg 2000w, https:\/\/lirolight.com\/wp-content\/uploads\/2025\/07\/b300-4-300x300.jpg 300w, https:\/\/lirolight.com\/wp-content\/uploads\/2025\/07\/b300-4-1024x1024.jpg 1024w, https:\/\/lirolight.com\/wp-content\/uploads\/2025\/07\/b300-4-150x150.jpg 150w, https:\/\/lirolight.com\/wp-content\/uploads\/2025\/07\/b300-4-768x768.jpg 768w, https:\/\/lirolight.com\/wp-content\/uploads\/2025\/07\/b300-4-1536x1536.jpg 1536w, https:\/\/lirolight.com\/wp-content\/uploads\/2025\/07\/b300-4-12x12.jpg 12w, https:\/\/lirolight.com\/wp-content\/uploads\/2025\/07\/b300-4-990x990.jpg 990w, https:\/\/lirolight.com\/wp-content\/uploads\/2025\/07\/b300-4-441x441.jpg 441w, https:\/\/lirolight.com\/wp-content\/uploads\/2025\/07\/b300-4-100x100.jpg 100w, https:\/\/lirolight.com\/wp-content\/uploads\/2025\/07\/b300-4-800x800.jpg 800w, https:\/\/lirolight.com\/wp-content\/uploads\/2025\/07\/b300-4-40x40.jpg 40w\" sizes=\"(max-width: 2000px) 100vw, 2000px\" \/><\/noscript><\/figure>\n<\/div>\n\n\n\n<div class=\"wp-block-column is-layout-flow wp-block-column-is-layout-flow\">\n<figure class=\"wp-block-image size-full\"><img loading=\"lazy\" decoding=\"async\" width=\"2000\" height=\"2000\" data-src=\"https:\/\/lirolight.com\/wp-content\/uploads\/2025\/07\/b300-6.jpg\" alt=\"\" class=\"wp-image-8719 lazyload\" data-srcset=\"https:\/\/lirolight.com\/wp-content\/uploads\/2025\/07\/b300-6.jpg 2000w, https:\/\/lirolight.com\/wp-content\/uploads\/2025\/07\/b300-6-300x300.jpg 300w, https:\/\/lirolight.com\/wp-content\/uploads\/2025\/07\/b300-6-1024x1024.jpg 1024w, https:\/\/lirolight.com\/wp-content\/uploads\/2025\/07\/b300-6-150x150.jpg 150w, https:\/\/lirolight.com\/wp-content\/uploads\/2025\/07\/b300-6-768x768.jpg 768w, https:\/\/lirolight.com\/wp-content\/uploads\/2025\/07\/b300-6-1536x1536.jpg 1536w, https:\/\/lirolight.com\/wp-content\/uploads\/2025\/07\/b300-6-12x12.jpg 12w, https:\/\/lirolight.com\/wp-content\/uploads\/2025\/07\/b300-6-990x990.jpg 990w, https:\/\/lirolight.com\/wp-content\/uploads\/2025\/07\/b300-6-441x441.jpg 441w, https:\/\/lirolight.com\/wp-content\/uploads\/2025\/07\/b300-6-100x100.jpg 100w, https:\/\/lirolight.com\/wp-content\/uploads\/2025\/07\/b300-6-800x800.jpg 800w, https:\/\/lirolight.com\/wp-content\/uploads\/2025\/07\/b300-6-40x40.jpg 40w\" data-sizes=\"(max-width: 2000px) 100vw, 2000px\" src=\"data:image\/gif;base64,R0lGODlhAQABAAAAACH5BAEKAAEALAAAAAABAAEAAAICTAEAOw==\" style=\"--smush-placeholder-width: 2000px; --smush-placeholder-aspect-ratio: 2000\/2000;\" \/><noscript><img loading=\"lazy\" decoding=\"async\" width=\"2000\" height=\"2000\" src=\"https:\/\/lirolight.com\/wp-content\/uploads\/2025\/07\/b300-6.jpg\" alt=\"\" class=\"wp-image-8719\" srcset=\"https:\/\/lirolight.com\/wp-content\/uploads\/2025\/07\/b300-6.jpg 2000w, https:\/\/lirolight.com\/wp-content\/uploads\/2025\/07\/b300-6-300x300.jpg 300w, https:\/\/lirolight.com\/wp-content\/uploads\/2025\/07\/b300-6-1024x1024.jpg 1024w, https:\/\/lirolight.com\/wp-content\/uploads\/2025\/07\/b300-6-150x150.jpg 150w, https:\/\/lirolight.com\/wp-content\/uploads\/2025\/07\/b300-6-768x768.jpg 768w, https:\/\/lirolight.com\/wp-content\/uploads\/2025\/07\/b300-6-1536x1536.jpg 1536w, https:\/\/lirolight.com\/wp-content\/uploads\/2025\/07\/b300-6-12x12.jpg 12w, https:\/\/lirolight.com\/wp-content\/uploads\/2025\/07\/b300-6-990x990.jpg 990w, https:\/\/lirolight.com\/wp-content\/uploads\/2025\/07\/b300-6-441x441.jpg 441w, https:\/\/lirolight.com\/wp-content\/uploads\/2025\/07\/b300-6-100x100.jpg 100w, https:\/\/lirolight.com\/wp-content\/uploads\/2025\/07\/b300-6-800x800.jpg 800w, https:\/\/lirolight.com\/wp-content\/uploads\/2025\/07\/b300-6-40x40.jpg 40w\" sizes=\"(max-width: 2000px) 100vw, 2000px\" \/><\/noscript><\/figure>\n<\/div>\n<\/div>\n\n\n\n<h2 class=\"wp-block-heading\"><font style=\"vertical-align: inherit;\"><font style=\"vertical-align: inherit;\">Especifica\u00e7\u00e3o\uff1a<\/font><\/font><\/h2>\n\n\n\n<p>Tens\u00e3o: 110-240V, 50\/60Hz<br><strong>L\u00e2mpada: L\u00e2mpada original MSD Sliver 300w<\/strong><br>Pot\u00eancia: 450W (fonte de alimenta\u00e7\u00e3o padr\u00e3o CE, ISO9000)<br><strong>Canais: 16\/20 canais<\/strong><br>Panor\u00e2mica: Corre\u00e7\u00e3o eletr\u00f4nica de 540\u00b0 (varredura de 16 bits)<br>Inclina\u00e7\u00e3o: corre\u00e7\u00e3o eletr\u00f4nica de 250\u00b0 (varredura de 16 bits)<br><strong>Roda de cores: 14 cores + luz branca, com efeito de arco-\u00edris girat\u00f3rio, uma roda de seis cores, efeito de arco-\u00edris<br>Roda de Gobo: 17 Gobo + branco, com rota\u00e7\u00e3o e agita\u00e7\u00e3o<\/strong><br>Estrobosc\u00f3pio: at\u00e9 13 vezes por segundo, com fun\u00e7\u00e3o aleat\u00f3ria e de pulso<br>Dimeriza\u00e7\u00e3o: 0-100% linear<br><strong>Prisma: Efeito de prisma, um prisma de 16, 48, os prismas podem ser selecionados<\/strong><br>Frost: 0-100% linear<br>Foco eletr\u00f4nico<br>Fun\u00e7\u00e3o especial:<br>Desligue o obturador por 5 segundos e reduza automaticamente a pot\u00eancia da l\u00e2mpada 35% para prolongar a vida \u00fatil da l\u00e2mpada<br>Velocidade do ventilador inferior a 500 RPM, l\u00e2mpada apagada para prote\u00e7\u00e3o<br>Classe IP: IP20<br>Prote\u00e7\u00e3o contra superaquecimento<br>Tamanho da luz: 32,1 \u00d7 23,6 \u00d7 53,8 cm<br>PESO BRUTO: 15 KG<\/p>\n\n\n\n<h2 class=\"wp-block-heading\">Par\u00e2metro:<\/h2>\n\n\n\n<figure class=\"wp-block-table\"><table class=\"has-fixed-layout\"><tbody><tr><td>Fonte de luz<\/td><td><strong><strong><strong>L\u00e2mpada original MSD Sliver 300w<\/strong><\/strong><\/strong><\/td><\/tr><tr><td>Tens\u00e3o de entrada (V)<\/td><td>110-240V, 50\/60Hz<\/td><\/tr><tr><td>Classifica\u00e7\u00e3o IP<\/td><td>IP20<\/td><\/tr><tr><td>Roda de cores<\/td><td><strong><strong><strong>14 cores + luz branca, com efeito de arco-\u00edris girat\u00f3rio, uma roda de seis cores, efeito de arco-\u00edris<\/strong><\/strong><\/strong><\/td><\/tr><tr><td>Roda Gobo<\/td><td><strong>17 Gobo + branco, com rota\u00e7\u00e3o e agita\u00e7\u00e3o<\/strong><\/td><\/tr><tr><td>Prisma<\/td><td><strong><strong><strong>Efeito de prisma, um prisma de 16, 48, prismas podem ser selecionados<\/strong><\/strong><\/strong><\/td><\/tr><tr><td>Modo de controle<\/td><td>DMX512\/Mestre-Escravo\/Execu\u00e7\u00e3o Autom\u00e1tica\/RDM\/Manual<\/td><\/tr><tr><td>Garantia<\/td><td>2 anos<\/td><\/tr><tr><td>Servi\u00e7o OEM e ODM<\/td><td>24 horas on-lineSe tiver alguma ideia sobre o produto, entre em contato conosco a qualquer momento.<\/td><\/tr><tr><td>Capacidade do projeto<\/td><td>Temos mais de 500 anos de experi\u00eancia em engenharia de projetos no exterior e qualquer projeto razo\u00e1vel \u00e9 bem-vindo.<\/td><\/tr><tr><td>Pacote<\/td><td>Caixa de papel\u00e3o e estojo de transporte est\u00e3o dispon\u00edveis<\/td><\/tr><tr><td>GW<\/td><td>15KG<\/td><\/tr><\/tbody><\/table><\/figure>\n\n\n\n<figure class=\"wp-block-image size-full is-resized\"><img loading=\"lazy\" decoding=\"async\" width=\"800\" height=\"374\" data-src=\"https:\/\/lirolight.com\/wp-content\/uploads\/2025\/07\/333-1.jpg\" alt=\"\" class=\"wp-image-8622 lazyload\" style=\"--smush-placeholder-width: 800px; --smush-placeholder-aspect-ratio: 800\/374;width:900px;height:auto\" data-srcset=\"https:\/\/lirolight.com\/wp-content\/uploads\/2025\/07\/333-1.jpg 800w, https:\/\/lirolight.com\/wp-content\/uploads\/2025\/07\/333-1-300x140.jpg 300w, https:\/\/lirolight.com\/wp-content\/uploads\/2025\/07\/333-1-768x359.jpg 768w, https:\/\/lirolight.com\/wp-content\/uploads\/2025\/07\/333-1-18x8.jpg 18w, https:\/\/lirolight.com\/wp-content\/uploads\/2025\/07\/333-1-441x206.jpg 441w, https:\/\/lirolight.com\/wp-content\/uploads\/2025\/07\/333-1-150x70.jpg 150w, https:\/\/lirolight.com\/wp-content\/uploads\/2025\/07\/333-1-60x28.jpg 60w\" data-sizes=\"(max-width: 800px) 100vw, 800px\" src=\"data:image\/gif;base64,R0lGODlhAQABAAAAACH5BAEKAAEALAAAAAABAAEAAAICTAEAOw==\" \/><noscript><img loading=\"lazy\" decoding=\"async\" width=\"800\" height=\"374\" src=\"https:\/\/lirolight.com\/wp-content\/uploads\/2025\/07\/333-1.jpg\" alt=\"\" class=\"wp-image-8622\" style=\"width:900px;height:auto\" srcset=\"https:\/\/lirolight.com\/wp-content\/uploads\/2025\/07\/333-1.jpg 800w, https:\/\/lirolight.com\/wp-content\/uploads\/2025\/07\/333-1-300x140.jpg 300w, https:\/\/lirolight.com\/wp-content\/uploads\/2025\/07\/333-1-768x359.jpg 768w, https:\/\/lirolight.com\/wp-content\/uploads\/2025\/07\/333-1-18x8.jpg 18w, https:\/\/lirolight.com\/wp-content\/uploads\/2025\/07\/333-1-441x206.jpg 441w, https:\/\/lirolight.com\/wp-content\/uploads\/2025\/07\/333-1-150x70.jpg 150w, https:\/\/lirolight.com\/wp-content\/uploads\/2025\/07\/333-1-60x28.jpg 60w\" sizes=\"(max-width: 800px) 100vw, 800px\" \/><\/noscript><\/figure>\n\n\n\n<figure class=\"wp-block-image size-full is-resized\"><img loading=\"lazy\" decoding=\"async\" width=\"658\" height=\"465\" data-src=\"https:\/\/lirolight.com\/wp-content\/uploads\/2025\/07\/1703732980858.png\" alt=\"\" class=\"wp-image-8623 lazyload\" style=\"--smush-placeholder-width: 658px; --smush-placeholder-aspect-ratio: 658\/465;width:900px;height:auto\" data-srcset=\"https:\/\/lirolight.com\/wp-content\/uploads\/2025\/07\/1703732980858.png 658w, https:\/\/lirolight.com\/wp-content\/uploads\/2025\/07\/1703732980858-300x212.png 300w, https:\/\/lirolight.com\/wp-content\/uploads\/2025\/07\/1703732980858-18x12.png 18w, https:\/\/lirolight.com\/wp-content\/uploads\/2025\/07\/1703732980858-441x312.png 441w, https:\/\/lirolight.com\/wp-content\/uploads\/2025\/07\/1703732980858-150x106.png 150w, https:\/\/lirolight.com\/wp-content\/uploads\/2025\/07\/1703732980858-57x40.png 57w\" data-sizes=\"(max-width: 658px) 100vw, 658px\" src=\"data:image\/gif;base64,R0lGODlhAQABAAAAACH5BAEKAAEALAAAAAABAAEAAAICTAEAOw==\" \/><noscript><img loading=\"lazy\" decoding=\"async\" width=\"658\" height=\"465\" src=\"https:\/\/lirolight.com\/wp-content\/uploads\/2025\/07\/1703732980858.png\" alt=\"\" class=\"wp-image-8623\" style=\"width:900px;height:auto\" srcset=\"https:\/\/lirolight.com\/wp-content\/uploads\/2025\/07\/1703732980858.png 658w, https:\/\/lirolight.com\/wp-content\/uploads\/2025\/07\/1703732980858-300x212.png 300w, https:\/\/lirolight.com\/wp-content\/uploads\/2025\/07\/1703732980858-18x12.png 18w, https:\/\/lirolight.com\/wp-content\/uploads\/2025\/07\/1703732980858-441x312.png 441w, https:\/\/lirolight.com\/wp-content\/uploads\/2025\/07\/1703732980858-150x106.png 150w, https:\/\/lirolight.com\/wp-content\/uploads\/2025\/07\/1703732980858-57x40.png 57w\" sizes=\"(max-width: 658px) 100vw, 658px\" \/><\/noscript><\/figure>\n\n\n\n<h2 class=\"wp-block-heading\">Cen\u00e1rios de aplicativos:<\/h2>\n\n\n\n<p>\u00c9 adequado para teatros, apresenta\u00e7\u00f5es de palco, grandes shows, est\u00fadios de TV, ilumina\u00e7\u00e3o de grandes eventos e outros locais que exigem efeitos de ilumina\u00e7\u00e3o din\u00e2micos e vari\u00e1veis.<\/p>","protected":false},"excerpt":{"rendered":"<p>O farol de cabe\u00e7a m\u00f3vel Beam 300w \u00e9 uma lumin\u00e1ria poderosa! O uso de uma l\u00e2mpada Philips MSD Sliver 300w original com um \u00e2ngulo de feixe estreito de 2\u00b0 sugere que, nos mesmos canais da Sharpy 7r 230, ela \u00e9 capaz de fornecer uma ilumina\u00e7\u00e3o precisa e intensa, perfeita para criar efeitos visuais dram\u00e1ticos.<\/p>\n<p>&nbsp;<\/p>\n<blockquote><p>\u00a0<\/p><\/blockquote>\n<p>&nbsp;<\/p>","protected":false},"featured_media":8705,"comment_status":"open","ping_status":"closed","template":"","meta":[],"product_brand":[],"product_cat":[61],"product_tag":[169,152,170,107,115,172,160],"class_list":{"0":"post-8617","1":"product","2":"type-product","3":"status-publish","4":"has-post-thumbnail","6":"product_cat-beam-bsw-moving-head-light","7":"product_tag-beamlights","8":"product_tag-beammovingheadlight","9":"product_tag-beamstagelight","10":"product_tag-movinghead","11":"product_tag-movingheadlights","12":"product_tag-sharpybeamlight","13":"product_tag-stagelights","15":"first","16":"instock","17":"shipping-taxable","18":"product-type-simple"},"_links":{"self":[{"href":"https:\/\/lirolight.com\/pt\/wp-json\/wp\/v2\/product\/8617","targetHints":{"allow":["GET"]}}],"collection":[{"href":"https:\/\/lirolight.com\/pt\/wp-json\/wp\/v2\/product"}],"about":[{"href":"https:\/\/lirolight.com\/pt\/wp-json\/wp\/v2\/types\/product"}],"replies":[{"embeddable":true,"href":"https:\/\/lirolight.com\/pt\/wp-json\/wp\/v2\/comments?post=8617"}],"version-history":[{"count":5,"href":"https:\/\/lirolight.com\/pt\/wp-json\/wp\/v2\/product\/8617\/revisions"}],"predecessor-version":[{"id":10624,"href":"https:\/\/lirolight.com\/pt\/wp-json\/wp\/v2\/product\/8617\/revisions\/10624"}],"wp:featuredmedia":[{"embeddable":true,"href":"https:\/\/lirolight.com\/pt\/wp-json\/wp\/v2\/media\/8705"}],"wp:attachment":[{"href":"https:\/\/lirolight.com\/pt\/wp-json\/wp\/v2\/media?parent=8617"}],"wp:term":[{"taxonomy":"product_brand","embeddable":true,"href":"https:\/\/lirolight.com\/pt\/wp-json\/wp\/v2\/product_brand?post=8617"},{"taxonomy":"product_cat","embeddable":true,"href":"https:\/\/lirolight.com\/pt\/wp-json\/wp\/v2\/product_cat?post=8617"},{"taxonomy":"product_tag","embeddable":true,"href":"https:\/\/lirolight.com\/pt\/wp-json\/wp\/v2\/product_tag?post=8617"}],"curies":[{"name":"wp","href":"https:\/\/api.w.org\/{rel}","templated":true}]}}