{"id":8698,"date":"2025-07-23T07:22:08","date_gmt":"2025-07-23T07:22:08","guid":{"rendered":"https:\/\/lirolight.com\/?post_type=product&#038;p=8698"},"modified":"2026-01-14T06:52:09","modified_gmt":"2026-01-14T06:52:09","slug":"liro-lite-380w-19r-bws-3in1-sharpy-beam-light-wash-spot-moving-head-for-stage-show-event-concert","status":"publish","type":"product","link":"https:\/\/lirolight.com\/pt\/produto\/liro-lite-380w-19r-bws-3in1-sharpy-beam-light-wash-spot-moving-head-for-stage-show-event-concert\/","title":{"rendered":"LiRO-LITE 380W 19R BWS 3in1 Sharpy Beam Light Wash Spot Moving Head para palco, evento e show"},"content":{"rendered":"<h2 class=\"wp-block-heading\"><strong><mark style=\"background-color:#000000\" class=\"has-inline-color has-white-color\">LR-BSW380<\/mark><\/strong><\/h2>\n\n\n\n<hr class=\"wp-block-separator has-alpha-channel-opacity\"\/>\n\n\n\n<h2 class=\"wp-block-heading\"><strong>Fotos<\/strong>:<\/h2>\n\n\n\n<div class=\"wp-block-columns is-layout-flex wp-container-core-columns-is-layout-28f84493 wp-block-columns-is-layout-flex\">\n<div class=\"wp-block-column is-layout-flow wp-block-column-is-layout-flow\">\n<figure class=\"wp-block-image size-large\"><img fetchpriority=\"high\" decoding=\"async\" width=\"1024\" height=\"1024\" src=\"https:\/\/lirolight.com\/wp-content\/uploads\/2025\/07\/1-10-1024x1024.jpg\" alt=\"\" class=\"wp-image-8700\" srcset=\"https:\/\/lirolight.com\/wp-content\/uploads\/2025\/07\/1-10-1024x1024.jpg 1024w, https:\/\/lirolight.com\/wp-content\/uploads\/2025\/07\/1-10-300x300.jpg 300w, https:\/\/lirolight.com\/wp-content\/uploads\/2025\/07\/1-10-150x150.jpg 150w, https:\/\/lirolight.com\/wp-content\/uploads\/2025\/07\/1-10-768x768.jpg 768w, https:\/\/lirolight.com\/wp-content\/uploads\/2025\/07\/1-10-12x12.jpg 12w, https:\/\/lirolight.com\/wp-content\/uploads\/2025\/07\/1-10-990x990.jpg 990w, https:\/\/lirolight.com\/wp-content\/uploads\/2025\/07\/1-10-441x441.jpg 441w, https:\/\/lirolight.com\/wp-content\/uploads\/2025\/07\/1-10-100x100.jpg 100w, https:\/\/lirolight.com\/wp-content\/uploads\/2025\/07\/1-10-800x800.jpg 800w, https:\/\/lirolight.com\/wp-content\/uploads\/2025\/07\/1-10-40x40.jpg 40w, https:\/\/lirolight.com\/wp-content\/uploads\/2025\/07\/1-10.jpg 1080w\" sizes=\"(max-width: 1024px) 100vw, 1024px\" \/><\/figure>\n<\/div>\n\n\n\n<div class=\"wp-block-column is-layout-flow wp-block-column-is-layout-flow\">\n<figure class=\"wp-block-image size-full\"><img decoding=\"async\" width=\"2560\" height=\"2560\" data-src=\"https:\/\/lirolight.com\/wp-content\/uploads\/2025\/07\/3-8-scaled.jpg\" alt=\"\" class=\"wp-image-8702 lazyload\" data-srcset=\"https:\/\/lirolight.com\/wp-content\/uploads\/2025\/07\/3-8-scaled.jpg 2560w, https:\/\/lirolight.com\/wp-content\/uploads\/2025\/07\/3-8-300x300.jpg 300w, https:\/\/lirolight.com\/wp-content\/uploads\/2025\/07\/3-8-1024x1024.jpg 1024w, https:\/\/lirolight.com\/wp-content\/uploads\/2025\/07\/3-8-150x150.jpg 150w, https:\/\/lirolight.com\/wp-content\/uploads\/2025\/07\/3-8-768x768.jpg 768w, https:\/\/lirolight.com\/wp-content\/uploads\/2025\/07\/3-8-1536x1536.jpg 1536w, https:\/\/lirolight.com\/wp-content\/uploads\/2025\/07\/3-8-2048x2048.jpg 2048w, https:\/\/lirolight.com\/wp-content\/uploads\/2025\/07\/3-8-12x12.jpg 12w, https:\/\/lirolight.com\/wp-content\/uploads\/2025\/07\/3-8-990x990.jpg 990w, https:\/\/lirolight.com\/wp-content\/uploads\/2025\/07\/3-8-441x441.jpg 441w, https:\/\/lirolight.com\/wp-content\/uploads\/2025\/07\/3-8-100x100.jpg 100w, https:\/\/lirolight.com\/wp-content\/uploads\/2025\/07\/3-8-800x800.jpg 800w, https:\/\/lirolight.com\/wp-content\/uploads\/2025\/07\/3-8-40x40.jpg 40w\" data-sizes=\"(max-width: 2560px) 100vw, 2560px\" src=\"data:image\/gif;base64,R0lGODlhAQABAAAAACH5BAEKAAEALAAAAAABAAEAAAICTAEAOw==\" style=\"--smush-placeholder-width: 2560px; --smush-placeholder-aspect-ratio: 2560\/2560;\" \/><noscript><img decoding=\"async\" width=\"2560\" height=\"2560\" src=\"https:\/\/lirolight.com\/wp-content\/uploads\/2025\/07\/3-8-scaled.jpg\" alt=\"\" class=\"wp-image-8702\" srcset=\"https:\/\/lirolight.com\/wp-content\/uploads\/2025\/07\/3-8-scaled.jpg 2560w, https:\/\/lirolight.com\/wp-content\/uploads\/2025\/07\/3-8-300x300.jpg 300w, https:\/\/lirolight.com\/wp-content\/uploads\/2025\/07\/3-8-1024x1024.jpg 1024w, https:\/\/lirolight.com\/wp-content\/uploads\/2025\/07\/3-8-150x150.jpg 150w, https:\/\/lirolight.com\/wp-content\/uploads\/2025\/07\/3-8-768x768.jpg 768w, https:\/\/lirolight.com\/wp-content\/uploads\/2025\/07\/3-8-1536x1536.jpg 1536w, https:\/\/lirolight.com\/wp-content\/uploads\/2025\/07\/3-8-2048x2048.jpg 2048w, https:\/\/lirolight.com\/wp-content\/uploads\/2025\/07\/3-8-12x12.jpg 12w, https:\/\/lirolight.com\/wp-content\/uploads\/2025\/07\/3-8-990x990.jpg 990w, https:\/\/lirolight.com\/wp-content\/uploads\/2025\/07\/3-8-441x441.jpg 441w, https:\/\/lirolight.com\/wp-content\/uploads\/2025\/07\/3-8-100x100.jpg 100w, https:\/\/lirolight.com\/wp-content\/uploads\/2025\/07\/3-8-800x800.jpg 800w, https:\/\/lirolight.com\/wp-content\/uploads\/2025\/07\/3-8-40x40.jpg 40w\" sizes=\"(max-width: 2560px) 100vw, 2560px\" \/><\/noscript><\/figure>\n<\/div>\n\n\n\n<div class=\"wp-block-column is-layout-flow wp-block-column-is-layout-flow\">\n<figure class=\"wp-block-image size-large\"><img decoding=\"async\" width=\"1024\" height=\"1024\" data-src=\"https:\/\/lirolight.com\/wp-content\/uploads\/2025\/07\/5-5-1024x1024.jpg\" alt=\"\" class=\"wp-image-8634 lazyload\" data-srcset=\"https:\/\/lirolight.com\/wp-content\/uploads\/2025\/07\/5-5-1024x1024.jpg 1024w, https:\/\/lirolight.com\/wp-content\/uploads\/2025\/07\/5-5-300x300.jpg 300w, https:\/\/lirolight.com\/wp-content\/uploads\/2025\/07\/5-5-150x150.jpg 150w, https:\/\/lirolight.com\/wp-content\/uploads\/2025\/07\/5-5-768x768.jpg 768w, https:\/\/lirolight.com\/wp-content\/uploads\/2025\/07\/5-5-1536x1536.jpg 1536w, https:\/\/lirolight.com\/wp-content\/uploads\/2025\/07\/5-5-12x12.jpg 12w, https:\/\/lirolight.com\/wp-content\/uploads\/2025\/07\/5-5-990x990.jpg 990w, https:\/\/lirolight.com\/wp-content\/uploads\/2025\/07\/5-5-441x441.jpg 441w, https:\/\/lirolight.com\/wp-content\/uploads\/2025\/07\/5-5-100x100.jpg 100w, https:\/\/lirolight.com\/wp-content\/uploads\/2025\/07\/5-5-800x800.jpg 800w, https:\/\/lirolight.com\/wp-content\/uploads\/2025\/07\/5-5-40x40.jpg 40w, https:\/\/lirolight.com\/wp-content\/uploads\/2025\/07\/5-5.jpg 2000w\" data-sizes=\"(max-width: 1024px) 100vw, 1024px\" src=\"data:image\/gif;base64,R0lGODlhAQABAAAAACH5BAEKAAEALAAAAAABAAEAAAICTAEAOw==\" style=\"--smush-placeholder-width: 1024px; --smush-placeholder-aspect-ratio: 1024\/1024;\" \/><noscript><img decoding=\"async\" width=\"1024\" height=\"1024\" src=\"https:\/\/lirolight.com\/wp-content\/uploads\/2025\/07\/5-5-1024x1024.jpg\" alt=\"\" class=\"wp-image-8634\" srcset=\"https:\/\/lirolight.com\/wp-content\/uploads\/2025\/07\/5-5-1024x1024.jpg 1024w, https:\/\/lirolight.com\/wp-content\/uploads\/2025\/07\/5-5-300x300.jpg 300w, https:\/\/lirolight.com\/wp-content\/uploads\/2025\/07\/5-5-150x150.jpg 150w, https:\/\/lirolight.com\/wp-content\/uploads\/2025\/07\/5-5-768x768.jpg 768w, https:\/\/lirolight.com\/wp-content\/uploads\/2025\/07\/5-5-1536x1536.jpg 1536w, https:\/\/lirolight.com\/wp-content\/uploads\/2025\/07\/5-5-12x12.jpg 12w, https:\/\/lirolight.com\/wp-content\/uploads\/2025\/07\/5-5-990x990.jpg 990w, https:\/\/lirolight.com\/wp-content\/uploads\/2025\/07\/5-5-441x441.jpg 441w, https:\/\/lirolight.com\/wp-content\/uploads\/2025\/07\/5-5-100x100.jpg 100w, https:\/\/lirolight.com\/wp-content\/uploads\/2025\/07\/5-5-800x800.jpg 800w, https:\/\/lirolight.com\/wp-content\/uploads\/2025\/07\/5-5-40x40.jpg 40w, https:\/\/lirolight.com\/wp-content\/uploads\/2025\/07\/5-5.jpg 2000w\" sizes=\"(max-width: 1024px) 100vw, 1024px\" \/><\/noscript><\/figure>\n<\/div>\n<\/div>\n\n\n\n<figure class=\"wp-block-image size-full is-resized\"><img loading=\"lazy\" decoding=\"async\" width=\"2400\" height=\"2400\" data-src=\"https:\/\/lirolight.com\/wp-content\/uploads\/2025\/07\/5-6.jpg\" alt=\"\" class=\"wp-image-8704 lazyload\" style=\"--smush-placeholder-width: 2400px; --smush-placeholder-aspect-ratio: 2400\/2400;width:900px;height:auto\" data-srcset=\"https:\/\/lirolight.com\/wp-content\/uploads\/2025\/07\/5-6.jpg 2400w, https:\/\/lirolight.com\/wp-content\/uploads\/2025\/07\/5-6-300x300.jpg 300w, https:\/\/lirolight.com\/wp-content\/uploads\/2025\/07\/5-6-1024x1024.jpg 1024w, https:\/\/lirolight.com\/wp-content\/uploads\/2025\/07\/5-6-150x150.jpg 150w, https:\/\/lirolight.com\/wp-content\/uploads\/2025\/07\/5-6-768x768.jpg 768w, https:\/\/lirolight.com\/wp-content\/uploads\/2025\/07\/5-6-1536x1536.jpg 1536w, https:\/\/lirolight.com\/wp-content\/uploads\/2025\/07\/5-6-2048x2048.jpg 2048w, https:\/\/lirolight.com\/wp-content\/uploads\/2025\/07\/5-6-12x12.jpg 12w, https:\/\/lirolight.com\/wp-content\/uploads\/2025\/07\/5-6-990x990.jpg 990w, https:\/\/lirolight.com\/wp-content\/uploads\/2025\/07\/5-6-441x441.jpg 441w, https:\/\/lirolight.com\/wp-content\/uploads\/2025\/07\/5-6-100x100.jpg 100w, https:\/\/lirolight.com\/wp-content\/uploads\/2025\/07\/5-6-800x800.jpg 800w, https:\/\/lirolight.com\/wp-content\/uploads\/2025\/07\/5-6-40x40.jpg 40w\" data-sizes=\"(max-width: 2400px) 100vw, 2400px\" src=\"data:image\/gif;base64,R0lGODlhAQABAAAAACH5BAEKAAEALAAAAAABAAEAAAICTAEAOw==\" \/><noscript><img loading=\"lazy\" decoding=\"async\" width=\"2400\" height=\"2400\" src=\"https:\/\/lirolight.com\/wp-content\/uploads\/2025\/07\/5-6.jpg\" alt=\"\" class=\"wp-image-8704\" style=\"width:900px;height:auto\" srcset=\"https:\/\/lirolight.com\/wp-content\/uploads\/2025\/07\/5-6.jpg 2400w, https:\/\/lirolight.com\/wp-content\/uploads\/2025\/07\/5-6-300x300.jpg 300w, https:\/\/lirolight.com\/wp-content\/uploads\/2025\/07\/5-6-1024x1024.jpg 1024w, https:\/\/lirolight.com\/wp-content\/uploads\/2025\/07\/5-6-150x150.jpg 150w, https:\/\/lirolight.com\/wp-content\/uploads\/2025\/07\/5-6-768x768.jpg 768w, https:\/\/lirolight.com\/wp-content\/uploads\/2025\/07\/5-6-1536x1536.jpg 1536w, https:\/\/lirolight.com\/wp-content\/uploads\/2025\/07\/5-6-2048x2048.jpg 2048w, https:\/\/lirolight.com\/wp-content\/uploads\/2025\/07\/5-6-12x12.jpg 12w, https:\/\/lirolight.com\/wp-content\/uploads\/2025\/07\/5-6-990x990.jpg 990w, https:\/\/lirolight.com\/wp-content\/uploads\/2025\/07\/5-6-441x441.jpg 441w, https:\/\/lirolight.com\/wp-content\/uploads\/2025\/07\/5-6-100x100.jpg 100w, https:\/\/lirolight.com\/wp-content\/uploads\/2025\/07\/5-6-800x800.jpg 800w, https:\/\/lirolight.com\/wp-content\/uploads\/2025\/07\/5-6-40x40.jpg 40w\" sizes=\"(max-width: 2400px) 100vw, 2400px\" \/><\/noscript><\/figure>\n\n\n\n<h2 class=\"wp-block-heading\"><font style=\"vertical-align: inherit;\"><font style=\"vertical-align: inherit;\">Especifica\u00e7\u00e3o\uff1a<\/font><\/font><\/h2>\n\n\n\n<p>Fonte de alimenta\u00e7\u00e3o: AC90V-240V 50HZ-60Hz<br>Pot\u00eancia: 500W<br><strong>L\u00e2mpada: L\u00e2mpada 371W<\/strong><br>Temperatura de cor: 8500 k<br>Vida \u00fatil: 2500 horas<br><strong>Cor: 8 cores + branco<\/strong><br><strong>CTO: Ajuste linear da temperatura da cor<br>Gobo fixo: 11 gobos fixos + luz branca, os gobos podem ser sacudidos.<br>Gobo girat\u00f3rio: 7 gobos girat\u00f3rios de vidro + luz branca com rota\u00e7\u00e3o no sentido hor\u00e1rio e anti-hor\u00e1rio<br>Prisma: 1 unidade de 8 prismas, 1 placa de efeito de \u00e1gua, 1 prisma linear de 6; pode ser girado nas dire\u00e7\u00f5es para frente e para tr\u00e1s e tem uma fun\u00e7\u00e3o de posicionamento do prisma. Empilhamento de prisma duplo, efeito de rota\u00e7\u00e3o do prisma (8+16, 16+24, 8+24 podem ser personalizados)<\/strong><br>Foco: zoom linear eletr\u00f4nico e sistema de zoom linear eletr\u00f4nico.<br>\u00c2ngulo do feixe: 2,5\u00b0.<br>Faixa de zoom: Zoom linear de alta velocidade de 5\u00b0~40\u00b0<br>Frost: 1 lente de frost independente, ponto de luz suave e natural<br>Modo de canal: 22CH<br>Modo de funcionamento: Controle DMX512, modo autom\u00e1tico, modo mestre\/escravo, RDM<br>Dimeriza\u00e7\u00e3o: 0-100 dimeriza\u00e7\u00e3o<br>Material: Alum\u00ednio, cobre, a\u00e7o, pl\u00e1stico<br>Movimento panor\u00e2mico\/inclinado: 540\u02da\/270\u02da<br>Ambiente de trabalho: -20 graus ~ 50 graus<br>N\u00edvel de prote\u00e7\u00e3o: IP20<\/p>\n\n\n\n<h2 class=\"wp-block-heading\">Par\u00e2metro:<\/h2>\n\n\n\n<figure class=\"wp-block-table\"><table class=\"has-fixed-layout\"><tbody><tr><td>Fonte de luz<\/td><td><strong><strong><strong>L\u00e2mpada de 371W<\/strong><\/strong><\/strong><\/td><\/tr><tr><td>Tens\u00e3o de entrada (V)<\/td><td>110-240V, 50\/60Hz<\/td><\/tr><tr><td>Classifica\u00e7\u00e3o IP<\/td><td>IP20<\/td><\/tr><tr><td><strong>Roda de cores<\/strong><\/td><td><strong><strong><strong><strong>8 cores + branco<\/strong><\/strong><\/strong><\/strong><\/td><\/tr><tr><td><strong>Roda Gobo fixa<\/strong><\/td><td><strong><strong>11 gobos fixos + luz branca, os gobos podem ser sacudidos.<\/strong><\/strong><\/td><\/tr><tr><td><strong>Rota\u00e7\u00e3o Roda Gobo<\/strong><\/td><td><strong>7 gobos girat\u00f3rios de vidro + luz branca com rota\u00e7\u00e3o no sentido hor\u00e1rio e anti-hor\u00e1rio<\/strong><\/td><\/tr><tr><td><strong>Prisma<\/strong><\/td><td><strong><strong><strong><strong>1 pe\u00e7a de prisma 8, 1 placa de efeito \u00e1gua, 1 prisma linear 6<\/strong><\/strong><\/strong><\/strong><\/td><\/tr><tr><td>Modo de controle<\/td><td>DMX512\/Mestre-Escravo\/Execu\u00e7\u00e3o Autom\u00e1tica\/RDM\/Manual<\/td><\/tr><tr><td>Garantia<\/td><td>2 anos<\/td><\/tr><tr><td>Servi\u00e7o OEM e ODM<\/td><td>Se tiver alguma ideia sobre o produto, entre em contato conosco a qualquer momento.<\/td><\/tr><tr><td>Capacidade do projeto<\/td><td>Temos mais de 500 anos de experi\u00eancia em engenharia de projetos no exterior e qualquer projeto razo\u00e1vel \u00e9 bem-vindo.<\/td><\/tr><tr><td>Pacote<\/td><td>Caixa de papel\u00e3o e estojo de transporte est\u00e3o dispon\u00edveis<\/td><\/tr><tr><td>GW<\/td><td>22,5 KG<\/td><\/tr><\/tbody><\/table><\/figure>\n\n\n\n<h2 class=\"wp-block-heading\">Link do v\u00eddeo:<\/h2>\n\n\n\n<p><a href=\"https:\/\/www.instagram.com\/p\/C1qeMMeJuy8\" target=\"_blank\" rel=\"noopener\">https:\/\/www.instagram.com\/p\/C1qeMMeJuy8<\/a><\/p>\n\n\n\n<p><\/p>","protected":false},"excerpt":{"rendered":"<p>A luz de cabe\u00e7a m\u00f3vel LiRO-LITE 380W Beam Spot Wash \u00e9 uma op\u00e7\u00e3o vers\u00e1til para shows, concertos e bares de discoteca. Com uma fonte de alimenta\u00e7\u00e3o de AC90V - 240V, ele oferece 8 cores mais o branco e uma temperatura de cor de 8500K. Possui 11 gobos fixos e 7 gobos de vidro girat\u00f3rios, al\u00e9m de v\u00e1rios efeitos de prisma. O \u00e2ngulo do feixe varia de 2,5\u00b0 a 40\u00b0 e \u00e9 compat\u00edvel com o controle 22CH DMX512. Sua constru\u00e7\u00e3o dur\u00e1vel em alum\u00ednio, cobre e a\u00e7o garante um desempenho confi\u00e1vel em um ambiente de trabalho amplo.<\/p>\n<p>&nbsp;<\/p>\n<blockquote><p>\u00a0<\/p><\/blockquote>\n<p>&nbsp;<\/p>","protected":false},"featured_media":8700,"comment_status":"open","ping_status":"closed","template":"","meta":[],"product_brand":[],"product_cat":[61],"product_tag":[173,169,152,170,174,121,107,115,172,160],"class_list":{"0":"post-8698","1":"product","2":"type-product","3":"status-publish","4":"has-post-thumbnail","6":"product_cat-beam-bsw-moving-head-light","7":"product_tag-beam-spot-wash-moving-head-light","8":"product_tag-beamlights","9":"product_tag-beammovingheadlight","10":"product_tag-beamstagelight","11":"product_tag-bsw-3in1-light","12":"product_tag-bsw-cmy-moving-head","13":"product_tag-movinghead","14":"product_tag-movingheadlights","15":"product_tag-sharpybeamlight","16":"product_tag-stagelights","18":"first","19":"instock","20":"shipping-taxable","21":"product-type-simple"},"_links":{"self":[{"href":"https:\/\/lirolight.com\/pt\/wp-json\/wp\/v2\/product\/8698","targetHints":{"allow":["GET"]}}],"collection":[{"href":"https:\/\/lirolight.com\/pt\/wp-json\/wp\/v2\/product"}],"about":[{"href":"https:\/\/lirolight.com\/pt\/wp-json\/wp\/v2\/types\/product"}],"replies":[{"embeddable":true,"href":"https:\/\/lirolight.com\/pt\/wp-json\/wp\/v2\/comments?post=8698"}],"version-history":[{"count":4,"href":"https:\/\/lirolight.com\/pt\/wp-json\/wp\/v2\/product\/8698\/revisions"}],"predecessor-version":[{"id":10628,"href":"https:\/\/lirolight.com\/pt\/wp-json\/wp\/v2\/product\/8698\/revisions\/10628"}],"wp:featuredmedia":[{"embeddable":true,"href":"https:\/\/lirolight.com\/pt\/wp-json\/wp\/v2\/media\/8700"}],"wp:attachment":[{"href":"https:\/\/lirolight.com\/pt\/wp-json\/wp\/v2\/media?parent=8698"}],"wp:term":[{"taxonomy":"product_brand","embeddable":true,"href":"https:\/\/lirolight.com\/pt\/wp-json\/wp\/v2\/product_brand?post=8698"},{"taxonomy":"product_cat","embeddable":true,"href":"https:\/\/lirolight.com\/pt\/wp-json\/wp\/v2\/product_cat?post=8698"},{"taxonomy":"product_tag","embeddable":true,"href":"https:\/\/lirolight.com\/pt\/wp-json\/wp\/v2\/product_tag?post=8698"}],"curies":[{"name":"wp","href":"https:\/\/api.w.org\/{rel}","templated":true}]}}