{"id":8726,"date":"2025-07-24T03:21:37","date_gmt":"2025-07-24T03:21:37","guid":{"rendered":"https:\/\/lirolight.com\/?post_type=product&#038;p=8726"},"modified":"2026-01-14T06:55:56","modified_gmt":"2026-01-14T06:55:56","slug":"liro-lite-stage-dmx-control-disco-laser-light-6-eyes-single-red-light-moving-head-stage-laser-light","status":"publish","type":"product","link":"https:\/\/lirolight.com\/pt\/produto\/liro-lite-stage-dmx-control-disco-laser-light-6-eyes-single-red-light-moving-head-stage-laser-light\/","title":{"rendered":"LiRO-LITE Stage DMX Control Disco Laser Light 6 Eyes Single Red Light Moving Head Stage Laser Light"},"content":{"rendered":"<h2 class=\"wp-block-heading\"><strong><mark style=\"background-color:#000000\" class=\"has-inline-color has-white-color\">LASER PARA OLHOS LR-6<\/mark><\/strong><\/h2>\n\n\n\n<hr class=\"wp-block-separator has-alpha-channel-opacity\"\/>\n\n\n\n<h2 class=\"wp-block-heading\"><strong>Fotos:<\/strong>:<\/h2>\n\n\n\n<div class=\"wp-block-columns is-layout-flex wp-container-core-columns-is-layout-28f84493 wp-block-columns-is-layout-flex\">\n<div class=\"wp-block-column is-layout-flow wp-block-column-is-layout-flow\">\n<figure class=\"wp-block-image size-full\"><img fetchpriority=\"high\" decoding=\"async\" width=\"720\" height=\"720\" src=\"https:\/\/lirolight.com\/wp-content\/uploads\/2025\/07\/3-2.png\" alt=\"\" class=\"wp-image-8728\" srcset=\"https:\/\/lirolight.com\/wp-content\/uploads\/2025\/07\/3-2.png 720w, https:\/\/lirolight.com\/wp-content\/uploads\/2025\/07\/3-2-300x300.png 300w, https:\/\/lirolight.com\/wp-content\/uploads\/2025\/07\/3-2-150x150.png 150w, https:\/\/lirolight.com\/wp-content\/uploads\/2025\/07\/3-2-12x12.png 12w, https:\/\/lirolight.com\/wp-content\/uploads\/2025\/07\/3-2-441x441.png 441w, https:\/\/lirolight.com\/wp-content\/uploads\/2025\/07\/3-2-100x100.png 100w, https:\/\/lirolight.com\/wp-content\/uploads\/2025\/07\/3-2-40x40.png 40w\" sizes=\"(max-width: 720px) 100vw, 720px\" \/><\/figure>\n<\/div>\n\n\n\n<div class=\"wp-block-column is-layout-flow wp-block-column-is-layout-flow\">\n<figure class=\"wp-block-image size-full\"><img decoding=\"async\" width=\"720\" height=\"720\" data-src=\"https:\/\/lirolight.com\/wp-content\/uploads\/2025\/07\/6.png\" alt=\"\" class=\"wp-image-8731 lazyload\" data-srcset=\"https:\/\/lirolight.com\/wp-content\/uploads\/2025\/07\/6.png 720w, https:\/\/lirolight.com\/wp-content\/uploads\/2025\/07\/6-300x300.png 300w, https:\/\/lirolight.com\/wp-content\/uploads\/2025\/07\/6-150x150.png 150w, https:\/\/lirolight.com\/wp-content\/uploads\/2025\/07\/6-12x12.png 12w, https:\/\/lirolight.com\/wp-content\/uploads\/2025\/07\/6-441x441.png 441w, https:\/\/lirolight.com\/wp-content\/uploads\/2025\/07\/6-100x100.png 100w, https:\/\/lirolight.com\/wp-content\/uploads\/2025\/07\/6-40x40.png 40w\" data-sizes=\"(max-width: 720px) 100vw, 720px\" src=\"data:image\/gif;base64,R0lGODlhAQABAAAAACH5BAEKAAEALAAAAAABAAEAAAICTAEAOw==\" style=\"--smush-placeholder-width: 720px; --smush-placeholder-aspect-ratio: 720\/720;\" \/><noscript><img decoding=\"async\" width=\"720\" height=\"720\" src=\"https:\/\/lirolight.com\/wp-content\/uploads\/2025\/07\/6.png\" alt=\"\" class=\"wp-image-8731\" srcset=\"https:\/\/lirolight.com\/wp-content\/uploads\/2025\/07\/6.png 720w, https:\/\/lirolight.com\/wp-content\/uploads\/2025\/07\/6-300x300.png 300w, https:\/\/lirolight.com\/wp-content\/uploads\/2025\/07\/6-150x150.png 150w, https:\/\/lirolight.com\/wp-content\/uploads\/2025\/07\/6-12x12.png 12w, https:\/\/lirolight.com\/wp-content\/uploads\/2025\/07\/6-441x441.png 441w, https:\/\/lirolight.com\/wp-content\/uploads\/2025\/07\/6-100x100.png 100w, https:\/\/lirolight.com\/wp-content\/uploads\/2025\/07\/6-40x40.png 40w\" sizes=\"(max-width: 720px) 100vw, 720px\" \/><\/noscript><\/figure>\n<\/div>\n\n\n\n<div class=\"wp-block-column is-layout-flow wp-block-column-is-layout-flow\">\n<figure class=\"wp-block-image size-full\"><img decoding=\"async\" width=\"720\" height=\"720\" data-src=\"https:\/\/lirolight.com\/wp-content\/uploads\/2025\/07\/4-2.png\" alt=\"\" class=\"wp-image-8729 lazyload\" data-srcset=\"https:\/\/lirolight.com\/wp-content\/uploads\/2025\/07\/4-2.png 720w, https:\/\/lirolight.com\/wp-content\/uploads\/2025\/07\/4-2-300x300.png 300w, https:\/\/lirolight.com\/wp-content\/uploads\/2025\/07\/4-2-150x150.png 150w, https:\/\/lirolight.com\/wp-content\/uploads\/2025\/07\/4-2-12x12.png 12w, https:\/\/lirolight.com\/wp-content\/uploads\/2025\/07\/4-2-441x441.png 441w, https:\/\/lirolight.com\/wp-content\/uploads\/2025\/07\/4-2-100x100.png 100w, https:\/\/lirolight.com\/wp-content\/uploads\/2025\/07\/4-2-40x40.png 40w\" data-sizes=\"(max-width: 720px) 100vw, 720px\" src=\"data:image\/gif;base64,R0lGODlhAQABAAAAACH5BAEKAAEALAAAAAABAAEAAAICTAEAOw==\" style=\"--smush-placeholder-width: 720px; --smush-placeholder-aspect-ratio: 720\/720;\" \/><noscript><img decoding=\"async\" width=\"720\" height=\"720\" src=\"https:\/\/lirolight.com\/wp-content\/uploads\/2025\/07\/4-2.png\" alt=\"\" class=\"wp-image-8729\" srcset=\"https:\/\/lirolight.com\/wp-content\/uploads\/2025\/07\/4-2.png 720w, https:\/\/lirolight.com\/wp-content\/uploads\/2025\/07\/4-2-300x300.png 300w, https:\/\/lirolight.com\/wp-content\/uploads\/2025\/07\/4-2-150x150.png 150w, https:\/\/lirolight.com\/wp-content\/uploads\/2025\/07\/4-2-12x12.png 12w, https:\/\/lirolight.com\/wp-content\/uploads\/2025\/07\/4-2-441x441.png 441w, https:\/\/lirolight.com\/wp-content\/uploads\/2025\/07\/4-2-100x100.png 100w, https:\/\/lirolight.com\/wp-content\/uploads\/2025\/07\/4-2-40x40.png 40w\" sizes=\"(max-width: 720px) 100vw, 720px\" \/><\/noscript><\/figure>\n<\/div>\n<\/div>\n\n\n\n<h2 class=\"wp-block-heading\"><font style=\"vertical-align: inherit;\"><font style=\"vertical-align: inherit;\">Especifica\u00e7\u00e3o\uff1a<\/font><\/font><\/h2>\n\n\n\n<p>Especifica\u00e7\u00f5es do produto:<br>Tens\u00e3o nominal: AC110V\uff5eAC230V\u00b110% Frequ\u00eancia nominal: 50Hz\uff5e60Hz<br>Pot\u00eancia nominal: 150W<br>Cor do laser: vermelho simples<br>Pot\u00eancia do laser: R 3W<br>Fonte de luz laser: 500mw\/638nm X6<br>Padr\u00e3o de laser: uma variedade de padr\u00f5es de efeito de feixe grosso<br>Sinal de modula\u00e7\u00e3o do laser: Sinal de modula\u00e7\u00e3o TTL<br>Modo de controle: Controle de sinal DMX512, modo autopropelido, modo de controle de voz, mestre-escravo<br>Canal de controle: 11\/23 CH<br>Varredura do eixo X: 0-270 graus<br>Varredura do eixo Y: 0-135 graus<br>Ajuste fino do eixo X\/Y: 0-270 graus<br>Sistema de escaneamento: motor de passo<br>\u00c2ngulo de varredura do motor: \u00b125 graus<br>Ambiente de trabalho: interno<\/p>\n\n\n\n<h2 class=\"wp-block-heading has-medium-font-size\">Par\u00e2metro:<\/h2>\n\n\n\n<figure class=\"wp-block-table\"><table class=\"has-fixed-layout\"><tbody><tr><td>Fonte de laser<\/td><td>500mw\/638nm X6<\/td><\/tr><tr><td>Tens\u00e3o de entrada (V)<\/td><td>AC110V\uff5eAC230V 50Hz\uff5e60Hz<\/td><\/tr><tr><td>Classifica\u00e7\u00e3o IP<\/td><td>IP20<\/td><\/tr><tr><td>Varredura do eixo X<\/td><td>0-270 graus<\/td><\/tr><tr><td>Varredura do eixo Y<\/td><td>0-135 graus<\/td><\/tr><tr><td>\u00c2ngulo de varredura do motor<\/td><td> \u00b125 graus<\/td><\/tr><\/tbody><\/table><\/figure>","protected":false},"excerpt":{"rendered":"<p>A luz laser vermelha de 6 olhos LiRO-LITE \u00e9 uma lumin\u00e1ria de palco din\u00e2mica projetada para apresenta\u00e7\u00f5es vibrantes. Com sua capacidade de panor\u00e2mica e inclina\u00e7\u00e3o, ele cria padr\u00f5es e movimentos hipnotizantes. As op\u00e7\u00f5es RGB personaliz\u00e1veis permitem que os usu\u00e1rios alternem entre as cores vermelha, verde e azul, aumentando a versatilidade para diferentes eventos. Ideal para clubes, shows e espet\u00e1culos teatrais, essa luz laser fornece feixes de alta intensidade que cativam o p\u00fablico. Seus recursos avan\u00e7ados garantem uma integra\u00e7\u00e3o perfeita com sistemas de controle DMX, oferecendo ajustes precisos para uma sincroniza\u00e7\u00e3o perfeita com m\u00fasica e apresenta\u00e7\u00f5es. Experimente a emo\u00e7\u00e3o de uma exibi\u00e7\u00e3o de ilumina\u00e7\u00e3o totalmente personaliz\u00e1vel e interativa.<\/p>\n<p>&nbsp;<\/p>\n<blockquote><p>\u00a0<\/p><\/blockquote>\n<p>&nbsp;<\/p>","protected":false},"featured_media":8727,"comment_status":"open","ping_status":"closed","template":"","meta":[],"product_brand":[],"product_cat":[56],"product_tag":[176,175,178,177,160],"class_list":{"0":"post-8726","1":"product","2":"type-product","3":"status-publish","4":"has-post-thumbnail","6":"product_cat-stage-laser-light","7":"product_tag-lasermovingheadlight","8":"product_tag-lasetlight","9":"product_tag-rgblaser","10":"product_tag-stagelaserlight","11":"product_tag-stagelights","13":"first","14":"instock","15":"shipping-taxable","16":"product-type-simple"},"_links":{"self":[{"href":"https:\/\/lirolight.com\/pt\/wp-json\/wp\/v2\/product\/8726","targetHints":{"allow":["GET"]}}],"collection":[{"href":"https:\/\/lirolight.com\/pt\/wp-json\/wp\/v2\/product"}],"about":[{"href":"https:\/\/lirolight.com\/pt\/wp-json\/wp\/v2\/types\/product"}],"replies":[{"embeddable":true,"href":"https:\/\/lirolight.com\/pt\/wp-json\/wp\/v2\/comments?post=8726"}],"version-history":[{"count":5,"href":"https:\/\/lirolight.com\/pt\/wp-json\/wp\/v2\/product\/8726\/revisions"}],"predecessor-version":[{"id":10631,"href":"https:\/\/lirolight.com\/pt\/wp-json\/wp\/v2\/product\/8726\/revisions\/10631"}],"wp:featuredmedia":[{"embeddable":true,"href":"https:\/\/lirolight.com\/pt\/wp-json\/wp\/v2\/media\/8727"}],"wp:attachment":[{"href":"https:\/\/lirolight.com\/pt\/wp-json\/wp\/v2\/media?parent=8726"}],"wp:term":[{"taxonomy":"product_brand","embeddable":true,"href":"https:\/\/lirolight.com\/pt\/wp-json\/wp\/v2\/product_brand?post=8726"},{"taxonomy":"product_cat","embeddable":true,"href":"https:\/\/lirolight.com\/pt\/wp-json\/wp\/v2\/product_cat?post=8726"},{"taxonomy":"product_tag","embeddable":true,"href":"https:\/\/lirolight.com\/pt\/wp-json\/wp\/v2\/product_tag?post=8726"}],"curies":[{"name":"wp","href":"https:\/\/api.w.org\/{rel}","templated":true}]}}