{"id":8735,"date":"2025-07-24T07:43:12","date_gmt":"2025-07-24T07:43:12","guid":{"rendered":"https:\/\/lirolight.com\/?post_type=product&#038;p=8735"},"modified":"2026-01-14T06:57:57","modified_gmt":"2026-01-14T06:57:57","slug":"liro-lite-8-eyes-laser-stage-laser-light-red-rgb-single-laser-moving-head-laser-strips-for-night-club","status":"publish","type":"product","link":"https:\/\/lirolight.com\/pt\/produto\/liro-lite-8-eyes-laser-stage-laser-light-red-rgb-single-laser-moving-head-laser-strips-for-night-club\/","title":{"rendered":"LiRO-LITE 8 Eyes Laser Stage Laser Light Red\/RGB Single Laser Moving Head Laser Strips for Night Club"},"content":{"rendered":"<h2 class=\"wp-block-heading\"><strong><mark style=\"background-color:#000000\" class=\"has-inline-color has-white-color\">LASER PARA OLHOS LR-8<\/mark><\/strong><\/h2>\n\n\n\n<hr class=\"wp-block-separator has-alpha-channel-opacity\"\/>\n\n\n\n<h2 class=\"wp-block-heading\"><strong>Fotos:<\/strong><\/h2>\n\n\n\n<figure class=\"wp-block-image size-full is-resized\"><img fetchpriority=\"high\" decoding=\"async\" width=\"720\" height=\"720\" src=\"https:\/\/lirolight.com\/wp-content\/uploads\/2025\/07\/XQ2.png\" alt=\"\" class=\"wp-image-8744\" style=\"width:900px;height:auto\" srcset=\"https:\/\/lirolight.com\/wp-content\/uploads\/2025\/07\/XQ2.png 720w, https:\/\/lirolight.com\/wp-content\/uploads\/2025\/07\/XQ2-300x300.png 300w, https:\/\/lirolight.com\/wp-content\/uploads\/2025\/07\/XQ2-150x150.png 150w, https:\/\/lirolight.com\/wp-content\/uploads\/2025\/07\/XQ2-12x12.png 12w, https:\/\/lirolight.com\/wp-content\/uploads\/2025\/07\/XQ2-441x441.png 441w, https:\/\/lirolight.com\/wp-content\/uploads\/2025\/07\/XQ2-100x100.png 100w, https:\/\/lirolight.com\/wp-content\/uploads\/2025\/07\/XQ2-40x40.png 40w\" sizes=\"(max-width: 720px) 100vw, 720px\" \/><\/figure>\n\n\n\n<h2 class=\"wp-block-heading\"><font style=\"vertical-align: inherit;\"><font style=\"vertical-align: inherit;\">Especifica\u00e7\u00e3o\uff1a<\/font><\/font><\/h2>\n\n\n\n<p>Tens\u00e3o nominal: AC110V\uff5eAC230V\u00b110\uff05<br>Frequ\u00eancia nominal: 50Hz\uff5e60Hz<br>Pot\u00eancia nominal: 120W<br>Cor do laser: vermelho simples<br>Pot\u00eancia do laser: R4W<br>Fonte de laser: R500mw\/638nm X8<br>Padr\u00e3o de laser: uma variedade de padr\u00f5es de efeito de feixe grosso<br>Sinal de modula\u00e7\u00e3o do laser: Sinal de modula\u00e7\u00e3o TTL<br>Modo de controle: Controle de sinal DMX-512, modo autopropelido, modo de controle de voz,<br>Canal de controle: 7\/15 CH<br>Varredura do eixo Y: 0-180 graus Sistema de varredura: motor de passo<br>\u00c2ngulo de varredura: \u00b125 graus<br>Sistema de resfriamento: sistema de resfriamento for\u00e7ado por ventilador<br>Ambiente de trabalho: interno<\/p>\n\n\n\n<h2 class=\"wp-block-heading\">Par\u00e2metro:<\/h2>\n\n\n\n<figure class=\"wp-block-table\"><table class=\"has-fixed-layout\"><tbody><tr><td>Fonte de laser<\/td><td>R500mw\/638nm X8<\/td><\/tr><tr><td>Tens\u00e3o de entrada (V)<\/td><td>AC110V\uff5eAC230V\u00b110\uff05 50Hz\uff5e60Hz<\/td><\/tr><tr><td>Classifica\u00e7\u00e3o IP<\/td><td>IP20<\/td><\/tr><tr><td>Varredura do eixo X<\/td><td>0-270 graus<\/td><\/tr><tr><td>Varredura do eixo Y<\/td><td>0-135 graus<\/td><\/tr><tr><td>\u00c2ngulo de varredura do motor<\/td><td> \u00b125 graus<\/td><\/tr><\/tbody><\/table><\/figure>\n\n\n\n<div class=\"wp-block-columns is-layout-flex wp-container-core-columns-is-layout-28f84493 wp-block-columns-is-layout-flex\">\n<div class=\"wp-block-column is-layout-flow wp-block-column-is-layout-flow\">\n<h2 class=\"wp-block-heading\">Hor\u00e1rio do show:<\/h2>\n<\/div>\n<\/div>\n\n\n\n<div class=\"wp-block-columns is-layout-flex wp-container-core-columns-is-layout-28f84493 wp-block-columns-is-layout-flex\">\n<div class=\"wp-block-column is-layout-flow wp-block-column-is-layout-flow\">\n<figure class=\"wp-block-image size-full\"><img decoding=\"async\" width=\"400\" height=\"400\" data-src=\"https:\/\/lirolight.com\/wp-content\/uploads\/2025\/07\/7-3.jpg\" alt=\"\" class=\"wp-image-8741 lazyload\" data-srcset=\"https:\/\/lirolight.com\/wp-content\/uploads\/2025\/07\/7-3.jpg 400w, https:\/\/lirolight.com\/wp-content\/uploads\/2025\/07\/7-3-300x300.jpg 300w, https:\/\/lirolight.com\/wp-content\/uploads\/2025\/07\/7-3-150x150.jpg 150w, https:\/\/lirolight.com\/wp-content\/uploads\/2025\/07\/7-3-12x12.jpg 12w, https:\/\/lirolight.com\/wp-content\/uploads\/2025\/07\/7-3-100x100.jpg 100w, https:\/\/lirolight.com\/wp-content\/uploads\/2025\/07\/7-3-40x40.jpg 40w\" data-sizes=\"(max-width: 400px) 100vw, 400px\" src=\"data:image\/gif;base64,R0lGODlhAQABAAAAACH5BAEKAAEALAAAAAABAAEAAAICTAEAOw==\" style=\"--smush-placeholder-width: 400px; --smush-placeholder-aspect-ratio: 400\/400;\" \/><noscript><img decoding=\"async\" width=\"400\" height=\"400\" src=\"https:\/\/lirolight.com\/wp-content\/uploads\/2025\/07\/7-3.jpg\" alt=\"\" class=\"wp-image-8741\" srcset=\"https:\/\/lirolight.com\/wp-content\/uploads\/2025\/07\/7-3.jpg 400w, https:\/\/lirolight.com\/wp-content\/uploads\/2025\/07\/7-3-300x300.jpg 300w, https:\/\/lirolight.com\/wp-content\/uploads\/2025\/07\/7-3-150x150.jpg 150w, https:\/\/lirolight.com\/wp-content\/uploads\/2025\/07\/7-3-12x12.jpg 12w, https:\/\/lirolight.com\/wp-content\/uploads\/2025\/07\/7-3-100x100.jpg 100w, https:\/\/lirolight.com\/wp-content\/uploads\/2025\/07\/7-3-40x40.jpg 40w\" sizes=\"(max-width: 400px) 100vw, 400px\" \/><\/noscript><\/figure>\n<\/div>\n\n\n\n<div class=\"wp-block-column is-layout-flow wp-block-column-is-layout-flow\">\n<figure class=\"wp-block-image size-full\"><img decoding=\"async\" width=\"400\" height=\"400\" data-src=\"https:\/\/lirolight.com\/wp-content\/uploads\/2025\/07\/8.jpg\" alt=\"\" class=\"wp-image-8742 lazyload\" data-srcset=\"https:\/\/lirolight.com\/wp-content\/uploads\/2025\/07\/8.jpg 400w, https:\/\/lirolight.com\/wp-content\/uploads\/2025\/07\/8-300x300.jpg 300w, https:\/\/lirolight.com\/wp-content\/uploads\/2025\/07\/8-150x150.jpg 150w, https:\/\/lirolight.com\/wp-content\/uploads\/2025\/07\/8-12x12.jpg 12w, https:\/\/lirolight.com\/wp-content\/uploads\/2025\/07\/8-100x100.jpg 100w, https:\/\/lirolight.com\/wp-content\/uploads\/2025\/07\/8-40x40.jpg 40w\" data-sizes=\"(max-width: 400px) 100vw, 400px\" src=\"data:image\/gif;base64,R0lGODlhAQABAAAAACH5BAEKAAEALAAAAAABAAEAAAICTAEAOw==\" style=\"--smush-placeholder-width: 400px; --smush-placeholder-aspect-ratio: 400\/400;\" \/><noscript><img decoding=\"async\" width=\"400\" height=\"400\" src=\"https:\/\/lirolight.com\/wp-content\/uploads\/2025\/07\/8.jpg\" alt=\"\" class=\"wp-image-8742\" srcset=\"https:\/\/lirolight.com\/wp-content\/uploads\/2025\/07\/8.jpg 400w, https:\/\/lirolight.com\/wp-content\/uploads\/2025\/07\/8-300x300.jpg 300w, https:\/\/lirolight.com\/wp-content\/uploads\/2025\/07\/8-150x150.jpg 150w, https:\/\/lirolight.com\/wp-content\/uploads\/2025\/07\/8-12x12.jpg 12w, https:\/\/lirolight.com\/wp-content\/uploads\/2025\/07\/8-100x100.jpg 100w, https:\/\/lirolight.com\/wp-content\/uploads\/2025\/07\/8-40x40.jpg 40w\" sizes=\"(max-width: 400px) 100vw, 400px\" \/><\/noscript><\/figure>\n<\/div>\n\n\n\n<div class=\"wp-block-column is-layout-flow wp-block-column-is-layout-flow\">\n<figure class=\"wp-block-image size-full\"><img loading=\"lazy\" decoding=\"async\" width=\"400\" height=\"400\" data-src=\"https:\/\/lirolight.com\/wp-content\/uploads\/2025\/07\/9-3.jpg\" alt=\"\" class=\"wp-image-8743 lazyload\" data-srcset=\"https:\/\/lirolight.com\/wp-content\/uploads\/2025\/07\/9-3.jpg 400w, https:\/\/lirolight.com\/wp-content\/uploads\/2025\/07\/9-3-300x300.jpg 300w, https:\/\/lirolight.com\/wp-content\/uploads\/2025\/07\/9-3-150x150.jpg 150w, https:\/\/lirolight.com\/wp-content\/uploads\/2025\/07\/9-3-12x12.jpg 12w, https:\/\/lirolight.com\/wp-content\/uploads\/2025\/07\/9-3-100x100.jpg 100w, https:\/\/lirolight.com\/wp-content\/uploads\/2025\/07\/9-3-40x40.jpg 40w\" data-sizes=\"(max-width: 400px) 100vw, 400px\" src=\"data:image\/gif;base64,R0lGODlhAQABAAAAACH5BAEKAAEALAAAAAABAAEAAAICTAEAOw==\" style=\"--smush-placeholder-width: 400px; --smush-placeholder-aspect-ratio: 400\/400;\" \/><noscript><img loading=\"lazy\" decoding=\"async\" width=\"400\" height=\"400\" src=\"https:\/\/lirolight.com\/wp-content\/uploads\/2025\/07\/9-3.jpg\" alt=\"\" class=\"wp-image-8743\" srcset=\"https:\/\/lirolight.com\/wp-content\/uploads\/2025\/07\/9-3.jpg 400w, https:\/\/lirolight.com\/wp-content\/uploads\/2025\/07\/9-3-300x300.jpg 300w, https:\/\/lirolight.com\/wp-content\/uploads\/2025\/07\/9-3-150x150.jpg 150w, https:\/\/lirolight.com\/wp-content\/uploads\/2025\/07\/9-3-12x12.jpg 12w, https:\/\/lirolight.com\/wp-content\/uploads\/2025\/07\/9-3-100x100.jpg 100w, https:\/\/lirolight.com\/wp-content\/uploads\/2025\/07\/9-3-40x40.jpg 40w\" sizes=\"(max-width: 400px) 100vw, 400px\" \/><\/noscript><\/figure>\n<\/div>\n<\/div>","protected":false},"excerpt":{"rendered":"<p>O LiRO-LITE 8 Eyes Laser Stage Laser Light \u00e9 uma solu\u00e7\u00e3o de ilumina\u00e7\u00e3o din\u00e2mica e vers\u00e1til para casas noturnas. Com uma tens\u00e3o nominal de AC110V\uff5eAC230V\u00b110\uff05 e uma pot\u00eancia de 120W, ele opera com efici\u00eancia em v\u00e1rios ambientes. Emitindo feixes de laser vermelho simples com uma fonte de laser 8x R500mw\/638nm, ele oferece efeitos RGB personaliz\u00e1veis. Controlado via DMX-512, autopropelido ou modos de voz, ele possui um canal de controle de 7\/15 CH. Seu motor de passo permite uma varredura de 0-180\u00b0 no eixo Y e um \u00e2ngulo de varredura de \u00b125\u00b0. Equipado com resfriamento por ventilador, ele \u00e9 perfeito para uso em ambientes internos, criando shows de luzes cativantes.<\/p>\n<p>&nbsp;<\/p>\n<blockquote><p>\u00a0<\/p><\/blockquote>\n<p>&nbsp;<\/p>","protected":false},"featured_media":8739,"comment_status":"open","ping_status":"closed","template":"","meta":[],"product_brand":[],"product_cat":[56],"product_tag":[179,176,175,178,177,160],"class_list":{"0":"post-8735","1":"product","2":"type-product","3":"status-publish","4":"has-post-thumbnail","6":"product_cat-stage-laser-light","7":"product_tag-8eyeslaser","8":"product_tag-lasermovingheadlight","9":"product_tag-lasetlight","10":"product_tag-rgblaser","11":"product_tag-stagelaserlight","12":"product_tag-stagelights","14":"first","15":"instock","16":"shipping-taxable","17":"product-type-simple"},"_links":{"self":[{"href":"https:\/\/lirolight.com\/pt\/wp-json\/wp\/v2\/product\/8735","targetHints":{"allow":["GET"]}}],"collection":[{"href":"https:\/\/lirolight.com\/pt\/wp-json\/wp\/v2\/product"}],"about":[{"href":"https:\/\/lirolight.com\/pt\/wp-json\/wp\/v2\/types\/product"}],"replies":[{"embeddable":true,"href":"https:\/\/lirolight.com\/pt\/wp-json\/wp\/v2\/comments?post=8735"}],"version-history":[{"count":4,"href":"https:\/\/lirolight.com\/pt\/wp-json\/wp\/v2\/product\/8735\/revisions"}],"predecessor-version":[{"id":10633,"href":"https:\/\/lirolight.com\/pt\/wp-json\/wp\/v2\/product\/8735\/revisions\/10633"}],"wp:featuredmedia":[{"embeddable":true,"href":"https:\/\/lirolight.com\/pt\/wp-json\/wp\/v2\/media\/8739"}],"wp:attachment":[{"href":"https:\/\/lirolight.com\/pt\/wp-json\/wp\/v2\/media?parent=8735"}],"wp:term":[{"taxonomy":"product_brand","embeddable":true,"href":"https:\/\/lirolight.com\/pt\/wp-json\/wp\/v2\/product_brand?post=8735"},{"taxonomy":"product_cat","embeddable":true,"href":"https:\/\/lirolight.com\/pt\/wp-json\/wp\/v2\/product_cat?post=8735"},{"taxonomy":"product_tag","embeddable":true,"href":"https:\/\/lirolight.com\/pt\/wp-json\/wp\/v2\/product_tag?post=8735"}],"curies":[{"name":"wp","href":"https:\/\/api.w.org\/{rel}","templated":true}]}}