{"id":8750,"date":"2025-07-24T08:02:58","date_gmt":"2025-07-24T08:02:58","guid":{"rendered":"https:\/\/lirolight.com\/?post_type=product&#038;p=8750"},"modified":"2026-01-14T06:55:05","modified_gmt":"2026-01-14T06:55:05","slug":"liro-lite-battery-wireless-led-uplight-app-wifi-remote-rechargeable-9x18w-6-in-1-rgbw-uv-led-stage-par-lights-for-wedding-parties","status":"publish","type":"product","link":"https:\/\/lirolight.com\/pt\/produto\/liro-lite-battery-wireless-led-uplight-app-wifi-remote-rechargeable-9x18w-6-in-1-rgbw-uv-led-stage-par-lights-for-wedding-parties\/","title":{"rendered":"LiRO-LITE Battery Wireless Led Uplight App\/Wifi Remote Rechargeable 9x18w 6 in 1 RGBW UV Led Stage Par Lights For Wedding Parties"},"content":{"rendered":"<h2 class=\"wp-block-heading\"><strong><mark style=\"background-color:#000000\" class=\"has-inline-color has-white-color\">Bateria LR P918<\/mark><\/strong><\/h2>\n\n\n\n<hr class=\"wp-block-separator has-alpha-channel-opacity\"\/>\n\n\n\n<h2 class=\"wp-block-heading\">Fotos:<\/h2>\n\n\n\n<div class=\"wp-block-columns is-layout-flex wp-container-core-columns-is-layout-28f84493 wp-block-columns-is-layout-flex\">\n<div class=\"wp-block-column is-layout-flow wp-block-column-is-layout-flow\">\n<figure class=\"wp-block-image size-full\"><img fetchpriority=\"high\" decoding=\"async\" width=\"800\" height=\"800\" src=\"https:\/\/lirolight.com\/wp-content\/uploads\/2025\/07\/Battery-Wireless-Led-Uplight-9x18w-7.jpg\" alt=\"\" class=\"wp-image-8752\" srcset=\"https:\/\/lirolight.com\/wp-content\/uploads\/2025\/07\/Battery-Wireless-Led-Uplight-9x18w-7.jpg 800w, https:\/\/lirolight.com\/wp-content\/uploads\/2025\/07\/Battery-Wireless-Led-Uplight-9x18w-7-300x300.jpg 300w, https:\/\/lirolight.com\/wp-content\/uploads\/2025\/07\/Battery-Wireless-Led-Uplight-9x18w-7-150x150.jpg 150w, https:\/\/lirolight.com\/wp-content\/uploads\/2025\/07\/Battery-Wireless-Led-Uplight-9x18w-7-768x768.jpg 768w, https:\/\/lirolight.com\/wp-content\/uploads\/2025\/07\/Battery-Wireless-Led-Uplight-9x18w-7-12x12.jpg 12w, https:\/\/lirolight.com\/wp-content\/uploads\/2025\/07\/Battery-Wireless-Led-Uplight-9x18w-7-441x441.jpg 441w, https:\/\/lirolight.com\/wp-content\/uploads\/2025\/07\/Battery-Wireless-Led-Uplight-9x18w-7-100x100.jpg 100w, https:\/\/lirolight.com\/wp-content\/uploads\/2025\/07\/Battery-Wireless-Led-Uplight-9x18w-7-500x500.jpg 500w, https:\/\/lirolight.com\/wp-content\/uploads\/2025\/07\/Battery-Wireless-Led-Uplight-9x18w-7-40x40.jpg 40w\" sizes=\"(max-width: 800px) 100vw, 800px\" \/><\/figure>\n<\/div>\n\n\n\n<div class=\"wp-block-column is-layout-flow wp-block-column-is-layout-flow\">\n<figure class=\"wp-block-image size-full\"><img decoding=\"async\" width=\"800\" height=\"800\" data-src=\"https:\/\/lirolight.com\/wp-content\/uploads\/2025\/07\/Battery-Wireless-Led-Uplight-9x18w-6.jpg\" alt=\"\" class=\"wp-image-8757 lazyload\" data-srcset=\"https:\/\/lirolight.com\/wp-content\/uploads\/2025\/07\/Battery-Wireless-Led-Uplight-9x18w-6.jpg 800w, https:\/\/lirolight.com\/wp-content\/uploads\/2025\/07\/Battery-Wireless-Led-Uplight-9x18w-6-300x300.jpg 300w, https:\/\/lirolight.com\/wp-content\/uploads\/2025\/07\/Battery-Wireless-Led-Uplight-9x18w-6-150x150.jpg 150w, https:\/\/lirolight.com\/wp-content\/uploads\/2025\/07\/Battery-Wireless-Led-Uplight-9x18w-6-768x768.jpg 768w, https:\/\/lirolight.com\/wp-content\/uploads\/2025\/07\/Battery-Wireless-Led-Uplight-9x18w-6-12x12.jpg 12w, https:\/\/lirolight.com\/wp-content\/uploads\/2025\/07\/Battery-Wireless-Led-Uplight-9x18w-6-441x441.jpg 441w, https:\/\/lirolight.com\/wp-content\/uploads\/2025\/07\/Battery-Wireless-Led-Uplight-9x18w-6-100x100.jpg 100w, https:\/\/lirolight.com\/wp-content\/uploads\/2025\/07\/Battery-Wireless-Led-Uplight-9x18w-6-40x40.jpg 40w\" data-sizes=\"(max-width: 800px) 100vw, 800px\" src=\"data:image\/gif;base64,R0lGODlhAQABAAAAACH5BAEKAAEALAAAAAABAAEAAAICTAEAOw==\" style=\"--smush-placeholder-width: 800px; --smush-placeholder-aspect-ratio: 800\/800;\" \/><noscript><img decoding=\"async\" width=\"800\" height=\"800\" src=\"https:\/\/lirolight.com\/wp-content\/uploads\/2025\/07\/Battery-Wireless-Led-Uplight-9x18w-6.jpg\" alt=\"\" class=\"wp-image-8757\" srcset=\"https:\/\/lirolight.com\/wp-content\/uploads\/2025\/07\/Battery-Wireless-Led-Uplight-9x18w-6.jpg 800w, https:\/\/lirolight.com\/wp-content\/uploads\/2025\/07\/Battery-Wireless-Led-Uplight-9x18w-6-300x300.jpg 300w, https:\/\/lirolight.com\/wp-content\/uploads\/2025\/07\/Battery-Wireless-Led-Uplight-9x18w-6-150x150.jpg 150w, https:\/\/lirolight.com\/wp-content\/uploads\/2025\/07\/Battery-Wireless-Led-Uplight-9x18w-6-768x768.jpg 768w, https:\/\/lirolight.com\/wp-content\/uploads\/2025\/07\/Battery-Wireless-Led-Uplight-9x18w-6-12x12.jpg 12w, https:\/\/lirolight.com\/wp-content\/uploads\/2025\/07\/Battery-Wireless-Led-Uplight-9x18w-6-441x441.jpg 441w, https:\/\/lirolight.com\/wp-content\/uploads\/2025\/07\/Battery-Wireless-Led-Uplight-9x18w-6-100x100.jpg 100w, https:\/\/lirolight.com\/wp-content\/uploads\/2025\/07\/Battery-Wireless-Led-Uplight-9x18w-6-40x40.jpg 40w\" sizes=\"(max-width: 800px) 100vw, 800px\" \/><\/noscript><\/figure>\n<\/div>\n<\/div>\n\n\n\n<div class=\"wp-block-columns is-layout-flex wp-container-core-columns-is-layout-28f84493 wp-block-columns-is-layout-flex\">\n<div class=\"wp-block-column is-layout-flow wp-block-column-is-layout-flow\">\n<div class=\"wp-block-columns is-layout-flex wp-container-core-columns-is-layout-28f84493 wp-block-columns-is-layout-flex\">\n<div class=\"wp-block-column is-layout-flow wp-block-column-is-layout-flow\">\n<div class=\"wp-block-columns is-layout-flex wp-container-core-columns-is-layout-28f84493 wp-block-columns-is-layout-flex\">\n<div class=\"wp-block-column is-layout-flow wp-block-column-is-layout-flow\">\n<div class=\"wp-block-columns is-layout-flex wp-container-core-columns-is-layout-28f84493 wp-block-columns-is-layout-flex\">\n<div class=\"wp-block-column is-layout-flow wp-block-column-is-layout-flow\">\n<figure class=\"wp-block-image size-full\"><img decoding=\"async\" width=\"800\" height=\"800\" data-src=\"https:\/\/lirolight.com\/wp-content\/uploads\/2025\/07\/Battery-Wireless-Led-Uplight-9x18w-4.jpg\" alt=\"\" class=\"wp-image-8755 lazyload\" data-srcset=\"https:\/\/lirolight.com\/wp-content\/uploads\/2025\/07\/Battery-Wireless-Led-Uplight-9x18w-4.jpg 800w, https:\/\/lirolight.com\/wp-content\/uploads\/2025\/07\/Battery-Wireless-Led-Uplight-9x18w-4-300x300.jpg 300w, https:\/\/lirolight.com\/wp-content\/uploads\/2025\/07\/Battery-Wireless-Led-Uplight-9x18w-4-150x150.jpg 150w, https:\/\/lirolight.com\/wp-content\/uploads\/2025\/07\/Battery-Wireless-Led-Uplight-9x18w-4-768x768.jpg 768w, https:\/\/lirolight.com\/wp-content\/uploads\/2025\/07\/Battery-Wireless-Led-Uplight-9x18w-4-12x12.jpg 12w, https:\/\/lirolight.com\/wp-content\/uploads\/2025\/07\/Battery-Wireless-Led-Uplight-9x18w-4-441x441.jpg 441w, https:\/\/lirolight.com\/wp-content\/uploads\/2025\/07\/Battery-Wireless-Led-Uplight-9x18w-4-100x100.jpg 100w, https:\/\/lirolight.com\/wp-content\/uploads\/2025\/07\/Battery-Wireless-Led-Uplight-9x18w-4-40x40.jpg 40w\" data-sizes=\"(max-width: 800px) 100vw, 800px\" src=\"data:image\/gif;base64,R0lGODlhAQABAAAAACH5BAEKAAEALAAAAAABAAEAAAICTAEAOw==\" style=\"--smush-placeholder-width: 800px; --smush-placeholder-aspect-ratio: 800\/800;\" \/><noscript><img decoding=\"async\" width=\"800\" height=\"800\" src=\"https:\/\/lirolight.com\/wp-content\/uploads\/2025\/07\/Battery-Wireless-Led-Uplight-9x18w-4.jpg\" alt=\"\" class=\"wp-image-8755\" srcset=\"https:\/\/lirolight.com\/wp-content\/uploads\/2025\/07\/Battery-Wireless-Led-Uplight-9x18w-4.jpg 800w, https:\/\/lirolight.com\/wp-content\/uploads\/2025\/07\/Battery-Wireless-Led-Uplight-9x18w-4-300x300.jpg 300w, https:\/\/lirolight.com\/wp-content\/uploads\/2025\/07\/Battery-Wireless-Led-Uplight-9x18w-4-150x150.jpg 150w, https:\/\/lirolight.com\/wp-content\/uploads\/2025\/07\/Battery-Wireless-Led-Uplight-9x18w-4-768x768.jpg 768w, https:\/\/lirolight.com\/wp-content\/uploads\/2025\/07\/Battery-Wireless-Led-Uplight-9x18w-4-12x12.jpg 12w, https:\/\/lirolight.com\/wp-content\/uploads\/2025\/07\/Battery-Wireless-Led-Uplight-9x18w-4-441x441.jpg 441w, https:\/\/lirolight.com\/wp-content\/uploads\/2025\/07\/Battery-Wireless-Led-Uplight-9x18w-4-100x100.jpg 100w, https:\/\/lirolight.com\/wp-content\/uploads\/2025\/07\/Battery-Wireless-Led-Uplight-9x18w-4-40x40.jpg 40w\" sizes=\"(max-width: 800px) 100vw, 800px\" \/><\/noscript><\/figure>\n<\/div>\n\n\n\n<div class=\"wp-block-column is-layout-flow wp-block-column-is-layout-flow\">\n<figure class=\"wp-block-image size-full\"><img loading=\"lazy\" decoding=\"async\" width=\"800\" height=\"800\" data-src=\"https:\/\/lirolight.com\/wp-content\/uploads\/2025\/07\/Battery-Wireless-Led-Uplight-9x18w-3.jpg\" alt=\"\" class=\"wp-image-8754 lazyload\" data-srcset=\"https:\/\/lirolight.com\/wp-content\/uploads\/2025\/07\/Battery-Wireless-Led-Uplight-9x18w-3.jpg 800w, https:\/\/lirolight.com\/wp-content\/uploads\/2025\/07\/Battery-Wireless-Led-Uplight-9x18w-3-300x300.jpg 300w, https:\/\/lirolight.com\/wp-content\/uploads\/2025\/07\/Battery-Wireless-Led-Uplight-9x18w-3-150x150.jpg 150w, https:\/\/lirolight.com\/wp-content\/uploads\/2025\/07\/Battery-Wireless-Led-Uplight-9x18w-3-768x768.jpg 768w, https:\/\/lirolight.com\/wp-content\/uploads\/2025\/07\/Battery-Wireless-Led-Uplight-9x18w-3-12x12.jpg 12w, https:\/\/lirolight.com\/wp-content\/uploads\/2025\/07\/Battery-Wireless-Led-Uplight-9x18w-3-441x441.jpg 441w, https:\/\/lirolight.com\/wp-content\/uploads\/2025\/07\/Battery-Wireless-Led-Uplight-9x18w-3-100x100.jpg 100w, https:\/\/lirolight.com\/wp-content\/uploads\/2025\/07\/Battery-Wireless-Led-Uplight-9x18w-3-40x40.jpg 40w\" data-sizes=\"(max-width: 800px) 100vw, 800px\" src=\"data:image\/gif;base64,R0lGODlhAQABAAAAACH5BAEKAAEALAAAAAABAAEAAAICTAEAOw==\" style=\"--smush-placeholder-width: 800px; --smush-placeholder-aspect-ratio: 800\/800;\" \/><noscript><img loading=\"lazy\" decoding=\"async\" width=\"800\" height=\"800\" src=\"https:\/\/lirolight.com\/wp-content\/uploads\/2025\/07\/Battery-Wireless-Led-Uplight-9x18w-3.jpg\" alt=\"\" class=\"wp-image-8754\" srcset=\"https:\/\/lirolight.com\/wp-content\/uploads\/2025\/07\/Battery-Wireless-Led-Uplight-9x18w-3.jpg 800w, https:\/\/lirolight.com\/wp-content\/uploads\/2025\/07\/Battery-Wireless-Led-Uplight-9x18w-3-300x300.jpg 300w, https:\/\/lirolight.com\/wp-content\/uploads\/2025\/07\/Battery-Wireless-Led-Uplight-9x18w-3-150x150.jpg 150w, https:\/\/lirolight.com\/wp-content\/uploads\/2025\/07\/Battery-Wireless-Led-Uplight-9x18w-3-768x768.jpg 768w, https:\/\/lirolight.com\/wp-content\/uploads\/2025\/07\/Battery-Wireless-Led-Uplight-9x18w-3-12x12.jpg 12w, https:\/\/lirolight.com\/wp-content\/uploads\/2025\/07\/Battery-Wireless-Led-Uplight-9x18w-3-441x441.jpg 441w, https:\/\/lirolight.com\/wp-content\/uploads\/2025\/07\/Battery-Wireless-Led-Uplight-9x18w-3-100x100.jpg 100w, https:\/\/lirolight.com\/wp-content\/uploads\/2025\/07\/Battery-Wireless-Led-Uplight-9x18w-3-40x40.jpg 40w\" sizes=\"(max-width: 800px) 100vw, 800px\" \/><\/noscript><\/figure>\n<\/div>\n\n\n\n<div class=\"wp-block-column is-layout-flow wp-block-column-is-layout-flow\">\n<figure class=\"wp-block-image size-full\"><img loading=\"lazy\" decoding=\"async\" width=\"800\" height=\"800\" data-src=\"https:\/\/lirolight.com\/wp-content\/uploads\/2025\/07\/Battery-Wireless-Led-Uplight-9x18w-5.jpg\" alt=\"\" class=\"wp-image-8756 lazyload\" data-srcset=\"https:\/\/lirolight.com\/wp-content\/uploads\/2025\/07\/Battery-Wireless-Led-Uplight-9x18w-5.jpg 800w, https:\/\/lirolight.com\/wp-content\/uploads\/2025\/07\/Battery-Wireless-Led-Uplight-9x18w-5-300x300.jpg 300w, https:\/\/lirolight.com\/wp-content\/uploads\/2025\/07\/Battery-Wireless-Led-Uplight-9x18w-5-150x150.jpg 150w, https:\/\/lirolight.com\/wp-content\/uploads\/2025\/07\/Battery-Wireless-Led-Uplight-9x18w-5-768x768.jpg 768w, https:\/\/lirolight.com\/wp-content\/uploads\/2025\/07\/Battery-Wireless-Led-Uplight-9x18w-5-12x12.jpg 12w, https:\/\/lirolight.com\/wp-content\/uploads\/2025\/07\/Battery-Wireless-Led-Uplight-9x18w-5-441x441.jpg 441w, https:\/\/lirolight.com\/wp-content\/uploads\/2025\/07\/Battery-Wireless-Led-Uplight-9x18w-5-100x100.jpg 100w, https:\/\/lirolight.com\/wp-content\/uploads\/2025\/07\/Battery-Wireless-Led-Uplight-9x18w-5-40x40.jpg 40w\" data-sizes=\"(max-width: 800px) 100vw, 800px\" src=\"data:image\/gif;base64,R0lGODlhAQABAAAAACH5BAEKAAEALAAAAAABAAEAAAICTAEAOw==\" style=\"--smush-placeholder-width: 800px; --smush-placeholder-aspect-ratio: 800\/800;\" \/><noscript><img loading=\"lazy\" decoding=\"async\" width=\"800\" height=\"800\" src=\"https:\/\/lirolight.com\/wp-content\/uploads\/2025\/07\/Battery-Wireless-Led-Uplight-9x18w-5.jpg\" alt=\"\" class=\"wp-image-8756\" srcset=\"https:\/\/lirolight.com\/wp-content\/uploads\/2025\/07\/Battery-Wireless-Led-Uplight-9x18w-5.jpg 800w, https:\/\/lirolight.com\/wp-content\/uploads\/2025\/07\/Battery-Wireless-Led-Uplight-9x18w-5-300x300.jpg 300w, https:\/\/lirolight.com\/wp-content\/uploads\/2025\/07\/Battery-Wireless-Led-Uplight-9x18w-5-150x150.jpg 150w, https:\/\/lirolight.com\/wp-content\/uploads\/2025\/07\/Battery-Wireless-Led-Uplight-9x18w-5-768x768.jpg 768w, https:\/\/lirolight.com\/wp-content\/uploads\/2025\/07\/Battery-Wireless-Led-Uplight-9x18w-5-12x12.jpg 12w, https:\/\/lirolight.com\/wp-content\/uploads\/2025\/07\/Battery-Wireless-Led-Uplight-9x18w-5-441x441.jpg 441w, https:\/\/lirolight.com\/wp-content\/uploads\/2025\/07\/Battery-Wireless-Led-Uplight-9x18w-5-100x100.jpg 100w, https:\/\/lirolight.com\/wp-content\/uploads\/2025\/07\/Battery-Wireless-Led-Uplight-9x18w-5-40x40.jpg 40w\" sizes=\"(max-width: 800px) 100vw, 800px\" \/><\/noscript><\/figure>\n<\/div>\n<\/div>\n<\/div>\n<\/div>\n\n\n\n<figure class=\"wp-block-image alignwide size-full\"><img loading=\"lazy\" decoding=\"async\" width=\"720\" height=\"720\" data-src=\"https:\/\/lirolight.com\/wp-content\/uploads\/2025\/07\/Battery-Wireless-Led-Uplight-9x18w-2.png\" alt=\"\" class=\"wp-image-8753 lazyload\" data-srcset=\"https:\/\/lirolight.com\/wp-content\/uploads\/2025\/07\/Battery-Wireless-Led-Uplight-9x18w-2.png 720w, https:\/\/lirolight.com\/wp-content\/uploads\/2025\/07\/Battery-Wireless-Led-Uplight-9x18w-2-300x300.png 300w, https:\/\/lirolight.com\/wp-content\/uploads\/2025\/07\/Battery-Wireless-Led-Uplight-9x18w-2-150x150.png 150w, https:\/\/lirolight.com\/wp-content\/uploads\/2025\/07\/Battery-Wireless-Led-Uplight-9x18w-2-12x12.png 12w, https:\/\/lirolight.com\/wp-content\/uploads\/2025\/07\/Battery-Wireless-Led-Uplight-9x18w-2-441x441.png 441w, https:\/\/lirolight.com\/wp-content\/uploads\/2025\/07\/Battery-Wireless-Led-Uplight-9x18w-2-100x100.png 100w, https:\/\/lirolight.com\/wp-content\/uploads\/2025\/07\/Battery-Wireless-Led-Uplight-9x18w-2-40x40.png 40w\" data-sizes=\"(max-width: 720px) 100vw, 720px\" src=\"data:image\/gif;base64,R0lGODlhAQABAAAAACH5BAEKAAEALAAAAAABAAEAAAICTAEAOw==\" style=\"--smush-placeholder-width: 720px; --smush-placeholder-aspect-ratio: 720\/720;\" \/><noscript><img loading=\"lazy\" decoding=\"async\" width=\"720\" height=\"720\" src=\"https:\/\/lirolight.com\/wp-content\/uploads\/2025\/07\/Battery-Wireless-Led-Uplight-9x18w-2.png\" alt=\"\" class=\"wp-image-8753\" srcset=\"https:\/\/lirolight.com\/wp-content\/uploads\/2025\/07\/Battery-Wireless-Led-Uplight-9x18w-2.png 720w, https:\/\/lirolight.com\/wp-content\/uploads\/2025\/07\/Battery-Wireless-Led-Uplight-9x18w-2-300x300.png 300w, https:\/\/lirolight.com\/wp-content\/uploads\/2025\/07\/Battery-Wireless-Led-Uplight-9x18w-2-150x150.png 150w, https:\/\/lirolight.com\/wp-content\/uploads\/2025\/07\/Battery-Wireless-Led-Uplight-9x18w-2-12x12.png 12w, https:\/\/lirolight.com\/wp-content\/uploads\/2025\/07\/Battery-Wireless-Led-Uplight-9x18w-2-441x441.png 441w, https:\/\/lirolight.com\/wp-content\/uploads\/2025\/07\/Battery-Wireless-Led-Uplight-9x18w-2-100x100.png 100w, https:\/\/lirolight.com\/wp-content\/uploads\/2025\/07\/Battery-Wireless-Led-Uplight-9x18w-2-40x40.png 40w\" sizes=\"(max-width: 720px) 100vw, 720px\" \/><\/noscript><\/figure>\n\n\n\n<h2 class=\"wp-block-heading\">Especifica\u00e7\u00e3o:<\/h2>\n\n\n\n<ul class=\"wp-block-list\">\n<li>9pcs 18W RGBWAP 6in1 LED<\/li>\n\n\n\n<li>Sem fio<\/li>\n\n\n\n<li>Bateria 13200MAH<\/li>\n<\/ul>\n<\/div>\n<\/div>\n<\/div>\n<\/div>\n\n\n\n<div class=\"wp-block-columns is-layout-flex wp-container-core-columns-is-layout-28f84493 wp-block-columns-is-layout-flex\">\n<div class=\"wp-block-column is-layout-flow wp-block-column-is-layout-flow\">\n<h2 class=\"wp-block-heading\"><strong>Par\u00e2metro:<\/strong><\/h2>\n\n\n\n<figure class=\"wp-block-table\"><table class=\"has-fixed-layout\"><tbody><tr><td>Tens\u00e3o de entrada<\/td><td>AC100-220V, 50\/60Hz<\/td><\/tr><tr><td>Pot\u00eancia<\/td><td>180W<\/td><\/tr><tr><td>\u00c2ngulo do feixe<\/td><td>25\u00b0<\/td><\/tr><tr><td>Tempo de funcionamento da bateria<\/td><td>10 horas<\/td><\/tr><tr><td>Modos de controle<\/td><td>DMX\/Aplicativo Wi-Fi\/Remoto IR\/Sem fio\/execu\u00e7\u00e3o autom\u00e1tica\/escravo mestre<\/td><\/tr><tr><td>Canal<\/td><td>Canal 6\/10<\/td><\/tr><\/tbody><\/table><\/figure>\n<\/div>\n<\/div>\n\n\n\n<h2 class=\"wp-block-heading\"><strong>Caracter\u00edsticas:<\/strong><\/h2>\n\n\n\n<ul class=\"wp-block-list\">\n<li>Design sem fio: A luz apresenta um design sem fio, eliminando o inc\u00f4modo dos cabos e permitindo posicionamento e opera\u00e7\u00e3o flex\u00edveis.<\/li>\n\n\n\n<li>Alimentado por bateria: Equipado com uma bateria embutida, ele elimina a necessidade de uma fonte de alimenta\u00e7\u00e3o externa, tornando-o adequado para locais externos ou remotos onde n\u00e3o h\u00e1 tomadas el\u00e9tricas dispon\u00edveis.<\/li>\n\n\n\n<li>Espectro de cores RGBWAP: suporta cores RGBWA+UV (vermelho, verde, azul, branco, \u00e2mbar e UV), oferecendo uma ampla gama de tons que podem ser misturados e combinados para criar diversos efeitos de ilumina\u00e7\u00e3o.<\/li>\n\n\n\n<li>Controle multifuncional: A luz oferece v\u00e1rias op\u00e7\u00f5es de controle, incluindo DMX512, controle remoto IR, controle mestre-escravo sem fio, modo autom\u00e1tico e ativa\u00e7\u00e3o de som, atendendo a diferentes prefer\u00eancias e cen\u00e1rios de controle.<\/li>\n\n\n\n<li>Efici\u00eancia energ\u00e9tica e longa dura\u00e7\u00e3o: Com fontes de luz de LED, consome pouca energia e proporciona alta efici\u00eancia luminosa, al\u00e9m de ter uma longa vida \u00fatil, reduzindo os custos de manuten\u00e7\u00e3o e o impacto ambiental.<\/li>\n<\/ul>\n\n\n\n<div class=\"wp-block-columns is-layout-flex wp-container-core-columns-is-layout-28f84493 wp-block-columns-is-layout-flex\">\n<div class=\"wp-block-column is-layout-flow wp-block-column-is-layout-flow\"><\/div>\n<\/div>","protected":false},"excerpt":{"rendered":"<div class=\"QFw9Te BLojaf\">\n<div class=\"hlJJmd\">\n<div class=\"Bmcqed\" dir=\"ltr\">\n<div data-id=\"kvLWu\">Este LED Uplight sem fio a bateria \u00e9 uma solu\u00e7\u00e3o de ilumina\u00e7\u00e3o vers\u00e1til. Seu design sem fio o livra de cabos, permitindo um posicionamento flex\u00edvel. Alimentado por uma bateria de 13200mAh, ele funciona sem a necessidade de tomadas, perfeito para casamentos, festas e eventos remotos. Oferecendo um espectro RGBWAP+UV, ele cria uma vasta gama de cores para diversos efeitos. O controle \u00e9 flex\u00edvel via DMX512, controle remoto IR ou convenientemente por meio de um aplicativo de telefone\/WiFi. Os LEDs de 18 W com efici\u00eancia energ\u00e9tica garantem longa vida \u00fatil e baixo consumo de energia. Ideal para ilumina\u00e7\u00e3o de palco, aprimorando qualquer celebra\u00e7\u00e3o com facilidade e estilo.<\/div>\n<\/div>\n<\/div>\n<\/div>\n<div class=\"DVHrxd\">\u00a0<\/div>\n<div class=\"UdTY9 BwTYAc leDWne\" aria-hidden=\"true\" data-location=\"1\">\u00a0<\/div>\n<p>&nbsp;<\/p>\n<blockquote><p>\u00a0<\/p><\/blockquote>\n<p>&nbsp;<\/p>","protected":false},"featured_media":8752,"comment_status":"open","ping_status":"closed","template":"","meta":[],"product_brand":[],"product_cat":[83],"product_tag":[180,128,125,126,127],"class_list":{"0":"post-8750","1":"product","2":"type-product","3":"status-publish","4":"has-post-thumbnail","6":"product_cat-battery-wireless-light","7":"product_tag-918w-battery-uplights","8":"product_tag-battery-par-lights-rgba-uv","9":"product_tag-dj-uplights","10":"product_tag-uplights","11":"product_tag-wireless-uplights","13":"first","14":"instock","15":"shipping-taxable","16":"product-type-simple"},"_links":{"self":[{"href":"https:\/\/lirolight.com\/pt\/wp-json\/wp\/v2\/product\/8750","targetHints":{"allow":["GET"]}}],"collection":[{"href":"https:\/\/lirolight.com\/pt\/wp-json\/wp\/v2\/product"}],"about":[{"href":"https:\/\/lirolight.com\/pt\/wp-json\/wp\/v2\/types\/product"}],"replies":[{"embeddable":true,"href":"https:\/\/lirolight.com\/pt\/wp-json\/wp\/v2\/comments?post=8750"}],"version-history":[{"count":5,"href":"https:\/\/lirolight.com\/pt\/wp-json\/wp\/v2\/product\/8750\/revisions"}],"predecessor-version":[{"id":10630,"href":"https:\/\/lirolight.com\/pt\/wp-json\/wp\/v2\/product\/8750\/revisions\/10630"}],"wp:featuredmedia":[{"embeddable":true,"href":"https:\/\/lirolight.com\/pt\/wp-json\/wp\/v2\/media\/8752"}],"wp:attachment":[{"href":"https:\/\/lirolight.com\/pt\/wp-json\/wp\/v2\/media?parent=8750"}],"wp:term":[{"taxonomy":"product_brand","embeddable":true,"href":"https:\/\/lirolight.com\/pt\/wp-json\/wp\/v2\/product_brand?post=8750"},{"taxonomy":"product_cat","embeddable":true,"href":"https:\/\/lirolight.com\/pt\/wp-json\/wp\/v2\/product_cat?post=8750"},{"taxonomy":"product_tag","embeddable":true,"href":"https:\/\/lirolight.com\/pt\/wp-json\/wp\/v2\/product_tag?post=8750"}],"curies":[{"name":"wp","href":"https:\/\/api.w.org\/{rel}","templated":true}]}}