{"id":9180,"date":"2025-08-07T02:38:01","date_gmt":"2025-08-07T02:38:01","guid":{"rendered":"https:\/\/lirolight.com\/?post_type=product&#038;p=9180"},"modified":"2026-01-13T01:50:31","modified_gmt":"2026-01-13T01:50:31","slug":"liro-lite-dmx-7-eyes-60w-retro-stage-light-rgb-control-new-halogen-smd5050-7x60w-led-retro-portman-light","status":"publish","type":"product","link":"https:\/\/lirolight.com\/pt\/produto\/liro-lite-dmx-7-eyes-60w-retro-stage-light-rgb-control-new-halogen-smd5050-7x60w-led-retro-portman-light\/","title":{"rendered":"LiRO-LITE DMX 7 Eyes 60w Retro Stage Light Controle RGB Novo Halog\u00eanio SMD5050 7X60W LED Retro Portman Light"},"content":{"rendered":"<h2 class=\"wp-block-heading\"><strong><mark style=\"background-color:#000000\" class=\"has-inline-color has-white-color\">LR-M P1 RGB<\/mark><\/strong><\/h2>\n\n\n\n<hr class=\"wp-block-separator has-alpha-channel-opacity\"\/>\n\n\n\n<h2 class=\"wp-block-heading\">Fotos\uff1a<\/h2>\n\n\n\n<div class=\"wp-block-columns is-layout-flex wp-container-core-columns-is-layout-28f84493 wp-block-columns-is-layout-flex\">\n<div class=\"wp-block-column is-layout-flow wp-block-column-is-layout-flow\">\n<figure class=\"wp-block-image size-full\"><img fetchpriority=\"high\" decoding=\"async\" width=\"1000\" height=\"1000\" src=\"https:\/\/lirolight.com\/wp-content\/uploads\/2025\/08\/DMX-7-Eyes-60w-Retro-Stage-Light-RGB-Control-New-Halogen-SMD5050-7X60W-LED-Retro-Portman-Light-2.png\" alt=\"\" class=\"wp-image-9181\" srcset=\"https:\/\/lirolight.com\/wp-content\/uploads\/2025\/08\/DMX-7-Eyes-60w-Retro-Stage-Light-RGB-Control-New-Halogen-SMD5050-7X60W-LED-Retro-Portman-Light-2.png 1000w, https:\/\/lirolight.com\/wp-content\/uploads\/2025\/08\/DMX-7-Eyes-60w-Retro-Stage-Light-RGB-Control-New-Halogen-SMD5050-7X60W-LED-Retro-Portman-Light-2-300x300.png 300w, https:\/\/lirolight.com\/wp-content\/uploads\/2025\/08\/DMX-7-Eyes-60w-Retro-Stage-Light-RGB-Control-New-Halogen-SMD5050-7X60W-LED-Retro-Portman-Light-2-150x150.png 150w, https:\/\/lirolight.com\/wp-content\/uploads\/2025\/08\/DMX-7-Eyes-60w-Retro-Stage-Light-RGB-Control-New-Halogen-SMD5050-7X60W-LED-Retro-Portman-Light-2-768x768.png 768w, https:\/\/lirolight.com\/wp-content\/uploads\/2025\/08\/DMX-7-Eyes-60w-Retro-Stage-Light-RGB-Control-New-Halogen-SMD5050-7X60W-LED-Retro-Portman-Light-2-12x12.png 12w, https:\/\/lirolight.com\/wp-content\/uploads\/2025\/08\/DMX-7-Eyes-60w-Retro-Stage-Light-RGB-Control-New-Halogen-SMD5050-7X60W-LED-Retro-Portman-Light-2-990x990.png 990w, https:\/\/lirolight.com\/wp-content\/uploads\/2025\/08\/DMX-7-Eyes-60w-Retro-Stage-Light-RGB-Control-New-Halogen-SMD5050-7X60W-LED-Retro-Portman-Light-2-441x441.png 441w, https:\/\/lirolight.com\/wp-content\/uploads\/2025\/08\/DMX-7-Eyes-60w-Retro-Stage-Light-RGB-Control-New-Halogen-SMD5050-7X60W-LED-Retro-Portman-Light-2-100x100.png 100w, https:\/\/lirolight.com\/wp-content\/uploads\/2025\/08\/DMX-7-Eyes-60w-Retro-Stage-Light-RGB-Control-New-Halogen-SMD5050-7X60W-LED-Retro-Portman-Light-2-800x800.png 800w, https:\/\/lirolight.com\/wp-content\/uploads\/2025\/08\/DMX-7-Eyes-60w-Retro-Stage-Light-RGB-Control-New-Halogen-SMD5050-7X60W-LED-Retro-Portman-Light-2-40x40.png 40w\" sizes=\"(max-width: 1000px) 100vw, 1000px\" \/><\/figure>\n<\/div>\n\n\n\n<div class=\"wp-block-column is-layout-flow wp-block-column-is-layout-flow\">\n<figure class=\"wp-block-image size-full\"><img decoding=\"async\" width=\"800\" height=\"800\" data-src=\"https:\/\/lirolight.com\/wp-content\/uploads\/2025\/07\/12-1.jpg\" alt=\"\" class=\"wp-image-8268 lazyload\" data-srcset=\"https:\/\/lirolight.com\/wp-content\/uploads\/2025\/07\/12-1.jpg 800w, https:\/\/lirolight.com\/wp-content\/uploads\/2025\/07\/12-1-300x300.jpg 300w, https:\/\/lirolight.com\/wp-content\/uploads\/2025\/07\/12-1-150x150.jpg 150w, https:\/\/lirolight.com\/wp-content\/uploads\/2025\/07\/12-1-768x768.jpg 768w, https:\/\/lirolight.com\/wp-content\/uploads\/2025\/07\/12-1-12x12.jpg 12w, https:\/\/lirolight.com\/wp-content\/uploads\/2025\/07\/12-1-441x441.jpg 441w, https:\/\/lirolight.com\/wp-content\/uploads\/2025\/07\/12-1-100x100.jpg 100w, https:\/\/lirolight.com\/wp-content\/uploads\/2025\/07\/12-1-500x500.jpg 500w, https:\/\/lirolight.com\/wp-content\/uploads\/2025\/07\/12-1-40x40.jpg 40w\" data-sizes=\"(max-width: 800px) 100vw, 800px\" src=\"data:image\/gif;base64,R0lGODlhAQABAAAAACH5BAEKAAEALAAAAAABAAEAAAICTAEAOw==\" style=\"--smush-placeholder-width: 800px; --smush-placeholder-aspect-ratio: 800\/800;\" \/><noscript><img decoding=\"async\" width=\"800\" height=\"800\" src=\"https:\/\/lirolight.com\/wp-content\/uploads\/2025\/07\/12-1.jpg\" alt=\"\" class=\"wp-image-8268\" srcset=\"https:\/\/lirolight.com\/wp-content\/uploads\/2025\/07\/12-1.jpg 800w, https:\/\/lirolight.com\/wp-content\/uploads\/2025\/07\/12-1-300x300.jpg 300w, https:\/\/lirolight.com\/wp-content\/uploads\/2025\/07\/12-1-150x150.jpg 150w, https:\/\/lirolight.com\/wp-content\/uploads\/2025\/07\/12-1-768x768.jpg 768w, https:\/\/lirolight.com\/wp-content\/uploads\/2025\/07\/12-1-12x12.jpg 12w, https:\/\/lirolight.com\/wp-content\/uploads\/2025\/07\/12-1-441x441.jpg 441w, https:\/\/lirolight.com\/wp-content\/uploads\/2025\/07\/12-1-100x100.jpg 100w, https:\/\/lirolight.com\/wp-content\/uploads\/2025\/07\/12-1-500x500.jpg 500w, https:\/\/lirolight.com\/wp-content\/uploads\/2025\/07\/12-1-40x40.jpg 40w\" sizes=\"(max-width: 800px) 100vw, 800px\" \/><\/noscript><\/figure>\n<\/div>\n<\/div>\n\n\n\n<h2 class=\"wp-block-heading has-medium-font-size\">Especifica\u00e7\u00e3o:<\/h2>\n\n\n\n<p>Pot\u00eancia de entrada: AC90V-240V<br>Frequ\u00eancia de alimenta\u00e7\u00e3o: 50\/60Hz<br>Pot\u00eancia: 480W<br>M\u00e9todo de dissipa\u00e7\u00e3o de calor: condu\u00e7\u00e3o de calor por metal<br>Temperatura ambiente m\u00e1xima de opera\u00e7\u00e3o: 45\u00b0C<br>N\u00famero de contas de luz: 7 contas de luz de 60W de alto brilho + 168 contas de luz LED tr\u00eas em um<br>Tipo de conta de luz: Conta de luz RGB tr\u00eas em um + conta de luz integrada<br>Estrobosc\u00f3pio: 1-25 vezes\/segundo<br>N\u00famero de canais de controle DMX: 8CH+32CH<br>Conector DMX: XLR de 3 pinos<br>Modo de opera\u00e7\u00e3o: DMX\/Auto\/Controle de voz<br>Modo de exibi\u00e7\u00e3o: Tubo digital de LED<\/p>\n\n\n\n<p class=\"has-medium-font-size\"><strong>Par\u00e2metro:<\/strong><\/p>\n\n\n\n<figure class=\"wp-block-table\"><table class=\"has-fixed-layout\"><tbody><tr><td>Pot\u00eancia<\/td><td>480W<\/td><\/tr><tr><td>M\u00e9todo de dissipa\u00e7\u00e3o de calor<\/td><td>condu\u00e7\u00e3o de calor em metal<\/td><\/tr><tr><td>Temperatura ambiente m\u00e1xima de opera\u00e7\u00e3o<\/td><td>45\u00b0C<\/td><\/tr><tr><td>N\u00famero de contas de luz<\/td><td>7 esferas de luz de 60W de alto brilho + 168 esferas de luz LED tr\u00eas em um<\/td><\/tr><tr><td>tipo de conta de luz<\/td><td>Conta de luz RGB tr\u00eas em um + conta de luz integrada<\/td><\/tr><tr><td>Estrobosc\u00f3pio<\/td><td>1-25 vezes\/segundo<\/td><\/tr><tr><td>N\u00famero de canais de controle DMX<\/td><td>8CH+32CH<\/td><\/tr><tr><td>Conector DMX<\/td><td>XLR de 3 pinos<br><\/td><\/tr><\/tbody><\/table><\/figure>\n\n\n\n<hr class=\"wp-block-separator has-alpha-channel-opacity\"\/>\n\n\n\n<h2 class=\"wp-block-heading\">Hor\u00e1rio do show:<\/h2>\n\n\n\n<figure class=\"wp-block-image alignwide size-large\"><img decoding=\"async\" width=\"1024\" height=\"576\" data-src=\"https:\/\/lirolight.com\/wp-content\/uploads\/2025\/08\/DMX-7-Eyes-60w-Retro-Stage-Light-RGB-Control-New-Halogen-SMD5050-7X60W-LED-Retro-Portman-Light-4-1024x576.jpg\" alt=\"\" class=\"wp-image-9184 lazyload\" data-srcset=\"https:\/\/lirolight.com\/wp-content\/uploads\/2025\/08\/DMX-7-Eyes-60w-Retro-Stage-Light-RGB-Control-New-Halogen-SMD5050-7X60W-LED-Retro-Portman-Light-4-1024x576.jpg 1024w, https:\/\/lirolight.com\/wp-content\/uploads\/2025\/08\/DMX-7-Eyes-60w-Retro-Stage-Light-RGB-Control-New-Halogen-SMD5050-7X60W-LED-Retro-Portman-Light-4-300x169.jpg 300w, https:\/\/lirolight.com\/wp-content\/uploads\/2025\/08\/DMX-7-Eyes-60w-Retro-Stage-Light-RGB-Control-New-Halogen-SMD5050-7X60W-LED-Retro-Portman-Light-4-768x432.jpg 768w, https:\/\/lirolight.com\/wp-content\/uploads\/2025\/08\/DMX-7-Eyes-60w-Retro-Stage-Light-RGB-Control-New-Halogen-SMD5050-7X60W-LED-Retro-Portman-Light-4-1536x864.jpg 1536w, https:\/\/lirolight.com\/wp-content\/uploads\/2025\/08\/DMX-7-Eyes-60w-Retro-Stage-Light-RGB-Control-New-Halogen-SMD5050-7X60W-LED-Retro-Portman-Light-4-18x10.jpg 18w, https:\/\/lirolight.com\/wp-content\/uploads\/2025\/08\/DMX-7-Eyes-60w-Retro-Stage-Light-RGB-Control-New-Halogen-SMD5050-7X60W-LED-Retro-Portman-Light-4-990x557.jpg 990w, https:\/\/lirolight.com\/wp-content\/uploads\/2025\/08\/DMX-7-Eyes-60w-Retro-Stage-Light-RGB-Control-New-Halogen-SMD5050-7X60W-LED-Retro-Portman-Light-4-441x248.jpg 441w, https:\/\/lirolight.com\/wp-content\/uploads\/2025\/08\/DMX-7-Eyes-60w-Retro-Stage-Light-RGB-Control-New-Halogen-SMD5050-7X60W-LED-Retro-Portman-Light-4-800x450.jpg 800w, https:\/\/lirolight.com\/wp-content\/uploads\/2025\/08\/DMX-7-Eyes-60w-Retro-Stage-Light-RGB-Control-New-Halogen-SMD5050-7X60W-LED-Retro-Portman-Light-4-150x84.jpg 150w, https:\/\/lirolight.com\/wp-content\/uploads\/2025\/08\/DMX-7-Eyes-60w-Retro-Stage-Light-RGB-Control-New-Halogen-SMD5050-7X60W-LED-Retro-Portman-Light-4-60x34.jpg 60w, https:\/\/lirolight.com\/wp-content\/uploads\/2025\/08\/DMX-7-Eyes-60w-Retro-Stage-Light-RGB-Control-New-Halogen-SMD5050-7X60W-LED-Retro-Portman-Light-4.jpg 1920w\" data-sizes=\"(max-width: 1024px) 100vw, 1024px\" src=\"data:image\/gif;base64,R0lGODlhAQABAAAAACH5BAEKAAEALAAAAAABAAEAAAICTAEAOw==\" style=\"--smush-placeholder-width: 1024px; --smush-placeholder-aspect-ratio: 1024\/576;\" \/><noscript><img decoding=\"async\" width=\"1024\" height=\"576\" src=\"https:\/\/lirolight.com\/wp-content\/uploads\/2025\/08\/DMX-7-Eyes-60w-Retro-Stage-Light-RGB-Control-New-Halogen-SMD5050-7X60W-LED-Retro-Portman-Light-4-1024x576.jpg\" alt=\"\" class=\"wp-image-9184\" srcset=\"https:\/\/lirolight.com\/wp-content\/uploads\/2025\/08\/DMX-7-Eyes-60w-Retro-Stage-Light-RGB-Control-New-Halogen-SMD5050-7X60W-LED-Retro-Portman-Light-4-1024x576.jpg 1024w, https:\/\/lirolight.com\/wp-content\/uploads\/2025\/08\/DMX-7-Eyes-60w-Retro-Stage-Light-RGB-Control-New-Halogen-SMD5050-7X60W-LED-Retro-Portman-Light-4-300x169.jpg 300w, https:\/\/lirolight.com\/wp-content\/uploads\/2025\/08\/DMX-7-Eyes-60w-Retro-Stage-Light-RGB-Control-New-Halogen-SMD5050-7X60W-LED-Retro-Portman-Light-4-768x432.jpg 768w, https:\/\/lirolight.com\/wp-content\/uploads\/2025\/08\/DMX-7-Eyes-60w-Retro-Stage-Light-RGB-Control-New-Halogen-SMD5050-7X60W-LED-Retro-Portman-Light-4-1536x864.jpg 1536w, https:\/\/lirolight.com\/wp-content\/uploads\/2025\/08\/DMX-7-Eyes-60w-Retro-Stage-Light-RGB-Control-New-Halogen-SMD5050-7X60W-LED-Retro-Portman-Light-4-18x10.jpg 18w, https:\/\/lirolight.com\/wp-content\/uploads\/2025\/08\/DMX-7-Eyes-60w-Retro-Stage-Light-RGB-Control-New-Halogen-SMD5050-7X60W-LED-Retro-Portman-Light-4-990x557.jpg 990w, https:\/\/lirolight.com\/wp-content\/uploads\/2025\/08\/DMX-7-Eyes-60w-Retro-Stage-Light-RGB-Control-New-Halogen-SMD5050-7X60W-LED-Retro-Portman-Light-4-441x248.jpg 441w, https:\/\/lirolight.com\/wp-content\/uploads\/2025\/08\/DMX-7-Eyes-60w-Retro-Stage-Light-RGB-Control-New-Halogen-SMD5050-7X60W-LED-Retro-Portman-Light-4-800x450.jpg 800w, https:\/\/lirolight.com\/wp-content\/uploads\/2025\/08\/DMX-7-Eyes-60w-Retro-Stage-Light-RGB-Control-New-Halogen-SMD5050-7X60W-LED-Retro-Portman-Light-4-150x84.jpg 150w, https:\/\/lirolight.com\/wp-content\/uploads\/2025\/08\/DMX-7-Eyes-60w-Retro-Stage-Light-RGB-Control-New-Halogen-SMD5050-7X60W-LED-Retro-Portman-Light-4-60x34.jpg 60w, https:\/\/lirolight.com\/wp-content\/uploads\/2025\/08\/DMX-7-Eyes-60w-Retro-Stage-Light-RGB-Control-New-Halogen-SMD5050-7X60W-LED-Retro-Portman-Light-4.jpg 1920w\" sizes=\"(max-width: 1024px) 100vw, 1024px\" \/><\/noscript><\/figure>\n\n\n\n<figure class=\"wp-block-image alignwide size-large\"><img loading=\"lazy\" decoding=\"async\" width=\"1024\" height=\"576\" data-src=\"https:\/\/lirolight.com\/wp-content\/uploads\/2025\/08\/DMX-7-Eyes-60w-Retro-Stage-Light-RGB-Control-New-Halogen-SMD5050-7X60W-LED-Retro-Portman-Light-3-1024x576.jpg\" alt=\"\" class=\"wp-image-9183 lazyload\" data-srcset=\"https:\/\/lirolight.com\/wp-content\/uploads\/2025\/08\/DMX-7-Eyes-60w-Retro-Stage-Light-RGB-Control-New-Halogen-SMD5050-7X60W-LED-Retro-Portman-Light-3-1024x576.jpg 1024w, https:\/\/lirolight.com\/wp-content\/uploads\/2025\/08\/DMX-7-Eyes-60w-Retro-Stage-Light-RGB-Control-New-Halogen-SMD5050-7X60W-LED-Retro-Portman-Light-3-300x169.jpg 300w, https:\/\/lirolight.com\/wp-content\/uploads\/2025\/08\/DMX-7-Eyes-60w-Retro-Stage-Light-RGB-Control-New-Halogen-SMD5050-7X60W-LED-Retro-Portman-Light-3-768x432.jpg 768w, https:\/\/lirolight.com\/wp-content\/uploads\/2025\/08\/DMX-7-Eyes-60w-Retro-Stage-Light-RGB-Control-New-Halogen-SMD5050-7X60W-LED-Retro-Portman-Light-3-1536x864.jpg 1536w, https:\/\/lirolight.com\/wp-content\/uploads\/2025\/08\/DMX-7-Eyes-60w-Retro-Stage-Light-RGB-Control-New-Halogen-SMD5050-7X60W-LED-Retro-Portman-Light-3-18x10.jpg 18w, https:\/\/lirolight.com\/wp-content\/uploads\/2025\/08\/DMX-7-Eyes-60w-Retro-Stage-Light-RGB-Control-New-Halogen-SMD5050-7X60W-LED-Retro-Portman-Light-3-990x557.jpg 990w, https:\/\/lirolight.com\/wp-content\/uploads\/2025\/08\/DMX-7-Eyes-60w-Retro-Stage-Light-RGB-Control-New-Halogen-SMD5050-7X60W-LED-Retro-Portman-Light-3-441x248.jpg 441w, https:\/\/lirolight.com\/wp-content\/uploads\/2025\/08\/DMX-7-Eyes-60w-Retro-Stage-Light-RGB-Control-New-Halogen-SMD5050-7X60W-LED-Retro-Portman-Light-3-800x450.jpg 800w, https:\/\/lirolight.com\/wp-content\/uploads\/2025\/08\/DMX-7-Eyes-60w-Retro-Stage-Light-RGB-Control-New-Halogen-SMD5050-7X60W-LED-Retro-Portman-Light-3-150x84.jpg 150w, https:\/\/lirolight.com\/wp-content\/uploads\/2025\/08\/DMX-7-Eyes-60w-Retro-Stage-Light-RGB-Control-New-Halogen-SMD5050-7X60W-LED-Retro-Portman-Light-3-60x34.jpg 60w, https:\/\/lirolight.com\/wp-content\/uploads\/2025\/08\/DMX-7-Eyes-60w-Retro-Stage-Light-RGB-Control-New-Halogen-SMD5050-7X60W-LED-Retro-Portman-Light-3.jpg 1920w\" data-sizes=\"(max-width: 1024px) 100vw, 1024px\" src=\"data:image\/gif;base64,R0lGODlhAQABAAAAACH5BAEKAAEALAAAAAABAAEAAAICTAEAOw==\" style=\"--smush-placeholder-width: 1024px; --smush-placeholder-aspect-ratio: 1024\/576;\" \/><noscript><img loading=\"lazy\" decoding=\"async\" width=\"1024\" height=\"576\" src=\"https:\/\/lirolight.com\/wp-content\/uploads\/2025\/08\/DMX-7-Eyes-60w-Retro-Stage-Light-RGB-Control-New-Halogen-SMD5050-7X60W-LED-Retro-Portman-Light-3-1024x576.jpg\" alt=\"\" class=\"wp-image-9183\" srcset=\"https:\/\/lirolight.com\/wp-content\/uploads\/2025\/08\/DMX-7-Eyes-60w-Retro-Stage-Light-RGB-Control-New-Halogen-SMD5050-7X60W-LED-Retro-Portman-Light-3-1024x576.jpg 1024w, https:\/\/lirolight.com\/wp-content\/uploads\/2025\/08\/DMX-7-Eyes-60w-Retro-Stage-Light-RGB-Control-New-Halogen-SMD5050-7X60W-LED-Retro-Portman-Light-3-300x169.jpg 300w, https:\/\/lirolight.com\/wp-content\/uploads\/2025\/08\/DMX-7-Eyes-60w-Retro-Stage-Light-RGB-Control-New-Halogen-SMD5050-7X60W-LED-Retro-Portman-Light-3-768x432.jpg 768w, https:\/\/lirolight.com\/wp-content\/uploads\/2025\/08\/DMX-7-Eyes-60w-Retro-Stage-Light-RGB-Control-New-Halogen-SMD5050-7X60W-LED-Retro-Portman-Light-3-1536x864.jpg 1536w, https:\/\/lirolight.com\/wp-content\/uploads\/2025\/08\/DMX-7-Eyes-60w-Retro-Stage-Light-RGB-Control-New-Halogen-SMD5050-7X60W-LED-Retro-Portman-Light-3-18x10.jpg 18w, https:\/\/lirolight.com\/wp-content\/uploads\/2025\/08\/DMX-7-Eyes-60w-Retro-Stage-Light-RGB-Control-New-Halogen-SMD5050-7X60W-LED-Retro-Portman-Light-3-990x557.jpg 990w, https:\/\/lirolight.com\/wp-content\/uploads\/2025\/08\/DMX-7-Eyes-60w-Retro-Stage-Light-RGB-Control-New-Halogen-SMD5050-7X60W-LED-Retro-Portman-Light-3-441x248.jpg 441w, https:\/\/lirolight.com\/wp-content\/uploads\/2025\/08\/DMX-7-Eyes-60w-Retro-Stage-Light-RGB-Control-New-Halogen-SMD5050-7X60W-LED-Retro-Portman-Light-3-800x450.jpg 800w, https:\/\/lirolight.com\/wp-content\/uploads\/2025\/08\/DMX-7-Eyes-60w-Retro-Stage-Light-RGB-Control-New-Halogen-SMD5050-7X60W-LED-Retro-Portman-Light-3-150x84.jpg 150w, https:\/\/lirolight.com\/wp-content\/uploads\/2025\/08\/DMX-7-Eyes-60w-Retro-Stage-Light-RGB-Control-New-Halogen-SMD5050-7X60W-LED-Retro-Portman-Light-3-60x34.jpg 60w, https:\/\/lirolight.com\/wp-content\/uploads\/2025\/08\/DMX-7-Eyes-60w-Retro-Stage-Light-RGB-Control-New-Halogen-SMD5050-7X60W-LED-Retro-Portman-Light-3.jpg 1920w\" sizes=\"(max-width: 1024px) 100vw, 1024px\" \/><\/noscript><\/figure>","protected":false},"excerpt":{"rendered":"<div class=\"QFw9Te BLojaf\">\n<div class=\"hlJJmd\">\n<div class=\"Bmcqed\" dir=\"ltr\">\n<div data-id=\"kvLWu\">Equipada com sete LEDs COB (Chip On Board) de 60 watts, essa luz oferece uma sa\u00edda impressionante para cores vibrantes e saturadas.<br \/>Suporta um espectro completo de cores RGB, permitindo uma ampla gama de efeitos de cores din\u00e2micas para se adequar a v\u00e1rios estados de esp\u00edrito e temas.<\/div>\n<\/div>\n<\/div>\n<\/div>\n<blockquote><p>\u00a0<\/p><\/blockquote>\n<p>&nbsp;<\/p>","protected":false},"featured_media":9182,"comment_status":"open","ping_status":"closed","template":"","meta":[],"product_brand":[],"product_cat":[86],"product_tag":[272,271,270,268,269],"class_list":{"0":"post-9180","1":"product","2":"type-product","3":"status-publish","4":"has-post-thumbnail","6":"product_cat-led-retro-light","7":"product_tag-liro-lite-dmx-7-eyes-60w-retro-stage-light-rgb-control-new-halogen-smd5050-7x60w-led-retro-portman-light","8":"product_tag-pixel-strobe-stage-lighting","9":"product_tag-retro-led-strobe-light","10":"product_tag-retro-stage-light","11":"product_tag-retro-stage-strobe-light","13":"first","14":"instock","15":"shipping-taxable","16":"product-type-simple"},"_links":{"self":[{"href":"https:\/\/lirolight.com\/pt\/wp-json\/wp\/v2\/product\/9180","targetHints":{"allow":["GET"]}}],"collection":[{"href":"https:\/\/lirolight.com\/pt\/wp-json\/wp\/v2\/product"}],"about":[{"href":"https:\/\/lirolight.com\/pt\/wp-json\/wp\/v2\/types\/product"}],"replies":[{"embeddable":true,"href":"https:\/\/lirolight.com\/pt\/wp-json\/wp\/v2\/comments?post=9180"}],"version-history":[{"count":6,"href":"https:\/\/lirolight.com\/pt\/wp-json\/wp\/v2\/product\/9180\/revisions"}],"predecessor-version":[{"id":10506,"href":"https:\/\/lirolight.com\/pt\/wp-json\/wp\/v2\/product\/9180\/revisions\/10506"}],"wp:featuredmedia":[{"embeddable":true,"href":"https:\/\/lirolight.com\/pt\/wp-json\/wp\/v2\/media\/9182"}],"wp:attachment":[{"href":"https:\/\/lirolight.com\/pt\/wp-json\/wp\/v2\/media?parent=9180"}],"wp:term":[{"taxonomy":"product_brand","embeddable":true,"href":"https:\/\/lirolight.com\/pt\/wp-json\/wp\/v2\/product_brand?post=9180"},{"taxonomy":"product_cat","embeddable":true,"href":"https:\/\/lirolight.com\/pt\/wp-json\/wp\/v2\/product_cat?post=9180"},{"taxonomy":"product_tag","embeddable":true,"href":"https:\/\/lirolight.com\/pt\/wp-json\/wp\/v2\/product_tag?post=9180"}],"curies":[{"name":"wp","href":"https:\/\/api.w.org\/{rel}","templated":true}]}}