{"id":9241,"date":"2025-08-08T02:58:39","date_gmt":"2025-08-08T02:58:39","guid":{"rendered":"https:\/\/lirolight.com\/?post_type=product&#038;p=9241"},"modified":"2026-01-12T08:23:45","modified_gmt":"2026-01-12T08:23:45","slug":"liro-lite-ip66-1060w-waterproof-moving-head-wash-bar-super-dotline-10x60w-rgbw-4in1-zoom-pixel-bar-moving-head-strip-light","status":"publish","type":"product","link":"https:\/\/lirolight.com\/pt\/produto\/liro-lite-ip66-1060w-waterproof-moving-head-wash-bar-super-dotline-10x60w-rgbw-4in1-zoom-pixel-bar-moving-head-strip-light\/","title":{"rendered":"LiRO-LITE IP66 10*60w Waterproof Moving head Wash Bar Super Dotline 10X60W RGBW 4in1 Zoom Pixel Bar Moving Head Strip Light"},"content":{"rendered":"<h2 class=\"wp-block-heading\"><strong><mark style=\"background-color:#000000\" class=\"has-inline-color has-white-color\">LR-IP Super Dotline B1060<\/mark><\/strong><\/h2>\n\n\n\n<hr class=\"wp-block-separator has-alpha-channel-opacity\"\/>\n\n\n\n<h2 class=\"wp-block-heading\">Fotos:<br><\/h2>\n\n\n\n<figure class=\"wp-block-image size-large\"><img fetchpriority=\"high\" decoding=\"async\" width=\"1024\" height=\"556\" src=\"https:\/\/lirolight.com\/wp-content\/uploads\/2025\/08\/IP-Super-Dotline-B1060-4-1-scaled-e1768205861878-1024x556.png\" alt=\"\" class=\"wp-image-9244\" srcset=\"https:\/\/lirolight.com\/wp-content\/uploads\/2025\/08\/IP-Super-Dotline-B1060-4-1-scaled-e1768205861878-1024x556.png 1024w, https:\/\/lirolight.com\/wp-content\/uploads\/2025\/08\/IP-Super-Dotline-B1060-4-1-scaled-e1768205861878-300x163.png 300w, https:\/\/lirolight.com\/wp-content\/uploads\/2025\/08\/IP-Super-Dotline-B1060-4-1-scaled-e1768205861878-768x417.png 768w, https:\/\/lirolight.com\/wp-content\/uploads\/2025\/08\/IP-Super-Dotline-B1060-4-1-scaled-e1768205861878-1536x834.png 1536w, https:\/\/lirolight.com\/wp-content\/uploads\/2025\/08\/IP-Super-Dotline-B1060-4-1-scaled-e1768205861878-2048x1112.png 2048w, https:\/\/lirolight.com\/wp-content\/uploads\/2025\/08\/IP-Super-Dotline-B1060-4-1-scaled-e1768205861878-18x10.png 18w, https:\/\/lirolight.com\/wp-content\/uploads\/2025\/08\/IP-Super-Dotline-B1060-4-1-scaled-e1768205861878-990x538.png 990w, https:\/\/lirolight.com\/wp-content\/uploads\/2025\/08\/IP-Super-Dotline-B1060-4-1-scaled-e1768205861878-441x239.png 441w, https:\/\/lirolight.com\/wp-content\/uploads\/2025\/08\/IP-Super-Dotline-B1060-4-1-scaled-e1768205861878-800x434.png 800w, https:\/\/lirolight.com\/wp-content\/uploads\/2025\/08\/IP-Super-Dotline-B1060-4-1-scaled-e1768205861878-150x81.png 150w, https:\/\/lirolight.com\/wp-content\/uploads\/2025\/08\/IP-Super-Dotline-B1060-4-1-scaled-e1768205861878-60x33.png 60w\" sizes=\"(max-width: 1024px) 100vw, 1024px\" \/><\/figure>\n\n\n\n<figure class=\"wp-block-image size-large\"><img decoding=\"async\" width=\"1024\" height=\"437\" data-src=\"https:\/\/lirolight.com\/wp-content\/uploads\/2025\/08\/IP-Super-Dotline-B1060-2-1-scaled-e1768205898946-1024x437.png\" alt=\"\" class=\"wp-image-9096 lazyload\" data-srcset=\"https:\/\/lirolight.com\/wp-content\/uploads\/2025\/08\/IP-Super-Dotline-B1060-2-1-scaled-e1768205898946-1024x437.png 1024w, https:\/\/lirolight.com\/wp-content\/uploads\/2025\/08\/IP-Super-Dotline-B1060-2-1-scaled-e1768205898946-300x128.png 300w, https:\/\/lirolight.com\/wp-content\/uploads\/2025\/08\/IP-Super-Dotline-B1060-2-1-scaled-e1768205898946-768x328.png 768w, https:\/\/lirolight.com\/wp-content\/uploads\/2025\/08\/IP-Super-Dotline-B1060-2-1-scaled-e1768205898946-1536x655.png 1536w, https:\/\/lirolight.com\/wp-content\/uploads\/2025\/08\/IP-Super-Dotline-B1060-2-1-scaled-e1768205898946-2048x874.png 2048w, https:\/\/lirolight.com\/wp-content\/uploads\/2025\/08\/IP-Super-Dotline-B1060-2-1-scaled-e1768205898946-18x8.png 18w, https:\/\/lirolight.com\/wp-content\/uploads\/2025\/08\/IP-Super-Dotline-B1060-2-1-scaled-e1768205898946-990x422.png 990w, https:\/\/lirolight.com\/wp-content\/uploads\/2025\/08\/IP-Super-Dotline-B1060-2-1-scaled-e1768205898946-441x188.png 441w, https:\/\/lirolight.com\/wp-content\/uploads\/2025\/08\/IP-Super-Dotline-B1060-2-1-scaled-e1768205898946-800x341.png 800w, https:\/\/lirolight.com\/wp-content\/uploads\/2025\/08\/IP-Super-Dotline-B1060-2-1-scaled-e1768205898946-150x64.png 150w, https:\/\/lirolight.com\/wp-content\/uploads\/2025\/08\/IP-Super-Dotline-B1060-2-1-scaled-e1768205898946-60x26.png 60w\" data-sizes=\"(max-width: 1024px) 100vw, 1024px\" src=\"data:image\/gif;base64,R0lGODlhAQABAAAAACH5BAEKAAEALAAAAAABAAEAAAICTAEAOw==\" style=\"--smush-placeholder-width: 1024px; --smush-placeholder-aspect-ratio: 1024\/437;\" \/><noscript><img decoding=\"async\" width=\"1024\" height=\"437\" src=\"https:\/\/lirolight.com\/wp-content\/uploads\/2025\/08\/IP-Super-Dotline-B1060-2-1-scaled-e1768205898946-1024x437.png\" alt=\"\" class=\"wp-image-9096\" srcset=\"https:\/\/lirolight.com\/wp-content\/uploads\/2025\/08\/IP-Super-Dotline-B1060-2-1-scaled-e1768205898946-1024x437.png 1024w, https:\/\/lirolight.com\/wp-content\/uploads\/2025\/08\/IP-Super-Dotline-B1060-2-1-scaled-e1768205898946-300x128.png 300w, https:\/\/lirolight.com\/wp-content\/uploads\/2025\/08\/IP-Super-Dotline-B1060-2-1-scaled-e1768205898946-768x328.png 768w, https:\/\/lirolight.com\/wp-content\/uploads\/2025\/08\/IP-Super-Dotline-B1060-2-1-scaled-e1768205898946-1536x655.png 1536w, https:\/\/lirolight.com\/wp-content\/uploads\/2025\/08\/IP-Super-Dotline-B1060-2-1-scaled-e1768205898946-2048x874.png 2048w, https:\/\/lirolight.com\/wp-content\/uploads\/2025\/08\/IP-Super-Dotline-B1060-2-1-scaled-e1768205898946-18x8.png 18w, https:\/\/lirolight.com\/wp-content\/uploads\/2025\/08\/IP-Super-Dotline-B1060-2-1-scaled-e1768205898946-990x422.png 990w, https:\/\/lirolight.com\/wp-content\/uploads\/2025\/08\/IP-Super-Dotline-B1060-2-1-scaled-e1768205898946-441x188.png 441w, https:\/\/lirolight.com\/wp-content\/uploads\/2025\/08\/IP-Super-Dotline-B1060-2-1-scaled-e1768205898946-800x341.png 800w, https:\/\/lirolight.com\/wp-content\/uploads\/2025\/08\/IP-Super-Dotline-B1060-2-1-scaled-e1768205898946-150x64.png 150w, https:\/\/lirolight.com\/wp-content\/uploads\/2025\/08\/IP-Super-Dotline-B1060-2-1-scaled-e1768205898946-60x26.png 60w\" sizes=\"(max-width: 1024px) 100vw, 1024px\" \/><\/noscript><\/figure>\n\n\n\n<div class=\"wp-block-columns is-layout-flex wp-container-core-columns-is-layout-28f84493 wp-block-columns-is-layout-flex\">\n<div class=\"wp-block-column is-layout-flow wp-block-column-is-layout-flow\">\n<figure class=\"wp-block-image size-large\"><img decoding=\"async\" width=\"1024\" height=\"1024\" data-src=\"https:\/\/lirolight.com\/wp-content\/uploads\/2025\/08\/LiRO-LITE-IP66-1060w-Waterproof-Moving-head-Wash-Bar-Super-Dotline-10X60W-RGBW-4in1-Zoom-Pixel-Bar-Moving-Head-Strip-Light-1-1024x1024.png\" alt=\"\" class=\"wp-image-9246 lazyload\" data-srcset=\"https:\/\/lirolight.com\/wp-content\/uploads\/2025\/08\/LiRO-LITE-IP66-1060w-Waterproof-Moving-head-Wash-Bar-Super-Dotline-10X60W-RGBW-4in1-Zoom-Pixel-Bar-Moving-Head-Strip-Light-1-1024x1024.png 1024w, https:\/\/lirolight.com\/wp-content\/uploads\/2025\/08\/LiRO-LITE-IP66-1060w-Waterproof-Moving-head-Wash-Bar-Super-Dotline-10X60W-RGBW-4in1-Zoom-Pixel-Bar-Moving-Head-Strip-Light-1-300x300.png 300w, https:\/\/lirolight.com\/wp-content\/uploads\/2025\/08\/LiRO-LITE-IP66-1060w-Waterproof-Moving-head-Wash-Bar-Super-Dotline-10X60W-RGBW-4in1-Zoom-Pixel-Bar-Moving-Head-Strip-Light-1-150x150.png 150w, https:\/\/lirolight.com\/wp-content\/uploads\/2025\/08\/LiRO-LITE-IP66-1060w-Waterproof-Moving-head-Wash-Bar-Super-Dotline-10X60W-RGBW-4in1-Zoom-Pixel-Bar-Moving-Head-Strip-Light-1-768x768.png 768w, https:\/\/lirolight.com\/wp-content\/uploads\/2025\/08\/LiRO-LITE-IP66-1060w-Waterproof-Moving-head-Wash-Bar-Super-Dotline-10X60W-RGBW-4in1-Zoom-Pixel-Bar-Moving-Head-Strip-Light-1-1536x1536.png 1536w, https:\/\/lirolight.com\/wp-content\/uploads\/2025\/08\/LiRO-LITE-IP66-1060w-Waterproof-Moving-head-Wash-Bar-Super-Dotline-10X60W-RGBW-4in1-Zoom-Pixel-Bar-Moving-Head-Strip-Light-1-2048x2048.png 2048w, https:\/\/lirolight.com\/wp-content\/uploads\/2025\/08\/LiRO-LITE-IP66-1060w-Waterproof-Moving-head-Wash-Bar-Super-Dotline-10X60W-RGBW-4in1-Zoom-Pixel-Bar-Moving-Head-Strip-Light-1-12x12.png 12w, https:\/\/lirolight.com\/wp-content\/uploads\/2025\/08\/LiRO-LITE-IP66-1060w-Waterproof-Moving-head-Wash-Bar-Super-Dotline-10X60W-RGBW-4in1-Zoom-Pixel-Bar-Moving-Head-Strip-Light-1-990x990.png 990w, https:\/\/lirolight.com\/wp-content\/uploads\/2025\/08\/LiRO-LITE-IP66-1060w-Waterproof-Moving-head-Wash-Bar-Super-Dotline-10X60W-RGBW-4in1-Zoom-Pixel-Bar-Moving-Head-Strip-Light-1-441x441.png 441w, https:\/\/lirolight.com\/wp-content\/uploads\/2025\/08\/LiRO-LITE-IP66-1060w-Waterproof-Moving-head-Wash-Bar-Super-Dotline-10X60W-RGBW-4in1-Zoom-Pixel-Bar-Moving-Head-Strip-Light-1-100x100.png 100w, https:\/\/lirolight.com\/wp-content\/uploads\/2025\/08\/LiRO-LITE-IP66-1060w-Waterproof-Moving-head-Wash-Bar-Super-Dotline-10X60W-RGBW-4in1-Zoom-Pixel-Bar-Moving-Head-Strip-Light-1-800x800.png 800w, https:\/\/lirolight.com\/wp-content\/uploads\/2025\/08\/LiRO-LITE-IP66-1060w-Waterproof-Moving-head-Wash-Bar-Super-Dotline-10X60W-RGBW-4in1-Zoom-Pixel-Bar-Moving-Head-Strip-Light-1-40x40.png 40w\" data-sizes=\"(max-width: 1024px) 100vw, 1024px\" src=\"data:image\/gif;base64,R0lGODlhAQABAAAAACH5BAEKAAEALAAAAAABAAEAAAICTAEAOw==\" style=\"--smush-placeholder-width: 1024px; --smush-placeholder-aspect-ratio: 1024\/1024;\" \/><noscript><img decoding=\"async\" width=\"1024\" height=\"1024\" src=\"https:\/\/lirolight.com\/wp-content\/uploads\/2025\/08\/LiRO-LITE-IP66-1060w-Waterproof-Moving-head-Wash-Bar-Super-Dotline-10X60W-RGBW-4in1-Zoom-Pixel-Bar-Moving-Head-Strip-Light-1-1024x1024.png\" alt=\"\" class=\"wp-image-9246\" srcset=\"https:\/\/lirolight.com\/wp-content\/uploads\/2025\/08\/LiRO-LITE-IP66-1060w-Waterproof-Moving-head-Wash-Bar-Super-Dotline-10X60W-RGBW-4in1-Zoom-Pixel-Bar-Moving-Head-Strip-Light-1-1024x1024.png 1024w, https:\/\/lirolight.com\/wp-content\/uploads\/2025\/08\/LiRO-LITE-IP66-1060w-Waterproof-Moving-head-Wash-Bar-Super-Dotline-10X60W-RGBW-4in1-Zoom-Pixel-Bar-Moving-Head-Strip-Light-1-300x300.png 300w, https:\/\/lirolight.com\/wp-content\/uploads\/2025\/08\/LiRO-LITE-IP66-1060w-Waterproof-Moving-head-Wash-Bar-Super-Dotline-10X60W-RGBW-4in1-Zoom-Pixel-Bar-Moving-Head-Strip-Light-1-150x150.png 150w, https:\/\/lirolight.com\/wp-content\/uploads\/2025\/08\/LiRO-LITE-IP66-1060w-Waterproof-Moving-head-Wash-Bar-Super-Dotline-10X60W-RGBW-4in1-Zoom-Pixel-Bar-Moving-Head-Strip-Light-1-768x768.png 768w, https:\/\/lirolight.com\/wp-content\/uploads\/2025\/08\/LiRO-LITE-IP66-1060w-Waterproof-Moving-head-Wash-Bar-Super-Dotline-10X60W-RGBW-4in1-Zoom-Pixel-Bar-Moving-Head-Strip-Light-1-1536x1536.png 1536w, https:\/\/lirolight.com\/wp-content\/uploads\/2025\/08\/LiRO-LITE-IP66-1060w-Waterproof-Moving-head-Wash-Bar-Super-Dotline-10X60W-RGBW-4in1-Zoom-Pixel-Bar-Moving-Head-Strip-Light-1-2048x2048.png 2048w, https:\/\/lirolight.com\/wp-content\/uploads\/2025\/08\/LiRO-LITE-IP66-1060w-Waterproof-Moving-head-Wash-Bar-Super-Dotline-10X60W-RGBW-4in1-Zoom-Pixel-Bar-Moving-Head-Strip-Light-1-12x12.png 12w, https:\/\/lirolight.com\/wp-content\/uploads\/2025\/08\/LiRO-LITE-IP66-1060w-Waterproof-Moving-head-Wash-Bar-Super-Dotline-10X60W-RGBW-4in1-Zoom-Pixel-Bar-Moving-Head-Strip-Light-1-990x990.png 990w, https:\/\/lirolight.com\/wp-content\/uploads\/2025\/08\/LiRO-LITE-IP66-1060w-Waterproof-Moving-head-Wash-Bar-Super-Dotline-10X60W-RGBW-4in1-Zoom-Pixel-Bar-Moving-Head-Strip-Light-1-441x441.png 441w, https:\/\/lirolight.com\/wp-content\/uploads\/2025\/08\/LiRO-LITE-IP66-1060w-Waterproof-Moving-head-Wash-Bar-Super-Dotline-10X60W-RGBW-4in1-Zoom-Pixel-Bar-Moving-Head-Strip-Light-1-100x100.png 100w, https:\/\/lirolight.com\/wp-content\/uploads\/2025\/08\/LiRO-LITE-IP66-1060w-Waterproof-Moving-head-Wash-Bar-Super-Dotline-10X60W-RGBW-4in1-Zoom-Pixel-Bar-Moving-Head-Strip-Light-1-800x800.png 800w, https:\/\/lirolight.com\/wp-content\/uploads\/2025\/08\/LiRO-LITE-IP66-1060w-Waterproof-Moving-head-Wash-Bar-Super-Dotline-10X60W-RGBW-4in1-Zoom-Pixel-Bar-Moving-Head-Strip-Light-1-40x40.png 40w\" sizes=\"(max-width: 1024px) 100vw, 1024px\" \/><\/noscript><\/figure>\n<\/div>\n\n\n\n<div class=\"wp-block-column is-layout-flow wp-block-column-is-layout-flow\">\n<figure class=\"wp-block-image size-large\"><img loading=\"lazy\" decoding=\"async\" width=\"1024\" height=\"1024\" data-src=\"https:\/\/lirolight.com\/wp-content\/uploads\/2025\/08\/IP-Super-Dotline-B1060-3-1-1024x1024.png\" alt=\"\" class=\"wp-image-9243 lazyload\" data-srcset=\"https:\/\/lirolight.com\/wp-content\/uploads\/2025\/08\/IP-Super-Dotline-B1060-3-1-1024x1024.png 1024w, https:\/\/lirolight.com\/wp-content\/uploads\/2025\/08\/IP-Super-Dotline-B1060-3-1-300x300.png 300w, https:\/\/lirolight.com\/wp-content\/uploads\/2025\/08\/IP-Super-Dotline-B1060-3-1-150x150.png 150w, https:\/\/lirolight.com\/wp-content\/uploads\/2025\/08\/IP-Super-Dotline-B1060-3-1-768x768.png 768w, https:\/\/lirolight.com\/wp-content\/uploads\/2025\/08\/IP-Super-Dotline-B1060-3-1-1536x1536.png 1536w, https:\/\/lirolight.com\/wp-content\/uploads\/2025\/08\/IP-Super-Dotline-B1060-3-1-2048x2048.png 2048w, https:\/\/lirolight.com\/wp-content\/uploads\/2025\/08\/IP-Super-Dotline-B1060-3-1-12x12.png 12w, https:\/\/lirolight.com\/wp-content\/uploads\/2025\/08\/IP-Super-Dotline-B1060-3-1-990x990.png 990w, https:\/\/lirolight.com\/wp-content\/uploads\/2025\/08\/IP-Super-Dotline-B1060-3-1-441x441.png 441w, https:\/\/lirolight.com\/wp-content\/uploads\/2025\/08\/IP-Super-Dotline-B1060-3-1-100x100.png 100w, https:\/\/lirolight.com\/wp-content\/uploads\/2025\/08\/IP-Super-Dotline-B1060-3-1-800x800.png 800w, https:\/\/lirolight.com\/wp-content\/uploads\/2025\/08\/IP-Super-Dotline-B1060-3-1-40x40.png 40w\" data-sizes=\"(max-width: 1024px) 100vw, 1024px\" src=\"data:image\/gif;base64,R0lGODlhAQABAAAAACH5BAEKAAEALAAAAAABAAEAAAICTAEAOw==\" style=\"--smush-placeholder-width: 1024px; --smush-placeholder-aspect-ratio: 1024\/1024;\" \/><noscript><img loading=\"lazy\" decoding=\"async\" width=\"1024\" height=\"1024\" src=\"https:\/\/lirolight.com\/wp-content\/uploads\/2025\/08\/IP-Super-Dotline-B1060-3-1-1024x1024.png\" alt=\"\" class=\"wp-image-9243\" srcset=\"https:\/\/lirolight.com\/wp-content\/uploads\/2025\/08\/IP-Super-Dotline-B1060-3-1-1024x1024.png 1024w, https:\/\/lirolight.com\/wp-content\/uploads\/2025\/08\/IP-Super-Dotline-B1060-3-1-300x300.png 300w, https:\/\/lirolight.com\/wp-content\/uploads\/2025\/08\/IP-Super-Dotline-B1060-3-1-150x150.png 150w, https:\/\/lirolight.com\/wp-content\/uploads\/2025\/08\/IP-Super-Dotline-B1060-3-1-768x768.png 768w, https:\/\/lirolight.com\/wp-content\/uploads\/2025\/08\/IP-Super-Dotline-B1060-3-1-1536x1536.png 1536w, https:\/\/lirolight.com\/wp-content\/uploads\/2025\/08\/IP-Super-Dotline-B1060-3-1-2048x2048.png 2048w, https:\/\/lirolight.com\/wp-content\/uploads\/2025\/08\/IP-Super-Dotline-B1060-3-1-12x12.png 12w, https:\/\/lirolight.com\/wp-content\/uploads\/2025\/08\/IP-Super-Dotline-B1060-3-1-990x990.png 990w, https:\/\/lirolight.com\/wp-content\/uploads\/2025\/08\/IP-Super-Dotline-B1060-3-1-441x441.png 441w, https:\/\/lirolight.com\/wp-content\/uploads\/2025\/08\/IP-Super-Dotline-B1060-3-1-100x100.png 100w, https:\/\/lirolight.com\/wp-content\/uploads\/2025\/08\/IP-Super-Dotline-B1060-3-1-800x800.png 800w, https:\/\/lirolight.com\/wp-content\/uploads\/2025\/08\/IP-Super-Dotline-B1060-3-1-40x40.png 40w\" sizes=\"(max-width: 1024px) 100vw, 1024px\" \/><\/noscript><\/figure>\n<\/div>\n<\/div>\n\n\n\n<h2 class=\"wp-block-heading\">Especifica\u00e7\u00e3o:<\/h2>\n\n\n\n<p>Pot\u00eancia de entrada: 180-240V~ 50\/60Hz<br>Pot\u00eancia: 800 W<br>Fonte de luz<br>Extremidade da viga:<br>10 x 60W RGBW LED<br>Fim do estrobo:<br>96 x 3W CW LED<br>96 x 3W WW LED<br>96 x 0,5W RGB LED<br>Temperatura de cor da luz branca: 6.300K<br>Fluxo luminoso: 22.400 lm<br>Expectativa de vida do LED: 20.000 horas<br>\u00c2ngulo do feixe: 2,8\u00b0-31\u00b0 (extremidade do feixe)<br>\u00c2ngulo do ponto: 5\u00b0-46\u00b0 (extremidade do feixe)<br>Painel de controle: Tela LCD<br>Protocolo de controle: DMX512\/Master-Slave\/Auto Run\/RDM\/Manual<br>Modo de canal DMX: 7 tipos<br>Modo de canal: 17\/27\/99\/108\/168\/8+100\/8+160\/170 channels<br>Atualiza\u00e7\u00e3o de software: Atualize o software via conex\u00e3o DMX<br>\u00c2ngulo de opera\u00e7\u00e3o de inclina\u00e7\u00e3o: 202\u00b0.<br>Tomada de energia: Entrada\/sa\u00edda do conector de alimenta\u00e7\u00e3o<br>Entrada\/sa\u00edda de sinal: soquete XLR de tr\u00eas ou cinco pinos<br>Classifica\u00e7\u00e3o IP: IP66<\/p>\n\n\n\n<h2 class=\"wp-block-heading\">Par\u00e2metros:<\/h2>\n\n\n\n<figure class=\"wp-block-table\"><table class=\"has-fixed-layout\"><tbody><tr><td>Tens\u00e3o ampla<\/td><td>AC100-240V, 50\/60Hz<\/td><\/tr><tr><td>Tempo de vida<\/td><td>50.000 horas<\/td><\/tr><tr><td>Pot\u00eancia<\/td><td>800W<\/td><\/tr><tr><td>Fonte de LED<\/td><td>10X60W RGBW 4in1 LEDs+96 x 3W CW LED+96 x 3W WW LED+96 x 0,5W RGB LED<\/td><\/tr><tr><td>Dimeriza\u00e7\u00e3o<\/td><td>4 curvas de dimeriza\u00e7\u00e3o com dimeriza\u00e7\u00e3o de 0~100%<\/td><\/tr><tr><td>Conector DMX<\/td><td>XLR de 3 pinos<\/td><\/tr><tr><td>Temperatura de trabalho<\/td><td>0-40\u00b0C<\/td><\/tr><tr><td>Modo de conex\u00e3o<\/td><td>DMX, RDM, mestre\/escravo, som ativo, autom\u00e1tico<\/td><\/tr><tr><td>Entrada\/sa\u00edda do PowerCon<\/td><td>PowerCON IN<\/td><\/tr><tr><td>Classifica\u00e7\u00e3o IP<\/td><td>IP66<\/td><\/tr><\/tbody><\/table><\/figure>\n\n\n\n<h2 class=\"wp-block-heading\">Link do v\u00eddeo:<\/h2>\n\n\n\n<p><a href=\"https:\/\/www.instagram.com\/p\/DKrEd2TJS6X\" target=\"_blank\" rel=\"noopener\">https:\/\/www.instagram.com\/p\/DKrEd2TJS6X<\/a><\/p>","protected":false},"excerpt":{"rendered":"<p>O LiRO-LITE IP66 1060W Waterproof Moving Head Wash Bar \u00e9 uma solu\u00e7\u00e3o de ilumina\u00e7\u00e3o de n\u00edvel profissional projetada para efeitos visuais din\u00e2micos. Equipada com 10PCS 60W RGBW 4in1 LEDs, ela oferece cores vibrantes e totalmente mistur\u00e1veis. A lumin\u00e1ria tamb\u00e9m inclui 96 LEDs CW de 3W, 96 LEDs WW de 3W e 96 LEDs RGB de 0,5W, permitindo tons de branco ricos e realces de cores precisos. Com o controle individual do LED, os usu\u00e1rios podem criar exibi\u00e7\u00f5es complexas com mapeamento de pixels. O zoom de 2,8 a 35\u00b0 oferece \u00e2ngulos de feixe flex\u00edveis para lavagens amplas e proje\u00e7\u00f5es n\u00edtidas. Sua classifica\u00e7\u00e3o IP66 \u00e0 prova d'\u00e1gua garante um desempenho confi\u00e1vel em ambientes externos, enquanto o design emend\u00e1vel permite configura\u00e7\u00f5es modulares perfeitas. Compat\u00edvel com canais ACME, \u00e9 ideal para eventos de grande escala, produ\u00e7\u00f5es de palco e ilumina\u00e7\u00e3o arquitet\u00f4nica.<\/p>","protected":false},"featured_media":9247,"comment_status":"open","ping_status":"closed","template":"","meta":[],"product_brand":[],"product_cat":[53],"product_tag":[281,283,284,282,73],"class_list":{"0":"post-9241","1":"product","2":"type-product","3":"status-publish","4":"has-post-thumbnail","6":"product_cat-ip-wash","7":"product_tag-1060w-waterproof-moving-head-wash-bar","8":"product_tag-10x60w-rgbw-4in1-zoom-pixel-bar","9":"product_tag-moving-head-strip-light","10":"product_tag-super-dotline","11":"product_tag-wash","13":"first","14":"instock","15":"shipping-taxable","16":"product-type-simple"},"_links":{"self":[{"href":"https:\/\/lirolight.com\/pt\/wp-json\/wp\/v2\/product\/9241","targetHints":{"allow":["GET"]}}],"collection":[{"href":"https:\/\/lirolight.com\/pt\/wp-json\/wp\/v2\/product"}],"about":[{"href":"https:\/\/lirolight.com\/pt\/wp-json\/wp\/v2\/types\/product"}],"replies":[{"embeddable":true,"href":"https:\/\/lirolight.com\/pt\/wp-json\/wp\/v2\/comments?post=9241"}],"version-history":[{"count":7,"href":"https:\/\/lirolight.com\/pt\/wp-json\/wp\/v2\/product\/9241\/revisions"}],"predecessor-version":[{"id":10458,"href":"https:\/\/lirolight.com\/pt\/wp-json\/wp\/v2\/product\/9241\/revisions\/10458"}],"wp:featuredmedia":[{"embeddable":true,"href":"https:\/\/lirolight.com\/pt\/wp-json\/wp\/v2\/media\/9247"}],"wp:attachment":[{"href":"https:\/\/lirolight.com\/pt\/wp-json\/wp\/v2\/media?parent=9241"}],"wp:term":[{"taxonomy":"product_brand","embeddable":true,"href":"https:\/\/lirolight.com\/pt\/wp-json\/wp\/v2\/product_brand?post=9241"},{"taxonomy":"product_cat","embeddable":true,"href":"https:\/\/lirolight.com\/pt\/wp-json\/wp\/v2\/product_cat?post=9241"},{"taxonomy":"product_tag","embeddable":true,"href":"https:\/\/lirolight.com\/pt\/wp-json\/wp\/v2\/product_tag?post=9241"}],"curies":[{"name":"wp","href":"https:\/\/api.w.org\/{rel}","templated":true}]}}