{"id":9283,"date":"2025-08-12T06:47:22","date_gmt":"2025-08-12T06:47:22","guid":{"rendered":"https:\/\/lirolight.com\/?post_type=product&#038;p=9283"},"modified":"2026-01-12T08:26:18","modified_gmt":"2026-01-12T08:26:18","slug":"liro-lite-6x100w-cob-retro-light-led-hexaline-bar-light-led-flash-strobe-stage-light-with-rgb-auxiliary-light-backlight","status":"publish","type":"product","link":"https:\/\/lirolight.com\/pt\/produto\/liro-lite-6x100w-cob-retro-light-led-hexaline-bar-light-led-flash-strobe-stage-light-with-rgb-auxiliary-light-backlight\/","title":{"rendered":"LiRO-LITE 6x100W COB Retro Light LED Hexaline Bar Light Led Flash Strobe Stage Light com luz auxiliar RGB Backlight"},"content":{"rendered":"<h2 class=\"wp-block-heading\"><strong><mark style=\"background-color:#000000\" class=\"has-inline-color has-white-color\">LR-P2 RGB<\/mark><\/strong><\/h2>\n\n\n\n<hr class=\"wp-block-separator has-alpha-channel-opacity\"\/>\n\n\n\n<h2 class=\"wp-block-heading\">Fotos:<\/h2>\n\n\n\n<figure class=\"wp-block-image aligncenter size-full\"><img fetchpriority=\"high\" decoding=\"async\" width=\"960\" height=\"960\" src=\"https:\/\/lirolight.com\/wp-content\/uploads\/2025\/08\/LiRO-LITE-6x100W-COB-Retro-Light-LED-Hexaline-Bar-Light-Led-Strobe-Stage-Light-with-RGB-Auxiliary-Light-Backlight-5.png\" alt=\"\" class=\"wp-image-9291\" srcset=\"https:\/\/lirolight.com\/wp-content\/uploads\/2025\/08\/LiRO-LITE-6x100W-COB-Retro-Light-LED-Hexaline-Bar-Light-Led-Strobe-Stage-Light-with-RGB-Auxiliary-Light-Backlight-5.png 960w, https:\/\/lirolight.com\/wp-content\/uploads\/2025\/08\/LiRO-LITE-6x100W-COB-Retro-Light-LED-Hexaline-Bar-Light-Led-Strobe-Stage-Light-with-RGB-Auxiliary-Light-Backlight-5-300x300.png 300w, https:\/\/lirolight.com\/wp-content\/uploads\/2025\/08\/LiRO-LITE-6x100W-COB-Retro-Light-LED-Hexaline-Bar-Light-Led-Strobe-Stage-Light-with-RGB-Auxiliary-Light-Backlight-5-150x150.png 150w, https:\/\/lirolight.com\/wp-content\/uploads\/2025\/08\/LiRO-LITE-6x100W-COB-Retro-Light-LED-Hexaline-Bar-Light-Led-Strobe-Stage-Light-with-RGB-Auxiliary-Light-Backlight-5-768x768.png 768w, https:\/\/lirolight.com\/wp-content\/uploads\/2025\/08\/LiRO-LITE-6x100W-COB-Retro-Light-LED-Hexaline-Bar-Light-Led-Strobe-Stage-Light-with-RGB-Auxiliary-Light-Backlight-5-12x12.png 12w, https:\/\/lirolight.com\/wp-content\/uploads\/2025\/08\/LiRO-LITE-6x100W-COB-Retro-Light-LED-Hexaline-Bar-Light-Led-Strobe-Stage-Light-with-RGB-Auxiliary-Light-Backlight-5-441x441.png 441w, https:\/\/lirolight.com\/wp-content\/uploads\/2025\/08\/LiRO-LITE-6x100W-COB-Retro-Light-LED-Hexaline-Bar-Light-Led-Strobe-Stage-Light-with-RGB-Auxiliary-Light-Backlight-5-100x100.png 100w, https:\/\/lirolight.com\/wp-content\/uploads\/2025\/08\/LiRO-LITE-6x100W-COB-Retro-Light-LED-Hexaline-Bar-Light-Led-Strobe-Stage-Light-with-RGB-Auxiliary-Light-Backlight-5-800x800.png 800w, https:\/\/lirolight.com\/wp-content\/uploads\/2025\/08\/LiRO-LITE-6x100W-COB-Retro-Light-LED-Hexaline-Bar-Light-Led-Strobe-Stage-Light-with-RGB-Auxiliary-Light-Backlight-5-40x40.png 40w\" sizes=\"(max-width: 960px) 100vw, 960px\" \/><\/figure>\n\n\n\n<figure class=\"wp-block-image aligncenter size-full\"><img decoding=\"async\" width=\"2429\" height=\"1822\" data-src=\"https:\/\/lirolight.com\/wp-content\/uploads\/2025\/08\/LiRO-LITE-6x100W-COB-Retro-Light-LED-Hexaline-Bar-Light-Led-Strobe-Stage-Light-with-RGB-Auxiliary-Light-Backlight-7.jpg\" alt=\"\" class=\"wp-image-9293 lazyload\" data-srcset=\"https:\/\/lirolight.com\/wp-content\/uploads\/2025\/08\/LiRO-LITE-6x100W-COB-Retro-Light-LED-Hexaline-Bar-Light-Led-Strobe-Stage-Light-with-RGB-Auxiliary-Light-Backlight-7.jpg 2429w, https:\/\/lirolight.com\/wp-content\/uploads\/2025\/08\/LiRO-LITE-6x100W-COB-Retro-Light-LED-Hexaline-Bar-Light-Led-Strobe-Stage-Light-with-RGB-Auxiliary-Light-Backlight-7-300x225.jpg 300w, https:\/\/lirolight.com\/wp-content\/uploads\/2025\/08\/LiRO-LITE-6x100W-COB-Retro-Light-LED-Hexaline-Bar-Light-Led-Strobe-Stage-Light-with-RGB-Auxiliary-Light-Backlight-7-1024x768.jpg 1024w, https:\/\/lirolight.com\/wp-content\/uploads\/2025\/08\/LiRO-LITE-6x100W-COB-Retro-Light-LED-Hexaline-Bar-Light-Led-Strobe-Stage-Light-with-RGB-Auxiliary-Light-Backlight-7-768x576.jpg 768w, https:\/\/lirolight.com\/wp-content\/uploads\/2025\/08\/LiRO-LITE-6x100W-COB-Retro-Light-LED-Hexaline-Bar-Light-Led-Strobe-Stage-Light-with-RGB-Auxiliary-Light-Backlight-7-1536x1152.jpg 1536w, https:\/\/lirolight.com\/wp-content\/uploads\/2025\/08\/LiRO-LITE-6x100W-COB-Retro-Light-LED-Hexaline-Bar-Light-Led-Strobe-Stage-Light-with-RGB-Auxiliary-Light-Backlight-7-2048x1536.jpg 2048w, https:\/\/lirolight.com\/wp-content\/uploads\/2025\/08\/LiRO-LITE-6x100W-COB-Retro-Light-LED-Hexaline-Bar-Light-Led-Strobe-Stage-Light-with-RGB-Auxiliary-Light-Backlight-7-16x12.jpg 16w, https:\/\/lirolight.com\/wp-content\/uploads\/2025\/08\/LiRO-LITE-6x100W-COB-Retro-Light-LED-Hexaline-Bar-Light-Led-Strobe-Stage-Light-with-RGB-Auxiliary-Light-Backlight-7-990x743.jpg 990w, https:\/\/lirolight.com\/wp-content\/uploads\/2025\/08\/LiRO-LITE-6x100W-COB-Retro-Light-LED-Hexaline-Bar-Light-Led-Strobe-Stage-Light-with-RGB-Auxiliary-Light-Backlight-7-441x331.jpg 441w, https:\/\/lirolight.com\/wp-content\/uploads\/2025\/08\/LiRO-LITE-6x100W-COB-Retro-Light-LED-Hexaline-Bar-Light-Led-Strobe-Stage-Light-with-RGB-Auxiliary-Light-Backlight-7-800x600.jpg 800w, https:\/\/lirolight.com\/wp-content\/uploads\/2025\/08\/LiRO-LITE-6x100W-COB-Retro-Light-LED-Hexaline-Bar-Light-Led-Strobe-Stage-Light-with-RGB-Auxiliary-Light-Backlight-7-150x113.jpg 150w, https:\/\/lirolight.com\/wp-content\/uploads\/2025\/08\/LiRO-LITE-6x100W-COB-Retro-Light-LED-Hexaline-Bar-Light-Led-Strobe-Stage-Light-with-RGB-Auxiliary-Light-Backlight-7-53x40.jpg 53w\" data-sizes=\"(max-width: 2429px) 100vw, 2429px\" src=\"data:image\/gif;base64,R0lGODlhAQABAAAAACH5BAEKAAEALAAAAAABAAEAAAICTAEAOw==\" style=\"--smush-placeholder-width: 2429px; --smush-placeholder-aspect-ratio: 2429\/1822;\" \/><noscript><img decoding=\"async\" width=\"2429\" height=\"1822\" src=\"https:\/\/lirolight.com\/wp-content\/uploads\/2025\/08\/LiRO-LITE-6x100W-COB-Retro-Light-LED-Hexaline-Bar-Light-Led-Strobe-Stage-Light-with-RGB-Auxiliary-Light-Backlight-7.jpg\" alt=\"\" class=\"wp-image-9293\" srcset=\"https:\/\/lirolight.com\/wp-content\/uploads\/2025\/08\/LiRO-LITE-6x100W-COB-Retro-Light-LED-Hexaline-Bar-Light-Led-Strobe-Stage-Light-with-RGB-Auxiliary-Light-Backlight-7.jpg 2429w, https:\/\/lirolight.com\/wp-content\/uploads\/2025\/08\/LiRO-LITE-6x100W-COB-Retro-Light-LED-Hexaline-Bar-Light-Led-Strobe-Stage-Light-with-RGB-Auxiliary-Light-Backlight-7-300x225.jpg 300w, https:\/\/lirolight.com\/wp-content\/uploads\/2025\/08\/LiRO-LITE-6x100W-COB-Retro-Light-LED-Hexaline-Bar-Light-Led-Strobe-Stage-Light-with-RGB-Auxiliary-Light-Backlight-7-1024x768.jpg 1024w, https:\/\/lirolight.com\/wp-content\/uploads\/2025\/08\/LiRO-LITE-6x100W-COB-Retro-Light-LED-Hexaline-Bar-Light-Led-Strobe-Stage-Light-with-RGB-Auxiliary-Light-Backlight-7-768x576.jpg 768w, https:\/\/lirolight.com\/wp-content\/uploads\/2025\/08\/LiRO-LITE-6x100W-COB-Retro-Light-LED-Hexaline-Bar-Light-Led-Strobe-Stage-Light-with-RGB-Auxiliary-Light-Backlight-7-1536x1152.jpg 1536w, https:\/\/lirolight.com\/wp-content\/uploads\/2025\/08\/LiRO-LITE-6x100W-COB-Retro-Light-LED-Hexaline-Bar-Light-Led-Strobe-Stage-Light-with-RGB-Auxiliary-Light-Backlight-7-2048x1536.jpg 2048w, https:\/\/lirolight.com\/wp-content\/uploads\/2025\/08\/LiRO-LITE-6x100W-COB-Retro-Light-LED-Hexaline-Bar-Light-Led-Strobe-Stage-Light-with-RGB-Auxiliary-Light-Backlight-7-16x12.jpg 16w, https:\/\/lirolight.com\/wp-content\/uploads\/2025\/08\/LiRO-LITE-6x100W-COB-Retro-Light-LED-Hexaline-Bar-Light-Led-Strobe-Stage-Light-with-RGB-Auxiliary-Light-Backlight-7-990x743.jpg 990w, https:\/\/lirolight.com\/wp-content\/uploads\/2025\/08\/LiRO-LITE-6x100W-COB-Retro-Light-LED-Hexaline-Bar-Light-Led-Strobe-Stage-Light-with-RGB-Auxiliary-Light-Backlight-7-441x331.jpg 441w, https:\/\/lirolight.com\/wp-content\/uploads\/2025\/08\/LiRO-LITE-6x100W-COB-Retro-Light-LED-Hexaline-Bar-Light-Led-Strobe-Stage-Light-with-RGB-Auxiliary-Light-Backlight-7-800x600.jpg 800w, https:\/\/lirolight.com\/wp-content\/uploads\/2025\/08\/LiRO-LITE-6x100W-COB-Retro-Light-LED-Hexaline-Bar-Light-Led-Strobe-Stage-Light-with-RGB-Auxiliary-Light-Backlight-7-150x113.jpg 150w, https:\/\/lirolight.com\/wp-content\/uploads\/2025\/08\/LiRO-LITE-6x100W-COB-Retro-Light-LED-Hexaline-Bar-Light-Led-Strobe-Stage-Light-with-RGB-Auxiliary-Light-Backlight-7-53x40.jpg 53w\" sizes=\"(max-width: 2429px) 100vw, 2429px\" \/><\/noscript><\/figure>\n\n\n\n<h2 class=\"wp-block-heading\">Especifica\u00e7\u00e3o:<\/h2>\n\n\n\n<p>Tens\u00e3o: AC100-240V, 50\/60HZ<br>Pot\u00eancia: 600W<br>Fonte de luz: 6*100w LEDs brilhantes+144 LEDs RGB 3IN1<br>Vida \u00fatil da fonte de luz: 100.000 horas<br>Temperatura de cor: 3200K-5600K<br>Fun\u00e7\u00e3o: cada conta de l\u00e2mpada COB pode ser controlada individualmente<br>Programas integrados: efeitos de cor, escurecimento, estrobosc\u00f3picos e de persegui\u00e7\u00e3o<br>Dimeriza\u00e7\u00e3o: ajuste linear 0-100%<br>Estrobosc\u00f3pio: 0-20 vezes\/segundo<br>Canal DMX: 3\/5\/10 canais opcionais<br>Modo de controle: DMX512, controle mestre-escravo, autopropelido, modo de controle de voz<br>N\u00edvel de prote\u00e7\u00e3o: IP20<\/p>\n\n\n\n<h2 class=\"wp-block-heading\"><strong>Par\u00e2metro:<\/strong><\/h2>\n\n\n\n<figure class=\"wp-block-table\"><table class=\"has-fixed-layout\"><tbody><tr><td>Pot\u00eancia<\/td><td>600W<\/td><\/tr><tr><td>N\u00famero de contas de luz<\/td><td>6*100w LEDs brilhantes+144 LEDs RGB 3IN1<\/td><\/tr><tr><td>tipo de conta de luz<\/td><td>Conta de luz RGB tr\u00eas em um + conta de luz integrada<\/td><\/tr><tr><td>Estrobosc\u00f3pio<\/td><td>0-20 vezes\/seg<\/td><\/tr><tr><td>N\u00famero de canais de controle DMX<\/td><td>3\/5\/10 canais opcionais<\/td><\/tr><tr><td>Conector DMX<\/td><td>XLR de 3 pinos<\/td><\/tr><\/tbody><\/table><\/figure>\n\n\n\n<div class=\"wp-block-columns is-layout-flex wp-container-core-columns-is-layout-28f84493 wp-block-columns-is-layout-flex\">\n<div class=\"wp-block-column is-layout-flow wp-block-column-is-layout-flow\">\n<h2 class=\"wp-block-heading\">Hor\u00e1rio do show:<\/h2>\n<\/div>\n<\/div>\n\n\n\n<figure class=\"wp-block-image aligncenter size-full\"><img decoding=\"async\" width=\"800\" height=\"600\" data-src=\"https:\/\/lirolight.com\/wp-content\/uploads\/2025\/08\/LiRO-LITE-6x100W-COB-Retro-Light-LED-Hexaline-Bar-Light-Led-Strobe-Stage-Light-with-RGB-Auxiliary-Light-Backlight-x3.png\" alt=\"\" class=\"wp-image-9285 lazyload\" data-srcset=\"https:\/\/lirolight.com\/wp-content\/uploads\/2025\/08\/LiRO-LITE-6x100W-COB-Retro-Light-LED-Hexaline-Bar-Light-Led-Strobe-Stage-Light-with-RGB-Auxiliary-Light-Backlight-x3.png 800w, https:\/\/lirolight.com\/wp-content\/uploads\/2025\/08\/LiRO-LITE-6x100W-COB-Retro-Light-LED-Hexaline-Bar-Light-Led-Strobe-Stage-Light-with-RGB-Auxiliary-Light-Backlight-x3-300x225.png 300w, https:\/\/lirolight.com\/wp-content\/uploads\/2025\/08\/LiRO-LITE-6x100W-COB-Retro-Light-LED-Hexaline-Bar-Light-Led-Strobe-Stage-Light-with-RGB-Auxiliary-Light-Backlight-x3-768x576.png 768w, https:\/\/lirolight.com\/wp-content\/uploads\/2025\/08\/LiRO-LITE-6x100W-COB-Retro-Light-LED-Hexaline-Bar-Light-Led-Strobe-Stage-Light-with-RGB-Auxiliary-Light-Backlight-x3-16x12.png 16w, https:\/\/lirolight.com\/wp-content\/uploads\/2025\/08\/LiRO-LITE-6x100W-COB-Retro-Light-LED-Hexaline-Bar-Light-Led-Strobe-Stage-Light-with-RGB-Auxiliary-Light-Backlight-x3-441x331.png 441w, https:\/\/lirolight.com\/wp-content\/uploads\/2025\/08\/LiRO-LITE-6x100W-COB-Retro-Light-LED-Hexaline-Bar-Light-Led-Strobe-Stage-Light-with-RGB-Auxiliary-Light-Backlight-x3-150x113.png 150w, https:\/\/lirolight.com\/wp-content\/uploads\/2025\/08\/LiRO-LITE-6x100W-COB-Retro-Light-LED-Hexaline-Bar-Light-Led-Strobe-Stage-Light-with-RGB-Auxiliary-Light-Backlight-x3-53x40.png 53w\" data-sizes=\"(max-width: 800px) 100vw, 800px\" src=\"data:image\/gif;base64,R0lGODlhAQABAAAAACH5BAEKAAEALAAAAAABAAEAAAICTAEAOw==\" style=\"--smush-placeholder-width: 800px; --smush-placeholder-aspect-ratio: 800\/600;\" \/><noscript><img decoding=\"async\" width=\"800\" height=\"600\" src=\"https:\/\/lirolight.com\/wp-content\/uploads\/2025\/08\/LiRO-LITE-6x100W-COB-Retro-Light-LED-Hexaline-Bar-Light-Led-Strobe-Stage-Light-with-RGB-Auxiliary-Light-Backlight-x3.png\" alt=\"\" class=\"wp-image-9285\" srcset=\"https:\/\/lirolight.com\/wp-content\/uploads\/2025\/08\/LiRO-LITE-6x100W-COB-Retro-Light-LED-Hexaline-Bar-Light-Led-Strobe-Stage-Light-with-RGB-Auxiliary-Light-Backlight-x3.png 800w, https:\/\/lirolight.com\/wp-content\/uploads\/2025\/08\/LiRO-LITE-6x100W-COB-Retro-Light-LED-Hexaline-Bar-Light-Led-Strobe-Stage-Light-with-RGB-Auxiliary-Light-Backlight-x3-300x225.png 300w, https:\/\/lirolight.com\/wp-content\/uploads\/2025\/08\/LiRO-LITE-6x100W-COB-Retro-Light-LED-Hexaline-Bar-Light-Led-Strobe-Stage-Light-with-RGB-Auxiliary-Light-Backlight-x3-768x576.png 768w, https:\/\/lirolight.com\/wp-content\/uploads\/2025\/08\/LiRO-LITE-6x100W-COB-Retro-Light-LED-Hexaline-Bar-Light-Led-Strobe-Stage-Light-with-RGB-Auxiliary-Light-Backlight-x3-16x12.png 16w, https:\/\/lirolight.com\/wp-content\/uploads\/2025\/08\/LiRO-LITE-6x100W-COB-Retro-Light-LED-Hexaline-Bar-Light-Led-Strobe-Stage-Light-with-RGB-Auxiliary-Light-Backlight-x3-441x331.png 441w, https:\/\/lirolight.com\/wp-content\/uploads\/2025\/08\/LiRO-LITE-6x100W-COB-Retro-Light-LED-Hexaline-Bar-Light-Led-Strobe-Stage-Light-with-RGB-Auxiliary-Light-Backlight-x3-150x113.png 150w, https:\/\/lirolight.com\/wp-content\/uploads\/2025\/08\/LiRO-LITE-6x100W-COB-Retro-Light-LED-Hexaline-Bar-Light-Led-Strobe-Stage-Light-with-RGB-Auxiliary-Light-Backlight-x3-53x40.png 53w\" sizes=\"(max-width: 800px) 100vw, 800px\" \/><\/noscript><\/figure>","protected":false},"excerpt":{"rendered":"<div class=\"QFw9Te BLojaf\">\n<div class=\"hlJJmd\">\n<div class=\"Bmcqed\" dir=\"ltr\">\n<div data-id=\"kvLWu\">O 6x100W COB Retro Light Hexaline Bar \u00e9 uma potente lumin\u00e1ria de palco de 600W, com seis LEDs brilhantes de 100W e 144 LEDs auxiliares RGB 3 em 1 para ilumina\u00e7\u00e3o de fundo vers\u00e1til. Com uma vida \u00fatil de 100.000 horas do LED e temperatura de cor ajust\u00e1vel (3200K-5600K), ele oferece efeitos de ilumina\u00e7\u00e3o flex\u00edveis. Cada LED COB \u00e9 control\u00e1vel individualmente, suportando programas integrados como efeitos de cor, escurecimento linear 0-100%, estrobosc\u00f3pio 0-20Hz e efeitos de persegui\u00e7\u00e3o. Ele oferece v\u00e1rios modos de controle: DMX512 (3\/5\/10 canais opcionais), mestre-escravo, autopropelido e controle de voz. Projetado para uso interno (IP20), ele opera em AC100-240V, 50\/60Hz, ideal para apresenta\u00e7\u00f5es din\u00e2micas em palcos.<\/div>\n<\/div>\n<\/div>\n<\/div>\n<blockquote><p>\u00a0<\/p><\/blockquote>\n<p>&nbsp;<\/p>","protected":false},"featured_media":9291,"comment_status":"open","ping_status":"closed","template":"","meta":[],"product_brand":[],"product_cat":[86],"product_tag":[297,301,298,269,300],"class_list":{"0":"post-9283","1":"product","2":"type-product","3":"status-publish","4":"has-post-thumbnail","6":"product_cat-led-retro-light","7":"product_tag-6x100w-cob-retro-light","8":"product_tag-led-flash-strobe-lighting","9":"product_tag-led-hexaline-bar-light","10":"product_tag-retro-stage-strobe-light","11":"product_tag-rgb-auxiliary-light-backlight","13":"first","14":"instock","15":"shipping-taxable","16":"product-type-simple"},"_links":{"self":[{"href":"https:\/\/lirolight.com\/pt\/wp-json\/wp\/v2\/product\/9283","targetHints":{"allow":["GET"]}}],"collection":[{"href":"https:\/\/lirolight.com\/pt\/wp-json\/wp\/v2\/product"}],"about":[{"href":"https:\/\/lirolight.com\/pt\/wp-json\/wp\/v2\/types\/product"}],"replies":[{"embeddable":true,"href":"https:\/\/lirolight.com\/pt\/wp-json\/wp\/v2\/comments?post=9283"}],"version-history":[{"count":5,"href":"https:\/\/lirolight.com\/pt\/wp-json\/wp\/v2\/product\/9283\/revisions"}],"predecessor-version":[{"id":10461,"href":"https:\/\/lirolight.com\/pt\/wp-json\/wp\/v2\/product\/9283\/revisions\/10461"}],"wp:featuredmedia":[{"embeddable":true,"href":"https:\/\/lirolight.com\/pt\/wp-json\/wp\/v2\/media\/9291"}],"wp:attachment":[{"href":"https:\/\/lirolight.com\/pt\/wp-json\/wp\/v2\/media?parent=9283"}],"wp:term":[{"taxonomy":"product_brand","embeddable":true,"href":"https:\/\/lirolight.com\/pt\/wp-json\/wp\/v2\/product_brand?post=9283"},{"taxonomy":"product_cat","embeddable":true,"href":"https:\/\/lirolight.com\/pt\/wp-json\/wp\/v2\/product_cat?post=9283"},{"taxonomy":"product_tag","embeddable":true,"href":"https:\/\/lirolight.com\/pt\/wp-json\/wp\/v2\/product_tag?post=9283"}],"curies":[{"name":"wp","href":"https:\/\/api.w.org\/{rel}","templated":true}]}}