{"id":9889,"date":"2025-11-21T07:57:28","date_gmt":"2025-11-21T07:57:28","guid":{"rendered":"https:\/\/lirolight.com\/?post_type=product&#038;p=9889"},"modified":"2026-01-12T07:59:46","modified_gmt":"2026-01-12T07:59:46","slug":"liro-lite-ip66-tornado-tb5-led-rgbl-wash-pixel-moving-head-stage-lights","status":"publish","type":"product","link":"https:\/\/lirolight.com\/pt\/produto\/liro-lite-ip66-tornado-tb5-led-rgbl-wash-pixel-moving-head-stage-lights\/","title":{"rendered":"LiRO-LITE IP66 TORNADO TB5 LED RGBL Wash Pixel Moving Head Luzes de palco"},"content":{"rendered":"<h2 class=\"wp-block-heading\"><strong><mark><mark style=\"background-color:#000000\" class=\"has-inline-color has-white-color\">LR-IP TORNADO TB5<\/mark><\/mark><\/strong><\/h2>\n\n\n\n<p>O Tornado TB5 tem 5pcs 120W RGBL 4IN1 LEDs potentes como fonte de luz principal, complementados por 120Pcs 0.5W RGB LEDs no anel externo, combinando alto desempenho e versatilidade. O \u00e2ngulo do feixe \u00e9 de 3\u00b0-30\u00b0 e o \u00e2ngulo do ponto \u00e9 de 4\u00b0-35\u00b0. A fun\u00e7\u00e3o de foco linear r\u00e1pido faz com que ele produza um efeito de feixe n\u00edtido e saturado, garantindo que seus efeitos visuais sejam apresentados com vitalidade suficiente. Com excelentes efeitos de mistura de cores, excelentes efeitos macro de cores e estrutura de foco linear.<\/p>\n\n\n\n<hr class=\"wp-block-separator has-alpha-channel-opacity\"\/>\n\n\n\n<h2 class=\"wp-block-heading\">Fotos:<\/h2>\n\n\n\n<figure class=\"wp-block-image size-large\"><img fetchpriority=\"high\" decoding=\"async\" width=\"1024\" height=\"495\" src=\"https:\/\/lirolight.com\/wp-content\/uploads\/2025\/11\/\u767d\u5f692-scaled-e1768204470705-1024x495.png\" alt=\"\" class=\"wp-image-9905\" srcset=\"https:\/\/lirolight.com\/wp-content\/uploads\/2025\/11\/\u767d\u5f692-scaled-e1768204470705-1024x495.png 1024w, https:\/\/lirolight.com\/wp-content\/uploads\/2025\/11\/\u767d\u5f692-scaled-e1768204470705-300x145.png 300w, https:\/\/lirolight.com\/wp-content\/uploads\/2025\/11\/\u767d\u5f692-scaled-e1768204470705-768x371.png 768w, https:\/\/lirolight.com\/wp-content\/uploads\/2025\/11\/\u767d\u5f692-scaled-e1768204470705-1536x742.png 1536w, https:\/\/lirolight.com\/wp-content\/uploads\/2025\/11\/\u767d\u5f692-scaled-e1768204470705-2048x990.png 2048w, https:\/\/lirolight.com\/wp-content\/uploads\/2025\/11\/\u767d\u5f692-scaled-e1768204470705-18x9.png 18w, https:\/\/lirolight.com\/wp-content\/uploads\/2025\/11\/\u767d\u5f692-scaled-e1768204470705-990x478.png 990w, https:\/\/lirolight.com\/wp-content\/uploads\/2025\/11\/\u767d\u5f692-scaled-e1768204470705-441x213.png 441w, https:\/\/lirolight.com\/wp-content\/uploads\/2025\/11\/\u767d\u5f692-scaled-e1768204470705-800x387.png 800w, https:\/\/lirolight.com\/wp-content\/uploads\/2025\/11\/\u767d\u5f692-scaled-e1768204470705-150x72.png 150w, https:\/\/lirolight.com\/wp-content\/uploads\/2025\/11\/\u767d\u5f692-scaled-e1768204470705-60x29.png 60w\" sizes=\"(max-width: 1024px) 100vw, 1024px\" \/><\/figure>\n\n\n\n<div class=\"wp-block-columns is-layout-flex wp-container-core-columns-is-layout-28f84493 wp-block-columns-is-layout-flex\">\n<div class=\"wp-block-column is-layout-flow wp-block-column-is-layout-flow\">\n<figure class=\"wp-block-image size-large\"><img decoding=\"async\" width=\"1024\" height=\"1024\" data-src=\"https:\/\/lirolight.com\/wp-content\/uploads\/2025\/11\/\u767d\u7eff-1024x1024.png\" alt=\"\" class=\"wp-image-9898 lazyload\" data-srcset=\"https:\/\/lirolight.com\/wp-content\/uploads\/2025\/11\/\u767d\u7eff-1024x1024.png 1024w, https:\/\/lirolight.com\/wp-content\/uploads\/2025\/11\/\u767d\u7eff-300x300.png 300w, https:\/\/lirolight.com\/wp-content\/uploads\/2025\/11\/\u767d\u7eff-150x150.png 150w, https:\/\/lirolight.com\/wp-content\/uploads\/2025\/11\/\u767d\u7eff-768x768.png 768w, https:\/\/lirolight.com\/wp-content\/uploads\/2025\/11\/\u767d\u7eff-1536x1536.png 1536w, https:\/\/lirolight.com\/wp-content\/uploads\/2025\/11\/\u767d\u7eff-2048x2048.png 2048w, https:\/\/lirolight.com\/wp-content\/uploads\/2025\/11\/\u767d\u7eff-12x12.png 12w, https:\/\/lirolight.com\/wp-content\/uploads\/2025\/11\/\u767d\u7eff-990x990.png 990w, https:\/\/lirolight.com\/wp-content\/uploads\/2025\/11\/\u767d\u7eff-441x441.png 441w, https:\/\/lirolight.com\/wp-content\/uploads\/2025\/11\/\u767d\u7eff-100x100.png 100w, https:\/\/lirolight.com\/wp-content\/uploads\/2025\/11\/\u767d\u7eff-800x800.png 800w, https:\/\/lirolight.com\/wp-content\/uploads\/2025\/11\/\u767d\u7eff-40x40.png 40w\" data-sizes=\"(max-width: 1024px) 100vw, 1024px\" src=\"data:image\/gif;base64,R0lGODlhAQABAAAAACH5BAEKAAEALAAAAAABAAEAAAICTAEAOw==\" style=\"--smush-placeholder-width: 1024px; --smush-placeholder-aspect-ratio: 1024\/1024;\" \/><noscript><img decoding=\"async\" width=\"1024\" height=\"1024\" src=\"https:\/\/lirolight.com\/wp-content\/uploads\/2025\/11\/\u767d\u7eff-1024x1024.png\" alt=\"\" class=\"wp-image-9898\" srcset=\"https:\/\/lirolight.com\/wp-content\/uploads\/2025\/11\/\u767d\u7eff-1024x1024.png 1024w, https:\/\/lirolight.com\/wp-content\/uploads\/2025\/11\/\u767d\u7eff-300x300.png 300w, https:\/\/lirolight.com\/wp-content\/uploads\/2025\/11\/\u767d\u7eff-150x150.png 150w, https:\/\/lirolight.com\/wp-content\/uploads\/2025\/11\/\u767d\u7eff-768x768.png 768w, https:\/\/lirolight.com\/wp-content\/uploads\/2025\/11\/\u767d\u7eff-1536x1536.png 1536w, https:\/\/lirolight.com\/wp-content\/uploads\/2025\/11\/\u767d\u7eff-2048x2048.png 2048w, https:\/\/lirolight.com\/wp-content\/uploads\/2025\/11\/\u767d\u7eff-12x12.png 12w, https:\/\/lirolight.com\/wp-content\/uploads\/2025\/11\/\u767d\u7eff-990x990.png 990w, https:\/\/lirolight.com\/wp-content\/uploads\/2025\/11\/\u767d\u7eff-441x441.png 441w, https:\/\/lirolight.com\/wp-content\/uploads\/2025\/11\/\u767d\u7eff-100x100.png 100w, https:\/\/lirolight.com\/wp-content\/uploads\/2025\/11\/\u767d\u7eff-800x800.png 800w, https:\/\/lirolight.com\/wp-content\/uploads\/2025\/11\/\u767d\u7eff-40x40.png 40w\" sizes=\"(max-width: 1024px) 100vw, 1024px\" \/><\/noscript><\/figure>\n<\/div>\n\n\n\n<div class=\"wp-block-column is-layout-flow wp-block-column-is-layout-flow\">\n<figure class=\"wp-block-image size-large\"><img decoding=\"async\" width=\"1024\" height=\"1024\" data-src=\"https:\/\/lirolight.com\/wp-content\/uploads\/2025\/11\/\u767d\u7ea2-1024x1024.png\" alt=\"\" class=\"wp-image-9904 lazyload\" data-srcset=\"https:\/\/lirolight.com\/wp-content\/uploads\/2025\/11\/\u767d\u7ea2-1024x1024.png 1024w, https:\/\/lirolight.com\/wp-content\/uploads\/2025\/11\/\u767d\u7ea2-300x300.png 300w, https:\/\/lirolight.com\/wp-content\/uploads\/2025\/11\/\u767d\u7ea2-150x150.png 150w, https:\/\/lirolight.com\/wp-content\/uploads\/2025\/11\/\u767d\u7ea2-768x768.png 768w, https:\/\/lirolight.com\/wp-content\/uploads\/2025\/11\/\u767d\u7ea2-1536x1536.png 1536w, https:\/\/lirolight.com\/wp-content\/uploads\/2025\/11\/\u767d\u7ea2-2048x2048.png 2048w, https:\/\/lirolight.com\/wp-content\/uploads\/2025\/11\/\u767d\u7ea2-12x12.png 12w, https:\/\/lirolight.com\/wp-content\/uploads\/2025\/11\/\u767d\u7ea2-990x990.png 990w, https:\/\/lirolight.com\/wp-content\/uploads\/2025\/11\/\u767d\u7ea2-441x441.png 441w, https:\/\/lirolight.com\/wp-content\/uploads\/2025\/11\/\u767d\u7ea2-100x100.png 100w, https:\/\/lirolight.com\/wp-content\/uploads\/2025\/11\/\u767d\u7ea2-800x800.png 800w, https:\/\/lirolight.com\/wp-content\/uploads\/2025\/11\/\u767d\u7ea2-40x40.png 40w\" data-sizes=\"(max-width: 1024px) 100vw, 1024px\" src=\"data:image\/gif;base64,R0lGODlhAQABAAAAACH5BAEKAAEALAAAAAABAAEAAAICTAEAOw==\" style=\"--smush-placeholder-width: 1024px; --smush-placeholder-aspect-ratio: 1024\/1024;\" \/><noscript><img decoding=\"async\" width=\"1024\" height=\"1024\" src=\"https:\/\/lirolight.com\/wp-content\/uploads\/2025\/11\/\u767d\u7ea2-1024x1024.png\" alt=\"\" class=\"wp-image-9904\" srcset=\"https:\/\/lirolight.com\/wp-content\/uploads\/2025\/11\/\u767d\u7ea2-1024x1024.png 1024w, https:\/\/lirolight.com\/wp-content\/uploads\/2025\/11\/\u767d\u7ea2-300x300.png 300w, https:\/\/lirolight.com\/wp-content\/uploads\/2025\/11\/\u767d\u7ea2-150x150.png 150w, https:\/\/lirolight.com\/wp-content\/uploads\/2025\/11\/\u767d\u7ea2-768x768.png 768w, https:\/\/lirolight.com\/wp-content\/uploads\/2025\/11\/\u767d\u7ea2-1536x1536.png 1536w, https:\/\/lirolight.com\/wp-content\/uploads\/2025\/11\/\u767d\u7ea2-2048x2048.png 2048w, https:\/\/lirolight.com\/wp-content\/uploads\/2025\/11\/\u767d\u7ea2-12x12.png 12w, https:\/\/lirolight.com\/wp-content\/uploads\/2025\/11\/\u767d\u7ea2-990x990.png 990w, https:\/\/lirolight.com\/wp-content\/uploads\/2025\/11\/\u767d\u7ea2-441x441.png 441w, https:\/\/lirolight.com\/wp-content\/uploads\/2025\/11\/\u767d\u7ea2-100x100.png 100w, https:\/\/lirolight.com\/wp-content\/uploads\/2025\/11\/\u767d\u7ea2-800x800.png 800w, https:\/\/lirolight.com\/wp-content\/uploads\/2025\/11\/\u767d\u7ea2-40x40.png 40w\" sizes=\"(max-width: 1024px) 100vw, 1024px\" \/><\/noscript><\/figure>\n<\/div>\n<\/div>\n\n\n\n<figure class=\"wp-block-image alignwide size-large\"><img loading=\"lazy\" decoding=\"async\" width=\"819\" height=\"1024\" data-src=\"https:\/\/lirolight.com\/wp-content\/uploads\/2025\/11\/iptb5\u7ec6\u8282LOGO-819x1024.jpg\" alt=\"\" class=\"wp-image-9890 lazyload\" data-srcset=\"https:\/\/lirolight.com\/wp-content\/uploads\/2025\/11\/iptb5\u7ec6\u8282LOGO-819x1024.jpg 819w, https:\/\/lirolight.com\/wp-content\/uploads\/2025\/11\/iptb5\u7ec6\u8282LOGO-240x300.jpg 240w, https:\/\/lirolight.com\/wp-content\/uploads\/2025\/11\/iptb5\u7ec6\u8282LOGO-768x960.jpg 768w, https:\/\/lirolight.com\/wp-content\/uploads\/2025\/11\/iptb5\u7ec6\u8282LOGO-1229x1536.jpg 1229w, https:\/\/lirolight.com\/wp-content\/uploads\/2025\/11\/iptb5\u7ec6\u8282LOGO-1638x2048.jpg 1638w, https:\/\/lirolight.com\/wp-content\/uploads\/2025\/11\/iptb5\u7ec6\u8282LOGO-10x12.jpg 10w, https:\/\/lirolight.com\/wp-content\/uploads\/2025\/11\/iptb5\u7ec6\u8282LOGO-990x1238.jpg 990w, https:\/\/lirolight.com\/wp-content\/uploads\/2025\/11\/iptb5\u7ec6\u8282LOGO-441x551.jpg 441w, https:\/\/lirolight.com\/wp-content\/uploads\/2025\/11\/iptb5\u7ec6\u8282LOGO-300x375.jpg 300w, https:\/\/lirolight.com\/wp-content\/uploads\/2025\/11\/iptb5\u7ec6\u8282LOGO-800x1000.jpg 800w, https:\/\/lirolight.com\/wp-content\/uploads\/2025\/11\/iptb5\u7ec6\u8282LOGO-150x188.jpg 150w, https:\/\/lirolight.com\/wp-content\/uploads\/2025\/11\/iptb5\u7ec6\u8282LOGO-32x40.jpg 32w, https:\/\/lirolight.com\/wp-content\/uploads\/2025\/11\/iptb5\u7ec6\u8282LOGO-scaled.jpg 2048w\" data-sizes=\"(max-width: 819px) 100vw, 819px\" src=\"data:image\/gif;base64,R0lGODlhAQABAAAAACH5BAEKAAEALAAAAAABAAEAAAICTAEAOw==\" style=\"--smush-placeholder-width: 819px; --smush-placeholder-aspect-ratio: 819\/1024;\" \/><noscript><img loading=\"lazy\" decoding=\"async\" width=\"819\" height=\"1024\" src=\"https:\/\/lirolight.com\/wp-content\/uploads\/2025\/11\/iptb5\u7ec6\u8282LOGO-819x1024.jpg\" alt=\"\" class=\"wp-image-9890\" srcset=\"https:\/\/lirolight.com\/wp-content\/uploads\/2025\/11\/iptb5\u7ec6\u8282LOGO-819x1024.jpg 819w, https:\/\/lirolight.com\/wp-content\/uploads\/2025\/11\/iptb5\u7ec6\u8282LOGO-240x300.jpg 240w, https:\/\/lirolight.com\/wp-content\/uploads\/2025\/11\/iptb5\u7ec6\u8282LOGO-768x960.jpg 768w, https:\/\/lirolight.com\/wp-content\/uploads\/2025\/11\/iptb5\u7ec6\u8282LOGO-1229x1536.jpg 1229w, https:\/\/lirolight.com\/wp-content\/uploads\/2025\/11\/iptb5\u7ec6\u8282LOGO-1638x2048.jpg 1638w, https:\/\/lirolight.com\/wp-content\/uploads\/2025\/11\/iptb5\u7ec6\u8282LOGO-10x12.jpg 10w, https:\/\/lirolight.com\/wp-content\/uploads\/2025\/11\/iptb5\u7ec6\u8282LOGO-990x1238.jpg 990w, https:\/\/lirolight.com\/wp-content\/uploads\/2025\/11\/iptb5\u7ec6\u8282LOGO-441x551.jpg 441w, https:\/\/lirolight.com\/wp-content\/uploads\/2025\/11\/iptb5\u7ec6\u8282LOGO-300x375.jpg 300w, https:\/\/lirolight.com\/wp-content\/uploads\/2025\/11\/iptb5\u7ec6\u8282LOGO-800x1000.jpg 800w, https:\/\/lirolight.com\/wp-content\/uploads\/2025\/11\/iptb5\u7ec6\u8282LOGO-150x188.jpg 150w, https:\/\/lirolight.com\/wp-content\/uploads\/2025\/11\/iptb5\u7ec6\u8282LOGO-32x40.jpg 32w, https:\/\/lirolight.com\/wp-content\/uploads\/2025\/11\/iptb5\u7ec6\u8282LOGO-scaled.jpg 2048w\" sizes=\"(max-width: 819px) 100vw, 819px\" \/><\/noscript><\/figure>\n\n\n\n<h2 class=\"wp-block-heading\">Especifica\u00e7\u00e3o:<\/h2>\n\n\n\n<ul class=\"wp-block-list\">\n<li>Faixa de tens\u00e3o de entrada: 100-240V~ 50\/60Hz<\/li>\n\n\n\n<li>Consumo de energia: 935W<\/li>\n\n\n\n<li>Fonte de luz:<\/li>\n\n\n\n<li>Luz principal: 5 LEDs RGBL de 120 W<\/li>\n\n\n\n<li>C\u00edrculo externo: 120 LEDs RGB de 0,5 W<\/li>\n\n\n\n<li>Sa\u00edda total de l\u00famens da lumin\u00e1ria: 13.000 l\u00famens<\/li>\n\n\n\n<li>Expectativa de vida: 20.000 horas<\/li>\n\n\n\n<li>\u00c2ngulos de feixe: 3\u00b0-30\u00b0<\/li>\n\n\n\n<li>\u00c2ngulos de campo: 4\u00b0-35\u00b0<\/li>\n\n\n\n<li>Movimento panor\u00e2mico: 59\u00b0<\/li>\n\n\n\n<li>Movimento de inclina\u00e7\u00e3o: 221\u00b0.<\/li>\n\n\n\n<li>Controle e programa\u00e7\u00e3o: painel de controle sens\u00edvel ao toque com 4 bot\u00f5es<\/li>\n\n\n\n<li>Tela: Tela LCD<\/li>\n\n\n\n<li>Protocolos: DMX512\/Master-Slave\/Auto Run\/RDM\/Manual<\/li>\n\n\n\n<li>Canais de controle: 21CH\/41CH \/71CH\/75CH\/85CH\/170CH<\/li>\n\n\n\n<li>Dimmer: ajuste de 0-100% de dimeriza\u00e7\u00e3o<\/li>\n\n\n\n<li>Tamanho da lumin\u00e1ria:1002<em>196<\/em>334 mm<\/li>\n\n\n\n<li>Peso l\u00edquido: 26,6 kg<\/li>\n\n\n\n<li>Grau de prote\u00e7\u00e3o: IP33<\/li>\n\n\n\n<li>Pode ser emendado<\/li>\n\n\n\n<li>Conector True1<\/li>\n\n\n\n<li><strong>Classifica\u00e7\u00e3o IP: IP66<\/strong><\/li>\n<\/ul>\n\n\n\n<h2 class=\"wp-block-heading\"><strong>Par\u00e2metros:<\/strong><\/h2>\n\n\n\n<figure class=\"wp-block-table\"><table class=\"has-fixed-layout\"><tbody><tr><td>Tens\u00e3o ampla<\/td><td>AC100-240V, 50\/60Hz<\/td><\/tr><tr><td>Tempo de vida<\/td><td>50.000 horas<\/td><\/tr><tr><td>Pot\u00eancia<\/td><td>935W<\/td><\/tr><tr><td>Fonte de LED<\/td><td>5 x 120W LEDs RGBL + 120 x 0,5W LEDs RGB C\u00edrculo externo<\/td><\/tr><tr><td>Dimeriza\u00e7\u00e3o<\/td><td>4 curvas de dimeriza\u00e7\u00e3o com dimeriza\u00e7\u00e3o de 0~100%<\/td><\/tr><tr><td>Canais de controle:<\/td><td>21CH\/41CH \/71CH\/75CH\/85CH\/170CH<\/td><\/tr><tr><td>Tela<\/td><td>Tela LCD<\/td><\/tr><tr><td>Modo de conex\u00e3o<\/td><td>DMX\/RDM\/Mestre-escravo\/Auto\/Artnet<\/td><\/tr><tr><td>Entrada\/sa\u00edda do PowerCon<\/td><td>Conector True1<\/td><\/tr><tr><td>Classifica\u00e7\u00e3o IP<\/td><td>IP66<\/td><\/tr><tr><td>Peso l\u00edquido<\/td><td>26,4KG<\/td><\/tr><\/tbody><\/table><\/figure>\n\n\n\n<h2 class=\"wp-block-heading has-medium-font-size\">Hor\u00e1rio do show:<\/h2>\n\n\n\n<figure class=\"wp-block-image size-large\"><img loading=\"lazy\" decoding=\"async\" width=\"1024\" height=\"632\" data-src=\"https:\/\/lirolight.com\/wp-content\/uploads\/2025\/11\/7-1024x632.jpg\" alt=\"\" class=\"wp-image-9897 lazyload\" data-srcset=\"https:\/\/lirolight.com\/wp-content\/uploads\/2025\/11\/7-1024x632.jpg 1024w, https:\/\/lirolight.com\/wp-content\/uploads\/2025\/11\/7-300x185.jpg 300w, https:\/\/lirolight.com\/wp-content\/uploads\/2025\/11\/7-768x474.jpg 768w, https:\/\/lirolight.com\/wp-content\/uploads\/2025\/11\/7-18x12.jpg 18w, https:\/\/lirolight.com\/wp-content\/uploads\/2025\/11\/7-990x611.jpg 990w, https:\/\/lirolight.com\/wp-content\/uploads\/2025\/11\/7-441x272.jpg 441w, https:\/\/lirolight.com\/wp-content\/uploads\/2025\/11\/7-800x494.jpg 800w, https:\/\/lirolight.com\/wp-content\/uploads\/2025\/11\/7-150x93.jpg 150w, https:\/\/lirolight.com\/wp-content\/uploads\/2025\/11\/7-60x37.jpg 60w, https:\/\/lirolight.com\/wp-content\/uploads\/2025\/11\/7.jpg 1149w\" data-sizes=\"(max-width: 1024px) 100vw, 1024px\" src=\"data:image\/gif;base64,R0lGODlhAQABAAAAACH5BAEKAAEALAAAAAABAAEAAAICTAEAOw==\" style=\"--smush-placeholder-width: 1024px; --smush-placeholder-aspect-ratio: 1024\/632;\" \/><noscript><img loading=\"lazy\" decoding=\"async\" width=\"1024\" height=\"632\" src=\"https:\/\/lirolight.com\/wp-content\/uploads\/2025\/11\/7-1024x632.jpg\" alt=\"\" class=\"wp-image-9897\" srcset=\"https:\/\/lirolight.com\/wp-content\/uploads\/2025\/11\/7-1024x632.jpg 1024w, https:\/\/lirolight.com\/wp-content\/uploads\/2025\/11\/7-300x185.jpg 300w, https:\/\/lirolight.com\/wp-content\/uploads\/2025\/11\/7-768x474.jpg 768w, https:\/\/lirolight.com\/wp-content\/uploads\/2025\/11\/7-18x12.jpg 18w, https:\/\/lirolight.com\/wp-content\/uploads\/2025\/11\/7-990x611.jpg 990w, https:\/\/lirolight.com\/wp-content\/uploads\/2025\/11\/7-441x272.jpg 441w, https:\/\/lirolight.com\/wp-content\/uploads\/2025\/11\/7-800x494.jpg 800w, https:\/\/lirolight.com\/wp-content\/uploads\/2025\/11\/7-150x93.jpg 150w, https:\/\/lirolight.com\/wp-content\/uploads\/2025\/11\/7-60x37.jpg 60w, https:\/\/lirolight.com\/wp-content\/uploads\/2025\/11\/7.jpg 1149w\" sizes=\"(max-width: 1024px) 100vw, 1024px\" \/><\/noscript><\/figure>\n\n\n\n<figure class=\"wp-block-image size-large\"><img loading=\"lazy\" decoding=\"async\" width=\"1024\" height=\"586\" data-src=\"https:\/\/lirolight.com\/wp-content\/uploads\/2025\/11\/3-1024x586.jpg\" alt=\"\" class=\"wp-image-9895 lazyload\" data-srcset=\"https:\/\/lirolight.com\/wp-content\/uploads\/2025\/11\/3-1024x586.jpg 1024w, https:\/\/lirolight.com\/wp-content\/uploads\/2025\/11\/3-300x172.jpg 300w, https:\/\/lirolight.com\/wp-content\/uploads\/2025\/11\/3-768x439.jpg 768w, https:\/\/lirolight.com\/wp-content\/uploads\/2025\/11\/3-18x10.jpg 18w, https:\/\/lirolight.com\/wp-content\/uploads\/2025\/11\/3-990x566.jpg 990w, https:\/\/lirolight.com\/wp-content\/uploads\/2025\/11\/3-441x252.jpg 441w, https:\/\/lirolight.com\/wp-content\/uploads\/2025\/11\/3-800x458.jpg 800w, https:\/\/lirolight.com\/wp-content\/uploads\/2025\/11\/3-150x86.jpg 150w, https:\/\/lirolight.com\/wp-content\/uploads\/2025\/11\/3-60x34.jpg 60w, https:\/\/lirolight.com\/wp-content\/uploads\/2025\/11\/3.jpg 1180w\" data-sizes=\"(max-width: 1024px) 100vw, 1024px\" src=\"data:image\/gif;base64,R0lGODlhAQABAAAAACH5BAEKAAEALAAAAAABAAEAAAICTAEAOw==\" style=\"--smush-placeholder-width: 1024px; --smush-placeholder-aspect-ratio: 1024\/586;\" \/><noscript><img loading=\"lazy\" decoding=\"async\" width=\"1024\" height=\"586\" src=\"https:\/\/lirolight.com\/wp-content\/uploads\/2025\/11\/3-1024x586.jpg\" alt=\"\" class=\"wp-image-9895\" srcset=\"https:\/\/lirolight.com\/wp-content\/uploads\/2025\/11\/3-1024x586.jpg 1024w, https:\/\/lirolight.com\/wp-content\/uploads\/2025\/11\/3-300x172.jpg 300w, https:\/\/lirolight.com\/wp-content\/uploads\/2025\/11\/3-768x439.jpg 768w, https:\/\/lirolight.com\/wp-content\/uploads\/2025\/11\/3-18x10.jpg 18w, https:\/\/lirolight.com\/wp-content\/uploads\/2025\/11\/3-990x566.jpg 990w, https:\/\/lirolight.com\/wp-content\/uploads\/2025\/11\/3-441x252.jpg 441w, https:\/\/lirolight.com\/wp-content\/uploads\/2025\/11\/3-800x458.jpg 800w, https:\/\/lirolight.com\/wp-content\/uploads\/2025\/11\/3-150x86.jpg 150w, https:\/\/lirolight.com\/wp-content\/uploads\/2025\/11\/3-60x34.jpg 60w, https:\/\/lirolight.com\/wp-content\/uploads\/2025\/11\/3.jpg 1180w\" sizes=\"(max-width: 1024px) 100vw, 1024px\" \/><\/noscript><\/figure>\n\n\n\n<figure class=\"wp-block-image size-large\"><img loading=\"lazy\" decoding=\"async\" width=\"1024\" height=\"537\" data-src=\"https:\/\/lirolight.com\/wp-content\/uploads\/2025\/11\/6-1024x537.jpg\" alt=\"\" class=\"wp-image-9896 lazyload\" data-srcset=\"https:\/\/lirolight.com\/wp-content\/uploads\/2025\/11\/6-1024x537.jpg 1024w, https:\/\/lirolight.com\/wp-content\/uploads\/2025\/11\/6-300x157.jpg 300w, https:\/\/lirolight.com\/wp-content\/uploads\/2025\/11\/6-768x403.jpg 768w, https:\/\/lirolight.com\/wp-content\/uploads\/2025\/11\/6-18x9.jpg 18w, https:\/\/lirolight.com\/wp-content\/uploads\/2025\/11\/6-990x519.jpg 990w, https:\/\/lirolight.com\/wp-content\/uploads\/2025\/11\/6-441x231.jpg 441w, https:\/\/lirolight.com\/wp-content\/uploads\/2025\/11\/6-800x420.jpg 800w, https:\/\/lirolight.com\/wp-content\/uploads\/2025\/11\/6-150x79.jpg 150w, https:\/\/lirolight.com\/wp-content\/uploads\/2025\/11\/6-60x31.jpg 60w, https:\/\/lirolight.com\/wp-content\/uploads\/2025\/11\/6.jpg 1289w\" data-sizes=\"(max-width: 1024px) 100vw, 1024px\" src=\"data:image\/gif;base64,R0lGODlhAQABAAAAACH5BAEKAAEALAAAAAABAAEAAAICTAEAOw==\" style=\"--smush-placeholder-width: 1024px; --smush-placeholder-aspect-ratio: 1024\/537;\" \/><noscript><img loading=\"lazy\" decoding=\"async\" width=\"1024\" height=\"537\" src=\"https:\/\/lirolight.com\/wp-content\/uploads\/2025\/11\/6-1024x537.jpg\" alt=\"\" class=\"wp-image-9896\" srcset=\"https:\/\/lirolight.com\/wp-content\/uploads\/2025\/11\/6-1024x537.jpg 1024w, https:\/\/lirolight.com\/wp-content\/uploads\/2025\/11\/6-300x157.jpg 300w, https:\/\/lirolight.com\/wp-content\/uploads\/2025\/11\/6-768x403.jpg 768w, https:\/\/lirolight.com\/wp-content\/uploads\/2025\/11\/6-18x9.jpg 18w, https:\/\/lirolight.com\/wp-content\/uploads\/2025\/11\/6-990x519.jpg 990w, https:\/\/lirolight.com\/wp-content\/uploads\/2025\/11\/6-441x231.jpg 441w, https:\/\/lirolight.com\/wp-content\/uploads\/2025\/11\/6-800x420.jpg 800w, https:\/\/lirolight.com\/wp-content\/uploads\/2025\/11\/6-150x79.jpg 150w, https:\/\/lirolight.com\/wp-content\/uploads\/2025\/11\/6-60x31.jpg 60w, https:\/\/lirolight.com\/wp-content\/uploads\/2025\/11\/6.jpg 1289w\" sizes=\"(max-width: 1024px) 100vw, 1024px\" \/><\/noscript><\/figure>\n\n\n\n<figure class=\"wp-block-image size-large\"><img loading=\"lazy\" decoding=\"async\" width=\"1024\" height=\"537\" data-src=\"https:\/\/lirolight.com\/wp-content\/uploads\/2025\/11\/2-1024x537.jpg\" alt=\"\" class=\"wp-image-9894 lazyload\" data-srcset=\"https:\/\/lirolight.com\/wp-content\/uploads\/2025\/11\/2-1024x537.jpg 1024w, https:\/\/lirolight.com\/wp-content\/uploads\/2025\/11\/2-300x157.jpg 300w, https:\/\/lirolight.com\/wp-content\/uploads\/2025\/11\/2-768x403.jpg 768w, https:\/\/lirolight.com\/wp-content\/uploads\/2025\/11\/2-18x9.jpg 18w, https:\/\/lirolight.com\/wp-content\/uploads\/2025\/11\/2-990x519.jpg 990w, https:\/\/lirolight.com\/wp-content\/uploads\/2025\/11\/2-441x231.jpg 441w, https:\/\/lirolight.com\/wp-content\/uploads\/2025\/11\/2-800x420.jpg 800w, https:\/\/lirolight.com\/wp-content\/uploads\/2025\/11\/2-150x79.jpg 150w, https:\/\/lirolight.com\/wp-content\/uploads\/2025\/11\/2-60x31.jpg 60w, https:\/\/lirolight.com\/wp-content\/uploads\/2025\/11\/2.jpg 1289w\" data-sizes=\"(max-width: 1024px) 100vw, 1024px\" src=\"data:image\/gif;base64,R0lGODlhAQABAAAAACH5BAEKAAEALAAAAAABAAEAAAICTAEAOw==\" style=\"--smush-placeholder-width: 1024px; --smush-placeholder-aspect-ratio: 1024\/537;\" \/><noscript><img loading=\"lazy\" decoding=\"async\" width=\"1024\" height=\"537\" src=\"https:\/\/lirolight.com\/wp-content\/uploads\/2025\/11\/2-1024x537.jpg\" alt=\"\" class=\"wp-image-9894\" srcset=\"https:\/\/lirolight.com\/wp-content\/uploads\/2025\/11\/2-1024x537.jpg 1024w, https:\/\/lirolight.com\/wp-content\/uploads\/2025\/11\/2-300x157.jpg 300w, https:\/\/lirolight.com\/wp-content\/uploads\/2025\/11\/2-768x403.jpg 768w, https:\/\/lirolight.com\/wp-content\/uploads\/2025\/11\/2-18x9.jpg 18w, https:\/\/lirolight.com\/wp-content\/uploads\/2025\/11\/2-990x519.jpg 990w, https:\/\/lirolight.com\/wp-content\/uploads\/2025\/11\/2-441x231.jpg 441w, https:\/\/lirolight.com\/wp-content\/uploads\/2025\/11\/2-800x420.jpg 800w, https:\/\/lirolight.com\/wp-content\/uploads\/2025\/11\/2-150x79.jpg 150w, https:\/\/lirolight.com\/wp-content\/uploads\/2025\/11\/2-60x31.jpg 60w, https:\/\/lirolight.com\/wp-content\/uploads\/2025\/11\/2.jpg 1289w\" sizes=\"(max-width: 1024px) 100vw, 1024px\" \/><\/noscript><\/figure>\n\n\n\n<h2 class=\"wp-block-heading\">Link do v\u00eddeo:<\/h2>\n\n\n\n<p><a href=\"https:\/\/www.instagram.com\/p\/DRMWA_XEivw\" target=\"_blank\" rel=\"noopener\">https:\/\/www.instagram.com\/p\/DRMWA_XEivw<\/a><\/p>\n\n\n\n<p><a href=\"https:\/\/www.instagram.com\/p\/DRRbT30EnPT\" target=\"_blank\" rel=\"noopener\">https:\/\/www.instagram.com\/p\/DRRbT30EnPT<\/a><\/p>\n\n\n\n<p>Controle da Artnet:<\/p>\n\n\n\n<p><a href=\"https:\/\/www.instagram.com\/p\/DRa8DeIEvNk\" target=\"_blank\" rel=\"noopener\">https:\/\/www.instagram.com\/p\/DRa8DeIEvNk<\/a><\/p>","protected":false},"excerpt":{"rendered":"<p>O Tornado TB5 tem 5*120W RGBL LEDs potentes como fonte de luz principal, complementados por 120*0,5W RGB LEDs no anel externo, combinando alto desempenho e versatilidade. O \u00e2ngulo do feixe \u00e9 de 3\u00b0-30\u00b0 e o \u00e2ngulo do ponto \u00e9 de 4\u00b0-35\u00b0. A fun\u00e7\u00e3o de foco linear r\u00e1pido faz com que ele produza um efeito de feixe n\u00edtido e saturado, garantindo que seus efeitos visuais sejam apresentados com vitalidade suficiente. Com excelentes efeitos de mistura de cores, excelentes efeitos macro de cores e estrutura de foco linear.<\/p>","protected":false},"featured_media":9893,"comment_status":"open","ping_status":"closed","template":"","meta":[],"product_brand":[],"product_cat":[53,51],"product_tag":[493,194,107,115,160,73,195,492],"class_list":{"0":"post-9889","1":"product","2":"type-product","3":"status-publish","4":"has-post-thumbnail","6":"product_cat-ip-wash","7":"product_cat-waterproof-series","8":"product_tag-ip-tornado-tb5","9":"product_tag-led-bar-light","10":"product_tag-movinghead","11":"product_tag-movingheadlights","12":"product_tag-stagelights","13":"product_tag-wash","14":"product_tag-wash-moving-head","15":"product_tag-waterproof-wash-moving-head-light","17":"first","18":"instock","19":"shipping-taxable","20":"product-type-simple"},"_links":{"self":[{"href":"https:\/\/lirolight.com\/pt\/wp-json\/wp\/v2\/product\/9889","targetHints":{"allow":["GET"]}}],"collection":[{"href":"https:\/\/lirolight.com\/pt\/wp-json\/wp\/v2\/product"}],"about":[{"href":"https:\/\/lirolight.com\/pt\/wp-json\/wp\/v2\/types\/product"}],"replies":[{"embeddable":true,"href":"https:\/\/lirolight.com\/pt\/wp-json\/wp\/v2\/comments?post=9889"}],"version-history":[{"count":5,"href":"https:\/\/lirolight.com\/pt\/wp-json\/wp\/v2\/product\/9889\/revisions"}],"predecessor-version":[{"id":10454,"href":"https:\/\/lirolight.com\/pt\/wp-json\/wp\/v2\/product\/9889\/revisions\/10454"}],"wp:featuredmedia":[{"embeddable":true,"href":"https:\/\/lirolight.com\/pt\/wp-json\/wp\/v2\/media\/9893"}],"wp:attachment":[{"href":"https:\/\/lirolight.com\/pt\/wp-json\/wp\/v2\/media?parent=9889"}],"wp:term":[{"taxonomy":"product_brand","embeddable":true,"href":"https:\/\/lirolight.com\/pt\/wp-json\/wp\/v2\/product_brand?post=9889"},{"taxonomy":"product_cat","embeddable":true,"href":"https:\/\/lirolight.com\/pt\/wp-json\/wp\/v2\/product_cat?post=9889"},{"taxonomy":"product_tag","embeddable":true,"href":"https:\/\/lirolight.com\/pt\/wp-json\/wp\/v2\/product_tag?post=9889"}],"curies":[{"name":"wp","href":"https:\/\/api.w.org\/{rel}","templated":true}]}}