{"id":9915,"date":"2025-11-21T08:54:33","date_gmt":"2025-11-21T08:54:33","guid":{"rendered":"https:\/\/lirolight.com\/?post_type=product&#038;p=9915"},"modified":"2026-01-12T07:49:38","modified_gmt":"2026-01-12T07:49:38","slug":"liro-lite-ip65-new-waterproof-laser-beam-300w-moving-head-lights","status":"publish","type":"product","link":"https:\/\/lirolight.com\/pt\/produto\/liro-lite-ip65-new-waterproof-laser-beam-300w-moving-head-lights\/","title":{"rendered":"LiRO-LITE IP65 Novo feixe de laser \u00e0 prova d'\u00e1gua 300w Luzes de cabe\u00e7a m\u00f3vel"},"content":{"rendered":"<h2 class=\"wp-block-heading\"><strong><mark style=\"background-color:#000000\" class=\"has-inline-color has-white-color\">LR-IP BEAM300<\/mark> <\/strong>                  <\/h2>\n\n\n\n<hr class=\"wp-block-separator has-alpha-channel-opacity\"\/>\n\n\n\n<h2 class=\"wp-block-heading\">Fotos:<\/h2>\n\n\n\n<div class=\"wp-block-columns is-layout-flex wp-container-core-columns-is-layout-28f84493 wp-block-columns-is-layout-flex\">\n<div class=\"wp-block-column is-layout-flow wp-block-column-is-layout-flow\">\n<figure class=\"wp-block-image size-large\"><img fetchpriority=\"high\" decoding=\"async\" width=\"1024\" height=\"1024\" src=\"https:\/\/lirolight.com\/wp-content\/uploads\/2025\/11\/4-1024x1024.png\" alt=\"\" class=\"wp-image-9919\" srcset=\"https:\/\/lirolight.com\/wp-content\/uploads\/2025\/11\/4-1024x1024.png 1024w, https:\/\/lirolight.com\/wp-content\/uploads\/2025\/11\/4-300x300.png 300w, https:\/\/lirolight.com\/wp-content\/uploads\/2025\/11\/4-150x150.png 150w, https:\/\/lirolight.com\/wp-content\/uploads\/2025\/11\/4-768x768.png 768w, https:\/\/lirolight.com\/wp-content\/uploads\/2025\/11\/4-1536x1536.png 1536w, https:\/\/lirolight.com\/wp-content\/uploads\/2025\/11\/4-2048x2048.png 2048w, https:\/\/lirolight.com\/wp-content\/uploads\/2025\/11\/4-12x12.png 12w, https:\/\/lirolight.com\/wp-content\/uploads\/2025\/11\/4-990x990.png 990w, https:\/\/lirolight.com\/wp-content\/uploads\/2025\/11\/4-441x441.png 441w, https:\/\/lirolight.com\/wp-content\/uploads\/2025\/11\/4-100x100.png 100w, https:\/\/lirolight.com\/wp-content\/uploads\/2025\/11\/4-800x800.png 800w, https:\/\/lirolight.com\/wp-content\/uploads\/2025\/11\/4-40x40.png 40w\" sizes=\"(max-width: 1024px) 100vw, 1024px\" \/><\/figure>\n\n\n\n<figure class=\"wp-block-image size-large\"><img decoding=\"async\" width=\"1024\" height=\"1024\" data-src=\"https:\/\/lirolight.com\/wp-content\/uploads\/2025\/11\/6-1024x1024.png\" alt=\"\" class=\"wp-image-9921 lazyload\" data-srcset=\"https:\/\/lirolight.com\/wp-content\/uploads\/2025\/11\/6-1024x1024.png 1024w, https:\/\/lirolight.com\/wp-content\/uploads\/2025\/11\/6-300x300.png 300w, https:\/\/lirolight.com\/wp-content\/uploads\/2025\/11\/6-150x150.png 150w, https:\/\/lirolight.com\/wp-content\/uploads\/2025\/11\/6-768x768.png 768w, https:\/\/lirolight.com\/wp-content\/uploads\/2025\/11\/6-1536x1536.png 1536w, https:\/\/lirolight.com\/wp-content\/uploads\/2025\/11\/6-2048x2048.png 2048w, https:\/\/lirolight.com\/wp-content\/uploads\/2025\/11\/6-12x12.png 12w, https:\/\/lirolight.com\/wp-content\/uploads\/2025\/11\/6-990x990.png 990w, https:\/\/lirolight.com\/wp-content\/uploads\/2025\/11\/6-441x441.png 441w, https:\/\/lirolight.com\/wp-content\/uploads\/2025\/11\/6-100x100.png 100w, https:\/\/lirolight.com\/wp-content\/uploads\/2025\/11\/6-800x800.png 800w, https:\/\/lirolight.com\/wp-content\/uploads\/2025\/11\/6-40x40.png 40w\" data-sizes=\"(max-width: 1024px) 100vw, 1024px\" src=\"data:image\/gif;base64,R0lGODlhAQABAAAAACH5BAEKAAEALAAAAAABAAEAAAICTAEAOw==\" style=\"--smush-placeholder-width: 1024px; --smush-placeholder-aspect-ratio: 1024\/1024;\" \/><noscript><img decoding=\"async\" width=\"1024\" height=\"1024\" src=\"https:\/\/lirolight.com\/wp-content\/uploads\/2025\/11\/6-1024x1024.png\" alt=\"\" class=\"wp-image-9921\" srcset=\"https:\/\/lirolight.com\/wp-content\/uploads\/2025\/11\/6-1024x1024.png 1024w, https:\/\/lirolight.com\/wp-content\/uploads\/2025\/11\/6-300x300.png 300w, https:\/\/lirolight.com\/wp-content\/uploads\/2025\/11\/6-150x150.png 150w, https:\/\/lirolight.com\/wp-content\/uploads\/2025\/11\/6-768x768.png 768w, https:\/\/lirolight.com\/wp-content\/uploads\/2025\/11\/6-1536x1536.png 1536w, https:\/\/lirolight.com\/wp-content\/uploads\/2025\/11\/6-2048x2048.png 2048w, https:\/\/lirolight.com\/wp-content\/uploads\/2025\/11\/6-12x12.png 12w, https:\/\/lirolight.com\/wp-content\/uploads\/2025\/11\/6-990x990.png 990w, https:\/\/lirolight.com\/wp-content\/uploads\/2025\/11\/6-441x441.png 441w, https:\/\/lirolight.com\/wp-content\/uploads\/2025\/11\/6-100x100.png 100w, https:\/\/lirolight.com\/wp-content\/uploads\/2025\/11\/6-800x800.png 800w, https:\/\/lirolight.com\/wp-content\/uploads\/2025\/11\/6-40x40.png 40w\" sizes=\"(max-width: 1024px) 100vw, 1024px\" \/><\/noscript><\/figure>\n<\/div>\n\n\n\n<div class=\"wp-block-column is-layout-flow wp-block-column-is-layout-flow\">\n<figure class=\"wp-block-image size-large\"><img decoding=\"async\" width=\"1024\" height=\"1024\" data-src=\"https:\/\/lirolight.com\/wp-content\/uploads\/2025\/11\/3-1024x1024.png\" alt=\"\" class=\"wp-image-9918 lazyload\" data-srcset=\"https:\/\/lirolight.com\/wp-content\/uploads\/2025\/11\/3-1024x1024.png 1024w, https:\/\/lirolight.com\/wp-content\/uploads\/2025\/11\/3-300x300.png 300w, https:\/\/lirolight.com\/wp-content\/uploads\/2025\/11\/3-150x150.png 150w, https:\/\/lirolight.com\/wp-content\/uploads\/2025\/11\/3-768x768.png 768w, https:\/\/lirolight.com\/wp-content\/uploads\/2025\/11\/3-1536x1536.png 1536w, https:\/\/lirolight.com\/wp-content\/uploads\/2025\/11\/3-2048x2048.png 2048w, https:\/\/lirolight.com\/wp-content\/uploads\/2025\/11\/3-12x12.png 12w, https:\/\/lirolight.com\/wp-content\/uploads\/2025\/11\/3-990x990.png 990w, https:\/\/lirolight.com\/wp-content\/uploads\/2025\/11\/3-441x441.png 441w, https:\/\/lirolight.com\/wp-content\/uploads\/2025\/11\/3-100x100.png 100w, https:\/\/lirolight.com\/wp-content\/uploads\/2025\/11\/3-800x800.png 800w, https:\/\/lirolight.com\/wp-content\/uploads\/2025\/11\/3-40x40.png 40w\" data-sizes=\"(max-width: 1024px) 100vw, 1024px\" src=\"data:image\/gif;base64,R0lGODlhAQABAAAAACH5BAEKAAEALAAAAAABAAEAAAICTAEAOw==\" style=\"--smush-placeholder-width: 1024px; --smush-placeholder-aspect-ratio: 1024\/1024;\" \/><noscript><img decoding=\"async\" width=\"1024\" height=\"1024\" src=\"https:\/\/lirolight.com\/wp-content\/uploads\/2025\/11\/3-1024x1024.png\" alt=\"\" class=\"wp-image-9918\" srcset=\"https:\/\/lirolight.com\/wp-content\/uploads\/2025\/11\/3-1024x1024.png 1024w, https:\/\/lirolight.com\/wp-content\/uploads\/2025\/11\/3-300x300.png 300w, https:\/\/lirolight.com\/wp-content\/uploads\/2025\/11\/3-150x150.png 150w, https:\/\/lirolight.com\/wp-content\/uploads\/2025\/11\/3-768x768.png 768w, https:\/\/lirolight.com\/wp-content\/uploads\/2025\/11\/3-1536x1536.png 1536w, https:\/\/lirolight.com\/wp-content\/uploads\/2025\/11\/3-2048x2048.png 2048w, https:\/\/lirolight.com\/wp-content\/uploads\/2025\/11\/3-12x12.png 12w, https:\/\/lirolight.com\/wp-content\/uploads\/2025\/11\/3-990x990.png 990w, https:\/\/lirolight.com\/wp-content\/uploads\/2025\/11\/3-441x441.png 441w, https:\/\/lirolight.com\/wp-content\/uploads\/2025\/11\/3-100x100.png 100w, https:\/\/lirolight.com\/wp-content\/uploads\/2025\/11\/3-800x800.png 800w, https:\/\/lirolight.com\/wp-content\/uploads\/2025\/11\/3-40x40.png 40w\" sizes=\"(max-width: 1024px) 100vw, 1024px\" \/><\/noscript><\/figure>\n\n\n\n<figure class=\"wp-block-image size-large\"><img loading=\"lazy\" decoding=\"async\" width=\"1024\" height=\"1024\" data-src=\"https:\/\/lirolight.com\/wp-content\/uploads\/2025\/11\/2-1024x1024.png\" alt=\"\" class=\"wp-image-9917 lazyload\" data-srcset=\"https:\/\/lirolight.com\/wp-content\/uploads\/2025\/11\/2-1024x1024.png 1024w, https:\/\/lirolight.com\/wp-content\/uploads\/2025\/11\/2-300x300.png 300w, https:\/\/lirolight.com\/wp-content\/uploads\/2025\/11\/2-150x150.png 150w, https:\/\/lirolight.com\/wp-content\/uploads\/2025\/11\/2-768x768.png 768w, https:\/\/lirolight.com\/wp-content\/uploads\/2025\/11\/2-1536x1536.png 1536w, https:\/\/lirolight.com\/wp-content\/uploads\/2025\/11\/2-2048x2048.png 2048w, https:\/\/lirolight.com\/wp-content\/uploads\/2025\/11\/2-12x12.png 12w, https:\/\/lirolight.com\/wp-content\/uploads\/2025\/11\/2-990x990.png 990w, https:\/\/lirolight.com\/wp-content\/uploads\/2025\/11\/2-441x441.png 441w, https:\/\/lirolight.com\/wp-content\/uploads\/2025\/11\/2-100x100.png 100w, https:\/\/lirolight.com\/wp-content\/uploads\/2025\/11\/2-800x800.png 800w, https:\/\/lirolight.com\/wp-content\/uploads\/2025\/11\/2-40x40.png 40w\" data-sizes=\"(max-width: 1024px) 100vw, 1024px\" src=\"data:image\/gif;base64,R0lGODlhAQABAAAAACH5BAEKAAEALAAAAAABAAEAAAICTAEAOw==\" style=\"--smush-placeholder-width: 1024px; --smush-placeholder-aspect-ratio: 1024\/1024;\" \/><noscript><img loading=\"lazy\" decoding=\"async\" width=\"1024\" height=\"1024\" src=\"https:\/\/lirolight.com\/wp-content\/uploads\/2025\/11\/2-1024x1024.png\" alt=\"\" class=\"wp-image-9917\" srcset=\"https:\/\/lirolight.com\/wp-content\/uploads\/2025\/11\/2-1024x1024.png 1024w, https:\/\/lirolight.com\/wp-content\/uploads\/2025\/11\/2-300x300.png 300w, https:\/\/lirolight.com\/wp-content\/uploads\/2025\/11\/2-150x150.png 150w, https:\/\/lirolight.com\/wp-content\/uploads\/2025\/11\/2-768x768.png 768w, https:\/\/lirolight.com\/wp-content\/uploads\/2025\/11\/2-1536x1536.png 1536w, https:\/\/lirolight.com\/wp-content\/uploads\/2025\/11\/2-2048x2048.png 2048w, https:\/\/lirolight.com\/wp-content\/uploads\/2025\/11\/2-12x12.png 12w, https:\/\/lirolight.com\/wp-content\/uploads\/2025\/11\/2-990x990.png 990w, https:\/\/lirolight.com\/wp-content\/uploads\/2025\/11\/2-441x441.png 441w, https:\/\/lirolight.com\/wp-content\/uploads\/2025\/11\/2-100x100.png 100w, https:\/\/lirolight.com\/wp-content\/uploads\/2025\/11\/2-800x800.png 800w, https:\/\/lirolight.com\/wp-content\/uploads\/2025\/11\/2-40x40.png 40w\" sizes=\"(max-width: 1024px) 100vw, 1024px\" \/><\/noscript><\/figure>\n<\/div>\n<\/div>\n\n\n\n<div class=\"wp-block-columns is-layout-flex wp-container-core-columns-is-layout-28f84493 wp-block-columns-is-layout-flex\">\n<div class=\"wp-block-column is-layout-flow wp-block-column-is-layout-flow\"><\/div>\n\n\n\n<div class=\"wp-block-column is-layout-flow wp-block-column-is-layout-flow\"><\/div>\n<\/div>\n\n\n\n<h2 class=\"wp-block-heading\">Especifica\u00e7\u00e3o:<\/h2>\n\n\n\n<ul class=\"wp-block-list\">\n<li>Recursos: A mais recente placa-m\u00e3e de terceira gera\u00e7\u00e3o, compat\u00edvel com RDM e com telas program\u00e1veis. <\/li>\n\n\n\n<li>Pot\u00eancia: 380W<\/li>\n\n\n\n<li>Temperatura de cor: 13000k<\/li>\n\n\n\n<li>Fonte de luz: M\u00f3dulo de laser de 300W<\/li>\n\n\n\n<li>Lente \u00f3ptica: 180 mm<\/li>\n\n\n\n<li>CMY: CMY linear <\/li>\n\n\n\n<li>Vida \u00fatil da fonte de luz: 15.000 horas<\/li>\n\n\n\n<li>Canais: 19\/21 canais DMX512 de padr\u00e3o internacional<\/li>\n\n\n\n<li>Tens\u00e3o: AC 110V~240V\/50~60Hz<\/li>\n\n\n\n<li>Cores: 17 cores + efeito arco-\u00edris + efeito de neblina independente<\/li>\n\n\n\n<li>Padr\u00f5es: 29 padr\u00f5es fixos + 1 luz branca<\/li>\n\n\n\n<li>Focaliza\u00e7\u00e3o: Foco linear eletr\u00f4nico de alta defini\u00e7\u00e3o<\/li>\n\n\n\n<li>Prismas: 1 prisma octogonal, 1 espelho<\/li>\n\n\n\n<li>\u00c2ngulo do feixe: 0,8 graus, feixe n\u00edtido e potente<\/li>\n\n\n\n<li>Modos de controle: DMX512 cena\/master\/slave\/autom\u00e1tico<\/li>\n\n\n\n<li>\u00cdndice de prote\u00e7\u00e3o: IP65<\/li>\n\n\n\n<li>Longa dist\u00e2ncia do feixe de laser e penetra\u00e7\u00e3o extremamente forte<\/li>\n\n\n\n<li>Apar\u00eancia: Alum\u00ednio fundido sob press\u00e3o + liga de magn\u00e9sio + pl\u00e1stico<\/li>\n\n\n\n<li>Dimens\u00f5es da l\u00e2mpada: 360x<em>292<\/em>x623mm<\/li>\n\n\n\n<li>Peso l\u00edquido: 23 kg <\/li>\n\n\n\n<li>20 metros: Ilumin\u00e2ncia 170.000 lux<\/li>\n\n\n\n<li>10 metros: Ilumin\u00e2ncia 680.000 lux<\/li>\n<\/ul>\n\n\n\n<h2 class=\"wp-block-heading\"><strong>Par\u00e2metros:<\/strong><\/h2>\n\n\n\n<figure class=\"wp-block-table\"><table class=\"has-fixed-layout\"><tbody><tr><td>Tens\u00e3o ampla<\/td><td>AC100-240V, 50\/60Hz<\/td><\/tr><tr><td>Tempo de vida<\/td><td>50.000 horas<\/td><\/tr><tr><td>Pot\u00eancia<\/td><td>380W<\/td><\/tr><tr><td>Fonte de LED<\/td><td>M\u00f3dulo de laser de 300 W<\/td><\/tr><tr><td>Lente \u00f3ptica<\/td><td>180 mm<\/td><\/tr><tr><td>CMY<\/td><td>CMY linear <\/td><\/tr><tr><td>Cores<\/td><td>17 cores + efeito arco-\u00edris + efeito de neblina independente<\/td><\/tr><tr><td>Padr\u00f5es<\/td><td>29 padr\u00f5es fixos + 1 luz branca<\/td><\/tr><tr><td>Prismas<\/td><td>8prisma+prisma linear<\/td><\/tr><tr><td>Canais de controle:<\/td><td>19\/21CH<\/td><\/tr><tr><td>Tela<\/td><td>Tela LCD<\/td><\/tr><tr><td>Modo de conex\u00e3o<\/td><td>DMX\/RDM\/Mestre-escravo\/Auto\/Artnet<\/td><\/tr><tr><td>Entrada\/sa\u00edda do PowerCon<\/td><td>Conector True1<\/td><\/tr><tr><td>Classifica\u00e7\u00e3o IP<\/td><td>IP66<\/td><\/tr><tr><td>Peso l\u00edquido<\/td><td>23KG<\/td><\/tr><\/tbody><\/table><\/figure>\n\n\n\n<h2 class=\"wp-block-heading\">Hor\u00e1rio do show:<\/h2>\n\n\n\n<div class=\"wp-block-columns is-layout-flex wp-container-core-columns-is-layout-28f84493 wp-block-columns-is-layout-flex\">\n<div class=\"wp-block-column is-layout-flow wp-block-column-is-layout-flow\">\n<figure class=\"wp-block-image size-large\"><img loading=\"lazy\" decoding=\"async\" width=\"602\" height=\"1024\" data-src=\"https:\/\/lirolight.com\/wp-content\/uploads\/2025\/11\/\u6548\u679c1-602x1024.jpg\" alt=\"\" class=\"wp-image-9923 lazyload\" data-srcset=\"https:\/\/lirolight.com\/wp-content\/uploads\/2025\/11\/\u6548\u679c1-602x1024.jpg 602w, https:\/\/lirolight.com\/wp-content\/uploads\/2025\/11\/\u6548\u679c1-176x300.jpg 176w, https:\/\/lirolight.com\/wp-content\/uploads\/2025\/11\/\u6548\u679c1-768x1307.jpg 768w, https:\/\/lirolight.com\/wp-content\/uploads\/2025\/11\/\u6548\u679c1-903x1536.jpg 903w, https:\/\/lirolight.com\/wp-content\/uploads\/2025\/11\/\u6548\u679c1-7x12.jpg 7w, https:\/\/lirolight.com\/wp-content\/uploads\/2025\/11\/\u6548\u679c1-990x1685.jpg 990w, https:\/\/lirolight.com\/wp-content\/uploads\/2025\/11\/\u6548\u679c1-441x750.jpg 441w, https:\/\/lirolight.com\/wp-content\/uploads\/2025\/11\/\u6548\u679c1-300x511.jpg 300w, https:\/\/lirolight.com\/wp-content\/uploads\/2025\/11\/\u6548\u679c1-800x1361.jpg 800w, https:\/\/lirolight.com\/wp-content\/uploads\/2025\/11\/\u6548\u679c1-150x255.jpg 150w, https:\/\/lirolight.com\/wp-content\/uploads\/2025\/11\/\u6548\u679c1-294x500.jpg 294w, https:\/\/lirolight.com\/wp-content\/uploads\/2025\/11\/\u6548\u679c1-24x40.jpg 24w, https:\/\/lirolight.com\/wp-content\/uploads\/2025\/11\/\u6548\u679c1.jpg 1170w\" data-sizes=\"(max-width: 602px) 100vw, 602px\" src=\"data:image\/gif;base64,R0lGODlhAQABAAAAACH5BAEKAAEALAAAAAABAAEAAAICTAEAOw==\" style=\"--smush-placeholder-width: 602px; --smush-placeholder-aspect-ratio: 602\/1024;\" \/><noscript><img loading=\"lazy\" decoding=\"async\" width=\"602\" height=\"1024\" src=\"https:\/\/lirolight.com\/wp-content\/uploads\/2025\/11\/\u6548\u679c1-602x1024.jpg\" alt=\"\" class=\"wp-image-9923\" srcset=\"https:\/\/lirolight.com\/wp-content\/uploads\/2025\/11\/\u6548\u679c1-602x1024.jpg 602w, https:\/\/lirolight.com\/wp-content\/uploads\/2025\/11\/\u6548\u679c1-176x300.jpg 176w, https:\/\/lirolight.com\/wp-content\/uploads\/2025\/11\/\u6548\u679c1-768x1307.jpg 768w, https:\/\/lirolight.com\/wp-content\/uploads\/2025\/11\/\u6548\u679c1-903x1536.jpg 903w, https:\/\/lirolight.com\/wp-content\/uploads\/2025\/11\/\u6548\u679c1-7x12.jpg 7w, https:\/\/lirolight.com\/wp-content\/uploads\/2025\/11\/\u6548\u679c1-990x1685.jpg 990w, https:\/\/lirolight.com\/wp-content\/uploads\/2025\/11\/\u6548\u679c1-441x750.jpg 441w, https:\/\/lirolight.com\/wp-content\/uploads\/2025\/11\/\u6548\u679c1-300x511.jpg 300w, https:\/\/lirolight.com\/wp-content\/uploads\/2025\/11\/\u6548\u679c1-800x1361.jpg 800w, https:\/\/lirolight.com\/wp-content\/uploads\/2025\/11\/\u6548\u679c1-150x255.jpg 150w, https:\/\/lirolight.com\/wp-content\/uploads\/2025\/11\/\u6548\u679c1-294x500.jpg 294w, https:\/\/lirolight.com\/wp-content\/uploads\/2025\/11\/\u6548\u679c1-24x40.jpg 24w, https:\/\/lirolight.com\/wp-content\/uploads\/2025\/11\/\u6548\u679c1.jpg 1170w\" sizes=\"(max-width: 602px) 100vw, 602px\" \/><\/noscript><\/figure>\n<\/div>\n\n\n\n<div class=\"wp-block-column is-layout-flow wp-block-column-is-layout-flow\">\n<figure class=\"wp-block-image size-large\"><img loading=\"lazy\" decoding=\"async\" width=\"594\" height=\"1024\" data-src=\"https:\/\/lirolight.com\/wp-content\/uploads\/2025\/11\/\u6548\u679c2-594x1024.jpg\" alt=\"\" class=\"wp-image-9924 lazyload\" data-srcset=\"https:\/\/lirolight.com\/wp-content\/uploads\/2025\/11\/\u6548\u679c2-594x1024.jpg 594w, https:\/\/lirolight.com\/wp-content\/uploads\/2025\/11\/\u6548\u679c2-174x300.jpg 174w, https:\/\/lirolight.com\/wp-content\/uploads\/2025\/11\/\u6548\u679c2-768x1324.jpg 768w, https:\/\/lirolight.com\/wp-content\/uploads\/2025\/11\/\u6548\u679c2-891x1536.jpg 891w, https:\/\/lirolight.com\/wp-content\/uploads\/2025\/11\/\u6548\u679c2-7x12.jpg 7w, https:\/\/lirolight.com\/wp-content\/uploads\/2025\/11\/\u6548\u679c2-990x1707.jpg 990w, https:\/\/lirolight.com\/wp-content\/uploads\/2025\/11\/\u6548\u679c2-441x760.jpg 441w, https:\/\/lirolight.com\/wp-content\/uploads\/2025\/11\/\u6548\u679c2-300x517.jpg 300w, https:\/\/lirolight.com\/wp-content\/uploads\/2025\/11\/\u6548\u679c2-800x1379.jpg 800w, https:\/\/lirolight.com\/wp-content\/uploads\/2025\/11\/\u6548\u679c2-150x259.jpg 150w, https:\/\/lirolight.com\/wp-content\/uploads\/2025\/11\/\u6548\u679c2-23x40.jpg 23w, https:\/\/lirolight.com\/wp-content\/uploads\/2025\/11\/\u6548\u679c2.jpg 1170w\" data-sizes=\"(max-width: 594px) 100vw, 594px\" src=\"data:image\/gif;base64,R0lGODlhAQABAAAAACH5BAEKAAEALAAAAAABAAEAAAICTAEAOw==\" style=\"--smush-placeholder-width: 594px; --smush-placeholder-aspect-ratio: 594\/1024;\" \/><noscript><img loading=\"lazy\" decoding=\"async\" width=\"594\" height=\"1024\" src=\"https:\/\/lirolight.com\/wp-content\/uploads\/2025\/11\/\u6548\u679c2-594x1024.jpg\" alt=\"\" class=\"wp-image-9924\" srcset=\"https:\/\/lirolight.com\/wp-content\/uploads\/2025\/11\/\u6548\u679c2-594x1024.jpg 594w, https:\/\/lirolight.com\/wp-content\/uploads\/2025\/11\/\u6548\u679c2-174x300.jpg 174w, https:\/\/lirolight.com\/wp-content\/uploads\/2025\/11\/\u6548\u679c2-768x1324.jpg 768w, https:\/\/lirolight.com\/wp-content\/uploads\/2025\/11\/\u6548\u679c2-891x1536.jpg 891w, https:\/\/lirolight.com\/wp-content\/uploads\/2025\/11\/\u6548\u679c2-7x12.jpg 7w, https:\/\/lirolight.com\/wp-content\/uploads\/2025\/11\/\u6548\u679c2-990x1707.jpg 990w, https:\/\/lirolight.com\/wp-content\/uploads\/2025\/11\/\u6548\u679c2-441x760.jpg 441w, https:\/\/lirolight.com\/wp-content\/uploads\/2025\/11\/\u6548\u679c2-300x517.jpg 300w, https:\/\/lirolight.com\/wp-content\/uploads\/2025\/11\/\u6548\u679c2-800x1379.jpg 800w, https:\/\/lirolight.com\/wp-content\/uploads\/2025\/11\/\u6548\u679c2-150x259.jpg 150w, https:\/\/lirolight.com\/wp-content\/uploads\/2025\/11\/\u6548\u679c2-23x40.jpg 23w, https:\/\/lirolight.com\/wp-content\/uploads\/2025\/11\/\u6548\u679c2.jpg 1170w\" sizes=\"(max-width: 594px) 100vw, 594px\" \/><\/noscript><\/figure>\n<\/div>\n<\/div>\n\n\n\n<p class=\"has-medium-font-size\"><strong>Link do v\u00eddeo:<\/strong><\/p>\n\n\n\n<p><a href=\"https:\/\/www.instagram.com\/p\/DRJv4r7EikG\" target=\"_blank\" rel=\"noopener\">https:\/\/www.instagram.com\/p\/DRJv4r7EikG<\/a><\/p>","protected":false},"excerpt":{"rendered":"<p>LR-IP BEAM300 Pictures: Specification: Parameters: Wide Voltage AC100-240V,50\/60Hz Lifespan 50,000 Hours Power 380W LED Source 300W Laser Module Optical Lens 180mm CMY Linear CMY Colors 17 colors + rainbow effect + independent fog effect Patterns 29 fixed patterns + 1 white light Prisms 8prism+linear prism Control Channels: 19\/21CH Display LCD display Connection mode DMX\/RDM\/Master-slave\/ Auto\/Artnet [&hellip;]<\/p>","protected":false},"featured_media":9919,"comment_status":"open","ping_status":"closed","template":"","meta":[],"product_brand":[],"product_cat":[64,51],"product_tag":[494,497,496,194,107,115,160,495],"class_list":{"0":"post-9915","1":"product","2":"type-product","3":"status-publish","4":"has-post-thumbnail","6":"product_cat-ip-beam-bsw","7":"product_cat-waterproof-series","8":"product_tag-beam-lights","9":"product_tag-beam-moving-head-light","10":"product_tag-laser-light","11":"product_tag-led-bar-light","12":"product_tag-movinghead","13":"product_tag-movingheadlights","14":"product_tag-stagelights","15":"product_tag-waterproof-laser-beam","17":"first","18":"instock","19":"shipping-taxable","20":"product-type-simple"},"_links":{"self":[{"href":"https:\/\/lirolight.com\/pt\/wp-json\/wp\/v2\/product\/9915","targetHints":{"allow":["GET"]}}],"collection":[{"href":"https:\/\/lirolight.com\/pt\/wp-json\/wp\/v2\/product"}],"about":[{"href":"https:\/\/lirolight.com\/pt\/wp-json\/wp\/v2\/types\/product"}],"replies":[{"embeddable":true,"href":"https:\/\/lirolight.com\/pt\/wp-json\/wp\/v2\/comments?post=9915"}],"version-history":[{"count":4,"href":"https:\/\/lirolight.com\/pt\/wp-json\/wp\/v2\/product\/9915\/revisions"}],"predecessor-version":[{"id":10451,"href":"https:\/\/lirolight.com\/pt\/wp-json\/wp\/v2\/product\/9915\/revisions\/10451"}],"wp:featuredmedia":[{"embeddable":true,"href":"https:\/\/lirolight.com\/pt\/wp-json\/wp\/v2\/media\/9919"}],"wp:attachment":[{"href":"https:\/\/lirolight.com\/pt\/wp-json\/wp\/v2\/media?parent=9915"}],"wp:term":[{"taxonomy":"product_brand","embeddable":true,"href":"https:\/\/lirolight.com\/pt\/wp-json\/wp\/v2\/product_brand?post=9915"},{"taxonomy":"product_cat","embeddable":true,"href":"https:\/\/lirolight.com\/pt\/wp-json\/wp\/v2\/product_cat?post=9915"},{"taxonomy":"product_tag","embeddable":true,"href":"https:\/\/lirolight.com\/pt\/wp-json\/wp\/v2\/product_tag?post=9915"}],"curies":[{"name":"wp","href":"https:\/\/api.w.org\/{rel}","templated":true}]}}